{"id":10975,"date":"2022-01-19T12:54:03","date_gmt":"2022-01-19T11:54:03","guid":{"rendered":"https:\/\/new.tiketi.com\/limo-party-bus-online-booking-bus-tickets-reservation\/"},"modified":"2022-02-16T13:58:54","modified_gmt":"2022-02-16T12:58:54","slug":"limo-party-buses","status":"publish","type":"page","link":"https:\/\/tiketi.com\/fr-fr\/limo-party-buses\/","title":{"rendered":"R\u00e9servation en ligne de bus de f\u00eate limousine, billets de bus, itin\u00e9raires et tarifs"},"content":{"rendered":"<h2>Limo Party Bus R\u00e9servation de billets en ligne Johannesburg, Afrique du Sud<\/h2>\n<h3>D\u00e9couvrez votre itin\u00e9raire de voyage sur le web, le mobile ou l&#039;application et r\u00e9servez d\u00e8s maintenant des billets de bus Limo Party pas chers en ligne.<\/h3>\n<p>La r\u00e9servation en ligne de Limo Party Bus en toute simplicit\u00e9. La soci\u00e9t\u00e9 de bus Limo Party est une charte de bus sud-africaine qui vous aide \u00e0 organiser une f\u00eate \u00e0 sensations fortes en toute s\u00e9curit\u00e9. Ils visent \u00e0 envoyer les devis les plus rapides dans le secteur des bus de f\u00eate limousine \u00e0 Pretoria et \u00e0 Johannesburg. Alors faites la r\u00e9servation de billets en ligne Limo Party Bus maintenant!<\/p>\n<h2>FAQ sur la r\u00e9servation en ligne de Limo Party Bus<\/h2>\n<h3>Quels sont les trajets et les prix des bus Limo Party ?<\/h3>\n<h3>Sp\u00e9cifications du bus de f\u00eate limousine<\/h3>\n<p>Ils contiennent le chauffeur professionnel et sympathique qui d\u00e9tient un permis PDF et le bus de f\u00eate \u00e0 bascule, avec bar, syst\u00e8me de sonorisation, \u00e9crans de t\u00e9l\u00e9vision et \u00e9clairage laser. N&#039;oubliez pas qu&#039;il existe des glaci\u00e8res pour garder la portion importante au frais pendant toute la dur\u00e9e de votre f\u00eate.<\/p>\n<p>Dans la section bar, vous trouverez une large gamme de verres allant du champagne au hi-ball et au verre \u00e0 liqueur.<\/p>\n<h3>Flotte de bus de f\u00eate limousine<\/h3>\n<p>\u2022 Les tailles des limousines sont les suivantes\u00a0:<br \/>\n\u2022 Six places stretch Merc blanc<br \/>\n\u2022 Huit places stretch Merc blanc<br \/>\n\u2022 Huit places stretch Beetle blanc<br \/>\n\u2022 Huit places stretch Chyrsler 300c blanc<br \/>\n\u2022 Classe Merc S stretch 10 places<br \/>\n\u2022 Dix places stretch Merc MLM<br \/>\n\u2022 Territoire blanc Stretch Ford \u00e0 dix places<br \/>\n\u2022 Dix places stretch Chrysler 300c blanc<br \/>\n\u2022 Hummer stretch 12 places H3 blanc<br \/>\n\u2022 Hummer stretch 12 places H3 Gold<br \/>\n\u2022 Douze places Grand Voyager blanc<br \/>\n\u2022 Jeep 12 places blanche<br \/>\n\u2022 Audi Q7 Douze places Blanc<\/p>\n<h2>Quelles sont les coordonn\u00e9es et les coordonn\u00e9es du bureau des bus de f\u00eate Limo ?<\/h2>\n<p>Limousine Party Bus Jhb<br \/>\n252, route principale des r\u00e9cifs<br \/>\nGermiston, JHB, 1401<br \/>\nAfrique du Sud<\/p>\n<h2>Conseils de r\u00e9servation de billets en ligne Limo Party Bus<\/h2>\n<p>Ils fournissent une flotte de limousines, de berlines et de bus de f\u00eate qui sont tous incroyables. Ils sont tous r\u00e9guli\u00e8rement entretenus et nettoy\u00e9s par des professionnels avant chaque \u00e9v\u00e9nement pour garantir le haut niveau de service et votre plus grand plaisir de la journ\u00e9e.<\/p>\n<p>Ils sont r\u00e9put\u00e9s pour avoir les meilleurs bus de f\u00eate limousine de luxe \u00e0 JHB, avec le personnel le plus sympathique, les meilleurs bus de f\u00eate de toutes tailles, \u00e0 d&#039;excellents prix en ville.<\/p>\n<p>Il s&#039;agit d&#039;une soci\u00e9t\u00e9 experte en location de bus limousine bas\u00e9e \u00e0 JHB mais op\u00e9rant dans la grande r\u00e9gion de Pretoria et de Johannesburg pour la location de limousines et la location de bus de f\u00eate \u00e0 Pretoria et JHB.<\/p>","protected":false},"excerpt":{"rendered":"<p>Limo Party Bus\u00a0Online Ticket Booking\u00a0Johannesburg, South Africa Discover your travel route on web, mobile or app and book cheap Limo Party bus tickets online now. Limo Party Bus\u00a0online booking made easy.\u00a0Limo Party bus firm is a South African bus charter which help you have a safe thrill party. They aim to send a fastest quotes [&hellip;]<\/p>\n","protected":false},"author":1,"featured_media":13999,"parent":0,"menu_order":0,"comment_status":"open","ping_status":"closed","template":"template-home-modern.php","meta":{"footnotes":""},"class_list":["post-10975","page","type-page","status-publish","has-post-thumbnail","hentry"],"yoast_head":"<!-- This site is optimized with the Yoast SEO plugin v27.2 - https:\/\/yoast.com\/product\/yoast-seo-wordpress\/ -->\n<title>Limo Party Bus Online Booking, Bus Tickets, Routes &amp; Fares<\/title>\n<meta name=\"description\" content=\"Looking for Limo Party Bus online booking Johannesburg, South Africa, app, contacts, routes, fare and schedule? Make a Limo Party Bus online ticket booking\" \/>\n<meta name=\"robots\" content=\"index, follow, max-snippet:-1, max-image-preview:large, max-video-preview:-1\" \/>\n<link rel=\"canonical\" href=\"https:\/\/tiketi.com\/fr-fr\/limo-party-buses\/\" \/>\n<meta property=\"og:locale\" content=\"fr_FR\" \/>\n<meta property=\"og:type\" content=\"article\" \/>\n<meta property=\"og:title\" content=\"Limo Party Bus Online Booking, Bus Tickets, Routes &amp; Fares\" \/>\n<meta property=\"og:description\" content=\"Looking for Limo Party Bus online booking Johannesburg, South Africa, app, contacts, routes, fare and schedule? Make a Limo Party Bus online ticket booking\" \/>\n<meta property=\"og:url\" content=\"https:\/\/tiketi.com\/fr-fr\/limo-party-buses\/\" \/>\n<meta property=\"og:site_name\" content=\"Tiketi.com\" \/>\n<meta property=\"article:publisher\" content=\"https:\/\/www.facebook.com\/TiketiCom\/\" \/>\n<meta property=\"article:modified_time\" content=\"2022-02-16T12:58:54+00:00\" \/>\n<meta property=\"og:image\" content=\"https:\/\/tiketi.com\/wp-content\/uploads\/2022\/01\/bus-ticket-online-booking.jpg\" \/>\n\t<meta property=\"og:image:width\" content=\"1200\" \/>\n\t<meta property=\"og:image:height\" content=\"206\" \/>\n\t<meta property=\"og:image:type\" content=\"image\/jpeg\" \/>\n<meta name=\"twitter:card\" content=\"summary_large_image\" \/>\n<meta name=\"twitter:label1\" content=\"Dur\u00e9e de lecture estim\u00e9e\" \/>\n\t<meta name=\"twitter:data1\" content=\"2 minutes\" \/>\n<script type=\"application\/ld+json\" class=\"yoast-schema-graph\">{\"@context\":\"https:\/\/schema.org\",\"@graph\":[{\"@type\":\"WebPage\",\"@id\":\"https:\/\/tiketi.com\/en-gb\/limo-party-buses\/\",\"url\":\"https:\/\/tiketi.com\/en-gb\/limo-party-buses\/\",\"name\":\"Limo Party Bus Online Booking, Bus Tickets, Routes & Fares\",\"isPartOf\":{\"@id\":\"https:\/\/tiketi.com\/#website\"},\"primaryImageOfPage\":{\"@id\":\"https:\/\/tiketi.com\/en-gb\/limo-party-buses\/#primaryimage\"},\"image\":{\"@id\":\"https:\/\/tiketi.com\/en-gb\/limo-party-buses\/#primaryimage\"},\"thumbnailUrl\":\"https:\/\/tiketi.com\/wp-content\/uploads\/2022\/01\/bus-ticket-online-booking.jpg\",\"datePublished\":\"2022-01-19T11:54:03+00:00\",\"dateModified\":\"2022-02-16T12:58:54+00:00\",\"description\":\"Looking for Limo Party Bus online booking Johannesburg, South Africa, app, contacts, routes, fare and schedule? Make a Limo Party Bus online ticket booking\",\"breadcrumb\":{\"@id\":\"https:\/\/tiketi.com\/en-gb\/limo-party-buses\/#breadcrumb\"},\"inLanguage\":\"fr-FR\",\"potentialAction\":[{\"@type\":\"ReadAction\",\"target\":[\"https:\/\/tiketi.com\/en-gb\/limo-party-buses\/\"]}]},{\"@type\":\"ImageObject\",\"inLanguage\":\"fr-FR\",\"@id\":\"https:\/\/tiketi.com\/en-gb\/limo-party-buses\/#primaryimage\",\"url\":\"https:\/\/tiketi.com\/wp-content\/uploads\/2022\/01\/bus-ticket-online-booking.jpg\",\"contentUrl\":\"https:\/\/tiketi.com\/wp-content\/uploads\/2022\/01\/bus-ticket-online-booking.jpg\",\"width\":1200,\"height\":206,\"caption\":\"Online Bus Ticket Booking\"},{\"@type\":\"BreadcrumbList\",\"@id\":\"https:\/\/tiketi.com\/en-gb\/limo-party-buses\/#breadcrumb\",\"itemListElement\":[{\"@type\":\"ListItem\",\"position\":1,\"name\":\"Home\",\"item\":\"https:\/\/tiketi.com\/\"},{\"@type\":\"ListItem\",\"position\":2,\"name\":\"Limo Party Bus Online Booking, Bus Tickets, Routes &#038; Fares\"}]},{\"@type\":\"WebSite\",\"@id\":\"https:\/\/tiketi.com\/#website\",\"url\":\"https:\/\/tiketi.com\/\",\"name\":\"Flight & Bus Tickets, Tour Packages & Activitites - Tiketi.com\",\"description\":\"Flight &amp; Bus Tickets, Tours, Activitites\",\"publisher\":{\"@id\":\"https:\/\/tiketi.com\/#organization\"},\"potentialAction\":[{\"@type\":\"SearchAction\",\"target\":{\"@type\":\"EntryPoint\",\"urlTemplate\":\"https:\/\/tiketi.com\/?s={search_term_string}\"},\"query-input\":{\"@type\":\"PropertyValueSpecification\",\"valueRequired\":true,\"valueName\":\"search_term_string\"}}],\"inLanguage\":\"fr-FR\"},{\"@type\":\"Organization\",\"@id\":\"https:\/\/tiketi.com\/#organization\",\"name\":\"Tiketi.com\",\"alternateName\":\"Tiketi\",\"url\":\"https:\/\/tiketi.com\/\",\"logo\":{\"@type\":\"ImageObject\",\"inLanguage\":\"fr-FR\",\"@id\":\"https:\/\/tiketi.com\/#\/schema\/logo\/image\/\",\"url\":\"https:\/\/tiketi.com\/wp-content\/uploads\/2019\/05\/tiketi-logo-696.png\",\"contentUrl\":\"https:\/\/tiketi.com\/wp-content\/uploads\/2019\/05\/tiketi-logo-696.png\",\"width\":696,\"height\":696,\"caption\":\"Tiketi.com\"},\"image\":{\"@id\":\"https:\/\/tiketi.com\/#\/schema\/logo\/image\/\"},\"sameAs\":[\"https:\/\/www.facebook.com\/TiketiCom\/\"]}]}<\/script>\n<!-- \/ Yoast SEO plugin. -->","yoast_head_json":{"title":"R\u00e9servation en ligne de bus de f\u00eate limousine, billets de bus, itin\u00e9raires et tarifs","description":"Vous recherchez une r\u00e9servation en ligne de Limo Party Bus Johannesburg, Afrique du Sud, une application, des contacts, des itin\u00e9raires, des tarifs et des horaires? Faire une r\u00e9servation de billet en ligne Limo Party Bus","robots":{"index":"index","follow":"follow","max-snippet":"max-snippet:-1","max-image-preview":"max-image-preview:large","max-video-preview":"max-video-preview:-1"},"canonical":"https:\/\/tiketi.com\/fr-fr\/limo-party-buses\/","og_locale":"fr_FR","og_type":"article","og_title":"Limo Party Bus Online Booking, Bus Tickets, Routes & Fares","og_description":"Looking for Limo Party Bus online booking Johannesburg, South Africa, app, contacts, routes, fare and schedule? Make a Limo Party Bus online ticket booking","og_url":"https:\/\/tiketi.com\/fr-fr\/limo-party-buses\/","og_site_name":"Tiketi.com","article_publisher":"https:\/\/www.facebook.com\/TiketiCom\/","article_modified_time":"2022-02-16T12:58:54+00:00","og_image":[{"width":1200,"height":206,"url":"https:\/\/tiketi.com\/wp-content\/uploads\/2022\/01\/bus-ticket-online-booking.jpg","type":"image\/jpeg"}],"twitter_card":"summary_large_image","twitter_misc":{"Dur\u00e9e de lecture estim\u00e9e":"2 minutes"},"schema":{"@context":"https:\/\/schema.org","@graph":[{"@type":"WebPage","@id":"https:\/\/tiketi.com\/en-gb\/limo-party-buses\/","url":"https:\/\/tiketi.com\/en-gb\/limo-party-buses\/","name":"R\u00e9servation en ligne de bus de f\u00eate limousine, billets de bus, itin\u00e9raires et tarifs","isPartOf":{"@id":"https:\/\/tiketi.com\/#website"},"primaryImageOfPage":{"@id":"https:\/\/tiketi.com\/en-gb\/limo-party-buses\/#primaryimage"},"image":{"@id":"https:\/\/tiketi.com\/en-gb\/limo-party-buses\/#primaryimage"},"thumbnailUrl":"https:\/\/tiketi.com\/wp-content\/uploads\/2022\/01\/bus-ticket-online-booking.jpg","datePublished":"2022-01-19T11:54:03+00:00","dateModified":"2022-02-16T12:58:54+00:00","description":"Vous recherchez une r\u00e9servation en ligne de Limo Party Bus Johannesburg, Afrique du Sud, une application, des contacts, des itin\u00e9raires, des tarifs et des horaires? Faire une r\u00e9servation de billet en ligne Limo Party Bus","breadcrumb":{"@id":"https:\/\/tiketi.com\/en-gb\/limo-party-buses\/#breadcrumb"},"inLanguage":"fr-FR","potentialAction":[{"@type":"ReadAction","target":["https:\/\/tiketi.com\/en-gb\/limo-party-buses\/"]}]},{"@type":"ImageObject","inLanguage":"fr-FR","@id":"https:\/\/tiketi.com\/en-gb\/limo-party-buses\/#primaryimage","url":"https:\/\/tiketi.com\/wp-content\/uploads\/2022\/01\/bus-ticket-online-booking.jpg","contentUrl":"https:\/\/tiketi.com\/wp-content\/uploads\/2022\/01\/bus-ticket-online-booking.jpg","width":1200,"height":206,"caption":"Online Bus Ticket Booking"},{"@type":"BreadcrumbList","@id":"https:\/\/tiketi.com\/en-gb\/limo-party-buses\/#breadcrumb","itemListElement":[{"@type":"ListItem","position":1,"name":"Home","item":"https:\/\/tiketi.com\/"},{"@type":"ListItem","position":2,"name":"Limo Party Bus Online Booking, Bus Tickets, Routes &#038; Fares"}]},{"@type":"WebSite","@id":"https:\/\/tiketi.com\/#website","url":"https:\/\/tiketi.com\/","name":"Billets d&#039;avion et de bus, forfaits touristiques et activit\u00e9s - Tiketi.com","description":"Billets d&#039;avion et de bus, Tours, Activit\u00e9s","publisher":{"@id":"https:\/\/tiketi.com\/#organization"},"potentialAction":[{"@type":"SearchAction","target":{"@type":"EntryPoint","urlTemplate":"https:\/\/tiketi.com\/?s={search_term_string}"},"query-input":{"@type":"PropertyValueSpecification","valueRequired":true,"valueName":"search_term_string"}}],"inLanguage":"fr-FR"},{"@type":"Organization","@id":"https:\/\/tiketi.com\/#organization","name":"Tiketi.com","alternateName":"Tiketi","url":"https:\/\/tiketi.com\/","logo":{"@type":"ImageObject","inLanguage":"fr-FR","@id":"https:\/\/tiketi.com\/#\/schema\/logo\/image\/","url":"https:\/\/tiketi.com\/wp-content\/uploads\/2019\/05\/tiketi-logo-696.png","contentUrl":"https:\/\/tiketi.com\/wp-content\/uploads\/2019\/05\/tiketi-logo-696.png","width":696,"height":696,"caption":"Tiketi.com"},"image":{"@id":"https:\/\/tiketi.com\/#\/schema\/logo\/image\/"},"sameAs":["https:\/\/www.facebook.com\/TiketiCom\/"]}]}},"_links":{"self":[{"href":"https:\/\/tiketi.com\/fr-fr\/wp-json\/wp\/v2\/pages\/10975","targetHints":{"allow":["GET"]}}],"collection":[{"href":"https:\/\/tiketi.com\/fr-fr\/wp-json\/wp\/v2\/pages"}],"about":[{"href":"https:\/\/tiketi.com\/fr-fr\/wp-json\/wp\/v2\/types\/page"}],"author":[{"embeddable":true,"href":"https:\/\/tiketi.com\/fr-fr\/wp-json\/wp\/v2\/users\/1"}],"replies":[{"embeddable":true,"href":"https:\/\/tiketi.com\/fr-fr\/wp-json\/wp\/v2\/comments?post=10975"}],"version-history":[{"count":0,"href":"https:\/\/tiketi.com\/fr-fr\/wp-json\/wp\/v2\/pages\/10975\/revisions"}],"wp:featuredmedia":[{"embeddable":true,"href":"https:\/\/tiketi.com\/fr-fr\/wp-json\/wp\/v2\/media\/13999"}],"wp:attachment":[{"href":"https:\/\/tiketi.com\/fr-fr\/wp-json\/wp\/v2\/media?parent=10975"}],"curies":[{"name":"wp","href":"https:\/\/api.w.org\/{rel}","templated":true}]}}