{"id":10976,"date":"2022-01-19T12:54:03","date_gmt":"2022-01-19T11:54:03","guid":{"rendered":"https:\/\/new.tiketi.com\/impala-private-shuttle-online-booking-bus-tickets-reservation\/"},"modified":"2023-02-27T17:14:23","modified_gmt":"2023-02-27T16:14:23","slug":"impala-shuttle","status":"publish","type":"page","link":"https:\/\/tiketi.com\/fr-fr\/companies\/buses\/impala-shuttle\/","title":{"rendered":"Impala Shuttle R\u00e9servation en ligne, billets, tarifs, horaires et itin\u00e9raire"},"content":{"rendered":"<h2>R\u00e9servation de billets en ligne pas cher pour la navette Impala<\/h2>\n<h3>R\u00e9servez vos billets de bus Impala Shuttle \u00e0 petit prix en ligne d\u00e8s maintenant.<\/h3>\n<p>Impala Shuttle r\u00e9servation en ligne facile. Les services de navette Impala sont un service de bus qui assure les transferts depuis l&#039;h\u00f4tel Parkside, l&#039;h\u00f4tel de la ville de Nairobi, le service d&#039;offre de prise en charge Jkia. Un endroit parfait pour attendre ou passer par les manutentionnaires domestiques. Cela garantit \u00e0 tous les clients la s\u00e9curit\u00e9 et la tranquillit\u00e9 d&#039;esprit des autres usagers de la route. Faites de m\u00eame pour la r\u00e9servation de billets en ligne Impala Shuttle d\u00e8s maintenant !<\/p>\n<h2>FAQ sur la r\u00e9servation en ligne, les billets, les tarifs, les horaires et l&#039;itin\u00e9raire de la navette Impala Shuttle<\/h2>\n<h3>Quels sont les trajets et les prix des bus Impala Shuttle ?<\/h3>\n<h3>Transferts en navette de Nairobi \u00e0 Arusha et Moshi<\/h3>\n<p>Outre leur navette r\u00e9guli\u00e8re quotidienne, les services de navette Impala proposent \u00e9galement des services de transfert avec leur v\u00e9hicule de salon et \u00e9galement un mini bus. Que vous ayez besoin de leurs services pour le transfert entre Moshi Urban et la ville de Nairobi, contactez-les simplement avec les d\u00e9tails de l&#039;offre \u00e0 la fin du message.<\/p>\n<h3>D\u00e9parts et prix de la navette Impala<\/h3>\n<p>D\u00e9parts des navettes 08h00 et 02h00 tous les jours Navette de luxe d&#039;Arusha Kenya Navette de Tanzanie entre Moshi, Arusha et Nairobi depuis l&#039;a\u00e9roport de Nairobi ou les h\u00f4tels de la ville couverts Namanga, Moshi, Arusha, Nairobi, Maragu navette de luxe \u00e0 Arusha et ils d\u00e9posent \u00e0 h\u00f4tel impala.<\/p>\n<p>Environ cinq heures de voyage de Nairobi \u00e0 Arusha et six heures de voyage de Nairobi \u00e0 Moshi, les prix de la navette sont\u00a0; Nairobi Arusha US $30 Nairobi Moshi $35 Le prix comprend les prises en charge gratuites dans les h\u00f4tels de la ville \u00e0 moins de trois kilom\u00e8tres de leurs points de prise en charge.<\/p>\n<p>\u2022 Nairobi \u00e0 Arusha US $30 aller simple, retour $60 US<br \/>\n\u2022 Nairobi \u00e0 Marangu us $80 ou retour<\/p>\n<p>Le trajet de transfert des navettes Kenya Tanzanie sur la route Arusha Nairobi Moshi Marangu dure environ cinq heures de Nairobi \u00e0 Arusha et six heures de Nairobi \u00e0 la navette Moshi.<\/p>\n<h3>Transferts en navette de Nairobi \u00e0 Arusha<\/h3>\n<p>Ils ont \u00e9galement des transferts quotidiens en navette de luxe de Nairobi \u00e0 Arusha \u00e0 des prix \u00e9quitables. Leurs navettes sont de vingt-cinq personnes avec climatisation compl\u00e8te et plaisir \u00e0 bord comme de la bonne musique.<\/p>\n<p>Ces navettes peuvent vous d\u00e9poser\/prendre en charge \u00e0 n&#039;importe quel endroit le long de la route de Nairobi \u00e0 Moshi sans aucune perturbation.<\/p>\n<h2>Impala Shuttle Conseils de r\u00e9servation de billets en ligne<\/h2>\n<h3>Quelles sont les coordonn\u00e9es et les coordonn\u00e9es du bureau des services Impala Shuttle\u00a0?<\/h3>\n<p>Nairobi, Kenya<\/p>\n<p>Arusha, Tanzanie<\/p>","protected":false},"excerpt":{"rendered":"<p>Cheap Impala Shuttle\u00a0Online Ticket Booking Reserve your cheap Impala Shuttle bus tickets online now. Impala Shuttle online booking made easy. Impala shuttle services is a bus service which provides transfers from parkside hotel, Nairobi city hotel, Jkia pick and drop offer service. A perfect location to wait or get by domestic handlers. This make sure [&hellip;]<\/p>\n","protected":false},"author":1,"featured_media":13999,"parent":25524,"menu_order":0,"comment_status":"open","ping_status":"closed","template":"template-home-modern.php","meta":{"footnotes":""},"class_list":["post-10976","page","type-page","status-publish","has-post-thumbnail","hentry"],"yoast_head":"<!-- This site is optimized with the Yoast SEO plugin v27.2 - https:\/\/yoast.com\/product\/yoast-seo-wordpress\/ -->\n<title>Impala Private Shuttle Online Booking, Fares, Schedule &amp; Routes<\/title>\n<meta name=\"description\" content=\"Looking for Impala Private Shuttle online booking, app, tickets, fare, schedule &amp; route? Make a Impala Private Shuttle online ticket booking now\" \/>\n<meta name=\"robots\" content=\"index, follow, max-snippet:-1, max-image-preview:large, max-video-preview:-1\" \/>\n<link rel=\"canonical\" href=\"https:\/\/tiketi.com\/fr-fr\/companies\/buses\/impala-shuttle\/\" \/>\n<meta property=\"og:locale\" content=\"fr_FR\" \/>\n<meta property=\"og:type\" content=\"article\" \/>\n<meta property=\"og:title\" content=\"Impala Private Shuttle Online Booking, Fares, Schedule &amp; Routes\" \/>\n<meta property=\"og:description\" content=\"Looking for Impala Private Shuttle online booking, app, tickets, fare, schedule &amp; route? Make a Impala Private Shuttle online ticket booking now\" \/>\n<meta property=\"og:url\" content=\"https:\/\/tiketi.com\/fr-fr\/companies\/buses\/impala-shuttle\/\" \/>\n<meta property=\"og:site_name\" content=\"Tiketi.com\" \/>\n<meta property=\"article:publisher\" content=\"https:\/\/www.facebook.com\/TiketiCom\/\" \/>\n<meta property=\"article:modified_time\" content=\"2023-02-27T16:14:23+00:00\" \/>\n<meta property=\"og:image\" content=\"https:\/\/tiketi.com\/wp-content\/uploads\/2022\/01\/bus-ticket-online-booking.jpg\" \/>\n\t<meta property=\"og:image:width\" content=\"1200\" \/>\n\t<meta property=\"og:image:height\" content=\"206\" \/>\n\t<meta property=\"og:image:type\" content=\"image\/jpeg\" \/>\n<meta name=\"twitter:card\" content=\"summary_large_image\" \/>\n<meta name=\"twitter:label1\" content=\"Dur\u00e9e de lecture estim\u00e9e\" \/>\n\t<meta name=\"twitter:data1\" content=\"2 minutes\" \/>\n<script type=\"application\/ld+json\" class=\"yoast-schema-graph\">{\"@context\":\"https:\/\/schema.org\",\"@graph\":[{\"@type\":\"WebPage\",\"@id\":\"https:\/\/tiketi.com\/companies\/buses\/impala-shuttle\/\",\"url\":\"https:\/\/tiketi.com\/companies\/buses\/impala-shuttle\/\",\"name\":\"Impala Private Shuttle Online Booking, Fares, Schedule & Routes\",\"isPartOf\":{\"@id\":\"https:\/\/tiketi.com\/#website\"},\"primaryImageOfPage\":{\"@id\":\"https:\/\/tiketi.com\/companies\/buses\/impala-shuttle\/#primaryimage\"},\"image\":{\"@id\":\"https:\/\/tiketi.com\/companies\/buses\/impala-shuttle\/#primaryimage\"},\"thumbnailUrl\":\"https:\/\/tiketi.com\/wp-content\/uploads\/2022\/01\/bus-ticket-online-booking.jpg\",\"datePublished\":\"2022-01-19T11:54:03+00:00\",\"dateModified\":\"2023-02-27T16:14:23+00:00\",\"description\":\"Looking for Impala Private Shuttle online booking, app, tickets, fare, schedule & route? Make a Impala Private Shuttle online ticket booking now\",\"breadcrumb\":{\"@id\":\"https:\/\/tiketi.com\/companies\/buses\/impala-shuttle\/#breadcrumb\"},\"inLanguage\":\"fr-FR\",\"potentialAction\":[{\"@type\":\"ReadAction\",\"target\":[\"https:\/\/tiketi.com\/companies\/buses\/impala-shuttle\/\"]}]},{\"@type\":\"ImageObject\",\"inLanguage\":\"fr-FR\",\"@id\":\"https:\/\/tiketi.com\/companies\/buses\/impala-shuttle\/#primaryimage\",\"url\":\"https:\/\/tiketi.com\/wp-content\/uploads\/2022\/01\/bus-ticket-online-booking.jpg\",\"contentUrl\":\"https:\/\/tiketi.com\/wp-content\/uploads\/2022\/01\/bus-ticket-online-booking.jpg\",\"width\":1200,\"height\":206,\"caption\":\"Online Bus Ticket Booking\"},{\"@type\":\"BreadcrumbList\",\"@id\":\"https:\/\/tiketi.com\/companies\/buses\/impala-shuttle\/#breadcrumb\",\"itemListElement\":[{\"@type\":\"ListItem\",\"position\":1,\"name\":\"Home\",\"item\":\"https:\/\/tiketi.com\/\"},{\"@type\":\"ListItem\",\"position\":2,\"name\":\"Companies\",\"item\":\"https:\/\/tiketi.com\/companies\/\"},{\"@type\":\"ListItem\",\"position\":3,\"name\":\"Buses\",\"item\":\"https:\/\/tiketi.com\/companies\/buses\/\"},{\"@type\":\"ListItem\",\"position\":4,\"name\":\"Impala Shuttle Online Booking, Tickets, Fare, Schedule &#038; Route\"}]},{\"@type\":\"WebSite\",\"@id\":\"https:\/\/tiketi.com\/#website\",\"url\":\"https:\/\/tiketi.com\/\",\"name\":\"Flight & Bus Tickets, Tour Packages & Activitites - Tiketi.com\",\"description\":\"Flight &amp; Bus Tickets, Tours, Activitites\",\"publisher\":{\"@id\":\"https:\/\/tiketi.com\/#organization\"},\"potentialAction\":[{\"@type\":\"SearchAction\",\"target\":{\"@type\":\"EntryPoint\",\"urlTemplate\":\"https:\/\/tiketi.com\/?s={search_term_string}\"},\"query-input\":{\"@type\":\"PropertyValueSpecification\",\"valueRequired\":true,\"valueName\":\"search_term_string\"}}],\"inLanguage\":\"fr-FR\"},{\"@type\":\"Organization\",\"@id\":\"https:\/\/tiketi.com\/#organization\",\"name\":\"Tiketi.com\",\"alternateName\":\"Tiketi\",\"url\":\"https:\/\/tiketi.com\/\",\"logo\":{\"@type\":\"ImageObject\",\"inLanguage\":\"fr-FR\",\"@id\":\"https:\/\/tiketi.com\/#\/schema\/logo\/image\/\",\"url\":\"https:\/\/tiketi.com\/wp-content\/uploads\/2019\/05\/tiketi-logo-696.png\",\"contentUrl\":\"https:\/\/tiketi.com\/wp-content\/uploads\/2019\/05\/tiketi-logo-696.png\",\"width\":696,\"height\":696,\"caption\":\"Tiketi.com\"},\"image\":{\"@id\":\"https:\/\/tiketi.com\/#\/schema\/logo\/image\/\"},\"sameAs\":[\"https:\/\/www.facebook.com\/TiketiCom\/\"]}]}<\/script>\n<!-- \/ Yoast SEO plugin. -->","yoast_head_json":{"title":"Impala Private Shuttle R\u00e9servation en ligne, tarifs, horaires et itin\u00e9raires","description":"Vous recherchez une r\u00e9servation en ligne Impala Private Shuttle, une application, des billets, un tarif, un horaire et un itin\u00e9raire\u00a0? Faites une r\u00e9servation en ligne de billets Impala Private Shuttle maintenant","robots":{"index":"index","follow":"follow","max-snippet":"max-snippet:-1","max-image-preview":"max-image-preview:large","max-video-preview":"max-video-preview:-1"},"canonical":"https:\/\/tiketi.com\/fr-fr\/companies\/buses\/impala-shuttle\/","og_locale":"fr_FR","og_type":"article","og_title":"Impala Private Shuttle Online Booking, Fares, Schedule & Routes","og_description":"Looking for Impala Private Shuttle online booking, app, tickets, fare, schedule & route? Make a Impala Private Shuttle online ticket booking now","og_url":"https:\/\/tiketi.com\/fr-fr\/companies\/buses\/impala-shuttle\/","og_site_name":"Tiketi.com","article_publisher":"https:\/\/www.facebook.com\/TiketiCom\/","article_modified_time":"2023-02-27T16:14:23+00:00","og_image":[{"width":1200,"height":206,"url":"https:\/\/tiketi.com\/wp-content\/uploads\/2022\/01\/bus-ticket-online-booking.jpg","type":"image\/jpeg"}],"twitter_card":"summary_large_image","twitter_misc":{"Dur\u00e9e de lecture estim\u00e9e":"2 minutes"},"schema":{"@context":"https:\/\/schema.org","@graph":[{"@type":"WebPage","@id":"https:\/\/tiketi.com\/companies\/buses\/impala-shuttle\/","url":"https:\/\/tiketi.com\/companies\/buses\/impala-shuttle\/","name":"Impala Private Shuttle R\u00e9servation en ligne, tarifs, horaires et itin\u00e9raires","isPartOf":{"@id":"https:\/\/tiketi.com\/#website"},"primaryImageOfPage":{"@id":"https:\/\/tiketi.com\/companies\/buses\/impala-shuttle\/#primaryimage"},"image":{"@id":"https:\/\/tiketi.com\/companies\/buses\/impala-shuttle\/#primaryimage"},"thumbnailUrl":"https:\/\/tiketi.com\/wp-content\/uploads\/2022\/01\/bus-ticket-online-booking.jpg","datePublished":"2022-01-19T11:54:03+00:00","dateModified":"2023-02-27T16:14:23+00:00","description":"Vous recherchez une r\u00e9servation en ligne Impala Private Shuttle, une application, des billets, un tarif, un horaire et un itin\u00e9raire\u00a0? Faites une r\u00e9servation en ligne de billets Impala Private Shuttle maintenant","breadcrumb":{"@id":"https:\/\/tiketi.com\/companies\/buses\/impala-shuttle\/#breadcrumb"},"inLanguage":"fr-FR","potentialAction":[{"@type":"ReadAction","target":["https:\/\/tiketi.com\/companies\/buses\/impala-shuttle\/"]}]},{"@type":"ImageObject","inLanguage":"fr-FR","@id":"https:\/\/tiketi.com\/companies\/buses\/impala-shuttle\/#primaryimage","url":"https:\/\/tiketi.com\/wp-content\/uploads\/2022\/01\/bus-ticket-online-booking.jpg","contentUrl":"https:\/\/tiketi.com\/wp-content\/uploads\/2022\/01\/bus-ticket-online-booking.jpg","width":1200,"height":206,"caption":"Online Bus Ticket Booking"},{"@type":"BreadcrumbList","@id":"https:\/\/tiketi.com\/companies\/buses\/impala-shuttle\/#breadcrumb","itemListElement":[{"@type":"ListItem","position":1,"name":"Home","item":"https:\/\/tiketi.com\/"},{"@type":"ListItem","position":2,"name":"Companies","item":"https:\/\/tiketi.com\/companies\/"},{"@type":"ListItem","position":3,"name":"Buses","item":"https:\/\/tiketi.com\/companies\/buses\/"},{"@type":"ListItem","position":4,"name":"Impala Shuttle Online Booking, Tickets, Fare, Schedule &#038; Route"}]},{"@type":"WebSite","@id":"https:\/\/tiketi.com\/#website","url":"https:\/\/tiketi.com\/","name":"Billets d&#039;avion et de bus, forfaits touristiques et activit\u00e9s - Tiketi.com","description":"Billets d&#039;avion et de bus, Tours, Activit\u00e9s","publisher":{"@id":"https:\/\/tiketi.com\/#organization"},"potentialAction":[{"@type":"SearchAction","target":{"@type":"EntryPoint","urlTemplate":"https:\/\/tiketi.com\/?s={search_term_string}"},"query-input":{"@type":"PropertyValueSpecification","valueRequired":true,"valueName":"search_term_string"}}],"inLanguage":"fr-FR"},{"@type":"Organization","@id":"https:\/\/tiketi.com\/#organization","name":"Tiketi.com","alternateName":"Tiketi","url":"https:\/\/tiketi.com\/","logo":{"@type":"ImageObject","inLanguage":"fr-FR","@id":"https:\/\/tiketi.com\/#\/schema\/logo\/image\/","url":"https:\/\/tiketi.com\/wp-content\/uploads\/2019\/05\/tiketi-logo-696.png","contentUrl":"https:\/\/tiketi.com\/wp-content\/uploads\/2019\/05\/tiketi-logo-696.png","width":696,"height":696,"caption":"Tiketi.com"},"image":{"@id":"https:\/\/tiketi.com\/#\/schema\/logo\/image\/"},"sameAs":["https:\/\/www.facebook.com\/TiketiCom\/"]}]}},"_links":{"self":[{"href":"https:\/\/tiketi.com\/fr-fr\/wp-json\/wp\/v2\/pages\/10976","targetHints":{"allow":["GET"]}}],"collection":[{"href":"https:\/\/tiketi.com\/fr-fr\/wp-json\/wp\/v2\/pages"}],"about":[{"href":"https:\/\/tiketi.com\/fr-fr\/wp-json\/wp\/v2\/types\/page"}],"author":[{"embeddable":true,"href":"https:\/\/tiketi.com\/fr-fr\/wp-json\/wp\/v2\/users\/1"}],"replies":[{"embeddable":true,"href":"https:\/\/tiketi.com\/fr-fr\/wp-json\/wp\/v2\/comments?post=10976"}],"version-history":[{"count":0,"href":"https:\/\/tiketi.com\/fr-fr\/wp-json\/wp\/v2\/pages\/10976\/revisions"}],"up":[{"embeddable":true,"href":"https:\/\/tiketi.com\/fr-fr\/wp-json\/wp\/v2\/pages\/25524"}],"wp:featuredmedia":[{"embeddable":true,"href":"https:\/\/tiketi.com\/fr-fr\/wp-json\/wp\/v2\/media\/13999"}],"wp:attachment":[{"href":"https:\/\/tiketi.com\/fr-fr\/wp-json\/wp\/v2\/media?parent=10976"}],"curies":[{"name":"wp","href":"https:\/\/api.w.org\/{rel}","templated":true}]}}