{"id":10977,"date":"2022-01-19T12:54:03","date_gmt":"2022-01-19T11:54:03","guid":{"rendered":"https:\/\/new.tiketi.com\/lim-safari-bus-online-booking-bus-tickets-reservation\/"},"modified":"2022-02-16T13:51:31","modified_gmt":"2022-02-16T12:51:31","slug":"lim-safari-buses","status":"publish","type":"page","link":"https:\/\/tiketi.com\/fr-fr\/lim-safari-buses\/","title":{"rendered":"Lim Safari Bus R\u00e9servation en ligne, billets de bus, itin\u00e9raire, horaires et tarifs"},"content":{"rendered":"<h2>Lim Safari R\u00e9servation de billets en ligne Tanzanie<\/h2>\n<h3>D\u00e9couvrez votre itin\u00e9raire de voyage sur le web, le mobile ou l&#039;application et r\u00e9servez d\u00e8s maintenant des billets de bus Lim Safari pas chers en ligne.<\/h3>\n<p>La r\u00e9servation en ligne de Lim Safari Bus en toute simplicit\u00e9. Lim safari est une entreprise de bus interurbains pour passagers bas\u00e9e \u00e0 Moshi Urban, ils sont dans l&#039;industrie depuis plus de quinze ans en tant que bus interurbains nationaux avant d&#039;\u00e9tendre leurs services \u00e0 l&#039;interurbain de Moshi \u00e0 d&#039;autres villes et villages comme Arusha, Dar es Salaam et Morogoro. Alors faites la r\u00e9servation de billets en ligne Lim Safari maintenant!<\/p>\n<h2>FAQ sur la r\u00e9servation en ligne de Lim Safari Bus<\/h2>\n<h3>Quels sont les trajets et les prix des bus Lim Safari ?<\/h3>\n<p>\u2022 Arusha \u00e0 Morogoro via Chalinze<br \/>\n\u2022 Arusha \u00e0 Dar es Salaam via Moshi<br \/>\n\u2022 Moshi \u00e0 Arusha via Bomangombe<\/p>\n<h3>Ligne de service de bus Lim Safari<\/h3>\n<p>C&#039;est l&#039;une des meilleures compagnies de bus sur les routes du Nord qui propose un transport quotidien de passagers d&#039;Arusha et de Moshi vers d&#039;autres villes et r\u00e9gions de Tanzanie. Leurs itin\u00e9raires de base sont Arusha \u00e0 Dar es Salaam et Arusha \u00e0 Morogoro. Ils ont un d\u00e9part le matin pour ces itin\u00e9raires, mais ils ont \u00e9galement un d\u00e9part le soir et l&#039;apr\u00e8s-midi pour les itin\u00e9raires de Moshi \u00e0 Arusha et de Moshi vers d&#039;autres villes voisines.<\/p>\n<p>Lim Safari fait \u00e9galement transiter des colis \u00e0 des prix \u00e9quitables pour tous leurs clients. Le prix des colis d\u00e9pend de la taille, de la nature et du poids des colis respectifs.<\/p>\n<h3>Quelles sont les coordonn\u00e9es et les coordonn\u00e9es du bureau des bus Lim Safari\u00a0?<\/h3>\n<p>LIM Safaris Co. Ltd<\/p>\n<p>Si\u00e8ge social Moshi<br \/>\nCase postale 1747<br \/>\nMorogoro<\/p>\n<h2>Conseils de r\u00e9servation de billets en ligne Lim Safari<\/h2>\n<p>Lim Safari se soucie toujours le plus de la satisfaction de ses passagers. Ils ont une meilleure gestion qui am\u00e8ne leurs employ\u00e9s \u00e0 s&#039;assurer qu&#039;ils fournissent ce que les clients attendent d&#039;eux, vous pouvez voyager avec eux d&#039;Arusha \u00e0 Dar es Salaam via Bagamoya et Moshi ainsi qu&#039;Arusha \u00e0 Morogoro via Moshi et Msolwa Chalinze.<\/p>\n<p>Ils poss\u00e8dent une flotte relaxante et moderne des fabricants de bus chinois, ils ont des mod\u00e8les de bus chinois Higher et Yutong. Tous leurs bus sont propres et g\u00e9r\u00e9s par un personnel bien form\u00e9 pour s&#039;assurer que vous voyagez dans un style confortable.<\/p>","protected":false},"excerpt":{"rendered":"<p>Lim Safari&nbsp;Online Ticket Booking&nbsp;Tanzania Discover your travel route on web, mobile or app and book cheap Lim Safari bus tickets online now. Lim Safari&nbsp;Bus&nbsp;online booking made easy. Lim safari is a passenger intercity bus firm which based in Moshi Urban, they have been in the industry for more than fifteen years serving as domestic intercity [&hellip;]<\/p>\n","protected":false},"author":1,"featured_media":13999,"parent":0,"menu_order":0,"comment_status":"open","ping_status":"closed","template":"template-home-modern.php","meta":{"footnotes":""},"class_list":["post-10977","page","type-page","status-publish","has-post-thumbnail","hentry"],"yoast_head":"<!-- This site is optimized with the Yoast SEO plugin v27.5 - https:\/\/yoast.com\/product\/yoast-seo-wordpress\/ -->\n<title>Lim Safari Bus Online Booking, Bus Tickets, Route, Schedule &amp; Fare<\/title>\n<meta name=\"description\" content=\"Looking for Lim Safari\u00a0Bus\u00a0online booking, app, contacts, bus routes, fare and schedule? Make a cheap Lim Safari\u00a0online ticket booking now\" \/>\n<meta name=\"robots\" content=\"index, follow, max-snippet:-1, max-image-preview:large, max-video-preview:-1\" \/>\n<link rel=\"canonical\" href=\"https:\/\/tiketi.com\/fr-fr\/lim-safari-buses\/\" \/>\n<meta property=\"og:locale\" content=\"fr_FR\" \/>\n<meta property=\"og:type\" content=\"article\" \/>\n<meta property=\"og:title\" content=\"Lim Safari Bus Online Booking, Bus Tickets, Route, Schedule &amp; Fare\" \/>\n<meta property=\"og:description\" content=\"Looking for Lim Safari\u00a0Bus\u00a0online booking, app, contacts, bus routes, fare and schedule? Make a cheap Lim Safari\u00a0online ticket booking now\" \/>\n<meta property=\"og:url\" content=\"https:\/\/tiketi.com\/fr-fr\/lim-safari-buses\/\" \/>\n<meta property=\"og:site_name\" content=\"Tiketi.com\" \/>\n<meta property=\"article:publisher\" content=\"https:\/\/www.facebook.com\/TiketiCom\/\" \/>\n<meta property=\"article:modified_time\" content=\"2022-02-16T12:51:31+00:00\" \/>\n<meta property=\"og:image\" content=\"https:\/\/tiketi.com\/wp-content\/uploads\/2022\/01\/bus-ticket-online-booking.jpg\" \/>\n\t<meta property=\"og:image:width\" content=\"1200\" \/>\n\t<meta property=\"og:image:height\" content=\"206\" \/>\n\t<meta property=\"og:image:type\" content=\"image\/jpeg\" \/>\n<meta name=\"twitter:card\" content=\"summary_large_image\" \/>\n<meta name=\"twitter:label1\" content=\"Dur\u00e9e de lecture estim\u00e9e\" \/>\n\t<meta name=\"twitter:data1\" content=\"2 minutes\" \/>\n<script type=\"application\/ld+json\" class=\"yoast-schema-graph\">{\"@context\":\"https:\\\/\\\/schema.org\",\"@graph\":[{\"@type\":\"WebPage\",\"@id\":\"https:\\\/\\\/tiketi.com\\\/lim-safari-buses\\\/\",\"url\":\"https:\\\/\\\/tiketi.com\\\/lim-safari-buses\\\/\",\"name\":\"Lim Safari Bus Online Booking, Bus Tickets, Route, Schedule & Fare\",\"isPartOf\":{\"@id\":\"https:\\\/\\\/tiketi.com\\\/#website\"},\"primaryImageOfPage\":{\"@id\":\"https:\\\/\\\/tiketi.com\\\/lim-safari-buses\\\/#primaryimage\"},\"image\":{\"@id\":\"https:\\\/\\\/tiketi.com\\\/lim-safari-buses\\\/#primaryimage\"},\"thumbnailUrl\":\"https:\\\/\\\/tiketi.com\\\/wp-content\\\/uploads\\\/2022\\\/01\\\/bus-ticket-online-booking.jpg\",\"datePublished\":\"2022-01-19T11:54:03+00:00\",\"dateModified\":\"2022-02-16T12:51:31+00:00\",\"description\":\"Looking for Lim Safari\u00a0Bus\u00a0online booking, app, contacts, bus routes, fare and schedule? Make a cheap Lim Safari\u00a0online ticket booking now\",\"breadcrumb\":{\"@id\":\"https:\\\/\\\/tiketi.com\\\/lim-safari-buses\\\/#breadcrumb\"},\"inLanguage\":\"fr-FR\",\"potentialAction\":[{\"@type\":\"ReadAction\",\"target\":[\"https:\\\/\\\/tiketi.com\\\/lim-safari-buses\\\/\"]}]},{\"@type\":\"ImageObject\",\"inLanguage\":\"fr-FR\",\"@id\":\"https:\\\/\\\/tiketi.com\\\/lim-safari-buses\\\/#primaryimage\",\"url\":\"https:\\\/\\\/tiketi.com\\\/wp-content\\\/uploads\\\/2022\\\/01\\\/bus-ticket-online-booking.jpg\",\"contentUrl\":\"https:\\\/\\\/tiketi.com\\\/wp-content\\\/uploads\\\/2022\\\/01\\\/bus-ticket-online-booking.jpg\",\"width\":1200,\"height\":206,\"caption\":\"Online Bus Ticket Booking\"},{\"@type\":\"BreadcrumbList\",\"@id\":\"https:\\\/\\\/tiketi.com\\\/lim-safari-buses\\\/#breadcrumb\",\"itemListElement\":[{\"@type\":\"ListItem\",\"position\":1,\"name\":\"Home\",\"item\":\"https:\\\/\\\/tiketi.com\\\/\"},{\"@type\":\"ListItem\",\"position\":2,\"name\":\"Lim Safari Bus Online Booking, Bus Tickets, Route, Schedule &#038; Fare\"}]},{\"@type\":\"WebSite\",\"@id\":\"https:\\\/\\\/tiketi.com\\\/#website\",\"url\":\"https:\\\/\\\/tiketi.com\\\/\",\"name\":\"Flight & Bus Tickets, Tour Packages & Activitites - Tiketi.com\",\"description\":\"Flight &amp; Bus Tickets, Tours, Activitites\",\"publisher\":{\"@id\":\"https:\\\/\\\/tiketi.com\\\/#organization\"},\"potentialAction\":[{\"@type\":\"SearchAction\",\"target\":{\"@type\":\"EntryPoint\",\"urlTemplate\":\"https:\\\/\\\/tiketi.com\\\/?s={search_term_string}\"},\"query-input\":{\"@type\":\"PropertyValueSpecification\",\"valueRequired\":true,\"valueName\":\"search_term_string\"}}],\"inLanguage\":\"fr-FR\"},{\"@type\":\"Organization\",\"@id\":\"https:\\\/\\\/tiketi.com\\\/#organization\",\"name\":\"Tiketi.com\",\"alternateName\":\"Tiketi\",\"url\":\"https:\\\/\\\/tiketi.com\\\/\",\"logo\":{\"@type\":\"ImageObject\",\"inLanguage\":\"fr-FR\",\"@id\":\"https:\\\/\\\/tiketi.com\\\/#\\\/schema\\\/logo\\\/image\\\/\",\"url\":\"https:\\\/\\\/tiketi.com\\\/wp-content\\\/uploads\\\/2019\\\/05\\\/tiketi-logo-696.png\",\"contentUrl\":\"https:\\\/\\\/tiketi.com\\\/wp-content\\\/uploads\\\/2019\\\/05\\\/tiketi-logo-696.png\",\"width\":696,\"height\":696,\"caption\":\"Tiketi.com\"},\"image\":{\"@id\":\"https:\\\/\\\/tiketi.com\\\/#\\\/schema\\\/logo\\\/image\\\/\"},\"sameAs\":[\"https:\\\/\\\/www.facebook.com\\\/TiketiCom\\\/\"]}]}<\/script>\n<!-- \/ Yoast SEO plugin. -->","yoast_head_json":{"title":"Lim Safari Bus R\u00e9servation en ligne, billets de bus, itin\u00e9raire, horaires et tarifs","description":"Vous recherchez une r\u00e9servation en ligne de Lim Safari Bus, une application, des contacts, des itin\u00e9raires de bus, des tarifs et des horaires\u00a0? Faites une r\u00e9servation de billet en ligne pas cher Lim Safari maintenant","robots":{"index":"index","follow":"follow","max-snippet":"max-snippet:-1","max-image-preview":"max-image-preview:large","max-video-preview":"max-video-preview:-1"},"canonical":"https:\/\/tiketi.com\/fr-fr\/lim-safari-buses\/","og_locale":"fr_FR","og_type":"article","og_title":"Lim Safari Bus Online Booking, Bus Tickets, Route, Schedule & Fare","og_description":"Looking for Lim Safari\u00a0Bus\u00a0online booking, app, contacts, bus routes, fare and schedule? Make a cheap Lim Safari\u00a0online ticket booking now","og_url":"https:\/\/tiketi.com\/fr-fr\/lim-safari-buses\/","og_site_name":"Tiketi.com","article_publisher":"https:\/\/www.facebook.com\/TiketiCom\/","article_modified_time":"2022-02-16T12:51:31+00:00","og_image":[{"width":1200,"height":206,"url":"https:\/\/tiketi.com\/wp-content\/uploads\/2022\/01\/bus-ticket-online-booking.jpg","type":"image\/jpeg"}],"twitter_card":"summary_large_image","twitter_misc":{"Dur\u00e9e de lecture estim\u00e9e":"2 minutes"},"schema":{"@context":"https:\/\/schema.org","@graph":[{"@type":"WebPage","@id":"https:\/\/tiketi.com\/lim-safari-buses\/","url":"https:\/\/tiketi.com\/lim-safari-buses\/","name":"Lim Safari Bus R\u00e9servation en ligne, billets de bus, itin\u00e9raire, horaires et tarifs","isPartOf":{"@id":"https:\/\/tiketi.com\/#website"},"primaryImageOfPage":{"@id":"https:\/\/tiketi.com\/lim-safari-buses\/#primaryimage"},"image":{"@id":"https:\/\/tiketi.com\/lim-safari-buses\/#primaryimage"},"thumbnailUrl":"https:\/\/tiketi.com\/wp-content\/uploads\/2022\/01\/bus-ticket-online-booking.jpg","datePublished":"2022-01-19T11:54:03+00:00","dateModified":"2022-02-16T12:51:31+00:00","description":"Vous recherchez une r\u00e9servation en ligne de Lim Safari Bus, une application, des contacts, des itin\u00e9raires de bus, des tarifs et des horaires\u00a0? Faites une r\u00e9servation de billet en ligne pas cher Lim Safari maintenant","breadcrumb":{"@id":"https:\/\/tiketi.com\/lim-safari-buses\/#breadcrumb"},"inLanguage":"fr-FR","potentialAction":[{"@type":"ReadAction","target":["https:\/\/tiketi.com\/lim-safari-buses\/"]}]},{"@type":"ImageObject","inLanguage":"fr-FR","@id":"https:\/\/tiketi.com\/lim-safari-buses\/#primaryimage","url":"https:\/\/tiketi.com\/wp-content\/uploads\/2022\/01\/bus-ticket-online-booking.jpg","contentUrl":"https:\/\/tiketi.com\/wp-content\/uploads\/2022\/01\/bus-ticket-online-booking.jpg","width":1200,"height":206,"caption":"Online Bus Ticket Booking"},{"@type":"BreadcrumbList","@id":"https:\/\/tiketi.com\/lim-safari-buses\/#breadcrumb","itemListElement":[{"@type":"ListItem","position":1,"name":"Home","item":"https:\/\/tiketi.com\/"},{"@type":"ListItem","position":2,"name":"Lim Safari Bus Online Booking, Bus Tickets, Route, Schedule &#038; Fare"}]},{"@type":"WebSite","@id":"https:\/\/tiketi.com\/#website","url":"https:\/\/tiketi.com\/","name":"Billets d&#039;avion et de bus, forfaits touristiques et activit\u00e9s - Tiketi.com","description":"Billets d&#039;avion et de bus, Tours, Activit\u00e9s","publisher":{"@id":"https:\/\/tiketi.com\/#organization"},"potentialAction":[{"@type":"SearchAction","target":{"@type":"EntryPoint","urlTemplate":"https:\/\/tiketi.com\/?s={search_term_string}"},"query-input":{"@type":"PropertyValueSpecification","valueRequired":true,"valueName":"search_term_string"}}],"inLanguage":"fr-FR"},{"@type":"Organization","@id":"https:\/\/tiketi.com\/#organization","name":"Tiketi.com","alternateName":"Tiketi","url":"https:\/\/tiketi.com\/","logo":{"@type":"ImageObject","inLanguage":"fr-FR","@id":"https:\/\/tiketi.com\/#\/schema\/logo\/image\/","url":"https:\/\/tiketi.com\/wp-content\/uploads\/2019\/05\/tiketi-logo-696.png","contentUrl":"https:\/\/tiketi.com\/wp-content\/uploads\/2019\/05\/tiketi-logo-696.png","width":696,"height":696,"caption":"Tiketi.com"},"image":{"@id":"https:\/\/tiketi.com\/#\/schema\/logo\/image\/"},"sameAs":["https:\/\/www.facebook.com\/TiketiCom\/"]}]}},"_links":{"self":[{"href":"https:\/\/tiketi.com\/fr-fr\/wp-json\/wp\/v2\/pages\/10977","targetHints":{"allow":["GET"]}}],"collection":[{"href":"https:\/\/tiketi.com\/fr-fr\/wp-json\/wp\/v2\/pages"}],"about":[{"href":"https:\/\/tiketi.com\/fr-fr\/wp-json\/wp\/v2\/types\/page"}],"author":[{"embeddable":true,"href":"https:\/\/tiketi.com\/fr-fr\/wp-json\/wp\/v2\/users\/1"}],"replies":[{"embeddable":true,"href":"https:\/\/tiketi.com\/fr-fr\/wp-json\/wp\/v2\/comments?post=10977"}],"version-history":[{"count":0,"href":"https:\/\/tiketi.com\/fr-fr\/wp-json\/wp\/v2\/pages\/10977\/revisions"}],"wp:featuredmedia":[{"embeddable":true,"href":"https:\/\/tiketi.com\/fr-fr\/wp-json\/wp\/v2\/media\/13999"}],"wp:attachment":[{"href":"https:\/\/tiketi.com\/fr-fr\/wp-json\/wp\/v2\/media?parent=10977"}],"curies":[{"name":"wp","href":"https:\/\/api.w.org\/{rel}","templated":true}]}}