{"id":10978,"date":"2022-01-19T12:54:03","date_gmt":"2022-01-19T11:54:03","guid":{"rendered":"https:\/\/new.tiketi.com\/libra-motors-online-booking-bus-tickets-route-fare\/"},"modified":"2022-02-16T13:50:48","modified_gmt":"2022-02-16T12:50:48","slug":"libra-motors-buses","status":"publish","type":"page","link":"https:\/\/tiketi.com\/fr-fr\/libra-motors-buses\/","title":{"rendered":"R\u00e9servation en ligne Libra Motors, billets de bus, itin\u00e9raire et tarif"},"content":{"rendered":"<h2>R\u00e9servation de billets en ligne pas cher Libra Motors Nigeria<\/h2>\n<h3>D\u00e9couvrez les prix et les itin\u00e9raires via l&#039;application Libra Motors et r\u00e9servez d\u00e8s maintenant vos billets de bus pas chers Libra Motors en ligne.<\/h3>\n<p>La r\u00e9servation en ligne de Libra Motors en toute simplicit\u00e9. Fond\u00e9e en 2003 et \u00e9tant l&#039;une des grandes entreprises de transport \u00e0 Lagos, Port Harcourt et Warri, Libra motors accorde la plus grande valeur aux personnes et \u00e0 la prestation de services parfaite. Alors t\u00e9l\u00e9chargez l&#039;application Libra Motors et faites la r\u00e9servation de billets en ligne Libra Motors maintenant !<\/p>\n<h2>FAQ sur la r\u00e9servation en ligne de Libra Motors, les billets de bus, les itin\u00e9raires, les horaires et les tarifs<\/h2>\n<h3>Quels sont les itin\u00e9raires et les tarifs de r\u00e9servation en ligne des bus Libra ?<\/h3>\n<p>Vous trouverez ci-dessous la liste des prix de tous les itin\u00e9raires sp\u00e9ciaux. Mais vous devez savoir que le montant des frais de transport peut changer \u00e0 tout moment lorsque le besoin s&#039;en fait sentir.<\/p>\n<p>De Lagos (terminal d&#039;Okota) \u00e0\u00a0:<\/p>\n<p>Port Harcourt \u20a6 6 500<br \/>\nB\u00e9nin \u20a64,000<br \/>\nUmuahia \u20a6 6 700<br \/>\nEnugu\u20a66,200<br \/>\nOnitsha \u20a65,700<br \/>\nOwerri\u20a65,500<br \/>\nAsaba \u20a6 5 000<br \/>\nEkwulobia-Anambra 6 000 \u20a6<br \/>\nMbaise-Imo \u20a6 6 700<br \/>\nAba\u20a66,700<br \/>\nWarri\u20a65,200<\/p>\n<h3>Flotte de bus Libra Motors<\/h3>\n<p>Libra Motors compte plus de quarante bus dans sa flotte r\u00e9partis sur ses dix-huit terminaux dans dix \u00c9tats. Cette grande flotte lui offre un grand avantage, car cela permet \u00e0 au moins deux bus de desservir chacun de ses 18+ terminaux \u00e0 travers le pays. Tous les bus sont des bus Toyota Hiace enti\u00e8rement climatis\u00e9s. De plus, l&#039;entreprise maintient un effectif de plus d&#039;une centaine de chauffeurs, ce qui signifie que des chauffeurs frais et alertes sont toujours disponibles pour les voyages.<br \/>\nOutre le transport inter\u00e9tatique, LIBMOT propose \u00e9galement des services logistiques et de location de bus.<\/p>\n<h3>Quelles sont les coordonn\u00e9es de la r\u00e9servation en ligne du service de bus Libra et des bus\u00a0?<\/h3>\n<p>Libra Motors Limit\u00e9e<\/p>\n<p>Emplacement : Cele Okota Road, \u00c9tat de Lagos, Nig\u00e9ria.<\/p>\n<h2>Conseils de r\u00e9servation de billets en ligne pour Libra Motors<\/h2>\n<p>L&#039;entreprise a r\u00e9cemment adopt\u00e9 une identit\u00e9 de marque qui est &quot;LIBMOT&quot; et devient rapidement l&#039;un des services de transport les plus utilis\u00e9s au Nigeria.<\/p>\n<p>Ils manipulent les bagages de leurs passagers avec soin et respectent les meilleures normes et standards de conduite.<\/p>\n<h3>Objectifs des moteurs Libra<\/h3>\n<p>L&#039;objectif principal de LIBMOT est de devenir l&#039;entreprise de transport la plus parfaite d&#039;Afrique et, dans ce cas, ils ont continu\u00e9 \u00e0 maintenir une atmosph\u00e8re de travail qui favorise la croissance individuelle et experte de leurs travailleurs, ainsi qu&#039;\u00e0 offrir des services centr\u00e9s sur le client et ax\u00e9s sur la technologie aux clients. .<\/p>\n<p>LIBMOT exploite actuellement ses services sur les routes suivantes\u00a0: Aba, Lagos, Owerri, Umuahia, Edo, Asaba, Delta et Port Harcourt.<\/p>","protected":false},"excerpt":{"rendered":"<p>Cheap Libra Motors Online Ticket Booking Nigeria Discover prices and routes via the Libra Motors app and reserve your cheap Libra Motors bus tickets online now. Libra Motors online booking made easy. Established in 2003, and being one of the big transport firms in Lagos, Port Harcourt and Warri, Libra motors places its utmost worth [&hellip;]<\/p>\n","protected":false},"author":1,"featured_media":13999,"parent":0,"menu_order":0,"comment_status":"open","ping_status":"closed","template":"template-home-modern.php","meta":{"footnotes":""},"class_list":["post-10978","page","type-page","status-publish","has-post-thumbnail","hentry"],"yoast_head":"<!-- This site is optimized with the Yoast SEO plugin v27.4 - https:\/\/yoast.com\/product\/yoast-seo-wordpress\/ -->\n<title>Libra Motors Online Booking, Bus Tickets, Route &amp; Fare<\/title>\n<meta name=\"description\" content=\"Looking for Libra Motors online booking, app, route, schedule &amp; fare? Use the Libra Motors app to book your cheap bus tickets online now\" \/>\n<meta name=\"robots\" content=\"index, follow, max-snippet:-1, max-image-preview:large, max-video-preview:-1\" \/>\n<link rel=\"canonical\" href=\"https:\/\/tiketi.com\/fr-fr\/libra-motors-buses\/\" \/>\n<meta property=\"og:locale\" content=\"fr_FR\" \/>\n<meta property=\"og:type\" content=\"article\" \/>\n<meta property=\"og:title\" content=\"Libra Motors Online Booking, Bus Tickets, Route &amp; Fare\" \/>\n<meta property=\"og:description\" content=\"Looking for Libra Motors online booking, app, route, schedule &amp; fare? Use the Libra Motors app to book your cheap bus tickets online now\" \/>\n<meta property=\"og:url\" content=\"https:\/\/tiketi.com\/fr-fr\/libra-motors-buses\/\" \/>\n<meta property=\"og:site_name\" content=\"Tiketi.com\" \/>\n<meta property=\"article:publisher\" content=\"https:\/\/www.facebook.com\/TiketiCom\/\" \/>\n<meta property=\"article:modified_time\" content=\"2022-02-16T12:50:48+00:00\" \/>\n<meta property=\"og:image\" content=\"https:\/\/tiketi.com\/wp-content\/uploads\/2022\/01\/bus-ticket-online-booking.jpg\" \/>\n\t<meta property=\"og:image:width\" content=\"1200\" \/>\n\t<meta property=\"og:image:height\" content=\"206\" \/>\n\t<meta property=\"og:image:type\" content=\"image\/jpeg\" \/>\n<meta name=\"twitter:card\" content=\"summary_large_image\" \/>\n<meta name=\"twitter:label1\" content=\"Dur\u00e9e de lecture estim\u00e9e\" \/>\n\t<meta name=\"twitter:data1\" content=\"2 minutes\" \/>\n<script type=\"application\/ld+json\" class=\"yoast-schema-graph\">{\"@context\":\"https:\\\/\\\/schema.org\",\"@graph\":[{\"@type\":\"WebPage\",\"@id\":\"https:\\\/\\\/tiketi.com\\\/libra-motors-buses\\\/\",\"url\":\"https:\\\/\\\/tiketi.com\\\/libra-motors-buses\\\/\",\"name\":\"Libra Motors Online Booking, Bus Tickets, Route & Fare\",\"isPartOf\":{\"@id\":\"https:\\\/\\\/tiketi.com\\\/#website\"},\"primaryImageOfPage\":{\"@id\":\"https:\\\/\\\/tiketi.com\\\/libra-motors-buses\\\/#primaryimage\"},\"image\":{\"@id\":\"https:\\\/\\\/tiketi.com\\\/libra-motors-buses\\\/#primaryimage\"},\"thumbnailUrl\":\"https:\\\/\\\/tiketi.com\\\/wp-content\\\/uploads\\\/2022\\\/01\\\/bus-ticket-online-booking.jpg\",\"datePublished\":\"2022-01-19T11:54:03+00:00\",\"dateModified\":\"2022-02-16T12:50:48+00:00\",\"description\":\"Looking for Libra Motors online booking, app, route, schedule & fare? Use the Libra Motors app to book your cheap bus tickets online now\",\"breadcrumb\":{\"@id\":\"https:\\\/\\\/tiketi.com\\\/libra-motors-buses\\\/#breadcrumb\"},\"inLanguage\":\"fr-FR\",\"potentialAction\":[{\"@type\":\"ReadAction\",\"target\":[\"https:\\\/\\\/tiketi.com\\\/libra-motors-buses\\\/\"]}]},{\"@type\":\"ImageObject\",\"inLanguage\":\"fr-FR\",\"@id\":\"https:\\\/\\\/tiketi.com\\\/libra-motors-buses\\\/#primaryimage\",\"url\":\"https:\\\/\\\/tiketi.com\\\/wp-content\\\/uploads\\\/2022\\\/01\\\/bus-ticket-online-booking.jpg\",\"contentUrl\":\"https:\\\/\\\/tiketi.com\\\/wp-content\\\/uploads\\\/2022\\\/01\\\/bus-ticket-online-booking.jpg\",\"width\":1200,\"height\":206,\"caption\":\"Online Bus Ticket Booking\"},{\"@type\":\"BreadcrumbList\",\"@id\":\"https:\\\/\\\/tiketi.com\\\/libra-motors-buses\\\/#breadcrumb\",\"itemListElement\":[{\"@type\":\"ListItem\",\"position\":1,\"name\":\"Home\",\"item\":\"https:\\\/\\\/tiketi.com\\\/\"},{\"@type\":\"ListItem\",\"position\":2,\"name\":\"Libra Motors Online Booking, Bus Tickets, Route &#038; Fare\"}]},{\"@type\":\"WebSite\",\"@id\":\"https:\\\/\\\/tiketi.com\\\/#website\",\"url\":\"https:\\\/\\\/tiketi.com\\\/\",\"name\":\"Flight & Bus Tickets, Tour Packages & Activitites - Tiketi.com\",\"description\":\"Flight &amp; Bus Tickets, Tours, Activitites\",\"publisher\":{\"@id\":\"https:\\\/\\\/tiketi.com\\\/#organization\"},\"potentialAction\":[{\"@type\":\"SearchAction\",\"target\":{\"@type\":\"EntryPoint\",\"urlTemplate\":\"https:\\\/\\\/tiketi.com\\\/?s={search_term_string}\"},\"query-input\":{\"@type\":\"PropertyValueSpecification\",\"valueRequired\":true,\"valueName\":\"search_term_string\"}}],\"inLanguage\":\"fr-FR\"},{\"@type\":\"Organization\",\"@id\":\"https:\\\/\\\/tiketi.com\\\/#organization\",\"name\":\"Tiketi.com\",\"alternateName\":\"Tiketi\",\"url\":\"https:\\\/\\\/tiketi.com\\\/\",\"logo\":{\"@type\":\"ImageObject\",\"inLanguage\":\"fr-FR\",\"@id\":\"https:\\\/\\\/tiketi.com\\\/#\\\/schema\\\/logo\\\/image\\\/\",\"url\":\"https:\\\/\\\/tiketi.com\\\/wp-content\\\/uploads\\\/2019\\\/05\\\/tiketi-logo-696.png\",\"contentUrl\":\"https:\\\/\\\/tiketi.com\\\/wp-content\\\/uploads\\\/2019\\\/05\\\/tiketi-logo-696.png\",\"width\":696,\"height\":696,\"caption\":\"Tiketi.com\"},\"image\":{\"@id\":\"https:\\\/\\\/tiketi.com\\\/#\\\/schema\\\/logo\\\/image\\\/\"},\"sameAs\":[\"https:\\\/\\\/www.facebook.com\\\/TiketiCom\\\/\"]}]}<\/script>\n<!-- \/ Yoast SEO plugin. -->","yoast_head_json":{"title":"R\u00e9servation en ligne Libra Motors, billets de bus, itin\u00e9raire et tarif","description":"Vous recherchez une r\u00e9servation en ligne Libra Motors, une application, un itin\u00e9raire, un horaire et un tarif\u00a0? Utilisez l&#039;application Libra Motors pour r\u00e9server vos billets de bus pas chers en ligne d\u00e8s maintenant","robots":{"index":"index","follow":"follow","max-snippet":"max-snippet:-1","max-image-preview":"max-image-preview:large","max-video-preview":"max-video-preview:-1"},"canonical":"https:\/\/tiketi.com\/fr-fr\/libra-motors-buses\/","og_locale":"fr_FR","og_type":"article","og_title":"Libra Motors Online Booking, Bus Tickets, Route & Fare","og_description":"Looking for Libra Motors online booking, app, route, schedule & fare? Use the Libra Motors app to book your cheap bus tickets online now","og_url":"https:\/\/tiketi.com\/fr-fr\/libra-motors-buses\/","og_site_name":"Tiketi.com","article_publisher":"https:\/\/www.facebook.com\/TiketiCom\/","article_modified_time":"2022-02-16T12:50:48+00:00","og_image":[{"width":1200,"height":206,"url":"https:\/\/tiketi.com\/wp-content\/uploads\/2022\/01\/bus-ticket-online-booking.jpg","type":"image\/jpeg"}],"twitter_card":"summary_large_image","twitter_misc":{"Dur\u00e9e de lecture estim\u00e9e":"2 minutes"},"schema":{"@context":"https:\/\/schema.org","@graph":[{"@type":"WebPage","@id":"https:\/\/tiketi.com\/libra-motors-buses\/","url":"https:\/\/tiketi.com\/libra-motors-buses\/","name":"R\u00e9servation en ligne Libra Motors, billets de bus, itin\u00e9raire et tarif","isPartOf":{"@id":"https:\/\/tiketi.com\/#website"},"primaryImageOfPage":{"@id":"https:\/\/tiketi.com\/libra-motors-buses\/#primaryimage"},"image":{"@id":"https:\/\/tiketi.com\/libra-motors-buses\/#primaryimage"},"thumbnailUrl":"https:\/\/tiketi.com\/wp-content\/uploads\/2022\/01\/bus-ticket-online-booking.jpg","datePublished":"2022-01-19T11:54:03+00:00","dateModified":"2022-02-16T12:50:48+00:00","description":"Vous recherchez une r\u00e9servation en ligne Libra Motors, une application, un itin\u00e9raire, un horaire et un tarif\u00a0? Utilisez l&#039;application Libra Motors pour r\u00e9server vos billets de bus pas chers en ligne d\u00e8s maintenant","breadcrumb":{"@id":"https:\/\/tiketi.com\/libra-motors-buses\/#breadcrumb"},"inLanguage":"fr-FR","potentialAction":[{"@type":"ReadAction","target":["https:\/\/tiketi.com\/libra-motors-buses\/"]}]},{"@type":"ImageObject","inLanguage":"fr-FR","@id":"https:\/\/tiketi.com\/libra-motors-buses\/#primaryimage","url":"https:\/\/tiketi.com\/wp-content\/uploads\/2022\/01\/bus-ticket-online-booking.jpg","contentUrl":"https:\/\/tiketi.com\/wp-content\/uploads\/2022\/01\/bus-ticket-online-booking.jpg","width":1200,"height":206,"caption":"Online Bus Ticket Booking"},{"@type":"BreadcrumbList","@id":"https:\/\/tiketi.com\/libra-motors-buses\/#breadcrumb","itemListElement":[{"@type":"ListItem","position":1,"name":"Home","item":"https:\/\/tiketi.com\/"},{"@type":"ListItem","position":2,"name":"Libra Motors Online Booking, Bus Tickets, Route &#038; Fare"}]},{"@type":"WebSite","@id":"https:\/\/tiketi.com\/#website","url":"https:\/\/tiketi.com\/","name":"Billets d&#039;avion et de bus, forfaits touristiques et activit\u00e9s - Tiketi.com","description":"Billets d&#039;avion et de bus, Tours, Activit\u00e9s","publisher":{"@id":"https:\/\/tiketi.com\/#organization"},"potentialAction":[{"@type":"SearchAction","target":{"@type":"EntryPoint","urlTemplate":"https:\/\/tiketi.com\/?s={search_term_string}"},"query-input":{"@type":"PropertyValueSpecification","valueRequired":true,"valueName":"search_term_string"}}],"inLanguage":"fr-FR"},{"@type":"Organization","@id":"https:\/\/tiketi.com\/#organization","name":"Tiketi.com","alternateName":"Tiketi","url":"https:\/\/tiketi.com\/","logo":{"@type":"ImageObject","inLanguage":"fr-FR","@id":"https:\/\/tiketi.com\/#\/schema\/logo\/image\/","url":"https:\/\/tiketi.com\/wp-content\/uploads\/2019\/05\/tiketi-logo-696.png","contentUrl":"https:\/\/tiketi.com\/wp-content\/uploads\/2019\/05\/tiketi-logo-696.png","width":696,"height":696,"caption":"Tiketi.com"},"image":{"@id":"https:\/\/tiketi.com\/#\/schema\/logo\/image\/"},"sameAs":["https:\/\/www.facebook.com\/TiketiCom\/"]}]}},"_links":{"self":[{"href":"https:\/\/tiketi.com\/fr-fr\/wp-json\/wp\/v2\/pages\/10978","targetHints":{"allow":["GET"]}}],"collection":[{"href":"https:\/\/tiketi.com\/fr-fr\/wp-json\/wp\/v2\/pages"}],"about":[{"href":"https:\/\/tiketi.com\/fr-fr\/wp-json\/wp\/v2\/types\/page"}],"author":[{"embeddable":true,"href":"https:\/\/tiketi.com\/fr-fr\/wp-json\/wp\/v2\/users\/1"}],"replies":[{"embeddable":true,"href":"https:\/\/tiketi.com\/fr-fr\/wp-json\/wp\/v2\/comments?post=10978"}],"version-history":[{"count":0,"href":"https:\/\/tiketi.com\/fr-fr\/wp-json\/wp\/v2\/pages\/10978\/revisions"}],"wp:featuredmedia":[{"embeddable":true,"href":"https:\/\/tiketi.com\/fr-fr\/wp-json\/wp\/v2\/media\/13999"}],"wp:attachment":[{"href":"https:\/\/tiketi.com\/fr-fr\/wp-json\/wp\/v2\/media?parent=10978"}],"curies":[{"name":"wp","href":"https:\/\/api.w.org\/{rel}","templated":true}]}}