{"id":10979,"date":"2022-01-19T12:54:03","date_gmt":"2022-01-19T11:54:03","guid":{"rendered":"https:\/\/new.tiketi.com\/madodi-bus-services-online-booking-bus-tickets-reservation\/"},"modified":"2022-02-16T21:40:02","modified_gmt":"2022-02-16T20:40:02","slug":"madodi-bus-services","status":"publish","type":"page","link":"https:\/\/tiketi.com\/fr-fr\/madodi-bus-services\/","title":{"rendered":"Services de bus Madodi R\u00e9servation en ligne, billets de bus, itin\u00e9raire, horaires et tarifs"},"content":{"rendered":"<h2>R\u00e9servation de billets en ligne pour le bus Madodi<\/h2>\n<h3>D\u00e9couvrez votre itin\u00e9raire de voyage sur le Web, sur mobile ou sur une application et r\u00e9servez d\u00e8s maintenant des billets de bus Madodi \u00e0 bas prix en ligne.<\/h3>\n<p>La r\u00e9servation en ligne de Madodi Bus Services est simplifi\u00e9e. Compagnie de bus Madodo fond\u00e9e en avril 2015 et compte 11 membres. En avril 2015, la compagnie de bus Madodi est devenue sous-traitante de la compagnie de bus Bhwaduba, exploitant les services entre Polokwane et Solomondale avec quinze bus Scannia. Alors faites la r\u00e9servation de billets en ligne Madodi Bus maintenant !<\/p>\n<h2>FAQ sur la r\u00e9servation en ligne des services de bus Madodi<\/h2>\n<h3>Quels sont les trajets et les tarifs des bus Madodi ?<\/h3>\n<p>Makotopong vers Polokwane<br \/>\nSebayeng via Solomondale \u00e0 Polokwane<br \/>\nSebayeng vers Polokwane<br \/>\nKgwareng via Sebayeng \u00e0 Polokwane<\/p>\n<p>Mantheding via Sebayeng \u00e0 Polokwane<br \/>\nMaphoto via Mankweng \u00e0 Polokwane<br \/>\nKgwareng via Sebay\/Sakkor jusqu&#039;\u00e0 Polokwane<br \/>\nMarobala via SAKKOR \u00e0 Polokwane<br \/>\nKgwareng via Sebayeng \u00e0 Polokwane<br \/>\nKgwareng via Maselaphalen \u00e0 Polokwane<\/p>\n<p>Marobala via Sebayeng \u00e0 Polokwane<br \/>\nMaphoto via Madiga \u00e0 Polokwane<br \/>\nMarobala vers Polokwane<\/p>\n<p>Madiga via Maphoto \u00e0 Polokwane<br \/>\nMadiga \u00e0 Polokwane via Maphoto<br \/>\nKhotishing vers Polokwane<br \/>\nMakotopong vers Polokwane<br \/>\nMarobala \u00e0 l\u2019h\u00f4pital Mankweng<br \/>\nMarobala via Mankweng \u00e0 Polokwane<br \/>\nMakotopong vers Polokwane<\/p>\n<h3>Flotte du service de bus Madodi<\/h3>\n<p>La flotte de la soci\u00e9t\u00e9 Madodi Bus est en grande partie compos\u00e9e de bus de 65 et 80 places. Leurs bus sont r\u00e9put\u00e9s pour \u00eatre toujours confortables, fiables et toujours propres afin d&#039;offrir aux passagers une exp\u00e9rience \u00e0 bord sup\u00e9rieure lorsqu&#039;ils voyagent vers de nombreuses destinations.<\/p>\n<p>Ils effectuent des contr\u00f4les r\u00e9guliers sur leur flotte pour s&#039;assurer qu&#039;ils restent en \u00e9tat de rouler et effectuent \u00e9galement une remise \u00e0 neuf r\u00e9guli\u00e8re de l&#039;ancienne flotte pour r\u00e9pondre au niveau d&#039;acceptabilit\u00e9 requis par nos passagers.<\/p>\n<h2>Quels sont les coordonn\u00e9es et les coordonn\u00e9es du bureau de Madodi Buses ?<\/h2>\n<p>Compagnie de bus Madodi (PTY) LTD<\/p>\n<p>58\/50 rue Platine<br \/>\nLadine, Polokwane, 0700<\/p>\n<h2>Conseils pour la r\u00e9servation de billets en ligne Madodi Bus<\/h2>\n<p>En 2006, l&#039;entreprise a introduit 20 nouveaux bus Scania et 4 nouveaux bus ont \u00e9t\u00e9 acquis vers la fin de 2006. Au cours de l&#039;ann\u00e9e 2008, l&#039;entreprise a ajout\u00e9 \u00e0 sa flotte quatre nouveaux bus standard, et en 2013, elle a ajout\u00e9 \u00e0 sa flotte 5 autres 80 bus. de nouveaux bus de 3 places, ce qui a port\u00e9 la flotte \u00e0 un total de trente bus en raison de la forte demande.<\/p>","protected":false},"excerpt":{"rendered":"<p>Madodi Bus Online Ticket Booking Discover your travel route on web, mobile or app and book cheap Madodi bus tickets online now. Madodi Bus\u00a0Services online booking made easy. Madodo bus Company founded in 2015 April and has 11 members. In April 2015 Madodi bus company become subcontractor of Bhwaduba bus company, operating the services betwee [&hellip;]<\/p>\n","protected":false},"author":1,"featured_media":13999,"parent":0,"menu_order":0,"comment_status":"open","ping_status":"closed","template":"template-home-modern.php","meta":{"footnotes":""},"class_list":["post-10979","page","type-page","status-publish","has-post-thumbnail","hentry"],"yoast_head":"<!-- This site is optimized with the Yoast SEO plugin v27.3 - https:\/\/yoast.com\/product\/yoast-seo-wordpress\/ -->\n<title>Madodi Bus Services Online Booking, Bus Tickets, Route, Schedule &amp; Fare<\/title>\n<meta name=\"description\" content=\"Looking for Madodi Bus Services online booking, app, contacts, bus routes, fare and schedule? Make a Madodi Bus online ticket booking online\" \/>\n<meta name=\"robots\" content=\"index, follow, max-snippet:-1, max-image-preview:large, max-video-preview:-1\" \/>\n<link rel=\"canonical\" href=\"https:\/\/tiketi.com\/fr-fr\/madodi-bus-services\/\" \/>\n<meta property=\"og:locale\" content=\"fr_FR\" \/>\n<meta property=\"og:type\" content=\"article\" \/>\n<meta property=\"og:title\" content=\"Madodi Bus Services Online Booking, Bus Tickets, Route, Schedule &amp; Fare\" \/>\n<meta property=\"og:description\" content=\"Looking for Madodi Bus Services online booking, app, contacts, bus routes, fare and schedule? Make a Madodi Bus online ticket booking online\" \/>\n<meta property=\"og:url\" content=\"https:\/\/tiketi.com\/fr-fr\/madodi-bus-services\/\" \/>\n<meta property=\"og:site_name\" content=\"Tiketi.com\" \/>\n<meta property=\"article:publisher\" content=\"https:\/\/www.facebook.com\/TiketiCom\/\" \/>\n<meta property=\"article:modified_time\" content=\"2022-02-16T20:40:02+00:00\" \/>\n<meta property=\"og:image\" content=\"https:\/\/tiketi.com\/wp-content\/uploads\/2022\/01\/bus-ticket-online-booking.jpg\" \/>\n\t<meta property=\"og:image:width\" content=\"1200\" \/>\n\t<meta property=\"og:image:height\" content=\"206\" \/>\n\t<meta property=\"og:image:type\" content=\"image\/jpeg\" \/>\n<meta name=\"twitter:card\" content=\"summary_large_image\" \/>\n<meta name=\"twitter:label1\" content=\"Dur\u00e9e de lecture estim\u00e9e\" \/>\n\t<meta name=\"twitter:data1\" content=\"2 minutes\" \/>\n<script type=\"application\/ld+json\" class=\"yoast-schema-graph\">{\"@context\":\"https:\\\/\\\/schema.org\",\"@graph\":[{\"@type\":\"WebPage\",\"@id\":\"https:\\\/\\\/tiketi.com\\\/en-gb\\\/madodi-bus-services\\\/\",\"url\":\"https:\\\/\\\/tiketi.com\\\/en-gb\\\/madodi-bus-services\\\/\",\"name\":\"Madodi Bus Services Online Booking, Bus Tickets, Route, Schedule & Fare\",\"isPartOf\":{\"@id\":\"https:\\\/\\\/tiketi.com\\\/#website\"},\"primaryImageOfPage\":{\"@id\":\"https:\\\/\\\/tiketi.com\\\/en-gb\\\/madodi-bus-services\\\/#primaryimage\"},\"image\":{\"@id\":\"https:\\\/\\\/tiketi.com\\\/en-gb\\\/madodi-bus-services\\\/#primaryimage\"},\"thumbnailUrl\":\"https:\\\/\\\/tiketi.com\\\/wp-content\\\/uploads\\\/2022\\\/01\\\/bus-ticket-online-booking.jpg\",\"datePublished\":\"2022-01-19T11:54:03+00:00\",\"dateModified\":\"2022-02-16T20:40:02+00:00\",\"description\":\"Looking for Madodi Bus Services online booking, app, contacts, bus routes, fare and schedule? Make a Madodi Bus online ticket booking online\",\"breadcrumb\":{\"@id\":\"https:\\\/\\\/tiketi.com\\\/en-gb\\\/madodi-bus-services\\\/#breadcrumb\"},\"inLanguage\":\"fr-FR\",\"potentialAction\":[{\"@type\":\"ReadAction\",\"target\":[\"https:\\\/\\\/tiketi.com\\\/en-gb\\\/madodi-bus-services\\\/\"]}]},{\"@type\":\"ImageObject\",\"inLanguage\":\"fr-FR\",\"@id\":\"https:\\\/\\\/tiketi.com\\\/en-gb\\\/madodi-bus-services\\\/#primaryimage\",\"url\":\"https:\\\/\\\/tiketi.com\\\/wp-content\\\/uploads\\\/2022\\\/01\\\/bus-ticket-online-booking.jpg\",\"contentUrl\":\"https:\\\/\\\/tiketi.com\\\/wp-content\\\/uploads\\\/2022\\\/01\\\/bus-ticket-online-booking.jpg\",\"width\":1200,\"height\":206,\"caption\":\"Online Bus Ticket Booking\"},{\"@type\":\"BreadcrumbList\",\"@id\":\"https:\\\/\\\/tiketi.com\\\/en-gb\\\/madodi-bus-services\\\/#breadcrumb\",\"itemListElement\":[{\"@type\":\"ListItem\",\"position\":1,\"name\":\"Home\",\"item\":\"https:\\\/\\\/tiketi.com\\\/\"},{\"@type\":\"ListItem\",\"position\":2,\"name\":\"Madodi Bus Services Online Booking, Bus Tickets, Route, Schedule &#038; Fare\"}]},{\"@type\":\"WebSite\",\"@id\":\"https:\\\/\\\/tiketi.com\\\/#website\",\"url\":\"https:\\\/\\\/tiketi.com\\\/\",\"name\":\"Flight & Bus Tickets, Tour Packages & Activitites - Tiketi.com\",\"description\":\"Flight &amp; Bus Tickets, Tours, Activitites\",\"publisher\":{\"@id\":\"https:\\\/\\\/tiketi.com\\\/#organization\"},\"potentialAction\":[{\"@type\":\"SearchAction\",\"target\":{\"@type\":\"EntryPoint\",\"urlTemplate\":\"https:\\\/\\\/tiketi.com\\\/?s={search_term_string}\"},\"query-input\":{\"@type\":\"PropertyValueSpecification\",\"valueRequired\":true,\"valueName\":\"search_term_string\"}}],\"inLanguage\":\"fr-FR\"},{\"@type\":\"Organization\",\"@id\":\"https:\\\/\\\/tiketi.com\\\/#organization\",\"name\":\"Tiketi.com\",\"alternateName\":\"Tiketi\",\"url\":\"https:\\\/\\\/tiketi.com\\\/\",\"logo\":{\"@type\":\"ImageObject\",\"inLanguage\":\"fr-FR\",\"@id\":\"https:\\\/\\\/tiketi.com\\\/#\\\/schema\\\/logo\\\/image\\\/\",\"url\":\"https:\\\/\\\/tiketi.com\\\/wp-content\\\/uploads\\\/2019\\\/05\\\/tiketi-logo-696.png\",\"contentUrl\":\"https:\\\/\\\/tiketi.com\\\/wp-content\\\/uploads\\\/2019\\\/05\\\/tiketi-logo-696.png\",\"width\":696,\"height\":696,\"caption\":\"Tiketi.com\"},\"image\":{\"@id\":\"https:\\\/\\\/tiketi.com\\\/#\\\/schema\\\/logo\\\/image\\\/\"},\"sameAs\":[\"https:\\\/\\\/www.facebook.com\\\/TiketiCom\\\/\"]}]}<\/script>\n<!-- \/ Yoast SEO plugin. -->","yoast_head_json":{"title":"Services de bus Madodi R\u00e9servation en ligne, billets de bus, itin\u00e9raire, horaires et tarifs","description":"Vous recherchez une r\u00e9servation en ligne, une application, des contacts, des itin\u00e9raires de bus, des tarifs et des horaires pour Madodi Bus Services ? Faire une r\u00e9servation de billet en ligne Madodi Bus en ligne","robots":{"index":"index","follow":"follow","max-snippet":"max-snippet:-1","max-image-preview":"max-image-preview:large","max-video-preview":"max-video-preview:-1"},"canonical":"https:\/\/tiketi.com\/fr-fr\/madodi-bus-services\/","og_locale":"fr_FR","og_type":"article","og_title":"Madodi Bus Services Online Booking, Bus Tickets, Route, Schedule & Fare","og_description":"Looking for Madodi Bus Services online booking, app, contacts, bus routes, fare and schedule? Make a Madodi Bus online ticket booking online","og_url":"https:\/\/tiketi.com\/fr-fr\/madodi-bus-services\/","og_site_name":"Tiketi.com","article_publisher":"https:\/\/www.facebook.com\/TiketiCom\/","article_modified_time":"2022-02-16T20:40:02+00:00","og_image":[{"width":1200,"height":206,"url":"https:\/\/tiketi.com\/wp-content\/uploads\/2022\/01\/bus-ticket-online-booking.jpg","type":"image\/jpeg"}],"twitter_card":"summary_large_image","twitter_misc":{"Dur\u00e9e de lecture estim\u00e9e":"2 minutes"},"schema":{"@context":"https:\/\/schema.org","@graph":[{"@type":"WebPage","@id":"https:\/\/tiketi.com\/en-gb\/madodi-bus-services\/","url":"https:\/\/tiketi.com\/en-gb\/madodi-bus-services\/","name":"Services de bus Madodi R\u00e9servation en ligne, billets de bus, itin\u00e9raire, horaires et tarifs","isPartOf":{"@id":"https:\/\/tiketi.com\/#website"},"primaryImageOfPage":{"@id":"https:\/\/tiketi.com\/en-gb\/madodi-bus-services\/#primaryimage"},"image":{"@id":"https:\/\/tiketi.com\/en-gb\/madodi-bus-services\/#primaryimage"},"thumbnailUrl":"https:\/\/tiketi.com\/wp-content\/uploads\/2022\/01\/bus-ticket-online-booking.jpg","datePublished":"2022-01-19T11:54:03+00:00","dateModified":"2022-02-16T20:40:02+00:00","description":"Vous recherchez une r\u00e9servation en ligne, une application, des contacts, des itin\u00e9raires de bus, des tarifs et des horaires pour Madodi Bus Services ? Faire une r\u00e9servation de billet en ligne Madodi Bus en ligne","breadcrumb":{"@id":"https:\/\/tiketi.com\/en-gb\/madodi-bus-services\/#breadcrumb"},"inLanguage":"fr-FR","potentialAction":[{"@type":"ReadAction","target":["https:\/\/tiketi.com\/en-gb\/madodi-bus-services\/"]}]},{"@type":"ImageObject","inLanguage":"fr-FR","@id":"https:\/\/tiketi.com\/en-gb\/madodi-bus-services\/#primaryimage","url":"https:\/\/tiketi.com\/wp-content\/uploads\/2022\/01\/bus-ticket-online-booking.jpg","contentUrl":"https:\/\/tiketi.com\/wp-content\/uploads\/2022\/01\/bus-ticket-online-booking.jpg","width":1200,"height":206,"caption":"Online Bus Ticket Booking"},{"@type":"BreadcrumbList","@id":"https:\/\/tiketi.com\/en-gb\/madodi-bus-services\/#breadcrumb","itemListElement":[{"@type":"ListItem","position":1,"name":"Home","item":"https:\/\/tiketi.com\/"},{"@type":"ListItem","position":2,"name":"Madodi Bus Services Online Booking, Bus Tickets, Route, Schedule &#038; Fare"}]},{"@type":"WebSite","@id":"https:\/\/tiketi.com\/#website","url":"https:\/\/tiketi.com\/","name":"Billets d&#039;avion et de bus, forfaits touristiques et activit\u00e9s - Tiketi.com","description":"Billets d&#039;avion et de bus, Tours, Activit\u00e9s","publisher":{"@id":"https:\/\/tiketi.com\/#organization"},"potentialAction":[{"@type":"SearchAction","target":{"@type":"EntryPoint","urlTemplate":"https:\/\/tiketi.com\/?s={search_term_string}"},"query-input":{"@type":"PropertyValueSpecification","valueRequired":true,"valueName":"search_term_string"}}],"inLanguage":"fr-FR"},{"@type":"Organization","@id":"https:\/\/tiketi.com\/#organization","name":"Tiketi.com","alternateName":"Tiketi","url":"https:\/\/tiketi.com\/","logo":{"@type":"ImageObject","inLanguage":"fr-FR","@id":"https:\/\/tiketi.com\/#\/schema\/logo\/image\/","url":"https:\/\/tiketi.com\/wp-content\/uploads\/2019\/05\/tiketi-logo-696.png","contentUrl":"https:\/\/tiketi.com\/wp-content\/uploads\/2019\/05\/tiketi-logo-696.png","width":696,"height":696,"caption":"Tiketi.com"},"image":{"@id":"https:\/\/tiketi.com\/#\/schema\/logo\/image\/"},"sameAs":["https:\/\/www.facebook.com\/TiketiCom\/"]}]}},"_links":{"self":[{"href":"https:\/\/tiketi.com\/fr-fr\/wp-json\/wp\/v2\/pages\/10979","targetHints":{"allow":["GET"]}}],"collection":[{"href":"https:\/\/tiketi.com\/fr-fr\/wp-json\/wp\/v2\/pages"}],"about":[{"href":"https:\/\/tiketi.com\/fr-fr\/wp-json\/wp\/v2\/types\/page"}],"author":[{"embeddable":true,"href":"https:\/\/tiketi.com\/fr-fr\/wp-json\/wp\/v2\/users\/1"}],"replies":[{"embeddable":true,"href":"https:\/\/tiketi.com\/fr-fr\/wp-json\/wp\/v2\/comments?post=10979"}],"version-history":[{"count":0,"href":"https:\/\/tiketi.com\/fr-fr\/wp-json\/wp\/v2\/pages\/10979\/revisions"}],"wp:featuredmedia":[{"embeddable":true,"href":"https:\/\/tiketi.com\/fr-fr\/wp-json\/wp\/v2\/media\/13999"}],"wp:attachment":[{"href":"https:\/\/tiketi.com\/fr-fr\/wp-json\/wp\/v2\/media?parent=10979"}],"curies":[{"name":"wp","href":"https:\/\/api.w.org\/{rel}","templated":true}]}}