{"id":10980,"date":"2022-01-19T12:54:03","date_gmt":"2022-01-19T11:54:03","guid":{"rendered":"https:\/\/new.tiketi.com\/leo-luxury-coach-online-booking-bus-tickets-reservation\/"},"modified":"2022-02-16T13:50:04","modified_gmt":"2022-02-16T12:50:04","slug":"leo-luxury-coach-buses","status":"publish","type":"page","link":"https:\/\/tiketi.com\/fr-fr\/leo-luxury-coach-buses\/","title":{"rendered":"R\u00e9servation en ligne Leo Luxury Coach, r\u00e9servation de billets de bus"},"content":{"rendered":"<h2>Leo Luxury Coach R\u00e9servation de billets en ligne Tanzanie<\/h2>\n<h3>D\u00e9couvrez votre itin\u00e9raire de voyage sur le web, le mobile ou l&#039;application et r\u00e9servez en ligne d\u00e8s maintenant des billets de bus Leo Luxury Coach pas chers.<\/h3>\n<p>La r\u00e9servation en ligne de Leo Luxury Coach simplifi\u00e9e. Leo Luxury coach est une soci\u00e9t\u00e9 de bus interurbains r\u00e9cemment apparue qui dessert Dar es Salaam et la zone c\u00f4ti\u00e8re sud. L&#039;autocar de luxe Leo a pris le pouvoir en 2010 lorsque le mode de bus chinois a domin\u00e9 le march\u00e9 des transports en Afrique de l&#039;Est. Il en va de m\u00eame pour la r\u00e9servation de billets en ligne Leo Luxury Coach d\u00e8s maintenant\u00a0!<\/p>\n<h2>FAQ sur la r\u00e9servation en ligne d&#039;autocars de luxe Leo<\/h2>\n<h3>Quels sont les trajets et les prix des bus Leo Luxury Coach ?<\/h3>\n<p>\u2022 Dar es Salam \u00e0 Lindi<br \/>\n\u2022 Dar es Salam \u00e0 Mtwara<br \/>\n\u2022 Dar es Salam \u00e0 Mwanza<br \/>\n\u2022 Dar es Salam \u00e0 Newala<\/p>\n<h3>Y a-t-il du WiFi sur Leo Luxury Coach ?<\/h3>\n<p>Non, il n&#039;y a pas de WiFi sur leo express. Pas d&#039;h\u00e9sitation, vous pouvez utiliser votre temps dans le bus pour rattraper le sommeil dont vous avez tant besoin. Vous pouvez t\u00e9l\u00e9charger vos \u00e9missions de t\u00e9l\u00e9vision, films et livres audio pr\u00e9f\u00e9r\u00e9s ou apporter un meilleur livre.<\/p>\n<h3>Y a-t-il des prises de courant ou des prises USB sur Leo Luxury Coach ?<\/h3>\n<p>Non, il n&#039;y a pas de prises de courant ni de prises USB. Si accessible, nous vous conseillons d&#039;apporter une batterie pour garder vos gadgets charg\u00e9s pendant les longs trajets en bus. Vous pouvez \u00e9galement apporter un meilleur livre pour passer le temps pendant votre voyage.<\/p>\n<h3>Leo Express a-t-il des toilettes \u00e0 bord ?<\/h3>\n<p>Non, les bus Leo Express n&#039;ont g\u00e9n\u00e9ralement pas de toilettes \u00e0 bord. N&#039;h\u00e9sitez pas, le bus fera des arr\u00eats lors de votre tour en bus afin que vous puissiez vous d\u00e9gourdir les jambes, utiliser les toilettes et prendre quelques collations.<\/p>\n<h3>Quelles sont les coordonn\u00e9es et les coordonn\u00e9es du bureau de Leo Luxury Coach &amp; Bus ?<\/h3>\n<p>Coach de luxe L\u00e9o<\/p>\n<p>P. O. Bo\u00eete 13884<br \/>\nTemeke, Dar Es Salaam, Tanzanie<\/p>\n<h2>Conseils de r\u00e9servation de billets en ligne Leo Luxury Coach<\/h2>\n<p>L&#039;autocar de luxe Leo n&#039;a que des mod\u00e8les de bus chinois, la plupart d&#039;entre eux \u00e9tant des mod\u00e8les Golden Dragon. Leurs bus sont de classes semi-luxe, certains d&#039;entre eux ayant des services de climatisation tout au long du trajet. Leurs bus ont \u00e9galement des divertissements \u00e0 bord ainsi que des bouch\u00e9es pour leurs passagers et des boissons non alcoolis\u00e9es.<\/p>","protected":false},"excerpt":{"rendered":"<p>Leo luxury Coach Online Ticket Booking&nbsp;Tanzania Discover your travel route on web, mobile or app and book cheap Leo luxury Coach bus tickets online now. Leo luxury Coach&nbsp;online booking made easy. Leo Luxury coach is a recently emerged intercity bus firm which serve between Dar es Salaam to southern Coast zone. Leo luxury coach risen [&hellip;]<\/p>\n","protected":false},"author":1,"featured_media":13999,"parent":0,"menu_order":0,"comment_status":"open","ping_status":"closed","template":"template-home-modern.php","meta":{"footnotes":""},"class_list":["post-10980","page","type-page","status-publish","has-post-thumbnail","hentry"],"yoast_head":"<!-- This site is optimized with the Yoast SEO plugin v27.3 - https:\/\/yoast.com\/product\/yoast-seo-wordpress\/ -->\n<title>Leo Luxury Coach Online Booking, Bus Tickets Reservation<\/title>\n<meta name=\"description\" content=\"Looking for Leo luxury Coach online booking, app, contacts, bus routes, fare and schedule? Make a Leo luxury Coach online ticket booking now\" \/>\n<meta name=\"robots\" content=\"index, follow, max-snippet:-1, max-image-preview:large, max-video-preview:-1\" \/>\n<link rel=\"canonical\" href=\"https:\/\/tiketi.com\/fr-fr\/leo-luxury-coach-buses\/\" \/>\n<meta property=\"og:locale\" content=\"fr_FR\" \/>\n<meta property=\"og:type\" content=\"article\" \/>\n<meta property=\"og:title\" content=\"Leo Luxury Coach Online Booking, Bus Tickets Reservation\" \/>\n<meta property=\"og:description\" content=\"Looking for Leo luxury Coach online booking, app, contacts, bus routes, fare and schedule? Make a Leo luxury Coach online ticket booking now\" \/>\n<meta property=\"og:url\" content=\"https:\/\/tiketi.com\/fr-fr\/leo-luxury-coach-buses\/\" \/>\n<meta property=\"og:site_name\" content=\"Tiketi.com\" \/>\n<meta property=\"article:publisher\" content=\"https:\/\/www.facebook.com\/TiketiCom\/\" \/>\n<meta property=\"article:modified_time\" content=\"2022-02-16T12:50:04+00:00\" \/>\n<meta property=\"og:image\" content=\"https:\/\/tiketi.com\/wp-content\/uploads\/2022\/01\/bus-ticket-online-booking.jpg\" \/>\n\t<meta property=\"og:image:width\" content=\"1200\" \/>\n\t<meta property=\"og:image:height\" content=\"206\" \/>\n\t<meta property=\"og:image:type\" content=\"image\/jpeg\" \/>\n<meta name=\"twitter:card\" content=\"summary_large_image\" \/>\n<meta name=\"twitter:label1\" content=\"Dur\u00e9e de lecture estim\u00e9e\" \/>\n\t<meta name=\"twitter:data1\" content=\"2 minutes\" \/>\n<script type=\"application\/ld+json\" class=\"yoast-schema-graph\">{\"@context\":\"https:\\\/\\\/schema.org\",\"@graph\":[{\"@type\":\"WebPage\",\"@id\":\"https:\\\/\\\/tiketi.com\\\/leo-luxury-coach-buses\\\/\",\"url\":\"https:\\\/\\\/tiketi.com\\\/leo-luxury-coach-buses\\\/\",\"name\":\"Leo Luxury Coach Online Booking, Bus Tickets Reservation\",\"isPartOf\":{\"@id\":\"https:\\\/\\\/tiketi.com\\\/#website\"},\"primaryImageOfPage\":{\"@id\":\"https:\\\/\\\/tiketi.com\\\/leo-luxury-coach-buses\\\/#primaryimage\"},\"image\":{\"@id\":\"https:\\\/\\\/tiketi.com\\\/leo-luxury-coach-buses\\\/#primaryimage\"},\"thumbnailUrl\":\"https:\\\/\\\/tiketi.com\\\/wp-content\\\/uploads\\\/2022\\\/01\\\/bus-ticket-online-booking.jpg\",\"datePublished\":\"2022-01-19T11:54:03+00:00\",\"dateModified\":\"2022-02-16T12:50:04+00:00\",\"description\":\"Looking for Leo luxury Coach online booking, app, contacts, bus routes, fare and schedule? Make a Leo luxury Coach online ticket booking now\",\"breadcrumb\":{\"@id\":\"https:\\\/\\\/tiketi.com\\\/leo-luxury-coach-buses\\\/#breadcrumb\"},\"inLanguage\":\"fr-FR\",\"potentialAction\":[{\"@type\":\"ReadAction\",\"target\":[\"https:\\\/\\\/tiketi.com\\\/leo-luxury-coach-buses\\\/\"]}]},{\"@type\":\"ImageObject\",\"inLanguage\":\"fr-FR\",\"@id\":\"https:\\\/\\\/tiketi.com\\\/leo-luxury-coach-buses\\\/#primaryimage\",\"url\":\"https:\\\/\\\/tiketi.com\\\/wp-content\\\/uploads\\\/2022\\\/01\\\/bus-ticket-online-booking.jpg\",\"contentUrl\":\"https:\\\/\\\/tiketi.com\\\/wp-content\\\/uploads\\\/2022\\\/01\\\/bus-ticket-online-booking.jpg\",\"width\":1200,\"height\":206,\"caption\":\"Online Bus Ticket Booking\"},{\"@type\":\"BreadcrumbList\",\"@id\":\"https:\\\/\\\/tiketi.com\\\/leo-luxury-coach-buses\\\/#breadcrumb\",\"itemListElement\":[{\"@type\":\"ListItem\",\"position\":1,\"name\":\"Home\",\"item\":\"https:\\\/\\\/tiketi.com\\\/\"},{\"@type\":\"ListItem\",\"position\":2,\"name\":\"Leo Luxury Coach Online Booking, Bus Tickets Reservation\"}]},{\"@type\":\"WebSite\",\"@id\":\"https:\\\/\\\/tiketi.com\\\/#website\",\"url\":\"https:\\\/\\\/tiketi.com\\\/\",\"name\":\"Flight & Bus Tickets, Tour Packages & Activitites - Tiketi.com\",\"description\":\"Flight &amp; Bus Tickets, Tours, Activitites\",\"publisher\":{\"@id\":\"https:\\\/\\\/tiketi.com\\\/#organization\"},\"potentialAction\":[{\"@type\":\"SearchAction\",\"target\":{\"@type\":\"EntryPoint\",\"urlTemplate\":\"https:\\\/\\\/tiketi.com\\\/?s={search_term_string}\"},\"query-input\":{\"@type\":\"PropertyValueSpecification\",\"valueRequired\":true,\"valueName\":\"search_term_string\"}}],\"inLanguage\":\"fr-FR\"},{\"@type\":\"Organization\",\"@id\":\"https:\\\/\\\/tiketi.com\\\/#organization\",\"name\":\"Tiketi.com\",\"alternateName\":\"Tiketi\",\"url\":\"https:\\\/\\\/tiketi.com\\\/\",\"logo\":{\"@type\":\"ImageObject\",\"inLanguage\":\"fr-FR\",\"@id\":\"https:\\\/\\\/tiketi.com\\\/#\\\/schema\\\/logo\\\/image\\\/\",\"url\":\"https:\\\/\\\/tiketi.com\\\/wp-content\\\/uploads\\\/2019\\\/05\\\/tiketi-logo-696.png\",\"contentUrl\":\"https:\\\/\\\/tiketi.com\\\/wp-content\\\/uploads\\\/2019\\\/05\\\/tiketi-logo-696.png\",\"width\":696,\"height\":696,\"caption\":\"Tiketi.com\"},\"image\":{\"@id\":\"https:\\\/\\\/tiketi.com\\\/#\\\/schema\\\/logo\\\/image\\\/\"},\"sameAs\":[\"https:\\\/\\\/www.facebook.com\\\/TiketiCom\\\/\"]}]}<\/script>\n<!-- \/ Yoast SEO plugin. -->","yoast_head_json":{"title":"R\u00e9servation en ligne Leo Luxury Coach, r\u00e9servation de billets de bus","description":"Vous recherchez une r\u00e9servation en ligne, une application, des contacts, des itin\u00e9raires de bus, des tarifs et des horaires Leo Luxury Coach? Faites une r\u00e9servation en ligne de billets Leo Luxury Coach maintenant","robots":{"index":"index","follow":"follow","max-snippet":"max-snippet:-1","max-image-preview":"max-image-preview:large","max-video-preview":"max-video-preview:-1"},"canonical":"https:\/\/tiketi.com\/fr-fr\/leo-luxury-coach-buses\/","og_locale":"fr_FR","og_type":"article","og_title":"Leo Luxury Coach Online Booking, Bus Tickets Reservation","og_description":"Looking for Leo luxury Coach online booking, app, contacts, bus routes, fare and schedule? Make a Leo luxury Coach online ticket booking now","og_url":"https:\/\/tiketi.com\/fr-fr\/leo-luxury-coach-buses\/","og_site_name":"Tiketi.com","article_publisher":"https:\/\/www.facebook.com\/TiketiCom\/","article_modified_time":"2022-02-16T12:50:04+00:00","og_image":[{"width":1200,"height":206,"url":"https:\/\/tiketi.com\/wp-content\/uploads\/2022\/01\/bus-ticket-online-booking.jpg","type":"image\/jpeg"}],"twitter_card":"summary_large_image","twitter_misc":{"Dur\u00e9e de lecture estim\u00e9e":"2 minutes"},"schema":{"@context":"https:\/\/schema.org","@graph":[{"@type":"WebPage","@id":"https:\/\/tiketi.com\/leo-luxury-coach-buses\/","url":"https:\/\/tiketi.com\/leo-luxury-coach-buses\/","name":"R\u00e9servation en ligne Leo Luxury Coach, r\u00e9servation de billets de bus","isPartOf":{"@id":"https:\/\/tiketi.com\/#website"},"primaryImageOfPage":{"@id":"https:\/\/tiketi.com\/leo-luxury-coach-buses\/#primaryimage"},"image":{"@id":"https:\/\/tiketi.com\/leo-luxury-coach-buses\/#primaryimage"},"thumbnailUrl":"https:\/\/tiketi.com\/wp-content\/uploads\/2022\/01\/bus-ticket-online-booking.jpg","datePublished":"2022-01-19T11:54:03+00:00","dateModified":"2022-02-16T12:50:04+00:00","description":"Vous recherchez une r\u00e9servation en ligne, une application, des contacts, des itin\u00e9raires de bus, des tarifs et des horaires Leo Luxury Coach? Faites une r\u00e9servation en ligne de billets Leo Luxury Coach maintenant","breadcrumb":{"@id":"https:\/\/tiketi.com\/leo-luxury-coach-buses\/#breadcrumb"},"inLanguage":"fr-FR","potentialAction":[{"@type":"ReadAction","target":["https:\/\/tiketi.com\/leo-luxury-coach-buses\/"]}]},{"@type":"ImageObject","inLanguage":"fr-FR","@id":"https:\/\/tiketi.com\/leo-luxury-coach-buses\/#primaryimage","url":"https:\/\/tiketi.com\/wp-content\/uploads\/2022\/01\/bus-ticket-online-booking.jpg","contentUrl":"https:\/\/tiketi.com\/wp-content\/uploads\/2022\/01\/bus-ticket-online-booking.jpg","width":1200,"height":206,"caption":"Online Bus Ticket Booking"},{"@type":"BreadcrumbList","@id":"https:\/\/tiketi.com\/leo-luxury-coach-buses\/#breadcrumb","itemListElement":[{"@type":"ListItem","position":1,"name":"Home","item":"https:\/\/tiketi.com\/"},{"@type":"ListItem","position":2,"name":"Leo Luxury Coach Online Booking, Bus Tickets Reservation"}]},{"@type":"WebSite","@id":"https:\/\/tiketi.com\/#website","url":"https:\/\/tiketi.com\/","name":"Billets d&#039;avion et de bus, forfaits touristiques et activit\u00e9s - Tiketi.com","description":"Billets d&#039;avion et de bus, Tours, Activit\u00e9s","publisher":{"@id":"https:\/\/tiketi.com\/#organization"},"potentialAction":[{"@type":"SearchAction","target":{"@type":"EntryPoint","urlTemplate":"https:\/\/tiketi.com\/?s={search_term_string}"},"query-input":{"@type":"PropertyValueSpecification","valueRequired":true,"valueName":"search_term_string"}}],"inLanguage":"fr-FR"},{"@type":"Organization","@id":"https:\/\/tiketi.com\/#organization","name":"Tiketi.com","alternateName":"Tiketi","url":"https:\/\/tiketi.com\/","logo":{"@type":"ImageObject","inLanguage":"fr-FR","@id":"https:\/\/tiketi.com\/#\/schema\/logo\/image\/","url":"https:\/\/tiketi.com\/wp-content\/uploads\/2019\/05\/tiketi-logo-696.png","contentUrl":"https:\/\/tiketi.com\/wp-content\/uploads\/2019\/05\/tiketi-logo-696.png","width":696,"height":696,"caption":"Tiketi.com"},"image":{"@id":"https:\/\/tiketi.com\/#\/schema\/logo\/image\/"},"sameAs":["https:\/\/www.facebook.com\/TiketiCom\/"]}]}},"_links":{"self":[{"href":"https:\/\/tiketi.com\/fr-fr\/wp-json\/wp\/v2\/pages\/10980","targetHints":{"allow":["GET"]}}],"collection":[{"href":"https:\/\/tiketi.com\/fr-fr\/wp-json\/wp\/v2\/pages"}],"about":[{"href":"https:\/\/tiketi.com\/fr-fr\/wp-json\/wp\/v2\/types\/page"}],"author":[{"embeddable":true,"href":"https:\/\/tiketi.com\/fr-fr\/wp-json\/wp\/v2\/users\/1"}],"replies":[{"embeddable":true,"href":"https:\/\/tiketi.com\/fr-fr\/wp-json\/wp\/v2\/comments?post=10980"}],"version-history":[{"count":0,"href":"https:\/\/tiketi.com\/fr-fr\/wp-json\/wp\/v2\/pages\/10980\/revisions"}],"wp:featuredmedia":[{"embeddable":true,"href":"https:\/\/tiketi.com\/fr-fr\/wp-json\/wp\/v2\/media\/13999"}],"wp:attachment":[{"href":"https:\/\/tiketi.com\/fr-fr\/wp-json\/wp\/v2\/media?parent=10980"}],"curies":[{"name":"wp","href":"https:\/\/api.w.org\/{rel}","templated":true}]}}