{"id":10982,"date":"2022-01-19T12:54:03","date_gmt":"2022-01-19T11:54:03","guid":{"rendered":"https:\/\/new.tiketi.com\/king-lion-bus-online-booking-bus-tickets-reservation\/"},"modified":"2022-02-16T11:56:04","modified_gmt":"2022-02-16T10:56:04","slug":"king-lion-buses","status":"publish","type":"page","link":"https:\/\/tiketi.com\/fr-fr\/king-lion-buses\/","title":{"rendered":"R\u00e9servation en ligne du bus King Lion, billets de bus, tarifs et horaires"},"content":{"rendered":"<h2>R\u00e9servation de billets de bus en ligne King Lion Zimbabwe<\/h2>\n<h3>D\u00e9couvrez votre itin\u00e9raire de voyage sur le web, le mobile ou l&#039;application et r\u00e9servez d\u00e8s maintenant des billets de bus King Lion pas chers en ligne.<\/h3>\n<p>La r\u00e9servation en ligne du bus King Lion en toute simplicit\u00e9. King Lion est une entreprise de transport de passagers desservant les routes locales et r\u00e9gionales qui a commenc\u00e9 \u00e0 fonctionner en 2013. Leur objectif strat\u00e9gique est de devenir l&#039;op\u00e9rateur de passagers de choix dans la r\u00e9gion. Alors faites la r\u00e9servation de billets de bus en ligne King Lion maintenant!<\/p>\n<h2>FAQ sur la r\u00e9servation en ligne de King Lion Bus<\/h2>\n<h3>Quels sont les itin\u00e9raires et les prix des bus King Lion ?<\/h3>\n<p>\u2022 Gweru \u00e0 Lusaka<br \/>\n\u2022 Harare \u00e0 Lusaka<\/p>\n<h3>Les autres lignes de bus King Lion contiennent les villes suivantes\u00a0:<\/h3>\n<p>Bulwayo, Mutare, les chutes Victoria, Harare, Kariba, Plumtree et Beitbridge<\/p>\n<h3>Services d&#039;autobus et d&#039;autocars King Lion<\/h3>\n<p><strong>Transport de passagers<\/strong><\/p>\n<p>Leur service cl\u00e9 est le transport de passagers au Zimbabwe et dans les pays voisins comme le Mozambique, la Zambie et d&#039;autres. Ils desservent d\u00e9sormais respectivement la Zambie et le Zimbabwe comme des d\u00e9parts quotidiens et des horaires dans toutes les villes o\u00f9 ils ont des places.<\/p>\n<p><strong>Remorque caisse King Lion 10 000 kg<\/strong><\/p>\n<p>Ils offrent une large gamme de services de location de remorques, destin\u00e9s \u00e0 de grands groupes de voyageurs ou \u00e0 des familles. Leur service est s\u00e9curis\u00e9 et s\u00e9curis\u00e9, le tout pour s&#039;assurer que vous vous reposez tranquillement et que vous vous adonnez au luxe que leurs autocars ont \u00e0 offrir, avec la certitude d\u00e9tendue que vos bagages sont intacts et sauvegard\u00e9s.<\/p>\n<p><strong>\u00c9glise, mariages, loisirs, voyages scolaires, fun\u00e9railles et sports<\/strong><\/p>\n<p>Ils ont un service de location de bus expert et efficace juste pour vous, et leur large gamme de services couvre de nombreux \u00e9v\u00e9nements, y compris l&#039;\u00e9glise, les mariages et les voyages scolaires, les voyages sportifs ou de loisirs ainsi que les m\u00e9moriaux et les fun\u00e9railles. King Lion est l\u00e0 pour s&#039;assurer que votre voyage de groupe soit relaxant, s\u00fbr et efficace. Ils vous ont couvert via n&#039;importe quel \u00e9v\u00e9nement.<\/p>\n<h3>Quelles sont les coordonn\u00e9es et les coordonn\u00e9es du bureau des bus King Lion\u00a0?<\/h3>\n<p>Autoroutes du Roi Lion (Pvt)<\/p>\n<p>Cnr Robert Mugabe Way &amp; 5th Street<br \/>\nHarare, Zimbabw\u00e9<\/p>\n<h2>Conseils de r\u00e9servation de billets de bus en ligne King Lion<\/h2>\n<p>Leur objectif est de servir les clients et d&#039;ajouter une v\u00e9ritable valeur \u00e0 toutes leurs principales parties prenantes en fournissant des services de qualit\u00e9 sup\u00e9rieure qui r\u00e9pondent et d\u00e9passent les attentes et les besoins de leurs passagers. . Leur premier bus a commenc\u00e9 \u00e0 fonctionner le 8 juin 2013 en tant qu&#039;entreprise individuelle sous la fiducie familiale King Lion DT.<\/p>","protected":false},"excerpt":{"rendered":"<p>King Lion Online Bus Ticket Booking&nbsp;Zimbabwe Discover your travel route on web, mobile or app and book cheap King Lion bus tickets online now. King Lion bus online booking made easy. King Lion is a passenger transport firm servicing local and regional routes which started operating in 2013. Their strategic aim is to become the [&hellip;]<\/p>\n","protected":false},"author":1,"featured_media":13999,"parent":0,"menu_order":0,"comment_status":"open","ping_status":"closed","template":"template-home-modern.php","meta":{"footnotes":""},"class_list":["post-10982","page","type-page","status-publish","has-post-thumbnail","hentry"],"yoast_head":"<!-- This site is optimized with the Yoast SEO plugin v27.2 - https:\/\/yoast.com\/product\/yoast-seo-wordpress\/ -->\n<title>King Lion Bus Online Booking, Bus Tickets, Fare &amp; Schedule<\/title>\n<meta name=\"description\" content=\"Looking for King Lion bus online booking? Make a King Lion online bus ticket booking online now and save time and money!\" \/>\n<meta name=\"robots\" content=\"index, follow, max-snippet:-1, max-image-preview:large, max-video-preview:-1\" \/>\n<link rel=\"canonical\" href=\"https:\/\/tiketi.com\/fr-fr\/king-lion-buses\/\" \/>\n<meta property=\"og:locale\" content=\"fr_FR\" \/>\n<meta property=\"og:type\" content=\"article\" \/>\n<meta property=\"og:title\" content=\"King Lion Bus Online Booking, Bus Tickets, Fare &amp; Schedule\" \/>\n<meta property=\"og:description\" content=\"Looking for King Lion bus online booking? Make a King Lion online bus ticket booking online now and save time and money!\" \/>\n<meta property=\"og:url\" content=\"https:\/\/tiketi.com\/fr-fr\/king-lion-buses\/\" \/>\n<meta property=\"og:site_name\" content=\"Tiketi.com\" \/>\n<meta property=\"article:publisher\" content=\"https:\/\/www.facebook.com\/TiketiCom\/\" \/>\n<meta property=\"article:modified_time\" content=\"2022-02-16T10:56:04+00:00\" \/>\n<meta property=\"og:image\" content=\"https:\/\/tiketi.com\/wp-content\/uploads\/2022\/01\/bus-ticket-online-booking.jpg\" \/>\n\t<meta property=\"og:image:width\" content=\"1200\" \/>\n\t<meta property=\"og:image:height\" content=\"206\" \/>\n\t<meta property=\"og:image:type\" content=\"image\/jpeg\" \/>\n<meta name=\"twitter:card\" content=\"summary_large_image\" \/>\n<meta name=\"twitter:label1\" content=\"Dur\u00e9e de lecture estim\u00e9e\" \/>\n\t<meta name=\"twitter:data1\" content=\"2 minutes\" \/>\n<script type=\"application\/ld+json\" class=\"yoast-schema-graph\">{\"@context\":\"https:\/\/schema.org\",\"@graph\":[{\"@type\":\"WebPage\",\"@id\":\"https:\/\/tiketi.com\/king-lion-buses\/\",\"url\":\"https:\/\/tiketi.com\/king-lion-buses\/\",\"name\":\"King Lion Bus Online Booking, Bus Tickets, Fare & Schedule\",\"isPartOf\":{\"@id\":\"https:\/\/tiketi.com\/#website\"},\"primaryImageOfPage\":{\"@id\":\"https:\/\/tiketi.com\/king-lion-buses\/#primaryimage\"},\"image\":{\"@id\":\"https:\/\/tiketi.com\/king-lion-buses\/#primaryimage\"},\"thumbnailUrl\":\"https:\/\/tiketi.com\/wp-content\/uploads\/2022\/01\/bus-ticket-online-booking.jpg\",\"datePublished\":\"2022-01-19T11:54:03+00:00\",\"dateModified\":\"2022-02-16T10:56:04+00:00\",\"description\":\"Looking for King Lion bus online booking? Make a King Lion online bus ticket booking online now and save time and money!\",\"breadcrumb\":{\"@id\":\"https:\/\/tiketi.com\/king-lion-buses\/#breadcrumb\"},\"inLanguage\":\"fr-FR\",\"potentialAction\":[{\"@type\":\"ReadAction\",\"target\":[\"https:\/\/tiketi.com\/king-lion-buses\/\"]}]},{\"@type\":\"ImageObject\",\"inLanguage\":\"fr-FR\",\"@id\":\"https:\/\/tiketi.com\/king-lion-buses\/#primaryimage\",\"url\":\"https:\/\/tiketi.com\/wp-content\/uploads\/2022\/01\/bus-ticket-online-booking.jpg\",\"contentUrl\":\"https:\/\/tiketi.com\/wp-content\/uploads\/2022\/01\/bus-ticket-online-booking.jpg\",\"width\":1200,\"height\":206,\"caption\":\"Online Bus Ticket Booking\"},{\"@type\":\"BreadcrumbList\",\"@id\":\"https:\/\/tiketi.com\/king-lion-buses\/#breadcrumb\",\"itemListElement\":[{\"@type\":\"ListItem\",\"position\":1,\"name\":\"Home\",\"item\":\"https:\/\/tiketi.com\/\"},{\"@type\":\"ListItem\",\"position\":2,\"name\":\"King Lion Bus Online Booking, Bus Tickets, Fare &#038; Schedule\"}]},{\"@type\":\"WebSite\",\"@id\":\"https:\/\/tiketi.com\/#website\",\"url\":\"https:\/\/tiketi.com\/\",\"name\":\"Flight & Bus Tickets, Tour Packages & Activitites - Tiketi.com\",\"description\":\"Flight &amp; Bus Tickets, Tours, Activitites\",\"publisher\":{\"@id\":\"https:\/\/tiketi.com\/#organization\"},\"potentialAction\":[{\"@type\":\"SearchAction\",\"target\":{\"@type\":\"EntryPoint\",\"urlTemplate\":\"https:\/\/tiketi.com\/?s={search_term_string}\"},\"query-input\":{\"@type\":\"PropertyValueSpecification\",\"valueRequired\":true,\"valueName\":\"search_term_string\"}}],\"inLanguage\":\"fr-FR\"},{\"@type\":\"Organization\",\"@id\":\"https:\/\/tiketi.com\/#organization\",\"name\":\"Tiketi.com\",\"alternateName\":\"Tiketi\",\"url\":\"https:\/\/tiketi.com\/\",\"logo\":{\"@type\":\"ImageObject\",\"inLanguage\":\"fr-FR\",\"@id\":\"https:\/\/tiketi.com\/#\/schema\/logo\/image\/\",\"url\":\"https:\/\/tiketi.com\/wp-content\/uploads\/2019\/05\/tiketi-logo-696.png\",\"contentUrl\":\"https:\/\/tiketi.com\/wp-content\/uploads\/2019\/05\/tiketi-logo-696.png\",\"width\":696,\"height\":696,\"caption\":\"Tiketi.com\"},\"image\":{\"@id\":\"https:\/\/tiketi.com\/#\/schema\/logo\/image\/\"},\"sameAs\":[\"https:\/\/www.facebook.com\/TiketiCom\/\"]}]}<\/script>\n<!-- \/ Yoast SEO plugin. -->","yoast_head_json":{"title":"R\u00e9servation en ligne du bus King Lion, billets de bus, tarifs et horaires","description":"Vous recherchez une r\u00e9servation en ligne de bus King Lion? Faites une r\u00e9servation de billet de bus en ligne King Lion en ligne maintenant et \u00e9conomisez du temps et de l&#039;argent!","robots":{"index":"index","follow":"follow","max-snippet":"max-snippet:-1","max-image-preview":"max-image-preview:large","max-video-preview":"max-video-preview:-1"},"canonical":"https:\/\/tiketi.com\/fr-fr\/king-lion-buses\/","og_locale":"fr_FR","og_type":"article","og_title":"King Lion Bus Online Booking, Bus Tickets, Fare & Schedule","og_description":"Looking for King Lion bus online booking? Make a King Lion online bus ticket booking online now and save time and money!","og_url":"https:\/\/tiketi.com\/fr-fr\/king-lion-buses\/","og_site_name":"Tiketi.com","article_publisher":"https:\/\/www.facebook.com\/TiketiCom\/","article_modified_time":"2022-02-16T10:56:04+00:00","og_image":[{"width":1200,"height":206,"url":"https:\/\/tiketi.com\/wp-content\/uploads\/2022\/01\/bus-ticket-online-booking.jpg","type":"image\/jpeg"}],"twitter_card":"summary_large_image","twitter_misc":{"Dur\u00e9e de lecture estim\u00e9e":"2 minutes"},"schema":{"@context":"https:\/\/schema.org","@graph":[{"@type":"WebPage","@id":"https:\/\/tiketi.com\/king-lion-buses\/","url":"https:\/\/tiketi.com\/king-lion-buses\/","name":"R\u00e9servation en ligne du bus King Lion, billets de bus, tarifs et horaires","isPartOf":{"@id":"https:\/\/tiketi.com\/#website"},"primaryImageOfPage":{"@id":"https:\/\/tiketi.com\/king-lion-buses\/#primaryimage"},"image":{"@id":"https:\/\/tiketi.com\/king-lion-buses\/#primaryimage"},"thumbnailUrl":"https:\/\/tiketi.com\/wp-content\/uploads\/2022\/01\/bus-ticket-online-booking.jpg","datePublished":"2022-01-19T11:54:03+00:00","dateModified":"2022-02-16T10:56:04+00:00","description":"Vous recherchez une r\u00e9servation en ligne de bus King Lion? Faites une r\u00e9servation de billet de bus en ligne King Lion en ligne maintenant et \u00e9conomisez du temps et de l&#039;argent!","breadcrumb":{"@id":"https:\/\/tiketi.com\/king-lion-buses\/#breadcrumb"},"inLanguage":"fr-FR","potentialAction":[{"@type":"ReadAction","target":["https:\/\/tiketi.com\/king-lion-buses\/"]}]},{"@type":"ImageObject","inLanguage":"fr-FR","@id":"https:\/\/tiketi.com\/king-lion-buses\/#primaryimage","url":"https:\/\/tiketi.com\/wp-content\/uploads\/2022\/01\/bus-ticket-online-booking.jpg","contentUrl":"https:\/\/tiketi.com\/wp-content\/uploads\/2022\/01\/bus-ticket-online-booking.jpg","width":1200,"height":206,"caption":"Online Bus Ticket Booking"},{"@type":"BreadcrumbList","@id":"https:\/\/tiketi.com\/king-lion-buses\/#breadcrumb","itemListElement":[{"@type":"ListItem","position":1,"name":"Home","item":"https:\/\/tiketi.com\/"},{"@type":"ListItem","position":2,"name":"King Lion Bus Online Booking, Bus Tickets, Fare &#038; Schedule"}]},{"@type":"WebSite","@id":"https:\/\/tiketi.com\/#website","url":"https:\/\/tiketi.com\/","name":"Billets d&#039;avion et de bus, forfaits touristiques et activit\u00e9s - Tiketi.com","description":"Billets d&#039;avion et de bus, Tours, Activit\u00e9s","publisher":{"@id":"https:\/\/tiketi.com\/#organization"},"potentialAction":[{"@type":"SearchAction","target":{"@type":"EntryPoint","urlTemplate":"https:\/\/tiketi.com\/?s={search_term_string}"},"query-input":{"@type":"PropertyValueSpecification","valueRequired":true,"valueName":"search_term_string"}}],"inLanguage":"fr-FR"},{"@type":"Organization","@id":"https:\/\/tiketi.com\/#organization","name":"Tiketi.com","alternateName":"Tiketi","url":"https:\/\/tiketi.com\/","logo":{"@type":"ImageObject","inLanguage":"fr-FR","@id":"https:\/\/tiketi.com\/#\/schema\/logo\/image\/","url":"https:\/\/tiketi.com\/wp-content\/uploads\/2019\/05\/tiketi-logo-696.png","contentUrl":"https:\/\/tiketi.com\/wp-content\/uploads\/2019\/05\/tiketi-logo-696.png","width":696,"height":696,"caption":"Tiketi.com"},"image":{"@id":"https:\/\/tiketi.com\/#\/schema\/logo\/image\/"},"sameAs":["https:\/\/www.facebook.com\/TiketiCom\/"]}]}},"_links":{"self":[{"href":"https:\/\/tiketi.com\/fr-fr\/wp-json\/wp\/v2\/pages\/10982","targetHints":{"allow":["GET"]}}],"collection":[{"href":"https:\/\/tiketi.com\/fr-fr\/wp-json\/wp\/v2\/pages"}],"about":[{"href":"https:\/\/tiketi.com\/fr-fr\/wp-json\/wp\/v2\/types\/page"}],"author":[{"embeddable":true,"href":"https:\/\/tiketi.com\/fr-fr\/wp-json\/wp\/v2\/users\/1"}],"replies":[{"embeddable":true,"href":"https:\/\/tiketi.com\/fr-fr\/wp-json\/wp\/v2\/comments?post=10982"}],"version-history":[{"count":0,"href":"https:\/\/tiketi.com\/fr-fr\/wp-json\/wp\/v2\/pages\/10982\/revisions"}],"wp:featuredmedia":[{"embeddable":true,"href":"https:\/\/tiketi.com\/fr-fr\/wp-json\/wp\/v2\/media\/13999"}],"wp:attachment":[{"href":"https:\/\/tiketi.com\/fr-fr\/wp-json\/wp\/v2\/media?parent=10982"}],"curies":[{"name":"wp","href":"https:\/\/api.w.org\/{rel}","templated":true}]}}