{"id":10983,"date":"2022-01-19T12:54:03","date_gmt":"2022-01-19T11:54:03","guid":{"rendered":"https:\/\/new.tiketi.com\/kisesa-express-bus-online-booking-bus-tickets-reservation\/"},"modified":"2023-02-20T14:18:57","modified_gmt":"2023-02-20T13:18:57","slug":"kisesa-express-bus-services","status":"publish","type":"page","link":"https:\/\/tiketi.com\/fr-fr\/companies\/buses\/kisesa-express-bus-services\/","title":{"rendered":"R\u00e9servation en ligne Kisesa Express, billets de bus, itin\u00e9raire, horaires et tarifs"},"content":{"rendered":"<h2>R\u00e9servation de billets en ligne pas cher pour le bus Kisesa<\/h2>\n<h3>D\u00e9couvrez votre itin\u00e9raire de voyage sur le web, le mobile ou l&#039;application et r\u00e9servez d\u00e8s maintenant en ligne des billets de bus Kisesa pas chers.<\/h3>\n<p>La r\u00e9servation en ligne Kisesa Express simplifi\u00e9e. Kisesa Express est une compagnie de bus interurbain qui relie Dar es Salaam et la ville de Mwanza. La mont\u00e9e en puissance de ces derni\u00e8res ann\u00e9es a \u00e9t\u00e9 incorpor\u00e9e en 2012. Ils utilisent un bus chinois Zhongtong qui est \u00e9quip\u00e9 de beaucoup de choses pour rafra\u00eechir leurs clients. Alors faites la r\u00e9servation de billets en ligne pour le bus Kisesa maintenant!<\/p>\n<h2>FAQ sur la r\u00e9servation en ligne de Kisesa Express, les billets de bus, les itin\u00e9raires, les horaires et les tarifs<\/h2>\n<h3>Quels sont les trajets et les tarifs des bus Kisesa ?<\/h3>\n<p>Mwanza \u2013 Dar es Salam<\/p>\n<h3>Quelles sont les coordonn\u00e9es et les coordonn\u00e9es du bureau de Kisesa Expresses\u00a0?<\/h3>\n<p>PO Box 306, Mwanza<br \/>\nDar es Salaam, Tanzanie<\/p>\n<h2>Conseils de r\u00e9servation de billets en ligne pour le bus Kisesa<\/h2>\n<p>Kisesa Express est une sous-soci\u00e9t\u00e9 de la soci\u00e9t\u00e9 de bus Zuberi. Ils courent avec un bus semi-luxe pour leur seul itin\u00e9raire avec lequel ils ont commenc\u00e9. J&#039;esp\u00e8re que dans les prochains jours, l&#039;entreprise \u00e9tendra ses services \u00e0 d&#039;autres parties en Tanzanie.<\/p>","protected":false},"excerpt":{"rendered":"<p>Cheap Kisesa Bus Online Ticket Booking Discover your travel route on web, mobile or app and book cheap Kisesa bus tickets online now. Kisesa Express online booking made easy. Kisesa Express is an intercity bus firm which link between Dar es Salaam and Mwanza city. The firm rise in the recent years was incorporated in [&hellip;]<\/p>\n","protected":false},"author":1,"featured_media":13999,"parent":25524,"menu_order":0,"comment_status":"open","ping_status":"closed","template":"template-home-modern.php","meta":{"footnotes":""},"class_list":["post-10983","page","type-page","status-publish","has-post-thumbnail","hentry"],"yoast_head":"<!-- This site is optimized with the Yoast SEO plugin v27.5 - https:\/\/yoast.com\/product\/yoast-seo-wordpress\/ -->\n<title>Kisesa Express Online Booking, Bus Tickets Reservation<\/title>\n<meta name=\"description\" content=\"Looking for Kisesa Express online booking? Make a Kisesa Express online bus ticket booking online now and save time and money!\" \/>\n<meta name=\"robots\" content=\"index, follow, max-snippet:-1, max-image-preview:large, max-video-preview:-1\" \/>\n<link rel=\"canonical\" href=\"https:\/\/tiketi.com\/fr-fr\/kampuni\/mabasi\/kisesa-express-bus-services\/\" \/>\n<meta property=\"og:locale\" content=\"fr_FR\" \/>\n<meta property=\"og:type\" content=\"article\" \/>\n<meta property=\"og:title\" content=\"Kisesa Express Online Booking, Bus Tickets Reservation\" \/>\n<meta property=\"og:description\" content=\"Looking for Kisesa Express online booking? Make a Kisesa Express online bus ticket booking online now and save time and money!\" \/>\n<meta property=\"og:url\" content=\"https:\/\/tiketi.com\/fr-fr\/kampuni\/mabasi\/kisesa-express-bus-services\/\" \/>\n<meta property=\"og:site_name\" content=\"Tiketi.com\" \/>\n<meta property=\"article:publisher\" content=\"https:\/\/www.facebook.com\/TiketiCom\/\" \/>\n<meta property=\"article:modified_time\" content=\"2023-02-20T13:18:57+00:00\" \/>\n<meta property=\"og:image\" content=\"https:\/\/tiketi.com\/wp-content\/uploads\/2022\/01\/bus-ticket-online-booking.jpg\" \/>\n\t<meta property=\"og:image:width\" content=\"1200\" \/>\n\t<meta property=\"og:image:height\" content=\"206\" \/>\n\t<meta property=\"og:image:type\" content=\"image\/jpeg\" \/>\n<meta name=\"twitter:card\" content=\"summary_large_image\" \/>\n<meta name=\"twitter:label1\" content=\"Dur\u00e9e de lecture estim\u00e9e\" \/>\n\t<meta name=\"twitter:data1\" content=\"1 minute\" \/>\n<script type=\"application\/ld+json\" class=\"yoast-schema-graph\">{\"@context\":\"https:\\\/\\\/schema.org\",\"@graph\":[{\"@type\":\"WebPage\",\"@id\":\"https:\\\/\\\/tiketi.com\\\/sw\\\/kampuni\\\/mabasi\\\/kisesa-express-bus-services\\\/\",\"url\":\"https:\\\/\\\/tiketi.com\\\/sw\\\/kampuni\\\/mabasi\\\/kisesa-express-bus-services\\\/\",\"name\":\"Kisesa Express Online Booking, Bus Tickets Reservation\",\"isPartOf\":{\"@id\":\"https:\\\/\\\/tiketi.com\\\/#website\"},\"primaryImageOfPage\":{\"@id\":\"https:\\\/\\\/tiketi.com\\\/sw\\\/kampuni\\\/mabasi\\\/kisesa-express-bus-services\\\/#primaryimage\"},\"image\":{\"@id\":\"https:\\\/\\\/tiketi.com\\\/sw\\\/kampuni\\\/mabasi\\\/kisesa-express-bus-services\\\/#primaryimage\"},\"thumbnailUrl\":\"https:\\\/\\\/tiketi.com\\\/wp-content\\\/uploads\\\/2022\\\/01\\\/bus-ticket-online-booking.jpg\",\"datePublished\":\"2022-01-19T11:54:03+00:00\",\"dateModified\":\"2023-02-20T13:18:57+00:00\",\"description\":\"Looking for Kisesa Express online booking? Make a Kisesa Express online bus ticket booking online now and save time and money!\",\"breadcrumb\":{\"@id\":\"https:\\\/\\\/tiketi.com\\\/sw\\\/kampuni\\\/mabasi\\\/kisesa-express-bus-services\\\/#breadcrumb\"},\"inLanguage\":\"fr-FR\",\"potentialAction\":[{\"@type\":\"ReadAction\",\"target\":[\"https:\\\/\\\/tiketi.com\\\/sw\\\/kampuni\\\/mabasi\\\/kisesa-express-bus-services\\\/\"]}]},{\"@type\":\"ImageObject\",\"inLanguage\":\"fr-FR\",\"@id\":\"https:\\\/\\\/tiketi.com\\\/sw\\\/kampuni\\\/mabasi\\\/kisesa-express-bus-services\\\/#primaryimage\",\"url\":\"https:\\\/\\\/tiketi.com\\\/wp-content\\\/uploads\\\/2022\\\/01\\\/bus-ticket-online-booking.jpg\",\"contentUrl\":\"https:\\\/\\\/tiketi.com\\\/wp-content\\\/uploads\\\/2022\\\/01\\\/bus-ticket-online-booking.jpg\",\"width\":1200,\"height\":206,\"caption\":\"Online Bus Ticket Booking\"},{\"@type\":\"BreadcrumbList\",\"@id\":\"https:\\\/\\\/tiketi.com\\\/sw\\\/kampuni\\\/mabasi\\\/kisesa-express-bus-services\\\/#breadcrumb\",\"itemListElement\":[{\"@type\":\"ListItem\",\"position\":1,\"name\":\"Home\",\"item\":\"https:\\\/\\\/tiketi.com\\\/\"},{\"@type\":\"ListItem\",\"position\":2,\"name\":\"Companies\",\"item\":\"https:\\\/\\\/tiketi.com\\\/companies\\\/\"},{\"@type\":\"ListItem\",\"position\":3,\"name\":\"Buses\",\"item\":\"https:\\\/\\\/tiketi.com\\\/companies\\\/buses\\\/\"},{\"@type\":\"ListItem\",\"position\":4,\"name\":\"Kisesa Express Online Booking, Bus Tickets, Route, Schedule &#038; Fare\"}]},{\"@type\":\"WebSite\",\"@id\":\"https:\\\/\\\/tiketi.com\\\/#website\",\"url\":\"https:\\\/\\\/tiketi.com\\\/\",\"name\":\"Flight & Bus Tickets, Tour Packages & Activitites - Tiketi.com\",\"description\":\"Flight &amp; Bus Tickets, Tours, Activitites\",\"publisher\":{\"@id\":\"https:\\\/\\\/tiketi.com\\\/#organization\"},\"potentialAction\":[{\"@type\":\"SearchAction\",\"target\":{\"@type\":\"EntryPoint\",\"urlTemplate\":\"https:\\\/\\\/tiketi.com\\\/?s={search_term_string}\"},\"query-input\":{\"@type\":\"PropertyValueSpecification\",\"valueRequired\":true,\"valueName\":\"search_term_string\"}}],\"inLanguage\":\"fr-FR\"},{\"@type\":\"Organization\",\"@id\":\"https:\\\/\\\/tiketi.com\\\/#organization\",\"name\":\"Tiketi.com\",\"alternateName\":\"Tiketi\",\"url\":\"https:\\\/\\\/tiketi.com\\\/\",\"logo\":{\"@type\":\"ImageObject\",\"inLanguage\":\"fr-FR\",\"@id\":\"https:\\\/\\\/tiketi.com\\\/#\\\/schema\\\/logo\\\/image\\\/\",\"url\":\"https:\\\/\\\/tiketi.com\\\/wp-content\\\/uploads\\\/2019\\\/05\\\/tiketi-logo-696.png\",\"contentUrl\":\"https:\\\/\\\/tiketi.com\\\/wp-content\\\/uploads\\\/2019\\\/05\\\/tiketi-logo-696.png\",\"width\":696,\"height\":696,\"caption\":\"Tiketi.com\"},\"image\":{\"@id\":\"https:\\\/\\\/tiketi.com\\\/#\\\/schema\\\/logo\\\/image\\\/\"},\"sameAs\":[\"https:\\\/\\\/www.facebook.com\\\/TiketiCom\\\/\"]}]}<\/script>\n<!-- \/ Yoast SEO plugin. -->","yoast_head_json":{"title":"R\u00e9servation en ligne Kisesa Express, r\u00e9servation de billets de bus","description":"Vous recherchez une r\u00e9servation en ligne Kisesa Express? Faites une r\u00e9servation en ligne de billets de bus Kisesa Express en ligne d\u00e8s maintenant et \u00e9conomisez du temps et de l&#039;argent !","robots":{"index":"index","follow":"follow","max-snippet":"max-snippet:-1","max-image-preview":"max-image-preview:large","max-video-preview":"max-video-preview:-1"},"canonical":"https:\/\/tiketi.com\/fr-fr\/kampuni\/mabasi\/kisesa-express-bus-services\/","og_locale":"fr_FR","og_type":"article","og_title":"Kisesa Express Online Booking, Bus Tickets Reservation","og_description":"Looking for Kisesa Express online booking? Make a Kisesa Express online bus ticket booking online now and save time and money!","og_url":"https:\/\/tiketi.com\/fr-fr\/kampuni\/mabasi\/kisesa-express-bus-services\/","og_site_name":"Tiketi.com","article_publisher":"https:\/\/www.facebook.com\/TiketiCom\/","article_modified_time":"2023-02-20T13:18:57+00:00","og_image":[{"width":1200,"height":206,"url":"https:\/\/tiketi.com\/wp-content\/uploads\/2022\/01\/bus-ticket-online-booking.jpg","type":"image\/jpeg"}],"twitter_card":"summary_large_image","twitter_misc":{"Dur\u00e9e de lecture estim\u00e9e":"1 minute"},"schema":{"@context":"https:\/\/schema.org","@graph":[{"@type":"WebPage","@id":"https:\/\/tiketi.com\/sw\/kampuni\/mabasi\/kisesa-express-bus-services\/","url":"https:\/\/tiketi.com\/sw\/kampuni\/mabasi\/kisesa-express-bus-services\/","name":"R\u00e9servation en ligne Kisesa Express, r\u00e9servation de billets de bus","isPartOf":{"@id":"https:\/\/tiketi.com\/#website"},"primaryImageOfPage":{"@id":"https:\/\/tiketi.com\/sw\/kampuni\/mabasi\/kisesa-express-bus-services\/#primaryimage"},"image":{"@id":"https:\/\/tiketi.com\/sw\/kampuni\/mabasi\/kisesa-express-bus-services\/#primaryimage"},"thumbnailUrl":"https:\/\/tiketi.com\/wp-content\/uploads\/2022\/01\/bus-ticket-online-booking.jpg","datePublished":"2022-01-19T11:54:03+00:00","dateModified":"2023-02-20T13:18:57+00:00","description":"Vous recherchez une r\u00e9servation en ligne Kisesa Express? Faites une r\u00e9servation en ligne de billets de bus Kisesa Express en ligne d\u00e8s maintenant et \u00e9conomisez du temps et de l&#039;argent !","breadcrumb":{"@id":"https:\/\/tiketi.com\/sw\/kampuni\/mabasi\/kisesa-express-bus-services\/#breadcrumb"},"inLanguage":"fr-FR","potentialAction":[{"@type":"ReadAction","target":["https:\/\/tiketi.com\/sw\/kampuni\/mabasi\/kisesa-express-bus-services\/"]}]},{"@type":"ImageObject","inLanguage":"fr-FR","@id":"https:\/\/tiketi.com\/sw\/kampuni\/mabasi\/kisesa-express-bus-services\/#primaryimage","url":"https:\/\/tiketi.com\/wp-content\/uploads\/2022\/01\/bus-ticket-online-booking.jpg","contentUrl":"https:\/\/tiketi.com\/wp-content\/uploads\/2022\/01\/bus-ticket-online-booking.jpg","width":1200,"height":206,"caption":"Online Bus Ticket Booking"},{"@type":"BreadcrumbList","@id":"https:\/\/tiketi.com\/sw\/kampuni\/mabasi\/kisesa-express-bus-services\/#breadcrumb","itemListElement":[{"@type":"ListItem","position":1,"name":"Home","item":"https:\/\/tiketi.com\/"},{"@type":"ListItem","position":2,"name":"Companies","item":"https:\/\/tiketi.com\/companies\/"},{"@type":"ListItem","position":3,"name":"Buses","item":"https:\/\/tiketi.com\/companies\/buses\/"},{"@type":"ListItem","position":4,"name":"Kisesa Express Online Booking, Bus Tickets, Route, Schedule &#038; Fare"}]},{"@type":"WebSite","@id":"https:\/\/tiketi.com\/#website","url":"https:\/\/tiketi.com\/","name":"Billets d&#039;avion et de bus, forfaits touristiques et activit\u00e9s - Tiketi.com","description":"Billets d&#039;avion et de bus, Tours, Activit\u00e9s","publisher":{"@id":"https:\/\/tiketi.com\/#organization"},"potentialAction":[{"@type":"SearchAction","target":{"@type":"EntryPoint","urlTemplate":"https:\/\/tiketi.com\/?s={search_term_string}"},"query-input":{"@type":"PropertyValueSpecification","valueRequired":true,"valueName":"search_term_string"}}],"inLanguage":"fr-FR"},{"@type":"Organization","@id":"https:\/\/tiketi.com\/#organization","name":"Tiketi.com","alternateName":"Tiketi","url":"https:\/\/tiketi.com\/","logo":{"@type":"ImageObject","inLanguage":"fr-FR","@id":"https:\/\/tiketi.com\/#\/schema\/logo\/image\/","url":"https:\/\/tiketi.com\/wp-content\/uploads\/2019\/05\/tiketi-logo-696.png","contentUrl":"https:\/\/tiketi.com\/wp-content\/uploads\/2019\/05\/tiketi-logo-696.png","width":696,"height":696,"caption":"Tiketi.com"},"image":{"@id":"https:\/\/tiketi.com\/#\/schema\/logo\/image\/"},"sameAs":["https:\/\/www.facebook.com\/TiketiCom\/"]}]}},"_links":{"self":[{"href":"https:\/\/tiketi.com\/fr-fr\/wp-json\/wp\/v2\/pages\/10983","targetHints":{"allow":["GET"]}}],"collection":[{"href":"https:\/\/tiketi.com\/fr-fr\/wp-json\/wp\/v2\/pages"}],"about":[{"href":"https:\/\/tiketi.com\/fr-fr\/wp-json\/wp\/v2\/types\/page"}],"author":[{"embeddable":true,"href":"https:\/\/tiketi.com\/fr-fr\/wp-json\/wp\/v2\/users\/1"}],"replies":[{"embeddable":true,"href":"https:\/\/tiketi.com\/fr-fr\/wp-json\/wp\/v2\/comments?post=10983"}],"version-history":[{"count":0,"href":"https:\/\/tiketi.com\/fr-fr\/wp-json\/wp\/v2\/pages\/10983\/revisions"}],"up":[{"embeddable":true,"href":"https:\/\/tiketi.com\/fr-fr\/wp-json\/wp\/v2\/pages\/25524"}],"wp:featuredmedia":[{"embeddable":true,"href":"https:\/\/tiketi.com\/fr-fr\/wp-json\/wp\/v2\/media\/13999"}],"wp:attachment":[{"href":"https:\/\/tiketi.com\/fr-fr\/wp-json\/wp\/v2\/media?parent=10983"}],"curies":[{"name":"wp","href":"https:\/\/api.w.org\/{rel}","templated":true}]}}