{"id":10984,"date":"2022-01-19T12:54:03","date_gmt":"2022-01-19T11:54:03","guid":{"rendered":"https:\/\/new.tiketi.com\/kimbinyiko-online-booking-bus-tickets-reservation\/"},"modified":"2023-02-20T12:11:25","modified_gmt":"2023-02-20T11:11:25","slug":"kimbinyiko-international-coach","status":"publish","type":"page","link":"https:\/\/tiketi.com\/fr-fr\/companies\/buses\/kimbinyiko-international-coach\/","title":{"rendered":"R\u00e9servation en ligne de Kimbinyiko, billets de bus, itin\u00e9raires, tarifs et horaires"},"content":{"rendered":"<h2>R\u00e9servation de billets de bus en ligne Kimbinyiko pas cher en Tanzanie<\/h2>\n<h3>D\u00e9couvrez votre itin\u00e9raire de voyage sur le web, le mobile ou l&#039;application et r\u00e9servez d\u00e8s maintenant des billets de bus Kimbinyiko pas chers en ligne.<\/h3>\n<p>La r\u00e9servation en ligne de Kimbinyiko en toute simplicit\u00e9. Kimbinyiko International Coach est une soci\u00e9t\u00e9 de bus bas\u00e9e \u00e0 Dodoma qui relie la ville \u00e0 d&#039;autres grandes villes et villages de Tanzanie. Leurs principaux itin\u00e9raires \u00e9tant Dodoma \u00e0 Dar es Salaam, ils offrent des services de bus fiables, s\u00fbrs et fiables \u00e0 leurs passagers et clients. Cette entreprise a \u00e9t\u00e9 cr\u00e9\u00e9e au d\u00e9but de 2010 lorsque les produits de bus Yutong ont pris le contr\u00f4le de l&#039;industrie du transport en Tanzanie. Alors faites la r\u00e9servation de billets de bus en ligne Kimbinyiko en Tanzanie maintenant!<\/p>\n<h2>FAQ sur la r\u00e9servation en ligne de Kimbinyiko, les billets de bus, les itin\u00e9raires, les tarifs et les horaires<\/h2>\n<h3>Quels sont les trajets et les prix des bus Kimbinyiko ?<\/h3>\n<p>\u2022 Dodoma \u00e0 Mbeya<br \/>\n\u2022 Dodoma \u00e0 Dar es Salam<br \/>\n\u2022 Dodoma \u00e0 Mwanza<br \/>\n\u2022 Dodoma \u00e0 Iringa<br \/>\n\u2022 Mbeya \u00e0 Mwanza<br \/>\n\u2022 Arusha \u00e0 Dodoma<\/p>\n<h3>Flotte internationale d&#039;autocars Kimbionyiko<\/h3>\n<p>Ces entreprises de bus poss\u00e8dent et exploitent les bus les plus propres et les plus luxueux avec un classement semi-luxe selon SUMATRA en Tanzanie. Leur flotte est compos\u00e9e d&#039;autobus chinois avec une disposition de si\u00e8ges 2 x 2 tandis que certains d&#039;entre eux ont une disposition de si\u00e8ges 2 x 1 pour les services VIP.<\/p>\n<p>Ils offrent du plaisir \u00e0 bord comme des services de t\u00e9l\u00e9vision \u00e0 partir de leur bonne musique, TV LCD, \u00e0 partir de leur syst\u00e8me audio emball\u00e9 sur chaque si\u00e8ge. Tous leurs bus disposent de services de climatisation tout au long du trajet pour vous offrir un voyage intelligent et frais.<\/p>\n<p>Des boissons et des boissons sont \u00e9galement accessibles dans leurs bus servis par une h\u00f4tesse \/ h\u00f4te sympathique ainsi qu&#039;une connexion Wi-Fi gratuite pour profiter d&#039;un syst\u00e8me de chargement intelligent Internet et USB sur chaque si\u00e8ge.<\/p>\n<p>Ils proposent des trajets interurbains quotidiens programm\u00e9s entre Dodoma et d&#039;autres villes et villages de Tanzanie. Ils ont un d\u00e9part de bus le matin ainsi qu&#039;un d\u00e9part de bus l&#039;apr\u00e8s-midi, leurs bus offrent \u00e9galement un service de colis.<\/p>\n<h3>Quelles sont les coordonn\u00e9es et les coordonn\u00e9es du bureau des autocars Kimbinyiko International\u00a0?<\/h3>\n<p>Entra\u00eeneur international de Kimbinyiko<\/p>\n<p>PO Box 4075, Dodoma, Tanzanie<\/p>\n<h2>R\u00e9servation de billets de bus en ligne Kimbinyiko Tanzanie Conseils<\/h2>\n<p>Leur d\u00e9p\u00f4t principal et leurs bureaux sont situ\u00e9s \u00e0 Dodoma, mais ils ont \u00e9galement des sous-bureaux \u00e0 Dar es Salaam et \u00e0 d&#039;autres endroits o\u00f9 leurs bus se rendaient. La r\u00e9servation de billets de bus en ligne Kimbinyiko est \u00e9galement possible.<\/p>","protected":false},"excerpt":{"rendered":"<p>Cheap Kimbinyiko Online Bus Ticket Booking Tanzania Discover your travel route on web, mobile or app and book cheap Kimbinyiko bus tickets online now. Kimbinyiko online booking made easy. Kimbinyiko International coach is a Dodoma based bus firm which attach the city with another big cities and towns in Tanzania. Their key routes being Dodoma [&hellip;]<\/p>\n","protected":false},"author":1,"featured_media":13999,"parent":25524,"menu_order":0,"comment_status":"open","ping_status":"closed","template":"template-home-modern.php","meta":{"footnotes":""},"class_list":["post-10984","page","type-page","status-publish","has-post-thumbnail","hentry"],"yoast_head":"<!-- This site is optimized with the Yoast SEO plugin v27.5 - https:\/\/yoast.com\/product\/yoast-seo-wordpress\/ -->\n<title>Kimbinyiko Online Booking, Bus Tickets, Routes, Fares &amp; Schedule<\/title>\n<meta name=\"description\" content=\"Looking for Kimbinyiko online booking, bus tickets, routes, fares &amp; schedule? Make a Kimbinyiko online bus ticket booking online now and save\" \/>\n<meta name=\"robots\" content=\"index, follow, max-snippet:-1, max-image-preview:large, max-video-preview:-1\" \/>\n<link rel=\"canonical\" href=\"https:\/\/tiketi.com\/fr-fr\/companies\/buses\/kimbinyiko-international-coach\/\" \/>\n<meta property=\"og:locale\" content=\"fr_FR\" \/>\n<meta property=\"og:type\" content=\"article\" \/>\n<meta property=\"og:title\" content=\"Kimbinyiko Online Booking, Bus Tickets, Routes, Fares &amp; Schedule\" \/>\n<meta property=\"og:description\" content=\"Looking for Kimbinyiko online booking, bus tickets, routes, fares &amp; schedule? Make a Kimbinyiko online bus ticket booking online now and save\" \/>\n<meta property=\"og:url\" content=\"https:\/\/tiketi.com\/fr-fr\/companies\/buses\/kimbinyiko-international-coach\/\" \/>\n<meta property=\"og:site_name\" content=\"Tiketi.com\" \/>\n<meta property=\"article:publisher\" content=\"https:\/\/www.facebook.com\/TiketiCom\/\" \/>\n<meta property=\"article:modified_time\" content=\"2023-02-20T11:11:25+00:00\" \/>\n<meta property=\"og:image\" content=\"https:\/\/tiketi.com\/wp-content\/uploads\/2022\/01\/bus-ticket-online-booking.jpg\" \/>\n\t<meta property=\"og:image:width\" content=\"1200\" \/>\n\t<meta property=\"og:image:height\" content=\"206\" \/>\n\t<meta property=\"og:image:type\" content=\"image\/jpeg\" \/>\n<meta name=\"twitter:card\" content=\"summary_large_image\" \/>\n<meta name=\"twitter:label1\" content=\"Dur\u00e9e de lecture estim\u00e9e\" \/>\n\t<meta name=\"twitter:data1\" content=\"2 minutes\" \/>\n<script type=\"application\/ld+json\" class=\"yoast-schema-graph\">{\"@context\":\"https:\\\/\\\/schema.org\",\"@graph\":[{\"@type\":\"WebPage\",\"@id\":\"https:\\\/\\\/tiketi.com\\\/companies\\\/buses\\\/kimbinyiko-international-coach\\\/\",\"url\":\"https:\\\/\\\/tiketi.com\\\/companies\\\/buses\\\/kimbinyiko-international-coach\\\/\",\"name\":\"Kimbinyiko Online Booking, Bus Tickets, Routes, Fares & Schedule\",\"isPartOf\":{\"@id\":\"https:\\\/\\\/tiketi.com\\\/#website\"},\"primaryImageOfPage\":{\"@id\":\"https:\\\/\\\/tiketi.com\\\/companies\\\/buses\\\/kimbinyiko-international-coach\\\/#primaryimage\"},\"image\":{\"@id\":\"https:\\\/\\\/tiketi.com\\\/companies\\\/buses\\\/kimbinyiko-international-coach\\\/#primaryimage\"},\"thumbnailUrl\":\"https:\\\/\\\/tiketi.com\\\/wp-content\\\/uploads\\\/2022\\\/01\\\/bus-ticket-online-booking.jpg\",\"datePublished\":\"2022-01-19T11:54:03+00:00\",\"dateModified\":\"2023-02-20T11:11:25+00:00\",\"description\":\"Looking for Kimbinyiko online booking, bus tickets, routes, fares & schedule? Make a Kimbinyiko online bus ticket booking online now and save\",\"breadcrumb\":{\"@id\":\"https:\\\/\\\/tiketi.com\\\/companies\\\/buses\\\/kimbinyiko-international-coach\\\/#breadcrumb\"},\"inLanguage\":\"fr-FR\",\"potentialAction\":[{\"@type\":\"ReadAction\",\"target\":[\"https:\\\/\\\/tiketi.com\\\/companies\\\/buses\\\/kimbinyiko-international-coach\\\/\"]}]},{\"@type\":\"ImageObject\",\"inLanguage\":\"fr-FR\",\"@id\":\"https:\\\/\\\/tiketi.com\\\/companies\\\/buses\\\/kimbinyiko-international-coach\\\/#primaryimage\",\"url\":\"https:\\\/\\\/tiketi.com\\\/wp-content\\\/uploads\\\/2022\\\/01\\\/bus-ticket-online-booking.jpg\",\"contentUrl\":\"https:\\\/\\\/tiketi.com\\\/wp-content\\\/uploads\\\/2022\\\/01\\\/bus-ticket-online-booking.jpg\",\"width\":1200,\"height\":206,\"caption\":\"Online Bus Ticket Booking\"},{\"@type\":\"BreadcrumbList\",\"@id\":\"https:\\\/\\\/tiketi.com\\\/companies\\\/buses\\\/kimbinyiko-international-coach\\\/#breadcrumb\",\"itemListElement\":[{\"@type\":\"ListItem\",\"position\":1,\"name\":\"Home\",\"item\":\"https:\\\/\\\/tiketi.com\\\/\"},{\"@type\":\"ListItem\",\"position\":2,\"name\":\"Companies\",\"item\":\"https:\\\/\\\/tiketi.com\\\/companies\\\/\"},{\"@type\":\"ListItem\",\"position\":3,\"name\":\"Buses\",\"item\":\"https:\\\/\\\/tiketi.com\\\/companies\\\/buses\\\/\"},{\"@type\":\"ListItem\",\"position\":4,\"name\":\"Kimbinyiko Online Booking, Bus Tickets, Routes, Fares &#038; Schedule\"}]},{\"@type\":\"WebSite\",\"@id\":\"https:\\\/\\\/tiketi.com\\\/#website\",\"url\":\"https:\\\/\\\/tiketi.com\\\/\",\"name\":\"Flight & Bus Tickets, Tour Packages & Activitites - Tiketi.com\",\"description\":\"Flight &amp; Bus Tickets, Tours, Activitites\",\"publisher\":{\"@id\":\"https:\\\/\\\/tiketi.com\\\/#organization\"},\"potentialAction\":[{\"@type\":\"SearchAction\",\"target\":{\"@type\":\"EntryPoint\",\"urlTemplate\":\"https:\\\/\\\/tiketi.com\\\/?s={search_term_string}\"},\"query-input\":{\"@type\":\"PropertyValueSpecification\",\"valueRequired\":true,\"valueName\":\"search_term_string\"}}],\"inLanguage\":\"fr-FR\"},{\"@type\":\"Organization\",\"@id\":\"https:\\\/\\\/tiketi.com\\\/#organization\",\"name\":\"Tiketi.com\",\"alternateName\":\"Tiketi\",\"url\":\"https:\\\/\\\/tiketi.com\\\/\",\"logo\":{\"@type\":\"ImageObject\",\"inLanguage\":\"fr-FR\",\"@id\":\"https:\\\/\\\/tiketi.com\\\/#\\\/schema\\\/logo\\\/image\\\/\",\"url\":\"https:\\\/\\\/tiketi.com\\\/wp-content\\\/uploads\\\/2019\\\/05\\\/tiketi-logo-696.png\",\"contentUrl\":\"https:\\\/\\\/tiketi.com\\\/wp-content\\\/uploads\\\/2019\\\/05\\\/tiketi-logo-696.png\",\"width\":696,\"height\":696,\"caption\":\"Tiketi.com\"},\"image\":{\"@id\":\"https:\\\/\\\/tiketi.com\\\/#\\\/schema\\\/logo\\\/image\\\/\"},\"sameAs\":[\"https:\\\/\\\/www.facebook.com\\\/TiketiCom\\\/\"]}]}<\/script>\n<!-- \/ Yoast SEO plugin. -->","yoast_head_json":{"title":"R\u00e9servation en ligne de Kimbinyiko, billets de bus, itin\u00e9raires, tarifs et horaires","description":"Vous recherchez une r\u00e9servation en ligne Kimbinyiko, des billets de bus, des itin\u00e9raires, des tarifs et des horaires\u00a0? Faites une r\u00e9servation de billet de bus en ligne Kimbinyiko en ligne maintenant et \u00e9conomisez","robots":{"index":"index","follow":"follow","max-snippet":"max-snippet:-1","max-image-preview":"max-image-preview:large","max-video-preview":"max-video-preview:-1"},"canonical":"https:\/\/tiketi.com\/fr-fr\/companies\/buses\/kimbinyiko-international-coach\/","og_locale":"fr_FR","og_type":"article","og_title":"Kimbinyiko Online Booking, Bus Tickets, Routes, Fares & Schedule","og_description":"Looking for Kimbinyiko online booking, bus tickets, routes, fares & schedule? Make a Kimbinyiko online bus ticket booking online now and save","og_url":"https:\/\/tiketi.com\/fr-fr\/companies\/buses\/kimbinyiko-international-coach\/","og_site_name":"Tiketi.com","article_publisher":"https:\/\/www.facebook.com\/TiketiCom\/","article_modified_time":"2023-02-20T11:11:25+00:00","og_image":[{"width":1200,"height":206,"url":"https:\/\/tiketi.com\/wp-content\/uploads\/2022\/01\/bus-ticket-online-booking.jpg","type":"image\/jpeg"}],"twitter_card":"summary_large_image","twitter_misc":{"Dur\u00e9e de lecture estim\u00e9e":"2 minutes"},"schema":{"@context":"https:\/\/schema.org","@graph":[{"@type":"WebPage","@id":"https:\/\/tiketi.com\/companies\/buses\/kimbinyiko-international-coach\/","url":"https:\/\/tiketi.com\/companies\/buses\/kimbinyiko-international-coach\/","name":"R\u00e9servation en ligne de Kimbinyiko, billets de bus, itin\u00e9raires, tarifs et horaires","isPartOf":{"@id":"https:\/\/tiketi.com\/#website"},"primaryImageOfPage":{"@id":"https:\/\/tiketi.com\/companies\/buses\/kimbinyiko-international-coach\/#primaryimage"},"image":{"@id":"https:\/\/tiketi.com\/companies\/buses\/kimbinyiko-international-coach\/#primaryimage"},"thumbnailUrl":"https:\/\/tiketi.com\/wp-content\/uploads\/2022\/01\/bus-ticket-online-booking.jpg","datePublished":"2022-01-19T11:54:03+00:00","dateModified":"2023-02-20T11:11:25+00:00","description":"Vous recherchez une r\u00e9servation en ligne Kimbinyiko, des billets de bus, des itin\u00e9raires, des tarifs et des horaires\u00a0? Faites une r\u00e9servation de billet de bus en ligne Kimbinyiko en ligne maintenant et \u00e9conomisez","breadcrumb":{"@id":"https:\/\/tiketi.com\/companies\/buses\/kimbinyiko-international-coach\/#breadcrumb"},"inLanguage":"fr-FR","potentialAction":[{"@type":"ReadAction","target":["https:\/\/tiketi.com\/companies\/buses\/kimbinyiko-international-coach\/"]}]},{"@type":"ImageObject","inLanguage":"fr-FR","@id":"https:\/\/tiketi.com\/companies\/buses\/kimbinyiko-international-coach\/#primaryimage","url":"https:\/\/tiketi.com\/wp-content\/uploads\/2022\/01\/bus-ticket-online-booking.jpg","contentUrl":"https:\/\/tiketi.com\/wp-content\/uploads\/2022\/01\/bus-ticket-online-booking.jpg","width":1200,"height":206,"caption":"Online Bus Ticket Booking"},{"@type":"BreadcrumbList","@id":"https:\/\/tiketi.com\/companies\/buses\/kimbinyiko-international-coach\/#breadcrumb","itemListElement":[{"@type":"ListItem","position":1,"name":"Home","item":"https:\/\/tiketi.com\/"},{"@type":"ListItem","position":2,"name":"Companies","item":"https:\/\/tiketi.com\/companies\/"},{"@type":"ListItem","position":3,"name":"Buses","item":"https:\/\/tiketi.com\/companies\/buses\/"},{"@type":"ListItem","position":4,"name":"Kimbinyiko Online Booking, Bus Tickets, Routes, Fares &#038; Schedule"}]},{"@type":"WebSite","@id":"https:\/\/tiketi.com\/#website","url":"https:\/\/tiketi.com\/","name":"Billets d&#039;avion et de bus, forfaits touristiques et activit\u00e9s - Tiketi.com","description":"Billets d&#039;avion et de bus, Tours, Activit\u00e9s","publisher":{"@id":"https:\/\/tiketi.com\/#organization"},"potentialAction":[{"@type":"SearchAction","target":{"@type":"EntryPoint","urlTemplate":"https:\/\/tiketi.com\/?s={search_term_string}"},"query-input":{"@type":"PropertyValueSpecification","valueRequired":true,"valueName":"search_term_string"}}],"inLanguage":"fr-FR"},{"@type":"Organization","@id":"https:\/\/tiketi.com\/#organization","name":"Tiketi.com","alternateName":"Tiketi","url":"https:\/\/tiketi.com\/","logo":{"@type":"ImageObject","inLanguage":"fr-FR","@id":"https:\/\/tiketi.com\/#\/schema\/logo\/image\/","url":"https:\/\/tiketi.com\/wp-content\/uploads\/2019\/05\/tiketi-logo-696.png","contentUrl":"https:\/\/tiketi.com\/wp-content\/uploads\/2019\/05\/tiketi-logo-696.png","width":696,"height":696,"caption":"Tiketi.com"},"image":{"@id":"https:\/\/tiketi.com\/#\/schema\/logo\/image\/"},"sameAs":["https:\/\/www.facebook.com\/TiketiCom\/"]}]}},"_links":{"self":[{"href":"https:\/\/tiketi.com\/fr-fr\/wp-json\/wp\/v2\/pages\/10984","targetHints":{"allow":["GET"]}}],"collection":[{"href":"https:\/\/tiketi.com\/fr-fr\/wp-json\/wp\/v2\/pages"}],"about":[{"href":"https:\/\/tiketi.com\/fr-fr\/wp-json\/wp\/v2\/types\/page"}],"author":[{"embeddable":true,"href":"https:\/\/tiketi.com\/fr-fr\/wp-json\/wp\/v2\/users\/1"}],"replies":[{"embeddable":true,"href":"https:\/\/tiketi.com\/fr-fr\/wp-json\/wp\/v2\/comments?post=10984"}],"version-history":[{"count":0,"href":"https:\/\/tiketi.com\/fr-fr\/wp-json\/wp\/v2\/pages\/10984\/revisions"}],"up":[{"embeddable":true,"href":"https:\/\/tiketi.com\/fr-fr\/wp-json\/wp\/v2\/pages\/25524"}],"wp:featuredmedia":[{"embeddable":true,"href":"https:\/\/tiketi.com\/fr-fr\/wp-json\/wp\/v2\/media\/13999"}],"wp:attachment":[{"href":"https:\/\/tiketi.com\/fr-fr\/wp-json\/wp\/v2\/media?parent=10984"}],"curies":[{"name":"wp","href":"https:\/\/api.w.org\/{rel}","templated":true}]}}