{"id":10986,"date":"2022-01-19T12:54:03","date_gmt":"2022-01-19T11:54:03","guid":{"rendered":"https:\/\/new.tiketi.com\/kidinilo-express-online-booking-bus-tickets-reservation\/"},"modified":"2023-06-19T14:57:26","modified_gmt":"2023-06-19T13:57:26","slug":"kidinilo-express","status":"publish","type":"page","link":"https:\/\/tiketi.com\/fr-fr\/companies\/buses\/kidinilo-express\/","title":{"rendered":"Kidinilo Express R\u00e9servation en ligne, billets de bus, tarifs et horaires"},"content":{"rendered":"<h2>Kidinilo Express Dar es Salaam \u00e0 Arusha Online Tiketi Booking<\/h2>\n<h3>D\u00e9couvrez votre itin\u00e9raire de voyage sur le web, le mobile ou l&#039;application et r\u00e9servez en ligne d\u00e8s maintenant des billets de bus Kidinilo Express pas chers.<\/h3>\n<p>R\u00e9servation en ligne Kidinilo Express simplifi\u00e9e. Kidinilo Express offre le meilleur moyen de transport pour les passagers et les visiteurs de Dar es Salaam vers d&#039;autres r\u00e9gions tanzaniennes comme le Kilimandjaro, Dodoma, Mbeya, Arusha, le Kenya, Kigoma et l&#039;Ouganda. Kidinilo Express fait partie de Kidinilo One Investment Limited. Vous \u00eates invit\u00e9s \u00e0 profiter de la r\u00e9servation de billets en ligne de Dar es Salaam \u00e0 Arusha.<\/p>\n<h2>FAQ sur la r\u00e9servation en ligne de Kidinilo Express, les billets de bus, les tarifs et les horaires<\/h2>\n<h3>Itin\u00e9raires de r\u00e9servation en ligne de bus Kidinilo<\/h3>\n<p>\u2022 Dar es Salaam - Arusha via Moshi<br \/>\n\u2022 Dar es Salam \u2013 Kigoma<br \/>\n\u2022 Dar es Salam \u2013 Babati<br \/>\n\u2022 Dar es Salaam - Mwanza via Morogoro<\/p>\n<h3>O\u00f9 puis-je aller avec Kidinilo Express<\/h3>\n<p>La r\u00e9servation en ligne de Dar es Salaam \u00e0 Arusha propose un transport quotidien r\u00e9gulier de Dar es Salaam \u00e0 Arusha, Moshi, Kaliua, Tabora, Kigoma, Kasulu et de ces zones \u00e0 Dar es Salaam.<\/p>\n<h3>O\u00f9 est plac\u00e9 Kidinilo Express ?<\/h3>\n<p>Kidinilo Express est plac\u00e9 \u00e0 Dar es Salaam<\/p>\n<h3>Puis-je b\u00e9n\u00e9ficier des services logistiques de Kidinilo Express ?<\/h3>\n<p>Oui, Kidinilo Express dispose de camions et de camions pour le fret. Ils peuvent \u00e9galement \u00eatre utilis\u00e9s pour transporter des charges lourdes telles que des briques et du sable.<\/p>\n<h3>Bureaux et contacts de Kidinilo Express<\/h3>\n<p>B\u00e2timent de la station-service Oilcom, Ubungo, 1er \u00e9tage<br \/>\nCase postale 12981<br \/>\nDar es Salam<\/p>\n<h2>Kidinilo Express Dar es Salaam \u00e0 Arusha Online Tiketi Booking Tips<\/h2>\n<p>Il y a quotidiennement 2 services r\u00e9guliers de bus de Dar es Salaam \u00e0 Arusha via Moshi et 1 transport quotidien de Dar es Salaam \u00e0 Kigoma via Kaliua, Tabora, Dodoma, Kasulu et Uvinza.<\/p>","protected":false},"excerpt":{"rendered":"<p>Kidinilo Express Dar es Salaam To Arusha Online Tiketi Booking Discover your travel route on web, mobile or app and book cheap Kidinilo Express bus tickets online now. Kidinilo Express online booking made easy. Kidinilo Express offers a best means of transport for passengers and visitors from Dar es Salaam to other Tanzanian areas like [&hellip;]<\/p>\n","protected":false},"author":1,"featured_media":13999,"parent":25524,"menu_order":0,"comment_status":"open","ping_status":"closed","template":"template-home-modern.php","meta":{"footnotes":""},"class_list":["post-10986","page","type-page","status-publish","has-post-thumbnail","hentry"],"yoast_head":"<!-- This site is optimized with the Yoast SEO plugin v27.3 - https:\/\/yoast.com\/product\/yoast-seo-wordpress\/ -->\n<title>Kidinilo Express Online Booking, Bus Tickets, Fare &amp; Schedule<\/title>\n<meta name=\"description\" content=\"Looking for Kidinilo Express online booking? Make a cheap Kidinilo Express online bus ticket booking online now and save time and money!\" \/>\n<meta name=\"robots\" content=\"index, follow, max-snippet:-1, max-image-preview:large, max-video-preview:-1\" \/>\n<link rel=\"canonical\" href=\"https:\/\/tiketi.com\/fr-fr\/companies\/buses\/kidinilo-express\/\" \/>\n<meta property=\"og:locale\" content=\"fr_FR\" \/>\n<meta property=\"og:type\" content=\"article\" \/>\n<meta property=\"og:title\" content=\"Kidinilo Express Online Booking, Bus Tickets, Fare &amp; Schedule\" \/>\n<meta property=\"og:description\" content=\"Looking for Kidinilo Express online booking? Make a cheap Kidinilo Express online bus ticket booking online now and save time and money!\" \/>\n<meta property=\"og:url\" content=\"https:\/\/tiketi.com\/fr-fr\/companies\/buses\/kidinilo-express\/\" \/>\n<meta property=\"og:site_name\" content=\"Tiketi.com\" \/>\n<meta property=\"article:publisher\" content=\"https:\/\/www.facebook.com\/TiketiCom\/\" \/>\n<meta property=\"article:modified_time\" content=\"2023-06-19T13:57:26+00:00\" \/>\n<meta property=\"og:image\" content=\"https:\/\/tiketi.com\/wp-content\/uploads\/2022\/01\/bus-ticket-online-booking.jpg\" \/>\n\t<meta property=\"og:image:width\" content=\"1200\" \/>\n\t<meta property=\"og:image:height\" content=\"206\" \/>\n\t<meta property=\"og:image:type\" content=\"image\/jpeg\" \/>\n<meta name=\"twitter:card\" content=\"summary_large_image\" \/>\n<meta name=\"twitter:label1\" content=\"Dur\u00e9e de lecture estim\u00e9e\" \/>\n\t<meta name=\"twitter:data1\" content=\"2 minutes\" \/>\n<script type=\"application\/ld+json\" class=\"yoast-schema-graph\">{\"@context\":\"https:\\\/\\\/schema.org\",\"@graph\":[{\"@type\":\"WebPage\",\"@id\":\"https:\\\/\\\/tiketi.com\\\/companies\\\/buses\\\/kidinilo-express\\\/\",\"url\":\"https:\\\/\\\/tiketi.com\\\/companies\\\/buses\\\/kidinilo-express\\\/\",\"name\":\"Kidinilo Express Online Booking, Bus Tickets, Fare & Schedule\",\"isPartOf\":{\"@id\":\"https:\\\/\\\/tiketi.com\\\/#website\"},\"primaryImageOfPage\":{\"@id\":\"https:\\\/\\\/tiketi.com\\\/companies\\\/buses\\\/kidinilo-express\\\/#primaryimage\"},\"image\":{\"@id\":\"https:\\\/\\\/tiketi.com\\\/companies\\\/buses\\\/kidinilo-express\\\/#primaryimage\"},\"thumbnailUrl\":\"https:\\\/\\\/tiketi.com\\\/wp-content\\\/uploads\\\/2022\\\/01\\\/bus-ticket-online-booking.jpg\",\"datePublished\":\"2022-01-19T11:54:03+00:00\",\"dateModified\":\"2023-06-19T13:57:26+00:00\",\"description\":\"Looking for Kidinilo Express online booking? Make a cheap Kidinilo Express online bus ticket booking online now and save time and money!\",\"breadcrumb\":{\"@id\":\"https:\\\/\\\/tiketi.com\\\/companies\\\/buses\\\/kidinilo-express\\\/#breadcrumb\"},\"inLanguage\":\"fr-FR\",\"potentialAction\":[{\"@type\":\"ReadAction\",\"target\":[\"https:\\\/\\\/tiketi.com\\\/companies\\\/buses\\\/kidinilo-express\\\/\"]}]},{\"@type\":\"ImageObject\",\"inLanguage\":\"fr-FR\",\"@id\":\"https:\\\/\\\/tiketi.com\\\/companies\\\/buses\\\/kidinilo-express\\\/#primaryimage\",\"url\":\"https:\\\/\\\/tiketi.com\\\/wp-content\\\/uploads\\\/2022\\\/01\\\/bus-ticket-online-booking.jpg\",\"contentUrl\":\"https:\\\/\\\/tiketi.com\\\/wp-content\\\/uploads\\\/2022\\\/01\\\/bus-ticket-online-booking.jpg\",\"width\":1200,\"height\":206,\"caption\":\"Online Bus Ticket Booking\"},{\"@type\":\"BreadcrumbList\",\"@id\":\"https:\\\/\\\/tiketi.com\\\/companies\\\/buses\\\/kidinilo-express\\\/#breadcrumb\",\"itemListElement\":[{\"@type\":\"ListItem\",\"position\":1,\"name\":\"Home\",\"item\":\"https:\\\/\\\/tiketi.com\\\/\"},{\"@type\":\"ListItem\",\"position\":2,\"name\":\"Companies\",\"item\":\"https:\\\/\\\/tiketi.com\\\/companies\\\/\"},{\"@type\":\"ListItem\",\"position\":3,\"name\":\"Buses\",\"item\":\"https:\\\/\\\/tiketi.com\\\/companies\\\/buses\\\/\"},{\"@type\":\"ListItem\",\"position\":4,\"name\":\"Kidinilo Express Online Booking, Bus Tickets, Fare &#038; Schedule\"}]},{\"@type\":\"WebSite\",\"@id\":\"https:\\\/\\\/tiketi.com\\\/#website\",\"url\":\"https:\\\/\\\/tiketi.com\\\/\",\"name\":\"Flight & Bus Tickets, Tour Packages & Activitites - Tiketi.com\",\"description\":\"Flight &amp; Bus Tickets, Tours, Activitites\",\"publisher\":{\"@id\":\"https:\\\/\\\/tiketi.com\\\/#organization\"},\"potentialAction\":[{\"@type\":\"SearchAction\",\"target\":{\"@type\":\"EntryPoint\",\"urlTemplate\":\"https:\\\/\\\/tiketi.com\\\/?s={search_term_string}\"},\"query-input\":{\"@type\":\"PropertyValueSpecification\",\"valueRequired\":true,\"valueName\":\"search_term_string\"}}],\"inLanguage\":\"fr-FR\"},{\"@type\":\"Organization\",\"@id\":\"https:\\\/\\\/tiketi.com\\\/#organization\",\"name\":\"Tiketi.com\",\"alternateName\":\"Tiketi\",\"url\":\"https:\\\/\\\/tiketi.com\\\/\",\"logo\":{\"@type\":\"ImageObject\",\"inLanguage\":\"fr-FR\",\"@id\":\"https:\\\/\\\/tiketi.com\\\/#\\\/schema\\\/logo\\\/image\\\/\",\"url\":\"https:\\\/\\\/tiketi.com\\\/wp-content\\\/uploads\\\/2019\\\/05\\\/tiketi-logo-696.png\",\"contentUrl\":\"https:\\\/\\\/tiketi.com\\\/wp-content\\\/uploads\\\/2019\\\/05\\\/tiketi-logo-696.png\",\"width\":696,\"height\":696,\"caption\":\"Tiketi.com\"},\"image\":{\"@id\":\"https:\\\/\\\/tiketi.com\\\/#\\\/schema\\\/logo\\\/image\\\/\"},\"sameAs\":[\"https:\\\/\\\/www.facebook.com\\\/TiketiCom\\\/\"]}]}<\/script>\n<!-- \/ Yoast SEO plugin. -->","yoast_head_json":{"title":"Kidinilo Express R\u00e9servation en ligne, billets de bus, tarifs et horaires","description":"Vous recherchez une r\u00e9servation en ligne Kidinilo Express? R\u00e9servez en ligne d\u00e8s maintenant vos billets de bus Kidinilo Express \u00e0 bas prix et \u00e9conomisez du temps et de l&#039;argent !","robots":{"index":"index","follow":"follow","max-snippet":"max-snippet:-1","max-image-preview":"max-image-preview:large","max-video-preview":"max-video-preview:-1"},"canonical":"https:\/\/tiketi.com\/fr-fr\/companies\/buses\/kidinilo-express\/","og_locale":"fr_FR","og_type":"article","og_title":"Kidinilo Express Online Booking, Bus Tickets, Fare & Schedule","og_description":"Looking for Kidinilo Express online booking? Make a cheap Kidinilo Express online bus ticket booking online now and save time and money!","og_url":"https:\/\/tiketi.com\/fr-fr\/companies\/buses\/kidinilo-express\/","og_site_name":"Tiketi.com","article_publisher":"https:\/\/www.facebook.com\/TiketiCom\/","article_modified_time":"2023-06-19T13:57:26+00:00","og_image":[{"width":1200,"height":206,"url":"https:\/\/tiketi.com\/wp-content\/uploads\/2022\/01\/bus-ticket-online-booking.jpg","type":"image\/jpeg"}],"twitter_card":"summary_large_image","twitter_misc":{"Dur\u00e9e de lecture estim\u00e9e":"2 minutes"},"schema":{"@context":"https:\/\/schema.org","@graph":[{"@type":"WebPage","@id":"https:\/\/tiketi.com\/companies\/buses\/kidinilo-express\/","url":"https:\/\/tiketi.com\/companies\/buses\/kidinilo-express\/","name":"Kidinilo Express R\u00e9servation en ligne, billets de bus, tarifs et horaires","isPartOf":{"@id":"https:\/\/tiketi.com\/#website"},"primaryImageOfPage":{"@id":"https:\/\/tiketi.com\/companies\/buses\/kidinilo-express\/#primaryimage"},"image":{"@id":"https:\/\/tiketi.com\/companies\/buses\/kidinilo-express\/#primaryimage"},"thumbnailUrl":"https:\/\/tiketi.com\/wp-content\/uploads\/2022\/01\/bus-ticket-online-booking.jpg","datePublished":"2022-01-19T11:54:03+00:00","dateModified":"2023-06-19T13:57:26+00:00","description":"Vous recherchez une r\u00e9servation en ligne Kidinilo Express? R\u00e9servez en ligne d\u00e8s maintenant vos billets de bus Kidinilo Express \u00e0 bas prix et \u00e9conomisez du temps et de l&#039;argent !","breadcrumb":{"@id":"https:\/\/tiketi.com\/companies\/buses\/kidinilo-express\/#breadcrumb"},"inLanguage":"fr-FR","potentialAction":[{"@type":"ReadAction","target":["https:\/\/tiketi.com\/companies\/buses\/kidinilo-express\/"]}]},{"@type":"ImageObject","inLanguage":"fr-FR","@id":"https:\/\/tiketi.com\/companies\/buses\/kidinilo-express\/#primaryimage","url":"https:\/\/tiketi.com\/wp-content\/uploads\/2022\/01\/bus-ticket-online-booking.jpg","contentUrl":"https:\/\/tiketi.com\/wp-content\/uploads\/2022\/01\/bus-ticket-online-booking.jpg","width":1200,"height":206,"caption":"Online Bus Ticket Booking"},{"@type":"BreadcrumbList","@id":"https:\/\/tiketi.com\/companies\/buses\/kidinilo-express\/#breadcrumb","itemListElement":[{"@type":"ListItem","position":1,"name":"Home","item":"https:\/\/tiketi.com\/"},{"@type":"ListItem","position":2,"name":"Companies","item":"https:\/\/tiketi.com\/companies\/"},{"@type":"ListItem","position":3,"name":"Buses","item":"https:\/\/tiketi.com\/companies\/buses\/"},{"@type":"ListItem","position":4,"name":"Kidinilo Express Online Booking, Bus Tickets, Fare &#038; Schedule"}]},{"@type":"WebSite","@id":"https:\/\/tiketi.com\/#website","url":"https:\/\/tiketi.com\/","name":"Billets d&#039;avion et de bus, forfaits touristiques et activit\u00e9s - Tiketi.com","description":"Billets d&#039;avion et de bus, Tours, Activit\u00e9s","publisher":{"@id":"https:\/\/tiketi.com\/#organization"},"potentialAction":[{"@type":"SearchAction","target":{"@type":"EntryPoint","urlTemplate":"https:\/\/tiketi.com\/?s={search_term_string}"},"query-input":{"@type":"PropertyValueSpecification","valueRequired":true,"valueName":"search_term_string"}}],"inLanguage":"fr-FR"},{"@type":"Organization","@id":"https:\/\/tiketi.com\/#organization","name":"Tiketi.com","alternateName":"Tiketi","url":"https:\/\/tiketi.com\/","logo":{"@type":"ImageObject","inLanguage":"fr-FR","@id":"https:\/\/tiketi.com\/#\/schema\/logo\/image\/","url":"https:\/\/tiketi.com\/wp-content\/uploads\/2019\/05\/tiketi-logo-696.png","contentUrl":"https:\/\/tiketi.com\/wp-content\/uploads\/2019\/05\/tiketi-logo-696.png","width":696,"height":696,"caption":"Tiketi.com"},"image":{"@id":"https:\/\/tiketi.com\/#\/schema\/logo\/image\/"},"sameAs":["https:\/\/www.facebook.com\/TiketiCom\/"]}]}},"_links":{"self":[{"href":"https:\/\/tiketi.com\/fr-fr\/wp-json\/wp\/v2\/pages\/10986","targetHints":{"allow":["GET"]}}],"collection":[{"href":"https:\/\/tiketi.com\/fr-fr\/wp-json\/wp\/v2\/pages"}],"about":[{"href":"https:\/\/tiketi.com\/fr-fr\/wp-json\/wp\/v2\/types\/page"}],"author":[{"embeddable":true,"href":"https:\/\/tiketi.com\/fr-fr\/wp-json\/wp\/v2\/users\/1"}],"replies":[{"embeddable":true,"href":"https:\/\/tiketi.com\/fr-fr\/wp-json\/wp\/v2\/comments?post=10986"}],"version-history":[{"count":0,"href":"https:\/\/tiketi.com\/fr-fr\/wp-json\/wp\/v2\/pages\/10986\/revisions"}],"up":[{"embeddable":true,"href":"https:\/\/tiketi.com\/fr-fr\/wp-json\/wp\/v2\/pages\/25524"}],"wp:featuredmedia":[{"embeddable":true,"href":"https:\/\/tiketi.com\/fr-fr\/wp-json\/wp\/v2\/media\/13999"}],"wp:attachment":[{"href":"https:\/\/tiketi.com\/fr-fr\/wp-json\/wp\/v2\/media?parent=10986"}],"curies":[{"name":"wp","href":"https:\/\/api.w.org\/{rel}","templated":true}]}}