{"id":10988,"date":"2022-01-19T12:54:03","date_gmt":"2022-01-19T11:54:03","guid":{"rendered":"https:\/\/new.tiketi.com\/ibra-line-bus-online-booking-bus-tickets-reservation\/"},"modified":"2022-02-15T13:35:50","modified_gmt":"2022-02-15T12:35:50","slug":"lbra-line-buses","status":"publish","type":"page","link":"https:\/\/tiketi.com\/fr-fr\/lbra-line-buses\/","title":{"rendered":"R\u00e9servation en ligne de bus Ibra Line, billets de bus, itin\u00e9raire, horaires et tarifs"},"content":{"rendered":"<h2>R\u00e9servation de billets de bus en ligne Ibra Line<\/h2>\n<h3>D\u00e9couvrez votre itin\u00e9raire de voyage sur le web, le mobile ou l&#039;application et r\u00e9servez en ligne d\u00e8s maintenant des billets de bus pas chers pour la ligne Ibra.<\/h3>\n<p>R\u00e9servation en ligne de bus Ibra Line simplifi\u00e9e. La compagnie de bus de la ligne Ibra \u00e9tait un petit service de bus urbain op\u00e9rant dans les villes de Moshi avec la ville la plus proche autour de la r\u00e9gion du Kilimandjaro. Plus tard, la ligne Lbra a \u00e9tendu son service de la ville de Moshi \u00e0 la ville d&#039;Arusha en passant par la ville de Bomang&#039;ombe. Il en va de m\u00eame pour la r\u00e9servation de billets de bus en ligne Ibra Line maintenant!<\/p>\n<h2>FAQ sur la r\u00e9servation en ligne des bus de la ligne Ibra<\/h2>\n<h3>Quels sont les trajets et les prix des bus de la ligne Ibra\u00a0?<\/h3>\n<p>Moshi \u2013 Babati via Arusha<br \/>\nArusha \u2013 Dar es Salam via Moshi<br \/>\nDar es Salaam Mtwara via Mkururanga<\/p>\n<h3>Flotte Ibra Line<\/h3>\n<p>La soci\u00e9t\u00e9 Ibra line utilise le Yutong chinois, tous offrant ses services dans la classe semi-luxe selon les termes et conditions de SUMATRA. Ils ont du plaisir \u00e0 bord, des services de climatisation, des boissons non alcoolis\u00e9es et un syst\u00e8me de musique.<\/p>\n<h3>Quelles sont les coordonn\u00e9es et les coordonn\u00e9es du bureau des bus Ibra Line\u00a0?<\/h3>\n<p>Si\u00e8ge social Ghala Rd, Moshi, Tanzanie<\/p>\n<h2>Conseils de r\u00e9servation de billets de bus en ligne Ibra Line<\/h2>\n<p>En 2010, l&#039;entreprise a innov\u00e9 ses services et a commenc\u00e9 \u00e0 servir ses clients en tant qu&#039;entreprise d&#039;autobus interurbains. L&#039;itin\u00e9raire cl\u00e9 \u00e9tant Arusha \u00e0 Dar es Salaam, la ville de Moshi \u00e9tant le grand point de safari. La ligne Ibra a \u00e9galement \u00e9tendu ses services \u00e0 la ville de Mtwara depuis Dar es Salaam.<\/p>","protected":false},"excerpt":{"rendered":"<p>Ibra Line Online Bus Ticket Booking Discover your travel route on web, mobile or app and book cheap Ibra line bus tickets online now. Ibra Line bus online booking made easy.\u00a0Ibra line bus firm was a little city bus service operating within Moshi towns with the closet town around Kilimanjaro area. Later on Lbra line [&hellip;]<\/p>\n","protected":false},"author":1,"featured_media":13999,"parent":0,"menu_order":0,"comment_status":"open","ping_status":"closed","template":"template-home-modern.php","meta":{"footnotes":""},"class_list":["post-10988","page","type-page","status-publish","has-post-thumbnail","hentry"],"yoast_head":"<!-- This site is optimized with the Yoast SEO plugin v27.3 - https:\/\/yoast.com\/product\/yoast-seo-wordpress\/ -->\n<title>Ibra Line Bus Online Booking, Bus Tickets, Route, Schedule &amp; Fare<\/title>\n<meta name=\"description\" content=\"Looking for Ibra Line bus online booking, app, tickets, route, schedule &amp; fare? Make a cheap Ibra Line online bus ticket booking online now\" \/>\n<meta name=\"robots\" content=\"index, follow, max-snippet:-1, max-image-preview:large, max-video-preview:-1\" \/>\n<link rel=\"canonical\" href=\"https:\/\/tiketi.com\/fr-fr\/lbra-line-buses\/\" \/>\n<meta property=\"og:locale\" content=\"fr_FR\" \/>\n<meta property=\"og:type\" content=\"article\" \/>\n<meta property=\"og:title\" content=\"Ibra Line Bus Online Booking, Bus Tickets, Route, Schedule &amp; Fare\" \/>\n<meta property=\"og:description\" content=\"Looking for Ibra Line bus online booking, app, tickets, route, schedule &amp; fare? Make a cheap Ibra Line online bus ticket booking online now\" \/>\n<meta property=\"og:url\" content=\"https:\/\/tiketi.com\/fr-fr\/lbra-line-buses\/\" \/>\n<meta property=\"og:site_name\" content=\"Tiketi.com\" \/>\n<meta property=\"article:publisher\" content=\"https:\/\/www.facebook.com\/TiketiCom\/\" \/>\n<meta property=\"article:modified_time\" content=\"2022-02-15T12:35:50+00:00\" \/>\n<meta property=\"og:image\" content=\"https:\/\/tiketi.com\/wp-content\/uploads\/2022\/01\/bus-ticket-online-booking.jpg\" \/>\n\t<meta property=\"og:image:width\" content=\"1200\" \/>\n\t<meta property=\"og:image:height\" content=\"206\" \/>\n\t<meta property=\"og:image:type\" content=\"image\/jpeg\" \/>\n<meta name=\"twitter:card\" content=\"summary_large_image\" \/>\n<meta name=\"twitter:label1\" content=\"Dur\u00e9e de lecture estim\u00e9e\" \/>\n\t<meta name=\"twitter:data1\" content=\"1 minute\" \/>\n<script type=\"application\/ld+json\" class=\"yoast-schema-graph\">{\"@context\":\"https:\\\/\\\/schema.org\",\"@graph\":[{\"@type\":\"WebPage\",\"@id\":\"https:\\\/\\\/tiketi.com\\\/lbra-line-buses\\\/\",\"url\":\"https:\\\/\\\/tiketi.com\\\/lbra-line-buses\\\/\",\"name\":\"Ibra Line Bus Online Booking, Bus Tickets, Route, Schedule & Fare\",\"isPartOf\":{\"@id\":\"https:\\\/\\\/tiketi.com\\\/#website\"},\"primaryImageOfPage\":{\"@id\":\"https:\\\/\\\/tiketi.com\\\/lbra-line-buses\\\/#primaryimage\"},\"image\":{\"@id\":\"https:\\\/\\\/tiketi.com\\\/lbra-line-buses\\\/#primaryimage\"},\"thumbnailUrl\":\"https:\\\/\\\/tiketi.com\\\/wp-content\\\/uploads\\\/2022\\\/01\\\/bus-ticket-online-booking.jpg\",\"datePublished\":\"2022-01-19T11:54:03+00:00\",\"dateModified\":\"2022-02-15T12:35:50+00:00\",\"description\":\"Looking for Ibra Line bus online booking, app, tickets, route, schedule & fare? Make a cheap Ibra Line online bus ticket booking online now\",\"breadcrumb\":{\"@id\":\"https:\\\/\\\/tiketi.com\\\/lbra-line-buses\\\/#breadcrumb\"},\"inLanguage\":\"fr-FR\",\"potentialAction\":[{\"@type\":\"ReadAction\",\"target\":[\"https:\\\/\\\/tiketi.com\\\/lbra-line-buses\\\/\"]}]},{\"@type\":\"ImageObject\",\"inLanguage\":\"fr-FR\",\"@id\":\"https:\\\/\\\/tiketi.com\\\/lbra-line-buses\\\/#primaryimage\",\"url\":\"https:\\\/\\\/tiketi.com\\\/wp-content\\\/uploads\\\/2022\\\/01\\\/bus-ticket-online-booking.jpg\",\"contentUrl\":\"https:\\\/\\\/tiketi.com\\\/wp-content\\\/uploads\\\/2022\\\/01\\\/bus-ticket-online-booking.jpg\",\"width\":1200,\"height\":206,\"caption\":\"Online Bus Ticket Booking\"},{\"@type\":\"BreadcrumbList\",\"@id\":\"https:\\\/\\\/tiketi.com\\\/lbra-line-buses\\\/#breadcrumb\",\"itemListElement\":[{\"@type\":\"ListItem\",\"position\":1,\"name\":\"Home\",\"item\":\"https:\\\/\\\/tiketi.com\\\/\"},{\"@type\":\"ListItem\",\"position\":2,\"name\":\"Ibra Line Bus Online Booking, Bus Tickets, Route, Schedule &#038; Fare\"}]},{\"@type\":\"WebSite\",\"@id\":\"https:\\\/\\\/tiketi.com\\\/#website\",\"url\":\"https:\\\/\\\/tiketi.com\\\/\",\"name\":\"Flight & Bus Tickets, Tour Packages & Activitites - Tiketi.com\",\"description\":\"Flight &amp; Bus Tickets, Tours, Activitites\",\"publisher\":{\"@id\":\"https:\\\/\\\/tiketi.com\\\/#organization\"},\"potentialAction\":[{\"@type\":\"SearchAction\",\"target\":{\"@type\":\"EntryPoint\",\"urlTemplate\":\"https:\\\/\\\/tiketi.com\\\/?s={search_term_string}\"},\"query-input\":{\"@type\":\"PropertyValueSpecification\",\"valueRequired\":true,\"valueName\":\"search_term_string\"}}],\"inLanguage\":\"fr-FR\"},{\"@type\":\"Organization\",\"@id\":\"https:\\\/\\\/tiketi.com\\\/#organization\",\"name\":\"Tiketi.com\",\"alternateName\":\"Tiketi\",\"url\":\"https:\\\/\\\/tiketi.com\\\/\",\"logo\":{\"@type\":\"ImageObject\",\"inLanguage\":\"fr-FR\",\"@id\":\"https:\\\/\\\/tiketi.com\\\/#\\\/schema\\\/logo\\\/image\\\/\",\"url\":\"https:\\\/\\\/tiketi.com\\\/wp-content\\\/uploads\\\/2019\\\/05\\\/tiketi-logo-696.png\",\"contentUrl\":\"https:\\\/\\\/tiketi.com\\\/wp-content\\\/uploads\\\/2019\\\/05\\\/tiketi-logo-696.png\",\"width\":696,\"height\":696,\"caption\":\"Tiketi.com\"},\"image\":{\"@id\":\"https:\\\/\\\/tiketi.com\\\/#\\\/schema\\\/logo\\\/image\\\/\"},\"sameAs\":[\"https:\\\/\\\/www.facebook.com\\\/TiketiCom\\\/\"]}]}<\/script>\n<!-- \/ Yoast SEO plugin. -->","yoast_head_json":{"title":"R\u00e9servation en ligne de bus Ibra Line, billets de bus, itin\u00e9raire, horaires et tarifs","description":"Vous recherchez une r\u00e9servation en ligne de bus Ibra Line, une application, des billets, un itin\u00e9raire, un horaire et un tarif\u00a0? Faites une r\u00e9servation en ligne de billets de bus Ibra Line pas chers en ligne maintenant","robots":{"index":"index","follow":"follow","max-snippet":"max-snippet:-1","max-image-preview":"max-image-preview:large","max-video-preview":"max-video-preview:-1"},"canonical":"https:\/\/tiketi.com\/fr-fr\/lbra-line-buses\/","og_locale":"fr_FR","og_type":"article","og_title":"Ibra Line Bus Online Booking, Bus Tickets, Route, Schedule & Fare","og_description":"Looking for Ibra Line bus online booking, app, tickets, route, schedule & fare? Make a cheap Ibra Line online bus ticket booking online now","og_url":"https:\/\/tiketi.com\/fr-fr\/lbra-line-buses\/","og_site_name":"Tiketi.com","article_publisher":"https:\/\/www.facebook.com\/TiketiCom\/","article_modified_time":"2022-02-15T12:35:50+00:00","og_image":[{"width":1200,"height":206,"url":"https:\/\/tiketi.com\/wp-content\/uploads\/2022\/01\/bus-ticket-online-booking.jpg","type":"image\/jpeg"}],"twitter_card":"summary_large_image","twitter_misc":{"Dur\u00e9e de lecture estim\u00e9e":"1 minute"},"schema":{"@context":"https:\/\/schema.org","@graph":[{"@type":"WebPage","@id":"https:\/\/tiketi.com\/lbra-line-buses\/","url":"https:\/\/tiketi.com\/lbra-line-buses\/","name":"R\u00e9servation en ligne de bus Ibra Line, billets de bus, itin\u00e9raire, horaires et tarifs","isPartOf":{"@id":"https:\/\/tiketi.com\/#website"},"primaryImageOfPage":{"@id":"https:\/\/tiketi.com\/lbra-line-buses\/#primaryimage"},"image":{"@id":"https:\/\/tiketi.com\/lbra-line-buses\/#primaryimage"},"thumbnailUrl":"https:\/\/tiketi.com\/wp-content\/uploads\/2022\/01\/bus-ticket-online-booking.jpg","datePublished":"2022-01-19T11:54:03+00:00","dateModified":"2022-02-15T12:35:50+00:00","description":"Vous recherchez une r\u00e9servation en ligne de bus Ibra Line, une application, des billets, un itin\u00e9raire, un horaire et un tarif\u00a0? Faites une r\u00e9servation en ligne de billets de bus Ibra Line pas chers en ligne maintenant","breadcrumb":{"@id":"https:\/\/tiketi.com\/lbra-line-buses\/#breadcrumb"},"inLanguage":"fr-FR","potentialAction":[{"@type":"ReadAction","target":["https:\/\/tiketi.com\/lbra-line-buses\/"]}]},{"@type":"ImageObject","inLanguage":"fr-FR","@id":"https:\/\/tiketi.com\/lbra-line-buses\/#primaryimage","url":"https:\/\/tiketi.com\/wp-content\/uploads\/2022\/01\/bus-ticket-online-booking.jpg","contentUrl":"https:\/\/tiketi.com\/wp-content\/uploads\/2022\/01\/bus-ticket-online-booking.jpg","width":1200,"height":206,"caption":"Online Bus Ticket Booking"},{"@type":"BreadcrumbList","@id":"https:\/\/tiketi.com\/lbra-line-buses\/#breadcrumb","itemListElement":[{"@type":"ListItem","position":1,"name":"Home","item":"https:\/\/tiketi.com\/"},{"@type":"ListItem","position":2,"name":"Ibra Line Bus Online Booking, Bus Tickets, Route, Schedule &#038; Fare"}]},{"@type":"WebSite","@id":"https:\/\/tiketi.com\/#website","url":"https:\/\/tiketi.com\/","name":"Billets d&#039;avion et de bus, forfaits touristiques et activit\u00e9s - Tiketi.com","description":"Billets d&#039;avion et de bus, Tours, Activit\u00e9s","publisher":{"@id":"https:\/\/tiketi.com\/#organization"},"potentialAction":[{"@type":"SearchAction","target":{"@type":"EntryPoint","urlTemplate":"https:\/\/tiketi.com\/?s={search_term_string}"},"query-input":{"@type":"PropertyValueSpecification","valueRequired":true,"valueName":"search_term_string"}}],"inLanguage":"fr-FR"},{"@type":"Organization","@id":"https:\/\/tiketi.com\/#organization","name":"Tiketi.com","alternateName":"Tiketi","url":"https:\/\/tiketi.com\/","logo":{"@type":"ImageObject","inLanguage":"fr-FR","@id":"https:\/\/tiketi.com\/#\/schema\/logo\/image\/","url":"https:\/\/tiketi.com\/wp-content\/uploads\/2019\/05\/tiketi-logo-696.png","contentUrl":"https:\/\/tiketi.com\/wp-content\/uploads\/2019\/05\/tiketi-logo-696.png","width":696,"height":696,"caption":"Tiketi.com"},"image":{"@id":"https:\/\/tiketi.com\/#\/schema\/logo\/image\/"},"sameAs":["https:\/\/www.facebook.com\/TiketiCom\/"]}]}},"_links":{"self":[{"href":"https:\/\/tiketi.com\/fr-fr\/wp-json\/wp\/v2\/pages\/10988","targetHints":{"allow":["GET"]}}],"collection":[{"href":"https:\/\/tiketi.com\/fr-fr\/wp-json\/wp\/v2\/pages"}],"about":[{"href":"https:\/\/tiketi.com\/fr-fr\/wp-json\/wp\/v2\/types\/page"}],"author":[{"embeddable":true,"href":"https:\/\/tiketi.com\/fr-fr\/wp-json\/wp\/v2\/users\/1"}],"replies":[{"embeddable":true,"href":"https:\/\/tiketi.com\/fr-fr\/wp-json\/wp\/v2\/comments?post=10988"}],"version-history":[{"count":0,"href":"https:\/\/tiketi.com\/fr-fr\/wp-json\/wp\/v2\/pages\/10988\/revisions"}],"wp:featuredmedia":[{"embeddable":true,"href":"https:\/\/tiketi.com\/fr-fr\/wp-json\/wp\/v2\/media\/13999"}],"wp:attachment":[{"href":"https:\/\/tiketi.com\/fr-fr\/wp-json\/wp\/v2\/media?parent=10988"}],"curies":[{"name":"wp","href":"https:\/\/api.w.org\/{rel}","templated":true}]}}