{"id":10989,"date":"2022-01-19T12:54:05","date_gmt":"2022-01-19T11:54:05","guid":{"rendered":"https:\/\/new.tiketi.com\/hai-express-bus-online-booking-bus-tickets-reservation\/"},"modified":"2022-02-14T13:03:45","modified_gmt":"2022-02-14T12:03:45","slug":"hai-express-buses","status":"publish","type":"page","link":"https:\/\/tiketi.com\/fr-fr\/hai-express-buses\/","title":{"rendered":"R\u00e9servation en ligne du bus Hai Express, billets de bus, tarifs, horaires et itin\u00e9raire"},"content":{"rendered":"<h2>R\u00e9servation de billets en ligne pour le bus Hai Express<\/h2>\n<h3>D\u00e9couvrez votre itin\u00e9raire de voyage sur le Web, votre mobile ou votre application et r\u00e9servez d\u00e8s maintenant vos billets de bus Hai Express \u00e0 bas prix en ligne.<\/h3>\n<p>La r\u00e9servation en ligne de Hai Express Bus est facilit\u00e9e. Hai Express est une soci\u00e9t\u00e9 de bus interurbains qui op\u00e8re dans le secteur du transport en Tanzanie depuis plus de 10 ans. Hai Express a repris le secteur du transport au moment o\u00f9 les compagnies de bus scandinaves commen\u00e7aient \u00e0 d\u00e9cliner sur de nombreuses grandes routes de Tanzanie. Faites de m\u00eame en r\u00e9servant vos billets en ligne pour le Hai Express Bus d\u00e8s maintenant\u00a0!<\/p>\n<h2>FAQ sur la r\u00e9servation en ligne du bus Hai Express<\/h2>\n<h3>Quels sont les trajets et les tarifs des bus Hai Express ?<\/h3>\n<p>\u2022 Dar es Salaam \u2013 Arusha via Moshi<br \/>\n\u2022 Dar es Salaam \u2013 Mbeya via Ipogoro<br \/>\n\u2022 Dar es Salaam \u2013 Dodoma via Morogoro<\/p>\n<h3>Quelles sont les coordonn\u00e9es des bus Hai Express ?<\/h3>\n<p>Dar es Salaam, Tanzanie<\/p>\n<h2>Conseils pour la r\u00e9servation de billets en ligne du bus Hai Express<\/h2>\n<p>Au d\u00e9but, Hai Express utilisait des bus Scania avec des carrosseries Marcopolo. On pense que les bus ont \u00e9t\u00e9 achet\u00e9s \u00e0 Scandinavia Express lorsque cette entreprise a commenc\u00e9 \u00e0 tomber. Plus tard, Hai Express a beaucoup investi dans les bus chinois, notamment les bus Yutong et Zhoghtong.<\/p>","protected":false},"excerpt":{"rendered":"<p>Hai Express\u00a0Bus\u00a0Online Ticket Booking Discover your travel route on web, mobile or app and book cheap Hai Express bus tickets online now. Hai Express\u00a0Bus online booking made easy.\u00a0Hai Express is an intercity bus firm which operates in Tanzania transport industry for more 10 years. Hai Express took over the transport industry at the time when [&hellip;]<\/p>\n","protected":false},"author":1,"featured_media":13999,"parent":0,"menu_order":0,"comment_status":"open","ping_status":"closed","template":"template-home-modern.php","meta":{"footnotes":""},"class_list":["post-10989","page","type-page","status-publish","has-post-thumbnail","hentry"],"yoast_head":"<!-- This site is optimized with the Yoast SEO plugin v27.2 - https:\/\/yoast.com\/product\/yoast-seo-wordpress\/ -->\n<title>Hai Express Bus Online Booking, Bus Tickets, Fare, Schedule &amp; Route<\/title>\n<meta name=\"description\" content=\"Looking for Hai Express\u00a0Bus online booking, app, route, fare and schedule? Make a Hai Express\u00a0Bus online bus ticket booking now and save\" \/>\n<meta name=\"robots\" content=\"index, follow, max-snippet:-1, max-image-preview:large, max-video-preview:-1\" \/>\n<link rel=\"canonical\" href=\"https:\/\/tiketi.com\/fr-fr\/hai-express-buses\/\" \/>\n<meta property=\"og:locale\" content=\"fr_FR\" \/>\n<meta property=\"og:type\" content=\"article\" \/>\n<meta property=\"og:title\" content=\"Hai Express Bus Online Booking, Bus Tickets, Fare, Schedule &amp; Route\" \/>\n<meta property=\"og:description\" content=\"Looking for Hai Express\u00a0Bus online booking, app, route, fare and schedule? Make a Hai Express\u00a0Bus online bus ticket booking now and save\" \/>\n<meta property=\"og:url\" content=\"https:\/\/tiketi.com\/fr-fr\/hai-express-buses\/\" \/>\n<meta property=\"og:site_name\" content=\"Tiketi.com\" \/>\n<meta property=\"article:publisher\" content=\"https:\/\/www.facebook.com\/TiketiCom\/\" \/>\n<meta property=\"article:modified_time\" content=\"2022-02-14T12:03:45+00:00\" \/>\n<meta property=\"og:image\" content=\"https:\/\/tiketi.com\/wp-content\/uploads\/2022\/01\/bus-ticket-online-booking.jpg\" \/>\n\t<meta property=\"og:image:width\" content=\"1200\" \/>\n\t<meta property=\"og:image:height\" content=\"206\" \/>\n\t<meta property=\"og:image:type\" content=\"image\/jpeg\" \/>\n<meta name=\"twitter:card\" content=\"summary_large_image\" \/>\n<meta name=\"twitter:label1\" content=\"Dur\u00e9e de lecture estim\u00e9e\" \/>\n\t<meta name=\"twitter:data1\" content=\"1 minute\" \/>\n<script type=\"application\/ld+json\" class=\"yoast-schema-graph\">{\"@context\":\"https:\/\/schema.org\",\"@graph\":[{\"@type\":\"WebPage\",\"@id\":\"https:\/\/tiketi.com\/hai-express-buses\/\",\"url\":\"https:\/\/tiketi.com\/hai-express-buses\/\",\"name\":\"Hai Express Bus Online Booking, Bus Tickets, Fare, Schedule & Route\",\"isPartOf\":{\"@id\":\"https:\/\/tiketi.com\/#website\"},\"primaryImageOfPage\":{\"@id\":\"https:\/\/tiketi.com\/hai-express-buses\/#primaryimage\"},\"image\":{\"@id\":\"https:\/\/tiketi.com\/hai-express-buses\/#primaryimage\"},\"thumbnailUrl\":\"https:\/\/tiketi.com\/wp-content\/uploads\/2022\/01\/bus-ticket-online-booking.jpg\",\"datePublished\":\"2022-01-19T11:54:05+00:00\",\"dateModified\":\"2022-02-14T12:03:45+00:00\",\"description\":\"Looking for Hai Express\u00a0Bus online booking, app, route, fare and schedule? Make a Hai Express\u00a0Bus online bus ticket booking now and save\",\"breadcrumb\":{\"@id\":\"https:\/\/tiketi.com\/hai-express-buses\/#breadcrumb\"},\"inLanguage\":\"fr-FR\",\"potentialAction\":[{\"@type\":\"ReadAction\",\"target\":[\"https:\/\/tiketi.com\/hai-express-buses\/\"]}]},{\"@type\":\"ImageObject\",\"inLanguage\":\"fr-FR\",\"@id\":\"https:\/\/tiketi.com\/hai-express-buses\/#primaryimage\",\"url\":\"https:\/\/tiketi.com\/wp-content\/uploads\/2022\/01\/bus-ticket-online-booking.jpg\",\"contentUrl\":\"https:\/\/tiketi.com\/wp-content\/uploads\/2022\/01\/bus-ticket-online-booking.jpg\",\"width\":1200,\"height\":206,\"caption\":\"Online Bus Ticket Booking\"},{\"@type\":\"BreadcrumbList\",\"@id\":\"https:\/\/tiketi.com\/hai-express-buses\/#breadcrumb\",\"itemListElement\":[{\"@type\":\"ListItem\",\"position\":1,\"name\":\"Home\",\"item\":\"https:\/\/tiketi.com\/\"},{\"@type\":\"ListItem\",\"position\":2,\"name\":\"Hai Express Bus Online Booking, Bus Tickets, Fare, Schedule &#038; Route\"}]},{\"@type\":\"WebSite\",\"@id\":\"https:\/\/tiketi.com\/#website\",\"url\":\"https:\/\/tiketi.com\/\",\"name\":\"Flight & Bus Tickets, Tour Packages & Activitites - Tiketi.com\",\"description\":\"Flight &amp; Bus Tickets, Tours, Activitites\",\"publisher\":{\"@id\":\"https:\/\/tiketi.com\/#organization\"},\"potentialAction\":[{\"@type\":\"SearchAction\",\"target\":{\"@type\":\"EntryPoint\",\"urlTemplate\":\"https:\/\/tiketi.com\/?s={search_term_string}\"},\"query-input\":{\"@type\":\"PropertyValueSpecification\",\"valueRequired\":true,\"valueName\":\"search_term_string\"}}],\"inLanguage\":\"fr-FR\"},{\"@type\":\"Organization\",\"@id\":\"https:\/\/tiketi.com\/#organization\",\"name\":\"Tiketi.com\",\"alternateName\":\"Tiketi\",\"url\":\"https:\/\/tiketi.com\/\",\"logo\":{\"@type\":\"ImageObject\",\"inLanguage\":\"fr-FR\",\"@id\":\"https:\/\/tiketi.com\/#\/schema\/logo\/image\/\",\"url\":\"https:\/\/tiketi.com\/wp-content\/uploads\/2019\/05\/tiketi-logo-696.png\",\"contentUrl\":\"https:\/\/tiketi.com\/wp-content\/uploads\/2019\/05\/tiketi-logo-696.png\",\"width\":696,\"height\":696,\"caption\":\"Tiketi.com\"},\"image\":{\"@id\":\"https:\/\/tiketi.com\/#\/schema\/logo\/image\/\"},\"sameAs\":[\"https:\/\/www.facebook.com\/TiketiCom\/\"]}]}<\/script>\n<!-- \/ Yoast SEO plugin. -->","yoast_head_json":{"title":"R\u00e9servation en ligne du bus Hai Express, billets de bus, tarifs, horaires et itin\u00e9raire","description":"Vous recherchez une r\u00e9servation en ligne, une application, un itin\u00e9raire, un tarif et des horaires de Hai Express Bus\u00a0? Faites une r\u00e9servation de billet de bus en ligne Hai Express Bus maintenant et \u00e9conomisez","robots":{"index":"index","follow":"follow","max-snippet":"max-snippet:-1","max-image-preview":"max-image-preview:large","max-video-preview":"max-video-preview:-1"},"canonical":"https:\/\/tiketi.com\/fr-fr\/hai-express-buses\/","og_locale":"fr_FR","og_type":"article","og_title":"Hai Express Bus Online Booking, Bus Tickets, Fare, Schedule & Route","og_description":"Looking for Hai Express\u00a0Bus online booking, app, route, fare and schedule? Make a Hai Express\u00a0Bus online bus ticket booking now and save","og_url":"https:\/\/tiketi.com\/fr-fr\/hai-express-buses\/","og_site_name":"Tiketi.com","article_publisher":"https:\/\/www.facebook.com\/TiketiCom\/","article_modified_time":"2022-02-14T12:03:45+00:00","og_image":[{"width":1200,"height":206,"url":"https:\/\/tiketi.com\/wp-content\/uploads\/2022\/01\/bus-ticket-online-booking.jpg","type":"image\/jpeg"}],"twitter_card":"summary_large_image","twitter_misc":{"Dur\u00e9e de lecture estim\u00e9e":"1 minute"},"schema":{"@context":"https:\/\/schema.org","@graph":[{"@type":"WebPage","@id":"https:\/\/tiketi.com\/hai-express-buses\/","url":"https:\/\/tiketi.com\/hai-express-buses\/","name":"R\u00e9servation en ligne du bus Hai Express, billets de bus, tarifs, horaires et itin\u00e9raire","isPartOf":{"@id":"https:\/\/tiketi.com\/#website"},"primaryImageOfPage":{"@id":"https:\/\/tiketi.com\/hai-express-buses\/#primaryimage"},"image":{"@id":"https:\/\/tiketi.com\/hai-express-buses\/#primaryimage"},"thumbnailUrl":"https:\/\/tiketi.com\/wp-content\/uploads\/2022\/01\/bus-ticket-online-booking.jpg","datePublished":"2022-01-19T11:54:05+00:00","dateModified":"2022-02-14T12:03:45+00:00","description":"Vous recherchez une r\u00e9servation en ligne, une application, un itin\u00e9raire, un tarif et des horaires de Hai Express Bus\u00a0? Faites une r\u00e9servation de billet de bus en ligne Hai Express Bus maintenant et \u00e9conomisez","breadcrumb":{"@id":"https:\/\/tiketi.com\/hai-express-buses\/#breadcrumb"},"inLanguage":"fr-FR","potentialAction":[{"@type":"ReadAction","target":["https:\/\/tiketi.com\/hai-express-buses\/"]}]},{"@type":"ImageObject","inLanguage":"fr-FR","@id":"https:\/\/tiketi.com\/hai-express-buses\/#primaryimage","url":"https:\/\/tiketi.com\/wp-content\/uploads\/2022\/01\/bus-ticket-online-booking.jpg","contentUrl":"https:\/\/tiketi.com\/wp-content\/uploads\/2022\/01\/bus-ticket-online-booking.jpg","width":1200,"height":206,"caption":"Online Bus Ticket Booking"},{"@type":"BreadcrumbList","@id":"https:\/\/tiketi.com\/hai-express-buses\/#breadcrumb","itemListElement":[{"@type":"ListItem","position":1,"name":"Home","item":"https:\/\/tiketi.com\/"},{"@type":"ListItem","position":2,"name":"Hai Express Bus Online Booking, Bus Tickets, Fare, Schedule &#038; Route"}]},{"@type":"WebSite","@id":"https:\/\/tiketi.com\/#website","url":"https:\/\/tiketi.com\/","name":"Billets d&#039;avion et de bus, forfaits touristiques et activit\u00e9s - Tiketi.com","description":"Billets d&#039;avion et de bus, Tours, Activit\u00e9s","publisher":{"@id":"https:\/\/tiketi.com\/#organization"},"potentialAction":[{"@type":"SearchAction","target":{"@type":"EntryPoint","urlTemplate":"https:\/\/tiketi.com\/?s={search_term_string}"},"query-input":{"@type":"PropertyValueSpecification","valueRequired":true,"valueName":"search_term_string"}}],"inLanguage":"fr-FR"},{"@type":"Organization","@id":"https:\/\/tiketi.com\/#organization","name":"Tiketi.com","alternateName":"Tiketi","url":"https:\/\/tiketi.com\/","logo":{"@type":"ImageObject","inLanguage":"fr-FR","@id":"https:\/\/tiketi.com\/#\/schema\/logo\/image\/","url":"https:\/\/tiketi.com\/wp-content\/uploads\/2019\/05\/tiketi-logo-696.png","contentUrl":"https:\/\/tiketi.com\/wp-content\/uploads\/2019\/05\/tiketi-logo-696.png","width":696,"height":696,"caption":"Tiketi.com"},"image":{"@id":"https:\/\/tiketi.com\/#\/schema\/logo\/image\/"},"sameAs":["https:\/\/www.facebook.com\/TiketiCom\/"]}]}},"_links":{"self":[{"href":"https:\/\/tiketi.com\/fr-fr\/wp-json\/wp\/v2\/pages\/10989","targetHints":{"allow":["GET"]}}],"collection":[{"href":"https:\/\/tiketi.com\/fr-fr\/wp-json\/wp\/v2\/pages"}],"about":[{"href":"https:\/\/tiketi.com\/fr-fr\/wp-json\/wp\/v2\/types\/page"}],"author":[{"embeddable":true,"href":"https:\/\/tiketi.com\/fr-fr\/wp-json\/wp\/v2\/users\/1"}],"replies":[{"embeddable":true,"href":"https:\/\/tiketi.com\/fr-fr\/wp-json\/wp\/v2\/comments?post=10989"}],"version-history":[{"count":0,"href":"https:\/\/tiketi.com\/fr-fr\/wp-json\/wp\/v2\/pages\/10989\/revisions"}],"wp:featuredmedia":[{"embeddable":true,"href":"https:\/\/tiketi.com\/fr-fr\/wp-json\/wp\/v2\/media\/13999"}],"wp:attachment":[{"href":"https:\/\/tiketi.com\/fr-fr\/wp-json\/wp\/v2\/media?parent=10989"}],"curies":[{"name":"wp","href":"https:\/\/api.w.org\/{rel}","templated":true}]}}