{"id":10990,"date":"2022-01-19T12:54:05","date_gmt":"2022-01-19T11:54:05","guid":{"rendered":"https:\/\/new.tiketi.com\/happy-national-express-bus-online-booking-bus-tickets-reservation\/"},"modified":"2025-08-03T16:37:00","modified_gmt":"2025-08-03T15:37:00","slug":"happy-nation-express","status":"publish","type":"page","link":"https:\/\/tiketi.com\/fr-fr\/companies\/buses\/happy-nation-express\/","title":{"rendered":"Happy Nation Bus R\u00e9servation en ligne, billets, tarifs et horaires"},"content":{"rendered":"<h2>R\u00e9servation de billets de bus en ligne Happy Nation<\/h2>\n<h3>D\u00e9couvrez votre itin\u00e9raire de voyage sur le web, le mobile ou l&#039;application et r\u00e9servez d\u00e8s maintenant des billets de bus Happy Nation Express pas chers en ligne.<\/h3>\n<p>R\u00e9servation en ligne de bus Happy Nation simplifi\u00e9e. Happy Nation Express est une entreprise de transport de passagers dont le si\u00e8ge est \u00e0 Dar es Salaam en Tanzanie. Ils sont dans l&#039;industrie depuis plus de quinze ans et desservent de nombreuses r\u00e9gions du sud, du centre, du nord et de la zone des lacs. Alors faites la r\u00e9servation de billets de bus en ligne Happy Nation maintenant!<\/p>\n<h2>FAQ sur la r\u00e9servation en ligne, les billets, les tarifs, les itin\u00e9raires et les horaires de Happy Nation Bus<\/h2>\n<h3>Quels sont les trajets et les prix des bus Happy Nation Express ?<\/h3>\n<p>\u2022 Dar es Salam \u00e0 Mwanza<br \/>\n\u2022 Dar es Salam \u00e0 Dodoma<br \/>\n\u2022 Dar es Salam \u00e0 Mbeya<br \/>\n\u2022 Dar es Salam \u00e0 Babati<br \/>\n\u2022 Dar es Salaam \u00e0 Moshi et Arusha via Bagamoyo\/Chalinze<\/p>\n<h3>Ligne de flotte Happy Nation Express<\/h3>\n<p>Happy Nation Express a un grand nombre de flottes dans sa liste d&#039;itin\u00e9raires diff\u00e9rents. Il \u00e9tait une fois l&#039;entreprise utilisait des bus Scania avant d&#039;innover sa liste avec les nouveaux mod\u00e8les de bus chinois Higer, Yutong et Zhongtong. Ils ont maintenant un grand nombre de bus Higer sur tous les itin\u00e9raires qu&#039;ils utilisaient pour assurer leurs services.<\/p>\n<p>L&#039;entreprise est sp\u00e9cialis\u00e9e dans les services de transport de passagers de Dar es Salaam vers d&#039;autres r\u00e9gions de Tanzanie. Ils ont des services r\u00e9guliers quotidiens avec la r\u00e9servation accessible \u00e0 leurs agents, bureaux et au terminal.<\/p>\n<p>Selon LATRA, happy Nation express propose des autocars semi-luxueux avec les meilleures sp\u00e9cifications \u00e0 bord, comme indiqu\u00e9 ci-dessous\u00a0:<\/p>\n<p>\u2022 Syst\u00e8me audio pour la musique et l&#039;\u00e9coute<br \/>\n\u2022 T\u00e9l\u00e9viseur mince pour le divertissement<br \/>\n\u2022 WiFi gratuit accessible sur certains de leurs bus<br \/>\n\u2022 Services de climatisation sur certains de leurs bus<br \/>\n\u2022 Syst\u00e8me de recharge USB sur certains bus<br \/>\n\u2022 Si\u00e8ges inclinables avec espace suppl\u00e9mentaire pour les jambes<br \/>\n\u2022 des collations et des boissons gratuites<\/p>\n<h3>Quelles sont les coordonn\u00e9es des bus Happy Nation Express ?<\/h3>\n<p>Si\u00e8ge social \u00e0 Dar es Salam<\/p>\n<p>Shekilango pr\u00e8s des appartements de la police<br \/>\nBureau de la gare routi\u00e8re d&#039;Ubungo num\u00e9ro 39<\/p>\n<h2>Conseils de r\u00e9servation de billets de bus en ligne Happy Nation<\/h2>\n<p>Happy Nation Express a le meilleur statut parmi les clients qui voyageaient avec eux. Ils ont une meilleure gestion pour prendre soin de leur entreprise et de leurs clients. Dans toutes les zones, le service Happy Nations est accessible avec le d\u00e9part l&#039;apr\u00e8s-midi et le matin pour les services de transport de passagers et de colis.<\/p>\n<h2>Autres compagnies de bus populaires en Tanzanie<\/h2>\n<table border=\"0\" cellspacing=\"1\" cellpadding=\"1\">\n<tbody>\n<tr>\n<td>\n<ul>\n<li><a href=\"https:\/\/tiketi.com\/fr-fr\/companies\/buses\/trinity-express\/\" target=\"_blank\" rel=\"noopener\">Trinity Express Booking<\/a><\/li>\n<\/ul>\n<\/td>\n<td style=\"width: 30px;\"><\/td>\n<td>\n<ul>\n<li><a href=\"https:\/\/tiketi.com\/fr-fr\/companies\/buses\/kilimanjaro-express\/\" target=\"_blank\" rel=\"noopener\">R\u00e9servation Dar Express<\/a><\/li>\n<\/ul>\n<\/td>\n<td style=\"width: 30px;\"><\/td>\n<td>\n<ul>\n<li><a href=\"https:\/\/tiketi.com\/fr-fr\/companies\/buses\/abood-bus\/\" target=\"_blank\" rel=\"noopener\">R\u00e9servation de bus Abood<\/a><\/li>\n<\/ul>\n<\/td>\n<\/tr>\n<tr>\n<td>\n<ul>\n<li><a href=\"https:\/\/tiketi.com\/fr-fr\/companies\/buses\/super-feo-bus\/\" target=\"_blank\" rel=\"noopener\">Super Feo Booking<\/a><\/li>\n<\/ul>\n<\/td>\n<td style=\"width: 30px;\"><\/td>\n<td>\n<ul>\n<li><a href=\"https:\/\/tiketi.com\/fr-fr\/companies\/buses\/kilimanjaro-express\/\" target=\"_blank\" rel=\"noopener\">R\u00e9servation du Kilimandjaro Express<\/a><\/li>\n<\/ul>\n<\/td>\n<td style=\"width: 30px;\"><\/td>\n<td>\n<ul>\n<li><a href=\"https:\/\/tiketi.com\/fr-fr\/companies\/buses\/esther-luxury-coach\/\" target=\"_blank\" rel=\"noopener\">R\u00e9servation d&#039;autocars de luxe Esther<\/a><\/li>\n<\/ul>\n<\/td>\n<\/tr>\n<tr>\n<td>\n<ul>\n<li><a href=\"https:\/\/tiketi.com\/fr-fr\/companies\/buses\/bm-luxury-coach\/\" target=\"_blank\" rel=\"noopener\">Bm Coach Booking<\/a><\/li>\n<\/ul>\n<\/td>\n<td style=\"width: 30px;\"><\/td>\n<td>\n<ul>\n<li><a href=\"https:\/\/tiketi.com\/fr-fr\/companies\/buses\/satco-express\/\" target=\"_blank\" rel=\"noopener\">R\u00e9servation de bus Satco<\/a><\/li>\n<\/ul>\n<\/td>\n<td style=\"width: 30px;\"><\/td>\n<td>\n<ul>\n<li><a href=\"https:\/\/tiketi.com\/fr-fr\/companies\/buses\/abc-autobus-de-classe-superieur\/\" target=\"_blank\" rel=\"noopener\">R\u00e9servation de bus ABC Upper Class<\/a><\/li>\n<\/ul>\n<\/td>\n<\/tr>\n<\/tbody>\n<\/table>\n<p>&nbsp;<\/p>\n<p>&nbsp;<\/p>\n<p>&nbsp;<\/p>","protected":false},"excerpt":{"rendered":"<p>Happy Nation Online Bus Ticket Booking Discover your travel route on web, mobile or app and book cheap Happy Nation Express bus tickets online now. Happy Nation bus online booking made easy. Happy Nation Express is a passenger transport firm with the headquarter in Dar es Salaam Tanzania. They are in the industry for more [&hellip;]<\/p>\n","protected":false},"author":1,"featured_media":13999,"parent":25524,"menu_order":0,"comment_status":"open","ping_status":"closed","template":"template-home-modern.php","meta":{"footnotes":""},"class_list":["post-10990","page","type-page","status-publish","has-post-thumbnail","hentry"],"yoast_head":"<!-- This site is optimized with the Yoast SEO plugin v27.3 - https:\/\/yoast.com\/product\/yoast-seo-wordpress\/ -->\n<title>Happy Nation Bus Online Booking, Tickets, Fare &amp; Schedule<\/title>\n<meta name=\"description\" content=\"Looking for Happy Nation bus online booking, app, routes, fares and schedule? Make a cheap Happy Nation online bus ticket booking\" \/>\n<meta name=\"robots\" content=\"index, follow, max-snippet:-1, max-image-preview:large, max-video-preview:-1\" \/>\n<link rel=\"canonical\" href=\"https:\/\/tiketi.com\/fr-fr\/companies\/buses\/happy-nation-express\/\" \/>\n<meta property=\"og:locale\" content=\"fr_FR\" \/>\n<meta property=\"og:type\" content=\"article\" \/>\n<meta property=\"og:title\" content=\"Happy Nation Bus Online Booking, Tickets, Fare &amp; Schedule\" \/>\n<meta property=\"og:description\" content=\"Looking for Happy Nation bus online booking, app, routes, fares and schedule? Make a cheap Happy Nation online bus ticket booking\" \/>\n<meta property=\"og:url\" content=\"https:\/\/tiketi.com\/fr-fr\/companies\/buses\/happy-nation-express\/\" \/>\n<meta property=\"og:site_name\" content=\"Tiketi.com\" \/>\n<meta property=\"article:publisher\" content=\"https:\/\/www.facebook.com\/TiketiCom\/\" \/>\n<meta property=\"article:modified_time\" content=\"2025-08-03T15:37:00+00:00\" \/>\n<meta property=\"og:image\" content=\"https:\/\/tiketi.com\/wp-content\/uploads\/2022\/01\/bus-ticket-online-booking.jpg\" \/>\n\t<meta property=\"og:image:width\" content=\"1200\" \/>\n\t<meta property=\"og:image:height\" content=\"206\" \/>\n\t<meta property=\"og:image:type\" content=\"image\/jpeg\" \/>\n<meta name=\"twitter:card\" content=\"summary_large_image\" \/>\n<meta name=\"twitter:label1\" content=\"Dur\u00e9e de lecture estim\u00e9e\" \/>\n\t<meta name=\"twitter:data1\" content=\"3 minutes\" \/>\n<script type=\"application\/ld+json\" class=\"yoast-schema-graph\">{\"@context\":\"https:\\\/\\\/schema.org\",\"@graph\":[{\"@type\":\"WebPage\",\"@id\":\"https:\\\/\\\/tiketi.com\\\/companies\\\/buses\\\/happy-nation-express\\\/\",\"url\":\"https:\\\/\\\/tiketi.com\\\/companies\\\/buses\\\/happy-nation-express\\\/\",\"name\":\"Happy Nation Bus Online Booking, Tickets, Fare & Schedule\",\"isPartOf\":{\"@id\":\"https:\\\/\\\/tiketi.com\\\/#website\"},\"primaryImageOfPage\":{\"@id\":\"https:\\\/\\\/tiketi.com\\\/companies\\\/buses\\\/happy-nation-express\\\/#primaryimage\"},\"image\":{\"@id\":\"https:\\\/\\\/tiketi.com\\\/companies\\\/buses\\\/happy-nation-express\\\/#primaryimage\"},\"thumbnailUrl\":\"https:\\\/\\\/tiketi.com\\\/wp-content\\\/uploads\\\/2022\\\/01\\\/bus-ticket-online-booking.jpg\",\"datePublished\":\"2022-01-19T11:54:05+00:00\",\"dateModified\":\"2025-08-03T15:37:00+00:00\",\"description\":\"Looking for Happy Nation bus online booking, app, routes, fares and schedule? Make a cheap Happy Nation online bus ticket booking\",\"breadcrumb\":{\"@id\":\"https:\\\/\\\/tiketi.com\\\/companies\\\/buses\\\/happy-nation-express\\\/#breadcrumb\"},\"inLanguage\":\"fr-FR\",\"potentialAction\":[{\"@type\":\"ReadAction\",\"target\":[\"https:\\\/\\\/tiketi.com\\\/companies\\\/buses\\\/happy-nation-express\\\/\"]}]},{\"@type\":\"ImageObject\",\"inLanguage\":\"fr-FR\",\"@id\":\"https:\\\/\\\/tiketi.com\\\/companies\\\/buses\\\/happy-nation-express\\\/#primaryimage\",\"url\":\"https:\\\/\\\/tiketi.com\\\/wp-content\\\/uploads\\\/2022\\\/01\\\/bus-ticket-online-booking.jpg\",\"contentUrl\":\"https:\\\/\\\/tiketi.com\\\/wp-content\\\/uploads\\\/2022\\\/01\\\/bus-ticket-online-booking.jpg\",\"width\":1200,\"height\":206,\"caption\":\"Online Bus Ticket Booking\"},{\"@type\":\"BreadcrumbList\",\"@id\":\"https:\\\/\\\/tiketi.com\\\/companies\\\/buses\\\/happy-nation-express\\\/#breadcrumb\",\"itemListElement\":[{\"@type\":\"ListItem\",\"position\":1,\"name\":\"Home\",\"item\":\"https:\\\/\\\/tiketi.com\\\/\"},{\"@type\":\"ListItem\",\"position\":2,\"name\":\"Companies\",\"item\":\"https:\\\/\\\/tiketi.com\\\/companies\\\/\"},{\"@type\":\"ListItem\",\"position\":3,\"name\":\"Buses\",\"item\":\"https:\\\/\\\/tiketi.com\\\/companies\\\/buses\\\/\"},{\"@type\":\"ListItem\",\"position\":4,\"name\":\"Happy Nation Bus Online Booking, Tickets, Fares &#038; Schedule\"}]},{\"@type\":\"WebSite\",\"@id\":\"https:\\\/\\\/tiketi.com\\\/#website\",\"url\":\"https:\\\/\\\/tiketi.com\\\/\",\"name\":\"Flight & Bus Tickets, Tour Packages & Activitites - Tiketi.com\",\"description\":\"Flight &amp; Bus Tickets, Tours, Activitites\",\"publisher\":{\"@id\":\"https:\\\/\\\/tiketi.com\\\/#organization\"},\"potentialAction\":[{\"@type\":\"SearchAction\",\"target\":{\"@type\":\"EntryPoint\",\"urlTemplate\":\"https:\\\/\\\/tiketi.com\\\/?s={search_term_string}\"},\"query-input\":{\"@type\":\"PropertyValueSpecification\",\"valueRequired\":true,\"valueName\":\"search_term_string\"}}],\"inLanguage\":\"fr-FR\"},{\"@type\":\"Organization\",\"@id\":\"https:\\\/\\\/tiketi.com\\\/#organization\",\"name\":\"Tiketi.com\",\"alternateName\":\"Tiketi\",\"url\":\"https:\\\/\\\/tiketi.com\\\/\",\"logo\":{\"@type\":\"ImageObject\",\"inLanguage\":\"fr-FR\",\"@id\":\"https:\\\/\\\/tiketi.com\\\/#\\\/schema\\\/logo\\\/image\\\/\",\"url\":\"https:\\\/\\\/tiketi.com\\\/wp-content\\\/uploads\\\/2019\\\/05\\\/tiketi-logo-696.png\",\"contentUrl\":\"https:\\\/\\\/tiketi.com\\\/wp-content\\\/uploads\\\/2019\\\/05\\\/tiketi-logo-696.png\",\"width\":696,\"height\":696,\"caption\":\"Tiketi.com\"},\"image\":{\"@id\":\"https:\\\/\\\/tiketi.com\\\/#\\\/schema\\\/logo\\\/image\\\/\"},\"sameAs\":[\"https:\\\/\\\/www.facebook.com\\\/TiketiCom\\\/\"]}]}<\/script>\n<!-- \/ Yoast SEO plugin. -->","yoast_head_json":{"title":"Happy Nation Bus R\u00e9servation en ligne, billets, tarifs et horaires","description":"Vous recherchez une r\u00e9servation en ligne de bus Happy Nation, une application, des itin\u00e9raires, des tarifs et des horaires\u00a0? Faites une r\u00e9servation de billet de bus en ligne Happy Nation pas cher","robots":{"index":"index","follow":"follow","max-snippet":"max-snippet:-1","max-image-preview":"max-image-preview:large","max-video-preview":"max-video-preview:-1"},"canonical":"https:\/\/tiketi.com\/fr-fr\/companies\/buses\/happy-nation-express\/","og_locale":"fr_FR","og_type":"article","og_title":"Happy Nation Bus Online Booking, Tickets, Fare & Schedule","og_description":"Looking for Happy Nation bus online booking, app, routes, fares and schedule? Make a cheap Happy Nation online bus ticket booking","og_url":"https:\/\/tiketi.com\/fr-fr\/companies\/buses\/happy-nation-express\/","og_site_name":"Tiketi.com","article_publisher":"https:\/\/www.facebook.com\/TiketiCom\/","article_modified_time":"2025-08-03T15:37:00+00:00","og_image":[{"width":1200,"height":206,"url":"https:\/\/tiketi.com\/wp-content\/uploads\/2022\/01\/bus-ticket-online-booking.jpg","type":"image\/jpeg"}],"twitter_card":"summary_large_image","twitter_misc":{"Dur\u00e9e de lecture estim\u00e9e":"3 minutes"},"schema":{"@context":"https:\/\/schema.org","@graph":[{"@type":"WebPage","@id":"https:\/\/tiketi.com\/companies\/buses\/happy-nation-express\/","url":"https:\/\/tiketi.com\/companies\/buses\/happy-nation-express\/","name":"Happy Nation Bus R\u00e9servation en ligne, billets, tarifs et horaires","isPartOf":{"@id":"https:\/\/tiketi.com\/#website"},"primaryImageOfPage":{"@id":"https:\/\/tiketi.com\/companies\/buses\/happy-nation-express\/#primaryimage"},"image":{"@id":"https:\/\/tiketi.com\/companies\/buses\/happy-nation-express\/#primaryimage"},"thumbnailUrl":"https:\/\/tiketi.com\/wp-content\/uploads\/2022\/01\/bus-ticket-online-booking.jpg","datePublished":"2022-01-19T11:54:05+00:00","dateModified":"2025-08-03T15:37:00+00:00","description":"Vous recherchez une r\u00e9servation en ligne de bus Happy Nation, une application, des itin\u00e9raires, des tarifs et des horaires\u00a0? Faites une r\u00e9servation de billet de bus en ligne Happy Nation pas cher","breadcrumb":{"@id":"https:\/\/tiketi.com\/companies\/buses\/happy-nation-express\/#breadcrumb"},"inLanguage":"fr-FR","potentialAction":[{"@type":"ReadAction","target":["https:\/\/tiketi.com\/companies\/buses\/happy-nation-express\/"]}]},{"@type":"ImageObject","inLanguage":"fr-FR","@id":"https:\/\/tiketi.com\/companies\/buses\/happy-nation-express\/#primaryimage","url":"https:\/\/tiketi.com\/wp-content\/uploads\/2022\/01\/bus-ticket-online-booking.jpg","contentUrl":"https:\/\/tiketi.com\/wp-content\/uploads\/2022\/01\/bus-ticket-online-booking.jpg","width":1200,"height":206,"caption":"Online Bus Ticket Booking"},{"@type":"BreadcrumbList","@id":"https:\/\/tiketi.com\/companies\/buses\/happy-nation-express\/#breadcrumb","itemListElement":[{"@type":"ListItem","position":1,"name":"Home","item":"https:\/\/tiketi.com\/"},{"@type":"ListItem","position":2,"name":"Companies","item":"https:\/\/tiketi.com\/companies\/"},{"@type":"ListItem","position":3,"name":"Buses","item":"https:\/\/tiketi.com\/companies\/buses\/"},{"@type":"ListItem","position":4,"name":"Happy Nation Bus Online Booking, Tickets, Fares &#038; Schedule"}]},{"@type":"WebSite","@id":"https:\/\/tiketi.com\/#website","url":"https:\/\/tiketi.com\/","name":"Billets d&#039;avion et de bus, forfaits touristiques et activit\u00e9s - Tiketi.com","description":"Billets d&#039;avion et de bus, Tours, Activit\u00e9s","publisher":{"@id":"https:\/\/tiketi.com\/#organization"},"potentialAction":[{"@type":"SearchAction","target":{"@type":"EntryPoint","urlTemplate":"https:\/\/tiketi.com\/?s={search_term_string}"},"query-input":{"@type":"PropertyValueSpecification","valueRequired":true,"valueName":"search_term_string"}}],"inLanguage":"fr-FR"},{"@type":"Organization","@id":"https:\/\/tiketi.com\/#organization","name":"Tiketi.com","alternateName":"Tiketi","url":"https:\/\/tiketi.com\/","logo":{"@type":"ImageObject","inLanguage":"fr-FR","@id":"https:\/\/tiketi.com\/#\/schema\/logo\/image\/","url":"https:\/\/tiketi.com\/wp-content\/uploads\/2019\/05\/tiketi-logo-696.png","contentUrl":"https:\/\/tiketi.com\/wp-content\/uploads\/2019\/05\/tiketi-logo-696.png","width":696,"height":696,"caption":"Tiketi.com"},"image":{"@id":"https:\/\/tiketi.com\/#\/schema\/logo\/image\/"},"sameAs":["https:\/\/www.facebook.com\/TiketiCom\/"]}]}},"_links":{"self":[{"href":"https:\/\/tiketi.com\/fr-fr\/wp-json\/wp\/v2\/pages\/10990","targetHints":{"allow":["GET"]}}],"collection":[{"href":"https:\/\/tiketi.com\/fr-fr\/wp-json\/wp\/v2\/pages"}],"about":[{"href":"https:\/\/tiketi.com\/fr-fr\/wp-json\/wp\/v2\/types\/page"}],"author":[{"embeddable":true,"href":"https:\/\/tiketi.com\/fr-fr\/wp-json\/wp\/v2\/users\/1"}],"replies":[{"embeddable":true,"href":"https:\/\/tiketi.com\/fr-fr\/wp-json\/wp\/v2\/comments?post=10990"}],"version-history":[{"count":1,"href":"https:\/\/tiketi.com\/fr-fr\/wp-json\/wp\/v2\/pages\/10990\/revisions"}],"predecessor-version":[{"id":32318,"href":"https:\/\/tiketi.com\/fr-fr\/wp-json\/wp\/v2\/pages\/10990\/revisions\/32318"}],"up":[{"embeddable":true,"href":"https:\/\/tiketi.com\/fr-fr\/wp-json\/wp\/v2\/pages\/25524"}],"wp:featuredmedia":[{"embeddable":true,"href":"https:\/\/tiketi.com\/fr-fr\/wp-json\/wp\/v2\/media\/13999"}],"wp:attachment":[{"href":"https:\/\/tiketi.com\/fr-fr\/wp-json\/wp\/v2\/media?parent=10990"}],"curies":[{"name":"wp","href":"https:\/\/api.w.org\/{rel}","templated":true}]}}