{"id":10991,"date":"2022-01-19T12:54:05","date_gmt":"2022-01-19T11:54:05","guid":{"rendered":"https:\/\/new.tiketi.com\/frester-bus-online-booking-dar-es-salaam-to-bukoba-tickets\/"},"modified":"2025-08-02T12:26:33","modified_gmt":"2025-08-02T11:26:33","slug":"frester-buses","status":"publish","type":"page","link":"https:\/\/tiketi.com\/fr-fr\/companies\/buses\/frester-buses\/","title":{"rendered":"R\u00e9servation en ligne de bus Frester, billets de Dar es Salaam \u00e0 Bukoba"},"content":{"rendered":"<h2>Frester R\u00e9servation en ligne<\/h2>\n<h3>D\u00e9couvrez votre itin\u00e9raire de voyage sur le web, le mobile ou l&#039;application et r\u00e9servez des billets Frester Bus pas chers en ligne d\u00e8s maintenant.<\/h3>\n<p>La r\u00e9servation en ligne de Frester Bus simplifi\u00e9e. Frester bus services est une sous-division de la soci\u00e9t\u00e9 d&#039;investissement Frester Limited dont le si\u00e8ge est \u00e0 Dar es Salaam et d&#039;autres bureaux \u00e0 Mwanza. Les services de bus Frester sont l&#039;une des principales entreprises de services de transport de passagers dans la r\u00e9gion du lac, ils desservent les r\u00e9gions de Mwanza vers d&#039;autres r\u00e9gions du lac comme Kagera, Shinyanga, Geita et d&#039;autres villes. Faites de m\u00eame pour Frester en r\u00e9servant vos billets en ligne d\u00e8s maintenant !<\/p>\n<h2>FAQ sur la r\u00e9servation en ligne de Frester Bus<\/h2>\n<h3>Quels sont les itin\u00e9raires de bus de r\u00e9servation en ligne Frester ?<\/h3>\n<p>\u2022 Kahama \u00e0 Musoma<br \/>\n\u2022 Kahama \u00e0 Mwanza<br \/>\n\u2022 Kahama \u00e0 Dar es Salam<br \/>\n\u2022 Bukoba \u00e0 Mwanza<br \/>\n\u2022 Bukoba \u00e0 Dar es Salam<br \/>\n\u2022 Mtukula \u00e0 Mwanza<br \/>\n\u2022 Karagwe \u00e0 Mwazna<\/p>\n<h3>Ligne de service de bus Frester<\/h3>\n<p>Des bus Frester sont \u00e9tablis pour les services de transport de passagers r\u00e9guliers quotidiens entre la ville de Mwanza et d&#039;autres r\u00e9gions de Tanzanie. Ils fournissent un transport en commun \u00e0 leurs clients avec les meilleurs prix \u00e9valu\u00e9s par l&#039;industrie.<\/p>\n<p>Les passagers peuvent r\u00e9server leurs billets dans leurs bureaux plac\u00e9s dans toutes les gares routi\u00e8res ou aupr\u00e8s de leurs agents. Vous pouvez \u00e9galement r\u00e9server vos billets en leur offrant un appel en utilisant les num\u00e9ros fournis ci-dessous. Les billets de bus Frester sont accessibles \u00e0 r\u00e9server \u00e0 l&#039;avance en fonction de la date \u00e0 laquelle vous avez pr\u00e9vu de voyager.<\/p>\n<p>Outre le transport de passagers, l&#039;entreprise achemine \u00e9galement des colis vers toutes les zones o\u00f9 leurs bus se rendaient.<\/p>\n<p>La compagnie de bus Frester a une flotte mixte dans sa liste, mais le type le plus principal est le mod\u00e8le de bus chinois Zhongtong, ils ont \u00e9galement des bus chinois Yutong et quelques mod\u00e8les de bus Scania.<\/p>\n<h2>Quelles sont les coordonn\u00e9es des bus Frester ?<\/h2>\n<p>Frester Buses, Mbulu, 360 Kahama, Tanzanie<\/p>\n<h2>Conseils de r\u00e9servation en ligne Frester<\/h2>\n<p>La compagnie de bus Frester a des chauffeurs experts et d&#039;autres \u00e0 bord ainsi qu&#039;un employ\u00e9 de bureau qui vous aidera \u00e0 voyager en toute s\u00e9curit\u00e9 dans toutes les zones o\u00f9 leurs bus se rendaient. La s\u00e9curit\u00e9 dans leur priorit\u00e9 \u00e0 leurs clients et vous profiterez d&#039;un meilleur service client \u00e0 partir de leurs agents, bureaux et \u00e0 bord par leur h\u00f4tesse\/h\u00f4te.<\/p>","protected":false},"excerpt":{"rendered":"<p>Frester Online Booking Discover your travel route on web, mobile or app and book cheap Frester Bus\u00a0tickets online now. Frester Bus\u00a0online booking made easy.\u00a0\u00a0Frester bus services is a sub division Frester investment firm limited with headquarter in Dar es Salaam and other offices in Mwanza. Frester bus services is one among the leading firm for [&hellip;]<\/p>\n","protected":false},"author":1,"featured_media":13999,"parent":25524,"menu_order":0,"comment_status":"open","ping_status":"closed","template":"template-home-modern.php","meta":{"footnotes":""},"class_list":["post-10991","page","type-page","status-publish","has-post-thumbnail","hentry"],"yoast_head":"<!-- This site is optimized with the Yoast SEO plugin v27.3 - https:\/\/yoast.com\/product\/yoast-seo-wordpress\/ -->\n<title>Frester Bus Online Booking, Dar es salaam To Bukoba Tickets<\/title>\n<meta name=\"description\" content=\"Looking for Frester Bus online booking app? Make a Frester online booking tickets now and save time and money!\" \/>\n<meta name=\"robots\" content=\"index, follow, max-snippet:-1, max-image-preview:large, max-video-preview:-1\" \/>\n<link rel=\"canonical\" href=\"https:\/\/tiketi.com\/fr-fr\/companies\/buses\/frester-buses\/\" \/>\n<meta property=\"og:locale\" content=\"fr_FR\" \/>\n<meta property=\"og:type\" content=\"article\" \/>\n<meta property=\"og:title\" content=\"Frester Bus Online Booking, Dar es salaam To Bukoba Tickets\" \/>\n<meta property=\"og:description\" content=\"Looking for Frester Bus online booking app? Make a Frester online booking tickets now and save time and money!\" \/>\n<meta property=\"og:url\" content=\"https:\/\/tiketi.com\/fr-fr\/companies\/buses\/frester-buses\/\" \/>\n<meta property=\"og:site_name\" content=\"Tiketi.com\" \/>\n<meta property=\"article:publisher\" content=\"https:\/\/www.facebook.com\/TiketiCom\/\" \/>\n<meta property=\"article:modified_time\" content=\"2025-08-02T11:26:33+00:00\" \/>\n<meta property=\"og:image\" content=\"https:\/\/tiketi.com\/wp-content\/uploads\/2022\/01\/bus-ticket-online-booking.jpg\" \/>\n\t<meta property=\"og:image:width\" content=\"1200\" \/>\n\t<meta property=\"og:image:height\" content=\"206\" \/>\n\t<meta property=\"og:image:type\" content=\"image\/jpeg\" \/>\n<meta name=\"twitter:card\" content=\"summary_large_image\" \/>\n<meta name=\"twitter:label1\" content=\"Dur\u00e9e de lecture estim\u00e9e\" \/>\n\t<meta name=\"twitter:data1\" content=\"2 minutes\" \/>\n<script type=\"application\/ld+json\" class=\"yoast-schema-graph\">{\"@context\":\"https:\\\/\\\/schema.org\",\"@graph\":[{\"@type\":\"WebPage\",\"@id\":\"https:\\\/\\\/tiketi.com\\\/companies\\\/buses\\\/frester-buses\\\/\",\"url\":\"https:\\\/\\\/tiketi.com\\\/companies\\\/buses\\\/frester-buses\\\/\",\"name\":\"Frester Bus Online Booking, Dar es salaam To Bukoba Tickets\",\"isPartOf\":{\"@id\":\"https:\\\/\\\/tiketi.com\\\/#website\"},\"primaryImageOfPage\":{\"@id\":\"https:\\\/\\\/tiketi.com\\\/companies\\\/buses\\\/frester-buses\\\/#primaryimage\"},\"image\":{\"@id\":\"https:\\\/\\\/tiketi.com\\\/companies\\\/buses\\\/frester-buses\\\/#primaryimage\"},\"thumbnailUrl\":\"https:\\\/\\\/tiketi.com\\\/wp-content\\\/uploads\\\/2022\\\/01\\\/bus-ticket-online-booking.jpg\",\"datePublished\":\"2022-01-19T11:54:05+00:00\",\"dateModified\":\"2025-08-02T11:26:33+00:00\",\"description\":\"Looking for Frester Bus online booking app? Make a Frester online booking tickets now and save time and money!\",\"breadcrumb\":{\"@id\":\"https:\\\/\\\/tiketi.com\\\/companies\\\/buses\\\/frester-buses\\\/#breadcrumb\"},\"inLanguage\":\"fr-FR\",\"potentialAction\":[{\"@type\":\"ReadAction\",\"target\":[\"https:\\\/\\\/tiketi.com\\\/companies\\\/buses\\\/frester-buses\\\/\"]}]},{\"@type\":\"ImageObject\",\"inLanguage\":\"fr-FR\",\"@id\":\"https:\\\/\\\/tiketi.com\\\/companies\\\/buses\\\/frester-buses\\\/#primaryimage\",\"url\":\"https:\\\/\\\/tiketi.com\\\/wp-content\\\/uploads\\\/2022\\\/01\\\/bus-ticket-online-booking.jpg\",\"contentUrl\":\"https:\\\/\\\/tiketi.com\\\/wp-content\\\/uploads\\\/2022\\\/01\\\/bus-ticket-online-booking.jpg\",\"width\":1200,\"height\":206,\"caption\":\"Online Bus Ticket Booking\"},{\"@type\":\"BreadcrumbList\",\"@id\":\"https:\\\/\\\/tiketi.com\\\/companies\\\/buses\\\/frester-buses\\\/#breadcrumb\",\"itemListElement\":[{\"@type\":\"ListItem\",\"position\":1,\"name\":\"Home\",\"item\":\"https:\\\/\\\/tiketi.com\\\/\"},{\"@type\":\"ListItem\",\"position\":2,\"name\":\"Companies\",\"item\":\"https:\\\/\\\/tiketi.com\\\/companies\\\/\"},{\"@type\":\"ListItem\",\"position\":3,\"name\":\"Buses\",\"item\":\"https:\\\/\\\/tiketi.com\\\/companies\\\/buses\\\/\"},{\"@type\":\"ListItem\",\"position\":4,\"name\":\"Frester Bus Online Booking, Dar es salaam To Bukoba Tickets\"}]},{\"@type\":\"WebSite\",\"@id\":\"https:\\\/\\\/tiketi.com\\\/#website\",\"url\":\"https:\\\/\\\/tiketi.com\\\/\",\"name\":\"Flight & Bus Tickets, Tour Packages & Activitites - Tiketi.com\",\"description\":\"Flight &amp; Bus Tickets, Tours, Activitites\",\"publisher\":{\"@id\":\"https:\\\/\\\/tiketi.com\\\/#organization\"},\"potentialAction\":[{\"@type\":\"SearchAction\",\"target\":{\"@type\":\"EntryPoint\",\"urlTemplate\":\"https:\\\/\\\/tiketi.com\\\/?s={search_term_string}\"},\"query-input\":{\"@type\":\"PropertyValueSpecification\",\"valueRequired\":true,\"valueName\":\"search_term_string\"}}],\"inLanguage\":\"fr-FR\"},{\"@type\":\"Organization\",\"@id\":\"https:\\\/\\\/tiketi.com\\\/#organization\",\"name\":\"Tiketi.com\",\"alternateName\":\"Tiketi\",\"url\":\"https:\\\/\\\/tiketi.com\\\/\",\"logo\":{\"@type\":\"ImageObject\",\"inLanguage\":\"fr-FR\",\"@id\":\"https:\\\/\\\/tiketi.com\\\/#\\\/schema\\\/logo\\\/image\\\/\",\"url\":\"https:\\\/\\\/tiketi.com\\\/wp-content\\\/uploads\\\/2019\\\/05\\\/tiketi-logo-696.png\",\"contentUrl\":\"https:\\\/\\\/tiketi.com\\\/wp-content\\\/uploads\\\/2019\\\/05\\\/tiketi-logo-696.png\",\"width\":696,\"height\":696,\"caption\":\"Tiketi.com\"},\"image\":{\"@id\":\"https:\\\/\\\/tiketi.com\\\/#\\\/schema\\\/logo\\\/image\\\/\"},\"sameAs\":[\"https:\\\/\\\/www.facebook.com\\\/TiketiCom\\\/\"]}]}<\/script>\n<!-- \/ Yoast SEO plugin. -->","yoast_head_json":{"title":"R\u00e9servation en ligne de bus Frester, billets de Dar es Salaam \u00e0 Bukoba","description":"Vous recherchez une application de r\u00e9servation en ligne Frester Bus ? Faites une r\u00e9servation de billets en ligne Frester maintenant et \u00e9conomisez du temps et de l&#039;argent!","robots":{"index":"index","follow":"follow","max-snippet":"max-snippet:-1","max-image-preview":"max-image-preview:large","max-video-preview":"max-video-preview:-1"},"canonical":"https:\/\/tiketi.com\/fr-fr\/companies\/buses\/frester-buses\/","og_locale":"fr_FR","og_type":"article","og_title":"Frester Bus Online Booking, Dar es salaam To Bukoba Tickets","og_description":"Looking for Frester Bus online booking app? Make a Frester online booking tickets now and save time and money!","og_url":"https:\/\/tiketi.com\/fr-fr\/companies\/buses\/frester-buses\/","og_site_name":"Tiketi.com","article_publisher":"https:\/\/www.facebook.com\/TiketiCom\/","article_modified_time":"2025-08-02T11:26:33+00:00","og_image":[{"width":1200,"height":206,"url":"https:\/\/tiketi.com\/wp-content\/uploads\/2022\/01\/bus-ticket-online-booking.jpg","type":"image\/jpeg"}],"twitter_card":"summary_large_image","twitter_misc":{"Dur\u00e9e de lecture estim\u00e9e":"2 minutes"},"schema":{"@context":"https:\/\/schema.org","@graph":[{"@type":"WebPage","@id":"https:\/\/tiketi.com\/companies\/buses\/frester-buses\/","url":"https:\/\/tiketi.com\/companies\/buses\/frester-buses\/","name":"R\u00e9servation en ligne de bus Frester, billets de Dar es Salaam \u00e0 Bukoba","isPartOf":{"@id":"https:\/\/tiketi.com\/#website"},"primaryImageOfPage":{"@id":"https:\/\/tiketi.com\/companies\/buses\/frester-buses\/#primaryimage"},"image":{"@id":"https:\/\/tiketi.com\/companies\/buses\/frester-buses\/#primaryimage"},"thumbnailUrl":"https:\/\/tiketi.com\/wp-content\/uploads\/2022\/01\/bus-ticket-online-booking.jpg","datePublished":"2022-01-19T11:54:05+00:00","dateModified":"2025-08-02T11:26:33+00:00","description":"Vous recherchez une application de r\u00e9servation en ligne Frester Bus ? Faites une r\u00e9servation de billets en ligne Frester maintenant et \u00e9conomisez du temps et de l&#039;argent!","breadcrumb":{"@id":"https:\/\/tiketi.com\/companies\/buses\/frester-buses\/#breadcrumb"},"inLanguage":"fr-FR","potentialAction":[{"@type":"ReadAction","target":["https:\/\/tiketi.com\/companies\/buses\/frester-buses\/"]}]},{"@type":"ImageObject","inLanguage":"fr-FR","@id":"https:\/\/tiketi.com\/companies\/buses\/frester-buses\/#primaryimage","url":"https:\/\/tiketi.com\/wp-content\/uploads\/2022\/01\/bus-ticket-online-booking.jpg","contentUrl":"https:\/\/tiketi.com\/wp-content\/uploads\/2022\/01\/bus-ticket-online-booking.jpg","width":1200,"height":206,"caption":"Online Bus Ticket Booking"},{"@type":"BreadcrumbList","@id":"https:\/\/tiketi.com\/companies\/buses\/frester-buses\/#breadcrumb","itemListElement":[{"@type":"ListItem","position":1,"name":"Home","item":"https:\/\/tiketi.com\/"},{"@type":"ListItem","position":2,"name":"Companies","item":"https:\/\/tiketi.com\/companies\/"},{"@type":"ListItem","position":3,"name":"Buses","item":"https:\/\/tiketi.com\/companies\/buses\/"},{"@type":"ListItem","position":4,"name":"Frester Bus Online Booking, Dar es salaam To Bukoba Tickets"}]},{"@type":"WebSite","@id":"https:\/\/tiketi.com\/#website","url":"https:\/\/tiketi.com\/","name":"Billets d&#039;avion et de bus, forfaits touristiques et activit\u00e9s - Tiketi.com","description":"Billets d&#039;avion et de bus, Tours, Activit\u00e9s","publisher":{"@id":"https:\/\/tiketi.com\/#organization"},"potentialAction":[{"@type":"SearchAction","target":{"@type":"EntryPoint","urlTemplate":"https:\/\/tiketi.com\/?s={search_term_string}"},"query-input":{"@type":"PropertyValueSpecification","valueRequired":true,"valueName":"search_term_string"}}],"inLanguage":"fr-FR"},{"@type":"Organization","@id":"https:\/\/tiketi.com\/#organization","name":"Tiketi.com","alternateName":"Tiketi","url":"https:\/\/tiketi.com\/","logo":{"@type":"ImageObject","inLanguage":"fr-FR","@id":"https:\/\/tiketi.com\/#\/schema\/logo\/image\/","url":"https:\/\/tiketi.com\/wp-content\/uploads\/2019\/05\/tiketi-logo-696.png","contentUrl":"https:\/\/tiketi.com\/wp-content\/uploads\/2019\/05\/tiketi-logo-696.png","width":696,"height":696,"caption":"Tiketi.com"},"image":{"@id":"https:\/\/tiketi.com\/#\/schema\/logo\/image\/"},"sameAs":["https:\/\/www.facebook.com\/TiketiCom\/"]}]}},"_links":{"self":[{"href":"https:\/\/tiketi.com\/fr-fr\/wp-json\/wp\/v2\/pages\/10991","targetHints":{"allow":["GET"]}}],"collection":[{"href":"https:\/\/tiketi.com\/fr-fr\/wp-json\/wp\/v2\/pages"}],"about":[{"href":"https:\/\/tiketi.com\/fr-fr\/wp-json\/wp\/v2\/types\/page"}],"author":[{"embeddable":true,"href":"https:\/\/tiketi.com\/fr-fr\/wp-json\/wp\/v2\/users\/1"}],"replies":[{"embeddable":true,"href":"https:\/\/tiketi.com\/fr-fr\/wp-json\/wp\/v2\/comments?post=10991"}],"version-history":[{"count":2,"href":"https:\/\/tiketi.com\/fr-fr\/wp-json\/wp\/v2\/pages\/10991\/revisions"}],"predecessor-version":[{"id":32308,"href":"https:\/\/tiketi.com\/fr-fr\/wp-json\/wp\/v2\/pages\/10991\/revisions\/32308"}],"up":[{"embeddable":true,"href":"https:\/\/tiketi.com\/fr-fr\/wp-json\/wp\/v2\/pages\/25524"}],"wp:featuredmedia":[{"embeddable":true,"href":"https:\/\/tiketi.com\/fr-fr\/wp-json\/wp\/v2\/media\/13999"}],"wp:attachment":[{"href":"https:\/\/tiketi.com\/fr-fr\/wp-json\/wp\/v2\/media?parent=10991"}],"curies":[{"name":"wp","href":"https:\/\/api.w.org\/{rel}","templated":true}]}}