{"id":10992,"date":"2022-01-19T12:54:05","date_gmt":"2022-01-19T11:54:05","guid":{"rendered":"https:\/\/new.tiketi.com\/efex-executive-online-booking-bus-tickets-reservation\/"},"modified":"2022-02-11T17:47:53","modified_gmt":"2022-02-11T16:47:53","slug":"efex-executive-buses","status":"publish","type":"page","link":"https:\/\/tiketi.com\/fr-fr\/efex-executive-buses\/","title":{"rendered":"EFEX Executive R\u00e9servation en ligne, billets de bus, itin\u00e9raires et tarifs"},"content":{"rendered":"<h2>Efex Executive R\u00e9servation de billets de bus en ligne<\/h2>\n<h3>D\u00e9couvrez votre itin\u00e9raire de voyage sur le web, le mobile ou l&#039;application et r\u00e9servez en ligne des billets de bus EFEX Executive pas chers.<\/h3>\n<p>La r\u00e9servation en ligne d&#039;Efex Executive en toute simplicit\u00e9. Efex Executive est l&#039;une des meilleures entreprises de transport au Nigeria. Outre le Nigeria, leurs services s&#039;\u00e9tendent au Ghana et \u00e0 de nombreux pays africains comme la C\u00f4te d&#039;Ivoire, le Togo et la R\u00e9publique du B\u00e9nin. Il en va de m\u00eame pour la r\u00e9servation de billets de bus en ligne Efex Executive d\u00e8s maintenant\u00a0!<\/p>\n<h2>FAQ sur la r\u00e9servation en ligne d&#039;Efex Executive, les billets de bus, les itin\u00e9raires et les tarifs<\/h2>\n<h3>Quels sont les trajets et les prix des bus Efex Executive ?<\/h3>\n<p>Vous trouverez ci-dessous une liste de prix actuelle pour les allers simples fournis par la soci\u00e9t\u00e9 de transport Efex Executive.<\/p>\n<p>De Lagos \u00e0<\/p>\n<p>B\u00e9nin \u20a63.150<br \/>\nAsaba\/Onitsha \u20a6 3 600<br \/>\nAccra (passeport r\u00e9gulier) \u20a6 16 650<br \/>\nAccra (passeport vierge) \u20a6 18 450<br \/>\nAccra (carte d&#039;identit\u00e9) 16 650 \u20a6<br \/>\nLom\u00e9 (carte d&#039;identit\u00e9) \u20a6 20 700<br \/>\nLom\u00e9 (passeport r\u00e9gulier) \u20a6 16 200<br \/>\nLom\u00e9 (passeport vierge) \u20a6 18 000<br \/>\nCotonou (carte d&#039;identit\u00e9) \u20a6 18 900<br \/>\nCotonou (passeport r\u00e9gulier) \u20a6 14,400<br \/>\nCotonou (passeport vierge) 16 200 \u20a6<\/p>\n<p>De Benin City \u00e0<br \/>\nLagos \u20a6 3 150<br \/>\nAccra (carte d&#039;identit\u00e9) \u20a6 27 000<br \/>\nAccra (passeport vierge) \u20a6 24 300<br \/>\nAccra (passeport r\u00e9gulier) \u20a6 22 950<\/p>\n<p>D&#039;Asaba \u00e0<br \/>\nLagos \u20a6 3 150<\/p>\n<h3>Location d&#039;autobus ex\u00e9cutifs Efex<\/h3>\n<p>La location de bus Efex est \u00e9galement accessible \u00e0 nos clients d&#039;estime qui souhaitent partir en vacances en groupe, en excursion ou pour toute autre c\u00e9r\u00e9monie.<br \/>\nLe service d&#039;affr\u00e8tement EFEX propose une large gamme de services de transport alternatifs allant des autobus hummer \u00e0 quinze places \u00e0 l&#039;affr\u00e8tement d&#039;autobus civils \u00e0 trente places. Les chauffeurs sont des experts hautement qualifi\u00e9s pr\u00eats \u00e0 vous offrir cette exp\u00e9rience standard.<\/p>\n<p>Ils promettent que votre arriv\u00e9e chez vous sera \u00e0 l&#039;heure et en toute s\u00e9curit\u00e9. Ils sont accessibles 24h\/24 et 7j\/7 pour les changements de derni\u00e8re minute ou impr\u00e9vus.<\/p>\n<h3>Gamme de flottes ex\u00e9cutives Efex<\/h3>\n<p>L&#039;ex\u00e9cutif d&#039;Efex fait d\u00e9filer l&#039;une des flottes de bus les plus modernes de la c\u00f4te ouest. Leurs bus sont enti\u00e8rement climatis\u00e9s, spacieux et parfaits pour les longs trajets. Ils sont \u00e9galement extr\u00eamement parfaits pour le tourisme d&#039;affaires et les voyages. Ils ont des lecteurs de musique et vid\u00e9o int\u00e9gr\u00e9s pour divertir et rafra\u00eechir nos clients. En outre, leurs voitures et bus disposent d&#039;un service de climatisation.<\/p>\n<h3>Quelles sont les coordonn\u00e9es et les coordonn\u00e9es du bureau des bus ex\u00e9cutifs EFEX\u00a0?<\/h3>\n<p><strong>Si\u00e8ge social Lagos, Nig\u00e9ria<\/strong><\/p>\n<p>Efosa Express<br \/>\n77 Murtala Mohammed way, \u00e0 c\u00f4t\u00e9 de la station-service Oando, en face de l&#039;\u00e9glise presbyt\u00e9rienne, Yaba<br \/>\nLagos, Lagos, Nig\u00e9ria<\/p>\n<p><strong>Paloma Accra<\/strong><\/p>\n<p>Ring Road Express, arr\u00eat de bus Silver Cup, en face de l&#039;h\u00f4tel Paoma, Accra, Accra, Ghana<\/p>\n<h2>Conseils de r\u00e9servation de billets de bus en ligne Efex Executive<\/h2>\n<p>Efex a commenc\u00e9 \u00e0 offrir des services de transport il y a plus de 30 ans et a maintenu un niveau d&#039;efficacit\u00e9 et d&#039;excellence au cours des 3 derni\u00e8res d\u00e9cennies.<\/p>\n<p>Leur service de transport est de premier ordre et leur service \u00e0 la client\u00e8le est remarquable. L&#039;une des choses que l&#039;ex\u00e9cutif d&#039;Efex fait pour ses visiteurs, principalement ceux qui doivent voyager \u00e0 l&#039;ext\u00e9rieur du pays, est de g\u00e9rer tous les probl\u00e8mes li\u00e9s \u00e0 leur voyage \u00e0 la fronti\u00e8re et \u00e0 l&#039;immigration.<\/p>","protected":false},"excerpt":{"rendered":"<p>Efex Executive Online Bus Ticket Booking Discover your travel route on web, mobile or app and book cheap EFEX Executive bus tickets online. Efex Executive online booking made easy.\u00a0Efex Executive is one of the best transport firms in Nigeria. Apart from Nigeria, their services extends to Ghana and many African nations like Cote D ivoire, [&hellip;]<\/p>\n","protected":false},"author":1,"featured_media":13999,"parent":0,"menu_order":0,"comment_status":"open","ping_status":"closed","template":"template-home-modern.php","meta":{"footnotes":""},"class_list":["post-10992","page","type-page","status-publish","has-post-thumbnail","hentry"],"yoast_head":"<!-- This site is optimized with the Yoast SEO plugin v27.2 - https:\/\/yoast.com\/product\/yoast-seo-wordpress\/ -->\n<title>EFEX Executive Online Booking, Bus Tickets, Routes &amp; Fares<\/title>\n<meta name=\"description\" content=\"Looking for EFEX Executive online booking, app, contacts, route, fare and schedule? Make a cheap EFEX Executive online bus ticket booking now\" \/>\n<meta name=\"robots\" content=\"index, follow, max-snippet:-1, max-image-preview:large, max-video-preview:-1\" \/>\n<link rel=\"canonical\" href=\"https:\/\/tiketi.com\/fr-fr\/efex-executive-buses\/\" \/>\n<meta property=\"og:locale\" content=\"fr_FR\" \/>\n<meta property=\"og:type\" content=\"article\" \/>\n<meta property=\"og:title\" content=\"EFEX Executive Online Booking, Bus Tickets, Routes &amp; Fares\" \/>\n<meta property=\"og:description\" content=\"Looking for EFEX Executive online booking, app, contacts, route, fare and schedule? Make a cheap EFEX Executive online bus ticket booking now\" \/>\n<meta property=\"og:url\" content=\"https:\/\/tiketi.com\/fr-fr\/efex-executive-buses\/\" \/>\n<meta property=\"og:site_name\" content=\"Tiketi.com\" \/>\n<meta property=\"article:publisher\" content=\"https:\/\/www.facebook.com\/TiketiCom\/\" \/>\n<meta property=\"article:modified_time\" content=\"2022-02-11T16:47:53+00:00\" \/>\n<meta property=\"og:image\" content=\"https:\/\/tiketi.com\/wp-content\/uploads\/2022\/01\/bus-ticket-online-booking.jpg\" \/>\n\t<meta property=\"og:image:width\" content=\"1200\" \/>\n\t<meta property=\"og:image:height\" content=\"206\" \/>\n\t<meta property=\"og:image:type\" content=\"image\/jpeg\" \/>\n<meta name=\"twitter:card\" content=\"summary_large_image\" \/>\n<meta name=\"twitter:label1\" content=\"Dur\u00e9e de lecture estim\u00e9e\" \/>\n\t<meta name=\"twitter:data1\" content=\"2 minutes\" \/>\n<script type=\"application\/ld+json\" class=\"yoast-schema-graph\">{\"@context\":\"https:\/\/schema.org\",\"@graph\":[{\"@type\":\"WebPage\",\"@id\":\"https:\/\/tiketi.com\/efex-executive-buses\/\",\"url\":\"https:\/\/tiketi.com\/efex-executive-buses\/\",\"name\":\"EFEX Executive Online Booking, Bus Tickets, Routes & Fares\",\"isPartOf\":{\"@id\":\"https:\/\/tiketi.com\/#website\"},\"primaryImageOfPage\":{\"@id\":\"https:\/\/tiketi.com\/efex-executive-buses\/#primaryimage\"},\"image\":{\"@id\":\"https:\/\/tiketi.com\/efex-executive-buses\/#primaryimage\"},\"thumbnailUrl\":\"https:\/\/tiketi.com\/wp-content\/uploads\/2022\/01\/bus-ticket-online-booking.jpg\",\"datePublished\":\"2022-01-19T11:54:05+00:00\",\"dateModified\":\"2022-02-11T16:47:53+00:00\",\"description\":\"Looking for EFEX Executive online booking, app, contacts, route, fare and schedule? Make a cheap EFEX Executive online bus ticket booking now\",\"breadcrumb\":{\"@id\":\"https:\/\/tiketi.com\/efex-executive-buses\/#breadcrumb\"},\"inLanguage\":\"fr-FR\",\"potentialAction\":[{\"@type\":\"ReadAction\",\"target\":[\"https:\/\/tiketi.com\/efex-executive-buses\/\"]}]},{\"@type\":\"ImageObject\",\"inLanguage\":\"fr-FR\",\"@id\":\"https:\/\/tiketi.com\/efex-executive-buses\/#primaryimage\",\"url\":\"https:\/\/tiketi.com\/wp-content\/uploads\/2022\/01\/bus-ticket-online-booking.jpg\",\"contentUrl\":\"https:\/\/tiketi.com\/wp-content\/uploads\/2022\/01\/bus-ticket-online-booking.jpg\",\"width\":1200,\"height\":206,\"caption\":\"Online Bus Ticket Booking\"},{\"@type\":\"BreadcrumbList\",\"@id\":\"https:\/\/tiketi.com\/efex-executive-buses\/#breadcrumb\",\"itemListElement\":[{\"@type\":\"ListItem\",\"position\":1,\"name\":\"Home\",\"item\":\"https:\/\/tiketi.com\/\"},{\"@type\":\"ListItem\",\"position\":2,\"name\":\"EFEX Executive Online Booking, Bus Tickets, Routes &#038; Fares\"}]},{\"@type\":\"WebSite\",\"@id\":\"https:\/\/tiketi.com\/#website\",\"url\":\"https:\/\/tiketi.com\/\",\"name\":\"Flight & Bus Tickets, Tour Packages & Activitites - Tiketi.com\",\"description\":\"Flight &amp; Bus Tickets, Tours, Activitites\",\"publisher\":{\"@id\":\"https:\/\/tiketi.com\/#organization\"},\"potentialAction\":[{\"@type\":\"SearchAction\",\"target\":{\"@type\":\"EntryPoint\",\"urlTemplate\":\"https:\/\/tiketi.com\/?s={search_term_string}\"},\"query-input\":{\"@type\":\"PropertyValueSpecification\",\"valueRequired\":true,\"valueName\":\"search_term_string\"}}],\"inLanguage\":\"fr-FR\"},{\"@type\":\"Organization\",\"@id\":\"https:\/\/tiketi.com\/#organization\",\"name\":\"Tiketi.com\",\"alternateName\":\"Tiketi\",\"url\":\"https:\/\/tiketi.com\/\",\"logo\":{\"@type\":\"ImageObject\",\"inLanguage\":\"fr-FR\",\"@id\":\"https:\/\/tiketi.com\/#\/schema\/logo\/image\/\",\"url\":\"https:\/\/tiketi.com\/wp-content\/uploads\/2019\/05\/tiketi-logo-696.png\",\"contentUrl\":\"https:\/\/tiketi.com\/wp-content\/uploads\/2019\/05\/tiketi-logo-696.png\",\"width\":696,\"height\":696,\"caption\":\"Tiketi.com\"},\"image\":{\"@id\":\"https:\/\/tiketi.com\/#\/schema\/logo\/image\/\"},\"sameAs\":[\"https:\/\/www.facebook.com\/TiketiCom\/\"]}]}<\/script>\n<!-- \/ Yoast SEO plugin. -->","yoast_head_json":{"title":"EFEX Executive R\u00e9servation en ligne, billets de bus, itin\u00e9raires et tarifs","description":"Vous recherchez une r\u00e9servation en ligne EFEX Executive, une application, des contacts, un itin\u00e9raire, un tarif et un horaire\u00a0? R\u00e9servez d\u00e8s maintenant un billet de bus en ligne EFEX Executive pas cher","robots":{"index":"index","follow":"follow","max-snippet":"max-snippet:-1","max-image-preview":"max-image-preview:large","max-video-preview":"max-video-preview:-1"},"canonical":"https:\/\/tiketi.com\/fr-fr\/efex-executive-buses\/","og_locale":"fr_FR","og_type":"article","og_title":"EFEX Executive Online Booking, Bus Tickets, Routes & Fares","og_description":"Looking for EFEX Executive online booking, app, contacts, route, fare and schedule? Make a cheap EFEX Executive online bus ticket booking now","og_url":"https:\/\/tiketi.com\/fr-fr\/efex-executive-buses\/","og_site_name":"Tiketi.com","article_publisher":"https:\/\/www.facebook.com\/TiketiCom\/","article_modified_time":"2022-02-11T16:47:53+00:00","og_image":[{"width":1200,"height":206,"url":"https:\/\/tiketi.com\/wp-content\/uploads\/2022\/01\/bus-ticket-online-booking.jpg","type":"image\/jpeg"}],"twitter_card":"summary_large_image","twitter_misc":{"Dur\u00e9e de lecture estim\u00e9e":"2 minutes"},"schema":{"@context":"https:\/\/schema.org","@graph":[{"@type":"WebPage","@id":"https:\/\/tiketi.com\/efex-executive-buses\/","url":"https:\/\/tiketi.com\/efex-executive-buses\/","name":"EFEX Executive R\u00e9servation en ligne, billets de bus, itin\u00e9raires et tarifs","isPartOf":{"@id":"https:\/\/tiketi.com\/#website"},"primaryImageOfPage":{"@id":"https:\/\/tiketi.com\/efex-executive-buses\/#primaryimage"},"image":{"@id":"https:\/\/tiketi.com\/efex-executive-buses\/#primaryimage"},"thumbnailUrl":"https:\/\/tiketi.com\/wp-content\/uploads\/2022\/01\/bus-ticket-online-booking.jpg","datePublished":"2022-01-19T11:54:05+00:00","dateModified":"2022-02-11T16:47:53+00:00","description":"Vous recherchez une r\u00e9servation en ligne EFEX Executive, une application, des contacts, un itin\u00e9raire, un tarif et un horaire\u00a0? R\u00e9servez d\u00e8s maintenant un billet de bus en ligne EFEX Executive pas cher","breadcrumb":{"@id":"https:\/\/tiketi.com\/efex-executive-buses\/#breadcrumb"},"inLanguage":"fr-FR","potentialAction":[{"@type":"ReadAction","target":["https:\/\/tiketi.com\/efex-executive-buses\/"]}]},{"@type":"ImageObject","inLanguage":"fr-FR","@id":"https:\/\/tiketi.com\/efex-executive-buses\/#primaryimage","url":"https:\/\/tiketi.com\/wp-content\/uploads\/2022\/01\/bus-ticket-online-booking.jpg","contentUrl":"https:\/\/tiketi.com\/wp-content\/uploads\/2022\/01\/bus-ticket-online-booking.jpg","width":1200,"height":206,"caption":"Online Bus Ticket Booking"},{"@type":"BreadcrumbList","@id":"https:\/\/tiketi.com\/efex-executive-buses\/#breadcrumb","itemListElement":[{"@type":"ListItem","position":1,"name":"Home","item":"https:\/\/tiketi.com\/"},{"@type":"ListItem","position":2,"name":"EFEX Executive Online Booking, Bus Tickets, Routes &#038; Fares"}]},{"@type":"WebSite","@id":"https:\/\/tiketi.com\/#website","url":"https:\/\/tiketi.com\/","name":"Billets d&#039;avion et de bus, forfaits touristiques et activit\u00e9s - Tiketi.com","description":"Billets d&#039;avion et de bus, Tours, Activit\u00e9s","publisher":{"@id":"https:\/\/tiketi.com\/#organization"},"potentialAction":[{"@type":"SearchAction","target":{"@type":"EntryPoint","urlTemplate":"https:\/\/tiketi.com\/?s={search_term_string}"},"query-input":{"@type":"PropertyValueSpecification","valueRequired":true,"valueName":"search_term_string"}}],"inLanguage":"fr-FR"},{"@type":"Organization","@id":"https:\/\/tiketi.com\/#organization","name":"Tiketi.com","alternateName":"Tiketi","url":"https:\/\/tiketi.com\/","logo":{"@type":"ImageObject","inLanguage":"fr-FR","@id":"https:\/\/tiketi.com\/#\/schema\/logo\/image\/","url":"https:\/\/tiketi.com\/wp-content\/uploads\/2019\/05\/tiketi-logo-696.png","contentUrl":"https:\/\/tiketi.com\/wp-content\/uploads\/2019\/05\/tiketi-logo-696.png","width":696,"height":696,"caption":"Tiketi.com"},"image":{"@id":"https:\/\/tiketi.com\/#\/schema\/logo\/image\/"},"sameAs":["https:\/\/www.facebook.com\/TiketiCom\/"]}]}},"_links":{"self":[{"href":"https:\/\/tiketi.com\/fr-fr\/wp-json\/wp\/v2\/pages\/10992","targetHints":{"allow":["GET"]}}],"collection":[{"href":"https:\/\/tiketi.com\/fr-fr\/wp-json\/wp\/v2\/pages"}],"about":[{"href":"https:\/\/tiketi.com\/fr-fr\/wp-json\/wp\/v2\/types\/page"}],"author":[{"embeddable":true,"href":"https:\/\/tiketi.com\/fr-fr\/wp-json\/wp\/v2\/users\/1"}],"replies":[{"embeddable":true,"href":"https:\/\/tiketi.com\/fr-fr\/wp-json\/wp\/v2\/comments?post=10992"}],"version-history":[{"count":0,"href":"https:\/\/tiketi.com\/fr-fr\/wp-json\/wp\/v2\/pages\/10992\/revisions"}],"wp:featuredmedia":[{"embeddable":true,"href":"https:\/\/tiketi.com\/fr-fr\/wp-json\/wp\/v2\/media\/13999"}],"wp:attachment":[{"href":"https:\/\/tiketi.com\/fr-fr\/wp-json\/wp\/v2\/media?parent=10992"}],"curies":[{"name":"wp","href":"https:\/\/api.w.org\/{rel}","templated":true}]}}