{"id":10993,"date":"2022-01-19T12:54:05","date_gmt":"2022-01-19T11:54:05","guid":{"rendered":"https:\/\/new.tiketi.com\/extra-luxury-coach-online-booking-bus-tickets-reservation\/"},"modified":"2022-02-11T23:38:38","modified_gmt":"2022-02-11T22:38:38","slug":"extra-luxury-coach-buses","status":"publish","type":"page","link":"https:\/\/tiketi.com\/fr-fr\/extra-luxury-coach-buses\/","title":{"rendered":"R\u00e9servation en ligne d&#039;autocars de luxe suppl\u00e9mentaires, billets d&#039;autobus, itin\u00e9raires et tarifs"},"content":{"rendered":"<h2>R\u00e9servation de billets de bus en ligne pour autocar de luxe suppl\u00e9mentaire<\/h2>\n<h3>D\u00e9couvrez votre itin\u00e9raire de voyage sur le web, le mobile ou l&#039;application et r\u00e9servez des billets Extra Luxury Coach pas chers en ligne.<\/h3>\n<p>La r\u00e9servation en ligne d&#039;un autocar de luxe suppl\u00e9mentaire simplifi\u00e9e. Extra Luxury Coach est une entreprise de services de bus qui dessert les clients entre la ville d&#039;Arusha et Dar es Salaam via Moshi et Korogwe. Autocar de luxe suppl\u00e9mentaire cr\u00e9\u00e9 au d\u00e9but de l&#039;ann\u00e9e 2017 et devenu l&#039;une des meilleures entreprises pour la route de Dar es Salaam \u00e0 Arusha. Alors faites la r\u00e9servation de billets de bus en ligne Extra Luxury Coach maintenant!<\/p>\n<h2>FAQ sur la r\u00e9servation en ligne d&#039;un autocar de luxe suppl\u00e9mentaire<\/h2>\n<h3>Quels sont les itin\u00e9raires et les horaires des bus Extra Luxury Coach ?<\/h3>\n<p><strong>Dar es Salaam \u00e0 Arusha via Chalinze\/ Bagamoyo<\/strong><\/p>\n<p>Premier bus : Heure de rapport 05:45<br \/>\nHeure de d\u00e9part 06: 00<\/p>\n<p>Deuxi\u00e8me bus : Heure de rapport 06:00<br \/>\nHeure de d\u00e9part 06h30<\/p>\n<h3>Ligne de flotte d&#039;autocars de luxe suppl\u00e9mentaire<\/h3>\n<p>L&#039;entreprise fonctionne uniquement avec Chinese Machine depuis sa cr\u00e9ation jusqu&#039;\u00e0 pr\u00e9sent. Ils ont des bus chinois Yutong qui ont des sp\u00e9cifications personnalis\u00e9es pour vous offrir des voyages m\u00e9morables et relaxants.<\/p>\n<p>Tous leurs bus sont \u00e9quip\u00e9s de cam\u00e9ras de s\u00e9curit\u00e9 pour vous offrir, \u00e0 vous et \u00e0 vos bagages, un moyen plus s\u00fbr de voyager entre les points. Certaines des sp\u00e9cifications accessibles sur leurs bus sont r\u00e9pertori\u00e9es ci-dessous\u00a0:<\/p>\n<p>\u2022 2 X 2 si\u00e8ges inclinables<br \/>\n\u2022 Sept t\u00e9l\u00e9visions de chaque c\u00f4t\u00e9 et devant le bus<br \/>\n\u2022   Climatisation<br \/>\n\u2022 Prises de chargeur USB<br \/>\n\u2022 Boissons non alcoolis\u00e9es et collations<br \/>\n\u2022 Syst\u00e8me audio moderne<\/p>\n<h3>Quelles sont les coordonn\u00e9es des bus de luxe Extra ?<\/h3>\n<p>Extra luxe, Dar es Salaam, Tanzanie<\/p>\n<h2>Conseils de r\u00e9servation de billets de bus en ligne pour entra\u00eeneur de luxe suppl\u00e9mentaire<\/h2>\n<p>Ils g\u00e8rent des autocars semi-luxe v\u00e9rifi\u00e9s par LATRA, un organisme de r\u00e9glementation agr\u00e9\u00e9 pour le transport terrestre en Tanzanie. Voyager avec un autocar de luxe suppl\u00e9mentaire vous assurera de vous rendre du point de d\u00e9part \u00e0 vos lieux.<\/p>","protected":false},"excerpt":{"rendered":"<p>Extra luxury Coach\u00a0Online Bus Ticket Booking Discover your travel route on web, mobile or app and book cheap Extra Luxury Coach tickets online. Extra luxury Coach online booking made easy.\u00a0Extra luxury coach is a bus service firm serving customers between Arusha City and Dar es Salaam via Moshi and Korogwe. Extra luxury coach established early [&hellip;]<\/p>\n","protected":false},"author":1,"featured_media":13999,"parent":0,"menu_order":0,"comment_status":"open","ping_status":"closed","template":"template-home-modern.php","meta":{"footnotes":""},"class_list":["post-10993","page","type-page","status-publish","has-post-thumbnail","hentry"],"yoast_head":"<!-- This site is optimized with the Yoast SEO plugin v27.2 - https:\/\/yoast.com\/product\/yoast-seo-wordpress\/ -->\n<title>Extra Luxury Coach Online Booking, Bus Tickets, Routes &amp; Fares<\/title>\n<meta name=\"description\" content=\"Looking for Extra Luxury Coach online booking? Make a Extra luxury online bus ticket booking online now and save time and money!\" \/>\n<meta name=\"robots\" content=\"index, follow, max-snippet:-1, max-image-preview:large, max-video-preview:-1\" \/>\n<link rel=\"canonical\" href=\"https:\/\/tiketi.com\/fr-fr\/extra-luxury-coach-buses\/\" \/>\n<meta property=\"og:locale\" content=\"fr_FR\" \/>\n<meta property=\"og:type\" content=\"article\" \/>\n<meta property=\"og:title\" content=\"Extra Luxury Coach Online Booking, Bus Tickets, Routes &amp; Fares\" \/>\n<meta property=\"og:description\" content=\"Looking for Extra Luxury Coach online booking? Make a Extra luxury online bus ticket booking online now and save time and money!\" \/>\n<meta property=\"og:url\" content=\"https:\/\/tiketi.com\/fr-fr\/extra-luxury-coach-buses\/\" \/>\n<meta property=\"og:site_name\" content=\"Tiketi.com\" \/>\n<meta property=\"article:publisher\" content=\"https:\/\/www.facebook.com\/TiketiCom\/\" \/>\n<meta property=\"article:modified_time\" content=\"2022-02-11T22:38:38+00:00\" \/>\n<meta property=\"og:image\" content=\"https:\/\/tiketi.com\/wp-content\/uploads\/2022\/01\/bus-ticket-online-booking.jpg\" \/>\n\t<meta property=\"og:image:width\" content=\"1200\" \/>\n\t<meta property=\"og:image:height\" content=\"206\" \/>\n\t<meta property=\"og:image:type\" content=\"image\/jpeg\" \/>\n<meta name=\"twitter:card\" content=\"summary_large_image\" \/>\n<meta name=\"twitter:label1\" content=\"Dur\u00e9e de lecture estim\u00e9e\" \/>\n\t<meta name=\"twitter:data1\" content=\"2 minutes\" \/>\n<script type=\"application\/ld+json\" class=\"yoast-schema-graph\">{\"@context\":\"https:\/\/schema.org\",\"@graph\":[{\"@type\":\"WebPage\",\"@id\":\"https:\/\/tiketi.com\/extra-luxury-coach-buses\/\",\"url\":\"https:\/\/tiketi.com\/extra-luxury-coach-buses\/\",\"name\":\"Extra Luxury Coach Online Booking, Bus Tickets, Routes & Fares\",\"isPartOf\":{\"@id\":\"https:\/\/tiketi.com\/#website\"},\"primaryImageOfPage\":{\"@id\":\"https:\/\/tiketi.com\/extra-luxury-coach-buses\/#primaryimage\"},\"image\":{\"@id\":\"https:\/\/tiketi.com\/extra-luxury-coach-buses\/#primaryimage\"},\"thumbnailUrl\":\"https:\/\/tiketi.com\/wp-content\/uploads\/2022\/01\/bus-ticket-online-booking.jpg\",\"datePublished\":\"2022-01-19T11:54:05+00:00\",\"dateModified\":\"2022-02-11T22:38:38+00:00\",\"description\":\"Looking for Extra Luxury Coach online booking? Make a Extra luxury online bus ticket booking online now and save time and money!\",\"breadcrumb\":{\"@id\":\"https:\/\/tiketi.com\/extra-luxury-coach-buses\/#breadcrumb\"},\"inLanguage\":\"fr-FR\",\"potentialAction\":[{\"@type\":\"ReadAction\",\"target\":[\"https:\/\/tiketi.com\/extra-luxury-coach-buses\/\"]}]},{\"@type\":\"ImageObject\",\"inLanguage\":\"fr-FR\",\"@id\":\"https:\/\/tiketi.com\/extra-luxury-coach-buses\/#primaryimage\",\"url\":\"https:\/\/tiketi.com\/wp-content\/uploads\/2022\/01\/bus-ticket-online-booking.jpg\",\"contentUrl\":\"https:\/\/tiketi.com\/wp-content\/uploads\/2022\/01\/bus-ticket-online-booking.jpg\",\"width\":1200,\"height\":206,\"caption\":\"Online Bus Ticket Booking\"},{\"@type\":\"BreadcrumbList\",\"@id\":\"https:\/\/tiketi.com\/extra-luxury-coach-buses\/#breadcrumb\",\"itemListElement\":[{\"@type\":\"ListItem\",\"position\":1,\"name\":\"Home\",\"item\":\"https:\/\/tiketi.com\/\"},{\"@type\":\"ListItem\",\"position\":2,\"name\":\"Extra Luxury Coach Online Booking, Bus Tickets, Routes &#038; Fares\"}]},{\"@type\":\"WebSite\",\"@id\":\"https:\/\/tiketi.com\/#website\",\"url\":\"https:\/\/tiketi.com\/\",\"name\":\"Flight & Bus Tickets, Tour Packages & Activitites - Tiketi.com\",\"description\":\"Flight &amp; Bus Tickets, Tours, Activitites\",\"publisher\":{\"@id\":\"https:\/\/tiketi.com\/#organization\"},\"potentialAction\":[{\"@type\":\"SearchAction\",\"target\":{\"@type\":\"EntryPoint\",\"urlTemplate\":\"https:\/\/tiketi.com\/?s={search_term_string}\"},\"query-input\":{\"@type\":\"PropertyValueSpecification\",\"valueRequired\":true,\"valueName\":\"search_term_string\"}}],\"inLanguage\":\"fr-FR\"},{\"@type\":\"Organization\",\"@id\":\"https:\/\/tiketi.com\/#organization\",\"name\":\"Tiketi.com\",\"alternateName\":\"Tiketi\",\"url\":\"https:\/\/tiketi.com\/\",\"logo\":{\"@type\":\"ImageObject\",\"inLanguage\":\"fr-FR\",\"@id\":\"https:\/\/tiketi.com\/#\/schema\/logo\/image\/\",\"url\":\"https:\/\/tiketi.com\/wp-content\/uploads\/2019\/05\/tiketi-logo-696.png\",\"contentUrl\":\"https:\/\/tiketi.com\/wp-content\/uploads\/2019\/05\/tiketi-logo-696.png\",\"width\":696,\"height\":696,\"caption\":\"Tiketi.com\"},\"image\":{\"@id\":\"https:\/\/tiketi.com\/#\/schema\/logo\/image\/\"},\"sameAs\":[\"https:\/\/www.facebook.com\/TiketiCom\/\"]}]}<\/script>\n<!-- \/ Yoast SEO plugin. -->","yoast_head_json":{"title":"R\u00e9servation en ligne d&#039;autocars de luxe suppl\u00e9mentaires, billets d&#039;autobus, itin\u00e9raires et tarifs","description":"Vous recherchez une r\u00e9servation en ligne Extra Luxury Coach? Faites une r\u00e9servation de billet de bus en ligne de luxe suppl\u00e9mentaire en ligne maintenant et \u00e9conomisez du temps et de l&#039;argent\u00a0!","robots":{"index":"index","follow":"follow","max-snippet":"max-snippet:-1","max-image-preview":"max-image-preview:large","max-video-preview":"max-video-preview:-1"},"canonical":"https:\/\/tiketi.com\/fr-fr\/extra-luxury-coach-buses\/","og_locale":"fr_FR","og_type":"article","og_title":"Extra Luxury Coach Online Booking, Bus Tickets, Routes & Fares","og_description":"Looking for Extra Luxury Coach online booking? Make a Extra luxury online bus ticket booking online now and save time and money!","og_url":"https:\/\/tiketi.com\/fr-fr\/extra-luxury-coach-buses\/","og_site_name":"Tiketi.com","article_publisher":"https:\/\/www.facebook.com\/TiketiCom\/","article_modified_time":"2022-02-11T22:38:38+00:00","og_image":[{"width":1200,"height":206,"url":"https:\/\/tiketi.com\/wp-content\/uploads\/2022\/01\/bus-ticket-online-booking.jpg","type":"image\/jpeg"}],"twitter_card":"summary_large_image","twitter_misc":{"Dur\u00e9e de lecture estim\u00e9e":"2 minutes"},"schema":{"@context":"https:\/\/schema.org","@graph":[{"@type":"WebPage","@id":"https:\/\/tiketi.com\/extra-luxury-coach-buses\/","url":"https:\/\/tiketi.com\/extra-luxury-coach-buses\/","name":"R\u00e9servation en ligne d&#039;autocars de luxe suppl\u00e9mentaires, billets d&#039;autobus, itin\u00e9raires et tarifs","isPartOf":{"@id":"https:\/\/tiketi.com\/#website"},"primaryImageOfPage":{"@id":"https:\/\/tiketi.com\/extra-luxury-coach-buses\/#primaryimage"},"image":{"@id":"https:\/\/tiketi.com\/extra-luxury-coach-buses\/#primaryimage"},"thumbnailUrl":"https:\/\/tiketi.com\/wp-content\/uploads\/2022\/01\/bus-ticket-online-booking.jpg","datePublished":"2022-01-19T11:54:05+00:00","dateModified":"2022-02-11T22:38:38+00:00","description":"Vous recherchez une r\u00e9servation en ligne Extra Luxury Coach? Faites une r\u00e9servation de billet de bus en ligne de luxe suppl\u00e9mentaire en ligne maintenant et \u00e9conomisez du temps et de l&#039;argent\u00a0!","breadcrumb":{"@id":"https:\/\/tiketi.com\/extra-luxury-coach-buses\/#breadcrumb"},"inLanguage":"fr-FR","potentialAction":[{"@type":"ReadAction","target":["https:\/\/tiketi.com\/extra-luxury-coach-buses\/"]}]},{"@type":"ImageObject","inLanguage":"fr-FR","@id":"https:\/\/tiketi.com\/extra-luxury-coach-buses\/#primaryimage","url":"https:\/\/tiketi.com\/wp-content\/uploads\/2022\/01\/bus-ticket-online-booking.jpg","contentUrl":"https:\/\/tiketi.com\/wp-content\/uploads\/2022\/01\/bus-ticket-online-booking.jpg","width":1200,"height":206,"caption":"Online Bus Ticket Booking"},{"@type":"BreadcrumbList","@id":"https:\/\/tiketi.com\/extra-luxury-coach-buses\/#breadcrumb","itemListElement":[{"@type":"ListItem","position":1,"name":"Home","item":"https:\/\/tiketi.com\/"},{"@type":"ListItem","position":2,"name":"Extra Luxury Coach Online Booking, Bus Tickets, Routes &#038; Fares"}]},{"@type":"WebSite","@id":"https:\/\/tiketi.com\/#website","url":"https:\/\/tiketi.com\/","name":"Billets d&#039;avion et de bus, forfaits touristiques et activit\u00e9s - Tiketi.com","description":"Billets d&#039;avion et de bus, Tours, Activit\u00e9s","publisher":{"@id":"https:\/\/tiketi.com\/#organization"},"potentialAction":[{"@type":"SearchAction","target":{"@type":"EntryPoint","urlTemplate":"https:\/\/tiketi.com\/?s={search_term_string}"},"query-input":{"@type":"PropertyValueSpecification","valueRequired":true,"valueName":"search_term_string"}}],"inLanguage":"fr-FR"},{"@type":"Organization","@id":"https:\/\/tiketi.com\/#organization","name":"Tiketi.com","alternateName":"Tiketi","url":"https:\/\/tiketi.com\/","logo":{"@type":"ImageObject","inLanguage":"fr-FR","@id":"https:\/\/tiketi.com\/#\/schema\/logo\/image\/","url":"https:\/\/tiketi.com\/wp-content\/uploads\/2019\/05\/tiketi-logo-696.png","contentUrl":"https:\/\/tiketi.com\/wp-content\/uploads\/2019\/05\/tiketi-logo-696.png","width":696,"height":696,"caption":"Tiketi.com"},"image":{"@id":"https:\/\/tiketi.com\/#\/schema\/logo\/image\/"},"sameAs":["https:\/\/www.facebook.com\/TiketiCom\/"]}]}},"_links":{"self":[{"href":"https:\/\/tiketi.com\/fr-fr\/wp-json\/wp\/v2\/pages\/10993","targetHints":{"allow":["GET"]}}],"collection":[{"href":"https:\/\/tiketi.com\/fr-fr\/wp-json\/wp\/v2\/pages"}],"about":[{"href":"https:\/\/tiketi.com\/fr-fr\/wp-json\/wp\/v2\/types\/page"}],"author":[{"embeddable":true,"href":"https:\/\/tiketi.com\/fr-fr\/wp-json\/wp\/v2\/users\/1"}],"replies":[{"embeddable":true,"href":"https:\/\/tiketi.com\/fr-fr\/wp-json\/wp\/v2\/comments?post=10993"}],"version-history":[{"count":0,"href":"https:\/\/tiketi.com\/fr-fr\/wp-json\/wp\/v2\/pages\/10993\/revisions"}],"wp:featuredmedia":[{"embeddable":true,"href":"https:\/\/tiketi.com\/fr-fr\/wp-json\/wp\/v2\/media\/13999"}],"wp:attachment":[{"href":"https:\/\/tiketi.com\/fr-fr\/wp-json\/wp\/v2\/media?parent=10993"}],"curies":[{"name":"wp","href":"https:\/\/api.w.org\/{rel}","templated":true}]}}