{"id":10995,"date":"2022-01-19T12:54:05","date_gmt":"2022-01-19T11:54:05","guid":{"rendered":"https:\/\/new.tiketi.com\/cross-country-transport-online-booking-bus-tickets-reservation\/"},"modified":"2022-02-11T15:14:08","modified_gmt":"2022-02-11T14:14:08","slug":"cross-country-transport-buses","status":"publish","type":"page","link":"https:\/\/tiketi.com\/fr-fr\/cross-country-transport-buses\/","title":{"rendered":"R\u00e9servation en ligne de transport \u00e0 travers le pays, billets de bus, itin\u00e9raires et tarifs"},"content":{"rendered":"<h2>R\u00e9servation de billets de bus en ligne \u00e0 bas prix pour le cross-country<\/h2>\n<h3>D\u00e9couvrez votre itin\u00e9raire de voyage sur le web, le mobile ou l&#039;application et r\u00e9servez en ligne des billets de bus Cross Country Transport pas chers.<\/h3>\n<p>La r\u00e9servation en ligne de transport tout-terrain en toute simplicit\u00e9. Cross country limited est une entreprise de transport et de logistique de premi\u00e8re classe op\u00e9rant au Nigeria et dans la sous-zone CEDEAO. Il s&#039;agit d&#039;une entreprise de logistique \u00e0 guichet unique qui g\u00e8re des services complets de transport terrestre, de messagerie et de transport pour les entreprises et les particuliers \u00e0 des prix tr\u00e8s comp\u00e9titifs. Il propose \u00e9galement des services de location de bus standard et rapides \u00e0 travers le pays \u00e0 des prix abordables tout en s&#039;assurant que nos clients b\u00e9n\u00e9ficient d&#039;un v\u00e9ritable rapport qualit\u00e9-prix. Alors faites la r\u00e9servation de billets de bus en ligne Cross Country maintenant!<\/p>\n<h2>FAQ sur la r\u00e9servation en ligne des transports \u00e0 travers le pays, les billets de bus, les itin\u00e9raires et les tarifs<\/h2>\n<p><strong>DE Port Harcourt VERS<\/strong><\/p>\n<p>\u2022 Onitsha<br \/>\n\u2022 Enugu<br \/>\n\u2022 Calabar<br \/>\n\u2022\u00a0Owerri<br \/>\n\u2022 Warri<br \/>\n\u2022 Awka<\/p>\n<p><strong>DE Calabar \u00c0<\/strong><\/p>\n<p>\u2022 Enugu<br \/>\n\u2022\u00a0Owerri<br \/>\n\u2022 Umuahia<br \/>\n\u2022 Port-Harcourt<br \/>\n\u2022 Warri<\/p>\n<p><strong>DE Warri \u00c0<\/strong><\/p>\n<p>\u2022 Umuahia<br \/>\n\u2022 Port-Harcourt<br \/>\n\u2022 Awka<br \/>\n\u2022\u00a0Owerri<br \/>\n\u2022 Calabar<\/p>\n<p><strong>DE Owerri \u00c0<\/strong><\/p>\n<p>\u2022 Onitsha<br \/>\n\u2022 Uyo<br \/>\n\u2022 Calabar<br \/>\n\u2022 Warri<br \/>\n\u2022 Port-Harcourt<br \/>\n\u2022 Enugu<\/p>\n<p><strong>DE Warri \u00c0<\/strong><\/p>\n<p>\u2022 Umuahia<br \/>\n\u2022 Port-Harcourt<br \/>\n\u2022 Awka<br \/>\n\u2022\u00a0Owerri<br \/>\n\u2022 Calabar<\/p>\n<p><strong>DE Uyo \u00c0<\/strong><\/p>\n<p>\u2022 Warri<br \/>\n\u2022 Enugu<br \/>\n\u2022\u00a0Owerri<br \/>\n\u2022 Umuahia<br \/>\n\u2022 Calabar<\/p>\n<p>Cross Country r\u00e9servation en ligne des itin\u00e9raires c\u00e9l\u00e8bres tels que Lagos \u00e0 Cotonou, Lagos \u00e0 Abuja et bien d&#039;autres. Leurs stations, situ\u00e9es dans les 6 zones g\u00e9opolitiques du Nig\u00e9ria, contiennent de nouvelles installations telles que des toilettes, le WiFi, des services de restauration, etc. Cross country limited vise \u00e0 offrir les moyens de transport les plus s\u00fbrs pour les navetteurs tout en assurant un confort suffisant pour des prix abordables en l&#039;\u00e9thique des affaires.<\/p>\n<h3>Quelles sont les coordonn\u00e9es des bus Cross Country Transport ?<\/h3>\n<p><strong>Gare d&#039;Abuja<\/strong><\/p>\n<p>Par Okoteyebo Crescent, Derri\u00e8re ABC Trans., Utako, Abuja.<\/p>\n<p><strong>Gare de Jos<\/strong><\/p>\n<p>Maison de brousse, Jos Road, Akwanga, Akwanga, Plateau<\/p>\n<p><strong>Gare de Maiduguri<\/strong><\/p>\n<p>No 5, contournement de Maiduguri, Bauchi, Bauchi, Bauchi<\/p>\n<p><strong>Gare de Calabar<\/strong><\/p>\n<p>Complexe commercial Rowa, en face du stade, Calabar, Calabar, Cross River<\/p>\n<p><strong>Gare d&#039;Oyo<\/strong><\/p>\n<p>4 Town Planning Road, pr\u00e8s de Ring Road, arr\u00eat de bus mobile, en face de la banque d&#039;acc\u00e8s. Ibadan, Ibadan, Oyo<\/p>\n<p><strong>Gare de Cross River<\/strong><\/p>\n<p>No 1, Boarder Way, Calabar Road, Ikom, Cross River, Ikom, Cross River<\/p>\n<p><strong>Gare de Kebbi<\/strong><\/p>\n<p>Orombo Plaza, en face du gouvernement local. Secr\u00e9tariat, Jega, Kebbi, Jega, Kebbi<\/p>\n<h2>Conseils de r\u00e9servation de billets de bus en ligne Cross Country<\/h2>\n<p>Cross country est une entreprise de transport situ\u00e9e \u00e0 Yaba, Lagos. Leurs bus desservent plus de vingt-six endroits au Nigeria et dans certains pays africains voisins. Ils sont dans le domaine du transport de passagers et de marchandises dans des v\u00e9hicules professionnels et priv\u00e9s.<\/p>","protected":false},"excerpt":{"rendered":"<p>Cheap Cross Country Online Bus Ticket Booking Discover your travel route on web, mobile or app and book cheap Cross Country Transport\u00a0bus tickets online. Cross Country transport online booking made easy. Cross country limited is a first class transportation and logistics firm operating in Nigeria and the ECOWAS sub area. It is one stop logistic [&hellip;]<\/p>\n","protected":false},"author":1,"featured_media":13999,"parent":0,"menu_order":0,"comment_status":"open","ping_status":"closed","template":"template-home-modern.php","meta":{"footnotes":""},"class_list":["post-10995","page","type-page","status-publish","has-post-thumbnail","hentry"],"yoast_head":"<!-- This site is optimized with the Yoast SEO plugin v27.2 - https:\/\/yoast.com\/product\/yoast-seo-wordpress\/ -->\n<title>Cross Country Transport Online Booking, Bus Tickets Reservation<\/title>\n<meta name=\"description\" content=\"Looking for Cross Country Transport online booking, app, contacts, route, fare and schedule? Make a cheap Cross Country online bus ticket booking now\" \/>\n<meta name=\"robots\" content=\"index, follow, max-snippet:-1, max-image-preview:large, max-video-preview:-1\" \/>\n<link rel=\"canonical\" href=\"https:\/\/tiketi.com\/fr-fr\/cross-country-transport-buses\/\" \/>\n<meta property=\"og:locale\" content=\"fr_FR\" \/>\n<meta property=\"og:type\" content=\"article\" \/>\n<meta property=\"og:title\" content=\"Cross Country Transport Online Booking, Bus Tickets Reservation\" \/>\n<meta property=\"og:description\" content=\"Looking for Cross Country Transport online booking, app, contacts, route, fare and schedule? Make a cheap Cross Country online bus ticket booking now\" \/>\n<meta property=\"og:url\" content=\"https:\/\/tiketi.com\/fr-fr\/cross-country-transport-buses\/\" \/>\n<meta property=\"og:site_name\" content=\"Tiketi.com\" \/>\n<meta property=\"article:publisher\" content=\"https:\/\/www.facebook.com\/TiketiCom\/\" \/>\n<meta property=\"article:modified_time\" content=\"2022-02-11T14:14:08+00:00\" \/>\n<meta property=\"og:image\" content=\"https:\/\/tiketi.com\/wp-content\/uploads\/2022\/01\/bus-ticket-online-booking.jpg\" \/>\n\t<meta property=\"og:image:width\" content=\"1200\" \/>\n\t<meta property=\"og:image:height\" content=\"206\" \/>\n\t<meta property=\"og:image:type\" content=\"image\/jpeg\" \/>\n<meta name=\"twitter:card\" content=\"summary_large_image\" \/>\n<meta name=\"twitter:label1\" content=\"Dur\u00e9e de lecture estim\u00e9e\" \/>\n\t<meta name=\"twitter:data1\" content=\"2 minutes\" \/>\n<script type=\"application\/ld+json\" class=\"yoast-schema-graph\">{\"@context\":\"https:\/\/schema.org\",\"@graph\":[{\"@type\":\"WebPage\",\"@id\":\"https:\/\/tiketi.com\/cross-country-transport-buses\/\",\"url\":\"https:\/\/tiketi.com\/cross-country-transport-buses\/\",\"name\":\"Cross Country Transport Online Booking, Bus Tickets Reservation\",\"isPartOf\":{\"@id\":\"https:\/\/tiketi.com\/#website\"},\"primaryImageOfPage\":{\"@id\":\"https:\/\/tiketi.com\/cross-country-transport-buses\/#primaryimage\"},\"image\":{\"@id\":\"https:\/\/tiketi.com\/cross-country-transport-buses\/#primaryimage\"},\"thumbnailUrl\":\"https:\/\/tiketi.com\/wp-content\/uploads\/2022\/01\/bus-ticket-online-booking.jpg\",\"datePublished\":\"2022-01-19T11:54:05+00:00\",\"dateModified\":\"2022-02-11T14:14:08+00:00\",\"description\":\"Looking for Cross Country Transport online booking, app, contacts, route, fare and schedule? Make a cheap Cross Country online bus ticket booking now\",\"breadcrumb\":{\"@id\":\"https:\/\/tiketi.com\/cross-country-transport-buses\/#breadcrumb\"},\"inLanguage\":\"fr-FR\",\"potentialAction\":[{\"@type\":\"ReadAction\",\"target\":[\"https:\/\/tiketi.com\/cross-country-transport-buses\/\"]}]},{\"@type\":\"ImageObject\",\"inLanguage\":\"fr-FR\",\"@id\":\"https:\/\/tiketi.com\/cross-country-transport-buses\/#primaryimage\",\"url\":\"https:\/\/tiketi.com\/wp-content\/uploads\/2022\/01\/bus-ticket-online-booking.jpg\",\"contentUrl\":\"https:\/\/tiketi.com\/wp-content\/uploads\/2022\/01\/bus-ticket-online-booking.jpg\",\"width\":1200,\"height\":206,\"caption\":\"Online Bus Ticket Booking\"},{\"@type\":\"BreadcrumbList\",\"@id\":\"https:\/\/tiketi.com\/cross-country-transport-buses\/#breadcrumb\",\"itemListElement\":[{\"@type\":\"ListItem\",\"position\":1,\"name\":\"Home\",\"item\":\"https:\/\/tiketi.com\/\"},{\"@type\":\"ListItem\",\"position\":2,\"name\":\"Cross Country Transport Online Booking, Bus Tickets, Routes &#038; Fares\"}]},{\"@type\":\"WebSite\",\"@id\":\"https:\/\/tiketi.com\/#website\",\"url\":\"https:\/\/tiketi.com\/\",\"name\":\"Flight & Bus Tickets, Tour Packages & Activitites - Tiketi.com\",\"description\":\"Flight &amp; Bus Tickets, Tours, Activitites\",\"publisher\":{\"@id\":\"https:\/\/tiketi.com\/#organization\"},\"potentialAction\":[{\"@type\":\"SearchAction\",\"target\":{\"@type\":\"EntryPoint\",\"urlTemplate\":\"https:\/\/tiketi.com\/?s={search_term_string}\"},\"query-input\":{\"@type\":\"PropertyValueSpecification\",\"valueRequired\":true,\"valueName\":\"search_term_string\"}}],\"inLanguage\":\"fr-FR\"},{\"@type\":\"Organization\",\"@id\":\"https:\/\/tiketi.com\/#organization\",\"name\":\"Tiketi.com\",\"alternateName\":\"Tiketi\",\"url\":\"https:\/\/tiketi.com\/\",\"logo\":{\"@type\":\"ImageObject\",\"inLanguage\":\"fr-FR\",\"@id\":\"https:\/\/tiketi.com\/#\/schema\/logo\/image\/\",\"url\":\"https:\/\/tiketi.com\/wp-content\/uploads\/2019\/05\/tiketi-logo-696.png\",\"contentUrl\":\"https:\/\/tiketi.com\/wp-content\/uploads\/2019\/05\/tiketi-logo-696.png\",\"width\":696,\"height\":696,\"caption\":\"Tiketi.com\"},\"image\":{\"@id\":\"https:\/\/tiketi.com\/#\/schema\/logo\/image\/\"},\"sameAs\":[\"https:\/\/www.facebook.com\/TiketiCom\/\"]}]}<\/script>\n<!-- \/ Yoast SEO plugin. -->","yoast_head_json":{"title":"R\u00e9servation en ligne de transport \u00e0 travers le pays, r\u00e9servation de billets d&#039;autobus","description":"Vous recherchez une r\u00e9servation en ligne Cross Country Transport, une application, des contacts, un itin\u00e9raire, un tarif et un horaire\u00a0? R\u00e9servez d\u00e8s maintenant votre billet de bus en ligne Cross Country pas cher","robots":{"index":"index","follow":"follow","max-snippet":"max-snippet:-1","max-image-preview":"max-image-preview:large","max-video-preview":"max-video-preview:-1"},"canonical":"https:\/\/tiketi.com\/fr-fr\/cross-country-transport-buses\/","og_locale":"fr_FR","og_type":"article","og_title":"Cross Country Transport Online Booking, Bus Tickets Reservation","og_description":"Looking for Cross Country Transport online booking, app, contacts, route, fare and schedule? Make a cheap Cross Country online bus ticket booking now","og_url":"https:\/\/tiketi.com\/fr-fr\/cross-country-transport-buses\/","og_site_name":"Tiketi.com","article_publisher":"https:\/\/www.facebook.com\/TiketiCom\/","article_modified_time":"2022-02-11T14:14:08+00:00","og_image":[{"width":1200,"height":206,"url":"https:\/\/tiketi.com\/wp-content\/uploads\/2022\/01\/bus-ticket-online-booking.jpg","type":"image\/jpeg"}],"twitter_card":"summary_large_image","twitter_misc":{"Dur\u00e9e de lecture estim\u00e9e":"2 minutes"},"schema":{"@context":"https:\/\/schema.org","@graph":[{"@type":"WebPage","@id":"https:\/\/tiketi.com\/cross-country-transport-buses\/","url":"https:\/\/tiketi.com\/cross-country-transport-buses\/","name":"R\u00e9servation en ligne de transport \u00e0 travers le pays, r\u00e9servation de billets d&#039;autobus","isPartOf":{"@id":"https:\/\/tiketi.com\/#website"},"primaryImageOfPage":{"@id":"https:\/\/tiketi.com\/cross-country-transport-buses\/#primaryimage"},"image":{"@id":"https:\/\/tiketi.com\/cross-country-transport-buses\/#primaryimage"},"thumbnailUrl":"https:\/\/tiketi.com\/wp-content\/uploads\/2022\/01\/bus-ticket-online-booking.jpg","datePublished":"2022-01-19T11:54:05+00:00","dateModified":"2022-02-11T14:14:08+00:00","description":"Vous recherchez une r\u00e9servation en ligne Cross Country Transport, une application, des contacts, un itin\u00e9raire, un tarif et un horaire\u00a0? R\u00e9servez d\u00e8s maintenant votre billet de bus en ligne Cross Country pas cher","breadcrumb":{"@id":"https:\/\/tiketi.com\/cross-country-transport-buses\/#breadcrumb"},"inLanguage":"fr-FR","potentialAction":[{"@type":"ReadAction","target":["https:\/\/tiketi.com\/cross-country-transport-buses\/"]}]},{"@type":"ImageObject","inLanguage":"fr-FR","@id":"https:\/\/tiketi.com\/cross-country-transport-buses\/#primaryimage","url":"https:\/\/tiketi.com\/wp-content\/uploads\/2022\/01\/bus-ticket-online-booking.jpg","contentUrl":"https:\/\/tiketi.com\/wp-content\/uploads\/2022\/01\/bus-ticket-online-booking.jpg","width":1200,"height":206,"caption":"Online Bus Ticket Booking"},{"@type":"BreadcrumbList","@id":"https:\/\/tiketi.com\/cross-country-transport-buses\/#breadcrumb","itemListElement":[{"@type":"ListItem","position":1,"name":"Home","item":"https:\/\/tiketi.com\/"},{"@type":"ListItem","position":2,"name":"Cross Country Transport Online Booking, Bus Tickets, Routes &#038; Fares"}]},{"@type":"WebSite","@id":"https:\/\/tiketi.com\/#website","url":"https:\/\/tiketi.com\/","name":"Billets d&#039;avion et de bus, forfaits touristiques et activit\u00e9s - Tiketi.com","description":"Billets d&#039;avion et de bus, Tours, Activit\u00e9s","publisher":{"@id":"https:\/\/tiketi.com\/#organization"},"potentialAction":[{"@type":"SearchAction","target":{"@type":"EntryPoint","urlTemplate":"https:\/\/tiketi.com\/?s={search_term_string}"},"query-input":{"@type":"PropertyValueSpecification","valueRequired":true,"valueName":"search_term_string"}}],"inLanguage":"fr-FR"},{"@type":"Organization","@id":"https:\/\/tiketi.com\/#organization","name":"Tiketi.com","alternateName":"Tiketi","url":"https:\/\/tiketi.com\/","logo":{"@type":"ImageObject","inLanguage":"fr-FR","@id":"https:\/\/tiketi.com\/#\/schema\/logo\/image\/","url":"https:\/\/tiketi.com\/wp-content\/uploads\/2019\/05\/tiketi-logo-696.png","contentUrl":"https:\/\/tiketi.com\/wp-content\/uploads\/2019\/05\/tiketi-logo-696.png","width":696,"height":696,"caption":"Tiketi.com"},"image":{"@id":"https:\/\/tiketi.com\/#\/schema\/logo\/image\/"},"sameAs":["https:\/\/www.facebook.com\/TiketiCom\/"]}]}},"_links":{"self":[{"href":"https:\/\/tiketi.com\/fr-fr\/wp-json\/wp\/v2\/pages\/10995","targetHints":{"allow":["GET"]}}],"collection":[{"href":"https:\/\/tiketi.com\/fr-fr\/wp-json\/wp\/v2\/pages"}],"about":[{"href":"https:\/\/tiketi.com\/fr-fr\/wp-json\/wp\/v2\/types\/page"}],"author":[{"embeddable":true,"href":"https:\/\/tiketi.com\/fr-fr\/wp-json\/wp\/v2\/users\/1"}],"replies":[{"embeddable":true,"href":"https:\/\/tiketi.com\/fr-fr\/wp-json\/wp\/v2\/comments?post=10995"}],"version-history":[{"count":0,"href":"https:\/\/tiketi.com\/fr-fr\/wp-json\/wp\/v2\/pages\/10995\/revisions"}],"wp:featuredmedia":[{"embeddable":true,"href":"https:\/\/tiketi.com\/fr-fr\/wp-json\/wp\/v2\/media\/13999"}],"wp:attachment":[{"href":"https:\/\/tiketi.com\/fr-fr\/wp-json\/wp\/v2\/media?parent=10995"}],"curies":[{"name":"wp","href":"https:\/\/api.w.org\/{rel}","templated":true}]}}