{"id":10997,"date":"2022-01-19T12:54:05","date_gmt":"2022-01-19T11:54:05","guid":{"rendered":"https:\/\/new.tiketi.com\/enos-bus-services-online-booking-bus-tickets-reservation\/"},"modified":"2022-02-11T23:18:09","modified_gmt":"2022-02-11T22:18:09","slug":"enos-bus-services-buses","status":"publish","type":"page","link":"https:\/\/tiketi.com\/fr-fr\/enos-bus-services-buses\/","title":{"rendered":"Services de bus Enos R\u00e9servation en ligne, billets de bus, itin\u00e9raires et tarifs"},"content":{"rendered":"<h2>Enos Bus Services R\u00e9servation de billets de bus en ligne<\/h2>\n<h3>D\u00e9couvrez votre itin\u00e9raire de voyage sur le web, le mobile ou l&#039;application et r\u00e9servez en ligne des billets Enos Bus Services \u00e0 bas prix.<\/h3>\n<p>Enos Bus Services r\u00e9servation en ligne facile. Enos bus services est une entreprise existante ind\u00e9pendante qui propose des bus de luxe pour le transport de groupes de personnes, d&#039;exploitations mini\u00e8res, d&#039;organisations, d&#039;universit\u00e9s, de municipalit\u00e9s et de transports publics en Afrique du Sud et dans les pays voisins. Il en va de m\u00eame pour la r\u00e9servation de billets de bus en ligne Enos Bus Services d\u00e8s maintenant !<\/p>\n<h2>FAQ sur la r\u00e9servation en ligne des services de bus Enos<\/h2>\n<h3>Quelles sont les lignes de bus Enos Bus Services ?<\/h3>\n<p>Les services de bus d&#039;Enos et l&#039;ex\u00e9cutif de Graca jouent \u00e0 la fois sur les routes internationales et locales. Je pensais que nous recherchions toujours un d\u00e9tail pour les itin\u00e9raires int\u00e9rieurs, mais ci-dessous, nous avons r\u00e9pertori\u00e9 les itin\u00e9raires internationaux pour ces compagnies de bus.<\/p>\n<p>\u2022 Johannesbourg \u00e0 Harare<br \/>\n\u2022 Johannesbourg \u00e0 Blantyre<\/p>\n<h3>Enos Bus Services Flotte et chauffeurs<\/h3>\n<p>Les services de bus Enos et Graca Executive investissent dans les nouveaux mod\u00e8les de bus pour le voyage relaxant de leurs clients. Ils utilisent des bus Scania Marcopolo comme Torino et G7, Scania MCV avec des carrosseries assembl\u00e9es localement en SA et d&#039;autres types de flotte. Ils ont aussi une petite navette minibus pour les petits trajets.<br \/>\nLeurs chauffeurs sont des professionnels avec des licences CE et des permis de conduire experts dans toute l&#039;Afrique du Sud.<\/p>\n<h3>Services de bus Enos qu&#039;ils proposent<\/h3>\n<p>Transports publics utilis\u00e9s pour les tourn\u00e9es ou toutes les visites autour ou en dehors de l&#039;Afrique du Sud. Ils fournissent une promesse pour leurs services et produits qu&#039;ils livrent. Ils s&#039;efforcent de fournir le bon produit pour l&#039;application en maintenant la norme la plus \u00e9lev\u00e9e possible. Ils offrent des prix \u00e9quitables pour les produits et services qu&#039;ils offrent \u00e0 leurs clients.<br \/>\nLes autocars de luxe Enos doivent fournir des services et des produits standard et un rapport qualit\u00e9-prix au moins comparable \u00e0 celui de ses propres concurrents. Les autocars de luxe Enos fournissent \u00e9galement des services de location pour leur flotte, du petit bus au grand pour un groupe individuel ou m\u00eame une organisation, des sports, des \u00e9glises, des \u00e9coles et d&#039;autres groupes.<\/p>\n<h3>Quelles sont les coordonn\u00e9es des bus des services de bus Enos ?<\/h3>\n<p>AUTOCARS DE LUXE ENOS<br \/>\nAdresse Physique Stand N\u00b0300,<br \/>\nPhiphidi Sibasa, 0970 Limpopo<\/p>\n<h2>Enos Bus Services Conseils de r\u00e9servation de billets de bus en ligne<\/h2>\n<p>Les services de bus Enos ont \u00e9galement leur sous-entreprise de transport de passagers nomm\u00e9e Graca Executive qui travaille main dans la main avec la soci\u00e9t\u00e9 m\u00e8re pour servir leurs clients. Ils utilisent tous la m\u00eame teinte que leur identit\u00e9 pour les bus locaux internationaux.<\/p>","protected":false},"excerpt":{"rendered":"<p>Enos Bus Services Online Bus Ticket Booking Discover your travel route on web, mobile or app and book cheap Enos Bus Services tickets online. Enos Bus Services&nbsp;online booking made easy.&nbsp;Enos bus services is an independent existing business that offers a luxury buses for transportation of group of people, mining, organizations, universities, municipalities and public transport [&hellip;]<\/p>\n","protected":false},"author":1,"featured_media":13999,"parent":0,"menu_order":0,"comment_status":"open","ping_status":"closed","template":"template-home-modern.php","meta":{"footnotes":""},"class_list":["post-10997","page","type-page","status-publish","has-post-thumbnail","hentry"],"yoast_head":"<!-- This site is optimized with the Yoast SEO plugin v27.3 - https:\/\/yoast.com\/product\/yoast-seo-wordpress\/ -->\n<title>Enos Bus Services Online Booking, Bus Tickets, Routes &amp; Fares<\/title>\n<meta name=\"description\" content=\"Looking for Enos Bus Services online booking? Make a Enos Bus Services online bus ticket booking online now and save time and money!\" \/>\n<meta name=\"robots\" content=\"index, follow, max-snippet:-1, max-image-preview:large, max-video-preview:-1\" \/>\n<link rel=\"canonical\" href=\"https:\/\/tiketi.com\/fr-fr\/enos-bus-services-buses\/\" \/>\n<meta property=\"og:locale\" content=\"fr_FR\" \/>\n<meta property=\"og:type\" content=\"article\" \/>\n<meta property=\"og:title\" content=\"Enos Bus Services Online Booking, Bus Tickets, Routes &amp; Fares\" \/>\n<meta property=\"og:description\" content=\"Looking for Enos Bus Services online booking? Make a Enos Bus Services online bus ticket booking online now and save time and money!\" \/>\n<meta property=\"og:url\" content=\"https:\/\/tiketi.com\/fr-fr\/enos-bus-services-buses\/\" \/>\n<meta property=\"og:site_name\" content=\"Tiketi.com\" \/>\n<meta property=\"article:publisher\" content=\"https:\/\/www.facebook.com\/TiketiCom\/\" \/>\n<meta property=\"article:modified_time\" content=\"2022-02-11T22:18:09+00:00\" \/>\n<meta property=\"og:image\" content=\"https:\/\/tiketi.com\/wp-content\/uploads\/2022\/01\/bus-ticket-online-booking.jpg\" \/>\n\t<meta property=\"og:image:width\" content=\"1200\" \/>\n\t<meta property=\"og:image:height\" content=\"206\" \/>\n\t<meta property=\"og:image:type\" content=\"image\/jpeg\" \/>\n<meta name=\"twitter:card\" content=\"summary_large_image\" \/>\n<meta name=\"twitter:label1\" content=\"Dur\u00e9e de lecture estim\u00e9e\" \/>\n\t<meta name=\"twitter:data1\" content=\"2 minutes\" \/>\n<script type=\"application\/ld+json\" class=\"yoast-schema-graph\">{\"@context\":\"https:\\\/\\\/schema.org\",\"@graph\":[{\"@type\":\"WebPage\",\"@id\":\"https:\\\/\\\/tiketi.com\\\/enos-bus-services-buses\\\/\",\"url\":\"https:\\\/\\\/tiketi.com\\\/enos-bus-services-buses\\\/\",\"name\":\"Enos Bus Services Online Booking, Bus Tickets, Routes & Fares\",\"isPartOf\":{\"@id\":\"https:\\\/\\\/tiketi.com\\\/#website\"},\"primaryImageOfPage\":{\"@id\":\"https:\\\/\\\/tiketi.com\\\/enos-bus-services-buses\\\/#primaryimage\"},\"image\":{\"@id\":\"https:\\\/\\\/tiketi.com\\\/enos-bus-services-buses\\\/#primaryimage\"},\"thumbnailUrl\":\"https:\\\/\\\/tiketi.com\\\/wp-content\\\/uploads\\\/2022\\\/01\\\/bus-ticket-online-booking.jpg\",\"datePublished\":\"2022-01-19T11:54:05+00:00\",\"dateModified\":\"2022-02-11T22:18:09+00:00\",\"description\":\"Looking for Enos Bus Services online booking? Make a Enos Bus Services online bus ticket booking online now and save time and money!\",\"breadcrumb\":{\"@id\":\"https:\\\/\\\/tiketi.com\\\/enos-bus-services-buses\\\/#breadcrumb\"},\"inLanguage\":\"fr-FR\",\"potentialAction\":[{\"@type\":\"ReadAction\",\"target\":[\"https:\\\/\\\/tiketi.com\\\/enos-bus-services-buses\\\/\"]}]},{\"@type\":\"ImageObject\",\"inLanguage\":\"fr-FR\",\"@id\":\"https:\\\/\\\/tiketi.com\\\/enos-bus-services-buses\\\/#primaryimage\",\"url\":\"https:\\\/\\\/tiketi.com\\\/wp-content\\\/uploads\\\/2022\\\/01\\\/bus-ticket-online-booking.jpg\",\"contentUrl\":\"https:\\\/\\\/tiketi.com\\\/wp-content\\\/uploads\\\/2022\\\/01\\\/bus-ticket-online-booking.jpg\",\"width\":1200,\"height\":206,\"caption\":\"Online Bus Ticket Booking\"},{\"@type\":\"BreadcrumbList\",\"@id\":\"https:\\\/\\\/tiketi.com\\\/enos-bus-services-buses\\\/#breadcrumb\",\"itemListElement\":[{\"@type\":\"ListItem\",\"position\":1,\"name\":\"Home\",\"item\":\"https:\\\/\\\/tiketi.com\\\/\"},{\"@type\":\"ListItem\",\"position\":2,\"name\":\"Enos Bus Services Online Booking, Bus Tickets, Routes &#038; Fares\"}]},{\"@type\":\"WebSite\",\"@id\":\"https:\\\/\\\/tiketi.com\\\/#website\",\"url\":\"https:\\\/\\\/tiketi.com\\\/\",\"name\":\"Flight & Bus Tickets, Tour Packages & Activitites - Tiketi.com\",\"description\":\"Flight &amp; Bus Tickets, Tours, Activitites\",\"publisher\":{\"@id\":\"https:\\\/\\\/tiketi.com\\\/#organization\"},\"potentialAction\":[{\"@type\":\"SearchAction\",\"target\":{\"@type\":\"EntryPoint\",\"urlTemplate\":\"https:\\\/\\\/tiketi.com\\\/?s={search_term_string}\"},\"query-input\":{\"@type\":\"PropertyValueSpecification\",\"valueRequired\":true,\"valueName\":\"search_term_string\"}}],\"inLanguage\":\"fr-FR\"},{\"@type\":\"Organization\",\"@id\":\"https:\\\/\\\/tiketi.com\\\/#organization\",\"name\":\"Tiketi.com\",\"alternateName\":\"Tiketi\",\"url\":\"https:\\\/\\\/tiketi.com\\\/\",\"logo\":{\"@type\":\"ImageObject\",\"inLanguage\":\"fr-FR\",\"@id\":\"https:\\\/\\\/tiketi.com\\\/#\\\/schema\\\/logo\\\/image\\\/\",\"url\":\"https:\\\/\\\/tiketi.com\\\/wp-content\\\/uploads\\\/2019\\\/05\\\/tiketi-logo-696.png\",\"contentUrl\":\"https:\\\/\\\/tiketi.com\\\/wp-content\\\/uploads\\\/2019\\\/05\\\/tiketi-logo-696.png\",\"width\":696,\"height\":696,\"caption\":\"Tiketi.com\"},\"image\":{\"@id\":\"https:\\\/\\\/tiketi.com\\\/#\\\/schema\\\/logo\\\/image\\\/\"},\"sameAs\":[\"https:\\\/\\\/www.facebook.com\\\/TiketiCom\\\/\"]}]}<\/script>\n<!-- \/ Yoast SEO plugin. -->","yoast_head_json":{"title":"Services de bus Enos R\u00e9servation en ligne, billets de bus, itin\u00e9raires et tarifs","description":"Vous recherchez une r\u00e9servation en ligne Enos Bus Services? Faites une r\u00e9servation de billet de bus en ligne Enos Bus Services en ligne d\u00e8s maintenant et \u00e9conomisez du temps et de l&#039;argent !","robots":{"index":"index","follow":"follow","max-snippet":"max-snippet:-1","max-image-preview":"max-image-preview:large","max-video-preview":"max-video-preview:-1"},"canonical":"https:\/\/tiketi.com\/fr-fr\/enos-bus-services-buses\/","og_locale":"fr_FR","og_type":"article","og_title":"Enos Bus Services Online Booking, Bus Tickets, Routes & Fares","og_description":"Looking for Enos Bus Services online booking? Make a Enos Bus Services online bus ticket booking online now and save time and money!","og_url":"https:\/\/tiketi.com\/fr-fr\/enos-bus-services-buses\/","og_site_name":"Tiketi.com","article_publisher":"https:\/\/www.facebook.com\/TiketiCom\/","article_modified_time":"2022-02-11T22:18:09+00:00","og_image":[{"width":1200,"height":206,"url":"https:\/\/tiketi.com\/wp-content\/uploads\/2022\/01\/bus-ticket-online-booking.jpg","type":"image\/jpeg"}],"twitter_card":"summary_large_image","twitter_misc":{"Dur\u00e9e de lecture estim\u00e9e":"2 minutes"},"schema":{"@context":"https:\/\/schema.org","@graph":[{"@type":"WebPage","@id":"https:\/\/tiketi.com\/enos-bus-services-buses\/","url":"https:\/\/tiketi.com\/enos-bus-services-buses\/","name":"Services de bus Enos R\u00e9servation en ligne, billets de bus, itin\u00e9raires et tarifs","isPartOf":{"@id":"https:\/\/tiketi.com\/#website"},"primaryImageOfPage":{"@id":"https:\/\/tiketi.com\/enos-bus-services-buses\/#primaryimage"},"image":{"@id":"https:\/\/tiketi.com\/enos-bus-services-buses\/#primaryimage"},"thumbnailUrl":"https:\/\/tiketi.com\/wp-content\/uploads\/2022\/01\/bus-ticket-online-booking.jpg","datePublished":"2022-01-19T11:54:05+00:00","dateModified":"2022-02-11T22:18:09+00:00","description":"Vous recherchez une r\u00e9servation en ligne Enos Bus Services? Faites une r\u00e9servation de billet de bus en ligne Enos Bus Services en ligne d\u00e8s maintenant et \u00e9conomisez du temps et de l&#039;argent !","breadcrumb":{"@id":"https:\/\/tiketi.com\/enos-bus-services-buses\/#breadcrumb"},"inLanguage":"fr-FR","potentialAction":[{"@type":"ReadAction","target":["https:\/\/tiketi.com\/enos-bus-services-buses\/"]}]},{"@type":"ImageObject","inLanguage":"fr-FR","@id":"https:\/\/tiketi.com\/enos-bus-services-buses\/#primaryimage","url":"https:\/\/tiketi.com\/wp-content\/uploads\/2022\/01\/bus-ticket-online-booking.jpg","contentUrl":"https:\/\/tiketi.com\/wp-content\/uploads\/2022\/01\/bus-ticket-online-booking.jpg","width":1200,"height":206,"caption":"Online Bus Ticket Booking"},{"@type":"BreadcrumbList","@id":"https:\/\/tiketi.com\/enos-bus-services-buses\/#breadcrumb","itemListElement":[{"@type":"ListItem","position":1,"name":"Home","item":"https:\/\/tiketi.com\/"},{"@type":"ListItem","position":2,"name":"Enos Bus Services Online Booking, Bus Tickets, Routes &#038; Fares"}]},{"@type":"WebSite","@id":"https:\/\/tiketi.com\/#website","url":"https:\/\/tiketi.com\/","name":"Billets d&#039;avion et de bus, forfaits touristiques et activit\u00e9s - Tiketi.com","description":"Billets d&#039;avion et de bus, Tours, Activit\u00e9s","publisher":{"@id":"https:\/\/tiketi.com\/#organization"},"potentialAction":[{"@type":"SearchAction","target":{"@type":"EntryPoint","urlTemplate":"https:\/\/tiketi.com\/?s={search_term_string}"},"query-input":{"@type":"PropertyValueSpecification","valueRequired":true,"valueName":"search_term_string"}}],"inLanguage":"fr-FR"},{"@type":"Organization","@id":"https:\/\/tiketi.com\/#organization","name":"Tiketi.com","alternateName":"Tiketi","url":"https:\/\/tiketi.com\/","logo":{"@type":"ImageObject","inLanguage":"fr-FR","@id":"https:\/\/tiketi.com\/#\/schema\/logo\/image\/","url":"https:\/\/tiketi.com\/wp-content\/uploads\/2019\/05\/tiketi-logo-696.png","contentUrl":"https:\/\/tiketi.com\/wp-content\/uploads\/2019\/05\/tiketi-logo-696.png","width":696,"height":696,"caption":"Tiketi.com"},"image":{"@id":"https:\/\/tiketi.com\/#\/schema\/logo\/image\/"},"sameAs":["https:\/\/www.facebook.com\/TiketiCom\/"]}]}},"_links":{"self":[{"href":"https:\/\/tiketi.com\/fr-fr\/wp-json\/wp\/v2\/pages\/10997","targetHints":{"allow":["GET"]}}],"collection":[{"href":"https:\/\/tiketi.com\/fr-fr\/wp-json\/wp\/v2\/pages"}],"about":[{"href":"https:\/\/tiketi.com\/fr-fr\/wp-json\/wp\/v2\/types\/page"}],"author":[{"embeddable":true,"href":"https:\/\/tiketi.com\/fr-fr\/wp-json\/wp\/v2\/users\/1"}],"replies":[{"embeddable":true,"href":"https:\/\/tiketi.com\/fr-fr\/wp-json\/wp\/v2\/comments?post=10997"}],"version-history":[{"count":0,"href":"https:\/\/tiketi.com\/fr-fr\/wp-json\/wp\/v2\/pages\/10997\/revisions"}],"wp:featuredmedia":[{"embeddable":true,"href":"https:\/\/tiketi.com\/fr-fr\/wp-json\/wp\/v2\/media\/13999"}],"wp:attachment":[{"href":"https:\/\/tiketi.com\/fr-fr\/wp-json\/wp\/v2\/media?parent=10997"}],"curies":[{"name":"wp","href":"https:\/\/api.w.org\/{rel}","templated":true}]}}