{"id":10999,"date":"2022-01-19T12:54:05","date_gmt":"2022-01-19T11:54:05","guid":{"rendered":"https:\/\/new.tiketi.com\/botra-bus-online-booking-bus-tickets-reservation\/"},"modified":"2023-02-21T18:55:31","modified_gmt":"2023-02-21T17:55:31","slug":"botra-buses","status":"publish","type":"page","link":"https:\/\/tiketi.com\/fr-fr\/botra-buses\/","title":{"rendered":"Botra Bus R\u00e9servation en ligne, billets de bus, itin\u00e9raires et tarifs"},"content":{"rendered":"<h2>R\u00e9servation de billets en ligne pour le bus Botra<\/h2>\n<h3>D\u00e9couvrez votre itin\u00e9raire sur le Web, sur mobile ou sur une application et r\u00e9servez d\u00e8s maintenant des billets Botra Bus bon march\u00e9 en ligne&gt;&gt;<\/h3>\n<p>La r\u00e9servation en ligne de Botra Bus est simplifi\u00e9e. Le service de bus Botra est une soci\u00e9t\u00e9 de transport de passagers dont le bureau est situ\u00e9 \u00e0 Stockhenstrom St, East End, Bloemfontein, en Afrique du Sud. C&#039;est l&#039;une des compagnies de bus les plus c\u00e9l\u00e8bres de la r\u00e9gion qui dessert r\u00e9guli\u00e8rement ses passagers.<\/p>\n<h2>FAQ sur la r\u00e9servation en ligne de Botra Bus, les billets de bus, les itin\u00e9raires et les tarifs<\/h2>\n<h3>Services de bus et ligne de flotte Botra<\/h3>\n<p>Bien qu&#039;ils aient commenc\u00e9 leurs services avec des mod\u00e8les de bus Benz et Scania assembl\u00e9s dans le pays, ils \u00e9tendent d\u00e9sormais leur flotte avec des autocars modernes comme le Benz, le Scania Marcopolo et bien d&#039;autres.<\/p>\n<p>\u2022 Coaster semi-luxe de 32 places<br \/>\n\u2022 Ils ont un semi-luxe 60\/60 Seeter.<\/p>\n<h3>Quelles sont les coordonn\u00e9es du service de bus Botra ?<\/h3>\n<p>Adresse : Botshabelo, 9781, Afrique du Sud<br \/>\nVille de l&#039;\u00c9tat libre<br \/>\nBo\u00eete postale : 2177, Ramahutsi, Botshabelo, 9789<\/p>\n<h2>Conseils pour la r\u00e9servation de billets en ligne de Botra Bus<\/h2>\n<p>Ils ont r\u00e9alis\u00e9 leur croissance en maintenant leur flotte dans les meilleures conditions d&#039;entretien. Ils disposent d&#039;un personnel professionnel pour leurs travaux sp\u00e9cifiques et de consultations r\u00e9guli\u00e8res avec leurs clients. Assurez-vous que les tarifs comp\u00e9titifs \u00e9clairent l\u2019\u00e9laboration de la planification par les directeurs et les gestionnaires de l\u2019entreprise.<\/p>","protected":false},"excerpt":{"rendered":"<p>Botra Bus\u00a0Online Ticket Booking Discover your travel route on web, mobile or app and book cheap Botra Bus tickets online now&gt;&gt; Botra Bus online booking made easy.\u00a0Botra bus service is a passenger transport charter which have office at Stockhenstrom St, East End, Bloemfontein, in South Africa. It is one among the most famous bus firm [&hellip;]<\/p>\n","protected":false},"author":1,"featured_media":13999,"parent":0,"menu_order":0,"comment_status":"open","ping_status":"closed","template":"template-home-modern.php","meta":{"footnotes":""},"class_list":["post-10999","page","type-page","status-publish","has-post-thumbnail","hentry"],"yoast_head":"<!-- This site is optimized with the Yoast SEO plugin v27.5 - https:\/\/yoast.com\/product\/yoast-seo-wordpress\/ -->\n<title>Botra Bus Online Booking, Bus Tickets, Routes &amp; Fares<\/title>\n<meta name=\"description\" content=\"Looking for Botra Bus online booking? Make a Botra online bus ticket booking online now and save time and money!\" \/>\n<meta name=\"robots\" content=\"index, follow, max-snippet:-1, max-image-preview:large, max-video-preview:-1\" \/>\n<link rel=\"canonical\" href=\"https:\/\/tiketi.com\/fr-fr\/botra-buses\/\" \/>\n<meta property=\"og:locale\" content=\"fr_FR\" \/>\n<meta property=\"og:type\" content=\"article\" \/>\n<meta property=\"og:title\" content=\"Botra Bus Online Booking, Bus Tickets, Routes &amp; Fares\" \/>\n<meta property=\"og:description\" content=\"Looking for Botra Bus online booking? Make a Botra online bus ticket booking online now and save time and money!\" \/>\n<meta property=\"og:url\" content=\"https:\/\/tiketi.com\/fr-fr\/botra-buses\/\" \/>\n<meta property=\"og:site_name\" content=\"Tiketi.com\" \/>\n<meta property=\"article:publisher\" content=\"https:\/\/www.facebook.com\/TiketiCom\/\" \/>\n<meta property=\"article:modified_time\" content=\"2023-02-21T17:55:31+00:00\" \/>\n<meta property=\"og:image\" content=\"https:\/\/tiketi.com\/wp-content\/uploads\/2022\/01\/bus-ticket-online-booking.jpg\" \/>\n\t<meta property=\"og:image:width\" content=\"1200\" \/>\n\t<meta property=\"og:image:height\" content=\"206\" \/>\n\t<meta property=\"og:image:type\" content=\"image\/jpeg\" \/>\n<meta name=\"twitter:card\" content=\"summary_large_image\" \/>\n<meta name=\"twitter:label1\" content=\"Dur\u00e9e de lecture estim\u00e9e\" \/>\n\t<meta name=\"twitter:data1\" content=\"1 minute\" \/>\n<script type=\"application\/ld+json\" class=\"yoast-schema-graph\">{\"@context\":\"https:\\\/\\\/schema.org\",\"@graph\":[{\"@type\":\"WebPage\",\"@id\":\"https:\\\/\\\/tiketi.com\\\/fr-fr\\\/botra-buses\\\/\",\"url\":\"https:\\\/\\\/tiketi.com\\\/fr-fr\\\/botra-buses\\\/\",\"name\":\"Botra Bus Online Booking, Bus Tickets, Routes & Fares\",\"isPartOf\":{\"@id\":\"https:\\\/\\\/tiketi.com\\\/#website\"},\"primaryImageOfPage\":{\"@id\":\"https:\\\/\\\/tiketi.com\\\/fr-fr\\\/botra-buses\\\/#primaryimage\"},\"image\":{\"@id\":\"https:\\\/\\\/tiketi.com\\\/fr-fr\\\/botra-buses\\\/#primaryimage\"},\"thumbnailUrl\":\"https:\\\/\\\/tiketi.com\\\/wp-content\\\/uploads\\\/2022\\\/01\\\/bus-ticket-online-booking.jpg\",\"datePublished\":\"2022-01-19T11:54:05+00:00\",\"dateModified\":\"2023-02-21T17:55:31+00:00\",\"description\":\"Looking for Botra Bus online booking? Make a Botra online bus ticket booking online now and save time and money!\",\"breadcrumb\":{\"@id\":\"https:\\\/\\\/tiketi.com\\\/fr-fr\\\/botra-buses\\\/#breadcrumb\"},\"inLanguage\":\"fr-FR\",\"potentialAction\":[{\"@type\":\"ReadAction\",\"target\":[\"https:\\\/\\\/tiketi.com\\\/fr-fr\\\/botra-buses\\\/\"]}]},{\"@type\":\"ImageObject\",\"inLanguage\":\"fr-FR\",\"@id\":\"https:\\\/\\\/tiketi.com\\\/fr-fr\\\/botra-buses\\\/#primaryimage\",\"url\":\"https:\\\/\\\/tiketi.com\\\/wp-content\\\/uploads\\\/2022\\\/01\\\/bus-ticket-online-booking.jpg\",\"contentUrl\":\"https:\\\/\\\/tiketi.com\\\/wp-content\\\/uploads\\\/2022\\\/01\\\/bus-ticket-online-booking.jpg\",\"width\":1200,\"height\":206,\"caption\":\"Online Bus Ticket Booking\"},{\"@type\":\"BreadcrumbList\",\"@id\":\"https:\\\/\\\/tiketi.com\\\/fr-fr\\\/botra-buses\\\/#breadcrumb\",\"itemListElement\":[{\"@type\":\"ListItem\",\"position\":1,\"name\":\"Home\",\"item\":\"https:\\\/\\\/tiketi.com\\\/\"},{\"@type\":\"ListItem\",\"position\":2,\"name\":\"Botra Bus Online Booking, Bus Tickets, Routes &#038; Fares\"}]},{\"@type\":\"WebSite\",\"@id\":\"https:\\\/\\\/tiketi.com\\\/#website\",\"url\":\"https:\\\/\\\/tiketi.com\\\/\",\"name\":\"Flight & Bus Tickets, Tour Packages & Activitites - Tiketi.com\",\"description\":\"Flight &amp; Bus Tickets, Tours, Activitites\",\"publisher\":{\"@id\":\"https:\\\/\\\/tiketi.com\\\/#organization\"},\"potentialAction\":[{\"@type\":\"SearchAction\",\"target\":{\"@type\":\"EntryPoint\",\"urlTemplate\":\"https:\\\/\\\/tiketi.com\\\/?s={search_term_string}\"},\"query-input\":{\"@type\":\"PropertyValueSpecification\",\"valueRequired\":true,\"valueName\":\"search_term_string\"}}],\"inLanguage\":\"fr-FR\"},{\"@type\":\"Organization\",\"@id\":\"https:\\\/\\\/tiketi.com\\\/#organization\",\"name\":\"Tiketi.com\",\"alternateName\":\"Tiketi\",\"url\":\"https:\\\/\\\/tiketi.com\\\/\",\"logo\":{\"@type\":\"ImageObject\",\"inLanguage\":\"fr-FR\",\"@id\":\"https:\\\/\\\/tiketi.com\\\/#\\\/schema\\\/logo\\\/image\\\/\",\"url\":\"https:\\\/\\\/tiketi.com\\\/wp-content\\\/uploads\\\/2019\\\/05\\\/tiketi-logo-696.png\",\"contentUrl\":\"https:\\\/\\\/tiketi.com\\\/wp-content\\\/uploads\\\/2019\\\/05\\\/tiketi-logo-696.png\",\"width\":696,\"height\":696,\"caption\":\"Tiketi.com\"},\"image\":{\"@id\":\"https:\\\/\\\/tiketi.com\\\/#\\\/schema\\\/logo\\\/image\\\/\"},\"sameAs\":[\"https:\\\/\\\/www.facebook.com\\\/TiketiCom\\\/\"]}]}<\/script>\n<!-- \/ Yoast SEO plugin. -->","yoast_head_json":{"title":"Botra Bus R\u00e9servation en ligne, billets de bus, itin\u00e9raires et tarifs","description":"Vous recherchez une r\u00e9servation en ligne de Botra Bus ? R\u00e9servez d\u00e8s maintenant votre billet de bus Botra en ligne et \u00e9conomisez du temps et de l&#039;argent !","robots":{"index":"index","follow":"follow","max-snippet":"max-snippet:-1","max-image-preview":"max-image-preview:large","max-video-preview":"max-video-preview:-1"},"canonical":"https:\/\/tiketi.com\/fr-fr\/botra-buses\/","og_locale":"fr_FR","og_type":"article","og_title":"Botra Bus Online Booking, Bus Tickets, Routes & Fares","og_description":"Looking for Botra Bus online booking? Make a Botra online bus ticket booking online now and save time and money!","og_url":"https:\/\/tiketi.com\/fr-fr\/botra-buses\/","og_site_name":"Tiketi.com","article_publisher":"https:\/\/www.facebook.com\/TiketiCom\/","article_modified_time":"2023-02-21T17:55:31+00:00","og_image":[{"width":1200,"height":206,"url":"https:\/\/tiketi.com\/wp-content\/uploads\/2022\/01\/bus-ticket-online-booking.jpg","type":"image\/jpeg"}],"twitter_card":"summary_large_image","twitter_misc":{"Dur\u00e9e de lecture estim\u00e9e":"1 minute"},"schema":{"@context":"https:\/\/schema.org","@graph":[{"@type":"WebPage","@id":"https:\/\/tiketi.com\/fr-fr\/botra-buses\/","url":"https:\/\/tiketi.com\/fr-fr\/botra-buses\/","name":"Botra Bus R\u00e9servation en ligne, billets de bus, itin\u00e9raires et tarifs","isPartOf":{"@id":"https:\/\/tiketi.com\/#website"},"primaryImageOfPage":{"@id":"https:\/\/tiketi.com\/fr-fr\/botra-buses\/#primaryimage"},"image":{"@id":"https:\/\/tiketi.com\/fr-fr\/botra-buses\/#primaryimage"},"thumbnailUrl":"https:\/\/tiketi.com\/wp-content\/uploads\/2022\/01\/bus-ticket-online-booking.jpg","datePublished":"2022-01-19T11:54:05+00:00","dateModified":"2023-02-21T17:55:31+00:00","description":"Vous recherchez une r\u00e9servation en ligne de Botra Bus ? R\u00e9servez d\u00e8s maintenant votre billet de bus Botra en ligne et \u00e9conomisez du temps et de l&#039;argent !","breadcrumb":{"@id":"https:\/\/tiketi.com\/fr-fr\/botra-buses\/#breadcrumb"},"inLanguage":"fr-FR","potentialAction":[{"@type":"ReadAction","target":["https:\/\/tiketi.com\/fr-fr\/botra-buses\/"]}]},{"@type":"ImageObject","inLanguage":"fr-FR","@id":"https:\/\/tiketi.com\/fr-fr\/botra-buses\/#primaryimage","url":"https:\/\/tiketi.com\/wp-content\/uploads\/2022\/01\/bus-ticket-online-booking.jpg","contentUrl":"https:\/\/tiketi.com\/wp-content\/uploads\/2022\/01\/bus-ticket-online-booking.jpg","width":1200,"height":206,"caption":"Online Bus Ticket Booking"},{"@type":"BreadcrumbList","@id":"https:\/\/tiketi.com\/fr-fr\/botra-buses\/#breadcrumb","itemListElement":[{"@type":"ListItem","position":1,"name":"Home","item":"https:\/\/tiketi.com\/"},{"@type":"ListItem","position":2,"name":"Botra Bus Online Booking, Bus Tickets, Routes &#038; Fares"}]},{"@type":"WebSite","@id":"https:\/\/tiketi.com\/#website","url":"https:\/\/tiketi.com\/","name":"Billets d&#039;avion et de bus, forfaits touristiques et activit\u00e9s - Tiketi.com","description":"Billets d&#039;avion et de bus, Tours, Activit\u00e9s","publisher":{"@id":"https:\/\/tiketi.com\/#organization"},"potentialAction":[{"@type":"SearchAction","target":{"@type":"EntryPoint","urlTemplate":"https:\/\/tiketi.com\/?s={search_term_string}"},"query-input":{"@type":"PropertyValueSpecification","valueRequired":true,"valueName":"search_term_string"}}],"inLanguage":"fr-FR"},{"@type":"Organization","@id":"https:\/\/tiketi.com\/#organization","name":"Tiketi.com","alternateName":"Tiketi","url":"https:\/\/tiketi.com\/","logo":{"@type":"ImageObject","inLanguage":"fr-FR","@id":"https:\/\/tiketi.com\/#\/schema\/logo\/image\/","url":"https:\/\/tiketi.com\/wp-content\/uploads\/2019\/05\/tiketi-logo-696.png","contentUrl":"https:\/\/tiketi.com\/wp-content\/uploads\/2019\/05\/tiketi-logo-696.png","width":696,"height":696,"caption":"Tiketi.com"},"image":{"@id":"https:\/\/tiketi.com\/#\/schema\/logo\/image\/"},"sameAs":["https:\/\/www.facebook.com\/TiketiCom\/"]}]}},"_links":{"self":[{"href":"https:\/\/tiketi.com\/fr-fr\/wp-json\/wp\/v2\/pages\/10999","targetHints":{"allow":["GET"]}}],"collection":[{"href":"https:\/\/tiketi.com\/fr-fr\/wp-json\/wp\/v2\/pages"}],"about":[{"href":"https:\/\/tiketi.com\/fr-fr\/wp-json\/wp\/v2\/types\/page"}],"author":[{"embeddable":true,"href":"https:\/\/tiketi.com\/fr-fr\/wp-json\/wp\/v2\/users\/1"}],"replies":[{"embeddable":true,"href":"https:\/\/tiketi.com\/fr-fr\/wp-json\/wp\/v2\/comments?post=10999"}],"version-history":[{"count":0,"href":"https:\/\/tiketi.com\/fr-fr\/wp-json\/wp\/v2\/pages\/10999\/revisions"}],"wp:featuredmedia":[{"embeddable":true,"href":"https:\/\/tiketi.com\/fr-fr\/wp-json\/wp\/v2\/media\/13999"}],"wp:attachment":[{"href":"https:\/\/tiketi.com\/fr-fr\/wp-json\/wp\/v2\/media?parent=10999"}],"curies":[{"name":"wp","href":"https:\/\/api.w.org\/{rel}","templated":true}]}}