{"id":11000,"date":"2022-01-19T12:54:05","date_gmt":"2022-01-19T11:54:05","guid":{"rendered":"https:\/\/new.tiketi.com\/autostar-travels-online-booking-bus-tickets-reservation\/"},"modified":"2022-01-28T10:54:06","modified_gmt":"2022-01-28T09:54:06","slug":"autostar-travels-buses","status":"publish","type":"page","link":"https:\/\/tiketi.com\/fr-fr\/autostar-travels-buses\/","title":{"rendered":"Autostar Travels R\u00e9servation en ligne, billets de bus, itin\u00e9raires et tarifs"},"content":{"rendered":"<h2>R\u00e9servation de billets de bus en ligne Autostar Travels<\/h2>\n<h3>D\u00e9couvrez votre itin\u00e9raire de voyage sur le Web, sur mobile ou sur une application et r\u00e9servez d\u00e8s maintenant des billets Autostar Travels bon march\u00e9 en ligne &gt;&gt;<\/h3>\n<p>La r\u00e9servation en ligne d&#039;Autostar Travels est simplifi\u00e9e. Autostar Travels and Tourism est l&#039;une des meilleures entreprises de transport routier au Nigeria. Bas\u00e9e dans l&#039;\u00c9tat d&#039;Enugu, Enugu, Autostar a acquis le statut d&#039;excellence du service depuis sa constitution au cours des dix derni\u00e8res ann\u00e9es. Autostar Travel and Tourism poss\u00e8de plus de quinze gares routi\u00e8res dans tout le Nigeria, sillonnant la plupart des lignes de bus nig\u00e9rianes via Enugu, Abia, Lagos, B\u00e9nin, etc. et offrant \u00e9galement des services de messagerie via ces lieux. La mission principale d&#039;Autostar est d&#039;offrir une exp\u00e9rience de voyage remarquable et abordable aux navetteurs, en utilisant des \u00e9quipes tr\u00e8s qualifi\u00e9es et une \u00e9thique des affaires remarquable. Alors faites la r\u00e9servation de billets de bus en ligne Autostar Travels d\u00e8s maintenant\u00a0!<\/p>\n<h2>FAQ sur la r\u00e9servation en ligne, les billets de bus, les itin\u00e9raires et les tarifs d&#039;Autostar Travels<\/h2>\n<h3>Quels sont les itin\u00e9raires de bus Autostar Travels ?<\/h3>\n<p><strong>PRIX DE L&#039;ITIN\u00c9RAIRE<\/strong><\/p>\n<p><strong>Terminal Enugu\u00a0: \u00a0\u00a0 \u00a0\u00a0<\/strong><br \/>\nEnugu - Utako (cadre Toyota Sienna) 13 500 \u20a6<br \/>\nEnugu \u2013 Utako (Toyota Sienna r\u00e9guli\u00e8re) 11 500 \u20a6<br \/>\nEnugu \u2013 Jibowu (cadre Toyota Sienna) 13 500 \u20a6<br \/>\nEnugu \u2013 Jibowu (Toyota Sienna r\u00e9guli\u00e8re) 11 500 \u20a6<\/p>\n<p><strong>Gare d&#039;Utako\u00a0: \u00a0\u00a0 \u00a0\u00a0<\/strong><\/p>\n<p>Utako - Enugu (cadre Toyota Sienna) 15 000 \u20a6<br \/>\nUtako - Enugu (Toyota Sienna r\u00e9guli\u00e8re) 13 500 \u20a6<\/p>\n<p><strong>Terminal Jibowu\u00a0: \u00a0<\/strong><br \/>\nJibowu - Abuja (cadre Toyota Sienna) 13 500 \u20a6<br \/>\nJibowu - Abuja (Toyota Sienna r\u00e9guli\u00e8re) 11 500 \u20a6<br \/>\nJibowu \u2013 Enugu 11 500 \u20a6 \u2013 13 500 \u20a6<\/p>\n<h3>Autostar voyage en flotte<\/h3>\n<p>Les voyages Autostar utilisent une large gamme de voitures et de bus. Certains d&#039;entre eux contiennent :<\/p>\n<h3>Montagnes russes Toyota<\/h3>\n<p>Ce bus de dix-huit places offre des capacit\u00e9s de transport terrestre haut de gamme, confortables, robustes et fiables, ce bus est dot\u00e9 de la climatisation et d&#039;un plus grand espace pour les jambes.<\/p>\n<p>Toyota Sienna : Un SUV familial alliant confort et luxe. Ce v\u00e9hicule cinq places offre la climatisation, un grand espace pour les jambes, du rafra\u00eechissement et du luxe.<\/p>\n<p>Toyota Hiace. Utilis\u00e9 pour les voyages longue distance, ce v\u00e9hicule de dix places est parmi les plus fiables pour le transport terrestre longue distance et offre un grand espace pour les jambes et une climatisation.<\/p>\n<h3>Quelles sont les coordonn\u00e9es des bus Autostar Travels ?<\/h3>\n<p>Adresse\u00a0:\u00a0Airport Road, Emene Industrial Layout, en face d&#039;Anammco, Enugu Capital, Enugu State, Nigeria.<\/p>\n<h2>Conseils pour la r\u00e9servation de billets de bus en ligne d\u2019Autostar Travels<\/h2>\n<h3>Terminaux Autostar \u00e0 travers le Nigeria<\/h3>\n<p>FCT D&#039;ABUJA<br \/>\nAdresse : IDE Shopping Plaza, Plot 484 Awolowo Way, district d&#039;Utako, FCT Abuja (en face de Kia Motors)<\/p>\n<p>DELTA<br \/>\nAdresse\u00a0: Ibusa Junction Asaba-Benin Express Way, Asaba, \u00c9tat du Delta<\/p>\n<p>Lagos<\/p>\n<p>Adresse : n\u00b0 5, Ikorodu Road, Jibowu, Yaba, \u00c9tat de Lagos (pr\u00e8s d&#039;Ifesinachi)<\/p>\n<p>Rivi\u00e8res<\/p>\n<p>Port-Harcourt<\/p>\n<p>Adresse\u00a0: #3, Olu Obasanjo Way, Rebisi Park pr\u00e8s de Waterline Junction, Port Harcourt, River State.<\/p>\n<p>Enugu<\/p>\n<p>Adresse\u00a0:\u00a0Ogui Junction, en face du parc New Berries, \u00e0 c\u00f4t\u00e9 de la station-service Juel, GRA, \u00c9tat d&#039;Enugu<\/p>","protected":false},"excerpt":{"rendered":"<p>Autostar Travels Online Bus Ticket Booking Discover your travel route on web, mobile or app and book cheap Autostar Travels tickets online now &gt;&gt; Autostar Travels online booking made easy.\u00a0Autostar travels and tourism is one of the best road transport firms in Nigeria. Headquartered in Enugu state, Enugu, Autostar has earned the status of service [&hellip;]<\/p>\n","protected":false},"author":1,"featured_media":13999,"parent":0,"menu_order":0,"comment_status":"open","ping_status":"closed","template":"template-home-modern.php","meta":{"footnotes":""},"class_list":["post-11000","page","type-page","status-publish","has-post-thumbnail","hentry"],"yoast_head":"<!-- This site is optimized with the Yoast SEO plugin v27.2 - https:\/\/yoast.com\/product\/yoast-seo-wordpress\/ -->\n<title>Autostar Travels Online Booking, Bus Tickets, Routes &amp; Fares<\/title>\n<meta name=\"description\" content=\"Looking for Autostar Travels online booking? Make a Autostar Travels online bus ticket booking online now and save time and money!\" \/>\n<meta name=\"robots\" content=\"index, follow, max-snippet:-1, max-image-preview:large, max-video-preview:-1\" \/>\n<link rel=\"canonical\" href=\"https:\/\/tiketi.com\/fr-fr\/autostar-travels-buses\/\" \/>\n<meta property=\"og:locale\" content=\"fr_FR\" \/>\n<meta property=\"og:type\" content=\"article\" \/>\n<meta property=\"og:title\" content=\"Autostar Travels Online Booking, Bus Tickets, Routes &amp; Fares\" \/>\n<meta property=\"og:description\" content=\"Looking for Autostar Travels online booking? Make a Autostar Travels online bus ticket booking online now and save time and money!\" \/>\n<meta property=\"og:url\" content=\"https:\/\/tiketi.com\/fr-fr\/autostar-travels-buses\/\" \/>\n<meta property=\"og:site_name\" content=\"Tiketi.com\" \/>\n<meta property=\"article:publisher\" content=\"https:\/\/www.facebook.com\/TiketiCom\/\" \/>\n<meta property=\"article:modified_time\" content=\"2022-01-28T09:54:06+00:00\" \/>\n<meta property=\"og:image\" content=\"https:\/\/tiketi.com\/wp-content\/uploads\/2022\/01\/bus-ticket-online-booking.jpg\" \/>\n\t<meta property=\"og:image:width\" content=\"1200\" \/>\n\t<meta property=\"og:image:height\" content=\"206\" \/>\n\t<meta property=\"og:image:type\" content=\"image\/jpeg\" \/>\n<meta name=\"twitter:card\" content=\"summary_large_image\" \/>\n<meta name=\"twitter:label1\" content=\"Dur\u00e9e de lecture estim\u00e9e\" \/>\n\t<meta name=\"twitter:data1\" content=\"2 minutes\" \/>\n<script type=\"application\/ld+json\" class=\"yoast-schema-graph\">{\"@context\":\"https:\/\/schema.org\",\"@graph\":[{\"@type\":\"WebPage\",\"@id\":\"https:\/\/tiketi.com\/autostar-travels-buses\/\",\"url\":\"https:\/\/tiketi.com\/autostar-travels-buses\/\",\"name\":\"Autostar Travels Online Booking, Bus Tickets, Routes & Fares\",\"isPartOf\":{\"@id\":\"https:\/\/tiketi.com\/#website\"},\"primaryImageOfPage\":{\"@id\":\"https:\/\/tiketi.com\/autostar-travels-buses\/#primaryimage\"},\"image\":{\"@id\":\"https:\/\/tiketi.com\/autostar-travels-buses\/#primaryimage\"},\"thumbnailUrl\":\"https:\/\/tiketi.com\/wp-content\/uploads\/2022\/01\/bus-ticket-online-booking.jpg\",\"datePublished\":\"2022-01-19T11:54:05+00:00\",\"dateModified\":\"2022-01-28T09:54:06+00:00\",\"description\":\"Looking for Autostar Travels online booking? Make a Autostar Travels online bus ticket booking online now and save time and money!\",\"breadcrumb\":{\"@id\":\"https:\/\/tiketi.com\/autostar-travels-buses\/#breadcrumb\"},\"inLanguage\":\"fr-FR\",\"potentialAction\":[{\"@type\":\"ReadAction\",\"target\":[\"https:\/\/tiketi.com\/autostar-travels-buses\/\"]}]},{\"@type\":\"ImageObject\",\"inLanguage\":\"fr-FR\",\"@id\":\"https:\/\/tiketi.com\/autostar-travels-buses\/#primaryimage\",\"url\":\"https:\/\/tiketi.com\/wp-content\/uploads\/2022\/01\/bus-ticket-online-booking.jpg\",\"contentUrl\":\"https:\/\/tiketi.com\/wp-content\/uploads\/2022\/01\/bus-ticket-online-booking.jpg\",\"width\":1200,\"height\":206,\"caption\":\"Online Bus Ticket Booking\"},{\"@type\":\"BreadcrumbList\",\"@id\":\"https:\/\/tiketi.com\/autostar-travels-buses\/#breadcrumb\",\"itemListElement\":[{\"@type\":\"ListItem\",\"position\":1,\"name\":\"Home\",\"item\":\"https:\/\/tiketi.com\/\"},{\"@type\":\"ListItem\",\"position\":2,\"name\":\"Autostar Travels Online Booking, Bus Tickets, Routes &#038; Fares\"}]},{\"@type\":\"WebSite\",\"@id\":\"https:\/\/tiketi.com\/#website\",\"url\":\"https:\/\/tiketi.com\/\",\"name\":\"Flight & Bus Tickets, Tour Packages & Activitites - Tiketi.com\",\"description\":\"Flight &amp; Bus Tickets, Tours, Activitites\",\"publisher\":{\"@id\":\"https:\/\/tiketi.com\/#organization\"},\"potentialAction\":[{\"@type\":\"SearchAction\",\"target\":{\"@type\":\"EntryPoint\",\"urlTemplate\":\"https:\/\/tiketi.com\/?s={search_term_string}\"},\"query-input\":{\"@type\":\"PropertyValueSpecification\",\"valueRequired\":true,\"valueName\":\"search_term_string\"}}],\"inLanguage\":\"fr-FR\"},{\"@type\":\"Organization\",\"@id\":\"https:\/\/tiketi.com\/#organization\",\"name\":\"Tiketi.com\",\"alternateName\":\"Tiketi\",\"url\":\"https:\/\/tiketi.com\/\",\"logo\":{\"@type\":\"ImageObject\",\"inLanguage\":\"fr-FR\",\"@id\":\"https:\/\/tiketi.com\/#\/schema\/logo\/image\/\",\"url\":\"https:\/\/tiketi.com\/wp-content\/uploads\/2019\/05\/tiketi-logo-696.png\",\"contentUrl\":\"https:\/\/tiketi.com\/wp-content\/uploads\/2019\/05\/tiketi-logo-696.png\",\"width\":696,\"height\":696,\"caption\":\"Tiketi.com\"},\"image\":{\"@id\":\"https:\/\/tiketi.com\/#\/schema\/logo\/image\/\"},\"sameAs\":[\"https:\/\/www.facebook.com\/TiketiCom\/\"]}]}<\/script>\n<!-- \/ Yoast SEO plugin. -->","yoast_head_json":{"title":"Autostar Travels R\u00e9servation en ligne, billets de bus, itin\u00e9raires et tarifs","description":"Vous recherchez une r\u00e9servation en ligne avec Autostar Travels ? Faites une r\u00e9servation de billet de bus en ligne Autostar Travels d\u00e8s maintenant et \u00e9conomisez du temps et de l&#039;argent !","robots":{"index":"index","follow":"follow","max-snippet":"max-snippet:-1","max-image-preview":"max-image-preview:large","max-video-preview":"max-video-preview:-1"},"canonical":"https:\/\/tiketi.com\/fr-fr\/autostar-travels-buses\/","og_locale":"fr_FR","og_type":"article","og_title":"Autostar Travels Online Booking, Bus Tickets, Routes & Fares","og_description":"Looking for Autostar Travels online booking? Make a Autostar Travels online bus ticket booking online now and save time and money!","og_url":"https:\/\/tiketi.com\/fr-fr\/autostar-travels-buses\/","og_site_name":"Tiketi.com","article_publisher":"https:\/\/www.facebook.com\/TiketiCom\/","article_modified_time":"2022-01-28T09:54:06+00:00","og_image":[{"width":1200,"height":206,"url":"https:\/\/tiketi.com\/wp-content\/uploads\/2022\/01\/bus-ticket-online-booking.jpg","type":"image\/jpeg"}],"twitter_card":"summary_large_image","twitter_misc":{"Dur\u00e9e de lecture estim\u00e9e":"2 minutes"},"schema":{"@context":"https:\/\/schema.org","@graph":[{"@type":"WebPage","@id":"https:\/\/tiketi.com\/autostar-travels-buses\/","url":"https:\/\/tiketi.com\/autostar-travels-buses\/","name":"Autostar Travels R\u00e9servation en ligne, billets de bus, itin\u00e9raires et tarifs","isPartOf":{"@id":"https:\/\/tiketi.com\/#website"},"primaryImageOfPage":{"@id":"https:\/\/tiketi.com\/autostar-travels-buses\/#primaryimage"},"image":{"@id":"https:\/\/tiketi.com\/autostar-travels-buses\/#primaryimage"},"thumbnailUrl":"https:\/\/tiketi.com\/wp-content\/uploads\/2022\/01\/bus-ticket-online-booking.jpg","datePublished":"2022-01-19T11:54:05+00:00","dateModified":"2022-01-28T09:54:06+00:00","description":"Vous recherchez une r\u00e9servation en ligne avec Autostar Travels ? Faites une r\u00e9servation de billet de bus en ligne Autostar Travels d\u00e8s maintenant et \u00e9conomisez du temps et de l&#039;argent !","breadcrumb":{"@id":"https:\/\/tiketi.com\/autostar-travels-buses\/#breadcrumb"},"inLanguage":"fr-FR","potentialAction":[{"@type":"ReadAction","target":["https:\/\/tiketi.com\/autostar-travels-buses\/"]}]},{"@type":"ImageObject","inLanguage":"fr-FR","@id":"https:\/\/tiketi.com\/autostar-travels-buses\/#primaryimage","url":"https:\/\/tiketi.com\/wp-content\/uploads\/2022\/01\/bus-ticket-online-booking.jpg","contentUrl":"https:\/\/tiketi.com\/wp-content\/uploads\/2022\/01\/bus-ticket-online-booking.jpg","width":1200,"height":206,"caption":"Online Bus Ticket Booking"},{"@type":"BreadcrumbList","@id":"https:\/\/tiketi.com\/autostar-travels-buses\/#breadcrumb","itemListElement":[{"@type":"ListItem","position":1,"name":"Home","item":"https:\/\/tiketi.com\/"},{"@type":"ListItem","position":2,"name":"Autostar Travels Online Booking, Bus Tickets, Routes &#038; Fares"}]},{"@type":"WebSite","@id":"https:\/\/tiketi.com\/#website","url":"https:\/\/tiketi.com\/","name":"Billets d&#039;avion et de bus, forfaits touristiques et activit\u00e9s - Tiketi.com","description":"Billets d&#039;avion et de bus, Tours, Activit\u00e9s","publisher":{"@id":"https:\/\/tiketi.com\/#organization"},"potentialAction":[{"@type":"SearchAction","target":{"@type":"EntryPoint","urlTemplate":"https:\/\/tiketi.com\/?s={search_term_string}"},"query-input":{"@type":"PropertyValueSpecification","valueRequired":true,"valueName":"search_term_string"}}],"inLanguage":"fr-FR"},{"@type":"Organization","@id":"https:\/\/tiketi.com\/#organization","name":"Tiketi.com","alternateName":"Tiketi","url":"https:\/\/tiketi.com\/","logo":{"@type":"ImageObject","inLanguage":"fr-FR","@id":"https:\/\/tiketi.com\/#\/schema\/logo\/image\/","url":"https:\/\/tiketi.com\/wp-content\/uploads\/2019\/05\/tiketi-logo-696.png","contentUrl":"https:\/\/tiketi.com\/wp-content\/uploads\/2019\/05\/tiketi-logo-696.png","width":696,"height":696,"caption":"Tiketi.com"},"image":{"@id":"https:\/\/tiketi.com\/#\/schema\/logo\/image\/"},"sameAs":["https:\/\/www.facebook.com\/TiketiCom\/"]}]}},"_links":{"self":[{"href":"https:\/\/tiketi.com\/fr-fr\/wp-json\/wp\/v2\/pages\/11000","targetHints":{"allow":["GET"]}}],"collection":[{"href":"https:\/\/tiketi.com\/fr-fr\/wp-json\/wp\/v2\/pages"}],"about":[{"href":"https:\/\/tiketi.com\/fr-fr\/wp-json\/wp\/v2\/types\/page"}],"author":[{"embeddable":true,"href":"https:\/\/tiketi.com\/fr-fr\/wp-json\/wp\/v2\/users\/1"}],"replies":[{"embeddable":true,"href":"https:\/\/tiketi.com\/fr-fr\/wp-json\/wp\/v2\/comments?post=11000"}],"version-history":[{"count":0,"href":"https:\/\/tiketi.com\/fr-fr\/wp-json\/wp\/v2\/pages\/11000\/revisions"}],"wp:featuredmedia":[{"embeddable":true,"href":"https:\/\/tiketi.com\/fr-fr\/wp-json\/wp\/v2\/media\/13999"}],"wp:attachment":[{"href":"https:\/\/tiketi.com\/fr-fr\/wp-json\/wp\/v2\/media?parent=11000"}],"curies":[{"name":"wp","href":"https:\/\/api.w.org\/{rel}","templated":true}]}}