{"id":11001,"date":"2022-01-19T12:54:05","date_gmt":"2022-01-19T11:54:05","guid":{"rendered":"https:\/\/new.tiketi.com\/autopax-bus-online-booking-bus-tickets-reservation\/"},"modified":"2025-09-15T12:01:32","modified_gmt":"2025-09-15T10:01:32","slug":"autopax-buses","status":"publish","type":"page","link":"https:\/\/tiketi.com\/fr-fr\/autopax-buses\/","title":{"rendered":"R\u00e9servation en ligne de bus Autopax, billets de bus, itin\u00e9raires et tarifs"},"content":{"rendered":"<h2>Conseils de r\u00e9servation de billets en ligne Autopax Bus<\/h2>\n<h3>Discover your travel route on web, mobile or app and book cheap Autopax Bus tickets online now&gt;&gt;<\/h3>\n<p>La r\u00e9servation en ligne de bus Autopax simplifi\u00e9e. Les services passagers d&#039;Autopax, \u00e9galement appel\u00e9s SOC Ltd, ont \u00e9t\u00e9 d\u00e9velopp\u00e9s \u00e0 partir des services passagers offerts par les anciens services de transport routier sud-africains, sous les noms de Translux et Transstate. Au cours de la p\u00e9riode 1990, ces 2 activit\u00e9s ont \u00e9t\u00e9 regroup\u00e9es dans la division des services aux passagers d&#039;Autonet. Tout comme la r\u00e9servation de billets de bus en ligne Autopax Bus d\u00e8s maintenant !<\/p>\n<h2>FAQ sur la r\u00e9servation en ligne Autopax Bus<\/h2>\n<h3>Quelles sont les lignes de bus Autopax ?<\/h3>\n<h3>Compagnies d&#039;autobus Autopax Afrique du Sud<\/h3>\n<p>Translux est une ligne interurbaine r\u00e9guli\u00e8re de luxe \u00e0 longue distance, desservant plus de cent endroits dans toute l&#039;Afrique australe.<\/p>\n<p>City to City est une compagnie de bus offrant des services r\u00e9gionaux sans fioritures vers de nombreuses destinations \u00e0 travers le Mozambique et l&#039;Afrique du Sud.<\/p>\n<h3>Billets Autopax Afrique du Sud<\/h3>\n<p>Le passager qui monte dans l&#039;autocar Translux doit pr\u00e9senter un titre de transport valide. Les informations vol\u00e9es ou perdues peuvent \u00eatre modifi\u00e9es \u00e0 la seule discr\u00e9tion de Translux. Il est de la seule responsabilit\u00e9 du passager de s&#039;assurer que les bonnes informations figurent sur le billet.<\/p>\n<p>Une pi\u00e8ce d&#039;identit\u00e9 peut \u00eatre demand\u00e9e lors de l&#039;embarquement dans un autocar Translux.<\/p>\n<h3>Bagages sud-africains Autopax<\/h3>\n<p>Chaque passager payant est autoris\u00e9 \u00e0 emporter au maximum 1 bagage personnel ne d\u00e9passant pas un volume total de 80 cm x 60 cm x 60 cm ou une masse totale ne d\u00e9passant pas 30 kg pour tous les services locaux ou 50 kg pour tous les services transfrontaliers. Translux se r\u00e9serve le droit de refuser le transport de tout bagage ou objet non conforme \u00e0 ces situations.<\/p>\n<h3>Quelles sont les coordonn\u00e9es des bus Autopax ?<\/h3>\n<p>Services passagers Auto Pax<br \/>\nAdresse : 113 First St, Salvokop, Gauteng, 0002,<br \/>\nVille de Pr\u00e9toria<\/p>\n<h2>Conseils de r\u00e9servation de billets en ligne Autopax Bus<\/h2>\n<p>Actuellement, Autopax est une filiale \u00e0 100% de l&#039;agence ferroviaire voyageurs d&#039;Afrique du Sud. Autopax exploite 2 services de bus, la marque de luxe qui sont Translux et la marque semi-luxe de ville \u00e0 ville.<\/p>\n<p>Autopax exploite \u00e9galement une solution de location de bus sur mesure appel\u00e9e chartes Autopax. En tant que filiale de PRASA, autopax a la m\u00eame vision, les m\u00eames valeurs et la m\u00eame mission.<\/p>\n<p><strong>Vision:<\/strong> \u00catre le leader des solutions de transport routier de voyageurs.<\/p>\n<p><strong>Mission:<\/strong> \u00catre privil\u00e9gi\u00e9 pour le transport routier de voyageurs gr\u00e2ce \u00e0 un service standard abordable.<\/p>","protected":false},"excerpt":{"rendered":"<p>Autopax Bus Online Ticket Booking Tips Discover your travel route on web, mobile or app and book cheap Autopax Bus tickets online now&gt;&gt; Autopax bus online booking made easy.\u00a0Autopax passenger services also called as SOC Ltd has been developed from the passenger services offered by the former South African Road transport services, under the names [&hellip;]<\/p>\n","protected":false},"author":1,"featured_media":13999,"parent":0,"menu_order":0,"comment_status":"open","ping_status":"closed","template":"template-home-modern.php","meta":{"footnotes":""},"class_list":["post-11001","page","type-page","status-publish","has-post-thumbnail","hentry"],"yoast_head":"<!-- This site is optimized with the Yoast SEO plugin v27.2 - https:\/\/yoast.com\/product\/yoast-seo-wordpress\/ -->\n<title>Autopax Bus Online Booking, Bus Tickets, Routes &amp; Fares<\/title>\n<meta name=\"description\" content=\"Looking for Autopax Bus online booking? Make a Autopax Bus online ticket booking online now and save time and money!\" \/>\n<meta name=\"robots\" content=\"index, follow, max-snippet:-1, max-image-preview:large, max-video-preview:-1\" \/>\n<link rel=\"canonical\" href=\"https:\/\/tiketi.com\/fr-fr\/autopax-buses\/\" \/>\n<meta property=\"og:locale\" content=\"fr_FR\" \/>\n<meta property=\"og:type\" content=\"article\" \/>\n<meta property=\"og:title\" content=\"Autopax Bus Online Booking, Bus Tickets, Routes &amp; Fares\" \/>\n<meta property=\"og:description\" content=\"Looking for Autopax Bus online booking? Make a Autopax Bus online ticket booking online now and save time and money!\" \/>\n<meta property=\"og:url\" content=\"https:\/\/tiketi.com\/fr-fr\/autopax-buses\/\" \/>\n<meta property=\"og:site_name\" content=\"Tiketi.com\" \/>\n<meta property=\"article:publisher\" content=\"https:\/\/www.facebook.com\/TiketiCom\/\" \/>\n<meta property=\"article:modified_time\" content=\"2025-09-15T10:01:32+00:00\" \/>\n<meta property=\"og:image\" content=\"https:\/\/tiketi.com\/wp-content\/uploads\/2022\/01\/bus-ticket-online-booking.jpg\" \/>\n\t<meta property=\"og:image:width\" content=\"1200\" \/>\n\t<meta property=\"og:image:height\" content=\"206\" \/>\n\t<meta property=\"og:image:type\" content=\"image\/jpeg\" \/>\n<meta name=\"twitter:card\" content=\"summary_large_image\" \/>\n<meta name=\"twitter:label1\" content=\"Dur\u00e9e de lecture estim\u00e9e\" \/>\n\t<meta name=\"twitter:data1\" content=\"2 minutes\" \/>\n<script type=\"application\/ld+json\" class=\"yoast-schema-graph\">{\"@context\":\"https:\/\/schema.org\",\"@graph\":[{\"@type\":\"WebPage\",\"@id\":\"https:\/\/tiketi.com\/autopax-buses\/\",\"url\":\"https:\/\/tiketi.com\/autopax-buses\/\",\"name\":\"Autopax Bus Online Booking, Bus Tickets, Routes & Fares\",\"isPartOf\":{\"@id\":\"https:\/\/tiketi.com\/#website\"},\"primaryImageOfPage\":{\"@id\":\"https:\/\/tiketi.com\/autopax-buses\/#primaryimage\"},\"image\":{\"@id\":\"https:\/\/tiketi.com\/autopax-buses\/#primaryimage\"},\"thumbnailUrl\":\"https:\/\/tiketi.com\/wp-content\/uploads\/2022\/01\/bus-ticket-online-booking.jpg\",\"datePublished\":\"2022-01-19T11:54:05+00:00\",\"dateModified\":\"2025-09-15T10:01:32+00:00\",\"description\":\"Looking for Autopax Bus online booking? Make a Autopax Bus online ticket booking online now and save time and money!\",\"breadcrumb\":{\"@id\":\"https:\/\/tiketi.com\/autopax-buses\/#breadcrumb\"},\"inLanguage\":\"fr-FR\",\"potentialAction\":[{\"@type\":\"ReadAction\",\"target\":[\"https:\/\/tiketi.com\/autopax-buses\/\"]}]},{\"@type\":\"ImageObject\",\"inLanguage\":\"fr-FR\",\"@id\":\"https:\/\/tiketi.com\/autopax-buses\/#primaryimage\",\"url\":\"https:\/\/tiketi.com\/wp-content\/uploads\/2022\/01\/bus-ticket-online-booking.jpg\",\"contentUrl\":\"https:\/\/tiketi.com\/wp-content\/uploads\/2022\/01\/bus-ticket-online-booking.jpg\",\"width\":1200,\"height\":206,\"caption\":\"Online Bus Ticket Booking\"},{\"@type\":\"BreadcrumbList\",\"@id\":\"https:\/\/tiketi.com\/autopax-buses\/#breadcrumb\",\"itemListElement\":[{\"@type\":\"ListItem\",\"position\":1,\"name\":\"Home\",\"item\":\"https:\/\/tiketi.com\/\"},{\"@type\":\"ListItem\",\"position\":2,\"name\":\"Autopax Bus Online Booking, Bus Tickets, Routes &#038; Fares\"}]},{\"@type\":\"WebSite\",\"@id\":\"https:\/\/tiketi.com\/#website\",\"url\":\"https:\/\/tiketi.com\/\",\"name\":\"Flight & Bus Tickets, Tour Packages & Activitites - Tiketi.com\",\"description\":\"Flight &amp; Bus Tickets, Tours, Activitites\",\"publisher\":{\"@id\":\"https:\/\/tiketi.com\/#organization\"},\"potentialAction\":[{\"@type\":\"SearchAction\",\"target\":{\"@type\":\"EntryPoint\",\"urlTemplate\":\"https:\/\/tiketi.com\/?s={search_term_string}\"},\"query-input\":{\"@type\":\"PropertyValueSpecification\",\"valueRequired\":true,\"valueName\":\"search_term_string\"}}],\"inLanguage\":\"fr-FR\"},{\"@type\":\"Organization\",\"@id\":\"https:\/\/tiketi.com\/#organization\",\"name\":\"Tiketi.com\",\"alternateName\":\"Tiketi\",\"url\":\"https:\/\/tiketi.com\/\",\"logo\":{\"@type\":\"ImageObject\",\"inLanguage\":\"fr-FR\",\"@id\":\"https:\/\/tiketi.com\/#\/schema\/logo\/image\/\",\"url\":\"https:\/\/tiketi.com\/wp-content\/uploads\/2019\/05\/tiketi-logo-696.png\",\"contentUrl\":\"https:\/\/tiketi.com\/wp-content\/uploads\/2019\/05\/tiketi-logo-696.png\",\"width\":696,\"height\":696,\"caption\":\"Tiketi.com\"},\"image\":{\"@id\":\"https:\/\/tiketi.com\/#\/schema\/logo\/image\/\"},\"sameAs\":[\"https:\/\/www.facebook.com\/TiketiCom\/\"]}]}<\/script>\n<!-- \/ Yoast SEO plugin. -->","yoast_head_json":{"title":"R\u00e9servation en ligne de bus Autopax, billets de bus, itin\u00e9raires et tarifs","description":"Vous recherchez une r\u00e9servation en ligne Autopax Bus ? Effectuez une r\u00e9servation en ligne de billets Autopax Bus en ligne d\u00e8s maintenant et \u00e9conomisez du temps et de l&#039;argent !","robots":{"index":"index","follow":"follow","max-snippet":"max-snippet:-1","max-image-preview":"max-image-preview:large","max-video-preview":"max-video-preview:-1"},"canonical":"https:\/\/tiketi.com\/fr-fr\/autopax-buses\/","og_locale":"fr_FR","og_type":"article","og_title":"Autopax Bus Online Booking, Bus Tickets, Routes & Fares","og_description":"Looking for Autopax Bus online booking? Make a Autopax Bus online ticket booking online now and save time and money!","og_url":"https:\/\/tiketi.com\/fr-fr\/autopax-buses\/","og_site_name":"Tiketi.com","article_publisher":"https:\/\/www.facebook.com\/TiketiCom\/","article_modified_time":"2025-09-15T10:01:32+00:00","og_image":[{"width":1200,"height":206,"url":"https:\/\/tiketi.com\/wp-content\/uploads\/2022\/01\/bus-ticket-online-booking.jpg","type":"image\/jpeg"}],"twitter_card":"summary_large_image","twitter_misc":{"Dur\u00e9e de lecture estim\u00e9e":"2 minutes"},"schema":{"@context":"https:\/\/schema.org","@graph":[{"@type":"WebPage","@id":"https:\/\/tiketi.com\/autopax-buses\/","url":"https:\/\/tiketi.com\/autopax-buses\/","name":"R\u00e9servation en ligne de bus Autopax, billets de bus, itin\u00e9raires et tarifs","isPartOf":{"@id":"https:\/\/tiketi.com\/#website"},"primaryImageOfPage":{"@id":"https:\/\/tiketi.com\/autopax-buses\/#primaryimage"},"image":{"@id":"https:\/\/tiketi.com\/autopax-buses\/#primaryimage"},"thumbnailUrl":"https:\/\/tiketi.com\/wp-content\/uploads\/2022\/01\/bus-ticket-online-booking.jpg","datePublished":"2022-01-19T11:54:05+00:00","dateModified":"2025-09-15T10:01:32+00:00","description":"Vous recherchez une r\u00e9servation en ligne Autopax Bus ? Effectuez une r\u00e9servation en ligne de billets Autopax Bus en ligne d\u00e8s maintenant et \u00e9conomisez du temps et de l&#039;argent !","breadcrumb":{"@id":"https:\/\/tiketi.com\/autopax-buses\/#breadcrumb"},"inLanguage":"fr-FR","potentialAction":[{"@type":"ReadAction","target":["https:\/\/tiketi.com\/autopax-buses\/"]}]},{"@type":"ImageObject","inLanguage":"fr-FR","@id":"https:\/\/tiketi.com\/autopax-buses\/#primaryimage","url":"https:\/\/tiketi.com\/wp-content\/uploads\/2022\/01\/bus-ticket-online-booking.jpg","contentUrl":"https:\/\/tiketi.com\/wp-content\/uploads\/2022\/01\/bus-ticket-online-booking.jpg","width":1200,"height":206,"caption":"Online Bus Ticket Booking"},{"@type":"BreadcrumbList","@id":"https:\/\/tiketi.com\/autopax-buses\/#breadcrumb","itemListElement":[{"@type":"ListItem","position":1,"name":"Home","item":"https:\/\/tiketi.com\/"},{"@type":"ListItem","position":2,"name":"Autopax Bus Online Booking, Bus Tickets, Routes &#038; Fares"}]},{"@type":"WebSite","@id":"https:\/\/tiketi.com\/#website","url":"https:\/\/tiketi.com\/","name":"Billets d&#039;avion et de bus, forfaits touristiques et activit\u00e9s - Tiketi.com","description":"Billets d&#039;avion et de bus, Tours, Activit\u00e9s","publisher":{"@id":"https:\/\/tiketi.com\/#organization"},"potentialAction":[{"@type":"SearchAction","target":{"@type":"EntryPoint","urlTemplate":"https:\/\/tiketi.com\/?s={search_term_string}"},"query-input":{"@type":"PropertyValueSpecification","valueRequired":true,"valueName":"search_term_string"}}],"inLanguage":"fr-FR"},{"@type":"Organization","@id":"https:\/\/tiketi.com\/#organization","name":"Tiketi.com","alternateName":"Tiketi","url":"https:\/\/tiketi.com\/","logo":{"@type":"ImageObject","inLanguage":"fr-FR","@id":"https:\/\/tiketi.com\/#\/schema\/logo\/image\/","url":"https:\/\/tiketi.com\/wp-content\/uploads\/2019\/05\/tiketi-logo-696.png","contentUrl":"https:\/\/tiketi.com\/wp-content\/uploads\/2019\/05\/tiketi-logo-696.png","width":696,"height":696,"caption":"Tiketi.com"},"image":{"@id":"https:\/\/tiketi.com\/#\/schema\/logo\/image\/"},"sameAs":["https:\/\/www.facebook.com\/TiketiCom\/"]}]}},"_links":{"self":[{"href":"https:\/\/tiketi.com\/fr-fr\/wp-json\/wp\/v2\/pages\/11001","targetHints":{"allow":["GET"]}}],"collection":[{"href":"https:\/\/tiketi.com\/fr-fr\/wp-json\/wp\/v2\/pages"}],"about":[{"href":"https:\/\/tiketi.com\/fr-fr\/wp-json\/wp\/v2\/types\/page"}],"author":[{"embeddable":true,"href":"https:\/\/tiketi.com\/fr-fr\/wp-json\/wp\/v2\/users\/1"}],"replies":[{"embeddable":true,"href":"https:\/\/tiketi.com\/fr-fr\/wp-json\/wp\/v2\/comments?post=11001"}],"version-history":[{"count":1,"href":"https:\/\/tiketi.com\/fr-fr\/wp-json\/wp\/v2\/pages\/11001\/revisions"}],"predecessor-version":[{"id":33419,"href":"https:\/\/tiketi.com\/fr-fr\/wp-json\/wp\/v2\/pages\/11001\/revisions\/33419"}],"wp:featuredmedia":[{"embeddable":true,"href":"https:\/\/tiketi.com\/fr-fr\/wp-json\/wp\/v2\/media\/13999"}],"wp:attachment":[{"href":"https:\/\/tiketi.com\/fr-fr\/wp-json\/wp\/v2\/media?parent=11001"}],"curies":[{"name":"wp","href":"https:\/\/api.w.org\/{rel}","templated":true}]}}