{"id":11003,"date":"2022-01-19T12:54:05","date_gmt":"2022-01-19T11:54:05","guid":{"rendered":"https:\/\/new.tiketi.com\/atlantic-charter-tours-online-booking-bus-tickets-reservation\/"},"modified":"2022-01-24T23:21:13","modified_gmt":"2022-01-24T22:21:13","slug":"atlantic-charter-tours-buses","status":"publish","type":"page","link":"https:\/\/tiketi.com\/fr-fr\/atlantic-charter-tours-buses\/","title":{"rendered":"Atlantic Charter &amp; Tours R\u00e9servation en ligne, billets de bus, itin\u00e9raires et tarifs"},"content":{"rendered":"<h2>Atlantic Charter &amp; Tours R\u00e9servation de billets de bus en ligne<\/h2>\n<h3>D\u00e9couvrez votre itin\u00e9raire de voyage sur le web, le mobile ou l&#039;application et r\u00e9servez en ligne d\u00e8s maintenant des billets de bus Atlantic Charter &amp; Tours pas chers &gt;&gt;<\/h3>\n<p>La r\u00e9servation en ligne d&#039;Atlantic Charter &amp; Tours est simplifi\u00e9e. Atlantic Charter &amp; tours est une soci\u00e9t\u00e9 de transport sud-africaine sp\u00e9cialis\u00e9e dans le transport par autocar de qualit\u00e9 sup\u00e9rieure dans le pays. Ils sont bas\u00e9s au Cap et offrent un service complet dans tout le pays. La polyvalence et la taille de leur flotte leur permettent d&#039;offrir un service de premi\u00e8re classe adapt\u00e9 \u00e0 vos besoins sp\u00e9cifiques, quel que soit le lieu ou l&#039;occasion et \u00e0 un tarif extr\u00eamement comp\u00e9titif. Il en va de m\u00eame pour la r\u00e9servation de billets de bus en ligne Atlantic Charter &amp; Tours d\u00e8s maintenant !<\/p>\n<h2>Atlantic Charter &amp; Tours FAQ sur la r\u00e9servation en ligne<\/h2>\n<h3>Quelles sont les lignes de bus Atlantic Charter &amp; Tours ?<\/h3>\n<h3>Circuits et flotte de charters dans l&#039;Atlantique<\/h3>\n<p>Ils ont une combinaison de diff\u00e9rents types de flotte allant d&#039;une petite camionnette \u00e0 un bus de luxe moderne complet. Vous trouverez ci-dessous les d\u00e9tails complets de leurs groupes et de leur flotte de personnes pouvant les utiliser\u00a0:<\/p>\n<p>\u2022 Autocar 40+ semi-luxe<br \/>\n\u2022 Autobus Sprinters 14-20\u00a0si\u00e8ges<br \/>\n\u2022 Berline de luxe BMW X5 et 528<\/p>\n<h3>Zones d&#039;affr\u00e8tement et de visites guid\u00e9es de l&#039;Atlantique<\/h3>\n<p>\u2022   Cape de Western<br \/>\n\u2022 Somerset ouest<br \/>\n\u2022   Le Cap<br \/>\n\u2022 Banlieue Nord<br \/>\n\u2022 Banlieue sud<\/p>\n<h3>Atlantic Charter &amp; Tours Services de transport<\/h3>\n<p>Avec une soixantaine d&#039;autocars de luxe, minibus et midi, ils sont capables d&#039;affr\u00e9ter des groupes de toute taille. Leurs v\u00e9hicules sont conformes \u00e0 toutes les r\u00e8gles de s\u00e9curit\u00e9 et nous sommes convaincus qu&#039;ils ont la plus grande assurance responsabilit\u00e9 civile pour les passagers. Il est tr\u00e8s important d&#039;agir car ils sont engag\u00e9s par plusieurs organisations, entreprises et minist\u00e8res pour transporter le personnel au travail au quotidien.<\/p>\n<h3>Quelles sont les coordonn\u00e9es des bus Atlantic Charter &amp; Tours ?<\/h3>\n<p>Adresse physique : Unit E1, Luxmi Way, Athlone Industria 2,<br \/>\nLe Cap, Cap occidental, 7764<\/p>\n<p>Adresse postale : PO Box 489, Gatesville,<br \/>\nLe Cap, Cap occidental, 7766<\/p>\n<h2>Atlantic Charter &amp; Tours Conseils de r\u00e9servation de billets d&#039;autobus en ligne<\/h2>\n<p>Armien, le fondateur de l&#039;entreprise, a \u00e9t\u00e9 expos\u00e9 \u00e0 l&#039;industrie du transport par autobus \u00e0 l&#039;\u00e2ge de sept ans apr\u00e8s avoir accompagn\u00e9 son p\u00e8re lors de tourn\u00e9es en Afrique du Sud. \u00c0 l&#039;\u00e2ge de quatorze ans, il \u00e9tait d\u00e9j\u00e0 un chauffeur de bus comp\u00e9tent et sa passion a aliment\u00e9 sa vision personnelle pour d\u00e9marrer sa propre entreprise. En 1994, le service Atlantic Shuttle a \u00e9t\u00e9 cr\u00e9\u00e9 sous forme de circuits et de charters.<\/p>","protected":false},"excerpt":{"rendered":"<p>Atlantic Charter &amp; Tours Online Bus Ticket Booking Discover your travel route on web, mobile or app and book cheap Atlantic Charter &amp; Tours bus tickets online now &gt;&gt; Atlantic Charter &amp; Tours\u00a0online booking made easy.\u00a0Atlantic Charter &amp; tours is a South African transport firm which specializes in top standard coach transport within the country. [&hellip;]<\/p>\n","protected":false},"author":1,"featured_media":13999,"parent":0,"menu_order":0,"comment_status":"open","ping_status":"closed","template":"template-home-modern.php","meta":{"footnotes":""},"class_list":["post-11003","page","type-page","status-publish","has-post-thumbnail","hentry"],"yoast_head":"<!-- This site is optimized with the Yoast SEO plugin v27.3 - https:\/\/yoast.com\/product\/yoast-seo-wordpress\/ -->\n<title>Atlantic Charter &amp; Tours Online Booking, Bus Tickets, Routes &amp; Fares<\/title>\n<meta name=\"description\" content=\"Looking for Atlantic Charter &amp; Tours online booking? Book Atlantic Charter &amp; Tours bus tickets online now and save time and money!\" \/>\n<meta name=\"robots\" content=\"index, follow, max-snippet:-1, max-image-preview:large, max-video-preview:-1\" \/>\n<link rel=\"canonical\" href=\"https:\/\/tiketi.com\/fr-fr\/atlantic-charter-tours-buses\/\" \/>\n<meta property=\"og:locale\" content=\"fr_FR\" \/>\n<meta property=\"og:type\" content=\"article\" \/>\n<meta property=\"og:title\" content=\"Atlantic Charter &amp; Tours Online Booking, Bus Tickets, Routes &amp; Fares\" \/>\n<meta property=\"og:description\" content=\"Looking for Atlantic Charter &amp; Tours online booking? Book Atlantic Charter &amp; Tours bus tickets online now and save time and money!\" \/>\n<meta property=\"og:url\" content=\"https:\/\/tiketi.com\/fr-fr\/atlantic-charter-tours-buses\/\" \/>\n<meta property=\"og:site_name\" content=\"Tiketi.com\" \/>\n<meta property=\"article:publisher\" content=\"https:\/\/www.facebook.com\/TiketiCom\/\" \/>\n<meta property=\"article:modified_time\" content=\"2022-01-24T22:21:13+00:00\" \/>\n<meta property=\"og:image\" content=\"https:\/\/tiketi.com\/wp-content\/uploads\/2022\/01\/bus-ticket-online-booking.jpg\" \/>\n\t<meta property=\"og:image:width\" content=\"1200\" \/>\n\t<meta property=\"og:image:height\" content=\"206\" \/>\n\t<meta property=\"og:image:type\" content=\"image\/jpeg\" \/>\n<meta name=\"twitter:card\" content=\"summary_large_image\" \/>\n<meta name=\"twitter:label1\" content=\"Dur\u00e9e de lecture estim\u00e9e\" \/>\n\t<meta name=\"twitter:data1\" content=\"2 minutes\" \/>\n<script type=\"application\/ld+json\" class=\"yoast-schema-graph\">{\"@context\":\"https:\\\/\\\/schema.org\",\"@graph\":[{\"@type\":\"WebPage\",\"@id\":\"https:\\\/\\\/tiketi.com\\\/fr-fr\\\/atlantic-charter-tours-buses\\\/\",\"url\":\"https:\\\/\\\/tiketi.com\\\/fr-fr\\\/atlantic-charter-tours-buses\\\/\",\"name\":\"Atlantic Charter & Tours Online Booking, Bus Tickets, Routes & Fares\",\"isPartOf\":{\"@id\":\"https:\\\/\\\/tiketi.com\\\/#website\"},\"primaryImageOfPage\":{\"@id\":\"https:\\\/\\\/tiketi.com\\\/fr-fr\\\/atlantic-charter-tours-buses\\\/#primaryimage\"},\"image\":{\"@id\":\"https:\\\/\\\/tiketi.com\\\/fr-fr\\\/atlantic-charter-tours-buses\\\/#primaryimage\"},\"thumbnailUrl\":\"https:\\\/\\\/tiketi.com\\\/wp-content\\\/uploads\\\/2022\\\/01\\\/bus-ticket-online-booking.jpg\",\"datePublished\":\"2022-01-19T11:54:05+00:00\",\"dateModified\":\"2022-01-24T22:21:13+00:00\",\"description\":\"Looking for Atlantic Charter & Tours online booking? Book Atlantic Charter & Tours bus tickets online now and save time and money!\",\"breadcrumb\":{\"@id\":\"https:\\\/\\\/tiketi.com\\\/fr-fr\\\/atlantic-charter-tours-buses\\\/#breadcrumb\"},\"inLanguage\":\"fr-FR\",\"potentialAction\":[{\"@type\":\"ReadAction\",\"target\":[\"https:\\\/\\\/tiketi.com\\\/fr-fr\\\/atlantic-charter-tours-buses\\\/\"]}]},{\"@type\":\"ImageObject\",\"inLanguage\":\"fr-FR\",\"@id\":\"https:\\\/\\\/tiketi.com\\\/fr-fr\\\/atlantic-charter-tours-buses\\\/#primaryimage\",\"url\":\"https:\\\/\\\/tiketi.com\\\/wp-content\\\/uploads\\\/2022\\\/01\\\/bus-ticket-online-booking.jpg\",\"contentUrl\":\"https:\\\/\\\/tiketi.com\\\/wp-content\\\/uploads\\\/2022\\\/01\\\/bus-ticket-online-booking.jpg\",\"width\":1200,\"height\":206,\"caption\":\"Online Bus Ticket Booking\"},{\"@type\":\"BreadcrumbList\",\"@id\":\"https:\\\/\\\/tiketi.com\\\/fr-fr\\\/atlantic-charter-tours-buses\\\/#breadcrumb\",\"itemListElement\":[{\"@type\":\"ListItem\",\"position\":1,\"name\":\"Home\",\"item\":\"https:\\\/\\\/tiketi.com\\\/\"},{\"@type\":\"ListItem\",\"position\":2,\"name\":\"Atlantic Charter &#038; Tours Online Booking, Bus Tickets, Routes &#038; Fares\"}]},{\"@type\":\"WebSite\",\"@id\":\"https:\\\/\\\/tiketi.com\\\/#website\",\"url\":\"https:\\\/\\\/tiketi.com\\\/\",\"name\":\"Flight & Bus Tickets, Tour Packages & Activitites - Tiketi.com\",\"description\":\"Flight &amp; Bus Tickets, Tours, Activitites\",\"publisher\":{\"@id\":\"https:\\\/\\\/tiketi.com\\\/#organization\"},\"potentialAction\":[{\"@type\":\"SearchAction\",\"target\":{\"@type\":\"EntryPoint\",\"urlTemplate\":\"https:\\\/\\\/tiketi.com\\\/?s={search_term_string}\"},\"query-input\":{\"@type\":\"PropertyValueSpecification\",\"valueRequired\":true,\"valueName\":\"search_term_string\"}}],\"inLanguage\":\"fr-FR\"},{\"@type\":\"Organization\",\"@id\":\"https:\\\/\\\/tiketi.com\\\/#organization\",\"name\":\"Tiketi.com\",\"alternateName\":\"Tiketi\",\"url\":\"https:\\\/\\\/tiketi.com\\\/\",\"logo\":{\"@type\":\"ImageObject\",\"inLanguage\":\"fr-FR\",\"@id\":\"https:\\\/\\\/tiketi.com\\\/#\\\/schema\\\/logo\\\/image\\\/\",\"url\":\"https:\\\/\\\/tiketi.com\\\/wp-content\\\/uploads\\\/2019\\\/05\\\/tiketi-logo-696.png\",\"contentUrl\":\"https:\\\/\\\/tiketi.com\\\/wp-content\\\/uploads\\\/2019\\\/05\\\/tiketi-logo-696.png\",\"width\":696,\"height\":696,\"caption\":\"Tiketi.com\"},\"image\":{\"@id\":\"https:\\\/\\\/tiketi.com\\\/#\\\/schema\\\/logo\\\/image\\\/\"},\"sameAs\":[\"https:\\\/\\\/www.facebook.com\\\/TiketiCom\\\/\"]}]}<\/script>\n<!-- \/ Yoast SEO plugin. -->","yoast_head_json":{"title":"Atlantic Charter &amp; Tours R\u00e9servation en ligne, billets de bus, itin\u00e9raires et tarifs","description":"Vous recherchez une r\u00e9servation en ligne Atlantic Charter &amp; Tours? R\u00e9servez vos billets de bus Atlantic Charter &amp; Tours en ligne d\u00e8s maintenant et \u00e9conomisez du temps et de l&#039;argent !","robots":{"index":"index","follow":"follow","max-snippet":"max-snippet:-1","max-image-preview":"max-image-preview:large","max-video-preview":"max-video-preview:-1"},"canonical":"https:\/\/tiketi.com\/fr-fr\/atlantic-charter-tours-buses\/","og_locale":"fr_FR","og_type":"article","og_title":"Atlantic Charter & Tours Online Booking, Bus Tickets, Routes & Fares","og_description":"Looking for Atlantic Charter & Tours online booking? Book Atlantic Charter & Tours bus tickets online now and save time and money!","og_url":"https:\/\/tiketi.com\/fr-fr\/atlantic-charter-tours-buses\/","og_site_name":"Tiketi.com","article_publisher":"https:\/\/www.facebook.com\/TiketiCom\/","article_modified_time":"2022-01-24T22:21:13+00:00","og_image":[{"width":1200,"height":206,"url":"https:\/\/tiketi.com\/wp-content\/uploads\/2022\/01\/bus-ticket-online-booking.jpg","type":"image\/jpeg"}],"twitter_card":"summary_large_image","twitter_misc":{"Dur\u00e9e de lecture estim\u00e9e":"2 minutes"},"schema":{"@context":"https:\/\/schema.org","@graph":[{"@type":"WebPage","@id":"https:\/\/tiketi.com\/fr-fr\/atlantic-charter-tours-buses\/","url":"https:\/\/tiketi.com\/fr-fr\/atlantic-charter-tours-buses\/","name":"Atlantic Charter &amp; Tours R\u00e9servation en ligne, billets de bus, itin\u00e9raires et tarifs","isPartOf":{"@id":"https:\/\/tiketi.com\/#website"},"primaryImageOfPage":{"@id":"https:\/\/tiketi.com\/fr-fr\/atlantic-charter-tours-buses\/#primaryimage"},"image":{"@id":"https:\/\/tiketi.com\/fr-fr\/atlantic-charter-tours-buses\/#primaryimage"},"thumbnailUrl":"https:\/\/tiketi.com\/wp-content\/uploads\/2022\/01\/bus-ticket-online-booking.jpg","datePublished":"2022-01-19T11:54:05+00:00","dateModified":"2022-01-24T22:21:13+00:00","description":"Vous recherchez une r\u00e9servation en ligne Atlantic Charter &amp; Tours? R\u00e9servez vos billets de bus Atlantic Charter &amp; Tours en ligne d\u00e8s maintenant et \u00e9conomisez du temps et de l&#039;argent !","breadcrumb":{"@id":"https:\/\/tiketi.com\/fr-fr\/atlantic-charter-tours-buses\/#breadcrumb"},"inLanguage":"fr-FR","potentialAction":[{"@type":"ReadAction","target":["https:\/\/tiketi.com\/fr-fr\/atlantic-charter-tours-buses\/"]}]},{"@type":"ImageObject","inLanguage":"fr-FR","@id":"https:\/\/tiketi.com\/fr-fr\/atlantic-charter-tours-buses\/#primaryimage","url":"https:\/\/tiketi.com\/wp-content\/uploads\/2022\/01\/bus-ticket-online-booking.jpg","contentUrl":"https:\/\/tiketi.com\/wp-content\/uploads\/2022\/01\/bus-ticket-online-booking.jpg","width":1200,"height":206,"caption":"Online Bus Ticket Booking"},{"@type":"BreadcrumbList","@id":"https:\/\/tiketi.com\/fr-fr\/atlantic-charter-tours-buses\/#breadcrumb","itemListElement":[{"@type":"ListItem","position":1,"name":"Home","item":"https:\/\/tiketi.com\/"},{"@type":"ListItem","position":2,"name":"Atlantic Charter &#038; Tours Online Booking, Bus Tickets, Routes &#038; Fares"}]},{"@type":"WebSite","@id":"https:\/\/tiketi.com\/#website","url":"https:\/\/tiketi.com\/","name":"Billets d&#039;avion et de bus, forfaits touristiques et activit\u00e9s - Tiketi.com","description":"Billets d&#039;avion et de bus, Tours, Activit\u00e9s","publisher":{"@id":"https:\/\/tiketi.com\/#organization"},"potentialAction":[{"@type":"SearchAction","target":{"@type":"EntryPoint","urlTemplate":"https:\/\/tiketi.com\/?s={search_term_string}"},"query-input":{"@type":"PropertyValueSpecification","valueRequired":true,"valueName":"search_term_string"}}],"inLanguage":"fr-FR"},{"@type":"Organization","@id":"https:\/\/tiketi.com\/#organization","name":"Tiketi.com","alternateName":"Tiketi","url":"https:\/\/tiketi.com\/","logo":{"@type":"ImageObject","inLanguage":"fr-FR","@id":"https:\/\/tiketi.com\/#\/schema\/logo\/image\/","url":"https:\/\/tiketi.com\/wp-content\/uploads\/2019\/05\/tiketi-logo-696.png","contentUrl":"https:\/\/tiketi.com\/wp-content\/uploads\/2019\/05\/tiketi-logo-696.png","width":696,"height":696,"caption":"Tiketi.com"},"image":{"@id":"https:\/\/tiketi.com\/#\/schema\/logo\/image\/"},"sameAs":["https:\/\/www.facebook.com\/TiketiCom\/"]}]}},"_links":{"self":[{"href":"https:\/\/tiketi.com\/fr-fr\/wp-json\/wp\/v2\/pages\/11003","targetHints":{"allow":["GET"]}}],"collection":[{"href":"https:\/\/tiketi.com\/fr-fr\/wp-json\/wp\/v2\/pages"}],"about":[{"href":"https:\/\/tiketi.com\/fr-fr\/wp-json\/wp\/v2\/types\/page"}],"author":[{"embeddable":true,"href":"https:\/\/tiketi.com\/fr-fr\/wp-json\/wp\/v2\/users\/1"}],"replies":[{"embeddable":true,"href":"https:\/\/tiketi.com\/fr-fr\/wp-json\/wp\/v2\/comments?post=11003"}],"version-history":[{"count":0,"href":"https:\/\/tiketi.com\/fr-fr\/wp-json\/wp\/v2\/pages\/11003\/revisions"}],"wp:featuredmedia":[{"embeddable":true,"href":"https:\/\/tiketi.com\/fr-fr\/wp-json\/wp\/v2\/media\/13999"}],"wp:attachment":[{"href":"https:\/\/tiketi.com\/fr-fr\/wp-json\/wp\/v2\/media?parent=11003"}],"curies":[{"name":"wp","href":"https:\/\/api.w.org\/{rel}","templated":true}]}}