{"id":11004,"date":"2022-01-19T12:54:05","date_gmt":"2022-01-19T11:54:05","guid":{"rendered":"https:\/\/new.tiketi.com\/g-agofure-motors-online-booking-bus-tickets-reservation\/"},"modified":"2023-07-25T18:22:15","modified_gmt":"2023-07-25T17:22:15","slug":"agofure-motors","status":"publish","type":"page","link":"https:\/\/tiketi.com\/fr-fr\/companies\/buses\/agofure-motors\/","title":{"rendered":"G. Agofure Motors R\u00e9servation en ligne, billets de bus, tarif, horaires et itin\u00e9raire"},"content":{"rendered":"<h2>G. Agofure Motors R\u00e9servation de billets de bus en ligne<\/h2>\n<h3>D\u00e9couvrez votre itin\u00e9raire de voyage sur le web, le mobile ou l&#039;application et r\u00e9servez d\u00e8s maintenant en ligne des billets de bus G. Agofure Motors pas chers.<\/h3>\n<p>G. Agofure Motors r\u00e9servation en ligne simplifi\u00e9e. Les moteurs Agofure Motors, parfois appel\u00e9s GAM, sont une entreprise nig\u00e9riane de transport automobile inter\u00e9tatique et interurbain. Les moteurs Agofure sont l&#039;une des meilleures entreprises de transport au Nigeria, qui se targue d&#039;\u00eatre une entreprise de transport automobile de norme internationale. Il en va de m\u00eame pour la r\u00e9servation de billets de bus en ligne G. Agofure Motors d\u00e8s maintenant !<\/p>\n<h2>G. FAQ sur la r\u00e9servation en ligne, les tarifs, les horaires et les itin\u00e9raires d&#039;Agofure Motors<\/h2>\n<h3>Quels sont les trajets et tarifs des moteurs G. Agofure ?<\/h3>\n<p><strong>De Port-Harcourt VERS\u00a0\u00a0<\/strong><\/p>\n<p>Onitsha 1\u00a0310<br \/>\nEnugu 1 560<br \/>\nCalabar 2 000<br \/>\nOwerri 810<br \/>\nGuerre 1\u00a0560<br \/>\nAwka 1\u00a0460<br \/>\nDe Owerri \u00c0<br \/>\nOnitsha 660<br \/>\nUio 1\u00a0410<\/p>\n<h3>Flotte G. Agofure Motors<\/h3>\n<p>Les moteurs G. Agofure Motors utilisent une large gamme de bus, y compris;<\/p>\n<p>Scania irizar : Ce bus de luxe est \u00e9quip\u00e9 de la climatisation, de prises suppl\u00e9mentaires et de prises de courant. Le bus a une capacit\u00e9 de cinquante-neuf passagers. Il est utilis\u00e9 pour les circuits longue distance.<\/p>\n<p>Scania Marcopolo : Ce bus de luxe est dot\u00e9 de la climatisation, de prises de courant et de prises suppl\u00e9mentaires.<\/p>\n<p>Toyota Hiace : Ce bus est \u00e9quip\u00e9 de la climatisation. Le bus a une capacit\u00e9 de quinze passagers<\/p>\n<p>Coaster Toyota : Ce bus est \u00e9quip\u00e9 de la climatisation. Il a une capacit\u00e9 de quinze passagers.<\/p>\n<h2>G. Agofure Motors autres services<\/h2>\n<h3>Entreposage<\/h3>\n<p>G. Agofure Motors Motors propose \u00e9galement \u00e0 ses clients des services d&#039;entreposage commercial pour le stockage de marchandises. Ce service est souscrit par les grossistes importateurs, fabricants et exportateurs et les propri\u00e9taires d&#039;entreprises de transport similaires.<\/p>\n<h3>Traction<\/h3>\n<p>G. Agofure motors propose \u00e9galement des services de transport \u00e0 de nombreux particuliers et entreprises souhaitant transporter un grand nombre de mat\u00e9riaux et de marchandises au Nigeria.<\/p>\n<h3>Services de messagerie<\/h3>\n<p>L&#039;entreprise propose \u00e9galement des services de messagerie pour les entreprises et les particuliers qui cherchent \u00e0 transporter des articles de diff\u00e9rentes formes et tailles. Les articles sont d\u00e9plac\u00e9s et livr\u00e9s en toute s\u00e9curit\u00e9 dans de nombreuses villes du Nigeria.<\/p>\n<h2>G. Agofure Motors Conseils de r\u00e9servation de billets de bus en ligne<\/h2>\n<p>N\u00e9anmoins, les moteurs Agofure cherchent \u00e0 offrir les meilleurs services \u00e0 leurs clients et \u00e0 s&#039;assurer qu&#039;ils aiment voyager par la route.<\/p>\n<p>Les moteurs d&#039;Agofure Motors cherchent \u00e0 offrir un confort de premi\u00e8re classe aux visiteurs qui utiliseraient autrement les services a\u00e9riens et sont habitu\u00e9s \u00e0 un niveau de confort \u00e9lev\u00e9. Le si\u00e8ge social de cette soci\u00e9t\u00e9 est situ\u00e9 au 154\/158 PTI Road, Effurun, Warri, Delta.<\/p>","protected":false},"excerpt":{"rendered":"<p>G. Agofure Motors Online Bus Ticket Booking Discover your travel route on web, mobile or app and book cheap G. Agofure Motors bus tickets online now. G. Agofure Motors online booking made easy. Agofure Motors motors, sometimes called as GAM is a Nigerian owned inter-state and intercity motor transport firm. The Agofure motors is one [&hellip;]<\/p>\n","protected":false},"author":1,"featured_media":13999,"parent":25524,"menu_order":0,"comment_status":"open","ping_status":"closed","template":"template-home-modern.php","meta":{"footnotes":""},"class_list":["post-11004","page","type-page","status-publish","has-post-thumbnail","hentry"],"yoast_head":"<!-- This site is optimized with the Yoast SEO plugin v27.2 - https:\/\/yoast.com\/product\/yoast-seo-wordpress\/ -->\n<title>G. Agofure Motors Online Booking, Bus Tickets, Fare, Schedule &amp; Route<\/title>\n<meta name=\"description\" content=\"Looking for G. Agofure Motors online booking, app, route, fare and schedule? Make a cheap G. Agofure Motors online bus ticket booking online\" \/>\n<meta name=\"robots\" content=\"index, follow, max-snippet:-1, max-image-preview:large, max-video-preview:-1\" \/>\n<link rel=\"canonical\" href=\"https:\/\/tiketi.com\/fr-fr\/companies\/buses\/agofure-motors\/\" \/>\n<meta property=\"og:locale\" content=\"fr_FR\" \/>\n<meta property=\"og:type\" content=\"article\" \/>\n<meta property=\"og:title\" content=\"G. Agofure Motors Online Booking, Bus Tickets, Fare, Schedule &amp; Route\" \/>\n<meta property=\"og:description\" content=\"Looking for G. Agofure Motors online booking, app, route, fare and schedule? Make a cheap G. Agofure Motors online bus ticket booking online\" \/>\n<meta property=\"og:url\" content=\"https:\/\/tiketi.com\/fr-fr\/companies\/buses\/agofure-motors\/\" \/>\n<meta property=\"og:site_name\" content=\"Tiketi.com\" \/>\n<meta property=\"article:publisher\" content=\"https:\/\/www.facebook.com\/TiketiCom\/\" \/>\n<meta property=\"article:modified_time\" content=\"2023-07-25T17:22:15+00:00\" \/>\n<meta property=\"og:image\" content=\"https:\/\/tiketi.com\/wp-content\/uploads\/2022\/01\/bus-ticket-online-booking.jpg\" \/>\n\t<meta property=\"og:image:width\" content=\"1200\" \/>\n\t<meta property=\"og:image:height\" content=\"206\" \/>\n\t<meta property=\"og:image:type\" content=\"image\/jpeg\" \/>\n<meta name=\"twitter:card\" content=\"summary_large_image\" \/>\n<meta name=\"twitter:label1\" content=\"Dur\u00e9e de lecture estim\u00e9e\" \/>\n\t<meta name=\"twitter:data1\" content=\"2 minutes\" \/>\n<script type=\"application\/ld+json\" class=\"yoast-schema-graph\">{\"@context\":\"https:\/\/schema.org\",\"@graph\":[{\"@type\":\"WebPage\",\"@id\":\"https:\/\/tiketi.com\/companies\/buses\/agofure-motors\/\",\"url\":\"https:\/\/tiketi.com\/companies\/buses\/agofure-motors\/\",\"name\":\"G. Agofure Motors Online Booking, Bus Tickets, Fare, Schedule & Route\",\"isPartOf\":{\"@id\":\"https:\/\/tiketi.com\/#website\"},\"primaryImageOfPage\":{\"@id\":\"https:\/\/tiketi.com\/companies\/buses\/agofure-motors\/#primaryimage\"},\"image\":{\"@id\":\"https:\/\/tiketi.com\/companies\/buses\/agofure-motors\/#primaryimage\"},\"thumbnailUrl\":\"https:\/\/tiketi.com\/wp-content\/uploads\/2022\/01\/bus-ticket-online-booking.jpg\",\"datePublished\":\"2022-01-19T11:54:05+00:00\",\"dateModified\":\"2023-07-25T17:22:15+00:00\",\"description\":\"Looking for G. Agofure Motors online booking, app, route, fare and schedule? Make a cheap G. Agofure Motors online bus ticket booking online\",\"breadcrumb\":{\"@id\":\"https:\/\/tiketi.com\/companies\/buses\/agofure-motors\/#breadcrumb\"},\"inLanguage\":\"fr-FR\",\"potentialAction\":[{\"@type\":\"ReadAction\",\"target\":[\"https:\/\/tiketi.com\/companies\/buses\/agofure-motors\/\"]}]},{\"@type\":\"ImageObject\",\"inLanguage\":\"fr-FR\",\"@id\":\"https:\/\/tiketi.com\/companies\/buses\/agofure-motors\/#primaryimage\",\"url\":\"https:\/\/tiketi.com\/wp-content\/uploads\/2022\/01\/bus-ticket-online-booking.jpg\",\"contentUrl\":\"https:\/\/tiketi.com\/wp-content\/uploads\/2022\/01\/bus-ticket-online-booking.jpg\",\"width\":1200,\"height\":206,\"caption\":\"Online Bus Ticket Booking\"},{\"@type\":\"BreadcrumbList\",\"@id\":\"https:\/\/tiketi.com\/companies\/buses\/agofure-motors\/#breadcrumb\",\"itemListElement\":[{\"@type\":\"ListItem\",\"position\":1,\"name\":\"Home\",\"item\":\"https:\/\/tiketi.com\/\"},{\"@type\":\"ListItem\",\"position\":2,\"name\":\"Companies\",\"item\":\"https:\/\/tiketi.com\/companies\/\"},{\"@type\":\"ListItem\",\"position\":3,\"name\":\"Buses\",\"item\":\"https:\/\/tiketi.com\/companies\/buses\/\"},{\"@type\":\"ListItem\",\"position\":4,\"name\":\"G. Agofure Motors Online Booking, Bus Tickets, Fare, Schedule &#038; Route\"}]},{\"@type\":\"WebSite\",\"@id\":\"https:\/\/tiketi.com\/#website\",\"url\":\"https:\/\/tiketi.com\/\",\"name\":\"Flight & Bus Tickets, Tour Packages & Activitites - Tiketi.com\",\"description\":\"Flight &amp; Bus Tickets, Tours, Activitites\",\"publisher\":{\"@id\":\"https:\/\/tiketi.com\/#organization\"},\"potentialAction\":[{\"@type\":\"SearchAction\",\"target\":{\"@type\":\"EntryPoint\",\"urlTemplate\":\"https:\/\/tiketi.com\/?s={search_term_string}\"},\"query-input\":{\"@type\":\"PropertyValueSpecification\",\"valueRequired\":true,\"valueName\":\"search_term_string\"}}],\"inLanguage\":\"fr-FR\"},{\"@type\":\"Organization\",\"@id\":\"https:\/\/tiketi.com\/#organization\",\"name\":\"Tiketi.com\",\"alternateName\":\"Tiketi\",\"url\":\"https:\/\/tiketi.com\/\",\"logo\":{\"@type\":\"ImageObject\",\"inLanguage\":\"fr-FR\",\"@id\":\"https:\/\/tiketi.com\/#\/schema\/logo\/image\/\",\"url\":\"https:\/\/tiketi.com\/wp-content\/uploads\/2019\/05\/tiketi-logo-696.png\",\"contentUrl\":\"https:\/\/tiketi.com\/wp-content\/uploads\/2019\/05\/tiketi-logo-696.png\",\"width\":696,\"height\":696,\"caption\":\"Tiketi.com\"},\"image\":{\"@id\":\"https:\/\/tiketi.com\/#\/schema\/logo\/image\/\"},\"sameAs\":[\"https:\/\/www.facebook.com\/TiketiCom\/\"]}]}<\/script>\n<!-- \/ Yoast SEO plugin. -->","yoast_head_json":{"title":"G. Agofure Motors R\u00e9servation en ligne, billets de bus, tarif, horaires et itin\u00e9raire","description":"Vous recherchez une r\u00e9servation en ligne, une application, un itin\u00e9raire, un tarif et un horaire G. Agofure Motors\u00a0? Faites une r\u00e9servation de billet de bus en ligne G. Agofure Motors pas cher en ligne","robots":{"index":"index","follow":"follow","max-snippet":"max-snippet:-1","max-image-preview":"max-image-preview:large","max-video-preview":"max-video-preview:-1"},"canonical":"https:\/\/tiketi.com\/fr-fr\/companies\/buses\/agofure-motors\/","og_locale":"fr_FR","og_type":"article","og_title":"G. Agofure Motors Online Booking, Bus Tickets, Fare, Schedule & Route","og_description":"Looking for G. Agofure Motors online booking, app, route, fare and schedule? Make a cheap G. Agofure Motors online bus ticket booking online","og_url":"https:\/\/tiketi.com\/fr-fr\/companies\/buses\/agofure-motors\/","og_site_name":"Tiketi.com","article_publisher":"https:\/\/www.facebook.com\/TiketiCom\/","article_modified_time":"2023-07-25T17:22:15+00:00","og_image":[{"width":1200,"height":206,"url":"https:\/\/tiketi.com\/wp-content\/uploads\/2022\/01\/bus-ticket-online-booking.jpg","type":"image\/jpeg"}],"twitter_card":"summary_large_image","twitter_misc":{"Dur\u00e9e de lecture estim\u00e9e":"2 minutes"},"schema":{"@context":"https:\/\/schema.org","@graph":[{"@type":"WebPage","@id":"https:\/\/tiketi.com\/companies\/buses\/agofure-motors\/","url":"https:\/\/tiketi.com\/companies\/buses\/agofure-motors\/","name":"G. Agofure Motors R\u00e9servation en ligne, billets de bus, tarif, horaires et itin\u00e9raire","isPartOf":{"@id":"https:\/\/tiketi.com\/#website"},"primaryImageOfPage":{"@id":"https:\/\/tiketi.com\/companies\/buses\/agofure-motors\/#primaryimage"},"image":{"@id":"https:\/\/tiketi.com\/companies\/buses\/agofure-motors\/#primaryimage"},"thumbnailUrl":"https:\/\/tiketi.com\/wp-content\/uploads\/2022\/01\/bus-ticket-online-booking.jpg","datePublished":"2022-01-19T11:54:05+00:00","dateModified":"2023-07-25T17:22:15+00:00","description":"Vous recherchez une r\u00e9servation en ligne, une application, un itin\u00e9raire, un tarif et un horaire G. Agofure Motors\u00a0? Faites une r\u00e9servation de billet de bus en ligne G. Agofure Motors pas cher en ligne","breadcrumb":{"@id":"https:\/\/tiketi.com\/companies\/buses\/agofure-motors\/#breadcrumb"},"inLanguage":"fr-FR","potentialAction":[{"@type":"ReadAction","target":["https:\/\/tiketi.com\/companies\/buses\/agofure-motors\/"]}]},{"@type":"ImageObject","inLanguage":"fr-FR","@id":"https:\/\/tiketi.com\/companies\/buses\/agofure-motors\/#primaryimage","url":"https:\/\/tiketi.com\/wp-content\/uploads\/2022\/01\/bus-ticket-online-booking.jpg","contentUrl":"https:\/\/tiketi.com\/wp-content\/uploads\/2022\/01\/bus-ticket-online-booking.jpg","width":1200,"height":206,"caption":"Online Bus Ticket Booking"},{"@type":"BreadcrumbList","@id":"https:\/\/tiketi.com\/companies\/buses\/agofure-motors\/#breadcrumb","itemListElement":[{"@type":"ListItem","position":1,"name":"Home","item":"https:\/\/tiketi.com\/"},{"@type":"ListItem","position":2,"name":"Companies","item":"https:\/\/tiketi.com\/companies\/"},{"@type":"ListItem","position":3,"name":"Buses","item":"https:\/\/tiketi.com\/companies\/buses\/"},{"@type":"ListItem","position":4,"name":"G. Agofure Motors Online Booking, Bus Tickets, Fare, Schedule &#038; Route"}]},{"@type":"WebSite","@id":"https:\/\/tiketi.com\/#website","url":"https:\/\/tiketi.com\/","name":"Billets d&#039;avion et de bus, forfaits touristiques et activit\u00e9s - Tiketi.com","description":"Billets d&#039;avion et de bus, Tours, Activit\u00e9s","publisher":{"@id":"https:\/\/tiketi.com\/#organization"},"potentialAction":[{"@type":"SearchAction","target":{"@type":"EntryPoint","urlTemplate":"https:\/\/tiketi.com\/?s={search_term_string}"},"query-input":{"@type":"PropertyValueSpecification","valueRequired":true,"valueName":"search_term_string"}}],"inLanguage":"fr-FR"},{"@type":"Organization","@id":"https:\/\/tiketi.com\/#organization","name":"Tiketi.com","alternateName":"Tiketi","url":"https:\/\/tiketi.com\/","logo":{"@type":"ImageObject","inLanguage":"fr-FR","@id":"https:\/\/tiketi.com\/#\/schema\/logo\/image\/","url":"https:\/\/tiketi.com\/wp-content\/uploads\/2019\/05\/tiketi-logo-696.png","contentUrl":"https:\/\/tiketi.com\/wp-content\/uploads\/2019\/05\/tiketi-logo-696.png","width":696,"height":696,"caption":"Tiketi.com"},"image":{"@id":"https:\/\/tiketi.com\/#\/schema\/logo\/image\/"},"sameAs":["https:\/\/www.facebook.com\/TiketiCom\/"]}]}},"_links":{"self":[{"href":"https:\/\/tiketi.com\/fr-fr\/wp-json\/wp\/v2\/pages\/11004","targetHints":{"allow":["GET"]}}],"collection":[{"href":"https:\/\/tiketi.com\/fr-fr\/wp-json\/wp\/v2\/pages"}],"about":[{"href":"https:\/\/tiketi.com\/fr-fr\/wp-json\/wp\/v2\/types\/page"}],"author":[{"embeddable":true,"href":"https:\/\/tiketi.com\/fr-fr\/wp-json\/wp\/v2\/users\/1"}],"replies":[{"embeddable":true,"href":"https:\/\/tiketi.com\/fr-fr\/wp-json\/wp\/v2\/comments?post=11004"}],"version-history":[{"count":0,"href":"https:\/\/tiketi.com\/fr-fr\/wp-json\/wp\/v2\/pages\/11004\/revisions"}],"up":[{"embeddable":true,"href":"https:\/\/tiketi.com\/fr-fr\/wp-json\/wp\/v2\/pages\/25524"}],"wp:featuredmedia":[{"embeddable":true,"href":"https:\/\/tiketi.com\/fr-fr\/wp-json\/wp\/v2\/media\/13999"}],"wp:attachment":[{"href":"https:\/\/tiketi.com\/fr-fr\/wp-json\/wp\/v2\/media?parent=11004"}],"curies":[{"name":"wp","href":"https:\/\/api.w.org\/{rel}","templated":true}]}}