{"id":11005,"date":"2022-01-19T12:54:05","date_gmt":"2022-01-19T11:54:05","guid":{"rendered":"https:\/\/new.tiketi.com\/african-wildcats-charters-tours-online-booking-bus-tickets-reservation\/"},"modified":"2022-01-20T13:46:55","modified_gmt":"2022-01-20T12:46:55","slug":"african-wildcats-charters-tours-online-booking-bus-tickets-reservation","status":"publish","type":"page","link":"https:\/\/tiketi.com\/fr-fr\/african-wildcats-charters-tours-online-booking-bus-tickets-reservation\/","title":{"rendered":"African Wildcats Charters &amp; Tours R\u00e9servation en ligne, R\u00e9servation de billets de bus"},"content":{"rendered":"<h2>African Wildcats Charters &amp; Tours R\u00e9servation de billets de bus en ligne<\/h2>\n<h3>D\u00e9couvrez votre itin\u00e9raire de voyage sur le web, le mobile ou l&#039;application et r\u00e9servez d\u00e8s maintenant des billets de bus African Wildcats Charters &amp; Tours pas chers en ligne.<\/h3>\n<p>African Wildcats Charters &amp; Tours r\u00e9servation en ligne facile. African Wildcats est une entreprise de services complets de voyage et de logistique bas\u00e9e \u00e0 Cape Town, en Afrique du Sud. Ils sont experts dans les voyages personnalis\u00e9s \u00e0 travers l&#039;Afrique du Sud et les pays voisins, se targuant de penser \u00e0 vos besoins et de vous promettre une exp\u00e9rience m\u00e9morable. Il en va de m\u00eame pour la r\u00e9servation de billets de bus en ligne pour African Wildcats Charters &amp; Tours d\u00e8s maintenant\u00a0!<\/p>\n<h2>African Wildcats Charters &amp; Tours FAQ sur la r\u00e9servation en ligne<\/h2>\n<h3>Flotte d&#039;affr\u00e8tement et d&#039;excursions de chats sauvages africains<\/h3>\n<p>1. Mini-fourgonnette 7 places<br \/>\n2. Mercedes-Benz Sprinter 16 places<br \/>\n3. Mercedes-Benz Sprinter 18 places<\/p>\n<p>Services de charters et d&#039;excursions pour les chats sauvages d&#039;Afrique<\/p>\n<h3><strong>Voici les services des services de charters et de circuits African Wildcats<\/strong><\/h3>\n<p>1. Visite des paysages des baleines et des vignobles<br \/>\n2. Visite de plong\u00e9e dans la grotte des requins<br \/>\n3. Visite de la p\u00e9ninsule du Cap<br \/>\n4. Visite d&#039;une demi-journ\u00e9e du Cap<br \/>\n5. Visite d&#039;une demi-journ\u00e9e du canton<br \/>\n6. Le Cap \u2013 Visite de la Garden Route (Port Elizabeth)<br \/>\n7. Le Cap \u2013 Visite de la Garden Route (Knysna)<br \/>\n8. Visite des vergers du cap, de la ferme d&#039;olives et de fromages<br \/>\n9. Visite de Kramat \u2013 Cap Mazaars<br \/>\n10. Visite de Kramat \u2013 Cap Mazaars<br \/>\n11. Safari au Cap-Occidental<\/p>\n<p><strong>Services de vol<\/strong><\/p>\n<p>Vous pouvez organiser et r\u00e9server vos vols et arrangements de voyage ainsi que des services de navette a\u00e9roport vers le lieu de votre choix. Ils peuvent \u00e9galement aider avec les demandes de visa.<\/p>\n<p><strong>Services d&#039;h\u00e9bergement<\/strong><\/p>\n<p>Ils g\u00e8rent l&#039;h\u00e9bergement dans des h\u00f4tels trois, quatre et cinq \u00e9toiles, des h\u00e9bergements ind\u00e9pendants et d&#039;autres services qui r\u00e9pondront \u00e0 vos besoins partout en Afrique du Sud.<\/p>\n<p><strong>Services de croisi\u00e8re<\/strong><\/p>\n<p>Ils g\u00e8rent les croisi\u00e8res sur tous les grands paquebots de croisi\u00e8re entrant dans les eaux sud-africaines, y compris les services int\u00e9rieurs et personnalis\u00e9s.<\/p>\n<h3>Quelles sont les coordonn\u00e9es des charters, des circuits et des bus pour les chats sauvages africains\u00a0?<\/h3>\n<p>175, chemin Plantation<br \/>\nLoutre<br \/>\nLe Cap<br \/>\nAfrique du Sud<br \/>\n7800<\/p>\n<h2>African Wildcats Charters &amp; Tours Conseils de r\u00e9servation de billets de bus en ligne<\/h2>\n<p>Depuis la cr\u00e9ation d&#039;African Wildcats, 2007 fait partie de l&#039;industrie du voyage et du tourisme o\u00f9 ils font des affaires pour am\u00e9liorer la d\u00e9tente des clients de classe mondiale et faire l&#039;exp\u00e9rience de voyage ultime. Ils forment une seule entreprise, notre \u00e9quipe, et les propri\u00e9taires Kamilan Saban et Rusdien font partie int\u00e9grante des op\u00e9rations quotidiennes, assurant une livraison et un service parfaits \u00e0 nos clients \u00e0 chaque voyage.<\/p>","protected":false},"excerpt":{"rendered":"<p>African Wildcats Charters &amp; Tours Online Bus Ticket Booking Discover your travel route on web, mobile or app and book cheap African Wildcats Charters &amp; Tours\u00a0bus tickets online now. African Wildcats Charters &amp; Tours\u00a0online booking made easy.\u00a0African wildcats is a complete service travel and logistic firm based in Cape Town, South Africa. They expert in [&hellip;]<\/p>\n","protected":false},"author":1,"featured_media":13999,"parent":0,"menu_order":0,"comment_status":"open","ping_status":"closed","template":"template-home-modern.php","meta":{"footnotes":""},"class_list":["post-11005","page","type-page","status-publish","has-post-thumbnail","hentry"],"yoast_head":"<!-- This site is optimized with the Yoast SEO plugin v27.3 - https:\/\/yoast.com\/product\/yoast-seo-wordpress\/ -->\n<title>African Wildcats Charters &amp; Tours Online Booking, Bus Tickets Reservation<\/title>\n<meta name=\"description\" content=\"Looking for African Wildcats Charters &amp; Tours online booking, routes, fare, schedule or app? Book cheap ABC bus tickets online now\" \/>\n<meta name=\"robots\" content=\"index, follow, max-snippet:-1, max-image-preview:large, max-video-preview:-1\" \/>\n<link rel=\"canonical\" href=\"https:\/\/tiketi.com\/fr-fr\/african-wildcats-charters-tours-online-booking-bus-tickets-reservation\/\" \/>\n<meta property=\"og:locale\" content=\"fr_FR\" \/>\n<meta property=\"og:type\" content=\"article\" \/>\n<meta property=\"og:title\" content=\"African Wildcats Charters &amp; Tours Online Booking, Bus Tickets Reservation\" \/>\n<meta property=\"og:description\" content=\"Looking for African Wildcats Charters &amp; Tours online booking, routes, fare, schedule or app? Book cheap ABC bus tickets online now\" \/>\n<meta property=\"og:url\" content=\"https:\/\/tiketi.com\/fr-fr\/african-wildcats-charters-tours-online-booking-bus-tickets-reservation\/\" \/>\n<meta property=\"og:site_name\" content=\"Tiketi.com\" \/>\n<meta property=\"article:publisher\" content=\"https:\/\/www.facebook.com\/TiketiCom\/\" \/>\n<meta property=\"article:modified_time\" content=\"2022-01-20T12:46:55+00:00\" \/>\n<meta property=\"og:image\" content=\"https:\/\/tiketi.com\/wp-content\/uploads\/2022\/01\/bus-ticket-online-booking.jpg\" \/>\n\t<meta property=\"og:image:width\" content=\"1200\" \/>\n\t<meta property=\"og:image:height\" content=\"206\" \/>\n\t<meta property=\"og:image:type\" content=\"image\/jpeg\" \/>\n<meta name=\"twitter:card\" content=\"summary_large_image\" \/>\n<meta name=\"twitter:label1\" content=\"Dur\u00e9e de lecture estim\u00e9e\" \/>\n\t<meta name=\"twitter:data1\" content=\"2 minutes\" \/>\n<script type=\"application\/ld+json\" class=\"yoast-schema-graph\">{\"@context\":\"https:\\\/\\\/schema.org\",\"@graph\":[{\"@type\":\"WebPage\",\"@id\":\"https:\\\/\\\/tiketi.com\\\/african-wildcats-charters-tours-online-booking-bus-tickets-reservation\\\/\",\"url\":\"https:\\\/\\\/tiketi.com\\\/african-wildcats-charters-tours-online-booking-bus-tickets-reservation\\\/\",\"name\":\"African Wildcats Charters & Tours Online Booking, Bus Tickets Reservation\",\"isPartOf\":{\"@id\":\"https:\\\/\\\/tiketi.com\\\/#website\"},\"primaryImageOfPage\":{\"@id\":\"https:\\\/\\\/tiketi.com\\\/african-wildcats-charters-tours-online-booking-bus-tickets-reservation\\\/#primaryimage\"},\"image\":{\"@id\":\"https:\\\/\\\/tiketi.com\\\/african-wildcats-charters-tours-online-booking-bus-tickets-reservation\\\/#primaryimage\"},\"thumbnailUrl\":\"https:\\\/\\\/tiketi.com\\\/wp-content\\\/uploads\\\/2022\\\/01\\\/bus-ticket-online-booking.jpg\",\"datePublished\":\"2022-01-19T11:54:05+00:00\",\"dateModified\":\"2022-01-20T12:46:55+00:00\",\"description\":\"Looking for African Wildcats Charters & Tours online booking, routes, fare, schedule or app? Book cheap ABC bus tickets online now\",\"breadcrumb\":{\"@id\":\"https:\\\/\\\/tiketi.com\\\/african-wildcats-charters-tours-online-booking-bus-tickets-reservation\\\/#breadcrumb\"},\"inLanguage\":\"fr-FR\",\"potentialAction\":[{\"@type\":\"ReadAction\",\"target\":[\"https:\\\/\\\/tiketi.com\\\/african-wildcats-charters-tours-online-booking-bus-tickets-reservation\\\/\"]}]},{\"@type\":\"ImageObject\",\"inLanguage\":\"fr-FR\",\"@id\":\"https:\\\/\\\/tiketi.com\\\/african-wildcats-charters-tours-online-booking-bus-tickets-reservation\\\/#primaryimage\",\"url\":\"https:\\\/\\\/tiketi.com\\\/wp-content\\\/uploads\\\/2022\\\/01\\\/bus-ticket-online-booking.jpg\",\"contentUrl\":\"https:\\\/\\\/tiketi.com\\\/wp-content\\\/uploads\\\/2022\\\/01\\\/bus-ticket-online-booking.jpg\",\"width\":1200,\"height\":206,\"caption\":\"Online Bus Ticket Booking\"},{\"@type\":\"BreadcrumbList\",\"@id\":\"https:\\\/\\\/tiketi.com\\\/african-wildcats-charters-tours-online-booking-bus-tickets-reservation\\\/#breadcrumb\",\"itemListElement\":[{\"@type\":\"ListItem\",\"position\":1,\"name\":\"Home\",\"item\":\"https:\\\/\\\/tiketi.com\\\/\"},{\"@type\":\"ListItem\",\"position\":2,\"name\":\"African Wildcats Charters &#038; Tours Online Booking, Bus Tickets Reservation\"}]},{\"@type\":\"WebSite\",\"@id\":\"https:\\\/\\\/tiketi.com\\\/#website\",\"url\":\"https:\\\/\\\/tiketi.com\\\/\",\"name\":\"Flight & Bus Tickets, Tour Packages & Activitites - Tiketi.com\",\"description\":\"Flight &amp; Bus Tickets, Tours, Activitites\",\"publisher\":{\"@id\":\"https:\\\/\\\/tiketi.com\\\/#organization\"},\"potentialAction\":[{\"@type\":\"SearchAction\",\"target\":{\"@type\":\"EntryPoint\",\"urlTemplate\":\"https:\\\/\\\/tiketi.com\\\/?s={search_term_string}\"},\"query-input\":{\"@type\":\"PropertyValueSpecification\",\"valueRequired\":true,\"valueName\":\"search_term_string\"}}],\"inLanguage\":\"fr-FR\"},{\"@type\":\"Organization\",\"@id\":\"https:\\\/\\\/tiketi.com\\\/#organization\",\"name\":\"Tiketi.com\",\"alternateName\":\"Tiketi\",\"url\":\"https:\\\/\\\/tiketi.com\\\/\",\"logo\":{\"@type\":\"ImageObject\",\"inLanguage\":\"fr-FR\",\"@id\":\"https:\\\/\\\/tiketi.com\\\/#\\\/schema\\\/logo\\\/image\\\/\",\"url\":\"https:\\\/\\\/tiketi.com\\\/wp-content\\\/uploads\\\/2019\\\/05\\\/tiketi-logo-696.png\",\"contentUrl\":\"https:\\\/\\\/tiketi.com\\\/wp-content\\\/uploads\\\/2019\\\/05\\\/tiketi-logo-696.png\",\"width\":696,\"height\":696,\"caption\":\"Tiketi.com\"},\"image\":{\"@id\":\"https:\\\/\\\/tiketi.com\\\/#\\\/schema\\\/logo\\\/image\\\/\"},\"sameAs\":[\"https:\\\/\\\/www.facebook.com\\\/TiketiCom\\\/\"]}]}<\/script>\n<!-- \/ Yoast SEO plugin. -->","yoast_head_json":{"title":"African Wildcats Charters &amp; Tours R\u00e9servation en ligne, R\u00e9servation de billets de bus","description":"Vous recherchez une r\u00e9servation en ligne, des itin\u00e9raires, des tarifs, des horaires ou une application pour African Wildcats Charters &amp; Tours ? R\u00e9servez des billets de bus ABC \u00e0 bas prix en ligne d\u00e8s maintenant","robots":{"index":"index","follow":"follow","max-snippet":"max-snippet:-1","max-image-preview":"max-image-preview:large","max-video-preview":"max-video-preview:-1"},"canonical":"https:\/\/tiketi.com\/fr-fr\/african-wildcats-charters-tours-online-booking-bus-tickets-reservation\/","og_locale":"fr_FR","og_type":"article","og_title":"African Wildcats Charters & Tours Online Booking, Bus Tickets Reservation","og_description":"Looking for African Wildcats Charters & Tours online booking, routes, fare, schedule or app? Book cheap ABC bus tickets online now","og_url":"https:\/\/tiketi.com\/fr-fr\/african-wildcats-charters-tours-online-booking-bus-tickets-reservation\/","og_site_name":"Tiketi.com","article_publisher":"https:\/\/www.facebook.com\/TiketiCom\/","article_modified_time":"2022-01-20T12:46:55+00:00","og_image":[{"width":1200,"height":206,"url":"https:\/\/tiketi.com\/wp-content\/uploads\/2022\/01\/bus-ticket-online-booking.jpg","type":"image\/jpeg"}],"twitter_card":"summary_large_image","twitter_misc":{"Dur\u00e9e de lecture estim\u00e9e":"2 minutes"},"schema":{"@context":"https:\/\/schema.org","@graph":[{"@type":"WebPage","@id":"https:\/\/tiketi.com\/african-wildcats-charters-tours-online-booking-bus-tickets-reservation\/","url":"https:\/\/tiketi.com\/african-wildcats-charters-tours-online-booking-bus-tickets-reservation\/","name":"African Wildcats Charters &amp; Tours R\u00e9servation en ligne, R\u00e9servation de billets de bus","isPartOf":{"@id":"https:\/\/tiketi.com\/#website"},"primaryImageOfPage":{"@id":"https:\/\/tiketi.com\/african-wildcats-charters-tours-online-booking-bus-tickets-reservation\/#primaryimage"},"image":{"@id":"https:\/\/tiketi.com\/african-wildcats-charters-tours-online-booking-bus-tickets-reservation\/#primaryimage"},"thumbnailUrl":"https:\/\/tiketi.com\/wp-content\/uploads\/2022\/01\/bus-ticket-online-booking.jpg","datePublished":"2022-01-19T11:54:05+00:00","dateModified":"2022-01-20T12:46:55+00:00","description":"Vous recherchez une r\u00e9servation en ligne, des itin\u00e9raires, des tarifs, des horaires ou une application pour African Wildcats Charters &amp; Tours ? R\u00e9servez des billets de bus ABC \u00e0 bas prix en ligne d\u00e8s maintenant","breadcrumb":{"@id":"https:\/\/tiketi.com\/african-wildcats-charters-tours-online-booking-bus-tickets-reservation\/#breadcrumb"},"inLanguage":"fr-FR","potentialAction":[{"@type":"ReadAction","target":["https:\/\/tiketi.com\/african-wildcats-charters-tours-online-booking-bus-tickets-reservation\/"]}]},{"@type":"ImageObject","inLanguage":"fr-FR","@id":"https:\/\/tiketi.com\/african-wildcats-charters-tours-online-booking-bus-tickets-reservation\/#primaryimage","url":"https:\/\/tiketi.com\/wp-content\/uploads\/2022\/01\/bus-ticket-online-booking.jpg","contentUrl":"https:\/\/tiketi.com\/wp-content\/uploads\/2022\/01\/bus-ticket-online-booking.jpg","width":1200,"height":206,"caption":"Online Bus Ticket Booking"},{"@type":"BreadcrumbList","@id":"https:\/\/tiketi.com\/african-wildcats-charters-tours-online-booking-bus-tickets-reservation\/#breadcrumb","itemListElement":[{"@type":"ListItem","position":1,"name":"Home","item":"https:\/\/tiketi.com\/"},{"@type":"ListItem","position":2,"name":"African Wildcats Charters &#038; Tours Online Booking, Bus Tickets Reservation"}]},{"@type":"WebSite","@id":"https:\/\/tiketi.com\/#website","url":"https:\/\/tiketi.com\/","name":"Billets d&#039;avion et de bus, forfaits touristiques et activit\u00e9s - Tiketi.com","description":"Billets d&#039;avion et de bus, Tours, Activit\u00e9s","publisher":{"@id":"https:\/\/tiketi.com\/#organization"},"potentialAction":[{"@type":"SearchAction","target":{"@type":"EntryPoint","urlTemplate":"https:\/\/tiketi.com\/?s={search_term_string}"},"query-input":{"@type":"PropertyValueSpecification","valueRequired":true,"valueName":"search_term_string"}}],"inLanguage":"fr-FR"},{"@type":"Organization","@id":"https:\/\/tiketi.com\/#organization","name":"Tiketi.com","alternateName":"Tiketi","url":"https:\/\/tiketi.com\/","logo":{"@type":"ImageObject","inLanguage":"fr-FR","@id":"https:\/\/tiketi.com\/#\/schema\/logo\/image\/","url":"https:\/\/tiketi.com\/wp-content\/uploads\/2019\/05\/tiketi-logo-696.png","contentUrl":"https:\/\/tiketi.com\/wp-content\/uploads\/2019\/05\/tiketi-logo-696.png","width":696,"height":696,"caption":"Tiketi.com"},"image":{"@id":"https:\/\/tiketi.com\/#\/schema\/logo\/image\/"},"sameAs":["https:\/\/www.facebook.com\/TiketiCom\/"]}]}},"_links":{"self":[{"href":"https:\/\/tiketi.com\/fr-fr\/wp-json\/wp\/v2\/pages\/11005","targetHints":{"allow":["GET"]}}],"collection":[{"href":"https:\/\/tiketi.com\/fr-fr\/wp-json\/wp\/v2\/pages"}],"about":[{"href":"https:\/\/tiketi.com\/fr-fr\/wp-json\/wp\/v2\/types\/page"}],"author":[{"embeddable":true,"href":"https:\/\/tiketi.com\/fr-fr\/wp-json\/wp\/v2\/users\/1"}],"replies":[{"embeddable":true,"href":"https:\/\/tiketi.com\/fr-fr\/wp-json\/wp\/v2\/comments?post=11005"}],"version-history":[{"count":0,"href":"https:\/\/tiketi.com\/fr-fr\/wp-json\/wp\/v2\/pages\/11005\/revisions"}],"wp:featuredmedia":[{"embeddable":true,"href":"https:\/\/tiketi.com\/fr-fr\/wp-json\/wp\/v2\/media\/13999"}],"wp:attachment":[{"href":"https:\/\/tiketi.com\/fr-fr\/wp-json\/wp\/v2\/media?parent=11005"}],"curies":[{"name":"wp","href":"https:\/\/api.w.org\/{rel}","templated":true}]}}