{"id":11006,"date":"2022-01-19T12:54:05","date_gmt":"2022-01-19T11:54:05","guid":{"rendered":"https:\/\/new.tiketi.com\/online-shopping-in-zimbabwe-best-online-stores\/"},"modified":"2022-02-18T16:24:55","modified_gmt":"2022-02-18T15:24:55","slug":"online-shopping-in-zimbabwe","status":"publish","type":"page","link":"https:\/\/tiketi.com\/fr-fr\/online-shopping-in-zimbabwe\/","title":{"rendered":"Achats en ligne au Zimbabwe - Meilleurs magasins en ligne"},"content":{"rendered":"<h2>Achats en ligne au Zimbabwe<\/h2>\n<h3>T\u00e9l\u00e9chargez l&#039;application d&#039;achat au Zimbabwe et faites des achats en ligne simples et faciles et \u00e9conomisez du temps et de l&#039;argent.<\/h3>\n<p>Les achats en ligne au Zimbabwe permettent aux clients d&#039;acheter des services et des biens aupr\u00e8s de vendeurs dans le monde en ligne. En raison de la croissance de la technologie, de nombreuses entreprises sont pass\u00e9es des ventes hors ligne aux ventes en ligne. Depuis quelques ann\u00e9es, de nombreuses personnes au Zimbabwe ont commenc\u00e9 \u00e0 faire des achats en ligne en raison de la commodit\u00e9 et de la facilit\u00e9 qu&#039;il offre. En raison des divers avantages des achats en ligne au Zimbabwe de nos jours. Dans cette page, nous parlerons des diverses raisons pour lesquelles les gens pr\u00e9f\u00e8rent l&#039;application d&#039;achat au Zimbabwe.<\/p>\n<h2>Voici quelques-uns des avantages des achats en ligne au Zimbabwe\u00a0:<\/h2>\n<h3>L&#039;application d&#039;achat au Zimbabwe est pratique<\/h3>\n<p>L&#039;une des meilleures raisons pour lesquelles chaque personne aime les achats en ligne est la commodit\u00e9 et la facilit\u00e9 offertes. Dans cette vie bien remplie, les gens veulent que tout se passe que le clic d&#039;une touche. Avec l&#039;application d&#039;achat au Zimbabwe, vous pouvez acheter ce que vous voulez \u00e0 tout moment. Il n&#039;est pas n\u00e9cessaire de se rendre au magasin pour acheter des choses ou de faire la queue pour la facturation.<\/p>\n<h3>Beaucoup de gamme<\/h3>\n<p>Le march\u00e9 des achats en ligne au Zimbabwe n&#039;est rien de moins que les centres commerciaux. Vous pouvez acheter des articles parmi une large gamme de marques. De nombreux vendeurs sont inscrits sur des sites de commerce \u00e9lectronique pour vendre des produits. Les achats en ligne vous permettent de tout acheter, d&#039;une bouteille d&#039;eau \u00e0 un climatiseur. Si vous n&#039;aimez pas les produits d&#039;un vendeur, vous pouvez vous tourner vers un autre vendeur qui vend des articles similaires.<\/p>\n<h3>Meilleures affaires<\/h3>\n<p>Les achats en ligne permettent de gagner beaucoup de temps et d&#039;argent, car il y a toujours des offres en cours. Les prix des articles vendus en ligne sont abordables lorsqu&#039;ils sont compar\u00e9s \u00e0 des articles hors ligne, car ils proviennent directement du vendeur ou du producteur. Il y a toujours beaucoup d&#039;offres comme des coupons de r\u00e9duction, des cashbacks sur les boutiques en ligne Zimbabwe.<\/p>\n<h3>Pas d&#039;achats compulsifs<\/h3>\n<p>En cas d&#039;achats hors ligne, les commer\u00e7ants peuvent vous faire face pour acheter les articles dont vous n&#039;avez vraiment pas besoin. Si vous \u00eates venu juste pour acheter un produit dont vous avez vraiment besoin, vous finissez par acheter 5 autres articles dont vous n&#039;avez pas besoin. Le manque d&#039;options peut forcer un compromis.<\/p>\n<h3>Opportunit\u00e9s futures d&#039;achat en ligne au Zimbabwe<\/h3>\n<p>Gardez \u00e0 l&#039;esprit que votre entreprise, ainsi que la vaste gamme d&#039;outils en ligne accessibles, changent et \u00e9voluent continuellement. Bien que vous ne pr\u00e9voyiez peut-\u00eatre pas d&#039;avoir un site rapidement lorsque vous commencerez \u00e0 fonctionner, il est toujours pr\u00e9f\u00e9rable de vous demander si vous en aurez besoin \u00e0 une date ult\u00e9rieure et \u00e0 quoi vous l&#039;utiliserez.<\/p>","protected":false},"excerpt":{"rendered":"<p>Zimbabwe\u00a0Online Shopping Download shopping app in Zimbabwe and do online shopping simple and easy and save time and money. Online shopping in Zimbabwe permit customers buy services and goods from sellers over the online world. Due to growth in technology, many firms have shifted from offline sales to online sales. Since the past few years, [&hellip;]<\/p>\n","protected":false},"author":1,"featured_media":19411,"parent":0,"menu_order":0,"comment_status":"open","ping_status":"closed","template":"template-home-modern.php","meta":{"footnotes":""},"class_list":["post-11006","page","type-page","status-publish","has-post-thumbnail","hentry"],"yoast_head":"<!-- This site is optimized with the Yoast SEO plugin v27.3 - https:\/\/yoast.com\/product\/yoast-seo-wordpress\/ -->\n<title>Online Shopping in Zimbabwe - Best Online Stores<\/title>\n<meta name=\"description\" content=\"Looking for online shopping in Zimbabwe store? Down a online shopping app in Zimbabwe and do Zimbabwe online shopping simple and easy\" \/>\n<meta name=\"robots\" content=\"index, follow, max-snippet:-1, max-image-preview:large, max-video-preview:-1\" \/>\n<link rel=\"canonical\" href=\"https:\/\/tiketi.com\/fr-fr\/online-shopping-in-zimbabwe\/\" \/>\n<meta property=\"og:locale\" content=\"fr_FR\" \/>\n<meta property=\"og:type\" content=\"article\" \/>\n<meta property=\"og:title\" content=\"Online Shopping in Zimbabwe - Best Online Stores\" \/>\n<meta property=\"og:description\" content=\"Looking for online shopping in Zimbabwe store? Down a online shopping app in Zimbabwe and do Zimbabwe online shopping simple and easy\" \/>\n<meta property=\"og:url\" content=\"https:\/\/tiketi.com\/fr-fr\/online-shopping-in-zimbabwe\/\" \/>\n<meta property=\"og:site_name\" content=\"Tiketi.com\" \/>\n<meta property=\"article:publisher\" content=\"https:\/\/www.facebook.com\/TiketiCom\/\" \/>\n<meta property=\"article:modified_time\" content=\"2022-02-18T15:24:55+00:00\" \/>\n<meta property=\"og:image\" content=\"https:\/\/tiketi.com\/wp-content\/uploads\/2022\/02\/online-shopping-4538982_128.jpg\" \/>\n\t<meta property=\"og:image:width\" content=\"1200\" \/>\n\t<meta property=\"og:image:height\" content=\"200\" \/>\n\t<meta property=\"og:image:type\" content=\"image\/jpeg\" \/>\n<meta name=\"twitter:card\" content=\"summary_large_image\" \/>\n<meta name=\"twitter:label1\" content=\"Dur\u00e9e de lecture estim\u00e9e\" \/>\n\t<meta name=\"twitter:data1\" content=\"2 minutes\" \/>\n<script type=\"application\/ld+json\" class=\"yoast-schema-graph\">{\"@context\":\"https:\\\/\\\/schema.org\",\"@graph\":[{\"@type\":\"WebPage\",\"@id\":\"https:\\\/\\\/tiketi.com\\\/en-gb\\\/online-shopping-in-zimbabwe\\\/\",\"url\":\"https:\\\/\\\/tiketi.com\\\/en-gb\\\/online-shopping-in-zimbabwe\\\/\",\"name\":\"Online Shopping in Zimbabwe - Best Online Stores\",\"isPartOf\":{\"@id\":\"https:\\\/\\\/tiketi.com\\\/#website\"},\"primaryImageOfPage\":{\"@id\":\"https:\\\/\\\/tiketi.com\\\/en-gb\\\/online-shopping-in-zimbabwe\\\/#primaryimage\"},\"image\":{\"@id\":\"https:\\\/\\\/tiketi.com\\\/en-gb\\\/online-shopping-in-zimbabwe\\\/#primaryimage\"},\"thumbnailUrl\":\"https:\\\/\\\/tiketi.com\\\/wp-content\\\/uploads\\\/2022\\\/02\\\/online-shopping-4538982_128.jpg\",\"datePublished\":\"2022-01-19T11:54:05+00:00\",\"dateModified\":\"2022-02-18T15:24:55+00:00\",\"description\":\"Looking for online shopping in Zimbabwe store? Down a online shopping app in Zimbabwe and do Zimbabwe online shopping simple and easy\",\"breadcrumb\":{\"@id\":\"https:\\\/\\\/tiketi.com\\\/en-gb\\\/online-shopping-in-zimbabwe\\\/#breadcrumb\"},\"inLanguage\":\"fr-FR\",\"potentialAction\":[{\"@type\":\"ReadAction\",\"target\":[\"https:\\\/\\\/tiketi.com\\\/en-gb\\\/online-shopping-in-zimbabwe\\\/\"]}]},{\"@type\":\"ImageObject\",\"inLanguage\":\"fr-FR\",\"@id\":\"https:\\\/\\\/tiketi.com\\\/en-gb\\\/online-shopping-in-zimbabwe\\\/#primaryimage\",\"url\":\"https:\\\/\\\/tiketi.com\\\/wp-content\\\/uploads\\\/2022\\\/02\\\/online-shopping-4538982_128.jpg\",\"contentUrl\":\"https:\\\/\\\/tiketi.com\\\/wp-content\\\/uploads\\\/2022\\\/02\\\/online-shopping-4538982_128.jpg\",\"width\":1200,\"height\":200,\"caption\":\"Online Shopping Gift Delivery\"},{\"@type\":\"BreadcrumbList\",\"@id\":\"https:\\\/\\\/tiketi.com\\\/en-gb\\\/online-shopping-in-zimbabwe\\\/#breadcrumb\",\"itemListElement\":[{\"@type\":\"ListItem\",\"position\":1,\"name\":\"Home\",\"item\":\"https:\\\/\\\/tiketi.com\\\/\"},{\"@type\":\"ListItem\",\"position\":2,\"name\":\"Online Shopping in Zimbabwe &#8211; Best Online Stores\"}]},{\"@type\":\"WebSite\",\"@id\":\"https:\\\/\\\/tiketi.com\\\/#website\",\"url\":\"https:\\\/\\\/tiketi.com\\\/\",\"name\":\"Flight & Bus Tickets, Tour Packages & Activitites - Tiketi.com\",\"description\":\"Flight &amp; Bus Tickets, Tours, Activitites\",\"publisher\":{\"@id\":\"https:\\\/\\\/tiketi.com\\\/#organization\"},\"potentialAction\":[{\"@type\":\"SearchAction\",\"target\":{\"@type\":\"EntryPoint\",\"urlTemplate\":\"https:\\\/\\\/tiketi.com\\\/?s={search_term_string}\"},\"query-input\":{\"@type\":\"PropertyValueSpecification\",\"valueRequired\":true,\"valueName\":\"search_term_string\"}}],\"inLanguage\":\"fr-FR\"},{\"@type\":\"Organization\",\"@id\":\"https:\\\/\\\/tiketi.com\\\/#organization\",\"name\":\"Tiketi.com\",\"alternateName\":\"Tiketi\",\"url\":\"https:\\\/\\\/tiketi.com\\\/\",\"logo\":{\"@type\":\"ImageObject\",\"inLanguage\":\"fr-FR\",\"@id\":\"https:\\\/\\\/tiketi.com\\\/#\\\/schema\\\/logo\\\/image\\\/\",\"url\":\"https:\\\/\\\/tiketi.com\\\/wp-content\\\/uploads\\\/2019\\\/05\\\/tiketi-logo-696.png\",\"contentUrl\":\"https:\\\/\\\/tiketi.com\\\/wp-content\\\/uploads\\\/2019\\\/05\\\/tiketi-logo-696.png\",\"width\":696,\"height\":696,\"caption\":\"Tiketi.com\"},\"image\":{\"@id\":\"https:\\\/\\\/tiketi.com\\\/#\\\/schema\\\/logo\\\/image\\\/\"},\"sameAs\":[\"https:\\\/\\\/www.facebook.com\\\/TiketiCom\\\/\"]}]}<\/script>\n<!-- \/ Yoast SEO plugin. -->","yoast_head_json":{"title":"Achats en ligne au Zimbabwe - Meilleurs magasins en ligne","description":"Vous cherchez des achats en ligne dans le magasin Zimbabwe? Descendez une application d&#039;achat en ligne au Zimbabwe et faites des achats en ligne au Zimbabwe simplement et facilement","robots":{"index":"index","follow":"follow","max-snippet":"max-snippet:-1","max-image-preview":"max-image-preview:large","max-video-preview":"max-video-preview:-1"},"canonical":"https:\/\/tiketi.com\/fr-fr\/online-shopping-in-zimbabwe\/","og_locale":"fr_FR","og_type":"article","og_title":"Online Shopping in Zimbabwe - Best Online Stores","og_description":"Looking for online shopping in Zimbabwe store? Down a online shopping app in Zimbabwe and do Zimbabwe online shopping simple and easy","og_url":"https:\/\/tiketi.com\/fr-fr\/online-shopping-in-zimbabwe\/","og_site_name":"Tiketi.com","article_publisher":"https:\/\/www.facebook.com\/TiketiCom\/","article_modified_time":"2022-02-18T15:24:55+00:00","og_image":[{"width":1200,"height":200,"url":"https:\/\/tiketi.com\/wp-content\/uploads\/2022\/02\/online-shopping-4538982_128.jpg","type":"image\/jpeg"}],"twitter_card":"summary_large_image","twitter_misc":{"Dur\u00e9e de lecture estim\u00e9e":"2 minutes"},"schema":{"@context":"https:\/\/schema.org","@graph":[{"@type":"WebPage","@id":"https:\/\/tiketi.com\/en-gb\/online-shopping-in-zimbabwe\/","url":"https:\/\/tiketi.com\/en-gb\/online-shopping-in-zimbabwe\/","name":"Achats en ligne au Zimbabwe - Meilleurs magasins en ligne","isPartOf":{"@id":"https:\/\/tiketi.com\/#website"},"primaryImageOfPage":{"@id":"https:\/\/tiketi.com\/en-gb\/online-shopping-in-zimbabwe\/#primaryimage"},"image":{"@id":"https:\/\/tiketi.com\/en-gb\/online-shopping-in-zimbabwe\/#primaryimage"},"thumbnailUrl":"https:\/\/tiketi.com\/wp-content\/uploads\/2022\/02\/online-shopping-4538982_128.jpg","datePublished":"2022-01-19T11:54:05+00:00","dateModified":"2022-02-18T15:24:55+00:00","description":"Vous cherchez des achats en ligne dans le magasin Zimbabwe? Descendez une application d&#039;achat en ligne au Zimbabwe et faites des achats en ligne au Zimbabwe simplement et facilement","breadcrumb":{"@id":"https:\/\/tiketi.com\/en-gb\/online-shopping-in-zimbabwe\/#breadcrumb"},"inLanguage":"fr-FR","potentialAction":[{"@type":"ReadAction","target":["https:\/\/tiketi.com\/en-gb\/online-shopping-in-zimbabwe\/"]}]},{"@type":"ImageObject","inLanguage":"fr-FR","@id":"https:\/\/tiketi.com\/en-gb\/online-shopping-in-zimbabwe\/#primaryimage","url":"https:\/\/tiketi.com\/wp-content\/uploads\/2022\/02\/online-shopping-4538982_128.jpg","contentUrl":"https:\/\/tiketi.com\/wp-content\/uploads\/2022\/02\/online-shopping-4538982_128.jpg","width":1200,"height":200,"caption":"Online Shopping Gift Delivery"},{"@type":"BreadcrumbList","@id":"https:\/\/tiketi.com\/en-gb\/online-shopping-in-zimbabwe\/#breadcrumb","itemListElement":[{"@type":"ListItem","position":1,"name":"Home","item":"https:\/\/tiketi.com\/"},{"@type":"ListItem","position":2,"name":"Online Shopping in Zimbabwe &#8211; Best Online Stores"}]},{"@type":"WebSite","@id":"https:\/\/tiketi.com\/#website","url":"https:\/\/tiketi.com\/","name":"Billets d&#039;avion et de bus, forfaits touristiques et activit\u00e9s - Tiketi.com","description":"Billets d&#039;avion et de bus, Tours, Activit\u00e9s","publisher":{"@id":"https:\/\/tiketi.com\/#organization"},"potentialAction":[{"@type":"SearchAction","target":{"@type":"EntryPoint","urlTemplate":"https:\/\/tiketi.com\/?s={search_term_string}"},"query-input":{"@type":"PropertyValueSpecification","valueRequired":true,"valueName":"search_term_string"}}],"inLanguage":"fr-FR"},{"@type":"Organization","@id":"https:\/\/tiketi.com\/#organization","name":"Tiketi.com","alternateName":"Tiketi","url":"https:\/\/tiketi.com\/","logo":{"@type":"ImageObject","inLanguage":"fr-FR","@id":"https:\/\/tiketi.com\/#\/schema\/logo\/image\/","url":"https:\/\/tiketi.com\/wp-content\/uploads\/2019\/05\/tiketi-logo-696.png","contentUrl":"https:\/\/tiketi.com\/wp-content\/uploads\/2019\/05\/tiketi-logo-696.png","width":696,"height":696,"caption":"Tiketi.com"},"image":{"@id":"https:\/\/tiketi.com\/#\/schema\/logo\/image\/"},"sameAs":["https:\/\/www.facebook.com\/TiketiCom\/"]}]}},"_links":{"self":[{"href":"https:\/\/tiketi.com\/fr-fr\/wp-json\/wp\/v2\/pages\/11006","targetHints":{"allow":["GET"]}}],"collection":[{"href":"https:\/\/tiketi.com\/fr-fr\/wp-json\/wp\/v2\/pages"}],"about":[{"href":"https:\/\/tiketi.com\/fr-fr\/wp-json\/wp\/v2\/types\/page"}],"author":[{"embeddable":true,"href":"https:\/\/tiketi.com\/fr-fr\/wp-json\/wp\/v2\/users\/1"}],"replies":[{"embeddable":true,"href":"https:\/\/tiketi.com\/fr-fr\/wp-json\/wp\/v2\/comments?post=11006"}],"version-history":[{"count":0,"href":"https:\/\/tiketi.com\/fr-fr\/wp-json\/wp\/v2\/pages\/11006\/revisions"}],"wp:featuredmedia":[{"embeddable":true,"href":"https:\/\/tiketi.com\/fr-fr\/wp-json\/wp\/v2\/media\/19411"}],"wp:attachment":[{"href":"https:\/\/tiketi.com\/fr-fr\/wp-json\/wp\/v2\/media?parent=11006"}],"curies":[{"name":"wp","href":"https:\/\/api.w.org\/{rel}","templated":true}]}}