{"id":11007,"date":"2022-01-19T12:54:05","date_gmt":"2022-01-19T11:54:05","guid":{"rendered":"https:\/\/new.tiketi.com\/extra-city-online-booking-bus-tickets-reservation\/"},"modified":"2022-02-11T23:42:28","modified_gmt":"2022-02-11T22:42:28","slug":"extra-city-buses","status":"publish","type":"page","link":"https:\/\/tiketi.com\/fr-fr\/extra-city-buses\/","title":{"rendered":"R\u00e9servation en ligne Extra City, billets de bus, itin\u00e9raires et tarifs"},"content":{"rendered":"<h2>R\u00e9servation de billets en ligne Extra City Bus<\/h2>\n<h3>D\u00e9couvrez votre itin\u00e9raire de voyage sur le web, le mobile ou l&#039;application et r\u00e9servez en ligne des billets de bus Extra City pas chers.<\/h3>\n<p>La r\u00e9servation en ligne d&#039;Extra City en toute simplicit\u00e9. ExtraCity Luxury est une soci\u00e9t\u00e9 de bus de passagers qui propose un transport quotidien s\u00fbr et abordable vers et depuis les chutes Victoria entre Bulawayo, Harare et Victoria Falls. Alors faites la r\u00e9servation de billets en ligne Extra City Bus maintenant!<\/p>\n<h2>FAQ sur la r\u00e9servation en ligne Extra City, les billets de bus, les itin\u00e9raires et les tarifs<\/h2>\n<h3>Quelles sont les lignes de bus Extra City ?<\/h3>\n<h4>Destinations de ville \u00e0 ville<\/h4>\n<p>Leur grande flotte op\u00e8re quotidiennement entre 3 grandes destinations, c&#039;est-\u00e0-dire Victoria, Harare, Bulawayo et les chutes, sans parler d&#039;autres endroits en cours de route. D&#039;autres arr\u00eats contiennent Kwekwe, Kadoma, Cheguti et Gweru.<\/p>\n<h3>Flotte de services de bus ExtraCity<\/h3>\n<p>Excellent d&#039;une d\u00e9cennie de service a le statut d&#039;entreprise familiale comme l&#039;un des meilleurs fournisseurs de transport et innovateurs du Zimbabwe. Leur politique d&#039;am\u00e9lioration continue de la flotte leur permet d&#039;exploiter une toute nouvelle flotte d&#039;autocars de luxe. Leurs entra\u00eeneurs sont relaxants, frais et propres.<\/p>\n<p>Les autocars de luxe Extracity s&#039;engagent pour un voyage plus amusant des passagers. C&#039;est \u00e0 ce titre que tous les autocars sont \u00e9quip\u00e9s de plasma HD, de sonorisation num\u00e9rique, d&#039;un full Dolby 7.1, et bient\u00f4t, d&#039;un acc\u00e8s hotspot Wifi.<\/p>\n<h3>Service et itin\u00e9raires d&#039;autobus Extracity<\/h3>\n<p>\u2022 Hwange<br \/>\n\u2022   Les chutes Victoria<br \/>\n\u2022 Harare<br \/>\n\u2022 Bulawayo<br \/>\n\u2022 Gweru<br \/>\n\u2022 Kadoma<br \/>\n\u2022 KWEKWE<br \/>\n\u2022 Chegutu<\/p>\n<h3>Quelles sont les coordonn\u00e9es des bus Extra City ?<\/h3>\n<p>Harar\u00e9\u00a0:<\/p>\n<p>120, avenue Samora Machel, en face du parc des expositions<\/p>\n<p>Bulawayo :<\/p>\n<p>5, rue Lobengula, Bulawayo<\/p>\n<h2>Conseils de r\u00e9servation de billets en ligne Extra City Bus<\/h2>\n<p>Service d&#039;autobus ExtraCity dont le seul mandat est de vous offrir une solution de voyage relaxante, luxueuse, s\u00e9curitaire et fiable. Ils travaillent en \u00e9quipe pour faire de votre voyage une meilleure exp\u00e9rience.<\/p>\n<p>Leur point important est de vous rendre heureux pour toujours, avant le trajet, apr\u00e8s et pendant le trajet. Les plus grands compliments qu&#039;ils peuvent recevoir sont ceux lorsqu&#039;un client dit qu&#039;il utilise son num\u00e9ro et son adresse d&#039;un autre client.<\/p>\n<h3>Services de location<\/h3>\n<p>Les services de location d&#039;autocars Extracity offrent des solutions de voyage rentables \u00e0 un large \u00e9ventail de groupes de clients d&#039;entreprises participant \u00e0 des r\u00e9unions, des conf\u00e9rences, des lancements, des sorties de jour comme de nuit, des visites, des mariages, des services religieux et d&#039;autres f\u00eates priv\u00e9es.<\/p>","protected":false},"excerpt":{"rendered":"<p>Extra City Bus Online Ticket Booking Discover your travel route on web, mobile or app and book cheap Extra City bus tickets online. Extra City&nbsp;online booking made easy.&nbsp;ExtraCity luxury is a passenger bus firm which provides safe and affordable daily to and from luxury transportation between Bulawayo, Harare, and Victoria Falls.&nbsp;So do Extra City Bus [&hellip;]<\/p>\n","protected":false},"author":1,"featured_media":13999,"parent":0,"menu_order":0,"comment_status":"open","ping_status":"closed","template":"template-home-modern.php","meta":{"footnotes":""},"class_list":["post-11007","page","type-page","status-publish","has-post-thumbnail","hentry"],"yoast_head":"<!-- This site is optimized with the Yoast SEO plugin v27.2 - https:\/\/yoast.com\/product\/yoast-seo-wordpress\/ -->\n<title>Extra City Online Booking, Bus Tickets, Routes &amp; Fares<\/title>\n<meta name=\"description\" content=\"Looking for Extra City online booking? Make a Extra City Bus online ticket booking online now and save time and money!\" \/>\n<meta name=\"robots\" content=\"index, follow, max-snippet:-1, max-image-preview:large, max-video-preview:-1\" \/>\n<link rel=\"canonical\" href=\"https:\/\/tiketi.com\/fr-fr\/extra-city-buses\/\" \/>\n<meta property=\"og:locale\" content=\"fr_FR\" \/>\n<meta property=\"og:type\" content=\"article\" \/>\n<meta property=\"og:title\" content=\"Extra City Online Booking, Bus Tickets, Routes &amp; Fares\" \/>\n<meta property=\"og:description\" content=\"Looking for Extra City online booking? Make a Extra City Bus online ticket booking online now and save time and money!\" \/>\n<meta property=\"og:url\" content=\"https:\/\/tiketi.com\/fr-fr\/extra-city-buses\/\" \/>\n<meta property=\"og:site_name\" content=\"Tiketi.com\" \/>\n<meta property=\"article:publisher\" content=\"https:\/\/www.facebook.com\/TiketiCom\/\" \/>\n<meta property=\"article:modified_time\" content=\"2022-02-11T22:42:28+00:00\" \/>\n<meta property=\"og:image\" content=\"https:\/\/tiketi.com\/wp-content\/uploads\/2022\/01\/bus-ticket-online-booking.jpg\" \/>\n\t<meta property=\"og:image:width\" content=\"1200\" \/>\n\t<meta property=\"og:image:height\" content=\"206\" \/>\n\t<meta property=\"og:image:type\" content=\"image\/jpeg\" \/>\n<meta name=\"twitter:card\" content=\"summary_large_image\" \/>\n<meta name=\"twitter:label1\" content=\"Dur\u00e9e de lecture estim\u00e9e\" \/>\n\t<meta name=\"twitter:data1\" content=\"2 minutes\" \/>\n<script type=\"application\/ld+json\" class=\"yoast-schema-graph\">{\"@context\":\"https:\/\/schema.org\",\"@graph\":[{\"@type\":\"WebPage\",\"@id\":\"https:\/\/tiketi.com\/extra-city-buses\/\",\"url\":\"https:\/\/tiketi.com\/extra-city-buses\/\",\"name\":\"Extra City Online Booking, Bus Tickets, Routes & Fares\",\"isPartOf\":{\"@id\":\"https:\/\/tiketi.com\/#website\"},\"primaryImageOfPage\":{\"@id\":\"https:\/\/tiketi.com\/extra-city-buses\/#primaryimage\"},\"image\":{\"@id\":\"https:\/\/tiketi.com\/extra-city-buses\/#primaryimage\"},\"thumbnailUrl\":\"https:\/\/tiketi.com\/wp-content\/uploads\/2022\/01\/bus-ticket-online-booking.jpg\",\"datePublished\":\"2022-01-19T11:54:05+00:00\",\"dateModified\":\"2022-02-11T22:42:28+00:00\",\"description\":\"Looking for Extra City online booking? Make a Extra City Bus online ticket booking online now and save time and money!\",\"breadcrumb\":{\"@id\":\"https:\/\/tiketi.com\/extra-city-buses\/#breadcrumb\"},\"inLanguage\":\"fr-FR\",\"potentialAction\":[{\"@type\":\"ReadAction\",\"target\":[\"https:\/\/tiketi.com\/extra-city-buses\/\"]}]},{\"@type\":\"ImageObject\",\"inLanguage\":\"fr-FR\",\"@id\":\"https:\/\/tiketi.com\/extra-city-buses\/#primaryimage\",\"url\":\"https:\/\/tiketi.com\/wp-content\/uploads\/2022\/01\/bus-ticket-online-booking.jpg\",\"contentUrl\":\"https:\/\/tiketi.com\/wp-content\/uploads\/2022\/01\/bus-ticket-online-booking.jpg\",\"width\":1200,\"height\":206,\"caption\":\"Online Bus Ticket Booking\"},{\"@type\":\"BreadcrumbList\",\"@id\":\"https:\/\/tiketi.com\/extra-city-buses\/#breadcrumb\",\"itemListElement\":[{\"@type\":\"ListItem\",\"position\":1,\"name\":\"Home\",\"item\":\"https:\/\/tiketi.com\/\"},{\"@type\":\"ListItem\",\"position\":2,\"name\":\"Extra City Online Booking, Bus Tickets, Routes &#038; Fares\"}]},{\"@type\":\"WebSite\",\"@id\":\"https:\/\/tiketi.com\/#website\",\"url\":\"https:\/\/tiketi.com\/\",\"name\":\"Flight & Bus Tickets, Tour Packages & Activitites - Tiketi.com\",\"description\":\"Flight &amp; Bus Tickets, Tours, Activitites\",\"publisher\":{\"@id\":\"https:\/\/tiketi.com\/#organization\"},\"potentialAction\":[{\"@type\":\"SearchAction\",\"target\":{\"@type\":\"EntryPoint\",\"urlTemplate\":\"https:\/\/tiketi.com\/?s={search_term_string}\"},\"query-input\":{\"@type\":\"PropertyValueSpecification\",\"valueRequired\":true,\"valueName\":\"search_term_string\"}}],\"inLanguage\":\"fr-FR\"},{\"@type\":\"Organization\",\"@id\":\"https:\/\/tiketi.com\/#organization\",\"name\":\"Tiketi.com\",\"alternateName\":\"Tiketi\",\"url\":\"https:\/\/tiketi.com\/\",\"logo\":{\"@type\":\"ImageObject\",\"inLanguage\":\"fr-FR\",\"@id\":\"https:\/\/tiketi.com\/#\/schema\/logo\/image\/\",\"url\":\"https:\/\/tiketi.com\/wp-content\/uploads\/2019\/05\/tiketi-logo-696.png\",\"contentUrl\":\"https:\/\/tiketi.com\/wp-content\/uploads\/2019\/05\/tiketi-logo-696.png\",\"width\":696,\"height\":696,\"caption\":\"Tiketi.com\"},\"image\":{\"@id\":\"https:\/\/tiketi.com\/#\/schema\/logo\/image\/\"},\"sameAs\":[\"https:\/\/www.facebook.com\/TiketiCom\/\"]}]}<\/script>\n<!-- \/ Yoast SEO plugin. -->","yoast_head_json":{"title":"R\u00e9servation en ligne Extra City, billets de bus, itin\u00e9raires et tarifs","description":"Vous recherchez une r\u00e9servation en ligne Extra City? Faites une r\u00e9servation en ligne de billets Extra City Bus en ligne maintenant et \u00e9conomisez du temps et de l&#039;argent!","robots":{"index":"index","follow":"follow","max-snippet":"max-snippet:-1","max-image-preview":"max-image-preview:large","max-video-preview":"max-video-preview:-1"},"canonical":"https:\/\/tiketi.com\/fr-fr\/extra-city-buses\/","og_locale":"fr_FR","og_type":"article","og_title":"Extra City Online Booking, Bus Tickets, Routes & Fares","og_description":"Looking for Extra City online booking? Make a Extra City Bus online ticket booking online now and save time and money!","og_url":"https:\/\/tiketi.com\/fr-fr\/extra-city-buses\/","og_site_name":"Tiketi.com","article_publisher":"https:\/\/www.facebook.com\/TiketiCom\/","article_modified_time":"2022-02-11T22:42:28+00:00","og_image":[{"width":1200,"height":206,"url":"https:\/\/tiketi.com\/wp-content\/uploads\/2022\/01\/bus-ticket-online-booking.jpg","type":"image\/jpeg"}],"twitter_card":"summary_large_image","twitter_misc":{"Dur\u00e9e de lecture estim\u00e9e":"2 minutes"},"schema":{"@context":"https:\/\/schema.org","@graph":[{"@type":"WebPage","@id":"https:\/\/tiketi.com\/extra-city-buses\/","url":"https:\/\/tiketi.com\/extra-city-buses\/","name":"R\u00e9servation en ligne Extra City, billets de bus, itin\u00e9raires et tarifs","isPartOf":{"@id":"https:\/\/tiketi.com\/#website"},"primaryImageOfPage":{"@id":"https:\/\/tiketi.com\/extra-city-buses\/#primaryimage"},"image":{"@id":"https:\/\/tiketi.com\/extra-city-buses\/#primaryimage"},"thumbnailUrl":"https:\/\/tiketi.com\/wp-content\/uploads\/2022\/01\/bus-ticket-online-booking.jpg","datePublished":"2022-01-19T11:54:05+00:00","dateModified":"2022-02-11T22:42:28+00:00","description":"Vous recherchez une r\u00e9servation en ligne Extra City? Faites une r\u00e9servation en ligne de billets Extra City Bus en ligne maintenant et \u00e9conomisez du temps et de l&#039;argent!","breadcrumb":{"@id":"https:\/\/tiketi.com\/extra-city-buses\/#breadcrumb"},"inLanguage":"fr-FR","potentialAction":[{"@type":"ReadAction","target":["https:\/\/tiketi.com\/extra-city-buses\/"]}]},{"@type":"ImageObject","inLanguage":"fr-FR","@id":"https:\/\/tiketi.com\/extra-city-buses\/#primaryimage","url":"https:\/\/tiketi.com\/wp-content\/uploads\/2022\/01\/bus-ticket-online-booking.jpg","contentUrl":"https:\/\/tiketi.com\/wp-content\/uploads\/2022\/01\/bus-ticket-online-booking.jpg","width":1200,"height":206,"caption":"Online Bus Ticket Booking"},{"@type":"BreadcrumbList","@id":"https:\/\/tiketi.com\/extra-city-buses\/#breadcrumb","itemListElement":[{"@type":"ListItem","position":1,"name":"Home","item":"https:\/\/tiketi.com\/"},{"@type":"ListItem","position":2,"name":"Extra City Online Booking, Bus Tickets, Routes &#038; Fares"}]},{"@type":"WebSite","@id":"https:\/\/tiketi.com\/#website","url":"https:\/\/tiketi.com\/","name":"Billets d&#039;avion et de bus, forfaits touristiques et activit\u00e9s - Tiketi.com","description":"Billets d&#039;avion et de bus, Tours, Activit\u00e9s","publisher":{"@id":"https:\/\/tiketi.com\/#organization"},"potentialAction":[{"@type":"SearchAction","target":{"@type":"EntryPoint","urlTemplate":"https:\/\/tiketi.com\/?s={search_term_string}"},"query-input":{"@type":"PropertyValueSpecification","valueRequired":true,"valueName":"search_term_string"}}],"inLanguage":"fr-FR"},{"@type":"Organization","@id":"https:\/\/tiketi.com\/#organization","name":"Tiketi.com","alternateName":"Tiketi","url":"https:\/\/tiketi.com\/","logo":{"@type":"ImageObject","inLanguage":"fr-FR","@id":"https:\/\/tiketi.com\/#\/schema\/logo\/image\/","url":"https:\/\/tiketi.com\/wp-content\/uploads\/2019\/05\/tiketi-logo-696.png","contentUrl":"https:\/\/tiketi.com\/wp-content\/uploads\/2019\/05\/tiketi-logo-696.png","width":696,"height":696,"caption":"Tiketi.com"},"image":{"@id":"https:\/\/tiketi.com\/#\/schema\/logo\/image\/"},"sameAs":["https:\/\/www.facebook.com\/TiketiCom\/"]}]}},"_links":{"self":[{"href":"https:\/\/tiketi.com\/fr-fr\/wp-json\/wp\/v2\/pages\/11007","targetHints":{"allow":["GET"]}}],"collection":[{"href":"https:\/\/tiketi.com\/fr-fr\/wp-json\/wp\/v2\/pages"}],"about":[{"href":"https:\/\/tiketi.com\/fr-fr\/wp-json\/wp\/v2\/types\/page"}],"author":[{"embeddable":true,"href":"https:\/\/tiketi.com\/fr-fr\/wp-json\/wp\/v2\/users\/1"}],"replies":[{"embeddable":true,"href":"https:\/\/tiketi.com\/fr-fr\/wp-json\/wp\/v2\/comments?post=11007"}],"version-history":[{"count":0,"href":"https:\/\/tiketi.com\/fr-fr\/wp-json\/wp\/v2\/pages\/11007\/revisions"}],"wp:featuredmedia":[{"embeddable":true,"href":"https:\/\/tiketi.com\/fr-fr\/wp-json\/wp\/v2\/media\/13999"}],"wp:attachment":[{"href":"https:\/\/tiketi.com\/fr-fr\/wp-json\/wp\/v2\/media?parent=11007"}],"curies":[{"name":"wp","href":"https:\/\/api.w.org\/{rel}","templated":true}]}}