{"id":11010,"date":"2022-01-19T12:54:07","date_gmt":"2022-01-19T11:54:07","guid":{"rendered":"https:\/\/new.tiketi.com\/dnc-coaches-online-booking-bus-tickets-reservation\/"},"modified":"2022-02-11T17:12:11","modified_gmt":"2022-02-11T16:12:11","slug":"dnc-coaches-buses","status":"publish","type":"page","link":"https:\/\/tiketi.com\/fr-fr\/dnc-coaches-buses\/","title":{"rendered":"R\u00e9servation en ligne des autocars DNC, billets de bus, itin\u00e9raires et tarifs"},"content":{"rendered":"<h2>DNC Coaches &amp; Bus R\u00e9servation de billets de bus en ligne<\/h2>\n<h3>D\u00e9couvrez votre itin\u00e9raire sur le Web, sur mobile ou sur une application et r\u00e9servez en ligne des billets DNC Coaches bon march\u00e9.<\/h3>\n<p>La r\u00e9servation en ligne des entra\u00eeneurs DNC est facilit\u00e9e. DNC Luxury Coaches est une soci\u00e9t\u00e9 de services de bus bas\u00e9e au Zimbabwe qui accueille des visiteurs \u00e0 l&#039;int\u00e9rieur du pays et des circuits transfrontaliers. Bien que bas\u00e9e au Zimbabwe, la soci\u00e9t\u00e9 est \u00e9galement bas\u00e9e en Afrique du Sud o\u00f9 elle op\u00e8re dans certaines grandes villes. Alors faites la r\u00e9servation de billets de bus en ligne DNC Coaches &amp; Bus d\u00e8s maintenant !<\/p>\n<h2>FAQ sur la r\u00e9servation en ligne des entra\u00eeneurs DNC<\/h2>\n<h3>Quels sont les itin\u00e9raires de bus DNC ?<\/h3>\n<p>Ils proposent des services de bus interurbains au Zimbabwe avec des d\u00e9parts quotidiens vers toutes les villes o\u00f9 ils ont des arr\u00eats et des destinations. Ils vous offrent un voyage en toute s\u00e9curit\u00e9 avec des services de r\u00e9servation accessibles dans leurs bureaux en les appelant pour avoir vos places.<\/p>\n<p>Ils proposent \u00e9galement des services transfrontaliers du Zimbabwe vers l&#039;Afrique du Sud avec des horaires sp\u00e9cifiques certains jours de la semaine. Ils ont des d\u00e9parts le samedi, mercredi et dimanche. Billets accessibles \u00e0 leur bureau et vous pouvez \u00e9galement les appeler pour r\u00e9server.<\/p>\n<h3>Flotte d&#039;autocars de luxe DNC<\/h3>\n<p>Ils ont une combinaison de flotte et tous sont un mod\u00e8le de bus Scania avec des carrosseries diff\u00e9rentes de nombreux fabricants. Ils ont des Scania Marcopolo G6, G7 et version touring, ils ont aussi MCV et Scania Irizar.<\/p>\n<p>Leurs bus disposent de si\u00e8ges inclinables avec suffisamment d&#039;espace pour les jambes pour vous offrir un voyage confortable, principalement lorsque vous embarquez pour un long voyage. Leurs bus disposent d&#039;un service de climatisation ainsi que d&#039;un syst\u00e8me de chargement USB pour certains de leurs bus.<\/p>\n<p>Des divertissements \u00e0 bord \u00e9galement accessibles pour vous rafra\u00eechir l&#039;esprit, ils ont \u00e9quip\u00e9 une grande t\u00e9l\u00e9vision \u00e0 \u00e9cran plasma pour vous et \u00e9galement le meilleur syst\u00e8me audio pour vous offrir de la musique fra\u00eeche tout au long du trajet.<\/p>\n<h3>Quelles sont les coordonn\u00e9es de DNC Autocars &amp; Bus ?<\/h3>\n<p>Harare, Zimbabw\u00e9<\/p>\n<h2>Conseils pour la r\u00e9servation de billets de bus en ligne DNC Coaches &amp; Bus<\/h2>\n<p>Les autocars de luxe DNC ont commenc\u00e9 leurs op\u00e9rations il y a plus d&#039;une d\u00e9cennie et gagnent un statut remarquable aupr\u00e8s de leurs clients. C&#039;est l&#039;une des principales compagnies de bus qui dessert les itin\u00e9raires du Zimbabwe vers l&#039;Afrique du Sud avec des d\u00e9parts programm\u00e9s.<\/p>","protected":false},"excerpt":{"rendered":"<p>DNC Coaches &amp;&nbsp;Bus Online Bus Ticket Booking Discover your travel route on web, mobile or app and book cheap DNC Coaches tickets online. DNC Coaches&nbsp;online booking made easy.&nbsp;DNC luxury coaches is a Zimbabwe based bus services firm which have visitors within country and cross boarder tours. Though it based in Zimbabwe, the firm also have [&hellip;]<\/p>\n","protected":false},"author":1,"featured_media":13999,"parent":0,"menu_order":0,"comment_status":"open","ping_status":"closed","template":"template-home-modern.php","meta":{"footnotes":""},"class_list":["post-11010","page","type-page","status-publish","has-post-thumbnail","hentry"],"yoast_head":"<!-- This site is optimized with the Yoast SEO plugin v27.2 - https:\/\/yoast.com\/product\/yoast-seo-wordpress\/ -->\n<title>DNC Coaches Online Booking, Bus Tickets, Routes &amp; Fares<\/title>\n<meta name=\"description\" content=\"Looking for DNC Coaches Online Booking, app, contacts, route, fare and schedule? Make a cheap DNC bus online bus ticket booking now and save\" \/>\n<meta name=\"robots\" content=\"index, follow, max-snippet:-1, max-image-preview:large, max-video-preview:-1\" \/>\n<link rel=\"canonical\" href=\"https:\/\/tiketi.com\/fr-fr\/dnc-coaches-buses\/\" \/>\n<meta property=\"og:locale\" content=\"fr_FR\" \/>\n<meta property=\"og:type\" content=\"article\" \/>\n<meta property=\"og:title\" content=\"DNC Coaches Online Booking, Bus Tickets, Routes &amp; Fares\" \/>\n<meta property=\"og:description\" content=\"Looking for DNC Coaches Online Booking, app, contacts, route, fare and schedule? Make a cheap DNC bus online bus ticket booking now and save\" \/>\n<meta property=\"og:url\" content=\"https:\/\/tiketi.com\/fr-fr\/dnc-coaches-buses\/\" \/>\n<meta property=\"og:site_name\" content=\"Tiketi.com\" \/>\n<meta property=\"article:publisher\" content=\"https:\/\/www.facebook.com\/TiketiCom\/\" \/>\n<meta property=\"article:modified_time\" content=\"2022-02-11T16:12:11+00:00\" \/>\n<meta property=\"og:image\" content=\"https:\/\/tiketi.com\/wp-content\/uploads\/2022\/01\/bus-ticket-online-booking.jpg\" \/>\n\t<meta property=\"og:image:width\" content=\"1200\" \/>\n\t<meta property=\"og:image:height\" content=\"206\" \/>\n\t<meta property=\"og:image:type\" content=\"image\/jpeg\" \/>\n<meta name=\"twitter:card\" content=\"summary_large_image\" \/>\n<meta name=\"twitter:label1\" content=\"Dur\u00e9e de lecture estim\u00e9e\" \/>\n\t<meta name=\"twitter:data1\" content=\"2 minutes\" \/>\n<script type=\"application\/ld+json\" class=\"yoast-schema-graph\">{\"@context\":\"https:\/\/schema.org\",\"@graph\":[{\"@type\":\"WebPage\",\"@id\":\"https:\/\/tiketi.com\/dnc-coaches-buses\/\",\"url\":\"https:\/\/tiketi.com\/dnc-coaches-buses\/\",\"name\":\"DNC Coaches Online Booking, Bus Tickets, Routes & Fares\",\"isPartOf\":{\"@id\":\"https:\/\/tiketi.com\/#website\"},\"primaryImageOfPage\":{\"@id\":\"https:\/\/tiketi.com\/dnc-coaches-buses\/#primaryimage\"},\"image\":{\"@id\":\"https:\/\/tiketi.com\/dnc-coaches-buses\/#primaryimage\"},\"thumbnailUrl\":\"https:\/\/tiketi.com\/wp-content\/uploads\/2022\/01\/bus-ticket-online-booking.jpg\",\"datePublished\":\"2022-01-19T11:54:07+00:00\",\"dateModified\":\"2022-02-11T16:12:11+00:00\",\"description\":\"Looking for DNC Coaches Online Booking, app, contacts, route, fare and schedule? Make a cheap DNC bus online bus ticket booking now and save\",\"breadcrumb\":{\"@id\":\"https:\/\/tiketi.com\/dnc-coaches-buses\/#breadcrumb\"},\"inLanguage\":\"fr-FR\",\"potentialAction\":[{\"@type\":\"ReadAction\",\"target\":[\"https:\/\/tiketi.com\/dnc-coaches-buses\/\"]}]},{\"@type\":\"ImageObject\",\"inLanguage\":\"fr-FR\",\"@id\":\"https:\/\/tiketi.com\/dnc-coaches-buses\/#primaryimage\",\"url\":\"https:\/\/tiketi.com\/wp-content\/uploads\/2022\/01\/bus-ticket-online-booking.jpg\",\"contentUrl\":\"https:\/\/tiketi.com\/wp-content\/uploads\/2022\/01\/bus-ticket-online-booking.jpg\",\"width\":1200,\"height\":206,\"caption\":\"Online Bus Ticket Booking\"},{\"@type\":\"BreadcrumbList\",\"@id\":\"https:\/\/tiketi.com\/dnc-coaches-buses\/#breadcrumb\",\"itemListElement\":[{\"@type\":\"ListItem\",\"position\":1,\"name\":\"Home\",\"item\":\"https:\/\/tiketi.com\/\"},{\"@type\":\"ListItem\",\"position\":2,\"name\":\"DNC Coaches Online Booking, Bus Tickets, Routes &#038; Fares\"}]},{\"@type\":\"WebSite\",\"@id\":\"https:\/\/tiketi.com\/#website\",\"url\":\"https:\/\/tiketi.com\/\",\"name\":\"Flight & Bus Tickets, Tour Packages & Activitites - Tiketi.com\",\"description\":\"Flight &amp; Bus Tickets, Tours, Activitites\",\"publisher\":{\"@id\":\"https:\/\/tiketi.com\/#organization\"},\"potentialAction\":[{\"@type\":\"SearchAction\",\"target\":{\"@type\":\"EntryPoint\",\"urlTemplate\":\"https:\/\/tiketi.com\/?s={search_term_string}\"},\"query-input\":{\"@type\":\"PropertyValueSpecification\",\"valueRequired\":true,\"valueName\":\"search_term_string\"}}],\"inLanguage\":\"fr-FR\"},{\"@type\":\"Organization\",\"@id\":\"https:\/\/tiketi.com\/#organization\",\"name\":\"Tiketi.com\",\"alternateName\":\"Tiketi\",\"url\":\"https:\/\/tiketi.com\/\",\"logo\":{\"@type\":\"ImageObject\",\"inLanguage\":\"fr-FR\",\"@id\":\"https:\/\/tiketi.com\/#\/schema\/logo\/image\/\",\"url\":\"https:\/\/tiketi.com\/wp-content\/uploads\/2019\/05\/tiketi-logo-696.png\",\"contentUrl\":\"https:\/\/tiketi.com\/wp-content\/uploads\/2019\/05\/tiketi-logo-696.png\",\"width\":696,\"height\":696,\"caption\":\"Tiketi.com\"},\"image\":{\"@id\":\"https:\/\/tiketi.com\/#\/schema\/logo\/image\/\"},\"sameAs\":[\"https:\/\/www.facebook.com\/TiketiCom\/\"]}]}<\/script>\n<!-- \/ Yoast SEO plugin. -->","yoast_head_json":{"title":"R\u00e9servation en ligne des autocars DNC, billets de bus, itin\u00e9raires et tarifs","description":"Vous recherchez la r\u00e9servation en ligne des entra\u00eeneurs DNC, l&#039;application, les contacts, l&#039;itin\u00e9raire, le tarif et les horaires\u00a0? R\u00e9servez d\u00e8s maintenant votre billet de bus en ligne pour le bus DNC et \u00e9conomisez","robots":{"index":"index","follow":"follow","max-snippet":"max-snippet:-1","max-image-preview":"max-image-preview:large","max-video-preview":"max-video-preview:-1"},"canonical":"https:\/\/tiketi.com\/fr-fr\/dnc-coaches-buses\/","og_locale":"fr_FR","og_type":"article","og_title":"DNC Coaches Online Booking, Bus Tickets, Routes & Fares","og_description":"Looking for DNC Coaches Online Booking, app, contacts, route, fare and schedule? Make a cheap DNC bus online bus ticket booking now and save","og_url":"https:\/\/tiketi.com\/fr-fr\/dnc-coaches-buses\/","og_site_name":"Tiketi.com","article_publisher":"https:\/\/www.facebook.com\/TiketiCom\/","article_modified_time":"2022-02-11T16:12:11+00:00","og_image":[{"width":1200,"height":206,"url":"https:\/\/tiketi.com\/wp-content\/uploads\/2022\/01\/bus-ticket-online-booking.jpg","type":"image\/jpeg"}],"twitter_card":"summary_large_image","twitter_misc":{"Dur\u00e9e de lecture estim\u00e9e":"2 minutes"},"schema":{"@context":"https:\/\/schema.org","@graph":[{"@type":"WebPage","@id":"https:\/\/tiketi.com\/dnc-coaches-buses\/","url":"https:\/\/tiketi.com\/dnc-coaches-buses\/","name":"R\u00e9servation en ligne des autocars DNC, billets de bus, itin\u00e9raires et tarifs","isPartOf":{"@id":"https:\/\/tiketi.com\/#website"},"primaryImageOfPage":{"@id":"https:\/\/tiketi.com\/dnc-coaches-buses\/#primaryimage"},"image":{"@id":"https:\/\/tiketi.com\/dnc-coaches-buses\/#primaryimage"},"thumbnailUrl":"https:\/\/tiketi.com\/wp-content\/uploads\/2022\/01\/bus-ticket-online-booking.jpg","datePublished":"2022-01-19T11:54:07+00:00","dateModified":"2022-02-11T16:12:11+00:00","description":"Vous recherchez la r\u00e9servation en ligne des entra\u00eeneurs DNC, l&#039;application, les contacts, l&#039;itin\u00e9raire, le tarif et les horaires\u00a0? R\u00e9servez d\u00e8s maintenant votre billet de bus en ligne pour le bus DNC et \u00e9conomisez","breadcrumb":{"@id":"https:\/\/tiketi.com\/dnc-coaches-buses\/#breadcrumb"},"inLanguage":"fr-FR","potentialAction":[{"@type":"ReadAction","target":["https:\/\/tiketi.com\/dnc-coaches-buses\/"]}]},{"@type":"ImageObject","inLanguage":"fr-FR","@id":"https:\/\/tiketi.com\/dnc-coaches-buses\/#primaryimage","url":"https:\/\/tiketi.com\/wp-content\/uploads\/2022\/01\/bus-ticket-online-booking.jpg","contentUrl":"https:\/\/tiketi.com\/wp-content\/uploads\/2022\/01\/bus-ticket-online-booking.jpg","width":1200,"height":206,"caption":"Online Bus Ticket Booking"},{"@type":"BreadcrumbList","@id":"https:\/\/tiketi.com\/dnc-coaches-buses\/#breadcrumb","itemListElement":[{"@type":"ListItem","position":1,"name":"Home","item":"https:\/\/tiketi.com\/"},{"@type":"ListItem","position":2,"name":"DNC Coaches Online Booking, Bus Tickets, Routes &#038; Fares"}]},{"@type":"WebSite","@id":"https:\/\/tiketi.com\/#website","url":"https:\/\/tiketi.com\/","name":"Billets d&#039;avion et de bus, forfaits touristiques et activit\u00e9s - Tiketi.com","description":"Billets d&#039;avion et de bus, Tours, Activit\u00e9s","publisher":{"@id":"https:\/\/tiketi.com\/#organization"},"potentialAction":[{"@type":"SearchAction","target":{"@type":"EntryPoint","urlTemplate":"https:\/\/tiketi.com\/?s={search_term_string}"},"query-input":{"@type":"PropertyValueSpecification","valueRequired":true,"valueName":"search_term_string"}}],"inLanguage":"fr-FR"},{"@type":"Organization","@id":"https:\/\/tiketi.com\/#organization","name":"Tiketi.com","alternateName":"Tiketi","url":"https:\/\/tiketi.com\/","logo":{"@type":"ImageObject","inLanguage":"fr-FR","@id":"https:\/\/tiketi.com\/#\/schema\/logo\/image\/","url":"https:\/\/tiketi.com\/wp-content\/uploads\/2019\/05\/tiketi-logo-696.png","contentUrl":"https:\/\/tiketi.com\/wp-content\/uploads\/2019\/05\/tiketi-logo-696.png","width":696,"height":696,"caption":"Tiketi.com"},"image":{"@id":"https:\/\/tiketi.com\/#\/schema\/logo\/image\/"},"sameAs":["https:\/\/www.facebook.com\/TiketiCom\/"]}]}},"_links":{"self":[{"href":"https:\/\/tiketi.com\/fr-fr\/wp-json\/wp\/v2\/pages\/11010","targetHints":{"allow":["GET"]}}],"collection":[{"href":"https:\/\/tiketi.com\/fr-fr\/wp-json\/wp\/v2\/pages"}],"about":[{"href":"https:\/\/tiketi.com\/fr-fr\/wp-json\/wp\/v2\/types\/page"}],"author":[{"embeddable":true,"href":"https:\/\/tiketi.com\/fr-fr\/wp-json\/wp\/v2\/users\/1"}],"replies":[{"embeddable":true,"href":"https:\/\/tiketi.com\/fr-fr\/wp-json\/wp\/v2\/comments?post=11010"}],"version-history":[{"count":0,"href":"https:\/\/tiketi.com\/fr-fr\/wp-json\/wp\/v2\/pages\/11010\/revisions"}],"wp:featuredmedia":[{"embeddable":true,"href":"https:\/\/tiketi.com\/fr-fr\/wp-json\/wp\/v2\/media\/13999"}],"wp:attachment":[{"href":"https:\/\/tiketi.com\/fr-fr\/wp-json\/wp\/v2\/media?parent=11010"}],"curies":[{"name":"wp","href":"https:\/\/api.w.org\/{rel}","templated":true}]}}