{"id":11012,"date":"2022-01-19T12:54:07","date_gmt":"2022-01-19T11:54:07","guid":{"rendered":"https:\/\/new.tiketi.com\/cag-coaches-online-booking-bus-tickets-reservation\/"},"modified":"2022-02-01T16:15:05","modified_gmt":"2022-02-01T15:15:05","slug":"cag-coaches-buses","status":"publish","type":"page","link":"https:\/\/tiketi.com\/fr-fr\/cag-coaches-buses\/","title":{"rendered":"R\u00e9servation en ligne des entra\u00eeneurs CAG, billets d&#039;autobus, itin\u00e9raire et tarif"},"content":{"rendered":"<h2>CAG Coaches R\u00e9servation de billets d&#039;autobus en ligne<\/h2>\n<h3>D\u00e9couvrez votre itin\u00e9raire de voyage sur le web, le mobile ou l&#039;application et r\u00e9servez des billets pas chers CAG Coaches en ligne d\u00e8s maintenant.<\/h3>\n<p>CAG Coaches r\u00e9servation en ligne facile. Les autocars et bus CAG sont une entreprise leader qui offre une atmosph\u00e8re des plus s\u00fbres, un service de transport public efficace et de qualit\u00e9 sup\u00e9rieure dans la r\u00e9gion de la SADC et du Zimbabwe. Il en va de m\u00eame pour la r\u00e9servation de billets de bus en ligne CAG Coaches d\u00e8s maintenant\u00a0!<\/p>\n<h2>FAQ sur la r\u00e9servation en ligne des entra\u00eeneurs de l&#039;ACG<\/h2>\n<h3>Quels sont les itin\u00e9raires des bus et cars CAG ?<\/h3>\n<p>\u2022 Harare \u00e0 Bulawayo<br \/>\n\u2022 Harare \u00e0 Kariba<br \/>\n\u2022 Harare \u00e0 Bonda \u00e0 Sagambe<br \/>\n\u2022 Harare \u00e0 Bonda \u00e0 Mandeya<br \/>\n\u2022 Harare \u00e0 Bulawayo \u00e0 Victoria Falls (rafra\u00eechissements \u00e0 bord<br \/>\n\u2022 Harare \u00e0 Gokwe \u00e0 Chitekete (rafra\u00eechissements \u00e0 bord)<br \/>\n\u2022 Harare \u00e0 Mutare \u00e0 Katiya<br \/>\n\u2022 Harare \u00e0 Avila \u00e0 Murehwa<br \/>\n\u2022 Harare \u00e0 Murehwa \u00e0 Fombe<br \/>\n\u2022 Harare \u00e0 Mukumbura \u00e0 Hoya<br \/>\n\u2022 Harare \u00e0 Muzarabani \u00e0 Chadereka<br \/>\n\u2022 Harare \u00e0 Mukumbura \u00e0 Chiwaga<br \/>\n\u2022 Bulawayo \u00e0 Gokwe \u00e0 Chiteket<br \/>\n\u2022 Karoi \u00e0 Kazangarare \u00e0 Chibara<\/p>\n<h3>Autocars et flotte d&#039;autobus CAG<\/h3>\n<p>Leur flotte comprend 54 places, 45 places, 63 places, 57 places, 66 places et 70 places avec les sp\u00e9cifications ci-dessous sur les autocars s\u00e9lectionn\u00e9s\u00a0:<\/p>\n<p>\u2022 une bagagerie s\u00e9curis\u00e9e<br \/>\n\u2022 Conducteurs experts form\u00e9s<br \/>\n\u2022 Prises de charge USB pour smartphone sur chaque si\u00e8ge<br \/>\n\u2022 Si\u00e8ge relax<br \/>\n\u2022 Atmosph\u00e8re de voyage s\u00fbre et dossier de s\u00e9curit\u00e9 imbattable<br \/>\n\u2022 Service de r\u00e9servation simple 24 heures sur 24<br \/>\n\u2022 Divertissement visuel et audio<br \/>\n\u2022   Si\u00e8ge inclinable<\/p>\n<h3>Quelles sont les coordonn\u00e9es des autocars CAG ?<\/h3>\n<p>Bus et bureaux CAG Coaches<br \/>\nD\u00e9p\u00f4t principal<br \/>\n1223 Tynwald Sud<br \/>\nHarar\u00e9, 00263<\/p>\n<h2>CAG Coaches Conseils de r\u00e9servation de billets d&#039;autobus en ligne<\/h2>\n<p>Ils relient les clients aux personnes, aux services et aux lieux qui am\u00e9liorent le niveau et le plaisir de leur vie en offrant la technologie, l&#039;\u00e9quipement, les connaissances professionnelles et l&#039;exp\u00e9rience n\u00e9cessaires pour g\u00e9rer et exploiter un syst\u00e8me de transport terrestre s\u00fbr, relaxant et rentable.<\/p>","protected":false},"excerpt":{"rendered":"<p>CAG Coaches Online Bus Ticket Booking Discover your travel route on web, mobile or app and book cheap CAG Coaches tickets online now. CAG Coaches\u00a0online booking made easy. CAG coaches and bus is a leading firm that offers safest atmosphere, efficient and top standard public transportation service in SADC and Zimbabwe area.\u00a0So do CAG Coaches [&hellip;]<\/p>\n","protected":false},"author":1,"featured_media":13999,"parent":0,"menu_order":0,"comment_status":"open","ping_status":"closed","template":"template-home-modern.php","meta":{"footnotes":""},"class_list":["post-11012","page","type-page","status-publish","has-post-thumbnail","hentry"],"yoast_head":"<!-- This site is optimized with the Yoast SEO plugin v27.3 - https:\/\/yoast.com\/product\/yoast-seo-wordpress\/ -->\n<title>CAG Coaches Online Booking, Bus Tickets, Route &amp; Fare<\/title>\n<meta name=\"description\" content=\"Looking for CAG Coaches online booking, app, route, distance, fare &amp; schedule? Do a CAG Coaches online bus ticket booking online now\" \/>\n<meta name=\"robots\" content=\"index, follow, max-snippet:-1, max-image-preview:large, max-video-preview:-1\" \/>\n<link rel=\"canonical\" href=\"https:\/\/tiketi.com\/fr-fr\/cag-coaches-buses\/\" \/>\n<meta property=\"og:locale\" content=\"fr_FR\" \/>\n<meta property=\"og:type\" content=\"article\" \/>\n<meta property=\"og:title\" content=\"CAG Coaches Online Booking, Bus Tickets, Route &amp; Fare\" \/>\n<meta property=\"og:description\" content=\"Looking for CAG Coaches online booking, app, route, distance, fare &amp; schedule? Do a CAG Coaches online bus ticket booking online now\" \/>\n<meta property=\"og:url\" content=\"https:\/\/tiketi.com\/fr-fr\/cag-coaches-buses\/\" \/>\n<meta property=\"og:site_name\" content=\"Tiketi.com\" \/>\n<meta property=\"article:publisher\" content=\"https:\/\/www.facebook.com\/TiketiCom\/\" \/>\n<meta property=\"article:modified_time\" content=\"2022-02-01T15:15:05+00:00\" \/>\n<meta property=\"og:image\" content=\"https:\/\/tiketi.com\/wp-content\/uploads\/2022\/01\/bus-ticket-online-booking.jpg\" \/>\n\t<meta property=\"og:image:width\" content=\"1200\" \/>\n\t<meta property=\"og:image:height\" content=\"206\" \/>\n\t<meta property=\"og:image:type\" content=\"image\/jpeg\" \/>\n<meta name=\"twitter:card\" content=\"summary_large_image\" \/>\n<meta name=\"twitter:label1\" content=\"Dur\u00e9e de lecture estim\u00e9e\" \/>\n\t<meta name=\"twitter:data1\" content=\"2 minutes\" \/>\n<script type=\"application\/ld+json\" class=\"yoast-schema-graph\">{\"@context\":\"https:\\\/\\\/schema.org\",\"@graph\":[{\"@type\":\"WebPage\",\"@id\":\"https:\\\/\\\/tiketi.com\\\/cag-coaches-buses\\\/\",\"url\":\"https:\\\/\\\/tiketi.com\\\/cag-coaches-buses\\\/\",\"name\":\"CAG Coaches Online Booking, Bus Tickets, Route & Fare\",\"isPartOf\":{\"@id\":\"https:\\\/\\\/tiketi.com\\\/#website\"},\"primaryImageOfPage\":{\"@id\":\"https:\\\/\\\/tiketi.com\\\/cag-coaches-buses\\\/#primaryimage\"},\"image\":{\"@id\":\"https:\\\/\\\/tiketi.com\\\/cag-coaches-buses\\\/#primaryimage\"},\"thumbnailUrl\":\"https:\\\/\\\/tiketi.com\\\/wp-content\\\/uploads\\\/2022\\\/01\\\/bus-ticket-online-booking.jpg\",\"datePublished\":\"2022-01-19T11:54:07+00:00\",\"dateModified\":\"2022-02-01T15:15:05+00:00\",\"description\":\"Looking for CAG Coaches online booking, app, route, distance, fare & schedule? Do a CAG Coaches online bus ticket booking online now\",\"breadcrumb\":{\"@id\":\"https:\\\/\\\/tiketi.com\\\/cag-coaches-buses\\\/#breadcrumb\"},\"inLanguage\":\"fr-FR\",\"potentialAction\":[{\"@type\":\"ReadAction\",\"target\":[\"https:\\\/\\\/tiketi.com\\\/cag-coaches-buses\\\/\"]}]},{\"@type\":\"ImageObject\",\"inLanguage\":\"fr-FR\",\"@id\":\"https:\\\/\\\/tiketi.com\\\/cag-coaches-buses\\\/#primaryimage\",\"url\":\"https:\\\/\\\/tiketi.com\\\/wp-content\\\/uploads\\\/2022\\\/01\\\/bus-ticket-online-booking.jpg\",\"contentUrl\":\"https:\\\/\\\/tiketi.com\\\/wp-content\\\/uploads\\\/2022\\\/01\\\/bus-ticket-online-booking.jpg\",\"width\":1200,\"height\":206,\"caption\":\"Online Bus Ticket Booking\"},{\"@type\":\"BreadcrumbList\",\"@id\":\"https:\\\/\\\/tiketi.com\\\/cag-coaches-buses\\\/#breadcrumb\",\"itemListElement\":[{\"@type\":\"ListItem\",\"position\":1,\"name\":\"Home\",\"item\":\"https:\\\/\\\/tiketi.com\\\/\"},{\"@type\":\"ListItem\",\"position\":2,\"name\":\"CAG Coaches Online Booking, Bus Tickets, Route &#038; Fare\"}]},{\"@type\":\"WebSite\",\"@id\":\"https:\\\/\\\/tiketi.com\\\/#website\",\"url\":\"https:\\\/\\\/tiketi.com\\\/\",\"name\":\"Flight & Bus Tickets, Tour Packages & Activitites - Tiketi.com\",\"description\":\"Flight &amp; Bus Tickets, Tours, Activitites\",\"publisher\":{\"@id\":\"https:\\\/\\\/tiketi.com\\\/#organization\"},\"potentialAction\":[{\"@type\":\"SearchAction\",\"target\":{\"@type\":\"EntryPoint\",\"urlTemplate\":\"https:\\\/\\\/tiketi.com\\\/?s={search_term_string}\"},\"query-input\":{\"@type\":\"PropertyValueSpecification\",\"valueRequired\":true,\"valueName\":\"search_term_string\"}}],\"inLanguage\":\"fr-FR\"},{\"@type\":\"Organization\",\"@id\":\"https:\\\/\\\/tiketi.com\\\/#organization\",\"name\":\"Tiketi.com\",\"alternateName\":\"Tiketi\",\"url\":\"https:\\\/\\\/tiketi.com\\\/\",\"logo\":{\"@type\":\"ImageObject\",\"inLanguage\":\"fr-FR\",\"@id\":\"https:\\\/\\\/tiketi.com\\\/#\\\/schema\\\/logo\\\/image\\\/\",\"url\":\"https:\\\/\\\/tiketi.com\\\/wp-content\\\/uploads\\\/2019\\\/05\\\/tiketi-logo-696.png\",\"contentUrl\":\"https:\\\/\\\/tiketi.com\\\/wp-content\\\/uploads\\\/2019\\\/05\\\/tiketi-logo-696.png\",\"width\":696,\"height\":696,\"caption\":\"Tiketi.com\"},\"image\":{\"@id\":\"https:\\\/\\\/tiketi.com\\\/#\\\/schema\\\/logo\\\/image\\\/\"},\"sameAs\":[\"https:\\\/\\\/www.facebook.com\\\/TiketiCom\\\/\"]}]}<\/script>\n<!-- \/ Yoast SEO plugin. -->","yoast_head_json":{"title":"R\u00e9servation en ligne des entra\u00eeneurs CAG, billets d&#039;autobus, itin\u00e9raire et tarif","description":"Vous recherchez une r\u00e9servation en ligne, une application, un itin\u00e9raire, une distance, un tarif et un horaire pour les entra\u00eeneurs CAG\u00a0? Faites une r\u00e9servation de billets de bus en ligne CAG Coaches en ligne maintenant","robots":{"index":"index","follow":"follow","max-snippet":"max-snippet:-1","max-image-preview":"max-image-preview:large","max-video-preview":"max-video-preview:-1"},"canonical":"https:\/\/tiketi.com\/fr-fr\/cag-coaches-buses\/","og_locale":"fr_FR","og_type":"article","og_title":"CAG Coaches Online Booking, Bus Tickets, Route & Fare","og_description":"Looking for CAG Coaches online booking, app, route, distance, fare & schedule? Do a CAG Coaches online bus ticket booking online now","og_url":"https:\/\/tiketi.com\/fr-fr\/cag-coaches-buses\/","og_site_name":"Tiketi.com","article_publisher":"https:\/\/www.facebook.com\/TiketiCom\/","article_modified_time":"2022-02-01T15:15:05+00:00","og_image":[{"width":1200,"height":206,"url":"https:\/\/tiketi.com\/wp-content\/uploads\/2022\/01\/bus-ticket-online-booking.jpg","type":"image\/jpeg"}],"twitter_card":"summary_large_image","twitter_misc":{"Dur\u00e9e de lecture estim\u00e9e":"2 minutes"},"schema":{"@context":"https:\/\/schema.org","@graph":[{"@type":"WebPage","@id":"https:\/\/tiketi.com\/cag-coaches-buses\/","url":"https:\/\/tiketi.com\/cag-coaches-buses\/","name":"R\u00e9servation en ligne des entra\u00eeneurs CAG, billets d&#039;autobus, itin\u00e9raire et tarif","isPartOf":{"@id":"https:\/\/tiketi.com\/#website"},"primaryImageOfPage":{"@id":"https:\/\/tiketi.com\/cag-coaches-buses\/#primaryimage"},"image":{"@id":"https:\/\/tiketi.com\/cag-coaches-buses\/#primaryimage"},"thumbnailUrl":"https:\/\/tiketi.com\/wp-content\/uploads\/2022\/01\/bus-ticket-online-booking.jpg","datePublished":"2022-01-19T11:54:07+00:00","dateModified":"2022-02-01T15:15:05+00:00","description":"Vous recherchez une r\u00e9servation en ligne, une application, un itin\u00e9raire, une distance, un tarif et un horaire pour les entra\u00eeneurs CAG\u00a0? Faites une r\u00e9servation de billets de bus en ligne CAG Coaches en ligne maintenant","breadcrumb":{"@id":"https:\/\/tiketi.com\/cag-coaches-buses\/#breadcrumb"},"inLanguage":"fr-FR","potentialAction":[{"@type":"ReadAction","target":["https:\/\/tiketi.com\/cag-coaches-buses\/"]}]},{"@type":"ImageObject","inLanguage":"fr-FR","@id":"https:\/\/tiketi.com\/cag-coaches-buses\/#primaryimage","url":"https:\/\/tiketi.com\/wp-content\/uploads\/2022\/01\/bus-ticket-online-booking.jpg","contentUrl":"https:\/\/tiketi.com\/wp-content\/uploads\/2022\/01\/bus-ticket-online-booking.jpg","width":1200,"height":206,"caption":"Online Bus Ticket Booking"},{"@type":"BreadcrumbList","@id":"https:\/\/tiketi.com\/cag-coaches-buses\/#breadcrumb","itemListElement":[{"@type":"ListItem","position":1,"name":"Home","item":"https:\/\/tiketi.com\/"},{"@type":"ListItem","position":2,"name":"CAG Coaches Online Booking, Bus Tickets, Route &#038; Fare"}]},{"@type":"WebSite","@id":"https:\/\/tiketi.com\/#website","url":"https:\/\/tiketi.com\/","name":"Billets d&#039;avion et de bus, forfaits touristiques et activit\u00e9s - Tiketi.com","description":"Billets d&#039;avion et de bus, Tours, Activit\u00e9s","publisher":{"@id":"https:\/\/tiketi.com\/#organization"},"potentialAction":[{"@type":"SearchAction","target":{"@type":"EntryPoint","urlTemplate":"https:\/\/tiketi.com\/?s={search_term_string}"},"query-input":{"@type":"PropertyValueSpecification","valueRequired":true,"valueName":"search_term_string"}}],"inLanguage":"fr-FR"},{"@type":"Organization","@id":"https:\/\/tiketi.com\/#organization","name":"Tiketi.com","alternateName":"Tiketi","url":"https:\/\/tiketi.com\/","logo":{"@type":"ImageObject","inLanguage":"fr-FR","@id":"https:\/\/tiketi.com\/#\/schema\/logo\/image\/","url":"https:\/\/tiketi.com\/wp-content\/uploads\/2019\/05\/tiketi-logo-696.png","contentUrl":"https:\/\/tiketi.com\/wp-content\/uploads\/2019\/05\/tiketi-logo-696.png","width":696,"height":696,"caption":"Tiketi.com"},"image":{"@id":"https:\/\/tiketi.com\/#\/schema\/logo\/image\/"},"sameAs":["https:\/\/www.facebook.com\/TiketiCom\/"]}]}},"_links":{"self":[{"href":"https:\/\/tiketi.com\/fr-fr\/wp-json\/wp\/v2\/pages\/11012","targetHints":{"allow":["GET"]}}],"collection":[{"href":"https:\/\/tiketi.com\/fr-fr\/wp-json\/wp\/v2\/pages"}],"about":[{"href":"https:\/\/tiketi.com\/fr-fr\/wp-json\/wp\/v2\/types\/page"}],"author":[{"embeddable":true,"href":"https:\/\/tiketi.com\/fr-fr\/wp-json\/wp\/v2\/users\/1"}],"replies":[{"embeddable":true,"href":"https:\/\/tiketi.com\/fr-fr\/wp-json\/wp\/v2\/comments?post=11012"}],"version-history":[{"count":0,"href":"https:\/\/tiketi.com\/fr-fr\/wp-json\/wp\/v2\/pages\/11012\/revisions"}],"wp:featuredmedia":[{"embeddable":true,"href":"https:\/\/tiketi.com\/fr-fr\/wp-json\/wp\/v2\/media\/13999"}],"wp:attachment":[{"href":"https:\/\/tiketi.com\/fr-fr\/wp-json\/wp\/v2\/media?parent=11012"}],"curies":[{"name":"wp","href":"https:\/\/api.w.org\/{rel}","templated":true}]}}