{"id":11014,"date":"2022-01-19T12:54:07","date_gmt":"2022-01-19T11:54:07","guid":{"rendered":"https:\/\/new.tiketi.com\/bravo-tours-online-booking-bus-tickets-reservation\/"},"modified":"2022-10-24T11:52:43","modified_gmt":"2022-10-24T10:52:43","slug":"bravo-tours-buses","status":"publish","type":"page","link":"https:\/\/tiketi.com\/fr-fr\/bravo-tours-buses\/","title":{"rendered":"Bravo Tours R\u00e9servation en ligne, billets de bus, itin\u00e9raires et tarifs"},"content":{"rendered":"<h2>R\u00e9servation de billets en ligne pour le bus Bravo Tours<\/h2>\n<h3>D\u00e9couvrez votre itin\u00e9raire de voyage sur le web, le mobile ou l&#039;application et r\u00e9servez des billets de bus Bravo Tours pas chers en ligne.<\/h3>\n<p>Bravo Tours r\u00e9servation en ligne facile. Bravo tours est une entreprise de circuits de banlieue bas\u00e9e \u00e0 Bulawayo qui exploite actuellement plus de vingt-deux autocars de luxe et semi-luxe de Bulawayo vers de nombreux endroits au Zimbabwe et dans les r\u00e9gions en g\u00e9n\u00e9ral. Il en va de m\u00eame pour la r\u00e9servation de billets en ligne pour les bus Bravo Tours d\u00e8s maintenant\u00a0!<\/p>\n<h2>Bravo Tours FAQ sur la r\u00e9servation en ligne<\/h2>\n<h3>Quels sont les itin\u00e9raires de Bravo Tours ?<\/h3>\n<p>\u2022 Harare aux chutes Victoria<br \/>\n\u2022 Harare \u00e0 Bulawayo<br \/>\n\u2022 Harare \u00e0 Gweru<br \/>\n\u2022 Victoria tombe \u00e0 Musina<br \/>\n\u2022 Bullwayo \u00e0 Johannesbourg<\/p>\n<h3>Itin\u00e9raires et horaires de Bravo Tours<\/h3>\n<p>Bravo a son propre d\u00e9p\u00f4t de bus \u00e0 quelques p\u00e2t\u00e9s de maisons du terminal nord du port routier et utilise la route de Harare \u00e0 Bulawayo (US$20 \u00e0 US$25, six heures) tous les jours \u00e0 7h et 13h30. Son bus pour les chutes Victoria (US$35, 12 heures) part de la gare routi\u00e8re de Mbare Musika les vendredi, mercredi et dimanche \u00e0 7h30.<\/p>\n<p>Les bus Bravo Tours sont remplis de si\u00e8ges rembourr\u00e9s relaxants et ils sont enti\u00e8rement climatis\u00e9s avec des rafra\u00eechissements amusants \u00e0 bord servis \u00e0 bord, pour un meilleur service. Nous fournissons \u00e9galement des services de livraison porte \u00e0 porte aux clients transfrontaliers d&#039;Afrique du Sud.<\/p>\n<p>Les nouveaux autocars de Bravo Tours sont tr\u00e8s relaxants et disposent d&#039;une section VIP dot\u00e9e de si\u00e8ges en cuir r\u00e9glables jusqu&#039;\u00e0 un emplacement semi-lit, d&#039;un repose-pieds et de jambes, et d&#039;un syst\u00e8me audio personnalis\u00e9, chaque si\u00e8ge ayant sa propre paire d&#039;\u00e9couteurs.<\/p>\n<h3>Quelles sont les coordonn\u00e9es des bus Bravo Tours ?<\/h3>\n<p>Si\u00e8ge social de Bravo Tours<br \/>\n15186 Kelvin Ouest<br \/>\nBulawayo, Zimbabwe<\/p>\n<p>Harare<br \/>\nBureau des r\u00e9servations de Harare<br \/>\n88, avenue George Silundika Opp Printflow<\/p>\n<h2>Bravo Tours Bus Conseils de r\u00e9servation de billets en ligne<\/h2>\n<p>Il s&#039;agit d&#039;une filiale de Rid Bravo Investments qui est une entit\u00e9 de fret de marchandises. Les op\u00e9rations ont commenc\u00e9 en juillet 2010 avec l&#039;introduction de trois nouvelles marques d&#039;autocars semi-luxe sur la route Bulawayo - Johannesburg destin\u00e9e \u00e0 la client\u00e8le des navetteurs transfrontaliers.<\/p>","protected":false},"excerpt":{"rendered":"<p>Bravo Tours\u00a0Bus Online Ticket Booking Discover your travel route on web, mobile or app and book cheap Bravo Tours Bus tickets online. Bravo Tours\u00a0online booking made easy. Bravo tours is a commuter tours firm based in Bulawayo that presently operates more than fleet twenty-two luxury and semi-luxury coaches from Bulawayo to many places in Zimbabwe [&hellip;]<\/p>\n","protected":false},"author":1,"featured_media":13999,"parent":0,"menu_order":0,"comment_status":"open","ping_status":"closed","template":"template-home-modern.php","meta":{"footnotes":""},"class_list":["post-11014","page","type-page","status-publish","has-post-thumbnail","hentry"],"yoast_head":"<!-- This site is optimized with the Yoast SEO plugin v27.2 - https:\/\/yoast.com\/product\/yoast-seo-wordpress\/ -->\n<title>Bravo Tours Online Booking, Bus Tickets, Routes &amp; Fares<\/title>\n<meta name=\"description\" content=\"Looking for Bravo Tours online booking app? Make a Bravo Tours online ticket booking online now and save time and money!\" \/>\n<meta name=\"robots\" content=\"index, follow, max-snippet:-1, max-image-preview:large, max-video-preview:-1\" \/>\n<link rel=\"canonical\" href=\"https:\/\/tiketi.com\/fr-fr\/bravo-tours-buses\/\" \/>\n<meta property=\"og:locale\" content=\"fr_FR\" \/>\n<meta property=\"og:type\" content=\"article\" \/>\n<meta property=\"og:title\" content=\"Bravo Tours Online Booking, Bus Tickets, Routes &amp; Fares\" \/>\n<meta property=\"og:description\" content=\"Looking for Bravo Tours online booking app? Make a Bravo Tours online ticket booking online now and save time and money!\" \/>\n<meta property=\"og:url\" content=\"https:\/\/tiketi.com\/fr-fr\/bravo-tours-buses\/\" \/>\n<meta property=\"og:site_name\" content=\"Tiketi.com\" \/>\n<meta property=\"article:publisher\" content=\"https:\/\/www.facebook.com\/TiketiCom\/\" \/>\n<meta property=\"article:modified_time\" content=\"2022-10-24T10:52:43+00:00\" \/>\n<meta property=\"og:image\" content=\"https:\/\/tiketi.com\/wp-content\/uploads\/2022\/01\/bus-ticket-online-booking.jpg\" \/>\n\t<meta property=\"og:image:width\" content=\"1200\" \/>\n\t<meta property=\"og:image:height\" content=\"206\" \/>\n\t<meta property=\"og:image:type\" content=\"image\/jpeg\" \/>\n<meta name=\"twitter:card\" content=\"summary_large_image\" \/>\n<meta name=\"twitter:label1\" content=\"Dur\u00e9e de lecture estim\u00e9e\" \/>\n\t<meta name=\"twitter:data1\" content=\"2 minutes\" \/>\n<script type=\"application\/ld+json\" class=\"yoast-schema-graph\">{\"@context\":\"https:\/\/schema.org\",\"@graph\":[{\"@type\":\"WebPage\",\"@id\":\"https:\/\/tiketi.com\/bravo-tours-buses\/\",\"url\":\"https:\/\/tiketi.com\/bravo-tours-buses\/\",\"name\":\"Bravo Tours Online Booking, Bus Tickets, Routes & Fares\",\"isPartOf\":{\"@id\":\"https:\/\/tiketi.com\/#website\"},\"primaryImageOfPage\":{\"@id\":\"https:\/\/tiketi.com\/bravo-tours-buses\/#primaryimage\"},\"image\":{\"@id\":\"https:\/\/tiketi.com\/bravo-tours-buses\/#primaryimage\"},\"thumbnailUrl\":\"https:\/\/tiketi.com\/wp-content\/uploads\/2022\/01\/bus-ticket-online-booking.jpg\",\"datePublished\":\"2022-01-19T11:54:07+00:00\",\"dateModified\":\"2022-10-24T10:52:43+00:00\",\"description\":\"Looking for Bravo Tours online booking app? Make a Bravo Tours online ticket booking online now and save time and money!\",\"breadcrumb\":{\"@id\":\"https:\/\/tiketi.com\/bravo-tours-buses\/#breadcrumb\"},\"inLanguage\":\"fr-FR\",\"potentialAction\":[{\"@type\":\"ReadAction\",\"target\":[\"https:\/\/tiketi.com\/bravo-tours-buses\/\"]}]},{\"@type\":\"ImageObject\",\"inLanguage\":\"fr-FR\",\"@id\":\"https:\/\/tiketi.com\/bravo-tours-buses\/#primaryimage\",\"url\":\"https:\/\/tiketi.com\/wp-content\/uploads\/2022\/01\/bus-ticket-online-booking.jpg\",\"contentUrl\":\"https:\/\/tiketi.com\/wp-content\/uploads\/2022\/01\/bus-ticket-online-booking.jpg\",\"width\":1200,\"height\":206,\"caption\":\"Online Bus Ticket Booking\"},{\"@type\":\"BreadcrumbList\",\"@id\":\"https:\/\/tiketi.com\/bravo-tours-buses\/#breadcrumb\",\"itemListElement\":[{\"@type\":\"ListItem\",\"position\":1,\"name\":\"Home\",\"item\":\"https:\/\/tiketi.com\/\"},{\"@type\":\"ListItem\",\"position\":2,\"name\":\"Bravo Tours Online Booking, Bus Tickets, Routes &#038; Fares\"}]},{\"@type\":\"WebSite\",\"@id\":\"https:\/\/tiketi.com\/#website\",\"url\":\"https:\/\/tiketi.com\/\",\"name\":\"Flight & Bus Tickets, Tour Packages & Activitites - Tiketi.com\",\"description\":\"Flight &amp; Bus Tickets, Tours, Activitites\",\"publisher\":{\"@id\":\"https:\/\/tiketi.com\/#organization\"},\"potentialAction\":[{\"@type\":\"SearchAction\",\"target\":{\"@type\":\"EntryPoint\",\"urlTemplate\":\"https:\/\/tiketi.com\/?s={search_term_string}\"},\"query-input\":{\"@type\":\"PropertyValueSpecification\",\"valueRequired\":true,\"valueName\":\"search_term_string\"}}],\"inLanguage\":\"fr-FR\"},{\"@type\":\"Organization\",\"@id\":\"https:\/\/tiketi.com\/#organization\",\"name\":\"Tiketi.com\",\"alternateName\":\"Tiketi\",\"url\":\"https:\/\/tiketi.com\/\",\"logo\":{\"@type\":\"ImageObject\",\"inLanguage\":\"fr-FR\",\"@id\":\"https:\/\/tiketi.com\/#\/schema\/logo\/image\/\",\"url\":\"https:\/\/tiketi.com\/wp-content\/uploads\/2019\/05\/tiketi-logo-696.png\",\"contentUrl\":\"https:\/\/tiketi.com\/wp-content\/uploads\/2019\/05\/tiketi-logo-696.png\",\"width\":696,\"height\":696,\"caption\":\"Tiketi.com\"},\"image\":{\"@id\":\"https:\/\/tiketi.com\/#\/schema\/logo\/image\/\"},\"sameAs\":[\"https:\/\/www.facebook.com\/TiketiCom\/\"]}]}<\/script>\n<!-- \/ Yoast SEO plugin. -->","yoast_head_json":{"title":"Bravo Tours R\u00e9servation en ligne, billets de bus, itin\u00e9raires et tarifs","description":"Vous recherchez l&#039;application de r\u00e9servation en ligne Bravo Tours\u00a0? Faites une r\u00e9servation de billets en ligne Bravo Tours en ligne maintenant et \u00e9conomisez du temps et de l&#039;argent!","robots":{"index":"index","follow":"follow","max-snippet":"max-snippet:-1","max-image-preview":"max-image-preview:large","max-video-preview":"max-video-preview:-1"},"canonical":"https:\/\/tiketi.com\/fr-fr\/bravo-tours-buses\/","og_locale":"fr_FR","og_type":"article","og_title":"Bravo Tours Online Booking, Bus Tickets, Routes & Fares","og_description":"Looking for Bravo Tours online booking app? Make a Bravo Tours online ticket booking online now and save time and money!","og_url":"https:\/\/tiketi.com\/fr-fr\/bravo-tours-buses\/","og_site_name":"Tiketi.com","article_publisher":"https:\/\/www.facebook.com\/TiketiCom\/","article_modified_time":"2022-10-24T10:52:43+00:00","og_image":[{"width":1200,"height":206,"url":"https:\/\/tiketi.com\/wp-content\/uploads\/2022\/01\/bus-ticket-online-booking.jpg","type":"image\/jpeg"}],"twitter_card":"summary_large_image","twitter_misc":{"Dur\u00e9e de lecture estim\u00e9e":"2 minutes"},"schema":{"@context":"https:\/\/schema.org","@graph":[{"@type":"WebPage","@id":"https:\/\/tiketi.com\/bravo-tours-buses\/","url":"https:\/\/tiketi.com\/bravo-tours-buses\/","name":"Bravo Tours R\u00e9servation en ligne, billets de bus, itin\u00e9raires et tarifs","isPartOf":{"@id":"https:\/\/tiketi.com\/#website"},"primaryImageOfPage":{"@id":"https:\/\/tiketi.com\/bravo-tours-buses\/#primaryimage"},"image":{"@id":"https:\/\/tiketi.com\/bravo-tours-buses\/#primaryimage"},"thumbnailUrl":"https:\/\/tiketi.com\/wp-content\/uploads\/2022\/01\/bus-ticket-online-booking.jpg","datePublished":"2022-01-19T11:54:07+00:00","dateModified":"2022-10-24T10:52:43+00:00","description":"Vous recherchez l&#039;application de r\u00e9servation en ligne Bravo Tours\u00a0? Faites une r\u00e9servation de billets en ligne Bravo Tours en ligne maintenant et \u00e9conomisez du temps et de l&#039;argent!","breadcrumb":{"@id":"https:\/\/tiketi.com\/bravo-tours-buses\/#breadcrumb"},"inLanguage":"fr-FR","potentialAction":[{"@type":"ReadAction","target":["https:\/\/tiketi.com\/bravo-tours-buses\/"]}]},{"@type":"ImageObject","inLanguage":"fr-FR","@id":"https:\/\/tiketi.com\/bravo-tours-buses\/#primaryimage","url":"https:\/\/tiketi.com\/wp-content\/uploads\/2022\/01\/bus-ticket-online-booking.jpg","contentUrl":"https:\/\/tiketi.com\/wp-content\/uploads\/2022\/01\/bus-ticket-online-booking.jpg","width":1200,"height":206,"caption":"Online Bus Ticket Booking"},{"@type":"BreadcrumbList","@id":"https:\/\/tiketi.com\/bravo-tours-buses\/#breadcrumb","itemListElement":[{"@type":"ListItem","position":1,"name":"Home","item":"https:\/\/tiketi.com\/"},{"@type":"ListItem","position":2,"name":"Bravo Tours Online Booking, Bus Tickets, Routes &#038; Fares"}]},{"@type":"WebSite","@id":"https:\/\/tiketi.com\/#website","url":"https:\/\/tiketi.com\/","name":"Billets d&#039;avion et de bus, forfaits touristiques et activit\u00e9s - Tiketi.com","description":"Billets d&#039;avion et de bus, Tours, Activit\u00e9s","publisher":{"@id":"https:\/\/tiketi.com\/#organization"},"potentialAction":[{"@type":"SearchAction","target":{"@type":"EntryPoint","urlTemplate":"https:\/\/tiketi.com\/?s={search_term_string}"},"query-input":{"@type":"PropertyValueSpecification","valueRequired":true,"valueName":"search_term_string"}}],"inLanguage":"fr-FR"},{"@type":"Organization","@id":"https:\/\/tiketi.com\/#organization","name":"Tiketi.com","alternateName":"Tiketi","url":"https:\/\/tiketi.com\/","logo":{"@type":"ImageObject","inLanguage":"fr-FR","@id":"https:\/\/tiketi.com\/#\/schema\/logo\/image\/","url":"https:\/\/tiketi.com\/wp-content\/uploads\/2019\/05\/tiketi-logo-696.png","contentUrl":"https:\/\/tiketi.com\/wp-content\/uploads\/2019\/05\/tiketi-logo-696.png","width":696,"height":696,"caption":"Tiketi.com"},"image":{"@id":"https:\/\/tiketi.com\/#\/schema\/logo\/image\/"},"sameAs":["https:\/\/www.facebook.com\/TiketiCom\/"]}]}},"_links":{"self":[{"href":"https:\/\/tiketi.com\/fr-fr\/wp-json\/wp\/v2\/pages\/11014","targetHints":{"allow":["GET"]}}],"collection":[{"href":"https:\/\/tiketi.com\/fr-fr\/wp-json\/wp\/v2\/pages"}],"about":[{"href":"https:\/\/tiketi.com\/fr-fr\/wp-json\/wp\/v2\/types\/page"}],"author":[{"embeddable":true,"href":"https:\/\/tiketi.com\/fr-fr\/wp-json\/wp\/v2\/users\/1"}],"replies":[{"embeddable":true,"href":"https:\/\/tiketi.com\/fr-fr\/wp-json\/wp\/v2\/comments?post=11014"}],"version-history":[{"count":0,"href":"https:\/\/tiketi.com\/fr-fr\/wp-json\/wp\/v2\/pages\/11014\/revisions"}],"wp:featuredmedia":[{"embeddable":true,"href":"https:\/\/tiketi.com\/fr-fr\/wp-json\/wp\/v2\/media\/13999"}],"wp:attachment":[{"href":"https:\/\/tiketi.com\/fr-fr\/wp-json\/wp\/v2\/media?parent=11014"}],"curies":[{"name":"wp","href":"https:\/\/api.w.org\/{rel}","templated":true}]}}