{"id":11015,"date":"2022-01-19T12:54:07","date_gmt":"2022-01-19T11:54:07","guid":{"rendered":"https:\/\/new.tiketi.com\/alma-air-bus-online-booking-bus-tickets-reservation\/"},"modified":"2022-01-24T16:45:39","modified_gmt":"2022-01-24T15:45:39","slug":"alma-air-buses","status":"publish","type":"page","link":"https:\/\/tiketi.com\/fr-fr\/alma-air-buses\/","title":{"rendered":"R\u00e9servation en ligne d&#039;Alma Air Bus, prix des billets, horaires et itin\u00e9raire"},"content":{"rendered":"<h2>Alma Air Bus R\u00e9servation de billets d&#039;autobus en ligne<\/h2>\n<h3>D\u00e9couvrez votre itin\u00e9raire de voyage sur le web, le mobile ou l&#039;application et r\u00e9servez en ligne des billets Alma Air Bus pas chers <a href=\"https:\/\/www.facebook.com\/Alma-Air-Bus-118489422202351\" target=\"_blank\" rel=\"noopener\">maintenant&gt;&gt;<\/a><\/h3>\n<p>La r\u00e9servation en ligne d&#039;Alma Air Bus en toute simplicit\u00e9. Le bus a\u00e9rien d&#039;Alma est l&#039;une des compagnies de bus qui offrent des services interurbains r\u00e9guliers quotidiens entre la ville de Nairobi et Garissa. Leurs bus passent par la ville de Thika et Mwingi avant d&#039;atteindre le lieu d&#039;arriv\u00e9e \u00e0 Garissa. Tout comme la r\u00e9servation de billets de bus en ligne Alma Air Bus maintenant!<\/p>\n<h2>FAQ sur la r\u00e9servation en ligne d&#039;Alma Air Bus<\/h2>\n<h3>Quels sont les itin\u00e9raires des billets Alma Air Bus?<\/h3>\n<p>\u2022 Nairobi \u00e0 Garissa<br \/>\n\u2022 Nairobi \u00e0 Mwingi<br \/>\n\u2022 Nairobi \u00e0 Thika<\/p>\n<h3>Flotte d&#039;autobus d&#039;Alma Air<\/h3>\n<p>Leur liste de flotte est class\u00e9e par une liste de mod\u00e8les de bus Scania avec des carrosseries parfaites form\u00e9es par des ma\u00eetres fabricants. Un carrossier c\u00e9l\u00e8bre au Kenya. Leurs bus sont classiques et de style nouveau pour vous offrir une vue et un confort particuliers pendant que vous voyagez avec eux.<\/p>\n<p>Lorsque vous choisissez de voyager avec le bus Alma Air, vous obtiendrez et profiterez des caract\u00e9ristiques et services suivants\u00a0:<\/p>\n<p>\u2022 Services de t\u00e9l\u00e9vision \u00e0 partir d&#039;un grand \u00e9cran LCD \u00e0 \u00e9cran plasma<br \/>\n\u2022 Services de restauration aux clients et aux passagers<br \/>\n\u2022 Ensembles inclinables 2 par 2<br \/>\n\u2022 Services Wi-Fi gratuits<br \/>\n\u2022 Syst\u00e8me de recharge sur chaque si\u00e8ge en premier<\/p>\n<h3>Ligne de service d&#039;autobus d&#039;Alma Air<\/h3>\n<p>L&#039;entreprise dessert des clients et des passagers entre Gariss et la ville de Nairobi et Garissa en passant par d&#039;autres villes entre les 2 endroits. Ils fournissent des services de bus quotidiens avec une conduite s\u00fbre sur la route pour arriver en toute s\u00e9curit\u00e9 dans vos lieux.<\/p>\n<p>Ils fournissent \u00e9galement des services de transfert de colis entre le lieu 2 avec des prix fiables en fonction de la taille et de la nature du colis respectif.<\/p>\n<h3>Quelles sont les coordonn\u00e9es des bus Alma Air ?<\/h3>\n<p>Eastleigh, 12 rue<br \/>\n00610 Nairobi, Kenya<\/p>\n<h2>Alma Air Bus Conseils de r\u00e9servation de billets de bus en ligne<\/h2>\n<p>Ils sont fiers d&#039;\u00eatre un fournisseur de services de transport fiable, leader et nouveau de premi\u00e8re classe. Il ne s&#039;agit pas d&#039;un r\u00e9cit oral mais d&#039;une claire gen\u00e8se de la v\u00e9rit\u00e9.<\/p>\n<p>Avec plus de quinze succursales reliant diff\u00e9rents pays, dont Mwingi, Thika, Nairobi, Gariss et plusieurs autres, les services d&#039;autobus a\u00e9riens d&#039;Alma se vantent d&#039;\u00eatre un fournisseur de services ax\u00e9 sur le client.<\/p>","protected":false},"excerpt":{"rendered":"<p>Alma Air Bus\u00a0Online Bus Ticket Booking Discover your travel route on web, mobile or app and book cheap Alma Air Bus tickets online now&gt;&gt; Alma Air Bus\u00a0online booking made easy.\u00a0Alma air bus is one among the bus firm which offer daily scheduled intercity services between the Nairobi city to Garissa. Their buses passes via Thika [&hellip;]<\/p>\n","protected":false},"author":1,"featured_media":13999,"parent":0,"menu_order":0,"comment_status":"open","ping_status":"closed","template":"template-home-modern.php","meta":{"footnotes":""},"class_list":["post-11015","page","type-page","status-publish","has-post-thumbnail","hentry"],"yoast_head":"<!-- This site is optimized with the Yoast SEO plugin v27.2 - https:\/\/yoast.com\/product\/yoast-seo-wordpress\/ -->\n<title>Alma Air Bus Online Booking<\/title>\n<meta name=\"description\" content=\"Looking for Alma Air Bus online booking? Make a Alma Air Bus online bus ticket booking online now and save time and money!\" \/>\n<meta name=\"robots\" content=\"index, follow, max-snippet:-1, max-image-preview:large, max-video-preview:-1\" \/>\n<link rel=\"canonical\" href=\"https:\/\/tiketi.com\/fr-fr\/alma-air-buses\/\" \/>\n<meta property=\"og:locale\" content=\"fr_FR\" \/>\n<meta property=\"og:type\" content=\"article\" \/>\n<meta property=\"og:title\" content=\"Alma Air Bus Online Booking\" \/>\n<meta property=\"og:description\" content=\"Looking for Alma Air Bus online booking? Make a Alma Air Bus online bus ticket booking online now and save time and money!\" \/>\n<meta property=\"og:url\" content=\"https:\/\/tiketi.com\/fr-fr\/alma-air-buses\/\" \/>\n<meta property=\"og:site_name\" content=\"Tiketi.com\" \/>\n<meta property=\"article:publisher\" content=\"https:\/\/www.facebook.com\/TiketiCom\/\" \/>\n<meta property=\"article:modified_time\" content=\"2022-01-24T15:45:39+00:00\" \/>\n<meta property=\"og:image\" content=\"https:\/\/tiketi.com\/wp-content\/uploads\/2022\/01\/bus-ticket-online-booking.jpg\" \/>\n\t<meta property=\"og:image:width\" content=\"1200\" \/>\n\t<meta property=\"og:image:height\" content=\"206\" \/>\n\t<meta property=\"og:image:type\" content=\"image\/jpeg\" \/>\n<meta name=\"twitter:card\" content=\"summary_large_image\" \/>\n<meta name=\"twitter:label1\" content=\"Dur\u00e9e de lecture estim\u00e9e\" \/>\n\t<meta name=\"twitter:data1\" content=\"2 minutes\" \/>\n<script type=\"application\/ld+json\" class=\"yoast-schema-graph\">{\"@context\":\"https:\/\/schema.org\",\"@graph\":[{\"@type\":\"WebPage\",\"@id\":\"https:\/\/tiketi.com\/alma-air-buses\/\",\"url\":\"https:\/\/tiketi.com\/alma-air-buses\/\",\"name\":\"Alma Air Bus Online Booking\",\"isPartOf\":{\"@id\":\"https:\/\/tiketi.com\/#website\"},\"primaryImageOfPage\":{\"@id\":\"https:\/\/tiketi.com\/alma-air-buses\/#primaryimage\"},\"image\":{\"@id\":\"https:\/\/tiketi.com\/alma-air-buses\/#primaryimage\"},\"thumbnailUrl\":\"https:\/\/tiketi.com\/wp-content\/uploads\/2022\/01\/bus-ticket-online-booking.jpg\",\"datePublished\":\"2022-01-19T11:54:07+00:00\",\"dateModified\":\"2022-01-24T15:45:39+00:00\",\"description\":\"Looking for Alma Air Bus online booking? Make a Alma Air Bus online bus ticket booking online now and save time and money!\",\"breadcrumb\":{\"@id\":\"https:\/\/tiketi.com\/alma-air-buses\/#breadcrumb\"},\"inLanguage\":\"fr-FR\",\"potentialAction\":[{\"@type\":\"ReadAction\",\"target\":[\"https:\/\/tiketi.com\/alma-air-buses\/\"]}]},{\"@type\":\"ImageObject\",\"inLanguage\":\"fr-FR\",\"@id\":\"https:\/\/tiketi.com\/alma-air-buses\/#primaryimage\",\"url\":\"https:\/\/tiketi.com\/wp-content\/uploads\/2022\/01\/bus-ticket-online-booking.jpg\",\"contentUrl\":\"https:\/\/tiketi.com\/wp-content\/uploads\/2022\/01\/bus-ticket-online-booking.jpg\",\"width\":1200,\"height\":206,\"caption\":\"Online Bus Ticket Booking\"},{\"@type\":\"BreadcrumbList\",\"@id\":\"https:\/\/tiketi.com\/alma-air-buses\/#breadcrumb\",\"itemListElement\":[{\"@type\":\"ListItem\",\"position\":1,\"name\":\"Home\",\"item\":\"https:\/\/tiketi.com\/\"},{\"@type\":\"ListItem\",\"position\":2,\"name\":\"Alma Air Bus Online Booking, Tickets Fare, Schedule &#038; Route\"}]},{\"@type\":\"WebSite\",\"@id\":\"https:\/\/tiketi.com\/#website\",\"url\":\"https:\/\/tiketi.com\/\",\"name\":\"Flight & Bus Tickets, Tour Packages & Activitites - Tiketi.com\",\"description\":\"Flight &amp; Bus Tickets, Tours, Activitites\",\"publisher\":{\"@id\":\"https:\/\/tiketi.com\/#organization\"},\"potentialAction\":[{\"@type\":\"SearchAction\",\"target\":{\"@type\":\"EntryPoint\",\"urlTemplate\":\"https:\/\/tiketi.com\/?s={search_term_string}\"},\"query-input\":{\"@type\":\"PropertyValueSpecification\",\"valueRequired\":true,\"valueName\":\"search_term_string\"}}],\"inLanguage\":\"fr-FR\"},{\"@type\":\"Organization\",\"@id\":\"https:\/\/tiketi.com\/#organization\",\"name\":\"Tiketi.com\",\"alternateName\":\"Tiketi\",\"url\":\"https:\/\/tiketi.com\/\",\"logo\":{\"@type\":\"ImageObject\",\"inLanguage\":\"fr-FR\",\"@id\":\"https:\/\/tiketi.com\/#\/schema\/logo\/image\/\",\"url\":\"https:\/\/tiketi.com\/wp-content\/uploads\/2019\/05\/tiketi-logo-696.png\",\"contentUrl\":\"https:\/\/tiketi.com\/wp-content\/uploads\/2019\/05\/tiketi-logo-696.png\",\"width\":696,\"height\":696,\"caption\":\"Tiketi.com\"},\"image\":{\"@id\":\"https:\/\/tiketi.com\/#\/schema\/logo\/image\/\"},\"sameAs\":[\"https:\/\/www.facebook.com\/TiketiCom\/\"]}]}<\/script>\n<!-- \/ Yoast SEO plugin. -->","yoast_head_json":{"title":"Alma Air Bus R\u00e9servation en ligne","description":"Vous recherchez une r\u00e9servation en ligne Alma Air Bus? Faites une r\u00e9servation de billet de bus en ligne Alma Air Bus en ligne maintenant et \u00e9conomisez du temps et de l&#039;argent!","robots":{"index":"index","follow":"follow","max-snippet":"max-snippet:-1","max-image-preview":"max-image-preview:large","max-video-preview":"max-video-preview:-1"},"canonical":"https:\/\/tiketi.com\/fr-fr\/alma-air-buses\/","og_locale":"fr_FR","og_type":"article","og_title":"Alma Air Bus Online Booking","og_description":"Looking for Alma Air Bus online booking? Make a Alma Air Bus online bus ticket booking online now and save time and money!","og_url":"https:\/\/tiketi.com\/fr-fr\/alma-air-buses\/","og_site_name":"Tiketi.com","article_publisher":"https:\/\/www.facebook.com\/TiketiCom\/","article_modified_time":"2022-01-24T15:45:39+00:00","og_image":[{"width":1200,"height":206,"url":"https:\/\/tiketi.com\/wp-content\/uploads\/2022\/01\/bus-ticket-online-booking.jpg","type":"image\/jpeg"}],"twitter_card":"summary_large_image","twitter_misc":{"Dur\u00e9e de lecture estim\u00e9e":"2 minutes"},"schema":{"@context":"https:\/\/schema.org","@graph":[{"@type":"WebPage","@id":"https:\/\/tiketi.com\/alma-air-buses\/","url":"https:\/\/tiketi.com\/alma-air-buses\/","name":"Alma Air Bus R\u00e9servation en ligne","isPartOf":{"@id":"https:\/\/tiketi.com\/#website"},"primaryImageOfPage":{"@id":"https:\/\/tiketi.com\/alma-air-buses\/#primaryimage"},"image":{"@id":"https:\/\/tiketi.com\/alma-air-buses\/#primaryimage"},"thumbnailUrl":"https:\/\/tiketi.com\/wp-content\/uploads\/2022\/01\/bus-ticket-online-booking.jpg","datePublished":"2022-01-19T11:54:07+00:00","dateModified":"2022-01-24T15:45:39+00:00","description":"Vous recherchez une r\u00e9servation en ligne Alma Air Bus? Faites une r\u00e9servation de billet de bus en ligne Alma Air Bus en ligne maintenant et \u00e9conomisez du temps et de l&#039;argent!","breadcrumb":{"@id":"https:\/\/tiketi.com\/alma-air-buses\/#breadcrumb"},"inLanguage":"fr-FR","potentialAction":[{"@type":"ReadAction","target":["https:\/\/tiketi.com\/alma-air-buses\/"]}]},{"@type":"ImageObject","inLanguage":"fr-FR","@id":"https:\/\/tiketi.com\/alma-air-buses\/#primaryimage","url":"https:\/\/tiketi.com\/wp-content\/uploads\/2022\/01\/bus-ticket-online-booking.jpg","contentUrl":"https:\/\/tiketi.com\/wp-content\/uploads\/2022\/01\/bus-ticket-online-booking.jpg","width":1200,"height":206,"caption":"Online Bus Ticket Booking"},{"@type":"BreadcrumbList","@id":"https:\/\/tiketi.com\/alma-air-buses\/#breadcrumb","itemListElement":[{"@type":"ListItem","position":1,"name":"Home","item":"https:\/\/tiketi.com\/"},{"@type":"ListItem","position":2,"name":"Alma Air Bus Online Booking, Tickets Fare, Schedule &#038; Route"}]},{"@type":"WebSite","@id":"https:\/\/tiketi.com\/#website","url":"https:\/\/tiketi.com\/","name":"Billets d&#039;avion et de bus, forfaits touristiques et activit\u00e9s - Tiketi.com","description":"Billets d&#039;avion et de bus, Tours, Activit\u00e9s","publisher":{"@id":"https:\/\/tiketi.com\/#organization"},"potentialAction":[{"@type":"SearchAction","target":{"@type":"EntryPoint","urlTemplate":"https:\/\/tiketi.com\/?s={search_term_string}"},"query-input":{"@type":"PropertyValueSpecification","valueRequired":true,"valueName":"search_term_string"}}],"inLanguage":"fr-FR"},{"@type":"Organization","@id":"https:\/\/tiketi.com\/#organization","name":"Tiketi.com","alternateName":"Tiketi","url":"https:\/\/tiketi.com\/","logo":{"@type":"ImageObject","inLanguage":"fr-FR","@id":"https:\/\/tiketi.com\/#\/schema\/logo\/image\/","url":"https:\/\/tiketi.com\/wp-content\/uploads\/2019\/05\/tiketi-logo-696.png","contentUrl":"https:\/\/tiketi.com\/wp-content\/uploads\/2019\/05\/tiketi-logo-696.png","width":696,"height":696,"caption":"Tiketi.com"},"image":{"@id":"https:\/\/tiketi.com\/#\/schema\/logo\/image\/"},"sameAs":["https:\/\/www.facebook.com\/TiketiCom\/"]}]}},"_links":{"self":[{"href":"https:\/\/tiketi.com\/fr-fr\/wp-json\/wp\/v2\/pages\/11015","targetHints":{"allow":["GET"]}}],"collection":[{"href":"https:\/\/tiketi.com\/fr-fr\/wp-json\/wp\/v2\/pages"}],"about":[{"href":"https:\/\/tiketi.com\/fr-fr\/wp-json\/wp\/v2\/types\/page"}],"author":[{"embeddable":true,"href":"https:\/\/tiketi.com\/fr-fr\/wp-json\/wp\/v2\/users\/1"}],"replies":[{"embeddable":true,"href":"https:\/\/tiketi.com\/fr-fr\/wp-json\/wp\/v2\/comments?post=11015"}],"version-history":[{"count":0,"href":"https:\/\/tiketi.com\/fr-fr\/wp-json\/wp\/v2\/pages\/11015\/revisions"}],"wp:featuredmedia":[{"embeddable":true,"href":"https:\/\/tiketi.com\/fr-fr\/wp-json\/wp\/v2\/media\/13999"}],"wp:attachment":[{"href":"https:\/\/tiketi.com\/fr-fr\/wp-json\/wp\/v2\/media?parent=11015"}],"curies":[{"name":"wp","href":"https:\/\/api.w.org\/{rel}","templated":true}]}}