{"id":11018,"date":"2022-01-19T12:54:07","date_gmt":"2022-01-19T11:54:07","guid":{"rendered":"https:\/\/new.tiketi.com\/nganga-express-bus-mbeya-to-dar-es-salaam-bus-tickets\/"},"modified":"2022-02-17T17:28:47","modified_gmt":"2022-02-17T16:28:47","slug":"nganga-express-buses","status":"publish","type":"page","link":"https:\/\/tiketi.com\/fr-fr\/nganga-express-buses\/","title":{"rendered":"Nganga Express R\u00e9servation en ligne de Mbeya \u00e0 Dar es Salaam"},"content":{"rendered":"<h2>R\u00e9servation de billets de bus Nganga Express pas cher en ligne \u2013 Mbeya \u00e0 Dar es Salaam<\/h2>\n<h3>D\u00e9couvrez votre itin\u00e9raire sur le Web, sur votre mobile ou sur une application et r\u00e9servez d\u00e8s maintenant vos billets de bus Nganga Express \u00e0 bas prix en ligne.<\/h3>\n<p>La r\u00e9servation en ligne de Nganga Express est simplifi\u00e9e. Nganga Express est l&#039;une des plus anciennes compagnies de bus de Tanzanie. Elle a d\u00e9marr\u00e9 ses activit\u00e9s il y a plus de vingt ans en tant que service de bus interurbain. Je pensais que l&#039;entreprise avait commenc\u00e9 comme un service de bus intra-urbain desservant la ville de Mbeya avec ses villes les plus proches, mais elle a ensuite \u00e9tendu ses services. Alors faites la r\u00e9servation de billets de bus en ligne Nganga Express de Mbeya \u00e0 Dar es Salaam maintenant et \u00e9conomisez du temps et de l&#039;argent !<\/p>\n<h2>FAQ sur la r\u00e9servation en ligne de Nganga Express de Mbeya \u00e0 Dar es Salaam<\/h2>\n<h3>Quels sont les itin\u00e9raires de bus Nganga Express ?<\/h3>\n<p>\u2022 Mbeya \u2013 Kilombero via Mikumi<br \/>\n\u2022 Mbeya \u2013 Dar es Salaam via Ipogoro<br \/>\n\u2022 Mbeya-Iringa<\/p>\n<h3>Flotte Nganga Express<\/h3>\n<p>Nganga Express utilise des bus Scania avec des carrosseries assembl\u00e9es localement pour la route Dar es Salaam-Mbeya et des bus Fuso pour la route Mbeya-Kilombero.<\/p>\n<h3>Quelles sont les coordonn\u00e9es des bus Nganga Express ?<\/h3>\n<p>Si\u00e8ge social de Nganga Express Mbeya, Tanzanie<\/p>\n<h2>R\u00e9servation de billets de bus en ligne Nganga Express \u2013 Conseils de Mbeya \u00e0 Dar es Salaam<\/h2>\n<p>Nganga Express est r\u00e9put\u00e9 pour garder le temps pour ses clients, le meilleur support client ainsi que la s\u00e9curit\u00e9 de ses clients.<\/p>\n<p>Nganga Express est un concurrent majeur de Llasi Express, Rungwe Express et New Force.<\/p>","protected":false},"excerpt":{"rendered":"<p>Cheap Nganga Express Online Bus Ticket Booking &#8211; Mbeya to Dar es Salaam Discover your travel route on web, mobile or app and book cheap Nganga Express bus tickets online now. Nganga Express online booking made easy.\u00a0 Nganga express is one among the oldest bus firm in Tanzania, the firm started its operations over twenty [&hellip;]<\/p>\n","protected":false},"author":1,"featured_media":13999,"parent":0,"menu_order":0,"comment_status":"open","ping_status":"closed","template":"template-home-modern.php","meta":{"footnotes":""},"class_list":["post-11018","page","type-page","status-publish","has-post-thumbnail","hentry"],"yoast_head":"<!-- This site is optimized with the Yoast SEO plugin v27.3 - https:\/\/yoast.com\/product\/yoast-seo-wordpress\/ -->\n<title>Nganga Express Online Booking Mbeya to Dar es Salaam<\/title>\n<meta name=\"description\" content=\"Looking for Nganga Express online booking, app, route, fare and schedule? Make cheap Nganga Express bus Mbeya to Dar es Salaam online bus ticket booking\" \/>\n<meta name=\"robots\" content=\"index, follow, max-snippet:-1, max-image-preview:large, max-video-preview:-1\" \/>\n<link rel=\"canonical\" href=\"https:\/\/tiketi.com\/fr-fr\/nganga-express-buses\/\" \/>\n<meta property=\"og:locale\" content=\"fr_FR\" \/>\n<meta property=\"og:type\" content=\"article\" \/>\n<meta property=\"og:title\" content=\"Nganga Express Online Booking Mbeya to Dar es Salaam\" \/>\n<meta property=\"og:description\" content=\"Looking for Nganga Express online booking, app, route, fare and schedule? Make cheap Nganga Express bus Mbeya to Dar es Salaam online bus ticket booking\" \/>\n<meta property=\"og:url\" content=\"https:\/\/tiketi.com\/fr-fr\/nganga-express-buses\/\" \/>\n<meta property=\"og:site_name\" content=\"Tiketi.com\" \/>\n<meta property=\"article:publisher\" content=\"https:\/\/www.facebook.com\/TiketiCom\/\" \/>\n<meta property=\"article:modified_time\" content=\"2022-02-17T16:28:47+00:00\" \/>\n<meta property=\"og:image\" content=\"https:\/\/tiketi.com\/wp-content\/uploads\/2022\/01\/bus-ticket-online-booking.jpg\" \/>\n\t<meta property=\"og:image:width\" content=\"1200\" \/>\n\t<meta property=\"og:image:height\" content=\"206\" \/>\n\t<meta property=\"og:image:type\" content=\"image\/jpeg\" \/>\n<meta name=\"twitter:card\" content=\"summary_large_image\" \/>\n<meta name=\"twitter:label1\" content=\"Dur\u00e9e de lecture estim\u00e9e\" \/>\n\t<meta name=\"twitter:data1\" content=\"1 minute\" \/>\n<script type=\"application\/ld+json\" class=\"yoast-schema-graph\">{\"@context\":\"https:\\\/\\\/schema.org\",\"@graph\":[{\"@type\":\"WebPage\",\"@id\":\"https:\\\/\\\/tiketi.com\\\/nganga-express-buses\\\/\",\"url\":\"https:\\\/\\\/tiketi.com\\\/nganga-express-buses\\\/\",\"name\":\"Nganga Express Online Booking Mbeya to Dar es Salaam\",\"isPartOf\":{\"@id\":\"https:\\\/\\\/tiketi.com\\\/#website\"},\"primaryImageOfPage\":{\"@id\":\"https:\\\/\\\/tiketi.com\\\/nganga-express-buses\\\/#primaryimage\"},\"image\":{\"@id\":\"https:\\\/\\\/tiketi.com\\\/nganga-express-buses\\\/#primaryimage\"},\"thumbnailUrl\":\"https:\\\/\\\/tiketi.com\\\/wp-content\\\/uploads\\\/2022\\\/01\\\/bus-ticket-online-booking.jpg\",\"datePublished\":\"2022-01-19T11:54:07+00:00\",\"dateModified\":\"2022-02-17T16:28:47+00:00\",\"description\":\"Looking for Nganga Express online booking, app, route, fare and schedule? Make cheap Nganga Express bus Mbeya to Dar es Salaam online bus ticket booking\",\"breadcrumb\":{\"@id\":\"https:\\\/\\\/tiketi.com\\\/nganga-express-buses\\\/#breadcrumb\"},\"inLanguage\":\"fr-FR\",\"potentialAction\":[{\"@type\":\"ReadAction\",\"target\":[\"https:\\\/\\\/tiketi.com\\\/nganga-express-buses\\\/\"]}]},{\"@type\":\"ImageObject\",\"inLanguage\":\"fr-FR\",\"@id\":\"https:\\\/\\\/tiketi.com\\\/nganga-express-buses\\\/#primaryimage\",\"url\":\"https:\\\/\\\/tiketi.com\\\/wp-content\\\/uploads\\\/2022\\\/01\\\/bus-ticket-online-booking.jpg\",\"contentUrl\":\"https:\\\/\\\/tiketi.com\\\/wp-content\\\/uploads\\\/2022\\\/01\\\/bus-ticket-online-booking.jpg\",\"width\":1200,\"height\":206,\"caption\":\"Online Bus Ticket Booking\"},{\"@type\":\"BreadcrumbList\",\"@id\":\"https:\\\/\\\/tiketi.com\\\/nganga-express-buses\\\/#breadcrumb\",\"itemListElement\":[{\"@type\":\"ListItem\",\"position\":1,\"name\":\"Home\",\"item\":\"https:\\\/\\\/tiketi.com\\\/\"},{\"@type\":\"ListItem\",\"position\":2,\"name\":\"Nganga Express Online Booking Mbeya to Dar es Salaam\"}]},{\"@type\":\"WebSite\",\"@id\":\"https:\\\/\\\/tiketi.com\\\/#website\",\"url\":\"https:\\\/\\\/tiketi.com\\\/\",\"name\":\"Flight & Bus Tickets, Tour Packages & Activitites - Tiketi.com\",\"description\":\"Flight &amp; Bus Tickets, Tours, Activitites\",\"publisher\":{\"@id\":\"https:\\\/\\\/tiketi.com\\\/#organization\"},\"potentialAction\":[{\"@type\":\"SearchAction\",\"target\":{\"@type\":\"EntryPoint\",\"urlTemplate\":\"https:\\\/\\\/tiketi.com\\\/?s={search_term_string}\"},\"query-input\":{\"@type\":\"PropertyValueSpecification\",\"valueRequired\":true,\"valueName\":\"search_term_string\"}}],\"inLanguage\":\"fr-FR\"},{\"@type\":\"Organization\",\"@id\":\"https:\\\/\\\/tiketi.com\\\/#organization\",\"name\":\"Tiketi.com\",\"alternateName\":\"Tiketi\",\"url\":\"https:\\\/\\\/tiketi.com\\\/\",\"logo\":{\"@type\":\"ImageObject\",\"inLanguage\":\"fr-FR\",\"@id\":\"https:\\\/\\\/tiketi.com\\\/#\\\/schema\\\/logo\\\/image\\\/\",\"url\":\"https:\\\/\\\/tiketi.com\\\/wp-content\\\/uploads\\\/2019\\\/05\\\/tiketi-logo-696.png\",\"contentUrl\":\"https:\\\/\\\/tiketi.com\\\/wp-content\\\/uploads\\\/2019\\\/05\\\/tiketi-logo-696.png\",\"width\":696,\"height\":696,\"caption\":\"Tiketi.com\"},\"image\":{\"@id\":\"https:\\\/\\\/tiketi.com\\\/#\\\/schema\\\/logo\\\/image\\\/\"},\"sameAs\":[\"https:\\\/\\\/www.facebook.com\\\/TiketiCom\\\/\"]}]}<\/script>\n<!-- \/ Yoast SEO plugin. -->","yoast_head_json":{"title":"Nganga Express R\u00e9servation en ligne de Mbeya \u00e0 Dar es Salaam","description":"Vous recherchez une r\u00e9servation en ligne Nganga Express, une application, un itin\u00e9raire, un tarif et un horaire? R\u00e9servez en ligne des billets de bus Nganga Express Mbeya \u00e0 Dar es Salaam pas chers","robots":{"index":"index","follow":"follow","max-snippet":"max-snippet:-1","max-image-preview":"max-image-preview:large","max-video-preview":"max-video-preview:-1"},"canonical":"https:\/\/tiketi.com\/fr-fr\/nganga-express-buses\/","og_locale":"fr_FR","og_type":"article","og_title":"Nganga Express Online Booking Mbeya to Dar es Salaam","og_description":"Looking for Nganga Express online booking, app, route, fare and schedule? Make cheap Nganga Express bus Mbeya to Dar es Salaam online bus ticket booking","og_url":"https:\/\/tiketi.com\/fr-fr\/nganga-express-buses\/","og_site_name":"Tiketi.com","article_publisher":"https:\/\/www.facebook.com\/TiketiCom\/","article_modified_time":"2022-02-17T16:28:47+00:00","og_image":[{"width":1200,"height":206,"url":"https:\/\/tiketi.com\/wp-content\/uploads\/2022\/01\/bus-ticket-online-booking.jpg","type":"image\/jpeg"}],"twitter_card":"summary_large_image","twitter_misc":{"Dur\u00e9e de lecture estim\u00e9e":"1 minute"},"schema":{"@context":"https:\/\/schema.org","@graph":[{"@type":"WebPage","@id":"https:\/\/tiketi.com\/nganga-express-buses\/","url":"https:\/\/tiketi.com\/nganga-express-buses\/","name":"Nganga Express R\u00e9servation en ligne de Mbeya \u00e0 Dar es Salaam","isPartOf":{"@id":"https:\/\/tiketi.com\/#website"},"primaryImageOfPage":{"@id":"https:\/\/tiketi.com\/nganga-express-buses\/#primaryimage"},"image":{"@id":"https:\/\/tiketi.com\/nganga-express-buses\/#primaryimage"},"thumbnailUrl":"https:\/\/tiketi.com\/wp-content\/uploads\/2022\/01\/bus-ticket-online-booking.jpg","datePublished":"2022-01-19T11:54:07+00:00","dateModified":"2022-02-17T16:28:47+00:00","description":"Vous recherchez une r\u00e9servation en ligne Nganga Express, une application, un itin\u00e9raire, un tarif et un horaire? R\u00e9servez en ligne des billets de bus Nganga Express Mbeya \u00e0 Dar es Salaam pas chers","breadcrumb":{"@id":"https:\/\/tiketi.com\/nganga-express-buses\/#breadcrumb"},"inLanguage":"fr-FR","potentialAction":[{"@type":"ReadAction","target":["https:\/\/tiketi.com\/nganga-express-buses\/"]}]},{"@type":"ImageObject","inLanguage":"fr-FR","@id":"https:\/\/tiketi.com\/nganga-express-buses\/#primaryimage","url":"https:\/\/tiketi.com\/wp-content\/uploads\/2022\/01\/bus-ticket-online-booking.jpg","contentUrl":"https:\/\/tiketi.com\/wp-content\/uploads\/2022\/01\/bus-ticket-online-booking.jpg","width":1200,"height":206,"caption":"Online Bus Ticket Booking"},{"@type":"BreadcrumbList","@id":"https:\/\/tiketi.com\/nganga-express-buses\/#breadcrumb","itemListElement":[{"@type":"ListItem","position":1,"name":"Home","item":"https:\/\/tiketi.com\/"},{"@type":"ListItem","position":2,"name":"Nganga Express Online Booking Mbeya to Dar es Salaam"}]},{"@type":"WebSite","@id":"https:\/\/tiketi.com\/#website","url":"https:\/\/tiketi.com\/","name":"Billets d&#039;avion et de bus, forfaits touristiques et activit\u00e9s - Tiketi.com","description":"Billets d&#039;avion et de bus, Tours, Activit\u00e9s","publisher":{"@id":"https:\/\/tiketi.com\/#organization"},"potentialAction":[{"@type":"SearchAction","target":{"@type":"EntryPoint","urlTemplate":"https:\/\/tiketi.com\/?s={search_term_string}"},"query-input":{"@type":"PropertyValueSpecification","valueRequired":true,"valueName":"search_term_string"}}],"inLanguage":"fr-FR"},{"@type":"Organization","@id":"https:\/\/tiketi.com\/#organization","name":"Tiketi.com","alternateName":"Tiketi","url":"https:\/\/tiketi.com\/","logo":{"@type":"ImageObject","inLanguage":"fr-FR","@id":"https:\/\/tiketi.com\/#\/schema\/logo\/image\/","url":"https:\/\/tiketi.com\/wp-content\/uploads\/2019\/05\/tiketi-logo-696.png","contentUrl":"https:\/\/tiketi.com\/wp-content\/uploads\/2019\/05\/tiketi-logo-696.png","width":696,"height":696,"caption":"Tiketi.com"},"image":{"@id":"https:\/\/tiketi.com\/#\/schema\/logo\/image\/"},"sameAs":["https:\/\/www.facebook.com\/TiketiCom\/"]}]}},"_links":{"self":[{"href":"https:\/\/tiketi.com\/fr-fr\/wp-json\/wp\/v2\/pages\/11018","targetHints":{"allow":["GET"]}}],"collection":[{"href":"https:\/\/tiketi.com\/fr-fr\/wp-json\/wp\/v2\/pages"}],"about":[{"href":"https:\/\/tiketi.com\/fr-fr\/wp-json\/wp\/v2\/types\/page"}],"author":[{"embeddable":true,"href":"https:\/\/tiketi.com\/fr-fr\/wp-json\/wp\/v2\/users\/1"}],"replies":[{"embeddable":true,"href":"https:\/\/tiketi.com\/fr-fr\/wp-json\/wp\/v2\/comments?post=11018"}],"version-history":[{"count":0,"href":"https:\/\/tiketi.com\/fr-fr\/wp-json\/wp\/v2\/pages\/11018\/revisions"}],"wp:featuredmedia":[{"embeddable":true,"href":"https:\/\/tiketi.com\/fr-fr\/wp-json\/wp\/v2\/media\/13999"}],"wp:attachment":[{"href":"https:\/\/tiketi.com\/fr-fr\/wp-json\/wp\/v2\/media?parent=11018"}],"curies":[{"name":"wp","href":"https:\/\/api.w.org\/{rel}","templated":true}]}}