{"id":11019,"date":"2022-01-19T12:54:07","date_gmt":"2022-01-19T11:54:07","guid":{"rendered":"https:\/\/new.tiketi.com\/great-rift-express-shuttle-nairobi-online-booking\/"},"modified":"2022-02-14T13:04:19","modified_gmt":"2022-02-14T12:04:19","slug":"great-rift-express-shuttle-nairobi","status":"publish","type":"page","link":"https:\/\/tiketi.com\/fr-fr\/great-rift-express-shuttle-nairobi\/","title":{"rendered":"Great Rift Express Shuttle Nairobi R\u00e9servation en ligne, billets, tarifs et itin\u00e9raire"},"content":{"rendered":"<h2>Great Rift Express Shuttle Nairobi \u00e0 Eldoret R\u00e9servation en ligne<\/h2>\n<h3>D\u00e9couvrez votre itin\u00e9raire de voyage sur le web, le mobile ou l&#039;application et r\u00e9servez en ligne d\u00e8s maintenant des billets de bus Great Rift Express Shuttle pas chers.<\/h3>\n<p>La r\u00e9servation en ligne de Great Rift Express Shuttle Nairobi est simplifi\u00e9e. La navette Great Rift Express assure des services de transport depuis et vers Nairobi vers Kitale, Eldoret et Malaba. Ils fournissent \u00e9galement des services de location de voitures \u00e0 des prix raisonnables. Leurs v\u00e9hicules sont relaxants et abordables avec des chauffeurs qualifi\u00e9s. Alors faites la r\u00e9servation en ligne de billets Great Rift Express Shuttle Nairobi to Eldoret maintenant et \u00e9conomisez du temps et de l&#039;argent!<\/p>\n<h2>R\u00e9servation en ligne, tarif, horaire et itin\u00e9raire de la navette Great Rift Express<\/h2>\n<h2>FAQ<\/h2>\n<h3>Quels sont les itin\u00e9raires de la navette Great Rift Express ?<\/h3>\n<p>Services de r\u00e9servation en ligne Great Rift Express Shuttle Nairobi vers et depuis:<br \/>\nEldoret, Nairobi, Kitale, Bungoma et Malaba<\/p>\n<h3>Grands services de navette Rif Express<\/h3>\n<p>Ils se sont sp\u00e9cialis\u00e9s dans les services de transport de passagers depuis et vers la ville de Nairobi et d&#039;autres grandes villes du Kenya. Ils traitent \u00e9galement des services de messagerie par lesquels ils sont engag\u00e9s dans le transport de colis et de petits bagages vers de nombreux endroits au Kenya.<\/p>\n<p>Le confort est l&#039;un des avantages de voyager dans une navette de la vall\u00e9e du Rift au Kenya. Les v\u00e9hicules de la vall\u00e9e du Rift transportent jusqu&#039;\u00e0 12 passagers. Les navettes de la vall\u00e9e du Rift au Kenya ont des si\u00e8ges extr\u00eamement relaxants et sont extr\u00eamement spacieuses, principalement pour les visiteurs longue distance au Kenya. Cela signifie que vous aurez de la place pour vos pieds et que votre dos sera \u00e9pargn\u00e9, ce qui rendra le voyage dans la vall\u00e9e du Rift au Kenya tr\u00e8s relaxant.<\/p>\n<h3>Flotte de navettes Great Rift Express<\/h3>\n<p>Le service de navette de la vall\u00e9e du Rift \u00e0 Nairobi a des Nissans qui se rendent dans les villes de Nakuru, Naivasha, Kitale et Eldoret au Kenya o\u00f9 il existe d&#039;autres succursales des services de navette de la vall\u00e9e du Rift au Kenya. Une fois que vous vous rendez au bureau des services de navette de Rift Valley \u00e0 Nairobi, vous obtenez un billet et un num\u00e9ro de si\u00e8ge. Le num\u00e9ro de si\u00e8ge pr\u00e9sente l&#039;endroit o\u00f9 vous vous assi\u00e9rez sur la navette de la vall\u00e9e du Rift.<\/p>\n<h3>Quelles sont les coordonn\u00e9es des bus Great Rift Express Shuttle ?<\/h3>\n<p>Bureau de Nairobi - Mfangano Trade Centre, le long de la rue Mfangano.<\/p>\n<p>Bureau d&#039;Eldoret - En face de la Banque Nationale, pr\u00e8s de KVDA<\/p>\n<p>Bureau de Kitale - Chemins de fer, b\u00e2timent Mosop<\/p>\n<p>Bureau Bungoma \u2013 H\u00f4tel Keringet<\/p>\n<p>Adresse:<br \/>\nOloo St, Eldoret, Kenya<\/p>\n<p>Adresse : Bo\u00eete postale : 8240 \u2013 00200 City Square<br \/>\nVille\/Localit\u00e9 : Nairobi<\/p>\n<h2>Great Rift Express Shuttle Nairobi to Eldoret Conseils de r\u00e9servation en ligne<\/h2>\n<p>Les services de navette de la vall\u00e9e du Grand Rift \u00e0 Nairobi jouent un r\u00f4le essentiel pour garantir que les Kenyans voyagent non seulement avec style mais aussi dans le confort.<\/p>","protected":false},"excerpt":{"rendered":"<p>Great Rift Express Shuttle Nairobi to Eldoret Online\u00a0Booking Discover your travel route on web, mobile or app and book cheap Great Rift Express Shuttle bus tickets online now. Great Rift Express Shuttle Nairobi online booking made easy.\u00a0Great Rift Express shuttle provides transport services from and to Nairobi to Kitale, Eldoret, and Malaba. They also provide [&hellip;]<\/p>\n","protected":false},"author":1,"featured_media":13999,"parent":0,"menu_order":0,"comment_status":"open","ping_status":"closed","template":"template-home-modern.php","meta":{"footnotes":""},"class_list":["post-11019","page","type-page","status-publish","has-post-thumbnail","hentry"],"yoast_head":"<!-- This site is optimized with the Yoast SEO plugin v27.4 - https:\/\/yoast.com\/product\/yoast-seo-wordpress\/ -->\n<title>Great Rift Express Shuttle Nairobi Online Booking, Fare, Schedule &amp; Route<\/title>\n<meta name=\"description\" content=\"Looking for Great Rift Express Shuttle online booking, app, route, fare and schedule? Make a cheap Great Rift Express Shuttle Nairobi to Eldoret ticket booking now\" \/>\n<meta name=\"robots\" content=\"index, follow, max-snippet:-1, max-image-preview:large, max-video-preview:-1\" \/>\n<link rel=\"canonical\" href=\"https:\/\/tiketi.com\/fr-fr\/great-rift-express-shuttle-nairobi\/\" \/>\n<meta property=\"og:locale\" content=\"fr_FR\" \/>\n<meta property=\"og:type\" content=\"article\" \/>\n<meta property=\"og:title\" content=\"Great Rift Express Shuttle Nairobi Online Booking, Fare, Schedule &amp; Route\" \/>\n<meta property=\"og:description\" content=\"Looking for Great Rift Express Shuttle online booking, app, route, fare and schedule? Make a cheap Great Rift Express Shuttle Nairobi to Eldoret ticket booking now\" \/>\n<meta property=\"og:url\" content=\"https:\/\/tiketi.com\/fr-fr\/great-rift-express-shuttle-nairobi\/\" \/>\n<meta property=\"og:site_name\" content=\"Tiketi.com\" \/>\n<meta property=\"article:publisher\" content=\"https:\/\/www.facebook.com\/TiketiCom\/\" \/>\n<meta property=\"article:modified_time\" content=\"2022-02-14T12:04:19+00:00\" \/>\n<meta property=\"og:image\" content=\"https:\/\/tiketi.com\/wp-content\/uploads\/2022\/01\/bus-ticket-online-booking.jpg\" \/>\n\t<meta property=\"og:image:width\" content=\"1200\" \/>\n\t<meta property=\"og:image:height\" content=\"206\" \/>\n\t<meta property=\"og:image:type\" content=\"image\/jpeg\" \/>\n<meta name=\"twitter:card\" content=\"summary_large_image\" \/>\n<meta name=\"twitter:label1\" content=\"Dur\u00e9e de lecture estim\u00e9e\" \/>\n\t<meta name=\"twitter:data1\" content=\"2 minutes\" \/>\n<script type=\"application\/ld+json\" class=\"yoast-schema-graph\">{\"@context\":\"https:\\\/\\\/schema.org\",\"@graph\":[{\"@type\":\"WebPage\",\"@id\":\"https:\\\/\\\/tiketi.com\\\/great-rift-express-shuttle-nairobi\\\/\",\"url\":\"https:\\\/\\\/tiketi.com\\\/great-rift-express-shuttle-nairobi\\\/\",\"name\":\"Great Rift Express Shuttle Nairobi Online Booking, Fare, Schedule & Route\",\"isPartOf\":{\"@id\":\"https:\\\/\\\/tiketi.com\\\/#website\"},\"primaryImageOfPage\":{\"@id\":\"https:\\\/\\\/tiketi.com\\\/great-rift-express-shuttle-nairobi\\\/#primaryimage\"},\"image\":{\"@id\":\"https:\\\/\\\/tiketi.com\\\/great-rift-express-shuttle-nairobi\\\/#primaryimage\"},\"thumbnailUrl\":\"https:\\\/\\\/tiketi.com\\\/wp-content\\\/uploads\\\/2022\\\/01\\\/bus-ticket-online-booking.jpg\",\"datePublished\":\"2022-01-19T11:54:07+00:00\",\"dateModified\":\"2022-02-14T12:04:19+00:00\",\"description\":\"Looking for Great Rift Express Shuttle online booking, app, route, fare and schedule? Make a cheap Great Rift Express Shuttle Nairobi to Eldoret ticket booking now\",\"breadcrumb\":{\"@id\":\"https:\\\/\\\/tiketi.com\\\/great-rift-express-shuttle-nairobi\\\/#breadcrumb\"},\"inLanguage\":\"fr-FR\",\"potentialAction\":[{\"@type\":\"ReadAction\",\"target\":[\"https:\\\/\\\/tiketi.com\\\/great-rift-express-shuttle-nairobi\\\/\"]}]},{\"@type\":\"ImageObject\",\"inLanguage\":\"fr-FR\",\"@id\":\"https:\\\/\\\/tiketi.com\\\/great-rift-express-shuttle-nairobi\\\/#primaryimage\",\"url\":\"https:\\\/\\\/tiketi.com\\\/wp-content\\\/uploads\\\/2022\\\/01\\\/bus-ticket-online-booking.jpg\",\"contentUrl\":\"https:\\\/\\\/tiketi.com\\\/wp-content\\\/uploads\\\/2022\\\/01\\\/bus-ticket-online-booking.jpg\",\"width\":1200,\"height\":206,\"caption\":\"Online Bus Ticket Booking\"},{\"@type\":\"BreadcrumbList\",\"@id\":\"https:\\\/\\\/tiketi.com\\\/great-rift-express-shuttle-nairobi\\\/#breadcrumb\",\"itemListElement\":[{\"@type\":\"ListItem\",\"position\":1,\"name\":\"Home\",\"item\":\"https:\\\/\\\/tiketi.com\\\/\"},{\"@type\":\"ListItem\",\"position\":2,\"name\":\"Great Rift Express Shuttle Nairobi Online Booking, Tickets, Fare &#038; Route\"}]},{\"@type\":\"WebSite\",\"@id\":\"https:\\\/\\\/tiketi.com\\\/#website\",\"url\":\"https:\\\/\\\/tiketi.com\\\/\",\"name\":\"Flight & Bus Tickets, Tour Packages & Activitites - Tiketi.com\",\"description\":\"Flight &amp; Bus Tickets, Tours, Activitites\",\"publisher\":{\"@id\":\"https:\\\/\\\/tiketi.com\\\/#organization\"},\"potentialAction\":[{\"@type\":\"SearchAction\",\"target\":{\"@type\":\"EntryPoint\",\"urlTemplate\":\"https:\\\/\\\/tiketi.com\\\/?s={search_term_string}\"},\"query-input\":{\"@type\":\"PropertyValueSpecification\",\"valueRequired\":true,\"valueName\":\"search_term_string\"}}],\"inLanguage\":\"fr-FR\"},{\"@type\":\"Organization\",\"@id\":\"https:\\\/\\\/tiketi.com\\\/#organization\",\"name\":\"Tiketi.com\",\"alternateName\":\"Tiketi\",\"url\":\"https:\\\/\\\/tiketi.com\\\/\",\"logo\":{\"@type\":\"ImageObject\",\"inLanguage\":\"fr-FR\",\"@id\":\"https:\\\/\\\/tiketi.com\\\/#\\\/schema\\\/logo\\\/image\\\/\",\"url\":\"https:\\\/\\\/tiketi.com\\\/wp-content\\\/uploads\\\/2019\\\/05\\\/tiketi-logo-696.png\",\"contentUrl\":\"https:\\\/\\\/tiketi.com\\\/wp-content\\\/uploads\\\/2019\\\/05\\\/tiketi-logo-696.png\",\"width\":696,\"height\":696,\"caption\":\"Tiketi.com\"},\"image\":{\"@id\":\"https:\\\/\\\/tiketi.com\\\/#\\\/schema\\\/logo\\\/image\\\/\"},\"sameAs\":[\"https:\\\/\\\/www.facebook.com\\\/TiketiCom\\\/\"]}]}<\/script>\n<!-- \/ Yoast SEO plugin. -->","yoast_head_json":{"title":"Great Rift Express Shuttle Nairobi R\u00e9servation en ligne, tarif, horaire et itin\u00e9raire","description":"Vous recherchez une r\u00e9servation en ligne, une application, un itin\u00e9raire, un tarif et un horaire Great Rift Express Shuttle? R\u00e9servez d\u00e8s maintenant un billet pas cher Great Rift Express Shuttle de Nairobi \u00e0 Eldoret","robots":{"index":"index","follow":"follow","max-snippet":"max-snippet:-1","max-image-preview":"max-image-preview:large","max-video-preview":"max-video-preview:-1"},"canonical":"https:\/\/tiketi.com\/fr-fr\/great-rift-express-shuttle-nairobi\/","og_locale":"fr_FR","og_type":"article","og_title":"Great Rift Express Shuttle Nairobi Online Booking, Fare, Schedule & Route","og_description":"Looking for Great Rift Express Shuttle online booking, app, route, fare and schedule? Make a cheap Great Rift Express Shuttle Nairobi to Eldoret ticket booking now","og_url":"https:\/\/tiketi.com\/fr-fr\/great-rift-express-shuttle-nairobi\/","og_site_name":"Tiketi.com","article_publisher":"https:\/\/www.facebook.com\/TiketiCom\/","article_modified_time":"2022-02-14T12:04:19+00:00","og_image":[{"width":1200,"height":206,"url":"https:\/\/tiketi.com\/wp-content\/uploads\/2022\/01\/bus-ticket-online-booking.jpg","type":"image\/jpeg"}],"twitter_card":"summary_large_image","twitter_misc":{"Dur\u00e9e de lecture estim\u00e9e":"2 minutes"},"schema":{"@context":"https:\/\/schema.org","@graph":[{"@type":"WebPage","@id":"https:\/\/tiketi.com\/great-rift-express-shuttle-nairobi\/","url":"https:\/\/tiketi.com\/great-rift-express-shuttle-nairobi\/","name":"Great Rift Express Shuttle Nairobi R\u00e9servation en ligne, tarif, horaire et itin\u00e9raire","isPartOf":{"@id":"https:\/\/tiketi.com\/#website"},"primaryImageOfPage":{"@id":"https:\/\/tiketi.com\/great-rift-express-shuttle-nairobi\/#primaryimage"},"image":{"@id":"https:\/\/tiketi.com\/great-rift-express-shuttle-nairobi\/#primaryimage"},"thumbnailUrl":"https:\/\/tiketi.com\/wp-content\/uploads\/2022\/01\/bus-ticket-online-booking.jpg","datePublished":"2022-01-19T11:54:07+00:00","dateModified":"2022-02-14T12:04:19+00:00","description":"Vous recherchez une r\u00e9servation en ligne, une application, un itin\u00e9raire, un tarif et un horaire Great Rift Express Shuttle? R\u00e9servez d\u00e8s maintenant un billet pas cher Great Rift Express Shuttle de Nairobi \u00e0 Eldoret","breadcrumb":{"@id":"https:\/\/tiketi.com\/great-rift-express-shuttle-nairobi\/#breadcrumb"},"inLanguage":"fr-FR","potentialAction":[{"@type":"ReadAction","target":["https:\/\/tiketi.com\/great-rift-express-shuttle-nairobi\/"]}]},{"@type":"ImageObject","inLanguage":"fr-FR","@id":"https:\/\/tiketi.com\/great-rift-express-shuttle-nairobi\/#primaryimage","url":"https:\/\/tiketi.com\/wp-content\/uploads\/2022\/01\/bus-ticket-online-booking.jpg","contentUrl":"https:\/\/tiketi.com\/wp-content\/uploads\/2022\/01\/bus-ticket-online-booking.jpg","width":1200,"height":206,"caption":"Online Bus Ticket Booking"},{"@type":"BreadcrumbList","@id":"https:\/\/tiketi.com\/great-rift-express-shuttle-nairobi\/#breadcrumb","itemListElement":[{"@type":"ListItem","position":1,"name":"Home","item":"https:\/\/tiketi.com\/"},{"@type":"ListItem","position":2,"name":"Great Rift Express Shuttle Nairobi Online Booking, Tickets, Fare &#038; Route"}]},{"@type":"WebSite","@id":"https:\/\/tiketi.com\/#website","url":"https:\/\/tiketi.com\/","name":"Billets d&#039;avion et de bus, forfaits touristiques et activit\u00e9s - Tiketi.com","description":"Billets d&#039;avion et de bus, Tours, Activit\u00e9s","publisher":{"@id":"https:\/\/tiketi.com\/#organization"},"potentialAction":[{"@type":"SearchAction","target":{"@type":"EntryPoint","urlTemplate":"https:\/\/tiketi.com\/?s={search_term_string}"},"query-input":{"@type":"PropertyValueSpecification","valueRequired":true,"valueName":"search_term_string"}}],"inLanguage":"fr-FR"},{"@type":"Organization","@id":"https:\/\/tiketi.com\/#organization","name":"Tiketi.com","alternateName":"Tiketi","url":"https:\/\/tiketi.com\/","logo":{"@type":"ImageObject","inLanguage":"fr-FR","@id":"https:\/\/tiketi.com\/#\/schema\/logo\/image\/","url":"https:\/\/tiketi.com\/wp-content\/uploads\/2019\/05\/tiketi-logo-696.png","contentUrl":"https:\/\/tiketi.com\/wp-content\/uploads\/2019\/05\/tiketi-logo-696.png","width":696,"height":696,"caption":"Tiketi.com"},"image":{"@id":"https:\/\/tiketi.com\/#\/schema\/logo\/image\/"},"sameAs":["https:\/\/www.facebook.com\/TiketiCom\/"]}]}},"_links":{"self":[{"href":"https:\/\/tiketi.com\/fr-fr\/wp-json\/wp\/v2\/pages\/11019","targetHints":{"allow":["GET"]}}],"collection":[{"href":"https:\/\/tiketi.com\/fr-fr\/wp-json\/wp\/v2\/pages"}],"about":[{"href":"https:\/\/tiketi.com\/fr-fr\/wp-json\/wp\/v2\/types\/page"}],"author":[{"embeddable":true,"href":"https:\/\/tiketi.com\/fr-fr\/wp-json\/wp\/v2\/users\/1"}],"replies":[{"embeddable":true,"href":"https:\/\/tiketi.com\/fr-fr\/wp-json\/wp\/v2\/comments?post=11019"}],"version-history":[{"count":0,"href":"https:\/\/tiketi.com\/fr-fr\/wp-json\/wp\/v2\/pages\/11019\/revisions"}],"wp:featuredmedia":[{"embeddable":true,"href":"https:\/\/tiketi.com\/fr-fr\/wp-json\/wp\/v2\/media\/13999"}],"wp:attachment":[{"href":"https:\/\/tiketi.com\/fr-fr\/wp-json\/wp\/v2\/media?parent=11019"}],"curies":[{"name":"wp","href":"https:\/\/api.w.org\/{rel}","templated":true}]}}