{"id":11020,"date":"2022-01-19T12:54:07","date_gmt":"2022-01-19T11:54:07","guid":{"rendered":"https:\/\/new.tiketi.com\/garissa-coach-online-booking-nairobi-to-garissa-bus-tickets\/"},"modified":"2022-02-13T21:16:20","modified_gmt":"2022-02-13T20:16:20","slug":"garissa-coach-buses","status":"publish","type":"page","link":"https:\/\/tiketi.com\/fr-fr\/garissa-coach-buses\/","title":{"rendered":"Garissa Coach R\u00e9servation en ligne, billets de bus, tarif, horaires et itin\u00e9raire"},"content":{"rendered":"<h2>Garissa Coach R\u00e9servation de billets de bus en ligne<\/h2>\n<h3>D\u00e9couvrez votre itin\u00e9raire de voyage sur le web, le mobile ou l&#039;application et r\u00e9servez en ligne d\u00e8s maintenant des billets de bus Garissa Coach pas chers.<\/h3>\n<p>Garissa Coach r\u00e9servation en ligne facile. L&#039;entra\u00eeneur de Garissa est le plus grand fournisseur de transport par autobus interurbain entre Nairobi et la route de Garissa, desservant pr\u00e8s de dix places. Il est devenu une ic\u00f4ne du voyage en bus, offrant \u00e0 nos clients un voyage agr\u00e9able, s\u00fbr et abordable. Il en va de m\u00eame pour la r\u00e9servation de billets de bus en ligne Garissa Coach maintenant!<\/p>\n<h2>Garissa Coach R\u00e9servation en ligne, tarifs, horaires et itin\u00e9raire FAQ<\/h2>\n<h3>Quels sont les itin\u00e9raires et les horaires des autocars de Garissa ?<\/h3>\n<h3>De Garissa \u00e0 Nairobi<br \/>\n06h00<br \/>\n8h00<br \/>\n11h00<br \/>\n15:00<\/h3>\n<p>De Nairobi \u00e0 Garissa<br \/>\n8h00<br \/>\n11h00<br \/>\n13h00<br \/>\n15h30<\/p>\n<h3>Flotte d&#039;autocars Garissa<\/h3>\n<p>L&#039;entreprise dispose d&#039;une flotte classique bien modernis\u00e9e pour r\u00e9pondre \u00e0 vos besoins de transport. Ils ont toujours utilis\u00e9 leurs services avec le mod\u00e8le de bus Scania avec des carrosseries nationales assembl\u00e9es au Kenya, la plupart de leurs bus sont fabriqu\u00e9s par des ma\u00eetres fabricants.<\/p>\n<p>Leur flotte est de classe semi-luxe et certains d&#039;entre eux pr\u00e9tendent \u00eatre un autocar de luxe complet.<\/p>\n<h3>Ligne de service d&#039;autocars Garissa<\/h3>\n<p>Ils fournissent des services quotidiens de transport interurbain de passagers entre la ville de Nairobi et Garissa \u00e0 des prix \u00e9quitables pour tous. Ils ont un d\u00e9part l&#039;apr\u00e8s-midi et le matin dans tous les lieux.<\/p>\n<p>Alors que l&#039;autocar Garissa est c\u00e9l\u00e8bre pour son service r\u00e9gulier de passagers, l&#039;entreprise propose \u00e9galement de nombreux autres services \u00e0 ses clients. Le service de messagerie express G-Coach offre une livraison de colis \u00e0 prix avantageux le jour m\u00eame et t\u00f4t le lendemain \u00e0 des milliers de clients.<\/p>\n<p>Ils travaillent dur pour offrir une exp\u00e9rience client de premier ordre tout au long du syst\u00e8me, et leur charte de service client est leur promesse de service standard. Ils s&#039;engagent \u00e0 vous offrir un service s\u00fbr, efficace, confortable et fiable.<\/p>\n<h2>Quelles sont les coordonn\u00e9es des autocars de Garissa ?<\/h2>\n<p>Ils viendront vous chercher o\u00f9 que vous soyez.<\/p>\n<p>Bureau de Nairobi, Kenya : +254 716561775<\/p>\n<h2>Garissa Coach Conseils de r\u00e9servation de billets de bus en ligne<\/h2>\n<p>Avec un service de transport public s&#039;\u00e9tendant sur plus de cinq ans, ils offrent une large gamme de programmes et de services \u00e0 offrir pour les besoins de transport des entreprises et des particuliers.<br \/>\nLigne de flotte de r\u00e9servation en ligne d&#039;autocars de Garissa<\/p>","protected":false},"excerpt":{"rendered":"<p>Garissa Coach Online Bus Ticket Booking Discover your travel route on web, mobile or app and book cheap Garissa Coach bus tickets online now. Garissa Coach online booking made easy.\u00a0Garissa coach is the biggest provider of intercity bus transportation between Nairobi and Garissa route, serving nearly ten places. It has become an icon of bus [&hellip;]<\/p>\n","protected":false},"author":1,"featured_media":13999,"parent":0,"menu_order":0,"comment_status":"open","ping_status":"closed","template":"template-home-modern.php","meta":{"footnotes":""},"class_list":["post-11020","page","type-page","status-publish","has-post-thumbnail","hentry"],"yoast_head":"<!-- This site is optimized with the Yoast SEO plugin v27.4 - https:\/\/yoast.com\/product\/yoast-seo-wordpress\/ -->\n<title>Garissa Coach Online Booking, Fare, Schedule &amp; Route<\/title>\n<meta name=\"description\" content=\"Looking for Garissa Coach online booking app? Make a Garissa Coach Nairobi to Garissa booking online now and save time and money!\" \/>\n<meta name=\"robots\" content=\"index, follow, max-snippet:-1, max-image-preview:large, max-video-preview:-1\" \/>\n<link rel=\"canonical\" href=\"https:\/\/tiketi.com\/fr-fr\/garissa-coach-buses\/\" \/>\n<meta property=\"og:locale\" content=\"fr_FR\" \/>\n<meta property=\"og:type\" content=\"article\" \/>\n<meta property=\"og:title\" content=\"Garissa Coach Online Booking, Fare, Schedule &amp; Route\" \/>\n<meta property=\"og:description\" content=\"Looking for Garissa Coach online booking app? Make a Garissa Coach Nairobi to Garissa booking online now and save time and money!\" \/>\n<meta property=\"og:url\" content=\"https:\/\/tiketi.com\/fr-fr\/garissa-coach-buses\/\" \/>\n<meta property=\"og:site_name\" content=\"Tiketi.com\" \/>\n<meta property=\"article:publisher\" content=\"https:\/\/www.facebook.com\/TiketiCom\/\" \/>\n<meta property=\"article:modified_time\" content=\"2022-02-13T20:16:20+00:00\" \/>\n<meta property=\"og:image\" content=\"https:\/\/tiketi.com\/wp-content\/uploads\/2022\/01\/bus-ticket-online-booking.jpg\" \/>\n\t<meta property=\"og:image:width\" content=\"1200\" \/>\n\t<meta property=\"og:image:height\" content=\"206\" \/>\n\t<meta property=\"og:image:type\" content=\"image\/jpeg\" \/>\n<meta name=\"twitter:card\" content=\"summary_large_image\" \/>\n<meta name=\"twitter:label1\" content=\"Dur\u00e9e de lecture estim\u00e9e\" \/>\n\t<meta name=\"twitter:data1\" content=\"2 minutes\" \/>\n<script type=\"application\/ld+json\" class=\"yoast-schema-graph\">{\"@context\":\"https:\\\/\\\/schema.org\",\"@graph\":[{\"@type\":\"WebPage\",\"@id\":\"https:\\\/\\\/tiketi.com\\\/garissa-coach-buses\\\/\",\"url\":\"https:\\\/\\\/tiketi.com\\\/garissa-coach-buses\\\/\",\"name\":\"Garissa Coach Online Booking, Fare, Schedule & Route\",\"isPartOf\":{\"@id\":\"https:\\\/\\\/tiketi.com\\\/#website\"},\"primaryImageOfPage\":{\"@id\":\"https:\\\/\\\/tiketi.com\\\/garissa-coach-buses\\\/#primaryimage\"},\"image\":{\"@id\":\"https:\\\/\\\/tiketi.com\\\/garissa-coach-buses\\\/#primaryimage\"},\"thumbnailUrl\":\"https:\\\/\\\/tiketi.com\\\/wp-content\\\/uploads\\\/2022\\\/01\\\/bus-ticket-online-booking.jpg\",\"datePublished\":\"2022-01-19T11:54:07+00:00\",\"dateModified\":\"2022-02-13T20:16:20+00:00\",\"description\":\"Looking for Garissa Coach online booking app? Make a Garissa Coach Nairobi to Garissa booking online now and save time and money!\",\"breadcrumb\":{\"@id\":\"https:\\\/\\\/tiketi.com\\\/garissa-coach-buses\\\/#breadcrumb\"},\"inLanguage\":\"fr-FR\",\"potentialAction\":[{\"@type\":\"ReadAction\",\"target\":[\"https:\\\/\\\/tiketi.com\\\/garissa-coach-buses\\\/\"]}]},{\"@type\":\"ImageObject\",\"inLanguage\":\"fr-FR\",\"@id\":\"https:\\\/\\\/tiketi.com\\\/garissa-coach-buses\\\/#primaryimage\",\"url\":\"https:\\\/\\\/tiketi.com\\\/wp-content\\\/uploads\\\/2022\\\/01\\\/bus-ticket-online-booking.jpg\",\"contentUrl\":\"https:\\\/\\\/tiketi.com\\\/wp-content\\\/uploads\\\/2022\\\/01\\\/bus-ticket-online-booking.jpg\",\"width\":1200,\"height\":206,\"caption\":\"Online Bus Ticket Booking\"},{\"@type\":\"BreadcrumbList\",\"@id\":\"https:\\\/\\\/tiketi.com\\\/garissa-coach-buses\\\/#breadcrumb\",\"itemListElement\":[{\"@type\":\"ListItem\",\"position\":1,\"name\":\"Home\",\"item\":\"https:\\\/\\\/tiketi.com\\\/\"},{\"@type\":\"ListItem\",\"position\":2,\"name\":\"Garissa Coach Online Booking, Bus Tickets, Fare, Schedule &#038; Route\"}]},{\"@type\":\"WebSite\",\"@id\":\"https:\\\/\\\/tiketi.com\\\/#website\",\"url\":\"https:\\\/\\\/tiketi.com\\\/\",\"name\":\"Flight & Bus Tickets, Tour Packages & Activitites - Tiketi.com\",\"description\":\"Flight &amp; Bus Tickets, Tours, Activitites\",\"publisher\":{\"@id\":\"https:\\\/\\\/tiketi.com\\\/#organization\"},\"potentialAction\":[{\"@type\":\"SearchAction\",\"target\":{\"@type\":\"EntryPoint\",\"urlTemplate\":\"https:\\\/\\\/tiketi.com\\\/?s={search_term_string}\"},\"query-input\":{\"@type\":\"PropertyValueSpecification\",\"valueRequired\":true,\"valueName\":\"search_term_string\"}}],\"inLanguage\":\"fr-FR\"},{\"@type\":\"Organization\",\"@id\":\"https:\\\/\\\/tiketi.com\\\/#organization\",\"name\":\"Tiketi.com\",\"alternateName\":\"Tiketi\",\"url\":\"https:\\\/\\\/tiketi.com\\\/\",\"logo\":{\"@type\":\"ImageObject\",\"inLanguage\":\"fr-FR\",\"@id\":\"https:\\\/\\\/tiketi.com\\\/#\\\/schema\\\/logo\\\/image\\\/\",\"url\":\"https:\\\/\\\/tiketi.com\\\/wp-content\\\/uploads\\\/2019\\\/05\\\/tiketi-logo-696.png\",\"contentUrl\":\"https:\\\/\\\/tiketi.com\\\/wp-content\\\/uploads\\\/2019\\\/05\\\/tiketi-logo-696.png\",\"width\":696,\"height\":696,\"caption\":\"Tiketi.com\"},\"image\":{\"@id\":\"https:\\\/\\\/tiketi.com\\\/#\\\/schema\\\/logo\\\/image\\\/\"},\"sameAs\":[\"https:\\\/\\\/www.facebook.com\\\/TiketiCom\\\/\"]}]}<\/script>\n<!-- \/ Yoast SEO plugin. -->","yoast_head_json":{"title":"Garissa Coach R\u00e9servation en ligne, tarif, horaire et itin\u00e9raire","description":"Vous recherchez l&#039;application de r\u00e9servation en ligne Garissa Coach? Faites une r\u00e9servation Garissa Coach Nairobi \u00e0 Garissa en ligne maintenant et \u00e9conomisez du temps et de l&#039;argent!","robots":{"index":"index","follow":"follow","max-snippet":"max-snippet:-1","max-image-preview":"max-image-preview:large","max-video-preview":"max-video-preview:-1"},"canonical":"https:\/\/tiketi.com\/fr-fr\/garissa-coach-buses\/","og_locale":"fr_FR","og_type":"article","og_title":"Garissa Coach Online Booking, Fare, Schedule & Route","og_description":"Looking for Garissa Coach online booking app? Make a Garissa Coach Nairobi to Garissa booking online now and save time and money!","og_url":"https:\/\/tiketi.com\/fr-fr\/garissa-coach-buses\/","og_site_name":"Tiketi.com","article_publisher":"https:\/\/www.facebook.com\/TiketiCom\/","article_modified_time":"2022-02-13T20:16:20+00:00","og_image":[{"width":1200,"height":206,"url":"https:\/\/tiketi.com\/wp-content\/uploads\/2022\/01\/bus-ticket-online-booking.jpg","type":"image\/jpeg"}],"twitter_card":"summary_large_image","twitter_misc":{"Dur\u00e9e de lecture estim\u00e9e":"2 minutes"},"schema":{"@context":"https:\/\/schema.org","@graph":[{"@type":"WebPage","@id":"https:\/\/tiketi.com\/garissa-coach-buses\/","url":"https:\/\/tiketi.com\/garissa-coach-buses\/","name":"Garissa Coach R\u00e9servation en ligne, tarif, horaire et itin\u00e9raire","isPartOf":{"@id":"https:\/\/tiketi.com\/#website"},"primaryImageOfPage":{"@id":"https:\/\/tiketi.com\/garissa-coach-buses\/#primaryimage"},"image":{"@id":"https:\/\/tiketi.com\/garissa-coach-buses\/#primaryimage"},"thumbnailUrl":"https:\/\/tiketi.com\/wp-content\/uploads\/2022\/01\/bus-ticket-online-booking.jpg","datePublished":"2022-01-19T11:54:07+00:00","dateModified":"2022-02-13T20:16:20+00:00","description":"Vous recherchez l&#039;application de r\u00e9servation en ligne Garissa Coach? Faites une r\u00e9servation Garissa Coach Nairobi \u00e0 Garissa en ligne maintenant et \u00e9conomisez du temps et de l&#039;argent!","breadcrumb":{"@id":"https:\/\/tiketi.com\/garissa-coach-buses\/#breadcrumb"},"inLanguage":"fr-FR","potentialAction":[{"@type":"ReadAction","target":["https:\/\/tiketi.com\/garissa-coach-buses\/"]}]},{"@type":"ImageObject","inLanguage":"fr-FR","@id":"https:\/\/tiketi.com\/garissa-coach-buses\/#primaryimage","url":"https:\/\/tiketi.com\/wp-content\/uploads\/2022\/01\/bus-ticket-online-booking.jpg","contentUrl":"https:\/\/tiketi.com\/wp-content\/uploads\/2022\/01\/bus-ticket-online-booking.jpg","width":1200,"height":206,"caption":"Online Bus Ticket Booking"},{"@type":"BreadcrumbList","@id":"https:\/\/tiketi.com\/garissa-coach-buses\/#breadcrumb","itemListElement":[{"@type":"ListItem","position":1,"name":"Home","item":"https:\/\/tiketi.com\/"},{"@type":"ListItem","position":2,"name":"Garissa Coach Online Booking, Bus Tickets, Fare, Schedule &#038; Route"}]},{"@type":"WebSite","@id":"https:\/\/tiketi.com\/#website","url":"https:\/\/tiketi.com\/","name":"Billets d&#039;avion et de bus, forfaits touristiques et activit\u00e9s - Tiketi.com","description":"Billets d&#039;avion et de bus, Tours, Activit\u00e9s","publisher":{"@id":"https:\/\/tiketi.com\/#organization"},"potentialAction":[{"@type":"SearchAction","target":{"@type":"EntryPoint","urlTemplate":"https:\/\/tiketi.com\/?s={search_term_string}"},"query-input":{"@type":"PropertyValueSpecification","valueRequired":true,"valueName":"search_term_string"}}],"inLanguage":"fr-FR"},{"@type":"Organization","@id":"https:\/\/tiketi.com\/#organization","name":"Tiketi.com","alternateName":"Tiketi","url":"https:\/\/tiketi.com\/","logo":{"@type":"ImageObject","inLanguage":"fr-FR","@id":"https:\/\/tiketi.com\/#\/schema\/logo\/image\/","url":"https:\/\/tiketi.com\/wp-content\/uploads\/2019\/05\/tiketi-logo-696.png","contentUrl":"https:\/\/tiketi.com\/wp-content\/uploads\/2019\/05\/tiketi-logo-696.png","width":696,"height":696,"caption":"Tiketi.com"},"image":{"@id":"https:\/\/tiketi.com\/#\/schema\/logo\/image\/"},"sameAs":["https:\/\/www.facebook.com\/TiketiCom\/"]}]}},"_links":{"self":[{"href":"https:\/\/tiketi.com\/fr-fr\/wp-json\/wp\/v2\/pages\/11020","targetHints":{"allow":["GET"]}}],"collection":[{"href":"https:\/\/tiketi.com\/fr-fr\/wp-json\/wp\/v2\/pages"}],"about":[{"href":"https:\/\/tiketi.com\/fr-fr\/wp-json\/wp\/v2\/types\/page"}],"author":[{"embeddable":true,"href":"https:\/\/tiketi.com\/fr-fr\/wp-json\/wp\/v2\/users\/1"}],"replies":[{"embeddable":true,"href":"https:\/\/tiketi.com\/fr-fr\/wp-json\/wp\/v2\/comments?post=11020"}],"version-history":[{"count":0,"href":"https:\/\/tiketi.com\/fr-fr\/wp-json\/wp\/v2\/pages\/11020\/revisions"}],"wp:featuredmedia":[{"embeddable":true,"href":"https:\/\/tiketi.com\/fr-fr\/wp-json\/wp\/v2\/media\/13999"}],"wp:attachment":[{"href":"https:\/\/tiketi.com\/fr-fr\/wp-json\/wp\/v2\/media?parent=11020"}],"curies":[{"name":"wp","href":"https:\/\/api.w.org\/{rel}","templated":true}]}}