{"id":11021,"date":"2022-01-19T12:54:07","date_gmt":"2022-01-19T11:54:07","guid":{"rendered":"https:\/\/new.tiketi.com\/kimotco-express-online-booking-bus-tickets-reservation\/"},"modified":"2025-08-03T18:53:11","modified_gmt":"2025-08-03T17:53:11","slug":"kimotco-express-buses","status":"publish","type":"page","link":"https:\/\/tiketi.com\/fr-fr\/companies\/buses\/kimotco-express-buses\/","title":{"rendered":"R\u00e9servation en ligne Kimotco Express, billets de bus, tarifs et horaires"},"content":{"rendered":"<h2>R\u00e9servation de billets en ligne pas cher pour le bus Kimotco<\/h2>\n<h3>D\u00e9couvrez votre itin\u00e9raire de voyage sur le web, le mobile ou l&#039;application et r\u00e9servez d\u00e8s maintenant en ligne des billets de bus Kimotco Express pas chers.<\/h3>\n<p>La r\u00e9servation en ligne de Kimotco Express simplifi\u00e9e. Kimotco Express est une soci\u00e9t\u00e9 de transfert interurbain de passagers bas\u00e9e dans la ville d&#039;Arusha. C&#039;est une filiale du groupe Kimotco qui poss\u00e8de Mberesero Express et Kimotco Express, toutes deux \u00e9tant des soci\u00e9t\u00e9s de bus interurbains. Le groupe d&#039;entreprises Kimotco est dans l&#039;industrie du transport depuis plus de vingt ans maintenant, au service de ses clients avec des services incroyables. Alors faites la r\u00e9servation de billets en ligne pour le bus Kimotco maintenant!<\/p>\n<h2>FAQ sur la r\u00e9servation en ligne de Kimotco Express<\/h2>\n<h3>What are the Kimotco Express routes covered by Kimotco Express buses\u00a0on daily basis?<\/h3>\n<p>\u2022\u00a0\u00a0 \u00a0Arusha To Mbeya via Dodoma &amp; Iringa<br \/>\n\u2022\u00a0\u00a0 \u00a0Moshi To Iringa via Kondoa<br \/>\n\u2022\u00a0\u00a0 \u00a0Arusha To Babati, Karatu, Kiteto<br \/>\n\u2022\u00a0\u00a0 \u00a0Arusha To Musoma via Mwanza<br \/>\n\u2022\u00a0\u00a0 \u00a0Iringa To Dar es salaam<br \/>\n\u2022\u00a0\u00a0 \u00a0Arusha To Bukoba<br \/>\n\u2022\u00a0\u00a0 \u00a0Arusha To Dar es salaam<\/p>\n<h3>Ligne de flotte Kimotco Express<\/h3>\n<p>Ils ont une large gamme de flottes allant du mod\u00e8le de bus Scania aux mod\u00e8les chinois comme les bus Zhongtong, Higer et Yutong. Tous leurs bus sont de classe semi-luxe selon LATRA qui est responsable du contr\u00f4le du transport terrestre en Tanzanie.<\/p>\n<p>Tous leurs bus sont les meilleurs et les plus propres pour vous offrir un voyage confortable entre les points de votre safari. Vous trouverez ci-dessous certaines des sp\u00e9cifications accessibles dans tous leurs bus\u00a0:<\/p>\n<p>\u2022\u00a0\u00a0 \u00a0USB charging system<br \/>\n\u2022\u00a0\u00a0 \u00a02 X 2 seating arrangement<br \/>\n\u2022\u00a0\u00a0 \u00a0Slim TV for entertainment like music and movies<br \/>\n\u2022 Meilleur syst\u00e8me audio pour l&#039;\u00e9coute et la musique<br \/>\n\u2022\u00a0\u00a0 \u00a0Free Wifi to some of their buses<br \/>\n\u2022\u00a0\u00a0 \u00a0Free drinks are accessible to some of their buses<\/p>\n<p>Les passagers peuvent effectuer la r\u00e9servation de leurs billets dans leurs bureaux accessibles \u00e0 tous les arr\u00eats et terminaux de bus ou en contactant leurs agents accessibles \u00e0 tous les arr\u00eats de bus.<\/p>\n<h3>Quelles sont les coordonn\u00e9es des bus Kimotco Express ?<\/h3>\n<p>Si\u00e8ge social Arusha, Tanzanie<\/p>\n<h2>Conseils de r\u00e9servation de billets en ligne Kimotco Bus bon march\u00e9<\/h2>\n<p>Services Kimotco Express \u00e0 partir de la zone nord de la gare routi\u00e8re d&#039;Arusha vers d&#039;autres r\u00e9gions du pays. Ils ont des itin\u00e9raires quotidiens vers la zone centrale, les r\u00e9gions des hautes terres du sud et m\u00eame la zone des lacs.<\/p>\n<h2>Autres compagnies de bus populaires en Tanzanie<\/h2>\n<table border=\"0\" cellspacing=\"1\" cellpadding=\"1\">\n<tbody>\n<tr>\n<td>\n<ul>\n<li><a href=\"https:\/\/tiketi.com\/fr-fr\/companies\/buses\/marangu-coach\/\" target=\"_blank\" rel=\"noopener\">Marangu Coach<br \/>\nBooking<\/a><\/li>\n<\/ul>\n<\/td>\n<td style=\"width: 30px;\"><\/td>\n<td>\n<ul>\n<li><a href=\"https:\/\/tiketi.com\/fr-fr\/companies\/buses\/kilimanjaro-express\/\" target=\"_blank\" rel=\"noopener\">R\u00e9servation Dar Express<\/a><\/li>\n<\/ul>\n<\/td>\n<td style=\"width: 30px;\"><\/td>\n<td>\n<ul>\n<li><a href=\"https:\/\/tiketi.com\/fr-fr\/companies\/buses\/abood-bus\/\" target=\"_blank\" rel=\"noopener\">R\u00e9servation de bus Abood<\/a><\/li>\n<\/ul>\n<\/td>\n<\/tr>\n<tr>\n<td>\n<ul>\n<li><a href=\"https:\/\/tiketi.com\/fr-fr\/companies\/buses\/super-feo-bus\/\" target=\"_blank\" rel=\"noopener\">Super Feo Booking<\/a><\/li>\n<\/ul>\n<\/td>\n<td style=\"width: 30px;\"><\/td>\n<td>\n<ul>\n<li><a href=\"https:\/\/tiketi.com\/fr-fr\/companies\/buses\/happy-nation-express\/\" target=\"_blank\" rel=\"noopener\">R\u00e9servation Happy Nation Express<\/a><\/li>\n<\/ul>\n<\/td>\n<td style=\"width: 30px;\"><\/td>\n<td>\n<ul>\n<li><a href=\"https:\/\/tiketi.com\/fr-fr\/companies\/buses\/esther-luxury-coach\/\" target=\"_blank\" rel=\"noopener\">R\u00e9servation d&#039;autocars de luxe Esther<\/a><\/li>\n<\/ul>\n<\/td>\n<\/tr>\n<tr>\n<td>\n<ul>\n<li><a href=\"https:\/\/tiketi.com\/fr-fr\/companies\/buses\/bm-luxury-coach\/\" target=\"_blank\" rel=\"noopener\">Bm Bus Booking<\/a><\/li>\n<\/ul>\n<\/td>\n<td style=\"width: 30px;\"><\/td>\n<td>\n<ul>\n<li><a href=\"https:\/\/tiketi.com\/fr-fr\/companies\/buses\/satco-express\/\" target=\"_blank\" rel=\"noopener\">R\u00e9servation de bus Satco<\/a><\/li>\n<\/ul>\n<\/td>\n<td style=\"width: 30px;\"><\/td>\n<td>\n<ul>\n<li><a href=\"https:\/\/tiketi.com\/fr-fr\/companies\/buses\/abc-autobus-de-classe-superieur\/\" target=\"_blank\" rel=\"noopener\">R\u00e9servation de bus ABC Upper Class<\/a><\/li>\n<\/ul>\n<\/td>\n<\/tr>\n<\/tbody>\n<\/table>\n<p>&nbsp;<\/p>","protected":false},"excerpt":{"rendered":"<p>Cheap Kimotco Bus Online Ticket Booking Discover your travel route on web, mobile or app and book cheap Kimotco Express bus tickets online now. Kimotco Express online booking made easy. Kimotco Express is an intercity passenger transferring firm based in Arusha city. It is a subsidiary of Kimotco Group which own Mberesero Express and Kimotco [&hellip;]<\/p>\n","protected":false},"author":1,"featured_media":13999,"parent":25524,"menu_order":0,"comment_status":"open","ping_status":"closed","template":"template-home-modern.php","meta":{"footnotes":""},"class_list":["post-11021","page","type-page","status-publish","has-post-thumbnail","hentry"],"yoast_head":"<!-- This site is optimized with the Yoast SEO plugin v27.3 - https:\/\/yoast.com\/product\/yoast-seo-wordpress\/ -->\n<title>Kimotco Express Online Booking, Bus Tickets, Fare &amp; Schedule<\/title>\n<meta name=\"description\" content=\"Looking for Kimotco Express online booking? Make a cheap Kimotco Express online bus ticket booking online now and save time and money!\" \/>\n<meta name=\"robots\" content=\"index, follow, max-snippet:-1, max-image-preview:large, max-video-preview:-1\" \/>\n<link rel=\"canonical\" href=\"https:\/\/tiketi.com\/fr-fr\/companies\/buses\/kimotco-express-buses\/\" \/>\n<meta property=\"og:locale\" content=\"fr_FR\" \/>\n<meta property=\"og:type\" content=\"article\" \/>\n<meta property=\"og:title\" content=\"Kimotco Express Online Booking, Bus Tickets, Fare &amp; Schedule\" \/>\n<meta property=\"og:description\" content=\"Looking for Kimotco Express online booking? Make a cheap Kimotco Express online bus ticket booking online now and save time and money!\" \/>\n<meta property=\"og:url\" content=\"https:\/\/tiketi.com\/fr-fr\/companies\/buses\/kimotco-express-buses\/\" \/>\n<meta property=\"og:site_name\" content=\"Tiketi.com\" \/>\n<meta property=\"article:publisher\" content=\"https:\/\/www.facebook.com\/TiketiCom\/\" \/>\n<meta property=\"article:modified_time\" content=\"2025-08-03T17:53:11+00:00\" \/>\n<meta property=\"og:image\" content=\"https:\/\/tiketi.com\/wp-content\/uploads\/2022\/01\/bus-ticket-online-booking.jpg\" \/>\n\t<meta property=\"og:image:width\" content=\"1200\" \/>\n\t<meta property=\"og:image:height\" content=\"206\" \/>\n\t<meta property=\"og:image:type\" content=\"image\/jpeg\" \/>\n<meta name=\"twitter:card\" content=\"summary_large_image\" \/>\n<meta name=\"twitter:label1\" content=\"Dur\u00e9e de lecture estim\u00e9e\" \/>\n\t<meta name=\"twitter:data1\" content=\"2 minutes\" \/>\n<script type=\"application\/ld+json\" class=\"yoast-schema-graph\">{\"@context\":\"https:\\\/\\\/schema.org\",\"@graph\":[{\"@type\":\"WebPage\",\"@id\":\"https:\\\/\\\/tiketi.com\\\/companies\\\/buses\\\/kimotco-express-buses\\\/\",\"url\":\"https:\\\/\\\/tiketi.com\\\/companies\\\/buses\\\/kimotco-express-buses\\\/\",\"name\":\"Kimotco Express Online Booking, Bus Tickets, Fare & Schedule\",\"isPartOf\":{\"@id\":\"https:\\\/\\\/tiketi.com\\\/#website\"},\"primaryImageOfPage\":{\"@id\":\"https:\\\/\\\/tiketi.com\\\/companies\\\/buses\\\/kimotco-express-buses\\\/#primaryimage\"},\"image\":{\"@id\":\"https:\\\/\\\/tiketi.com\\\/companies\\\/buses\\\/kimotco-express-buses\\\/#primaryimage\"},\"thumbnailUrl\":\"https:\\\/\\\/tiketi.com\\\/wp-content\\\/uploads\\\/2022\\\/01\\\/bus-ticket-online-booking.jpg\",\"datePublished\":\"2022-01-19T11:54:07+00:00\",\"dateModified\":\"2025-08-03T17:53:11+00:00\",\"description\":\"Looking for Kimotco Express online booking? Make a cheap Kimotco Express online bus ticket booking online now and save time and money!\",\"breadcrumb\":{\"@id\":\"https:\\\/\\\/tiketi.com\\\/companies\\\/buses\\\/kimotco-express-buses\\\/#breadcrumb\"},\"inLanguage\":\"fr-FR\",\"potentialAction\":[{\"@type\":\"ReadAction\",\"target\":[\"https:\\\/\\\/tiketi.com\\\/companies\\\/buses\\\/kimotco-express-buses\\\/\"]}]},{\"@type\":\"ImageObject\",\"inLanguage\":\"fr-FR\",\"@id\":\"https:\\\/\\\/tiketi.com\\\/companies\\\/buses\\\/kimotco-express-buses\\\/#primaryimage\",\"url\":\"https:\\\/\\\/tiketi.com\\\/wp-content\\\/uploads\\\/2022\\\/01\\\/bus-ticket-online-booking.jpg\",\"contentUrl\":\"https:\\\/\\\/tiketi.com\\\/wp-content\\\/uploads\\\/2022\\\/01\\\/bus-ticket-online-booking.jpg\",\"width\":1200,\"height\":206,\"caption\":\"Online Bus Ticket Booking\"},{\"@type\":\"BreadcrumbList\",\"@id\":\"https:\\\/\\\/tiketi.com\\\/companies\\\/buses\\\/kimotco-express-buses\\\/#breadcrumb\",\"itemListElement\":[{\"@type\":\"ListItem\",\"position\":1,\"name\":\"Home\",\"item\":\"https:\\\/\\\/tiketi.com\\\/\"},{\"@type\":\"ListItem\",\"position\":2,\"name\":\"Companies\",\"item\":\"https:\\\/\\\/tiketi.com\\\/companies\\\/\"},{\"@type\":\"ListItem\",\"position\":3,\"name\":\"Buses\",\"item\":\"https:\\\/\\\/tiketi.com\\\/companies\\\/buses\\\/\"},{\"@type\":\"ListItem\",\"position\":4,\"name\":\"Kimotco Express Online Booking, Bus Tickets, Fare &#038; Schedule\"}]},{\"@type\":\"WebSite\",\"@id\":\"https:\\\/\\\/tiketi.com\\\/#website\",\"url\":\"https:\\\/\\\/tiketi.com\\\/\",\"name\":\"Flight & Bus Tickets, Tour Packages & Activitites - Tiketi.com\",\"description\":\"Flight &amp; Bus Tickets, Tours, Activitites\",\"publisher\":{\"@id\":\"https:\\\/\\\/tiketi.com\\\/#organization\"},\"potentialAction\":[{\"@type\":\"SearchAction\",\"target\":{\"@type\":\"EntryPoint\",\"urlTemplate\":\"https:\\\/\\\/tiketi.com\\\/?s={search_term_string}\"},\"query-input\":{\"@type\":\"PropertyValueSpecification\",\"valueRequired\":true,\"valueName\":\"search_term_string\"}}],\"inLanguage\":\"fr-FR\"},{\"@type\":\"Organization\",\"@id\":\"https:\\\/\\\/tiketi.com\\\/#organization\",\"name\":\"Tiketi.com\",\"alternateName\":\"Tiketi\",\"url\":\"https:\\\/\\\/tiketi.com\\\/\",\"logo\":{\"@type\":\"ImageObject\",\"inLanguage\":\"fr-FR\",\"@id\":\"https:\\\/\\\/tiketi.com\\\/#\\\/schema\\\/logo\\\/image\\\/\",\"url\":\"https:\\\/\\\/tiketi.com\\\/wp-content\\\/uploads\\\/2019\\\/05\\\/tiketi-logo-696.png\",\"contentUrl\":\"https:\\\/\\\/tiketi.com\\\/wp-content\\\/uploads\\\/2019\\\/05\\\/tiketi-logo-696.png\",\"width\":696,\"height\":696,\"caption\":\"Tiketi.com\"},\"image\":{\"@id\":\"https:\\\/\\\/tiketi.com\\\/#\\\/schema\\\/logo\\\/image\\\/\"},\"sameAs\":[\"https:\\\/\\\/www.facebook.com\\\/TiketiCom\\\/\"]}]}<\/script>\n<!-- \/ Yoast SEO plugin. -->","yoast_head_json":{"title":"R\u00e9servation en ligne Kimotco Express, billets de bus, tarifs et horaires","description":"Vous recherchez une r\u00e9servation en ligne Kimotco Express? R\u00e9servez d\u00e8s maintenant vos billets de bus en ligne Kimotco Express \u00e0 bas prix et \u00e9conomisez du temps et de l&#039;argent !","robots":{"index":"index","follow":"follow","max-snippet":"max-snippet:-1","max-image-preview":"max-image-preview:large","max-video-preview":"max-video-preview:-1"},"canonical":"https:\/\/tiketi.com\/fr-fr\/companies\/buses\/kimotco-express-buses\/","og_locale":"fr_FR","og_type":"article","og_title":"Kimotco Express Online Booking, Bus Tickets, Fare & Schedule","og_description":"Looking for Kimotco Express online booking? Make a cheap Kimotco Express online bus ticket booking online now and save time and money!","og_url":"https:\/\/tiketi.com\/fr-fr\/companies\/buses\/kimotco-express-buses\/","og_site_name":"Tiketi.com","article_publisher":"https:\/\/www.facebook.com\/TiketiCom\/","article_modified_time":"2025-08-03T17:53:11+00:00","og_image":[{"width":1200,"height":206,"url":"https:\/\/tiketi.com\/wp-content\/uploads\/2022\/01\/bus-ticket-online-booking.jpg","type":"image\/jpeg"}],"twitter_card":"summary_large_image","twitter_misc":{"Dur\u00e9e de lecture estim\u00e9e":"2 minutes"},"schema":{"@context":"https:\/\/schema.org","@graph":[{"@type":"WebPage","@id":"https:\/\/tiketi.com\/companies\/buses\/kimotco-express-buses\/","url":"https:\/\/tiketi.com\/companies\/buses\/kimotco-express-buses\/","name":"R\u00e9servation en ligne Kimotco Express, billets de bus, tarifs et horaires","isPartOf":{"@id":"https:\/\/tiketi.com\/#website"},"primaryImageOfPage":{"@id":"https:\/\/tiketi.com\/companies\/buses\/kimotco-express-buses\/#primaryimage"},"image":{"@id":"https:\/\/tiketi.com\/companies\/buses\/kimotco-express-buses\/#primaryimage"},"thumbnailUrl":"https:\/\/tiketi.com\/wp-content\/uploads\/2022\/01\/bus-ticket-online-booking.jpg","datePublished":"2022-01-19T11:54:07+00:00","dateModified":"2025-08-03T17:53:11+00:00","description":"Vous recherchez une r\u00e9servation en ligne Kimotco Express? R\u00e9servez d\u00e8s maintenant vos billets de bus en ligne Kimotco Express \u00e0 bas prix et \u00e9conomisez du temps et de l&#039;argent !","breadcrumb":{"@id":"https:\/\/tiketi.com\/companies\/buses\/kimotco-express-buses\/#breadcrumb"},"inLanguage":"fr-FR","potentialAction":[{"@type":"ReadAction","target":["https:\/\/tiketi.com\/companies\/buses\/kimotco-express-buses\/"]}]},{"@type":"ImageObject","inLanguage":"fr-FR","@id":"https:\/\/tiketi.com\/companies\/buses\/kimotco-express-buses\/#primaryimage","url":"https:\/\/tiketi.com\/wp-content\/uploads\/2022\/01\/bus-ticket-online-booking.jpg","contentUrl":"https:\/\/tiketi.com\/wp-content\/uploads\/2022\/01\/bus-ticket-online-booking.jpg","width":1200,"height":206,"caption":"Online Bus Ticket Booking"},{"@type":"BreadcrumbList","@id":"https:\/\/tiketi.com\/companies\/buses\/kimotco-express-buses\/#breadcrumb","itemListElement":[{"@type":"ListItem","position":1,"name":"Home","item":"https:\/\/tiketi.com\/"},{"@type":"ListItem","position":2,"name":"Companies","item":"https:\/\/tiketi.com\/companies\/"},{"@type":"ListItem","position":3,"name":"Buses","item":"https:\/\/tiketi.com\/companies\/buses\/"},{"@type":"ListItem","position":4,"name":"Kimotco Express Online Booking, Bus Tickets, Fare &#038; Schedule"}]},{"@type":"WebSite","@id":"https:\/\/tiketi.com\/#website","url":"https:\/\/tiketi.com\/","name":"Billets d&#039;avion et de bus, forfaits touristiques et activit\u00e9s - Tiketi.com","description":"Billets d&#039;avion et de bus, Tours, Activit\u00e9s","publisher":{"@id":"https:\/\/tiketi.com\/#organization"},"potentialAction":[{"@type":"SearchAction","target":{"@type":"EntryPoint","urlTemplate":"https:\/\/tiketi.com\/?s={search_term_string}"},"query-input":{"@type":"PropertyValueSpecification","valueRequired":true,"valueName":"search_term_string"}}],"inLanguage":"fr-FR"},{"@type":"Organization","@id":"https:\/\/tiketi.com\/#organization","name":"Tiketi.com","alternateName":"Tiketi","url":"https:\/\/tiketi.com\/","logo":{"@type":"ImageObject","inLanguage":"fr-FR","@id":"https:\/\/tiketi.com\/#\/schema\/logo\/image\/","url":"https:\/\/tiketi.com\/wp-content\/uploads\/2019\/05\/tiketi-logo-696.png","contentUrl":"https:\/\/tiketi.com\/wp-content\/uploads\/2019\/05\/tiketi-logo-696.png","width":696,"height":696,"caption":"Tiketi.com"},"image":{"@id":"https:\/\/tiketi.com\/#\/schema\/logo\/image\/"},"sameAs":["https:\/\/www.facebook.com\/TiketiCom\/"]}]}},"_links":{"self":[{"href":"https:\/\/tiketi.com\/fr-fr\/wp-json\/wp\/v2\/pages\/11021","targetHints":{"allow":["GET"]}}],"collection":[{"href":"https:\/\/tiketi.com\/fr-fr\/wp-json\/wp\/v2\/pages"}],"about":[{"href":"https:\/\/tiketi.com\/fr-fr\/wp-json\/wp\/v2\/types\/page"}],"author":[{"embeddable":true,"href":"https:\/\/tiketi.com\/fr-fr\/wp-json\/wp\/v2\/users\/1"}],"replies":[{"embeddable":true,"href":"https:\/\/tiketi.com\/fr-fr\/wp-json\/wp\/v2\/comments?post=11021"}],"version-history":[{"count":2,"href":"https:\/\/tiketi.com\/fr-fr\/wp-json\/wp\/v2\/pages\/11021\/revisions"}],"predecessor-version":[{"id":32326,"href":"https:\/\/tiketi.com\/fr-fr\/wp-json\/wp\/v2\/pages\/11021\/revisions\/32326"}],"up":[{"embeddable":true,"href":"https:\/\/tiketi.com\/fr-fr\/wp-json\/wp\/v2\/pages\/25524"}],"wp:featuredmedia":[{"embeddable":true,"href":"https:\/\/tiketi.com\/fr-fr\/wp-json\/wp\/v2\/media\/13999"}],"wp:attachment":[{"href":"https:\/\/tiketi.com\/fr-fr\/wp-json\/wp\/v2\/media?parent=11021"}],"curies":[{"name":"wp","href":"https:\/\/api.w.org\/{rel}","templated":true}]}}