{"id":11022,"date":"2022-01-19T12:54:07","date_gmt":"2022-01-19T11:54:07","guid":{"rendered":"https:\/\/new.tiketi.com\/online-food-delivery-cairo-from-nearby-restaurants\/"},"modified":"2022-02-18T12:46:21","modified_gmt":"2022-02-18T11:46:21","slug":"online-food-delivery-cairo-store","status":"publish","type":"page","link":"https:\/\/tiketi.com\/fr-fr\/online-food-delivery-cairo-store\/","title":{"rendered":"Livraison de nourriture au Caire - Commandez de la nourriture en ligne pr\u00e8s de chez moi"},"content":{"rendered":"<h2><span style=\"color: revert; font-size: revert; font-weight: revert;\">Meilleure application de livraison de nourriture au Caire en \u00c9gypte<\/span><\/h2>\n<h3>Utilisez la meilleure application de livraison de nourriture en \u00c9gypte et commandez de la nourriture au Caire \u00e0 partir d&#039;un service de livraison de nourriture bon march\u00e9 au Caire simple et facile en ligne.<\/h3>\n<p>La livraison de nourriture en ligne au Caire en \u00c9gypte \u00e0 partir de restaurants \u00e0 proximit\u00e9 est simplifi\u00e9e. Les services de la meilleure application de livraison de nourriture au Caire gagnent en popularit\u00e9 de jour en jour. De nombreux services de livraison de nourriture au Caire r\u00e9solvent tous nos probl\u00e8mes, et parfois cela fait m\u00eame notre journ\u00e9e. Par exemple, si vous regardez votre webs\u00e9rie pr\u00e9f\u00e9r\u00e9e chez vous ou ailleurs, et que vous avez commenc\u00e9 \u00e0 avoir faim en voyant des p\u00e2tes, un burger ou une pizza dans une webs\u00e9rie, vous pouvez commander une pizza en un seul clic depuis food services de livraison Le Caire. Ce n&#039;est rien de moins que remarquable si vous y r\u00e9fl\u00e9chissez. Comment commander de la nourriture au Caire en ligne et gagner du temps et de l&#039;argent :<\/p>\n<h2>Voici quelques-uns des avantages de la livraison de repas en ligne au Caire, en \u00c9gypte\u00a0:<\/h2>\n<h3>Meilleure application de livraison de nourriture au Caire<\/h3>\n<p>Avec le mode de vie charg\u00e9 d&#039;aujourd&#039;hui, de nombreuses personnes sont press\u00e9es par le temps, dans un monde o\u00f9 chaque minute compte, la commodit\u00e9 est reine. Lorsque vous pouvez commander dans votre restaurant pr\u00e9f\u00e9r\u00e9 plus facilement, plus rapidement et \u00e0 votre convenance, vous avez tendance \u00e0 revenir encore et encore car vous savez que cet \u00e9tablissement r\u00e9pond \u00e0 vos besoins. Pour acc\u00e9der \u00e0 une livraison de nourriture au Caire, il vous suffit d&#039;un t\u00e9l\u00e9phone portable ou d&#039;un ordinateur portable avec la meilleure application de livraison de nourriture au Caire qui offre ce service. Une fois que vous avez acc\u00e8s via une application, il devient plus parfait de passer une commande sans rechercher un num\u00e9ro, l&#039;appeler, \u00eatre mis en attente et plus encore. Vous pouvez simplement le faire en un clic en suivant quelques \u00e9tapes simples.<\/p>\n<h3>Service de livraison de nourriture abordable au Caire<\/h3>\n<p>La meilleure application de livraison de nourriture en \u00c9gypte permet d&#039;\u00e9conomiser beaucoup de temps et d&#039;argent. Auparavant, vous deviez vous rendre au restaurant pour vous asseoir et mordre apr\u00e8s avoir ajust\u00e9 votre emploi du temps charg\u00e9. Mais maintenant, vous n&#039;avez plus besoin de sortir, de faire la queue en attendant votre tour. En plus de cela, cela diminue \u00e9galement les frais de d\u00e9placement. Malgr\u00e9 cela, l&#039;entreprise de livraison de nourriture du Caire propose \u00e9galement de nombreuses offres pour encourager les utilisateurs, am\u00e9liorant ainsi son abordabilit\u00e9. Vous n&#039;avez pas besoin de dormir affam\u00e9 car la meilleure application de livraison de nourriture en \u00c9gypte est accessible 24h\/24 et 7j\/7. Vous pouvez commander de la nourriture au Caire en \u00c9gypte pour le Nouvel An ou No\u00ebl, car le service de livraison est accessible pour vous.<\/p>\n<h3>Meilleure application de livraison de nourriture en \u00c9gypte processus de paiement facile<\/h3>\n<p>Le processus de paiement concernant la livraison de nourriture 24h \/ 24 au Caire est assez parfait. Vous pouvez effectuer le paiement par carte de cr\u00e9dit, net banking ou carte de d\u00e9bit. Le choix du portefeuille \u00e9lectronique est parfois propos\u00e9 aux utilisateurs, il proposera des promotions et des coupons. Si quelqu&#039;un n&#039;est pas d\u00e9tendu en partageant les d\u00e9tails de sa carte de d\u00e9bit ou de sa carte de cr\u00e9dit, il peut \u00e9galement utiliser le paiement \u00e0 la livraison. Les services de livraison de nourriture au Caire sont remarquables car ils livrent la nourriture directement \u00e0 votre porte sans trop d&#039;effort.<\/p>","protected":false},"excerpt":{"rendered":"<p>Best food delivery app in Cairo Egypt Use the best food delivery app in Egypt and order food in Cairo from cheap food delivery service in Cairo simple and easy online. Online food delivery in Cairo Egypt from nearby restaurants made easy. Best food delivery app in Cairo services are gaining popularity day by day. [&hellip;]<\/p>\n","protected":false},"author":1,"featured_media":19299,"parent":0,"menu_order":0,"comment_status":"open","ping_status":"closed","template":"template-home-modern.php","meta":{"footnotes":""},"class_list":["post-11022","page","type-page","status-publish","has-post-thumbnail","hentry"],"yoast_head":"<!-- This site is optimized with the Yoast SEO plugin v27.2 - https:\/\/yoast.com\/product\/yoast-seo-wordpress\/ -->\n<title>Food Delivery in Cairo - Order Food Online Near Me<\/title>\n<meta name=\"description\" content=\"Online food delivery in Cairo from your favorite restaurants. Use the best food delivery app in Cairo and order food in Cairo from cheap food delivery service\" \/>\n<meta name=\"robots\" content=\"index, follow, max-snippet:-1, max-image-preview:large, max-video-preview:-1\" \/>\n<link rel=\"canonical\" href=\"https:\/\/tiketi.com\/fr-fr\/online-food-delivery-cairo-store\/\" \/>\n<meta property=\"og:locale\" content=\"fr_FR\" \/>\n<meta property=\"og:type\" content=\"article\" \/>\n<meta property=\"og:title\" content=\"Food Delivery in Cairo - Order Food Online Near Me\" \/>\n<meta property=\"og:description\" content=\"Online food delivery in Cairo from your favorite restaurants. Use the best food delivery app in Cairo and order food in Cairo from cheap food delivery service\" \/>\n<meta property=\"og:url\" content=\"https:\/\/tiketi.com\/fr-fr\/online-food-delivery-cairo-store\/\" \/>\n<meta property=\"og:site_name\" content=\"Tiketi.com\" \/>\n<meta property=\"article:publisher\" content=\"https:\/\/www.facebook.com\/TiketiCom\/\" \/>\n<meta property=\"article:modified_time\" content=\"2022-02-18T11:46:21+00:00\" \/>\n<meta property=\"og:image\" content=\"https:\/\/tiketi.com\/wp-content\/uploads\/2022\/02\/delivery-man2-6029429_1280.jpg\" \/>\n\t<meta property=\"og:image:width\" content=\"1200\" \/>\n\t<meta property=\"og:image:height\" content=\"200\" \/>\n\t<meta property=\"og:image:type\" content=\"image\/jpeg\" \/>\n<meta name=\"twitter:card\" content=\"summary_large_image\" \/>\n<meta name=\"twitter:label1\" content=\"Dur\u00e9e de lecture estim\u00e9e\" \/>\n\t<meta name=\"twitter:data1\" content=\"3 minutes\" \/>\n<script type=\"application\/ld+json\" class=\"yoast-schema-graph\">{\"@context\":\"https:\/\/schema.org\",\"@graph\":[{\"@type\":\"WebPage\",\"@id\":\"https:\/\/tiketi.com\/en-gb\/online-food-delivery-cairo-store\/\",\"url\":\"https:\/\/tiketi.com\/en-gb\/online-food-delivery-cairo-store\/\",\"name\":\"Food Delivery in Cairo - Order Food Online Near Me\",\"isPartOf\":{\"@id\":\"https:\/\/tiketi.com\/#website\"},\"primaryImageOfPage\":{\"@id\":\"https:\/\/tiketi.com\/en-gb\/online-food-delivery-cairo-store\/#primaryimage\"},\"image\":{\"@id\":\"https:\/\/tiketi.com\/en-gb\/online-food-delivery-cairo-store\/#primaryimage\"},\"thumbnailUrl\":\"https:\/\/tiketi.com\/wp-content\/uploads\/2022\/02\/delivery-man2-6029429_1280.jpg\",\"datePublished\":\"2022-01-19T11:54:07+00:00\",\"dateModified\":\"2022-02-18T11:46:21+00:00\",\"description\":\"Online food delivery in Cairo from your favorite restaurants. Use the best food delivery app in Cairo and order food in Cairo from cheap food delivery service\",\"breadcrumb\":{\"@id\":\"https:\/\/tiketi.com\/en-gb\/online-food-delivery-cairo-store\/#breadcrumb\"},\"inLanguage\":\"fr-FR\",\"potentialAction\":[{\"@type\":\"ReadAction\",\"target\":[\"https:\/\/tiketi.com\/en-gb\/online-food-delivery-cairo-store\/\"]}]},{\"@type\":\"ImageObject\",\"inLanguage\":\"fr-FR\",\"@id\":\"https:\/\/tiketi.com\/en-gb\/online-food-delivery-cairo-store\/#primaryimage\",\"url\":\"https:\/\/tiketi.com\/wp-content\/uploads\/2022\/02\/delivery-man2-6029429_1280.jpg\",\"contentUrl\":\"https:\/\/tiketi.com\/wp-content\/uploads\/2022\/02\/delivery-man2-6029429_1280.jpg\",\"width\":1200,\"height\":200},{\"@type\":\"BreadcrumbList\",\"@id\":\"https:\/\/tiketi.com\/en-gb\/online-food-delivery-cairo-store\/#breadcrumb\",\"itemListElement\":[{\"@type\":\"ListItem\",\"position\":1,\"name\":\"Home\",\"item\":\"https:\/\/tiketi.com\/\"},{\"@type\":\"ListItem\",\"position\":2,\"name\":\"Food Delivery in Cairo &#8211; Order Food Online Near Me\"}]},{\"@type\":\"WebSite\",\"@id\":\"https:\/\/tiketi.com\/#website\",\"url\":\"https:\/\/tiketi.com\/\",\"name\":\"Flight & Bus Tickets, Tour Packages & Activitites - Tiketi.com\",\"description\":\"Flight &amp; Bus Tickets, Tours, Activitites\",\"publisher\":{\"@id\":\"https:\/\/tiketi.com\/#organization\"},\"potentialAction\":[{\"@type\":\"SearchAction\",\"target\":{\"@type\":\"EntryPoint\",\"urlTemplate\":\"https:\/\/tiketi.com\/?s={search_term_string}\"},\"query-input\":{\"@type\":\"PropertyValueSpecification\",\"valueRequired\":true,\"valueName\":\"search_term_string\"}}],\"inLanguage\":\"fr-FR\"},{\"@type\":\"Organization\",\"@id\":\"https:\/\/tiketi.com\/#organization\",\"name\":\"Tiketi.com\",\"alternateName\":\"Tiketi\",\"url\":\"https:\/\/tiketi.com\/\",\"logo\":{\"@type\":\"ImageObject\",\"inLanguage\":\"fr-FR\",\"@id\":\"https:\/\/tiketi.com\/#\/schema\/logo\/image\/\",\"url\":\"https:\/\/tiketi.com\/wp-content\/uploads\/2019\/05\/tiketi-logo-696.png\",\"contentUrl\":\"https:\/\/tiketi.com\/wp-content\/uploads\/2019\/05\/tiketi-logo-696.png\",\"width\":696,\"height\":696,\"caption\":\"Tiketi.com\"},\"image\":{\"@id\":\"https:\/\/tiketi.com\/#\/schema\/logo\/image\/\"},\"sameAs\":[\"https:\/\/www.facebook.com\/TiketiCom\/\"]}]}<\/script>\n<!-- \/ Yoast SEO plugin. -->","yoast_head_json":{"title":"Livraison de repas au Caire - Commandez de la nourriture en ligne pr\u00e8s de chez moi","description":"Livraison de nourriture en ligne au Caire \u00e0 partir de vos restaurants pr\u00e9f\u00e9r\u00e9s. Utilisez la meilleure application de livraison de nourriture au Caire et commandez de la nourriture au Caire \u00e0 partir d&#039;un service de livraison de nourriture bon march\u00e9","robots":{"index":"index","follow":"follow","max-snippet":"max-snippet:-1","max-image-preview":"max-image-preview:large","max-video-preview":"max-video-preview:-1"},"canonical":"https:\/\/tiketi.com\/fr-fr\/online-food-delivery-cairo-store\/","og_locale":"fr_FR","og_type":"article","og_title":"Food Delivery in Cairo - Order Food Online Near Me","og_description":"Online food delivery in Cairo from your favorite restaurants. Use the best food delivery app in Cairo and order food in Cairo from cheap food delivery service","og_url":"https:\/\/tiketi.com\/fr-fr\/online-food-delivery-cairo-store\/","og_site_name":"Tiketi.com","article_publisher":"https:\/\/www.facebook.com\/TiketiCom\/","article_modified_time":"2022-02-18T11:46:21+00:00","og_image":[{"width":1200,"height":200,"url":"https:\/\/tiketi.com\/wp-content\/uploads\/2022\/02\/delivery-man2-6029429_1280.jpg","type":"image\/jpeg"}],"twitter_card":"summary_large_image","twitter_misc":{"Dur\u00e9e de lecture estim\u00e9e":"3 minutes"},"schema":{"@context":"https:\/\/schema.org","@graph":[{"@type":"WebPage","@id":"https:\/\/tiketi.com\/en-gb\/online-food-delivery-cairo-store\/","url":"https:\/\/tiketi.com\/en-gb\/online-food-delivery-cairo-store\/","name":"Livraison de repas au Caire - Commandez de la nourriture en ligne pr\u00e8s de chez moi","isPartOf":{"@id":"https:\/\/tiketi.com\/#website"},"primaryImageOfPage":{"@id":"https:\/\/tiketi.com\/en-gb\/online-food-delivery-cairo-store\/#primaryimage"},"image":{"@id":"https:\/\/tiketi.com\/en-gb\/online-food-delivery-cairo-store\/#primaryimage"},"thumbnailUrl":"https:\/\/tiketi.com\/wp-content\/uploads\/2022\/02\/delivery-man2-6029429_1280.jpg","datePublished":"2022-01-19T11:54:07+00:00","dateModified":"2022-02-18T11:46:21+00:00","description":"Livraison de nourriture en ligne au Caire \u00e0 partir de vos restaurants pr\u00e9f\u00e9r\u00e9s. Utilisez la meilleure application de livraison de nourriture au Caire et commandez de la nourriture au Caire \u00e0 partir d&#039;un service de livraison de nourriture bon march\u00e9","breadcrumb":{"@id":"https:\/\/tiketi.com\/en-gb\/online-food-delivery-cairo-store\/#breadcrumb"},"inLanguage":"fr-FR","potentialAction":[{"@type":"ReadAction","target":["https:\/\/tiketi.com\/en-gb\/online-food-delivery-cairo-store\/"]}]},{"@type":"ImageObject","inLanguage":"fr-FR","@id":"https:\/\/tiketi.com\/en-gb\/online-food-delivery-cairo-store\/#primaryimage","url":"https:\/\/tiketi.com\/wp-content\/uploads\/2022\/02\/delivery-man2-6029429_1280.jpg","contentUrl":"https:\/\/tiketi.com\/wp-content\/uploads\/2022\/02\/delivery-man2-6029429_1280.jpg","width":1200,"height":200},{"@type":"BreadcrumbList","@id":"https:\/\/tiketi.com\/en-gb\/online-food-delivery-cairo-store\/#breadcrumb","itemListElement":[{"@type":"ListItem","position":1,"name":"Home","item":"https:\/\/tiketi.com\/"},{"@type":"ListItem","position":2,"name":"Food Delivery in Cairo &#8211; Order Food Online Near Me"}]},{"@type":"WebSite","@id":"https:\/\/tiketi.com\/#website","url":"https:\/\/tiketi.com\/","name":"Billets d&#039;avion et de bus, forfaits touristiques et activit\u00e9s - Tiketi.com","description":"Billets d&#039;avion et de bus, Tours, Activit\u00e9s","publisher":{"@id":"https:\/\/tiketi.com\/#organization"},"potentialAction":[{"@type":"SearchAction","target":{"@type":"EntryPoint","urlTemplate":"https:\/\/tiketi.com\/?s={search_term_string}"},"query-input":{"@type":"PropertyValueSpecification","valueRequired":true,"valueName":"search_term_string"}}],"inLanguage":"fr-FR"},{"@type":"Organization","@id":"https:\/\/tiketi.com\/#organization","name":"Tiketi.com","alternateName":"Tiketi","url":"https:\/\/tiketi.com\/","logo":{"@type":"ImageObject","inLanguage":"fr-FR","@id":"https:\/\/tiketi.com\/#\/schema\/logo\/image\/","url":"https:\/\/tiketi.com\/wp-content\/uploads\/2019\/05\/tiketi-logo-696.png","contentUrl":"https:\/\/tiketi.com\/wp-content\/uploads\/2019\/05\/tiketi-logo-696.png","width":696,"height":696,"caption":"Tiketi.com"},"image":{"@id":"https:\/\/tiketi.com\/#\/schema\/logo\/image\/"},"sameAs":["https:\/\/www.facebook.com\/TiketiCom\/"]}]}},"_links":{"self":[{"href":"https:\/\/tiketi.com\/fr-fr\/wp-json\/wp\/v2\/pages\/11022","targetHints":{"allow":["GET"]}}],"collection":[{"href":"https:\/\/tiketi.com\/fr-fr\/wp-json\/wp\/v2\/pages"}],"about":[{"href":"https:\/\/tiketi.com\/fr-fr\/wp-json\/wp\/v2\/types\/page"}],"author":[{"embeddable":true,"href":"https:\/\/tiketi.com\/fr-fr\/wp-json\/wp\/v2\/users\/1"}],"replies":[{"embeddable":true,"href":"https:\/\/tiketi.com\/fr-fr\/wp-json\/wp\/v2\/comments?post=11022"}],"version-history":[{"count":0,"href":"https:\/\/tiketi.com\/fr-fr\/wp-json\/wp\/v2\/pages\/11022\/revisions"}],"wp:featuredmedia":[{"embeddable":true,"href":"https:\/\/tiketi.com\/fr-fr\/wp-json\/wp\/v2\/media\/19299"}],"wp:attachment":[{"href":"https:\/\/tiketi.com\/fr-fr\/wp-json\/wp\/v2\/media?parent=11022"}],"curies":[{"name":"wp","href":"https:\/\/api.w.org\/{rel}","templated":true}]}}