{"id":11023,"date":"2022-01-19T12:54:07","date_gmt":"2022-01-19T11:54:07","guid":{"rendered":"https:\/\/new.tiketi.com\/food-delivery-abuja-from-nearby-restaurants\/"},"modified":"2022-02-18T11:43:02","modified_gmt":"2022-02-18T10:43:02","slug":"online-food-delivery-abuja-nigeria","status":"publish","type":"page","link":"https:\/\/tiketi.com\/fr-fr\/online-food-delivery-abuja-nigeria\/","title":{"rendered":"Livraison de nourriture \u00e0 Abuja - Commandez de la nourriture en ligne pr\u00e8s de chez moi"},"content":{"rendered":"<h2>Application de livraison de nourriture en ligne bon march\u00e9 Abuja<\/h2>\n<h3>Utilisez la meilleure application de livraison de nourriture Abuja et commandez de la nourriture \u00e0 Abuja \u00e0 partir d&#039;un service de livraison de nourriture bon march\u00e9 \u00e0 Abuja simple et facile en ligne.<\/h3>\n<p>La livraison de nourriture en ligne \u00e0 Abuja depuis vos restaurants pr\u00e9f\u00e9r\u00e9s en toute simplicit\u00e9. Le service de livraison de nourriture en ligne \u00e0 Abuja peut aider \u00e0 combler l&#039;espace entre le besoin de repas sains et le fait de ne pas avoir suffisamment d&#039;heures dans la journ\u00e9e pour en avoir un sur la table chaque nuit. Dans ce guide, nous examinerons tr\u00e8s probablement les avantages de l&#039;utilisation des services de l&#039;application de livraison de nourriture en ligne Abuja. Comment commander de la nourriture \u00e0 Abuja en ligne et gagner du temps et de l&#039;argent.<\/p>\n<h2>Avantage de la livraison de nourriture en ligne dans les services d&#039;Abuja<\/h2>\n<h3>Le service de livraison de nourriture en ligne \u00e0 Abuja est simple d&#039;acc\u00e8s<\/h3>\n<p>Avec un service de livraison de nourriture en ligne \u00e0 Abuja, ce serait un choix entre une large gamme de repas. Vous pouvez consulter leurs menus pour voir quel type de nourriture ils fournissent et vous les livrer. Vous pouvez choisir entre les sushis, la restauration rapide et la nourriture v\u00e9g\u00e9tarienne, pour n&#039;en nommer que quelques-uns. Tout ce que vous avez \u00e0 faire est de choisir entre les aliments et vous pouvez commander de la nourriture \u00e0 Abuja. Il vous sera envoy\u00e9 personnellement.<\/p>\n<h3>Explorez de nouveaux endroits<\/h3>\n<p>Les nouveaux domaines sont l&#039;un des avantages de la commande en ligne. Vous pouvez choisir parmi une large gamme de choix, y compris des restaurants et des repas. Diff\u00e9rents menus sont quelque chose que vous pouvez attendre avec impatience. De cette fa\u00e7on, vous pouvez voir la nourriture dans n&#039;importe quel restaurant sans avoir \u00e0 vous d\u00e9placer. Cela peut garder beaucoup d&#039;\u00e9nergie et de temps.<\/p>\n<h3>Un menu internet est beaucoup plus simple \u00e0 g\u00e9rer<\/h3>\n<p>Il est extr\u00eamement facile et abordable de maintenir et de cr\u00e9er un menu en ligne. Non seulement vous gardez le co\u00fbt d&#039;impression, mais c&#039;est aussi flexible si l&#039;on veut changer de menu. On peut inclure ou supprimer selon son propre souhait. De plus, un meilleur menu avec des plats sucr\u00e9s aide \u00e0 attirer les clients.<\/p>\n<h3>\u00c9conomies de co\u00fbts lorsque vous commandez de la nourriture \u00e0 Abuja en ligne<\/h3>\n<p>L&#039;application de livraison de nourriture Abuja peut vous faire gagner beaucoup d&#039;argent et de temps. La raison en est que vous devez visiter un restaurant avec votre voiture. Cela peut vous garder beaucoup d&#039;efforts, de temps et d&#039;argent. Acheter de l&#039;essence co\u00fbte de l&#039;argent et demande beaucoup de travail et de temps. C&#039;est une meilleure id\u00e9e d&#039;utiliser la livraison de nourriture 24 heures sur 24 \u00e0 Abuja. Vous pouvez simplement passer votre commande. Ensuite, vous aurez votre chose en main d\u00e8s que votre achat sera v\u00e9rifi\u00e9.<\/p>\n<h2>Service de livraison de nourriture en ligne \u00e0 Abuja<\/h2>\n<p>La commande en ligne signifie l&#039;accessibilit\u00e9 \u00e0 plus d&#039;options de nourriture. Vous pouvez commander un assortiment de choix culinaires savoureux dans vos restaurants domestiques pr\u00e9f\u00e9r\u00e9s, m\u00eame des choix sains. Vous voulez \u00e9viter les rouleaux de l\u00e9gumes et commander du poulet grill\u00e9 avec des l\u00e9gumes bouillis \u00e0 la place\u00a0? C&#039;est possible. Besoin d&#039;ailes de poulet au lieu de frites et de burger\u00a0? Tu peux le faire. La livraison de nourriture \u00e0 Abuja 24 heures sur 24 permet aux clients de s&#039;en tenir \u00e0 des plans d&#039;alimentation sains lorsqu&#039;ils veulent d\u00eener au restaurant ou renoncer \u00e0 la pr\u00e9paration des repas.<\/p>","protected":false},"excerpt":{"rendered":"<p>Cheap Online Food Delivery App Abuja Use the best food delivery app Abuja and order food in Abuja from cheap food delivery service in Abuja simple and easy online. Online food delivery in Abuja from your favorite restaurants made easy. Online food delivery service in Abuja can help bridge the space between the need for [&hellip;]<\/p>\n","protected":false},"author":1,"featured_media":19299,"parent":0,"menu_order":0,"comment_status":"open","ping_status":"closed","template":"template-home-modern.php","meta":{"footnotes":""},"class_list":["post-11023","page","type-page","status-publish","has-post-thumbnail","hentry"],"yoast_head":"<!-- This site is optimized with the Yoast SEO plugin v27.3 - https:\/\/yoast.com\/product\/yoast-seo-wordpress\/ -->\n<title>Food Delivery in Abuja - Order Food Online Near Me<\/title>\n<meta name=\"description\" content=\"Online food delivery in Abuja from your favorite restaurants. Use the best food delivery app in Abuja and order food in Abuja from cheap food delivery service\" \/>\n<meta name=\"robots\" content=\"index, follow, max-snippet:-1, max-image-preview:large, max-video-preview:-1\" \/>\n<link rel=\"canonical\" href=\"https:\/\/tiketi.com\/fr-fr\/online-food-delivery-abuja-nigeria\/\" \/>\n<meta property=\"og:locale\" content=\"fr_FR\" \/>\n<meta property=\"og:type\" content=\"article\" \/>\n<meta property=\"og:title\" content=\"Food Delivery in Abuja - Order Food Online Near Me\" \/>\n<meta property=\"og:description\" content=\"Online food delivery in Abuja from your favorite restaurants. Use the best food delivery app in Abuja and order food in Abuja from cheap food delivery service\" \/>\n<meta property=\"og:url\" content=\"https:\/\/tiketi.com\/fr-fr\/online-food-delivery-abuja-nigeria\/\" \/>\n<meta property=\"og:site_name\" content=\"Tiketi.com\" \/>\n<meta property=\"article:publisher\" content=\"https:\/\/www.facebook.com\/TiketiCom\/\" \/>\n<meta property=\"article:modified_time\" content=\"2022-02-18T10:43:02+00:00\" \/>\n<meta property=\"og:image\" content=\"https:\/\/tiketi.com\/wp-content\/uploads\/2022\/02\/delivery-man2-6029429_1280.jpg\" \/>\n\t<meta property=\"og:image:width\" content=\"1200\" \/>\n\t<meta property=\"og:image:height\" content=\"200\" \/>\n\t<meta property=\"og:image:type\" content=\"image\/jpeg\" \/>\n<meta name=\"twitter:card\" content=\"summary_large_image\" \/>\n<meta name=\"twitter:label1\" content=\"Dur\u00e9e de lecture estim\u00e9e\" \/>\n\t<meta name=\"twitter:data1\" content=\"3 minutes\" \/>\n<script type=\"application\/ld+json\" class=\"yoast-schema-graph\">{\"@context\":\"https:\\\/\\\/schema.org\",\"@graph\":[{\"@type\":\"WebPage\",\"@id\":\"https:\\\/\\\/tiketi.com\\\/online-food-delivery-abuja-nigeria\\\/\",\"url\":\"https:\\\/\\\/tiketi.com\\\/online-food-delivery-abuja-nigeria\\\/\",\"name\":\"Food Delivery in Abuja - Order Food Online Near Me\",\"isPartOf\":{\"@id\":\"https:\\\/\\\/tiketi.com\\\/#website\"},\"primaryImageOfPage\":{\"@id\":\"https:\\\/\\\/tiketi.com\\\/online-food-delivery-abuja-nigeria\\\/#primaryimage\"},\"image\":{\"@id\":\"https:\\\/\\\/tiketi.com\\\/online-food-delivery-abuja-nigeria\\\/#primaryimage\"},\"thumbnailUrl\":\"https:\\\/\\\/tiketi.com\\\/wp-content\\\/uploads\\\/2022\\\/02\\\/delivery-man2-6029429_1280.jpg\",\"datePublished\":\"2022-01-19T11:54:07+00:00\",\"dateModified\":\"2022-02-18T10:43:02+00:00\",\"description\":\"Online food delivery in Abuja from your favorite restaurants. Use the best food delivery app in Abuja and order food in Abuja from cheap food delivery service\",\"breadcrumb\":{\"@id\":\"https:\\\/\\\/tiketi.com\\\/online-food-delivery-abuja-nigeria\\\/#breadcrumb\"},\"inLanguage\":\"fr-FR\",\"potentialAction\":[{\"@type\":\"ReadAction\",\"target\":[\"https:\\\/\\\/tiketi.com\\\/online-food-delivery-abuja-nigeria\\\/\"]}]},{\"@type\":\"ImageObject\",\"inLanguage\":\"fr-FR\",\"@id\":\"https:\\\/\\\/tiketi.com\\\/online-food-delivery-abuja-nigeria\\\/#primaryimage\",\"url\":\"https:\\\/\\\/tiketi.com\\\/wp-content\\\/uploads\\\/2022\\\/02\\\/delivery-man2-6029429_1280.jpg\",\"contentUrl\":\"https:\\\/\\\/tiketi.com\\\/wp-content\\\/uploads\\\/2022\\\/02\\\/delivery-man2-6029429_1280.jpg\",\"width\":1200,\"height\":200},{\"@type\":\"BreadcrumbList\",\"@id\":\"https:\\\/\\\/tiketi.com\\\/online-food-delivery-abuja-nigeria\\\/#breadcrumb\",\"itemListElement\":[{\"@type\":\"ListItem\",\"position\":1,\"name\":\"Home\",\"item\":\"https:\\\/\\\/tiketi.com\\\/\"},{\"@type\":\"ListItem\",\"position\":2,\"name\":\"Food Delivery in Abuja &#8211; Order Food Online Near Me\"}]},{\"@type\":\"WebSite\",\"@id\":\"https:\\\/\\\/tiketi.com\\\/#website\",\"url\":\"https:\\\/\\\/tiketi.com\\\/\",\"name\":\"Flight & Bus Tickets, Tour Packages & Activitites - Tiketi.com\",\"description\":\"Flight &amp; Bus Tickets, Tours, Activitites\",\"publisher\":{\"@id\":\"https:\\\/\\\/tiketi.com\\\/#organization\"},\"potentialAction\":[{\"@type\":\"SearchAction\",\"target\":{\"@type\":\"EntryPoint\",\"urlTemplate\":\"https:\\\/\\\/tiketi.com\\\/?s={search_term_string}\"},\"query-input\":{\"@type\":\"PropertyValueSpecification\",\"valueRequired\":true,\"valueName\":\"search_term_string\"}}],\"inLanguage\":\"fr-FR\"},{\"@type\":\"Organization\",\"@id\":\"https:\\\/\\\/tiketi.com\\\/#organization\",\"name\":\"Tiketi.com\",\"alternateName\":\"Tiketi\",\"url\":\"https:\\\/\\\/tiketi.com\\\/\",\"logo\":{\"@type\":\"ImageObject\",\"inLanguage\":\"fr-FR\",\"@id\":\"https:\\\/\\\/tiketi.com\\\/#\\\/schema\\\/logo\\\/image\\\/\",\"url\":\"https:\\\/\\\/tiketi.com\\\/wp-content\\\/uploads\\\/2019\\\/05\\\/tiketi-logo-696.png\",\"contentUrl\":\"https:\\\/\\\/tiketi.com\\\/wp-content\\\/uploads\\\/2019\\\/05\\\/tiketi-logo-696.png\",\"width\":696,\"height\":696,\"caption\":\"Tiketi.com\"},\"image\":{\"@id\":\"https:\\\/\\\/tiketi.com\\\/#\\\/schema\\\/logo\\\/image\\\/\"},\"sameAs\":[\"https:\\\/\\\/www.facebook.com\\\/TiketiCom\\\/\"]}]}<\/script>\n<!-- \/ Yoast SEO plugin. -->","yoast_head_json":{"title":"Livraison de nourriture \u00e0 Abuja - Commandez de la nourriture en ligne pr\u00e8s de chez moi","description":"Livraison de nourriture en ligne \u00e0 Abuja depuis vos restaurants pr\u00e9f\u00e9r\u00e9s. Utilisez la meilleure application de livraison de nourriture \u00e0 Abuja et commandez de la nourriture \u00e0 Abuja \u00e0 partir d&#039;un service de livraison de nourriture bon march\u00e9","robots":{"index":"index","follow":"follow","max-snippet":"max-snippet:-1","max-image-preview":"max-image-preview:large","max-video-preview":"max-video-preview:-1"},"canonical":"https:\/\/tiketi.com\/fr-fr\/online-food-delivery-abuja-nigeria\/","og_locale":"fr_FR","og_type":"article","og_title":"Food Delivery in Abuja - Order Food Online Near Me","og_description":"Online food delivery in Abuja from your favorite restaurants. Use the best food delivery app in Abuja and order food in Abuja from cheap food delivery service","og_url":"https:\/\/tiketi.com\/fr-fr\/online-food-delivery-abuja-nigeria\/","og_site_name":"Tiketi.com","article_publisher":"https:\/\/www.facebook.com\/TiketiCom\/","article_modified_time":"2022-02-18T10:43:02+00:00","og_image":[{"width":1200,"height":200,"url":"https:\/\/tiketi.com\/wp-content\/uploads\/2022\/02\/delivery-man2-6029429_1280.jpg","type":"image\/jpeg"}],"twitter_card":"summary_large_image","twitter_misc":{"Dur\u00e9e de lecture estim\u00e9e":"3 minutes"},"schema":{"@context":"https:\/\/schema.org","@graph":[{"@type":"WebPage","@id":"https:\/\/tiketi.com\/online-food-delivery-abuja-nigeria\/","url":"https:\/\/tiketi.com\/online-food-delivery-abuja-nigeria\/","name":"Livraison de nourriture \u00e0 Abuja - Commandez de la nourriture en ligne pr\u00e8s de chez moi","isPartOf":{"@id":"https:\/\/tiketi.com\/#website"},"primaryImageOfPage":{"@id":"https:\/\/tiketi.com\/online-food-delivery-abuja-nigeria\/#primaryimage"},"image":{"@id":"https:\/\/tiketi.com\/online-food-delivery-abuja-nigeria\/#primaryimage"},"thumbnailUrl":"https:\/\/tiketi.com\/wp-content\/uploads\/2022\/02\/delivery-man2-6029429_1280.jpg","datePublished":"2022-01-19T11:54:07+00:00","dateModified":"2022-02-18T10:43:02+00:00","description":"Livraison de nourriture en ligne \u00e0 Abuja depuis vos restaurants pr\u00e9f\u00e9r\u00e9s. Utilisez la meilleure application de livraison de nourriture \u00e0 Abuja et commandez de la nourriture \u00e0 Abuja \u00e0 partir d&#039;un service de livraison de nourriture bon march\u00e9","breadcrumb":{"@id":"https:\/\/tiketi.com\/online-food-delivery-abuja-nigeria\/#breadcrumb"},"inLanguage":"fr-FR","potentialAction":[{"@type":"ReadAction","target":["https:\/\/tiketi.com\/online-food-delivery-abuja-nigeria\/"]}]},{"@type":"ImageObject","inLanguage":"fr-FR","@id":"https:\/\/tiketi.com\/online-food-delivery-abuja-nigeria\/#primaryimage","url":"https:\/\/tiketi.com\/wp-content\/uploads\/2022\/02\/delivery-man2-6029429_1280.jpg","contentUrl":"https:\/\/tiketi.com\/wp-content\/uploads\/2022\/02\/delivery-man2-6029429_1280.jpg","width":1200,"height":200},{"@type":"BreadcrumbList","@id":"https:\/\/tiketi.com\/online-food-delivery-abuja-nigeria\/#breadcrumb","itemListElement":[{"@type":"ListItem","position":1,"name":"Home","item":"https:\/\/tiketi.com\/"},{"@type":"ListItem","position":2,"name":"Food Delivery in Abuja &#8211; Order Food Online Near Me"}]},{"@type":"WebSite","@id":"https:\/\/tiketi.com\/#website","url":"https:\/\/tiketi.com\/","name":"Billets d&#039;avion et de bus, forfaits touristiques et activit\u00e9s - Tiketi.com","description":"Billets d&#039;avion et de bus, Tours, Activit\u00e9s","publisher":{"@id":"https:\/\/tiketi.com\/#organization"},"potentialAction":[{"@type":"SearchAction","target":{"@type":"EntryPoint","urlTemplate":"https:\/\/tiketi.com\/?s={search_term_string}"},"query-input":{"@type":"PropertyValueSpecification","valueRequired":true,"valueName":"search_term_string"}}],"inLanguage":"fr-FR"},{"@type":"Organization","@id":"https:\/\/tiketi.com\/#organization","name":"Tiketi.com","alternateName":"Tiketi","url":"https:\/\/tiketi.com\/","logo":{"@type":"ImageObject","inLanguage":"fr-FR","@id":"https:\/\/tiketi.com\/#\/schema\/logo\/image\/","url":"https:\/\/tiketi.com\/wp-content\/uploads\/2019\/05\/tiketi-logo-696.png","contentUrl":"https:\/\/tiketi.com\/wp-content\/uploads\/2019\/05\/tiketi-logo-696.png","width":696,"height":696,"caption":"Tiketi.com"},"image":{"@id":"https:\/\/tiketi.com\/#\/schema\/logo\/image\/"},"sameAs":["https:\/\/www.facebook.com\/TiketiCom\/"]}]}},"_links":{"self":[{"href":"https:\/\/tiketi.com\/fr-fr\/wp-json\/wp\/v2\/pages\/11023","targetHints":{"allow":["GET"]}}],"collection":[{"href":"https:\/\/tiketi.com\/fr-fr\/wp-json\/wp\/v2\/pages"}],"about":[{"href":"https:\/\/tiketi.com\/fr-fr\/wp-json\/wp\/v2\/types\/page"}],"author":[{"embeddable":true,"href":"https:\/\/tiketi.com\/fr-fr\/wp-json\/wp\/v2\/users\/1"}],"replies":[{"embeddable":true,"href":"https:\/\/tiketi.com\/fr-fr\/wp-json\/wp\/v2\/comments?post=11023"}],"version-history":[{"count":0,"href":"https:\/\/tiketi.com\/fr-fr\/wp-json\/wp\/v2\/pages\/11023\/revisions"}],"wp:featuredmedia":[{"embeddable":true,"href":"https:\/\/tiketi.com\/fr-fr\/wp-json\/wp\/v2\/media\/19299"}],"wp:attachment":[{"href":"https:\/\/tiketi.com\/fr-fr\/wp-json\/wp\/v2\/media?parent=11023"}],"curies":[{"name":"wp","href":"https:\/\/api.w.org\/{rel}","templated":true}]}}