{"id":11025,"date":"2022-01-19T12:54:07","date_gmt":"2022-01-19T11:54:07","guid":{"rendered":"https:\/\/new.tiketi.com\/online-food-delivery-ghana-from-nearby-restaurants\/"},"modified":"2022-02-18T12:41:46","modified_gmt":"2022-02-18T11:41:46","slug":"online-food-delivery-ghana-store","status":"publish","type":"page","link":"https:\/\/tiketi.com\/fr-fr\/online-food-delivery-ghana-store\/","title":{"rendered":"Livraison de nourriture au Ghana - Commandez de la nourriture en ligne pr\u00e8s de chez moi"},"content":{"rendered":"<h2>Meilleure application de livraison de nourriture au Ghana<\/h2>\n<h3>Utilisez la meilleure application de livraison de nourriture au Ghana et commandez de la nourriture au Ghana \u00e0 partir d&#039;un service de livraison de nourriture bon march\u00e9 au Ghana simple et facile en ligne.<\/h3>\n<p>La livraison de nourriture en ligne au Ghana \u00e0 partir de restaurants \u00e0 proximit\u00e9 est simplifi\u00e9e. Votre emploi du temps est si charg\u00e9 que vous ne trouvez pas le temps de pr\u00e9parer votre repas ? Pr\u00e9f\u00e9reriez-vous passer votre temps libre autrement ? Vous devez savoir que l&#039;application de livraison de nourriture en ligne au Ghana est un meilleur substitut qui vous aidera \u00e0 manger sainement et \u00e0 gagner du temps. Utilisez l&#039;application de livraison de nourriture au Ghana pour commander votre nourriture pr\u00e9f\u00e9r\u00e9e en ligne \u00e0 bas prix et facilement.<\/p>\n<h2>Voici quelques-uns des avantages de la livraison de nourriture en ligne au Ghana<\/h2>\n<h3>La meilleure application de livraison de nourriture au Ghana fait gagner du temps<\/h3>\n<p>Le temps libre est g\u00e9n\u00e9ralement consid\u00e9r\u00e9 comme un luxe auquel peu de gens ont la chance d&#039;avoir droit. Confier la pr\u00e9paration de certains repas \u00e0 une personne peut faire gagner un temps important, que vous pourrez ensuite consacrer \u00e0 autre chose. R\u00e9sultat, vous \u00eates moins press\u00e9, moins fatigu\u00e9 et moins stress\u00e9.<\/p>\n<p>Outre les d\u00eeners, il est facile de commander de la nourriture au Ghana - d\u00e9jeuners, petit-d\u00e9jeuner et collations via l&#039;application de livraison de nourriture au Ghana. En cons\u00e9quence, vous r\u00e9duisez non seulement le temps que vous passez dans la cuisine, mais \u00e9galement celui consacr\u00e9 \u00e0 trouver des id\u00e9es pour chaque repas et \u00e0 faire les courses pour acheter de la nourriture.<\/p>\n<h3>Le meilleur service de livraison de nourriture au Ghana aide \u00e0 d\u00e9couvrir de nouveaux plats<\/h3>\n<p>Lorsque nous cuisinons pour nous-m\u00eames ou nos proches, nous n&#039;osons pas toujours essayer des ingr\u00e9dients inconnus. En essayant de garder le temps, nous pr\u00e9parons g\u00e9n\u00e9ralement des recettes que nous connaissons d\u00e9j\u00e0. En utilisant le meilleur service de livraison de nourriture au Ghana, laissez-nous choisir quelque chose que nous avons envie d&#039;essayer. Cela nous donne parfois l&#039;occasion de tester des aliments ou des plats obscurs.<\/p>\n<h3>Commandez de la nourriture au Ghana et d\u00e9tendez-vous<\/h3>\n<p>Cuisiner peut \u00eatre une source de joie, mais lorsqu&#039;elle nous est impos\u00e9e et que nous l&#039;ins\u00e9rons dans un emploi du temps d\u00e9j\u00e0 charg\u00e9, elle peut devenir une v\u00e9ritable corv\u00e9e. Au lieu de devoir commencer \u00e0 cuisiner lorsque vous rentrez chez vous apr\u00e8s une longue journ\u00e9e de travail, vous pouvez sortir le plat du r\u00e9frig\u00e9rateur et le d\u00eener sera pr\u00eat en moins de cinq minutes. Avec l&#039;application de livraison de nourriture en ligne 24 heures sur 24 au Ghana, il y a aussi moins de plats \u00e0 faire.<\/p>\n<h3>L&#039;application de livraison de nourriture au Ghana refuse de quitter la maison<\/h3>\n<p>Que ce soit en raison de conditions m\u00e9t\u00e9orologiques peu coop\u00e9ratives ou de contraintes de temps, il est parfois pr\u00e9f\u00e9rable de pouvoir commander de la nourriture au Ghana par le biais d&#039;une entreprise de livraison de nourriture qui vient directement \u00e0 votre porte. Le facteur m\u00e9trologique prend tout son sens par temps chaud ou apr\u00e8s une grosse chute de neige qui nous oblige \u00e0 passer une heure \u00e0 sortir notre voiture du banc de neige.<\/p>\n<h3>Services de livraison de nourriture dans les entreprises du Ghana<\/h3>\n<p>Soutenez le service local de livraison de nourriture dans les entreprises ghan\u00e9ennes, vous encouragez la cr\u00e9ation d&#039;emplois. Les gens qui d\u00e9marrent son type d&#039;entreprise sont passionn\u00e9s par la nourriture et veulent partager leur amour de la cuisine, en plus d&#039;offrir un service extr\u00eamement utile.<\/p>","protected":false},"excerpt":{"rendered":"<p>Best food delivery app in Ghana Use the best Ghana food delivery app\u00a0and order food in Ghana from cheap food delivery service in Ghana simple and easy online. Online food delivery in Ghana \u00a0from nearby restaurants made easy. Is your schedule so busy that you cannot find time to prepare your food? Would you favor [&hellip;]<\/p>\n","protected":false},"author":1,"featured_media":19299,"parent":0,"menu_order":0,"comment_status":"open","ping_status":"closed","template":"template-home-modern.php","meta":{"footnotes":""},"class_list":["post-11025","page","type-page","status-publish","has-post-thumbnail","hentry"],"yoast_head":"<!-- This site is optimized with the Yoast SEO plugin v27.3 - https:\/\/yoast.com\/product\/yoast-seo-wordpress\/ -->\n<title>Food Delivery in Ghana \u2013 Order Food Online Near Me<\/title>\n<meta name=\"description\" content=\"Looking for best online food delivery in Ghana from nearby restaurants or food delivery app in Ghana? Order food in Ghana from cheap food delivery service in Ghana now\" \/>\n<meta name=\"robots\" content=\"index, follow, max-snippet:-1, max-image-preview:large, max-video-preview:-1\" \/>\n<link rel=\"canonical\" href=\"https:\/\/tiketi.com\/fr-fr\/online-food-delivery-ghana-store\/\" \/>\n<meta property=\"og:locale\" content=\"fr_FR\" \/>\n<meta property=\"og:type\" content=\"article\" \/>\n<meta property=\"og:title\" content=\"Food Delivery in Ghana \u2013 Order Food Online Near Me\" \/>\n<meta property=\"og:description\" content=\"Looking for best online food delivery in Ghana from nearby restaurants or food delivery app in Ghana? Order food in Ghana from cheap food delivery service in Ghana now\" \/>\n<meta property=\"og:url\" content=\"https:\/\/tiketi.com\/fr-fr\/online-food-delivery-ghana-store\/\" \/>\n<meta property=\"og:site_name\" content=\"Tiketi.com\" \/>\n<meta property=\"article:publisher\" content=\"https:\/\/www.facebook.com\/TiketiCom\/\" \/>\n<meta property=\"article:modified_time\" content=\"2022-02-18T11:41:46+00:00\" \/>\n<meta property=\"og:image\" content=\"https:\/\/tiketi.com\/wp-content\/uploads\/2022\/02\/delivery-man2-6029429_1280.jpg\" \/>\n\t<meta property=\"og:image:width\" content=\"1200\" \/>\n\t<meta property=\"og:image:height\" content=\"200\" \/>\n\t<meta property=\"og:image:type\" content=\"image\/jpeg\" \/>\n<meta name=\"twitter:card\" content=\"summary_large_image\" \/>\n<meta name=\"twitter:label1\" content=\"Dur\u00e9e de lecture estim\u00e9e\" \/>\n\t<meta name=\"twitter:data1\" content=\"3 minutes\" \/>\n<script type=\"application\/ld+json\" class=\"yoast-schema-graph\">{\"@context\":\"https:\\\/\\\/schema.org\",\"@graph\":[{\"@type\":\"WebPage\",\"@id\":\"https:\\\/\\\/tiketi.com\\\/fr-fr\\\/online-food-delivery-ghana-store\\\/\",\"url\":\"https:\\\/\\\/tiketi.com\\\/fr-fr\\\/online-food-delivery-ghana-store\\\/\",\"name\":\"Food Delivery in Ghana \u2013 Order Food Online Near Me\",\"isPartOf\":{\"@id\":\"https:\\\/\\\/tiketi.com\\\/#website\"},\"primaryImageOfPage\":{\"@id\":\"https:\\\/\\\/tiketi.com\\\/fr-fr\\\/online-food-delivery-ghana-store\\\/#primaryimage\"},\"image\":{\"@id\":\"https:\\\/\\\/tiketi.com\\\/fr-fr\\\/online-food-delivery-ghana-store\\\/#primaryimage\"},\"thumbnailUrl\":\"https:\\\/\\\/tiketi.com\\\/wp-content\\\/uploads\\\/2022\\\/02\\\/delivery-man2-6029429_1280.jpg\",\"datePublished\":\"2022-01-19T11:54:07+00:00\",\"dateModified\":\"2022-02-18T11:41:46+00:00\",\"description\":\"Looking for best online food delivery in Ghana from nearby restaurants or food delivery app in Ghana? Order food in Ghana from cheap food delivery service in Ghana now\",\"breadcrumb\":{\"@id\":\"https:\\\/\\\/tiketi.com\\\/fr-fr\\\/online-food-delivery-ghana-store\\\/#breadcrumb\"},\"inLanguage\":\"fr-FR\",\"potentialAction\":[{\"@type\":\"ReadAction\",\"target\":[\"https:\\\/\\\/tiketi.com\\\/fr-fr\\\/online-food-delivery-ghana-store\\\/\"]}]},{\"@type\":\"ImageObject\",\"inLanguage\":\"fr-FR\",\"@id\":\"https:\\\/\\\/tiketi.com\\\/fr-fr\\\/online-food-delivery-ghana-store\\\/#primaryimage\",\"url\":\"https:\\\/\\\/tiketi.com\\\/wp-content\\\/uploads\\\/2022\\\/02\\\/delivery-man2-6029429_1280.jpg\",\"contentUrl\":\"https:\\\/\\\/tiketi.com\\\/wp-content\\\/uploads\\\/2022\\\/02\\\/delivery-man2-6029429_1280.jpg\",\"width\":1200,\"height\":200},{\"@type\":\"BreadcrumbList\",\"@id\":\"https:\\\/\\\/tiketi.com\\\/fr-fr\\\/online-food-delivery-ghana-store\\\/#breadcrumb\",\"itemListElement\":[{\"@type\":\"ListItem\",\"position\":1,\"name\":\"Home\",\"item\":\"https:\\\/\\\/tiketi.com\\\/\"},{\"@type\":\"ListItem\",\"position\":2,\"name\":\"Food Delivery in Ghana \u2013 Order Food Online Near Me\"}]},{\"@type\":\"WebSite\",\"@id\":\"https:\\\/\\\/tiketi.com\\\/#website\",\"url\":\"https:\\\/\\\/tiketi.com\\\/\",\"name\":\"Flight & Bus Tickets, Tour Packages & Activitites - Tiketi.com\",\"description\":\"Flight &amp; Bus Tickets, Tours, Activitites\",\"publisher\":{\"@id\":\"https:\\\/\\\/tiketi.com\\\/#organization\"},\"potentialAction\":[{\"@type\":\"SearchAction\",\"target\":{\"@type\":\"EntryPoint\",\"urlTemplate\":\"https:\\\/\\\/tiketi.com\\\/?s={search_term_string}\"},\"query-input\":{\"@type\":\"PropertyValueSpecification\",\"valueRequired\":true,\"valueName\":\"search_term_string\"}}],\"inLanguage\":\"fr-FR\"},{\"@type\":\"Organization\",\"@id\":\"https:\\\/\\\/tiketi.com\\\/#organization\",\"name\":\"Tiketi.com\",\"alternateName\":\"Tiketi\",\"url\":\"https:\\\/\\\/tiketi.com\\\/\",\"logo\":{\"@type\":\"ImageObject\",\"inLanguage\":\"fr-FR\",\"@id\":\"https:\\\/\\\/tiketi.com\\\/#\\\/schema\\\/logo\\\/image\\\/\",\"url\":\"https:\\\/\\\/tiketi.com\\\/wp-content\\\/uploads\\\/2019\\\/05\\\/tiketi-logo-696.png\",\"contentUrl\":\"https:\\\/\\\/tiketi.com\\\/wp-content\\\/uploads\\\/2019\\\/05\\\/tiketi-logo-696.png\",\"width\":696,\"height\":696,\"caption\":\"Tiketi.com\"},\"image\":{\"@id\":\"https:\\\/\\\/tiketi.com\\\/#\\\/schema\\\/logo\\\/image\\\/\"},\"sameAs\":[\"https:\\\/\\\/www.facebook.com\\\/TiketiCom\\\/\"]}]}<\/script>\n<!-- \/ Yoast SEO plugin. -->","yoast_head_json":{"title":"Livraison de nourriture au Ghana - Commandez de la nourriture en ligne pr\u00e8s de chez moi","description":"Vous recherchez la meilleure livraison de nourriture en ligne au Ghana \u00e0 partir de restaurants \u00e0 proximit\u00e9 ou d&#039;une application de livraison de nourriture au Ghana\u00a0? Commandez de la nourriture au Ghana aupr\u00e8s d&#039;un service de livraison de nourriture bon march\u00e9 au Ghana maintenant","robots":{"index":"index","follow":"follow","max-snippet":"max-snippet:-1","max-image-preview":"max-image-preview:large","max-video-preview":"max-video-preview:-1"},"canonical":"https:\/\/tiketi.com\/fr-fr\/online-food-delivery-ghana-store\/","og_locale":"fr_FR","og_type":"article","og_title":"Food Delivery in Ghana \u2013 Order Food Online Near Me","og_description":"Looking for best online food delivery in Ghana from nearby restaurants or food delivery app in Ghana? Order food in Ghana from cheap food delivery service in Ghana now","og_url":"https:\/\/tiketi.com\/fr-fr\/online-food-delivery-ghana-store\/","og_site_name":"Tiketi.com","article_publisher":"https:\/\/www.facebook.com\/TiketiCom\/","article_modified_time":"2022-02-18T11:41:46+00:00","og_image":[{"width":1200,"height":200,"url":"https:\/\/tiketi.com\/wp-content\/uploads\/2022\/02\/delivery-man2-6029429_1280.jpg","type":"image\/jpeg"}],"twitter_card":"summary_large_image","twitter_misc":{"Dur\u00e9e de lecture estim\u00e9e":"3 minutes"},"schema":{"@context":"https:\/\/schema.org","@graph":[{"@type":"WebPage","@id":"https:\/\/tiketi.com\/fr-fr\/online-food-delivery-ghana-store\/","url":"https:\/\/tiketi.com\/fr-fr\/online-food-delivery-ghana-store\/","name":"Livraison de nourriture au Ghana - Commandez de la nourriture en ligne pr\u00e8s de chez moi","isPartOf":{"@id":"https:\/\/tiketi.com\/#website"},"primaryImageOfPage":{"@id":"https:\/\/tiketi.com\/fr-fr\/online-food-delivery-ghana-store\/#primaryimage"},"image":{"@id":"https:\/\/tiketi.com\/fr-fr\/online-food-delivery-ghana-store\/#primaryimage"},"thumbnailUrl":"https:\/\/tiketi.com\/wp-content\/uploads\/2022\/02\/delivery-man2-6029429_1280.jpg","datePublished":"2022-01-19T11:54:07+00:00","dateModified":"2022-02-18T11:41:46+00:00","description":"Vous recherchez la meilleure livraison de nourriture en ligne au Ghana \u00e0 partir de restaurants \u00e0 proximit\u00e9 ou d&#039;une application de livraison de nourriture au Ghana\u00a0? Commandez de la nourriture au Ghana aupr\u00e8s d&#039;un service de livraison de nourriture bon march\u00e9 au Ghana maintenant","breadcrumb":{"@id":"https:\/\/tiketi.com\/fr-fr\/online-food-delivery-ghana-store\/#breadcrumb"},"inLanguage":"fr-FR","potentialAction":[{"@type":"ReadAction","target":["https:\/\/tiketi.com\/fr-fr\/online-food-delivery-ghana-store\/"]}]},{"@type":"ImageObject","inLanguage":"fr-FR","@id":"https:\/\/tiketi.com\/fr-fr\/online-food-delivery-ghana-store\/#primaryimage","url":"https:\/\/tiketi.com\/wp-content\/uploads\/2022\/02\/delivery-man2-6029429_1280.jpg","contentUrl":"https:\/\/tiketi.com\/wp-content\/uploads\/2022\/02\/delivery-man2-6029429_1280.jpg","width":1200,"height":200},{"@type":"BreadcrumbList","@id":"https:\/\/tiketi.com\/fr-fr\/online-food-delivery-ghana-store\/#breadcrumb","itemListElement":[{"@type":"ListItem","position":1,"name":"Home","item":"https:\/\/tiketi.com\/"},{"@type":"ListItem","position":2,"name":"Food Delivery in Ghana \u2013 Order Food Online Near Me"}]},{"@type":"WebSite","@id":"https:\/\/tiketi.com\/#website","url":"https:\/\/tiketi.com\/","name":"Billets d&#039;avion et de bus, forfaits touristiques et activit\u00e9s - Tiketi.com","description":"Billets d&#039;avion et de bus, Tours, Activit\u00e9s","publisher":{"@id":"https:\/\/tiketi.com\/#organization"},"potentialAction":[{"@type":"SearchAction","target":{"@type":"EntryPoint","urlTemplate":"https:\/\/tiketi.com\/?s={search_term_string}"},"query-input":{"@type":"PropertyValueSpecification","valueRequired":true,"valueName":"search_term_string"}}],"inLanguage":"fr-FR"},{"@type":"Organization","@id":"https:\/\/tiketi.com\/#organization","name":"Tiketi.com","alternateName":"Tiketi","url":"https:\/\/tiketi.com\/","logo":{"@type":"ImageObject","inLanguage":"fr-FR","@id":"https:\/\/tiketi.com\/#\/schema\/logo\/image\/","url":"https:\/\/tiketi.com\/wp-content\/uploads\/2019\/05\/tiketi-logo-696.png","contentUrl":"https:\/\/tiketi.com\/wp-content\/uploads\/2019\/05\/tiketi-logo-696.png","width":696,"height":696,"caption":"Tiketi.com"},"image":{"@id":"https:\/\/tiketi.com\/#\/schema\/logo\/image\/"},"sameAs":["https:\/\/www.facebook.com\/TiketiCom\/"]}]}},"_links":{"self":[{"href":"https:\/\/tiketi.com\/fr-fr\/wp-json\/wp\/v2\/pages\/11025","targetHints":{"allow":["GET"]}}],"collection":[{"href":"https:\/\/tiketi.com\/fr-fr\/wp-json\/wp\/v2\/pages"}],"about":[{"href":"https:\/\/tiketi.com\/fr-fr\/wp-json\/wp\/v2\/types\/page"}],"author":[{"embeddable":true,"href":"https:\/\/tiketi.com\/fr-fr\/wp-json\/wp\/v2\/users\/1"}],"replies":[{"embeddable":true,"href":"https:\/\/tiketi.com\/fr-fr\/wp-json\/wp\/v2\/comments?post=11025"}],"version-history":[{"count":0,"href":"https:\/\/tiketi.com\/fr-fr\/wp-json\/wp\/v2\/pages\/11025\/revisions"}],"wp:featuredmedia":[{"embeddable":true,"href":"https:\/\/tiketi.com\/fr-fr\/wp-json\/wp\/v2\/media\/19299"}],"wp:attachment":[{"href":"https:\/\/tiketi.com\/fr-fr\/wp-json\/wp\/v2\/media?parent=11025"}],"curies":[{"name":"wp","href":"https:\/\/api.w.org\/{rel}","templated":true}]}}