{"id":11028,"date":"2022-01-19T12:54:07","date_gmt":"2022-01-19T11:54:07","guid":{"rendered":"https:\/\/new.tiketi.com\/online-food-delivery-rwanda-from-nearby-restaurants\/"},"modified":"2022-02-18T12:47:42","modified_gmt":"2022-02-18T11:47:42","slug":"online-food-delivery-rwanda-store","status":"publish","type":"page","link":"https:\/\/tiketi.com\/fr-fr\/online-food-delivery-rwanda-store\/","title":{"rendered":"Livraison de nourriture au Rwanda - Commandez de la nourriture en ligne pr\u00e8s de chez moi"},"content":{"rendered":"<h2>Livraison de nourriture pas cher en ligne au Rwanda<\/h2>\n<h3>Utilisez la meilleure application de livraison de nourriture au Rwanda et commandez de la nourriture au Rwanda \u00e0 partir d&#039;un service de livraison de nourriture bon march\u00e9 au Rwanda simple et facile en ligne.<\/h3>\n<p>La livraison de nourriture en ligne au Rwanda \u00e0 partir de restaurants \u00e0 proximit\u00e9 est simplifi\u00e9e. Heureusement pour nous, les nouvelles technologies ont introduit de nombreuses fa\u00e7ons de nous faciliter la vie, comme nous permettre de voyager dans un autre pays \u00e0 l&#039;autre bout du monde en quelques heures. \u00c0 petite \u00e9chelle, nous avons quelque chose qui nous aide r\u00e9guli\u00e8rement, comme l&#039;application en ligne de livraison de nourriture au Rwanda. Comment commander de la nourriture au Rwanda en ligne et gagner du temps et de l&#039;argent.<\/p>\n<h2>Voici quelques-uns des avantages de la livraison de nourriture en ligne au Rwanda<\/h2>\n<h3>Service de livraison de nourriture en ligne au Rwanda offrant des aliments de haute qualit\u00e9<\/h3>\n<p>L&#039;une des principales choses que vous devez savoir est une grande quantit\u00e9 de normes dans cet aliment. Ces entreprises pr\u00e9parent votre nourriture avec des l\u00e9gumes, des fruits et de la viande fra\u00eeche.<\/p>\n<p>Cela signifie que lorsque vous utilisez l&#039;application de livraison de nourriture Rwanda pour faire des achats avec eux, vous pouvez \u00eatre s\u00fbr d&#039;offrir \u00e0 vos proches un repas de qualit\u00e9 sup\u00e9rieure, il aura un go\u00fbt rafra\u00eechissant et les satisfera sur place. C&#039;est l&#039;une des raisons pour lesquelles la plupart des gens aiment commander la livraison de nourriture au Rwanda. Beaucoup trouvent que c&#039;est le meilleur choix pour trouver des aliments de qualit\u00e9 sup\u00e9rieure.<\/p>\n<h3>Les entreprises de livraison de nourriture au Rwanda offrent une large gamme de choix<\/h3>\n<p>Un autre avantage est que le service de livraison de nourriture au Rwanda offre \u00e0 vos proches un large \u00e9ventail de choix. L&#039;entreprise de transport choisie peut vous permettre de pr\u00e9parer et de livrer vos repas en m\u00eame temps, car vous devrez peut-\u00eatre passer des heures en cuisine pour les acheter. Commandez les articles \u00e0 chaque fois jusqu&#039;\u00e0 ce que vous d\u00e9couvriez celui que vous aimez le plus.<\/p>\n<h3>Commander de la nourriture au Rwanda en ligne permet de gagner du temps<\/h3>\n<p>Si une personne est fatigu\u00e9e apr\u00e8s le travail et ne veut pas d\u00e9penser beaucoup d&#039;argent. Sans avoir \u00e0 passer du temps \u00e0 faire vos choix, vous pouvez obtenir le d\u00eener dont vous avez besoin. En cons\u00e9quence, vous pouvez commander de la nourriture au Rwanda apr\u00e8s le travail, afin que vous puissiez avoir quelque chose.<\/p>\n<p>Profitez de cette occasion pour d\u00e9couvrir quelle application de livraison de nourriture Les entreprises rwandaises vous livreront la meilleure nourriture. Gardez \u00e0 l&#039;esprit que de nombreuses personnes le gardent \u00e0 proximit\u00e9 de leur emplacement. De cette fa\u00e7on, vous pouvez vous assurer que votre saveur n&#039;est pas compromise et que vous avez le potentiel alimentaire dont vous avez besoin.<\/p>\n<h3>Application de livraison de nourriture Rwanda pratique<\/h3>\n<p>En fait, de nombreux hommes et femmes qui trouvent leur pause d\u00e9jeuner d\u00e9couvrent que les substituts \u00e0 la livraison de nourriture en ligne au Rwanda sont une chance. Il n&#039;offre pas la nourriture dont les hommes et les femmes ont envie, ce qui rend un repas attrayant, tandis que l&#039;ensachage est pratique et bon march\u00e9. Avec le nombre de services de livraison de nourriture au Rwanda qui proposent ces substituts, vous pouvez obtenir le choix de repas que vous souhaitez avec un simple appel t\u00e9l\u00e9phonique ou via des applications de livraison de nourriture au Rwanda.<\/p>","protected":false},"excerpt":{"rendered":"<p>Cheap Online Rwanda Food Delivery Use the best food delivery app Rwanda and order food in Rwanda from cheap food delivery service in Rwanda simple and easy online. Online food delivery in Rwanda\u00a0from nearby restaurants made easy. Luckily for us, new technology has introduced a lots of ways to make our lives more ease like [&hellip;]<\/p>\n","protected":false},"author":1,"featured_media":19299,"parent":0,"menu_order":0,"comment_status":"open","ping_status":"closed","template":"template-home-modern.php","meta":{"footnotes":""},"class_list":["post-11028","page","type-page","status-publish","has-post-thumbnail","hentry"],"yoast_head":"<!-- This site is optimized with the Yoast SEO plugin v27.3 - https:\/\/yoast.com\/product\/yoast-seo-wordpress\/ -->\n<title>Food Delivery in Rwanda\u00a0- Order Food Online Near Me<\/title>\n<meta name=\"description\" content=\"Online food delivery in Rwanda from your favorite restaurants. Use the best food delivery app in Rwanda and order food in Rwanda from cheap food delivery service\" \/>\n<meta name=\"robots\" content=\"index, follow, max-snippet:-1, max-image-preview:large, max-video-preview:-1\" \/>\n<link rel=\"canonical\" href=\"https:\/\/tiketi.com\/fr-fr\/online-food-delivery-rwanda-store\/\" \/>\n<meta property=\"og:locale\" content=\"fr_FR\" \/>\n<meta property=\"og:type\" content=\"article\" \/>\n<meta property=\"og:title\" content=\"Food Delivery in Rwanda\u00a0- Order Food Online Near Me\" \/>\n<meta property=\"og:description\" content=\"Online food delivery in Rwanda from your favorite restaurants. Use the best food delivery app in Rwanda and order food in Rwanda from cheap food delivery service\" \/>\n<meta property=\"og:url\" content=\"https:\/\/tiketi.com\/fr-fr\/online-food-delivery-rwanda-store\/\" \/>\n<meta property=\"og:site_name\" content=\"Tiketi.com\" \/>\n<meta property=\"article:publisher\" content=\"https:\/\/www.facebook.com\/TiketiCom\/\" \/>\n<meta property=\"article:modified_time\" content=\"2022-02-18T11:47:42+00:00\" \/>\n<meta property=\"og:image\" content=\"https:\/\/tiketi.com\/wp-content\/uploads\/2022\/02\/delivery-man2-6029429_1280.jpg\" \/>\n\t<meta property=\"og:image:width\" content=\"1200\" \/>\n\t<meta property=\"og:image:height\" content=\"200\" \/>\n\t<meta property=\"og:image:type\" content=\"image\/jpeg\" \/>\n<meta name=\"twitter:card\" content=\"summary_large_image\" \/>\n<meta name=\"twitter:label1\" content=\"Dur\u00e9e de lecture estim\u00e9e\" \/>\n\t<meta name=\"twitter:data1\" content=\"3 minutes\" \/>\n<script type=\"application\/ld+json\" class=\"yoast-schema-graph\">{\"@context\":\"https:\\\/\\\/schema.org\",\"@graph\":[{\"@type\":\"WebPage\",\"@id\":\"https:\\\/\\\/tiketi.com\\\/online-food-delivery-rwanda-store\\\/\",\"url\":\"https:\\\/\\\/tiketi.com\\\/online-food-delivery-rwanda-store\\\/\",\"name\":\"Food Delivery in Rwanda\u00a0- Order Food Online Near Me\",\"isPartOf\":{\"@id\":\"https:\\\/\\\/tiketi.com\\\/#website\"},\"primaryImageOfPage\":{\"@id\":\"https:\\\/\\\/tiketi.com\\\/online-food-delivery-rwanda-store\\\/#primaryimage\"},\"image\":{\"@id\":\"https:\\\/\\\/tiketi.com\\\/online-food-delivery-rwanda-store\\\/#primaryimage\"},\"thumbnailUrl\":\"https:\\\/\\\/tiketi.com\\\/wp-content\\\/uploads\\\/2022\\\/02\\\/delivery-man2-6029429_1280.jpg\",\"datePublished\":\"2022-01-19T11:54:07+00:00\",\"dateModified\":\"2022-02-18T11:47:42+00:00\",\"description\":\"Online food delivery in Rwanda from your favorite restaurants. Use the best food delivery app in Rwanda and order food in Rwanda from cheap food delivery service\",\"breadcrumb\":{\"@id\":\"https:\\\/\\\/tiketi.com\\\/online-food-delivery-rwanda-store\\\/#breadcrumb\"},\"inLanguage\":\"fr-FR\",\"potentialAction\":[{\"@type\":\"ReadAction\",\"target\":[\"https:\\\/\\\/tiketi.com\\\/online-food-delivery-rwanda-store\\\/\"]}]},{\"@type\":\"ImageObject\",\"inLanguage\":\"fr-FR\",\"@id\":\"https:\\\/\\\/tiketi.com\\\/online-food-delivery-rwanda-store\\\/#primaryimage\",\"url\":\"https:\\\/\\\/tiketi.com\\\/wp-content\\\/uploads\\\/2022\\\/02\\\/delivery-man2-6029429_1280.jpg\",\"contentUrl\":\"https:\\\/\\\/tiketi.com\\\/wp-content\\\/uploads\\\/2022\\\/02\\\/delivery-man2-6029429_1280.jpg\",\"width\":1200,\"height\":200},{\"@type\":\"BreadcrumbList\",\"@id\":\"https:\\\/\\\/tiketi.com\\\/online-food-delivery-rwanda-store\\\/#breadcrumb\",\"itemListElement\":[{\"@type\":\"ListItem\",\"position\":1,\"name\":\"Home\",\"item\":\"https:\\\/\\\/tiketi.com\\\/\"},{\"@type\":\"ListItem\",\"position\":2,\"name\":\"Food Delivery in Rwanda\u00a0&#8211; Order Food Online Near Me\"}]},{\"@type\":\"WebSite\",\"@id\":\"https:\\\/\\\/tiketi.com\\\/#website\",\"url\":\"https:\\\/\\\/tiketi.com\\\/\",\"name\":\"Flight & Bus Tickets, Tour Packages & Activitites - Tiketi.com\",\"description\":\"Flight &amp; Bus Tickets, Tours, Activitites\",\"publisher\":{\"@id\":\"https:\\\/\\\/tiketi.com\\\/#organization\"},\"potentialAction\":[{\"@type\":\"SearchAction\",\"target\":{\"@type\":\"EntryPoint\",\"urlTemplate\":\"https:\\\/\\\/tiketi.com\\\/?s={search_term_string}\"},\"query-input\":{\"@type\":\"PropertyValueSpecification\",\"valueRequired\":true,\"valueName\":\"search_term_string\"}}],\"inLanguage\":\"fr-FR\"},{\"@type\":\"Organization\",\"@id\":\"https:\\\/\\\/tiketi.com\\\/#organization\",\"name\":\"Tiketi.com\",\"alternateName\":\"Tiketi\",\"url\":\"https:\\\/\\\/tiketi.com\\\/\",\"logo\":{\"@type\":\"ImageObject\",\"inLanguage\":\"fr-FR\",\"@id\":\"https:\\\/\\\/tiketi.com\\\/#\\\/schema\\\/logo\\\/image\\\/\",\"url\":\"https:\\\/\\\/tiketi.com\\\/wp-content\\\/uploads\\\/2019\\\/05\\\/tiketi-logo-696.png\",\"contentUrl\":\"https:\\\/\\\/tiketi.com\\\/wp-content\\\/uploads\\\/2019\\\/05\\\/tiketi-logo-696.png\",\"width\":696,\"height\":696,\"caption\":\"Tiketi.com\"},\"image\":{\"@id\":\"https:\\\/\\\/tiketi.com\\\/#\\\/schema\\\/logo\\\/image\\\/\"},\"sameAs\":[\"https:\\\/\\\/www.facebook.com\\\/TiketiCom\\\/\"]}]}<\/script>\n<!-- \/ Yoast SEO plugin. -->","yoast_head_json":{"title":"Livraison de nourriture au Rwanda - Commandez de la nourriture en ligne pr\u00e8s de chez moi","description":"Livraison de nourriture en ligne au Rwanda \u00e0 partir de vos restaurants pr\u00e9f\u00e9r\u00e9s. Utilisez la meilleure application de livraison de nourriture au Rwanda et commandez de la nourriture au Rwanda \u00e0 partir d&#039;un service de livraison de nourriture bon march\u00e9","robots":{"index":"index","follow":"follow","max-snippet":"max-snippet:-1","max-image-preview":"max-image-preview:large","max-video-preview":"max-video-preview:-1"},"canonical":"https:\/\/tiketi.com\/fr-fr\/online-food-delivery-rwanda-store\/","og_locale":"fr_FR","og_type":"article","og_title":"Food Delivery in Rwanda\u00a0- Order Food Online Near Me","og_description":"Online food delivery in Rwanda from your favorite restaurants. Use the best food delivery app in Rwanda and order food in Rwanda from cheap food delivery service","og_url":"https:\/\/tiketi.com\/fr-fr\/online-food-delivery-rwanda-store\/","og_site_name":"Tiketi.com","article_publisher":"https:\/\/www.facebook.com\/TiketiCom\/","article_modified_time":"2022-02-18T11:47:42+00:00","og_image":[{"width":1200,"height":200,"url":"https:\/\/tiketi.com\/wp-content\/uploads\/2022\/02\/delivery-man2-6029429_1280.jpg","type":"image\/jpeg"}],"twitter_card":"summary_large_image","twitter_misc":{"Dur\u00e9e de lecture estim\u00e9e":"3 minutes"},"schema":{"@context":"https:\/\/schema.org","@graph":[{"@type":"WebPage","@id":"https:\/\/tiketi.com\/online-food-delivery-rwanda-store\/","url":"https:\/\/tiketi.com\/online-food-delivery-rwanda-store\/","name":"Livraison de nourriture au Rwanda - Commandez de la nourriture en ligne pr\u00e8s de chez moi","isPartOf":{"@id":"https:\/\/tiketi.com\/#website"},"primaryImageOfPage":{"@id":"https:\/\/tiketi.com\/online-food-delivery-rwanda-store\/#primaryimage"},"image":{"@id":"https:\/\/tiketi.com\/online-food-delivery-rwanda-store\/#primaryimage"},"thumbnailUrl":"https:\/\/tiketi.com\/wp-content\/uploads\/2022\/02\/delivery-man2-6029429_1280.jpg","datePublished":"2022-01-19T11:54:07+00:00","dateModified":"2022-02-18T11:47:42+00:00","description":"Livraison de nourriture en ligne au Rwanda \u00e0 partir de vos restaurants pr\u00e9f\u00e9r\u00e9s. Utilisez la meilleure application de livraison de nourriture au Rwanda et commandez de la nourriture au Rwanda \u00e0 partir d&#039;un service de livraison de nourriture bon march\u00e9","breadcrumb":{"@id":"https:\/\/tiketi.com\/online-food-delivery-rwanda-store\/#breadcrumb"},"inLanguage":"fr-FR","potentialAction":[{"@type":"ReadAction","target":["https:\/\/tiketi.com\/online-food-delivery-rwanda-store\/"]}]},{"@type":"ImageObject","inLanguage":"fr-FR","@id":"https:\/\/tiketi.com\/online-food-delivery-rwanda-store\/#primaryimage","url":"https:\/\/tiketi.com\/wp-content\/uploads\/2022\/02\/delivery-man2-6029429_1280.jpg","contentUrl":"https:\/\/tiketi.com\/wp-content\/uploads\/2022\/02\/delivery-man2-6029429_1280.jpg","width":1200,"height":200},{"@type":"BreadcrumbList","@id":"https:\/\/tiketi.com\/online-food-delivery-rwanda-store\/#breadcrumb","itemListElement":[{"@type":"ListItem","position":1,"name":"Home","item":"https:\/\/tiketi.com\/"},{"@type":"ListItem","position":2,"name":"Food Delivery in Rwanda\u00a0&#8211; Order Food Online Near Me"}]},{"@type":"WebSite","@id":"https:\/\/tiketi.com\/#website","url":"https:\/\/tiketi.com\/","name":"Billets d&#039;avion et de bus, forfaits touristiques et activit\u00e9s - Tiketi.com","description":"Billets d&#039;avion et de bus, Tours, Activit\u00e9s","publisher":{"@id":"https:\/\/tiketi.com\/#organization"},"potentialAction":[{"@type":"SearchAction","target":{"@type":"EntryPoint","urlTemplate":"https:\/\/tiketi.com\/?s={search_term_string}"},"query-input":{"@type":"PropertyValueSpecification","valueRequired":true,"valueName":"search_term_string"}}],"inLanguage":"fr-FR"},{"@type":"Organization","@id":"https:\/\/tiketi.com\/#organization","name":"Tiketi.com","alternateName":"Tiketi","url":"https:\/\/tiketi.com\/","logo":{"@type":"ImageObject","inLanguage":"fr-FR","@id":"https:\/\/tiketi.com\/#\/schema\/logo\/image\/","url":"https:\/\/tiketi.com\/wp-content\/uploads\/2019\/05\/tiketi-logo-696.png","contentUrl":"https:\/\/tiketi.com\/wp-content\/uploads\/2019\/05\/tiketi-logo-696.png","width":696,"height":696,"caption":"Tiketi.com"},"image":{"@id":"https:\/\/tiketi.com\/#\/schema\/logo\/image\/"},"sameAs":["https:\/\/www.facebook.com\/TiketiCom\/"]}]}},"_links":{"self":[{"href":"https:\/\/tiketi.com\/fr-fr\/wp-json\/wp\/v2\/pages\/11028","targetHints":{"allow":["GET"]}}],"collection":[{"href":"https:\/\/tiketi.com\/fr-fr\/wp-json\/wp\/v2\/pages"}],"about":[{"href":"https:\/\/tiketi.com\/fr-fr\/wp-json\/wp\/v2\/types\/page"}],"author":[{"embeddable":true,"href":"https:\/\/tiketi.com\/fr-fr\/wp-json\/wp\/v2\/users\/1"}],"replies":[{"embeddable":true,"href":"https:\/\/tiketi.com\/fr-fr\/wp-json\/wp\/v2\/comments?post=11028"}],"version-history":[{"count":0,"href":"https:\/\/tiketi.com\/fr-fr\/wp-json\/wp\/v2\/pages\/11028\/revisions"}],"wp:featuredmedia":[{"embeddable":true,"href":"https:\/\/tiketi.com\/fr-fr\/wp-json\/wp\/v2\/media\/19299"}],"wp:attachment":[{"href":"https:\/\/tiketi.com\/fr-fr\/wp-json\/wp\/v2\/media?parent=11028"}],"curies":[{"name":"wp","href":"https:\/\/api.w.org\/{rel}","templated":true}]}}