{"id":11030,"date":"2022-01-19T12:54:08","date_gmt":"2022-01-19T11:54:08","guid":{"rendered":"https:\/\/new.tiketi.com\/food-delivery-luanda-angola-from-nearby-restaurants\/"},"modified":"2023-02-14T14:06:22","modified_gmt":"2023-02-14T13:06:22","slug":"online-food-delivery-luanda-angola","status":"publish","type":"page","link":"https:\/\/tiketi.com\/fr-fr\/livraison-de-nourriture-en-ligne-luanda-angola\/","title":{"rendered":"Livraison de nourriture Luanda Angola \u00e0 partir de restaurants \u00e0 proximit\u00e9"},"content":{"rendered":"<h2>Application de livraison de nourriture en ligne Luanda Angola<\/h2>\n<h3>Utilisez la meilleure application de livraison de nourriture Luanda Angola et commandez de la nourriture \u00e0 Luanda \u00e0 partir de services de livraison de nourriture bon march\u00e9 \u00e0 Luanda simples et faciles en ligne.<\/h3>\n<p>La livraison de nourriture en ligne Luanda Angola en toute simplicit\u00e9. D\u00e9penser dans la cueillette des aliments dans de nombreux restaurants diff\u00e9rents qui ont des prix diff\u00e9rents est un travail fatigant. Il serait peut-\u00eatre pr\u00e9f\u00e9rable de faire correspondre les d\u00e9penses de 2 ou 3 restaurants que vous avez l&#039;intention d&#039;acheter. Par cons\u00e9quent, vous pouvez choisir vos repas en toute h\u00e2te. Quoi qu&#039;il en soit, ce n&#039;est pas possible si vous d\u00eenez dans un restaurant. Pour surmonter ce probl\u00e8me, l&#039;utilisation de l&#039;application de livraison de nourriture en ligne Luanda Angola est le premier choix. Comment commander de la nourriture \u00e0 Luanda Angola en ligne et gagner du temps et de l&#039;argent.<\/p>\n<h2>Voici plusieurs avantages de l&#039;utilisation d&#039;un service de livraison de nourriture en ligne \u00e0 Luanda Angola\u00a0:<\/h2>\n<h3>La livraison de nourriture en ligne \u00e0 Luanda Angola \u00e9conomise vos efforts et votre temps<\/h3>\n<p>Il est peut-\u00eatre surprenant de trouver une personne capable de vous sauver la faim apr\u00e8s un long travail fatigant. Merci pour l&#039;application de livraison de nourriture Luanda Angola qui peut \u00e9conomiser votre temps et vos efforts dans une atmosph\u00e8re inconnue pour trouver un endroit pour manger.<\/p>\n<h3>Payez en ligne sans effort<\/h3>\n<p>Vous pouvez payer en ligne et la nourriture sera livr\u00e9e chez vous. M\u00eame si vous \u00eates assis sur votre lit relax, vous pouvez utiliser votre carte de cr\u00e9dit pour faire vos achats et uniquement payer les factures, taxes comprises. De plus, vous n&#039;avez pas \u00e0 quitter la maison car il sera plus difficile de se mouiller lorsqu&#039;il pleut.<\/p>\n<h3>Obtenez les remises les plus \u00e9lev\u00e9es et des bons gratuits<\/h3>\n<p>C&#039;est peut-\u00eatre la principale chose \u00e0 propos de l&#039;achat de nourriture en ligne. Vous pouvez trouver les plats. Commencez votre recherche \u00e0 tout moment. Vous obtiendrez peut-\u00eatre les r\u00e9ductions et les offres les plus incroyables. Copiez et collez le code, et vous trouverez peut-\u00eatre quelque chose comme &quot;Achetez-en un, obtenez un rabais ou avec des prix et des offres. Commandez la liste des restaurants hors code et affinez votre recherche pour profiter des avantages.<\/p>\n<h3>Vivez l&#039;aventure de la chasse alimentaire<\/h3>\n<p>En g\u00e9n\u00e9ral, commander en ligne est comme une aventure, ce que les gens semblent aimer le plus. Un site contient des liens pour les personnes qui pr\u00e9f\u00e8rent le suivre et une page sur Facebook et Twitter. En outre, il peut y avoir une section de recettes o\u00f9 chacun peut publier ses plats.<\/p>\n<h3>Moins d&#039;erreurs et moins de probl\u00e8mes<\/h3>\n<p>M\u00eame le serveur le plus professionnel peut faire une erreur en notant une commande. Mais ce sc\u00e9nario peut \u00eatre rejet\u00e9 si votre personnel dispose d&#039;un excellent avantage technologique. Si vous voulez g\u00e9rer parfaitement votre entreprise, vous devez \u00e9galement prendre soin de votre \u00e9quipe. Les applications de livraison de nourriture \u00e0 Luanda Angola vous aideront de cette mani\u00e8re. En int\u00e9grant la commande en ligne dans leur routine de travail, votre \u00e9quipe commet moins d&#039;erreurs.<\/p>\n<h2>Meilleurs restaurants de livraison \u00e0 Luanda<\/h2>\n<p><strong>1. Pizza Il Forno<\/strong><br \/>\nPizzas, Italien<\/p>\n<p><strong>2. Pizzeria Capriccisosa<\/strong><br \/>\nPizzas, Italien<\/p>\n<p><strong>3. Vue de Fortaleza<\/strong><br \/>\nIndien, Chinois<\/p>\n<p><strong>4. Vive Luanda<\/strong><br \/>\nContemporain, Portugais<\/p>\n<p><strong>5. Une Gruta<\/strong><br \/>\nChinois, Asiatique<\/p>\n<p>T\u00e9l : +244 923 613 293<\/p>\n<p><strong>6. Restaurant Cerrado<\/strong><br \/>\nBr\u00e9silien, Pizza<\/p>\n<p><strong>7. Soukara<\/strong><br \/>\nCaf\u00e9 et th\u00e9, Pizza<\/p>\n<p><strong>8. Le Ph\u00e9nicien<\/strong><br \/>\nLibanais, Pizza<\/p>\n<p>Visitez le site Web<\/p>\n<p><strong>9. Restaurant Sizzling<\/strong><br \/>\nIndienne, Asiatique<\/p>\n<p><strong>10. Papa donne<\/strong><br \/>\nCuisine libanaise et am\u00e9ricaine<\/p>\n<p><strong>11. Restaurant Bacchus<\/strong><br \/>\nAfricain, Europ\u00e9en<\/p>\n<p>T\u00e9l : +244 942 013 413<\/p>\n<p><strong>12. Restaurant Bueno Vivo<\/strong><br \/>\nPizzas, Restauration rapide<\/p>\n<p><strong>13. Club de plage Lookal<\/strong><br \/>\nItalienne, M\u00e9diterran\u00e9enne<\/p>","protected":false},"excerpt":{"rendered":"<p>Online Food Delivery App Luanda Angola Use the best food delivery app Luanda Angola and order food in Luanda from cheap food delivery services in Luanda simple and easy online. Online food delivery Luanda Angola made easy.\u00a0Spending in picking food in many different restaurants that have different prices is a tiring job. It might be [&hellip;]<\/p>\n","protected":false},"author":1,"featured_media":19299,"parent":0,"menu_order":0,"comment_status":"open","ping_status":"closed","template":"template-home-modern.php","meta":{"footnotes":""},"class_list":["post-11030","page","type-page","status-publish","has-post-thumbnail","hentry"],"yoast_head":"<!-- This site is optimized with the Yoast SEO plugin v27.5 - https:\/\/yoast.com\/product\/yoast-seo-wordpress\/ -->\n<title>Food Delivery Luanda Angola from Nearby Restaurants<\/title>\n<meta name=\"description\" content=\"Looking for online food delivery in Luanda Angola from nearby restaurants. Download our food delivery app Luanda Angola and order food online in Luanda Angola now\" \/>\n<meta name=\"robots\" content=\"index, follow, max-snippet:-1, max-image-preview:large, max-video-preview:-1\" \/>\n<link rel=\"canonical\" href=\"https:\/\/tiketi.com\/fr-fr\/livraison-de-nourriture-en-ligne-luanda-angola\/\" \/>\n<meta property=\"og:locale\" content=\"fr_FR\" \/>\n<meta property=\"og:type\" content=\"article\" \/>\n<meta property=\"og:title\" content=\"Food Delivery Luanda Angola from Nearby Restaurants\" \/>\n<meta property=\"og:description\" content=\"Looking for online food delivery in Luanda Angola from nearby restaurants. Download our food delivery app Luanda Angola and order food online in Luanda Angola now\" \/>\n<meta property=\"og:url\" content=\"https:\/\/tiketi.com\/fr-fr\/livraison-de-nourriture-en-ligne-luanda-angola\/\" \/>\n<meta property=\"og:site_name\" content=\"Tiketi.com\" \/>\n<meta property=\"article:publisher\" content=\"https:\/\/www.facebook.com\/TiketiCom\/\" \/>\n<meta property=\"article:modified_time\" content=\"2023-02-14T13:06:22+00:00\" \/>\n<meta property=\"og:image\" content=\"https:\/\/tiketi.com\/wp-content\/uploads\/2022\/02\/delivery-man2-6029429_1280.jpg\" \/>\n\t<meta property=\"og:image:width\" content=\"1200\" \/>\n\t<meta property=\"og:image:height\" content=\"200\" \/>\n\t<meta property=\"og:image:type\" content=\"image\/jpeg\" \/>\n<meta name=\"twitter:card\" content=\"summary_large_image\" \/>\n<meta name=\"twitter:label1\" content=\"Dur\u00e9e de lecture estim\u00e9e\" \/>\n\t<meta name=\"twitter:data1\" content=\"3 minutes\" \/>\n<script type=\"application\/ld+json\" class=\"yoast-schema-graph\">{\"@context\":\"https:\\\/\\\/schema.org\",\"@graph\":[{\"@type\":\"WebPage\",\"@id\":\"https:\\\/\\\/tiketi.com\\\/online-food-delivery-luanda-angola\\\/\",\"url\":\"https:\\\/\\\/tiketi.com\\\/online-food-delivery-luanda-angola\\\/\",\"name\":\"Food Delivery Luanda Angola from Nearby Restaurants\",\"isPartOf\":{\"@id\":\"https:\\\/\\\/tiketi.com\\\/#website\"},\"primaryImageOfPage\":{\"@id\":\"https:\\\/\\\/tiketi.com\\\/online-food-delivery-luanda-angola\\\/#primaryimage\"},\"image\":{\"@id\":\"https:\\\/\\\/tiketi.com\\\/online-food-delivery-luanda-angola\\\/#primaryimage\"},\"thumbnailUrl\":\"https:\\\/\\\/tiketi.com\\\/wp-content\\\/uploads\\\/2022\\\/02\\\/delivery-man2-6029429_1280.jpg\",\"datePublished\":\"2022-01-19T11:54:08+00:00\",\"dateModified\":\"2023-02-14T13:06:22+00:00\",\"description\":\"Looking for online food delivery in Luanda Angola from nearby restaurants. Download our food delivery app Luanda Angola and order food online in Luanda Angola now\",\"breadcrumb\":{\"@id\":\"https:\\\/\\\/tiketi.com\\\/online-food-delivery-luanda-angola\\\/#breadcrumb\"},\"inLanguage\":\"fr-FR\",\"potentialAction\":[{\"@type\":\"ReadAction\",\"target\":[\"https:\\\/\\\/tiketi.com\\\/online-food-delivery-luanda-angola\\\/\"]}]},{\"@type\":\"ImageObject\",\"inLanguage\":\"fr-FR\",\"@id\":\"https:\\\/\\\/tiketi.com\\\/online-food-delivery-luanda-angola\\\/#primaryimage\",\"url\":\"https:\\\/\\\/tiketi.com\\\/wp-content\\\/uploads\\\/2022\\\/02\\\/delivery-man2-6029429_1280.jpg\",\"contentUrl\":\"https:\\\/\\\/tiketi.com\\\/wp-content\\\/uploads\\\/2022\\\/02\\\/delivery-man2-6029429_1280.jpg\",\"width\":1200,\"height\":200},{\"@type\":\"BreadcrumbList\",\"@id\":\"https:\\\/\\\/tiketi.com\\\/online-food-delivery-luanda-angola\\\/#breadcrumb\",\"itemListElement\":[{\"@type\":\"ListItem\",\"position\":1,\"name\":\"Home\",\"item\":\"https:\\\/\\\/tiketi.com\\\/\"},{\"@type\":\"ListItem\",\"position\":2,\"name\":\"Food Delivery Luanda Angola from Nearby Restaurants\"}]},{\"@type\":\"WebSite\",\"@id\":\"https:\\\/\\\/tiketi.com\\\/#website\",\"url\":\"https:\\\/\\\/tiketi.com\\\/\",\"name\":\"Flight & Bus Tickets, Tour Packages & Activitites - Tiketi.com\",\"description\":\"Flight &amp; Bus Tickets, Tours, Activitites\",\"publisher\":{\"@id\":\"https:\\\/\\\/tiketi.com\\\/#organization\"},\"potentialAction\":[{\"@type\":\"SearchAction\",\"target\":{\"@type\":\"EntryPoint\",\"urlTemplate\":\"https:\\\/\\\/tiketi.com\\\/?s={search_term_string}\"},\"query-input\":{\"@type\":\"PropertyValueSpecification\",\"valueRequired\":true,\"valueName\":\"search_term_string\"}}],\"inLanguage\":\"fr-FR\"},{\"@type\":\"Organization\",\"@id\":\"https:\\\/\\\/tiketi.com\\\/#organization\",\"name\":\"Tiketi.com\",\"alternateName\":\"Tiketi\",\"url\":\"https:\\\/\\\/tiketi.com\\\/\",\"logo\":{\"@type\":\"ImageObject\",\"inLanguage\":\"fr-FR\",\"@id\":\"https:\\\/\\\/tiketi.com\\\/#\\\/schema\\\/logo\\\/image\\\/\",\"url\":\"https:\\\/\\\/tiketi.com\\\/wp-content\\\/uploads\\\/2019\\\/05\\\/tiketi-logo-696.png\",\"contentUrl\":\"https:\\\/\\\/tiketi.com\\\/wp-content\\\/uploads\\\/2019\\\/05\\\/tiketi-logo-696.png\",\"width\":696,\"height\":696,\"caption\":\"Tiketi.com\"},\"image\":{\"@id\":\"https:\\\/\\\/tiketi.com\\\/#\\\/schema\\\/logo\\\/image\\\/\"},\"sameAs\":[\"https:\\\/\\\/www.facebook.com\\\/TiketiCom\\\/\"]}]}<\/script>\n<!-- \/ Yoast SEO plugin. -->","yoast_head_json":{"title":"Livraison de nourriture Luanda Angola \u00e0 partir de restaurants \u00e0 proximit\u00e9","description":"Vous recherchez une livraison de nourriture en ligne \u00e0 Luanda Angola \u00e0 partir de restaurants \u00e0 proximit\u00e9. T\u00e9l\u00e9chargez notre application de livraison de nourriture Luanda Angola et commandez de la nourriture en ligne \u00e0 Luanda Angola maintenant","robots":{"index":"index","follow":"follow","max-snippet":"max-snippet:-1","max-image-preview":"max-image-preview:large","max-video-preview":"max-video-preview:-1"},"canonical":"https:\/\/tiketi.com\/fr-fr\/livraison-de-nourriture-en-ligne-luanda-angola\/","og_locale":"fr_FR","og_type":"article","og_title":"Food Delivery Luanda Angola from Nearby Restaurants","og_description":"Looking for online food delivery in Luanda Angola from nearby restaurants. Download our food delivery app Luanda Angola and order food online in Luanda Angola now","og_url":"https:\/\/tiketi.com\/fr-fr\/livraison-de-nourriture-en-ligne-luanda-angola\/","og_site_name":"Tiketi.com","article_publisher":"https:\/\/www.facebook.com\/TiketiCom\/","article_modified_time":"2023-02-14T13:06:22+00:00","og_image":[{"width":1200,"height":200,"url":"https:\/\/tiketi.com\/wp-content\/uploads\/2022\/02\/delivery-man2-6029429_1280.jpg","type":"image\/jpeg"}],"twitter_card":"summary_large_image","twitter_misc":{"Dur\u00e9e de lecture estim\u00e9e":"3 minutes"},"schema":{"@context":"https:\/\/schema.org","@graph":[{"@type":"WebPage","@id":"https:\/\/tiketi.com\/online-food-delivery-luanda-angola\/","url":"https:\/\/tiketi.com\/online-food-delivery-luanda-angola\/","name":"Livraison de nourriture Luanda Angola \u00e0 partir de restaurants \u00e0 proximit\u00e9","isPartOf":{"@id":"https:\/\/tiketi.com\/#website"},"primaryImageOfPage":{"@id":"https:\/\/tiketi.com\/online-food-delivery-luanda-angola\/#primaryimage"},"image":{"@id":"https:\/\/tiketi.com\/online-food-delivery-luanda-angola\/#primaryimage"},"thumbnailUrl":"https:\/\/tiketi.com\/wp-content\/uploads\/2022\/02\/delivery-man2-6029429_1280.jpg","datePublished":"2022-01-19T11:54:08+00:00","dateModified":"2023-02-14T13:06:22+00:00","description":"Vous recherchez une livraison de nourriture en ligne \u00e0 Luanda Angola \u00e0 partir de restaurants \u00e0 proximit\u00e9. T\u00e9l\u00e9chargez notre application de livraison de nourriture Luanda Angola et commandez de la nourriture en ligne \u00e0 Luanda Angola maintenant","breadcrumb":{"@id":"https:\/\/tiketi.com\/online-food-delivery-luanda-angola\/#breadcrumb"},"inLanguage":"fr-FR","potentialAction":[{"@type":"ReadAction","target":["https:\/\/tiketi.com\/online-food-delivery-luanda-angola\/"]}]},{"@type":"ImageObject","inLanguage":"fr-FR","@id":"https:\/\/tiketi.com\/online-food-delivery-luanda-angola\/#primaryimage","url":"https:\/\/tiketi.com\/wp-content\/uploads\/2022\/02\/delivery-man2-6029429_1280.jpg","contentUrl":"https:\/\/tiketi.com\/wp-content\/uploads\/2022\/02\/delivery-man2-6029429_1280.jpg","width":1200,"height":200},{"@type":"BreadcrumbList","@id":"https:\/\/tiketi.com\/online-food-delivery-luanda-angola\/#breadcrumb","itemListElement":[{"@type":"ListItem","position":1,"name":"Home","item":"https:\/\/tiketi.com\/"},{"@type":"ListItem","position":2,"name":"Food Delivery Luanda Angola from Nearby Restaurants"}]},{"@type":"WebSite","@id":"https:\/\/tiketi.com\/#website","url":"https:\/\/tiketi.com\/","name":"Billets d&#039;avion et de bus, forfaits touristiques et activit\u00e9s - Tiketi.com","description":"Billets d&#039;avion et de bus, Tours, Activit\u00e9s","publisher":{"@id":"https:\/\/tiketi.com\/#organization"},"potentialAction":[{"@type":"SearchAction","target":{"@type":"EntryPoint","urlTemplate":"https:\/\/tiketi.com\/?s={search_term_string}"},"query-input":{"@type":"PropertyValueSpecification","valueRequired":true,"valueName":"search_term_string"}}],"inLanguage":"fr-FR"},{"@type":"Organization","@id":"https:\/\/tiketi.com\/#organization","name":"Tiketi.com","alternateName":"Tiketi","url":"https:\/\/tiketi.com\/","logo":{"@type":"ImageObject","inLanguage":"fr-FR","@id":"https:\/\/tiketi.com\/#\/schema\/logo\/image\/","url":"https:\/\/tiketi.com\/wp-content\/uploads\/2019\/05\/tiketi-logo-696.png","contentUrl":"https:\/\/tiketi.com\/wp-content\/uploads\/2019\/05\/tiketi-logo-696.png","width":696,"height":696,"caption":"Tiketi.com"},"image":{"@id":"https:\/\/tiketi.com\/#\/schema\/logo\/image\/"},"sameAs":["https:\/\/www.facebook.com\/TiketiCom\/"]}]}},"_links":{"self":[{"href":"https:\/\/tiketi.com\/fr-fr\/wp-json\/wp\/v2\/pages\/11030","targetHints":{"allow":["GET"]}}],"collection":[{"href":"https:\/\/tiketi.com\/fr-fr\/wp-json\/wp\/v2\/pages"}],"about":[{"href":"https:\/\/tiketi.com\/fr-fr\/wp-json\/wp\/v2\/types\/page"}],"author":[{"embeddable":true,"href":"https:\/\/tiketi.com\/fr-fr\/wp-json\/wp\/v2\/users\/1"}],"replies":[{"embeddable":true,"href":"https:\/\/tiketi.com\/fr-fr\/wp-json\/wp\/v2\/comments?post=11030"}],"version-history":[{"count":0,"href":"https:\/\/tiketi.com\/fr-fr\/wp-json\/wp\/v2\/pages\/11030\/revisions"}],"wp:featuredmedia":[{"embeddable":true,"href":"https:\/\/tiketi.com\/fr-fr\/wp-json\/wp\/v2\/media\/19299"}],"wp:attachment":[{"href":"https:\/\/tiketi.com\/fr-fr\/wp-json\/wp\/v2\/media?parent=11030"}],"curies":[{"name":"wp","href":"https:\/\/api.w.org\/{rel}","templated":true}]}}