{"id":11031,"date":"2022-01-19T12:54:08","date_gmt":"2022-01-19T11:54:08","guid":{"rendered":"https:\/\/new.tiketi.com\/food-delivery-seychelles-from-nearby-restaurants\/"},"modified":"2022-02-13T15:28:50","modified_gmt":"2022-02-13T14:28:50","slug":"online-food-delivery-seychelles","status":"publish","type":"page","link":"https:\/\/tiketi.com\/fr-fr\/online-food-delivery-seychelles\/","title":{"rendered":"Livraison de plats cuisin\u00e9s aux Seychelles \u00e0 partir de restaurants \u00e0 proximit\u00e9"},"content":{"rendered":"<h2>Application de livraison de nourriture en ligne Seychelles<\/h2>\n<h3>Utilisez la meilleure application de livraison de nourriture aux Seychelles et commandez de la nourriture en ligne aux Seychelles \u00e0 partir d&#039;un service de livraison de nourriture bon march\u00e9 aux Seychelles simple et facile.<\/h3>\n<p>La livraison de nourriture en ligne aux Seychelles en toute simplicit\u00e9. En tant que personne occup\u00e9e, commander de la nourriture en ligne aux Seychelles est l&#039;un des services les plus parfaits dont vous pouvez profiter. Alors que vous courez entre les cours, les activit\u00e9s parascolaires et les r\u00e9unions sociales avec des amis tout en \u00e9tudiant pour les examens, comment \u00eates-vous cens\u00e9 trouver le temps de cuisiner un bon repas pour vous-m\u00eame\u00a0? Avec la technologie d&#039;aujourd&#039;hui et la facilit\u00e9 de l&#039;application de livraison de nourriture en ligne aux Seychelles, il est plus facile que jamais de manger le type de nourriture dont vous avez envie. Comment commander de la nourriture aux Seychelles en ligne et gagner du temps et de l&#039;argent.<\/p>\n<h2>Voici quelques-uns des avantages de l&#039;application de livraison de nourriture en ligne aux Seychelles dans les restaurants \u00e0 proximit\u00e9\u00a0:<\/h2>\n<h3>Commandez de la nourriture en ligne aux Seychelles<\/h3>\n<p>Vous ne pouvez pas nier que le service de livraison de nourriture 24 heures sur 24 aux Seychelles est l&#039;un des services les plus parfaits que nous ayons de nos jours. En quelques clics sur un clavier ou en glissant sur vos Smartphones, vous pouvez vous faire livrer un d\u00e9licieux repas chaud directement \u00e0 votre porte en moins d&#039;une heure.<\/p>\n<p>Le service de livraison de nourriture en ligne aux Seychelles est id\u00e9al pour les personnes occup\u00e9es qui n&#039;ont peut-\u00eatre pas le temps de pr\u00e9parer un repas enti\u00e8rement fait maison. Vous ne voulez pas avoir \u00e0 h\u00e9siter quand vous allez manger ensuite ou si vous aurez le temps de le cuisiner. Lorsque vous commandez de la nourriture en ligne aux Seychelles, assurez-vous de ne pas avoir faim et de profiter de ce que vous mangez.<\/p>\n<h3>Commandez de la nourriture aux Seychelles sans g\u00e2chis<\/h3>\n<p>Lorsque vous commandez de la nourriture aux Seychelles en ligne, le restaurant vous proposera g\u00e9n\u00e9ralement des serviettes, des ustensiles en plastique et tous les condiments dont vous pourriez avoir besoin. Ils fabriquent \u00e9galement leur emballage pour que vous puissiez manger votre repas directement \u00e0 partir de celui-ci. Qu&#039;est-ce que cela signifie pour toi? Pas de g\u00e2chis!<\/p>\n<h3>Service de livraison de nourriture aux Seychelles, les choix sont infinis<\/h3>\n<p>Lorsque vous commandez de la nourriture aux Seychelles, cela signifie que vous avez un choix illimit\u00e9 de type de nourriture que vous pouvez manger. Cela est principalement vrai si vous vivez dans une ville connue pour ses choix alimentaires. Peu importe ce dont vous avez envie, vous pouvez tr\u00e8s probablement vous le faire livrer.<\/p>\n<p>Il vous offre \u00e9galement une chance d&#039;essayer des aliments de diff\u00e9rentes cultures. Lorsque nous cuisinons \u00e0 la maison, nous avons tendance \u00e0 nous en tenir \u00e0 ce que nous savons parce que nous ne voulons pas faire d&#039;erreur ni faire d&#039;efforts pour cuisiner un nouveau plat. Lorsque vous utilisez les services de livraison de nourriture aux Seychelles, il vous suffit de tenter votre chance et de commander un plat que vous vouliez essayer. Cela ouvrira vos papilles et votre esprit.<\/p>\n<h2>Livraison de nourriture en ligne aux Seychelles conclusion<\/h2>\n<p>La livraison de nourriture en ligne aux Seychelles signifie que vous gardez le temps de pr\u00e9parer votre repas et de le nettoyer. Tout ce que vous avez \u00e0 faire est de le jeter. Cela signifie que vous avez plus de temps \u00e0 passer avec des amis ou \u00e0 \u00e9tudier pour votre prochain examen.<\/p>","protected":false},"excerpt":{"rendered":"<p>Online Food Delivery App Seychelles Use the best food delivery app Seychelles and order food online in Seychelles from cheap food delivery service in Seychelles simple and easy. Online food delivery in Seychelles made easy. As a busy person, order food online in Seychelles is one of the most perfect services you can take benefit [&hellip;]<\/p>\n","protected":false},"author":1,"featured_media":19299,"parent":0,"menu_order":0,"comment_status":"open","ping_status":"closed","template":"template-home-modern.php","meta":{"footnotes":""},"class_list":["post-11031","page","type-page","status-publish","has-post-thumbnail","hentry"],"yoast_head":"<!-- This site is optimized with the Yoast SEO plugin v27.3 - https:\/\/yoast.com\/product\/yoast-seo-wordpress\/ -->\n<title>Food Delivery Seychelles from Nearby Restaurants<\/title>\n<meta name=\"description\" content=\"Looking for online food delivery in Seychelles from nearby restaurants. Download our food delivery app Seychelles and order food online in Seychelles now\" \/>\n<meta name=\"robots\" content=\"index, follow, max-snippet:-1, max-image-preview:large, max-video-preview:-1\" \/>\n<link rel=\"canonical\" href=\"https:\/\/tiketi.com\/fr-fr\/online-food-delivery-seychelles\/\" \/>\n<meta property=\"og:locale\" content=\"fr_FR\" \/>\n<meta property=\"og:type\" content=\"article\" \/>\n<meta property=\"og:title\" content=\"Food Delivery Seychelles from Nearby Restaurants\" \/>\n<meta property=\"og:description\" content=\"Looking for online food delivery in Seychelles from nearby restaurants. Download our food delivery app Seychelles and order food online in Seychelles now\" \/>\n<meta property=\"og:url\" content=\"https:\/\/tiketi.com\/fr-fr\/online-food-delivery-seychelles\/\" \/>\n<meta property=\"og:site_name\" content=\"Tiketi.com\" \/>\n<meta property=\"article:publisher\" content=\"https:\/\/www.facebook.com\/TiketiCom\/\" \/>\n<meta property=\"article:modified_time\" content=\"2022-02-13T14:28:50+00:00\" \/>\n<meta property=\"og:image\" content=\"https:\/\/tiketi.com\/wp-content\/uploads\/2022\/02\/delivery-man2-6029429_1280.jpg\" \/>\n\t<meta property=\"og:image:width\" content=\"1200\" \/>\n\t<meta property=\"og:image:height\" content=\"200\" \/>\n\t<meta property=\"og:image:type\" content=\"image\/jpeg\" \/>\n<meta name=\"twitter:card\" content=\"summary_large_image\" \/>\n<meta name=\"twitter:label1\" content=\"Dur\u00e9e de lecture estim\u00e9e\" \/>\n\t<meta name=\"twitter:data1\" content=\"3 minutes\" \/>\n<script type=\"application\/ld+json\" class=\"yoast-schema-graph\">{\"@context\":\"https:\\\/\\\/schema.org\",\"@graph\":[{\"@type\":\"WebPage\",\"@id\":\"https:\\\/\\\/tiketi.com\\\/online-food-delivery-seychelles\\\/\",\"url\":\"https:\\\/\\\/tiketi.com\\\/online-food-delivery-seychelles\\\/\",\"name\":\"Food Delivery Seychelles from Nearby Restaurants\",\"isPartOf\":{\"@id\":\"https:\\\/\\\/tiketi.com\\\/#website\"},\"primaryImageOfPage\":{\"@id\":\"https:\\\/\\\/tiketi.com\\\/online-food-delivery-seychelles\\\/#primaryimage\"},\"image\":{\"@id\":\"https:\\\/\\\/tiketi.com\\\/online-food-delivery-seychelles\\\/#primaryimage\"},\"thumbnailUrl\":\"https:\\\/\\\/tiketi.com\\\/wp-content\\\/uploads\\\/2022\\\/02\\\/delivery-man2-6029429_1280.jpg\",\"datePublished\":\"2022-01-19T11:54:08+00:00\",\"dateModified\":\"2022-02-13T14:28:50+00:00\",\"description\":\"Looking for online food delivery in Seychelles from nearby restaurants. Download our food delivery app Seychelles and order food online in Seychelles now\",\"breadcrumb\":{\"@id\":\"https:\\\/\\\/tiketi.com\\\/online-food-delivery-seychelles\\\/#breadcrumb\"},\"inLanguage\":\"fr-FR\",\"potentialAction\":[{\"@type\":\"ReadAction\",\"target\":[\"https:\\\/\\\/tiketi.com\\\/online-food-delivery-seychelles\\\/\"]}]},{\"@type\":\"ImageObject\",\"inLanguage\":\"fr-FR\",\"@id\":\"https:\\\/\\\/tiketi.com\\\/online-food-delivery-seychelles\\\/#primaryimage\",\"url\":\"https:\\\/\\\/tiketi.com\\\/wp-content\\\/uploads\\\/2022\\\/02\\\/delivery-man2-6029429_1280.jpg\",\"contentUrl\":\"https:\\\/\\\/tiketi.com\\\/wp-content\\\/uploads\\\/2022\\\/02\\\/delivery-man2-6029429_1280.jpg\",\"width\":1200,\"height\":200},{\"@type\":\"BreadcrumbList\",\"@id\":\"https:\\\/\\\/tiketi.com\\\/online-food-delivery-seychelles\\\/#breadcrumb\",\"itemListElement\":[{\"@type\":\"ListItem\",\"position\":1,\"name\":\"Home\",\"item\":\"https:\\\/\\\/tiketi.com\\\/\"},{\"@type\":\"ListItem\",\"position\":2,\"name\":\"Food Delivery in Seychelles from Nearby Restaurants\"}]},{\"@type\":\"WebSite\",\"@id\":\"https:\\\/\\\/tiketi.com\\\/#website\",\"url\":\"https:\\\/\\\/tiketi.com\\\/\",\"name\":\"Flight & Bus Tickets, Tour Packages & Activitites - Tiketi.com\",\"description\":\"Flight &amp; Bus Tickets, Tours, Activitites\",\"publisher\":{\"@id\":\"https:\\\/\\\/tiketi.com\\\/#organization\"},\"potentialAction\":[{\"@type\":\"SearchAction\",\"target\":{\"@type\":\"EntryPoint\",\"urlTemplate\":\"https:\\\/\\\/tiketi.com\\\/?s={search_term_string}\"},\"query-input\":{\"@type\":\"PropertyValueSpecification\",\"valueRequired\":true,\"valueName\":\"search_term_string\"}}],\"inLanguage\":\"fr-FR\"},{\"@type\":\"Organization\",\"@id\":\"https:\\\/\\\/tiketi.com\\\/#organization\",\"name\":\"Tiketi.com\",\"alternateName\":\"Tiketi\",\"url\":\"https:\\\/\\\/tiketi.com\\\/\",\"logo\":{\"@type\":\"ImageObject\",\"inLanguage\":\"fr-FR\",\"@id\":\"https:\\\/\\\/tiketi.com\\\/#\\\/schema\\\/logo\\\/image\\\/\",\"url\":\"https:\\\/\\\/tiketi.com\\\/wp-content\\\/uploads\\\/2019\\\/05\\\/tiketi-logo-696.png\",\"contentUrl\":\"https:\\\/\\\/tiketi.com\\\/wp-content\\\/uploads\\\/2019\\\/05\\\/tiketi-logo-696.png\",\"width\":696,\"height\":696,\"caption\":\"Tiketi.com\"},\"image\":{\"@id\":\"https:\\\/\\\/tiketi.com\\\/#\\\/schema\\\/logo\\\/image\\\/\"},\"sameAs\":[\"https:\\\/\\\/www.facebook.com\\\/TiketiCom\\\/\"]}]}<\/script>\n<!-- \/ Yoast SEO plugin. -->","yoast_head_json":{"title":"Livraison de nourriture aux Seychelles \u00e0 partir de restaurants \u00e0 proximit\u00e9","description":"Vous recherchez une livraison de nourriture en ligne aux Seychelles \u00e0 partir de restaurants \u00e0 proximit\u00e9. T\u00e9l\u00e9chargez notre application de livraison de nourriture aux Seychelles et commandez de la nourriture en ligne aux Seychelles maintenant","robots":{"index":"index","follow":"follow","max-snippet":"max-snippet:-1","max-image-preview":"max-image-preview:large","max-video-preview":"max-video-preview:-1"},"canonical":"https:\/\/tiketi.com\/fr-fr\/online-food-delivery-seychelles\/","og_locale":"fr_FR","og_type":"article","og_title":"Food Delivery Seychelles from Nearby Restaurants","og_description":"Looking for online food delivery in Seychelles from nearby restaurants. Download our food delivery app Seychelles and order food online in Seychelles now","og_url":"https:\/\/tiketi.com\/fr-fr\/online-food-delivery-seychelles\/","og_site_name":"Tiketi.com","article_publisher":"https:\/\/www.facebook.com\/TiketiCom\/","article_modified_time":"2022-02-13T14:28:50+00:00","og_image":[{"width":1200,"height":200,"url":"https:\/\/tiketi.com\/wp-content\/uploads\/2022\/02\/delivery-man2-6029429_1280.jpg","type":"image\/jpeg"}],"twitter_card":"summary_large_image","twitter_misc":{"Dur\u00e9e de lecture estim\u00e9e":"3 minutes"},"schema":{"@context":"https:\/\/schema.org","@graph":[{"@type":"WebPage","@id":"https:\/\/tiketi.com\/online-food-delivery-seychelles\/","url":"https:\/\/tiketi.com\/online-food-delivery-seychelles\/","name":"Livraison de nourriture aux Seychelles \u00e0 partir de restaurants \u00e0 proximit\u00e9","isPartOf":{"@id":"https:\/\/tiketi.com\/#website"},"primaryImageOfPage":{"@id":"https:\/\/tiketi.com\/online-food-delivery-seychelles\/#primaryimage"},"image":{"@id":"https:\/\/tiketi.com\/online-food-delivery-seychelles\/#primaryimage"},"thumbnailUrl":"https:\/\/tiketi.com\/wp-content\/uploads\/2022\/02\/delivery-man2-6029429_1280.jpg","datePublished":"2022-01-19T11:54:08+00:00","dateModified":"2022-02-13T14:28:50+00:00","description":"Vous recherchez une livraison de nourriture en ligne aux Seychelles \u00e0 partir de restaurants \u00e0 proximit\u00e9. T\u00e9l\u00e9chargez notre application de livraison de nourriture aux Seychelles et commandez de la nourriture en ligne aux Seychelles maintenant","breadcrumb":{"@id":"https:\/\/tiketi.com\/online-food-delivery-seychelles\/#breadcrumb"},"inLanguage":"fr-FR","potentialAction":[{"@type":"ReadAction","target":["https:\/\/tiketi.com\/online-food-delivery-seychelles\/"]}]},{"@type":"ImageObject","inLanguage":"fr-FR","@id":"https:\/\/tiketi.com\/online-food-delivery-seychelles\/#primaryimage","url":"https:\/\/tiketi.com\/wp-content\/uploads\/2022\/02\/delivery-man2-6029429_1280.jpg","contentUrl":"https:\/\/tiketi.com\/wp-content\/uploads\/2022\/02\/delivery-man2-6029429_1280.jpg","width":1200,"height":200},{"@type":"BreadcrumbList","@id":"https:\/\/tiketi.com\/online-food-delivery-seychelles\/#breadcrumb","itemListElement":[{"@type":"ListItem","position":1,"name":"Home","item":"https:\/\/tiketi.com\/"},{"@type":"ListItem","position":2,"name":"Food Delivery in Seychelles from Nearby Restaurants"}]},{"@type":"WebSite","@id":"https:\/\/tiketi.com\/#website","url":"https:\/\/tiketi.com\/","name":"Billets d&#039;avion et de bus, forfaits touristiques et activit\u00e9s - Tiketi.com","description":"Billets d&#039;avion et de bus, Tours, Activit\u00e9s","publisher":{"@id":"https:\/\/tiketi.com\/#organization"},"potentialAction":[{"@type":"SearchAction","target":{"@type":"EntryPoint","urlTemplate":"https:\/\/tiketi.com\/?s={search_term_string}"},"query-input":{"@type":"PropertyValueSpecification","valueRequired":true,"valueName":"search_term_string"}}],"inLanguage":"fr-FR"},{"@type":"Organization","@id":"https:\/\/tiketi.com\/#organization","name":"Tiketi.com","alternateName":"Tiketi","url":"https:\/\/tiketi.com\/","logo":{"@type":"ImageObject","inLanguage":"fr-FR","@id":"https:\/\/tiketi.com\/#\/schema\/logo\/image\/","url":"https:\/\/tiketi.com\/wp-content\/uploads\/2019\/05\/tiketi-logo-696.png","contentUrl":"https:\/\/tiketi.com\/wp-content\/uploads\/2019\/05\/tiketi-logo-696.png","width":696,"height":696,"caption":"Tiketi.com"},"image":{"@id":"https:\/\/tiketi.com\/#\/schema\/logo\/image\/"},"sameAs":["https:\/\/www.facebook.com\/TiketiCom\/"]}]}},"_links":{"self":[{"href":"https:\/\/tiketi.com\/fr-fr\/wp-json\/wp\/v2\/pages\/11031","targetHints":{"allow":["GET"]}}],"collection":[{"href":"https:\/\/tiketi.com\/fr-fr\/wp-json\/wp\/v2\/pages"}],"about":[{"href":"https:\/\/tiketi.com\/fr-fr\/wp-json\/wp\/v2\/types\/page"}],"author":[{"embeddable":true,"href":"https:\/\/tiketi.com\/fr-fr\/wp-json\/wp\/v2\/users\/1"}],"replies":[{"embeddable":true,"href":"https:\/\/tiketi.com\/fr-fr\/wp-json\/wp\/v2\/comments?post=11031"}],"version-history":[{"count":0,"href":"https:\/\/tiketi.com\/fr-fr\/wp-json\/wp\/v2\/pages\/11031\/revisions"}],"wp:featuredmedia":[{"embeddable":true,"href":"https:\/\/tiketi.com\/fr-fr\/wp-json\/wp\/v2\/media\/19299"}],"wp:attachment":[{"href":"https:\/\/tiketi.com\/fr-fr\/wp-json\/wp\/v2\/media?parent=11031"}],"curies":[{"name":"wp","href":"https:\/\/api.w.org\/{rel}","templated":true}]}}