{"id":11032,"date":"2022-01-19T12:54:08","date_gmt":"2022-01-19T11:54:08","guid":{"rendered":"https:\/\/new.tiketi.com\/food-delivery-mauritius-from-nearby-restaurants\/"},"modified":"2022-02-13T15:24:06","modified_gmt":"2022-02-13T14:24:06","slug":"online-food-delivery-mauritius-store","status":"publish","type":"page","link":"https:\/\/tiketi.com\/fr-fr\/online-food-delivery-mauritius-store\/","title":{"rendered":"Livraison de plats cuisin\u00e9s \u00e0 Maurice depuis les restaurants \u00e0 proximit\u00e9"},"content":{"rendered":"<h2>Application de livraison de nourriture en ligne pas cher Ile Maurice<\/h2>\n<h3>Utilisez la meilleure application de livraison de nourriture \u00e0 Maurice et commandez de la nourriture \u00e0 Maurice \u00e0 partir d&#039;un service de livraison de nourriture bon march\u00e9 \u00e0 Maurice, simple et facile en ligne.<\/h3>\n<p>La livraison de nourriture en ligne \u00e0 Maurice en toute simplicit\u00e9. Beaucoup de gens sont tellement occup\u00e9s quand il s&#039;agit de travail. Parfois, elles n&#039;ont pas la chance de faire la cuisine une fois qu&#039;elles rentrent du travail, car elles sont maintenant \u00e9puis\u00e9es pour effectuer les t\u00e2ches m\u00e9nag\u00e8res. Vous n&#039;avez peut-\u00eatre pas suffisamment de temps pour laisser votre ou acheter quelque chose que vous pourrez manger une fois rentr\u00e9 chez vous, alors un service de livraison de nourriture \u00e0 Maurice peut \u00eatre la r\u00e9ponse \u00e0 toutes vos pr\u00e9occupations. Le service de livraison de nourriture en ligne de l&#039;\u00eele Maurice peut vous aider \u00e0 \u00e9conomiser du temps et de l&#039;argent.<\/p>\n<h2>Voici quelques-uns des avantages de la meilleure livraison de nourriture en ligne \u00e0 Maurice\u00a0:<\/h2>\n<h3>Un service de livraison de nourriture en ligne \u00e0 Maurice vous aide \u00e0 essayer de nouvelles cuisines<\/h3>\n<p>En restant chez vous, vous pouvez d\u00e9j\u00e0 essayer de nombreuses cuisines diff\u00e9rentes qui pourraient \u00eatre nouvelles \u00e0 votre go\u00fbt. Les services de livraison de nourriture en ligne \u00e0 Maurice contiennent de nombreux types d&#039;aliments dans leur application. Il vous suffit d&#039;explorer et de chercher la nourriture que vous voulez essayer et de d\u00e9couvrir sa douceur.<\/p>\n<h3>R\u00e9duction des co\u00fbts<\/h3>\n<p>Un autre grand avantage des services de livraison de nourriture \u00e0 Maurice est que vous pouvez conserver beaucoup d&#039;argent, car il vous suffit de rester \u00e0 la maison et d&#039;essayer d\u00e9j\u00e0 la nourriture que vous souhaitez essayer dans votre r\u00e9gion. Pour que nous essayions beaucoup de cuisine gastronomique, nous devons voyager m\u00eame si ce n&#039;est que dans nos r\u00e9gions domestiques, o\u00f9 les voyages peuvent \u00e9galement d\u00e9penser beaucoup d&#039;argent, car il se peut que vous payiez le trajet ou que vous fassiez le plein d&#039;essence. voiture.<\/p>\n<h3>Simple d&#039;acc\u00e8s<\/h3>\n<p>Avec les services offerts par la livraison de nourriture 24 heures sur 24 \u00e0 Maurice, vous n&#039;aurez aucun probl\u00e8me \u00e0 manger la nourriture que vous voulez, surtout si vous \u00eates d\u00e9j\u00e0 \u00e9puis\u00e9 pour faire les t\u00e2ches m\u00e9nag\u00e8res juste pour pr\u00e9parer votre d\u00eener. Ils sont plus parfaits car il vous suffit de commander et d&#039;organiser l&#039;argent pour votre facture \u00e0 partir de la nourriture que vous commandez.<\/p>\n<h3>Coupons<\/h3>\n<p>Certains restaurants offrent des r\u00e9compenses pour la commande d&#039;un certain nombre de coupons ou de fois \u00e0 leurs clients les plus fid\u00e8les. Vous n&#039;\u00eates pas oblig\u00e9 de payer le prix total pour toujours, alors utilisez des coupons pour optimiser votre livraison de nourriture en ligne \u00e0 Maurice. Cela vous permettra d&#039;\u00e9conomiser de l&#039;argent lors de la commande de votre plat pr\u00e9f\u00e9r\u00e9.<\/p>\n<h3>Service de livraison de nourriture \u00e0 Maurice commande en ligne<\/h3>\n<p>La beaut\u00e9 de la technologie d&#039;aujourd&#039;hui est que tout se fait en ligne. Fini le temps d&#039;appeler un restaurant occup\u00e9, de commander votre nourriture et de s&#039;attendre \u00e0 ce qu&#039;il vous ait bien entendu. Lorsque les services de livraison de nourriture \u00e0 Maurice vous r\u00e9duisent les risques que les restaurants g\u00e2chent votre commande.<\/p>\n<p>L&#039;application de livraison de nourriture Maurice simplifie grandement la commande de nourriture. Non seulement cela r\u00e9duit les probl\u00e8mes de communication, mais vous pouvez \u00e9galement consulter le menu complet d&#039;un restaurant. Vous trouverez peut-\u00eatre quelque chose que vous n&#039;auriez jamais pens\u00e9 que le restaurant propose avec diff\u00e9rents choix et substitutions avec leur menu Internet.<\/p>","protected":false},"excerpt":{"rendered":"<p>Cheap Online Food Delivery App Mauritius Use the best food delivery app Mauritius and order food in Mauritius from cheap food delivery service in Mauritius simple and easy online. Online food delivery in Mauritius made easy. A lot of people are so busy when it comes to job. Sometimes they do not have the chance [&hellip;]<\/p>\n","protected":false},"author":1,"featured_media":19299,"parent":0,"menu_order":0,"comment_status":"open","ping_status":"closed","template":"template-home-modern.php","meta":{"footnotes":""},"class_list":["post-11032","page","type-page","status-publish","has-post-thumbnail","hentry"],"yoast_head":"<!-- This site is optimized with the Yoast SEO plugin v27.3 - https:\/\/yoast.com\/product\/yoast-seo-wordpress\/ -->\n<title>Food Delivery Mauritius from nearby restaurants<\/title>\n<meta name=\"description\" content=\"Looking for online food delivery in Mauritius from nearby restaurants. Download our food delivery app Mauritius and order food online in Mauritius now\" \/>\n<meta name=\"robots\" content=\"index, follow, max-snippet:-1, max-image-preview:large, max-video-preview:-1\" \/>\n<link rel=\"canonical\" href=\"https:\/\/tiketi.com\/fr-fr\/online-food-delivery-mauritius-store\/\" \/>\n<meta property=\"og:locale\" content=\"fr_FR\" \/>\n<meta property=\"og:type\" content=\"article\" \/>\n<meta property=\"og:title\" content=\"Food Delivery Mauritius from nearby restaurants\" \/>\n<meta property=\"og:description\" content=\"Looking for online food delivery in Mauritius from nearby restaurants. Download our food delivery app Mauritius and order food online in Mauritius now\" \/>\n<meta property=\"og:url\" content=\"https:\/\/tiketi.com\/fr-fr\/online-food-delivery-mauritius-store\/\" \/>\n<meta property=\"og:site_name\" content=\"Tiketi.com\" \/>\n<meta property=\"article:publisher\" content=\"https:\/\/www.facebook.com\/TiketiCom\/\" \/>\n<meta property=\"article:modified_time\" content=\"2022-02-13T14:24:06+00:00\" \/>\n<meta property=\"og:image\" content=\"https:\/\/tiketi.com\/wp-content\/uploads\/2022\/02\/delivery-man2-6029429_1280.jpg\" \/>\n\t<meta property=\"og:image:width\" content=\"1200\" \/>\n\t<meta property=\"og:image:height\" content=\"200\" \/>\n\t<meta property=\"og:image:type\" content=\"image\/jpeg\" \/>\n<meta name=\"twitter:card\" content=\"summary_large_image\" \/>\n<meta name=\"twitter:label1\" content=\"Dur\u00e9e de lecture estim\u00e9e\" \/>\n\t<meta name=\"twitter:data1\" content=\"3 minutes\" \/>\n<script type=\"application\/ld+json\" class=\"yoast-schema-graph\">{\"@context\":\"https:\\\/\\\/schema.org\",\"@graph\":[{\"@type\":\"WebPage\",\"@id\":\"https:\\\/\\\/tiketi.com\\\/online-food-delivery-mauritius-store\\\/\",\"url\":\"https:\\\/\\\/tiketi.com\\\/online-food-delivery-mauritius-store\\\/\",\"name\":\"Food Delivery Mauritius from nearby restaurants\",\"isPartOf\":{\"@id\":\"https:\\\/\\\/tiketi.com\\\/#website\"},\"primaryImageOfPage\":{\"@id\":\"https:\\\/\\\/tiketi.com\\\/online-food-delivery-mauritius-store\\\/#primaryimage\"},\"image\":{\"@id\":\"https:\\\/\\\/tiketi.com\\\/online-food-delivery-mauritius-store\\\/#primaryimage\"},\"thumbnailUrl\":\"https:\\\/\\\/tiketi.com\\\/wp-content\\\/uploads\\\/2022\\\/02\\\/delivery-man2-6029429_1280.jpg\",\"datePublished\":\"2022-01-19T11:54:08+00:00\",\"dateModified\":\"2022-02-13T14:24:06+00:00\",\"description\":\"Looking for online food delivery in Mauritius from nearby restaurants. Download our food delivery app Mauritius and order food online in Mauritius now\",\"breadcrumb\":{\"@id\":\"https:\\\/\\\/tiketi.com\\\/online-food-delivery-mauritius-store\\\/#breadcrumb\"},\"inLanguage\":\"fr-FR\",\"potentialAction\":[{\"@type\":\"ReadAction\",\"target\":[\"https:\\\/\\\/tiketi.com\\\/online-food-delivery-mauritius-store\\\/\"]}]},{\"@type\":\"ImageObject\",\"inLanguage\":\"fr-FR\",\"@id\":\"https:\\\/\\\/tiketi.com\\\/online-food-delivery-mauritius-store\\\/#primaryimage\",\"url\":\"https:\\\/\\\/tiketi.com\\\/wp-content\\\/uploads\\\/2022\\\/02\\\/delivery-man2-6029429_1280.jpg\",\"contentUrl\":\"https:\\\/\\\/tiketi.com\\\/wp-content\\\/uploads\\\/2022\\\/02\\\/delivery-man2-6029429_1280.jpg\",\"width\":1200,\"height\":200},{\"@type\":\"BreadcrumbList\",\"@id\":\"https:\\\/\\\/tiketi.com\\\/online-food-delivery-mauritius-store\\\/#breadcrumb\",\"itemListElement\":[{\"@type\":\"ListItem\",\"position\":1,\"name\":\"Home\",\"item\":\"https:\\\/\\\/tiketi.com\\\/\"},{\"@type\":\"ListItem\",\"position\":2,\"name\":\"Food Delivery in Mauritius from nearby restaurants\"}]},{\"@type\":\"WebSite\",\"@id\":\"https:\\\/\\\/tiketi.com\\\/#website\",\"url\":\"https:\\\/\\\/tiketi.com\\\/\",\"name\":\"Flight & Bus Tickets, Tour Packages & Activitites - Tiketi.com\",\"description\":\"Flight &amp; Bus Tickets, Tours, Activitites\",\"publisher\":{\"@id\":\"https:\\\/\\\/tiketi.com\\\/#organization\"},\"potentialAction\":[{\"@type\":\"SearchAction\",\"target\":{\"@type\":\"EntryPoint\",\"urlTemplate\":\"https:\\\/\\\/tiketi.com\\\/?s={search_term_string}\"},\"query-input\":{\"@type\":\"PropertyValueSpecification\",\"valueRequired\":true,\"valueName\":\"search_term_string\"}}],\"inLanguage\":\"fr-FR\"},{\"@type\":\"Organization\",\"@id\":\"https:\\\/\\\/tiketi.com\\\/#organization\",\"name\":\"Tiketi.com\",\"alternateName\":\"Tiketi\",\"url\":\"https:\\\/\\\/tiketi.com\\\/\",\"logo\":{\"@type\":\"ImageObject\",\"inLanguage\":\"fr-FR\",\"@id\":\"https:\\\/\\\/tiketi.com\\\/#\\\/schema\\\/logo\\\/image\\\/\",\"url\":\"https:\\\/\\\/tiketi.com\\\/wp-content\\\/uploads\\\/2019\\\/05\\\/tiketi-logo-696.png\",\"contentUrl\":\"https:\\\/\\\/tiketi.com\\\/wp-content\\\/uploads\\\/2019\\\/05\\\/tiketi-logo-696.png\",\"width\":696,\"height\":696,\"caption\":\"Tiketi.com\"},\"image\":{\"@id\":\"https:\\\/\\\/tiketi.com\\\/#\\\/schema\\\/logo\\\/image\\\/\"},\"sameAs\":[\"https:\\\/\\\/www.facebook.com\\\/TiketiCom\\\/\"]}]}<\/script>\n<!-- \/ Yoast SEO plugin. -->","yoast_head_json":{"title":"Livraison de repas \u00e0 Maurice depuis les restaurants \u00e0 proximit\u00e9","description":"Vous recherchez une livraison de nourriture en ligne \u00e0 Maurice \u00e0 partir de restaurants \u00e0 proximit\u00e9. T\u00e9l\u00e9chargez notre application de livraison de nourriture \u00e0 l&#039;\u00eele Maurice et commandez de la nourriture en ligne \u00e0 l&#039;\u00eele Maurice maintenant","robots":{"index":"index","follow":"follow","max-snippet":"max-snippet:-1","max-image-preview":"max-image-preview:large","max-video-preview":"max-video-preview:-1"},"canonical":"https:\/\/tiketi.com\/fr-fr\/online-food-delivery-mauritius-store\/","og_locale":"fr_FR","og_type":"article","og_title":"Food Delivery Mauritius from nearby restaurants","og_description":"Looking for online food delivery in Mauritius from nearby restaurants. Download our food delivery app Mauritius and order food online in Mauritius now","og_url":"https:\/\/tiketi.com\/fr-fr\/online-food-delivery-mauritius-store\/","og_site_name":"Tiketi.com","article_publisher":"https:\/\/www.facebook.com\/TiketiCom\/","article_modified_time":"2022-02-13T14:24:06+00:00","og_image":[{"width":1200,"height":200,"url":"https:\/\/tiketi.com\/wp-content\/uploads\/2022\/02\/delivery-man2-6029429_1280.jpg","type":"image\/jpeg"}],"twitter_card":"summary_large_image","twitter_misc":{"Dur\u00e9e de lecture estim\u00e9e":"3 minutes"},"schema":{"@context":"https:\/\/schema.org","@graph":[{"@type":"WebPage","@id":"https:\/\/tiketi.com\/online-food-delivery-mauritius-store\/","url":"https:\/\/tiketi.com\/online-food-delivery-mauritius-store\/","name":"Livraison de repas \u00e0 Maurice depuis les restaurants \u00e0 proximit\u00e9","isPartOf":{"@id":"https:\/\/tiketi.com\/#website"},"primaryImageOfPage":{"@id":"https:\/\/tiketi.com\/online-food-delivery-mauritius-store\/#primaryimage"},"image":{"@id":"https:\/\/tiketi.com\/online-food-delivery-mauritius-store\/#primaryimage"},"thumbnailUrl":"https:\/\/tiketi.com\/wp-content\/uploads\/2022\/02\/delivery-man2-6029429_1280.jpg","datePublished":"2022-01-19T11:54:08+00:00","dateModified":"2022-02-13T14:24:06+00:00","description":"Vous recherchez une livraison de nourriture en ligne \u00e0 Maurice \u00e0 partir de restaurants \u00e0 proximit\u00e9. T\u00e9l\u00e9chargez notre application de livraison de nourriture \u00e0 l&#039;\u00eele Maurice et commandez de la nourriture en ligne \u00e0 l&#039;\u00eele Maurice maintenant","breadcrumb":{"@id":"https:\/\/tiketi.com\/online-food-delivery-mauritius-store\/#breadcrumb"},"inLanguage":"fr-FR","potentialAction":[{"@type":"ReadAction","target":["https:\/\/tiketi.com\/online-food-delivery-mauritius-store\/"]}]},{"@type":"ImageObject","inLanguage":"fr-FR","@id":"https:\/\/tiketi.com\/online-food-delivery-mauritius-store\/#primaryimage","url":"https:\/\/tiketi.com\/wp-content\/uploads\/2022\/02\/delivery-man2-6029429_1280.jpg","contentUrl":"https:\/\/tiketi.com\/wp-content\/uploads\/2022\/02\/delivery-man2-6029429_1280.jpg","width":1200,"height":200},{"@type":"BreadcrumbList","@id":"https:\/\/tiketi.com\/online-food-delivery-mauritius-store\/#breadcrumb","itemListElement":[{"@type":"ListItem","position":1,"name":"Home","item":"https:\/\/tiketi.com\/"},{"@type":"ListItem","position":2,"name":"Food Delivery in Mauritius from nearby restaurants"}]},{"@type":"WebSite","@id":"https:\/\/tiketi.com\/#website","url":"https:\/\/tiketi.com\/","name":"Billets d&#039;avion et de bus, forfaits touristiques et activit\u00e9s - Tiketi.com","description":"Billets d&#039;avion et de bus, Tours, Activit\u00e9s","publisher":{"@id":"https:\/\/tiketi.com\/#organization"},"potentialAction":[{"@type":"SearchAction","target":{"@type":"EntryPoint","urlTemplate":"https:\/\/tiketi.com\/?s={search_term_string}"},"query-input":{"@type":"PropertyValueSpecification","valueRequired":true,"valueName":"search_term_string"}}],"inLanguage":"fr-FR"},{"@type":"Organization","@id":"https:\/\/tiketi.com\/#organization","name":"Tiketi.com","alternateName":"Tiketi","url":"https:\/\/tiketi.com\/","logo":{"@type":"ImageObject","inLanguage":"fr-FR","@id":"https:\/\/tiketi.com\/#\/schema\/logo\/image\/","url":"https:\/\/tiketi.com\/wp-content\/uploads\/2019\/05\/tiketi-logo-696.png","contentUrl":"https:\/\/tiketi.com\/wp-content\/uploads\/2019\/05\/tiketi-logo-696.png","width":696,"height":696,"caption":"Tiketi.com"},"image":{"@id":"https:\/\/tiketi.com\/#\/schema\/logo\/image\/"},"sameAs":["https:\/\/www.facebook.com\/TiketiCom\/"]}]}},"_links":{"self":[{"href":"https:\/\/tiketi.com\/fr-fr\/wp-json\/wp\/v2\/pages\/11032","targetHints":{"allow":["GET"]}}],"collection":[{"href":"https:\/\/tiketi.com\/fr-fr\/wp-json\/wp\/v2\/pages"}],"about":[{"href":"https:\/\/tiketi.com\/fr-fr\/wp-json\/wp\/v2\/types\/page"}],"author":[{"embeddable":true,"href":"https:\/\/tiketi.com\/fr-fr\/wp-json\/wp\/v2\/users\/1"}],"replies":[{"embeddable":true,"href":"https:\/\/tiketi.com\/fr-fr\/wp-json\/wp\/v2\/comments?post=11032"}],"version-history":[{"count":0,"href":"https:\/\/tiketi.com\/fr-fr\/wp-json\/wp\/v2\/pages\/11032\/revisions"}],"wp:featuredmedia":[{"embeddable":true,"href":"https:\/\/tiketi.com\/fr-fr\/wp-json\/wp\/v2\/media\/19299"}],"wp:attachment":[{"href":"https:\/\/tiketi.com\/fr-fr\/wp-json\/wp\/v2\/media?parent=11032"}],"curies":[{"name":"wp","href":"https:\/\/api.w.org\/{rel}","templated":true}]}}