{"id":11034,"date":"2022-01-19T12:54:08","date_gmt":"2022-01-19T11:54:08","guid":{"rendered":"https:\/\/new.tiketi.com\/food-delivery-zanzibar-from-nearby-restaurants\/"},"modified":"2023-09-13T16:01:09","modified_gmt":"2023-09-13T15:01:09","slug":"online-food-delivery-zanzibar-store","status":"publish","type":"page","link":"https:\/\/tiketi.com\/fr-fr\/online-food-delivery-zanzibar-store\/","title":{"rendered":"Meilleure livraison de nourriture en ligne \u00e0 Zanzibar App - Restaurants \u00e0 proximit\u00e9"},"content":{"rendered":"<h2>Livraison de nourriture pas ch\u00e8re en ligne \u00e0 Zanzibar<\/h2>\n<h3>Utilisez la meilleure application de livraison de nourriture de Zanzibar et commandez de la nourriture \u00e0 Zanzibar aupr\u00e8s d&#039;un service de livraison de nourriture bon march\u00e9 \u00e0 Zanzibar, simple et facile en ligne.<\/h3>\n<p>La livraison de nourriture en ligne \u00e0 Zanzibar simplifi\u00e9e. Il existe deux classes de personnes sur la plan\u00e8te, l\u2019une qui mange pour survivre et l\u2019autre qui mange pour prosp\u00e9rer. Et si vous appartenez \u00e0 la deuxi\u00e8me classe de personnes et au-dessus, si vous \u00eates un \u00e9picurien et que vous vous efforcez de faire plaisir \u00e0 vos papilles gustatives dans une gamme de cuisines gustatives, mais en vain, alors l&#039;application gratuite de livraison de nourriture Zanzibar va prouver votre ultime Sauveur.<\/p>\n<h2>Voici quelques-uns des avantages de la livraison de nourriture en ligne \u00e0 Zanzibar :<\/h2>\n<h3>Livraison de nourriture pratique \u00e0 Zanzibar<\/h3>\n<p>Acceptons gracieusement le fait que commander de la nourriture en ligne en utilisant le service de livraison de nourriture \u00e0 Zanzibar est tr\u00e8s simple, compar\u00e9 \u00e0 d&#039;autres moyens. Selon une \u00e9tude, soixante-neuf pour cent des personnes appr\u00e9cient la nourriture en ligne sur leur smartphone parce qu&#039;elles la trouvent relaxante et amusante. Pour comprendre ce ph\u00e9nom\u00e8ne, prenons une situation : supposons que vous ayez tr\u00e8s faim, coinc\u00e9 dans les embouteillages ou dans une r\u00e9union interminable, ou assez r\u00e9ticent \u00e0 entrer dans la cuisine. Ensuite, passer une commande de nourriture aupr\u00e8s d&#039;une livraison de nourriture en ligne 24 heures sur 24 \u00e0 Zanzibar en quelques clics al\u00e9atoires est la meilleure option.<\/p>\n<h3>Pas de frustration et pas de malentendu<\/h3>\n<p>Souvent, nous sommes confront\u00e9s \u00e0 ces probl\u00e8mes lorsque nous commandons de la nourriture dans des restaurants lors d&#039;appels t\u00e9l\u00e9phoniques indiquant que nous commandons quelque chose qui nous est livr\u00e9 avec un autre article en raison des probl\u00e8mes qui surviendront in\u00e9vitablement en raison du bruit fort dans les restaurants ou \u00e0 la fin. Et il suffit d\u2019une seule erreur pour d\u00e9truire votre humeur et faire votre compromis sur votre commande.<\/p>\n<p>Quoi qu&#039;il en soit, ces probl\u00e8mes ne surviennent pas assez fr\u00e9quemment lors de la mise en ligne d&#039;un service de livraison de nourriture \u00e0 Zanzibar. Il vous suffit de faire d\u00e9filer vos plats gustatifs et de les inclure dans votre panier et d&#039;opter pour le paiement \u00e0 la livraison ou la banque en ligne. En quelques instants, votre nourriture est livr\u00e9e \u00e0 votre porte.<\/p>\n<h3>Service de livraison de nourriture en ligne \u00e0 Zanzibar plusieurs techniques de paiement<\/h3>\n<p>Autrefois, les clients devaient composer le num\u00e9ro d\u2019un restaurant pour se faire livrer des plats \u00e0 domicile. Souvent, le paiement est effectu\u00e9 par paiement \u00e0 la livraison apr\u00e8s r\u00e9ception de la nourriture par le client.<\/p>\n<p>Bien que les paiements contre remboursement soient encore monnaie courante, les clients aimeraient avoir le choix de payer leur nourriture de la mani\u00e8re qui leur convient le mieux. L&#039;application gratuite de livraison de nourriture Zanzibar r\u00e9sout exactement ce probl\u00e8me, car elle offre aux clients plusieurs choix de paiement s\u00fbrs et rapides.<\/p>\n<h2>Application gratuite de livraison de nourriture Zanzibar conclusion<\/h2>\n<p>Le service de livraison de nourriture en ligne \u00e0 Zanzibar propose une gamme de produits alimentaires et d&#039;\u00e9picerie accessibles pour tous les budgets. Quoi qu&#039;il en soit, si vous aimez exposer vos sens \u00e0 des textures et des go\u00fbts frais, optez pour la livraison de nourriture dans un restaurant en ligne \u00e0 Zanzibar plut\u00f4t que pour la commande de nourriture hors ligne.<\/p>","protected":false},"excerpt":{"rendered":"<p>Cheap Online Zanzibar\u00a0Food Delivery Use the best food delivery app Zanzibar and order food in Zanzibar from cheap food delivery service\u00a0in Zanzibar simple and easy online. Online food delivery in Zanzibar made easy. There are two classes people exist around the planet, one who eats to survive and other who eats to thrive. And if [&hellip;]<\/p>\n","protected":false},"author":1,"featured_media":19299,"parent":0,"menu_order":0,"comment_status":"open","ping_status":"closed","template":"template-home-modern.php","meta":{"footnotes":""},"class_list":["post-11034","page","type-page","status-publish","has-post-thumbnail","hentry"],"yoast_head":"<!-- This site is optimized with the Yoast SEO plugin v27.3 - https:\/\/yoast.com\/product\/yoast-seo-wordpress\/ -->\n<title>Best Online Food Delivery in Zanzibar\u00a0App - Nearby Restaurants<\/title>\n<meta name=\"description\" content=\"Looking for best online food delivery in Zanzibar from nearby restaurants. Download our free food delivery app Zanzibar and order food online in Zanzibar\" \/>\n<meta name=\"robots\" content=\"index, follow, max-snippet:-1, max-image-preview:large, max-video-preview:-1\" \/>\n<link rel=\"canonical\" href=\"https:\/\/tiketi.com\/fr-fr\/online-food-delivery-zanzibar-store\/\" \/>\n<meta property=\"og:locale\" content=\"fr_FR\" \/>\n<meta property=\"og:type\" content=\"article\" \/>\n<meta property=\"og:title\" content=\"Best Online Food Delivery in Zanzibar\u00a0App - Nearby Restaurants\" \/>\n<meta property=\"og:description\" content=\"Looking for best online food delivery in Zanzibar from nearby restaurants. Download our free food delivery app Zanzibar and order food online in Zanzibar\" \/>\n<meta property=\"og:url\" content=\"https:\/\/tiketi.com\/fr-fr\/online-food-delivery-zanzibar-store\/\" \/>\n<meta property=\"og:site_name\" content=\"Tiketi.com\" \/>\n<meta property=\"article:publisher\" content=\"https:\/\/www.facebook.com\/TiketiCom\/\" \/>\n<meta property=\"article:modified_time\" content=\"2023-09-13T15:01:09+00:00\" \/>\n<meta property=\"og:image\" content=\"https:\/\/tiketi.com\/wp-content\/uploads\/2022\/02\/delivery-man2-6029429_1280.jpg\" \/>\n\t<meta property=\"og:image:width\" content=\"1200\" \/>\n\t<meta property=\"og:image:height\" content=\"200\" \/>\n\t<meta property=\"og:image:type\" content=\"image\/jpeg\" \/>\n<meta name=\"twitter:card\" content=\"summary_large_image\" \/>\n<meta name=\"twitter:label1\" content=\"Dur\u00e9e de lecture estim\u00e9e\" \/>\n\t<meta name=\"twitter:data1\" content=\"3 minutes\" \/>\n<script type=\"application\/ld+json\" class=\"yoast-schema-graph\">{\"@context\":\"https:\\\/\\\/schema.org\",\"@graph\":[{\"@type\":\"WebPage\",\"@id\":\"https:\\\/\\\/tiketi.com\\\/online-food-delivery-zanzibar-store\\\/\",\"url\":\"https:\\\/\\\/tiketi.com\\\/online-food-delivery-zanzibar-store\\\/\",\"name\":\"Best Online Food Delivery in Zanzibar\u00a0App - Nearby Restaurants\",\"isPartOf\":{\"@id\":\"https:\\\/\\\/tiketi.com\\\/#website\"},\"primaryImageOfPage\":{\"@id\":\"https:\\\/\\\/tiketi.com\\\/online-food-delivery-zanzibar-store\\\/#primaryimage\"},\"image\":{\"@id\":\"https:\\\/\\\/tiketi.com\\\/online-food-delivery-zanzibar-store\\\/#primaryimage\"},\"thumbnailUrl\":\"https:\\\/\\\/tiketi.com\\\/wp-content\\\/uploads\\\/2022\\\/02\\\/delivery-man2-6029429_1280.jpg\",\"datePublished\":\"2022-01-19T11:54:08+00:00\",\"dateModified\":\"2023-09-13T15:01:09+00:00\",\"description\":\"Looking for best online food delivery in Zanzibar from nearby restaurants. Download our free food delivery app Zanzibar and order food online in Zanzibar\",\"breadcrumb\":{\"@id\":\"https:\\\/\\\/tiketi.com\\\/online-food-delivery-zanzibar-store\\\/#breadcrumb\"},\"inLanguage\":\"fr-FR\",\"potentialAction\":[{\"@type\":\"ReadAction\",\"target\":[\"https:\\\/\\\/tiketi.com\\\/online-food-delivery-zanzibar-store\\\/\"]}]},{\"@type\":\"ImageObject\",\"inLanguage\":\"fr-FR\",\"@id\":\"https:\\\/\\\/tiketi.com\\\/online-food-delivery-zanzibar-store\\\/#primaryimage\",\"url\":\"https:\\\/\\\/tiketi.com\\\/wp-content\\\/uploads\\\/2022\\\/02\\\/delivery-man2-6029429_1280.jpg\",\"contentUrl\":\"https:\\\/\\\/tiketi.com\\\/wp-content\\\/uploads\\\/2022\\\/02\\\/delivery-man2-6029429_1280.jpg\",\"width\":1200,\"height\":200},{\"@type\":\"BreadcrumbList\",\"@id\":\"https:\\\/\\\/tiketi.com\\\/online-food-delivery-zanzibar-store\\\/#breadcrumb\",\"itemListElement\":[{\"@type\":\"ListItem\",\"position\":1,\"name\":\"Home\",\"item\":\"https:\\\/\\\/tiketi.com\\\/\"},{\"@type\":\"ListItem\",\"position\":2,\"name\":\"Best Online Food Delivery in Zanzibar\u00a0App -Nearby Restaurants\"}]},{\"@type\":\"WebSite\",\"@id\":\"https:\\\/\\\/tiketi.com\\\/#website\",\"url\":\"https:\\\/\\\/tiketi.com\\\/\",\"name\":\"Flight & Bus Tickets, Tour Packages & Activitites - Tiketi.com\",\"description\":\"Flight &amp; Bus Tickets, Tours, Activitites\",\"publisher\":{\"@id\":\"https:\\\/\\\/tiketi.com\\\/#organization\"},\"potentialAction\":[{\"@type\":\"SearchAction\",\"target\":{\"@type\":\"EntryPoint\",\"urlTemplate\":\"https:\\\/\\\/tiketi.com\\\/?s={search_term_string}\"},\"query-input\":{\"@type\":\"PropertyValueSpecification\",\"valueRequired\":true,\"valueName\":\"search_term_string\"}}],\"inLanguage\":\"fr-FR\"},{\"@type\":\"Organization\",\"@id\":\"https:\\\/\\\/tiketi.com\\\/#organization\",\"name\":\"Tiketi.com\",\"alternateName\":\"Tiketi\",\"url\":\"https:\\\/\\\/tiketi.com\\\/\",\"logo\":{\"@type\":\"ImageObject\",\"inLanguage\":\"fr-FR\",\"@id\":\"https:\\\/\\\/tiketi.com\\\/#\\\/schema\\\/logo\\\/image\\\/\",\"url\":\"https:\\\/\\\/tiketi.com\\\/wp-content\\\/uploads\\\/2019\\\/05\\\/tiketi-logo-696.png\",\"contentUrl\":\"https:\\\/\\\/tiketi.com\\\/wp-content\\\/uploads\\\/2019\\\/05\\\/tiketi-logo-696.png\",\"width\":696,\"height\":696,\"caption\":\"Tiketi.com\"},\"image\":{\"@id\":\"https:\\\/\\\/tiketi.com\\\/#\\\/schema\\\/logo\\\/image\\\/\"},\"sameAs\":[\"https:\\\/\\\/www.facebook.com\\\/TiketiCom\\\/\"]}]}<\/script>\n<!-- \/ Yoast SEO plugin. -->","yoast_head_json":{"title":"Meilleure livraison de repas en ligne \u00e0 Zanzibar App - Restaurants \u00e0 proximit\u00e9","description":"Vous recherchez la meilleure livraison de nourriture en ligne \u00e0 Zanzibar \u00e0 partir de restaurants \u00e0 proximit\u00e9. T\u00e9l\u00e9chargez notre application gratuite de livraison de nourriture Zanzibar et commandez de la nourriture en ligne \u00e0 Zanzibar","robots":{"index":"index","follow":"follow","max-snippet":"max-snippet:-1","max-image-preview":"max-image-preview:large","max-video-preview":"max-video-preview:-1"},"canonical":"https:\/\/tiketi.com\/fr-fr\/online-food-delivery-zanzibar-store\/","og_locale":"fr_FR","og_type":"article","og_title":"Best Online Food Delivery in Zanzibar\u00a0App - Nearby Restaurants","og_description":"Looking for best online food delivery in Zanzibar from nearby restaurants. Download our free food delivery app Zanzibar and order food online in Zanzibar","og_url":"https:\/\/tiketi.com\/fr-fr\/online-food-delivery-zanzibar-store\/","og_site_name":"Tiketi.com","article_publisher":"https:\/\/www.facebook.com\/TiketiCom\/","article_modified_time":"2023-09-13T15:01:09+00:00","og_image":[{"width":1200,"height":200,"url":"https:\/\/tiketi.com\/wp-content\/uploads\/2022\/02\/delivery-man2-6029429_1280.jpg","type":"image\/jpeg"}],"twitter_card":"summary_large_image","twitter_misc":{"Dur\u00e9e de lecture estim\u00e9e":"3 minutes"},"schema":{"@context":"https:\/\/schema.org","@graph":[{"@type":"WebPage","@id":"https:\/\/tiketi.com\/online-food-delivery-zanzibar-store\/","url":"https:\/\/tiketi.com\/online-food-delivery-zanzibar-store\/","name":"Meilleure livraison de repas en ligne \u00e0 Zanzibar App - Restaurants \u00e0 proximit\u00e9","isPartOf":{"@id":"https:\/\/tiketi.com\/#website"},"primaryImageOfPage":{"@id":"https:\/\/tiketi.com\/online-food-delivery-zanzibar-store\/#primaryimage"},"image":{"@id":"https:\/\/tiketi.com\/online-food-delivery-zanzibar-store\/#primaryimage"},"thumbnailUrl":"https:\/\/tiketi.com\/wp-content\/uploads\/2022\/02\/delivery-man2-6029429_1280.jpg","datePublished":"2022-01-19T11:54:08+00:00","dateModified":"2023-09-13T15:01:09+00:00","description":"Vous recherchez la meilleure livraison de nourriture en ligne \u00e0 Zanzibar \u00e0 partir de restaurants \u00e0 proximit\u00e9. T\u00e9l\u00e9chargez notre application gratuite de livraison de nourriture Zanzibar et commandez de la nourriture en ligne \u00e0 Zanzibar","breadcrumb":{"@id":"https:\/\/tiketi.com\/online-food-delivery-zanzibar-store\/#breadcrumb"},"inLanguage":"fr-FR","potentialAction":[{"@type":"ReadAction","target":["https:\/\/tiketi.com\/online-food-delivery-zanzibar-store\/"]}]},{"@type":"ImageObject","inLanguage":"fr-FR","@id":"https:\/\/tiketi.com\/online-food-delivery-zanzibar-store\/#primaryimage","url":"https:\/\/tiketi.com\/wp-content\/uploads\/2022\/02\/delivery-man2-6029429_1280.jpg","contentUrl":"https:\/\/tiketi.com\/wp-content\/uploads\/2022\/02\/delivery-man2-6029429_1280.jpg","width":1200,"height":200},{"@type":"BreadcrumbList","@id":"https:\/\/tiketi.com\/online-food-delivery-zanzibar-store\/#breadcrumb","itemListElement":[{"@type":"ListItem","position":1,"name":"Home","item":"https:\/\/tiketi.com\/"},{"@type":"ListItem","position":2,"name":"Best Online Food Delivery in Zanzibar\u00a0App -Nearby Restaurants"}]},{"@type":"WebSite","@id":"https:\/\/tiketi.com\/#website","url":"https:\/\/tiketi.com\/","name":"Billets d&#039;avion et de bus, forfaits touristiques et activit\u00e9s - Tiketi.com","description":"Billets d&#039;avion et de bus, Tours, Activit\u00e9s","publisher":{"@id":"https:\/\/tiketi.com\/#organization"},"potentialAction":[{"@type":"SearchAction","target":{"@type":"EntryPoint","urlTemplate":"https:\/\/tiketi.com\/?s={search_term_string}"},"query-input":{"@type":"PropertyValueSpecification","valueRequired":true,"valueName":"search_term_string"}}],"inLanguage":"fr-FR"},{"@type":"Organization","@id":"https:\/\/tiketi.com\/#organization","name":"Tiketi.com","alternateName":"Tiketi","url":"https:\/\/tiketi.com\/","logo":{"@type":"ImageObject","inLanguage":"fr-FR","@id":"https:\/\/tiketi.com\/#\/schema\/logo\/image\/","url":"https:\/\/tiketi.com\/wp-content\/uploads\/2019\/05\/tiketi-logo-696.png","contentUrl":"https:\/\/tiketi.com\/wp-content\/uploads\/2019\/05\/tiketi-logo-696.png","width":696,"height":696,"caption":"Tiketi.com"},"image":{"@id":"https:\/\/tiketi.com\/#\/schema\/logo\/image\/"},"sameAs":["https:\/\/www.facebook.com\/TiketiCom\/"]}]}},"_links":{"self":[{"href":"https:\/\/tiketi.com\/fr-fr\/wp-json\/wp\/v2\/pages\/11034","targetHints":{"allow":["GET"]}}],"collection":[{"href":"https:\/\/tiketi.com\/fr-fr\/wp-json\/wp\/v2\/pages"}],"about":[{"href":"https:\/\/tiketi.com\/fr-fr\/wp-json\/wp\/v2\/types\/page"}],"author":[{"embeddable":true,"href":"https:\/\/tiketi.com\/fr-fr\/wp-json\/wp\/v2\/users\/1"}],"replies":[{"embeddable":true,"href":"https:\/\/tiketi.com\/fr-fr\/wp-json\/wp\/v2\/comments?post=11034"}],"version-history":[{"count":0,"href":"https:\/\/tiketi.com\/fr-fr\/wp-json\/wp\/v2\/pages\/11034\/revisions"}],"wp:featuredmedia":[{"embeddable":true,"href":"https:\/\/tiketi.com\/fr-fr\/wp-json\/wp\/v2\/media\/19299"}],"wp:attachment":[{"href":"https:\/\/tiketi.com\/fr-fr\/wp-json\/wp\/v2\/media?parent=11034"}],"curies":[{"name":"wp","href":"https:\/\/api.w.org\/{rel}","templated":true}]}}