{"id":11035,"date":"2022-01-19T12:54:08","date_gmt":"2022-01-19T11:54:08","guid":{"rendered":"https:\/\/new.tiketi.com\/gift-delivery-in-nairobi-kenya\/"},"modified":"2022-02-13T21:57:10","modified_gmt":"2022-02-13T20:57:10","slug":"online-gift-delivery-nairobi","status":"publish","type":"page","link":"https:\/\/tiketi.com\/fr-fr\/online-gift-delivery-nairobi\/","title":{"rendered":"Livraison de cadeaux \u00e0 Nairobi Kenya"},"content":{"rendered":"<h2>Boutique de cadeaux en ligne \u00e0 Nairobi, Kenya<\/h2>\n<h3>T\u00e9l\u00e9chargez notre application de livraison de cadeaux \u00e0 Dar es Salaam et faites des achats de cadeaux en ligne bon march\u00e9 \u00e0 Nairobi, simples et faciles, et \u00e9conomisez du temps et de l&#039;argent.<\/h3>\n<p>La livraison de cadeaux \u00e0 Nairobi au Kenya simplifi\u00e9e. Offrir est sans aucun doute une joie remarquable. C\u2019est la raison pour laquelle le rituel des cadeaux fait partie de chaque occasion et c\u00e9l\u00e9bration. On peut dire que les cadeaux sont une excuse pour ajouter plus de plaisir et de sensations fortes \u00e0 toute c\u00e9l\u00e9bration ou occasion. Aussi, offrir est consid\u00e9r\u00e9 comme le meilleur moyen de transmettre de l\u2019amour et de l\u2019affection \u00e0 ses proches. Quoi qu&#039;il en soit, acheter une boutique de cadeaux en ligne \u00e0 Nairobi est un sujet de confusion pour beaucoup.<\/p>\n<h2>Il existe de nombreux avantages de la livraison de cadeaux en ligne \u00e0 Nairobi au Kenya, tels que\u00a0:<\/h2>\n<h2>Boutique de cadeaux en ligne \u00e0 Nairobi, c&#039;est rapide et pratique<\/h2>\n<p>Pour ceux qui ont un style de vie tr\u00e9pidant et occup\u00e9, consacrer plus de temps \u00e0 acheter des cadeaux est une chose assez probl\u00e9matique. Boutiques de cadeaux en ligne Les portails du Kenya avec un nombre suffisant de s\u00e9lections de cadeaux \u00e0 choisir constituent un moyen id\u00e9al d&#039;acheter des cadeaux en ligne dans le confort de la maison en quelques minutes. Apr\u00e8s tout, il n&#039;est pas n\u00e9cessaire d&#039;aller dans un endroit pratique et de gagner beaucoup de temps.<\/p>\n<h3>Il propose des cadeaux avec des offres et des r\u00e9ductions<\/h3>\n<p>Les portails de la boutique de cadeaux en ligne \u00e0 Nairobi au Kenya proposent de temps en temps de nombreuses remises et offres exclusives et importantes. D\u2019un autre c\u00f4t\u00e9, les boutiques de cadeaux locales n\u2019offrent pas beaucoup d\u2019offres et de r\u00e9ductions \u00e0 leurs clients. Pendant les f\u00eates, les cadeaux dans les magasins de cadeaux en ligne sont accessibles \u00e0 des prix tr\u00e8s incroyables parmi lesquels faire votre choix. En fait, les portails de cadeaux en ligne proposent de nombreux paniers cadeaux sucr\u00e9s \u00e0 des prix lucratifs qui sont accessibles \u00e0 des prix \u00e9lev\u00e9s dans les boutiques de cadeaux locales.<\/p>\n<h3>Pour toutes les occasions<\/h3>\n<p>Qu&#039;il s&#039;agisse d&#039;un cadeau d&#039;anniversaire pour quelqu&#039;un \u00e0 Nairobi, d&#039;un mariage, d&#039;une remise de dipl\u00f4me, d&#039;un anniversaire ou peut-\u00eatre que quelqu&#039;un ait re\u00e7u une promotion au travail, vous pouvez facilement obtenir des cadeaux pour toutes les occasions en ligne. La majorit\u00e9 des sites classent g\u00e9n\u00e9ralement leurs cadeaux selon diff\u00e9rents \u00e9v\u00e9nements, ce qui permet aux acheteurs de parcourir facilement les choix.<\/p>\n<h3>Il propose des options de cadeaux sp\u00e9ciales<\/h3>\n<p>Les meilleures boutiques de cadeaux de Nairobi offrent une grande vari\u00e9t\u00e9 sp\u00e9ciale et remarquable de cadeaux \u00e0 acheter. Il est tr\u00e8s difficile de trouver un endroit qui propose des cadeaux uniques et remarquables, alors que les sites de cadeaux en ligne doivent offrir les meilleurs choix de cadeaux attrayants \u00e0 acheter et \u00e0 choisir en ligne.<\/p>\n<h3>Il propose la livraison de paniers-cadeaux en ligne Nairobi Kenya<\/h3>\n<p>L&#039;un des gros avantages d&#039;acheter des cadeaux en ligne est la livraison de cadeaux en ligne \u00e0 Nairobi. D\u00e9sormais, il n&#039;est plus n\u00e9cessaire d&#039;offrir un cadeau tardif \u00e0 une personne qui vous est ch\u00e8re. Au lieu de cela, vous pouvez acheter et envoyer des cadeaux \u00e0 Nairobi \u00e0 un \u00eatre cher avec beaucoup de confort et de facilit\u00e9.<\/p>","protected":false},"excerpt":{"rendered":"<p>Online Gift Shop in Nairobi, Kenya Download our gift delivery app in Dar es Salaam and do cheap online Gift shopping in Nairobi simple and easy and save time and money. Gift delivery in Nairobi Kenya made easy. Gifting is undoubtedly a remarkable joy. This is the reason that gifting ritual is a part of [&hellip;]<\/p>\n","protected":false},"author":1,"featured_media":19411,"parent":0,"menu_order":0,"comment_status":"open","ping_status":"closed","template":"template-home-modern.php","meta":{"footnotes":""},"class_list":["post-11035","page","type-page","status-publish","has-post-thumbnail","hentry"],"yoast_head":"<!-- This site is optimized with the Yoast SEO plugin v27.3 - https:\/\/yoast.com\/product\/yoast-seo-wordpress\/ -->\n<title>Gift Delivery in Nairobi Kenya<\/title>\n<meta name=\"description\" content=\"Looking for online gift delivery in Nairobi Kenya app? Use cheap online gift shop in Nairobi deliveries service and save time and money\" \/>\n<meta name=\"robots\" content=\"index, follow, max-snippet:-1, max-image-preview:large, max-video-preview:-1\" \/>\n<link rel=\"canonical\" href=\"https:\/\/tiketi.com\/fr-fr\/online-gift-delivery-nairobi\/\" \/>\n<meta property=\"og:locale\" content=\"fr_FR\" \/>\n<meta property=\"og:type\" content=\"article\" \/>\n<meta property=\"og:title\" content=\"Gift Delivery in Nairobi Kenya\" \/>\n<meta property=\"og:description\" content=\"Looking for online gift delivery in Nairobi Kenya app? Use cheap online gift shop in Nairobi deliveries service and save time and money\" \/>\n<meta property=\"og:url\" content=\"https:\/\/tiketi.com\/fr-fr\/online-gift-delivery-nairobi\/\" \/>\n<meta property=\"og:site_name\" content=\"Tiketi.com\" \/>\n<meta property=\"article:publisher\" content=\"https:\/\/www.facebook.com\/TiketiCom\/\" \/>\n<meta property=\"article:modified_time\" content=\"2022-02-13T20:57:10+00:00\" \/>\n<meta property=\"og:image\" content=\"https:\/\/tiketi.com\/wp-content\/uploads\/2022\/02\/online-shopping-4538982_128.jpg\" \/>\n\t<meta property=\"og:image:width\" content=\"1200\" \/>\n\t<meta property=\"og:image:height\" content=\"200\" \/>\n\t<meta property=\"og:image:type\" content=\"image\/jpeg\" \/>\n<meta name=\"twitter:card\" content=\"summary_large_image\" \/>\n<meta name=\"twitter:label1\" content=\"Dur\u00e9e de lecture estim\u00e9e\" \/>\n\t<meta name=\"twitter:data1\" content=\"2 minutes\" \/>\n<script type=\"application\/ld+json\" class=\"yoast-schema-graph\">{\"@context\":\"https:\\\/\\\/schema.org\",\"@graph\":[{\"@type\":\"WebPage\",\"@id\":\"https:\\\/\\\/tiketi.com\\\/online-gift-delivery-nairobi\\\/\",\"url\":\"https:\\\/\\\/tiketi.com\\\/online-gift-delivery-nairobi\\\/\",\"name\":\"Gift Delivery in Nairobi Kenya\",\"isPartOf\":{\"@id\":\"https:\\\/\\\/tiketi.com\\\/#website\"},\"primaryImageOfPage\":{\"@id\":\"https:\\\/\\\/tiketi.com\\\/online-gift-delivery-nairobi\\\/#primaryimage\"},\"image\":{\"@id\":\"https:\\\/\\\/tiketi.com\\\/online-gift-delivery-nairobi\\\/#primaryimage\"},\"thumbnailUrl\":\"https:\\\/\\\/tiketi.com\\\/wp-content\\\/uploads\\\/2022\\\/02\\\/online-shopping-4538982_128.jpg\",\"datePublished\":\"2022-01-19T11:54:08+00:00\",\"dateModified\":\"2022-02-13T20:57:10+00:00\",\"description\":\"Looking for online gift delivery in Nairobi Kenya app? Use cheap online gift shop in Nairobi deliveries service and save time and money\",\"breadcrumb\":{\"@id\":\"https:\\\/\\\/tiketi.com\\\/online-gift-delivery-nairobi\\\/#breadcrumb\"},\"inLanguage\":\"fr-FR\",\"potentialAction\":[{\"@type\":\"ReadAction\",\"target\":[\"https:\\\/\\\/tiketi.com\\\/online-gift-delivery-nairobi\\\/\"]}]},{\"@type\":\"ImageObject\",\"inLanguage\":\"fr-FR\",\"@id\":\"https:\\\/\\\/tiketi.com\\\/online-gift-delivery-nairobi\\\/#primaryimage\",\"url\":\"https:\\\/\\\/tiketi.com\\\/wp-content\\\/uploads\\\/2022\\\/02\\\/online-shopping-4538982_128.jpg\",\"contentUrl\":\"https:\\\/\\\/tiketi.com\\\/wp-content\\\/uploads\\\/2022\\\/02\\\/online-shopping-4538982_128.jpg\",\"width\":1200,\"height\":200,\"caption\":\"Online Shopping Gift Delivery\"},{\"@type\":\"BreadcrumbList\",\"@id\":\"https:\\\/\\\/tiketi.com\\\/online-gift-delivery-nairobi\\\/#breadcrumb\",\"itemListElement\":[{\"@type\":\"ListItem\",\"position\":1,\"name\":\"Home\",\"item\":\"https:\\\/\\\/tiketi.com\\\/\"},{\"@type\":\"ListItem\",\"position\":2,\"name\":\"Gift Delivery in Nairobi Kenya\"}]},{\"@type\":\"WebSite\",\"@id\":\"https:\\\/\\\/tiketi.com\\\/#website\",\"url\":\"https:\\\/\\\/tiketi.com\\\/\",\"name\":\"Flight & Bus Tickets, Tour Packages & Activitites - Tiketi.com\",\"description\":\"Flight &amp; Bus Tickets, Tours, Activitites\",\"publisher\":{\"@id\":\"https:\\\/\\\/tiketi.com\\\/#organization\"},\"potentialAction\":[{\"@type\":\"SearchAction\",\"target\":{\"@type\":\"EntryPoint\",\"urlTemplate\":\"https:\\\/\\\/tiketi.com\\\/?s={search_term_string}\"},\"query-input\":{\"@type\":\"PropertyValueSpecification\",\"valueRequired\":true,\"valueName\":\"search_term_string\"}}],\"inLanguage\":\"fr-FR\"},{\"@type\":\"Organization\",\"@id\":\"https:\\\/\\\/tiketi.com\\\/#organization\",\"name\":\"Tiketi.com\",\"alternateName\":\"Tiketi\",\"url\":\"https:\\\/\\\/tiketi.com\\\/\",\"logo\":{\"@type\":\"ImageObject\",\"inLanguage\":\"fr-FR\",\"@id\":\"https:\\\/\\\/tiketi.com\\\/#\\\/schema\\\/logo\\\/image\\\/\",\"url\":\"https:\\\/\\\/tiketi.com\\\/wp-content\\\/uploads\\\/2019\\\/05\\\/tiketi-logo-696.png\",\"contentUrl\":\"https:\\\/\\\/tiketi.com\\\/wp-content\\\/uploads\\\/2019\\\/05\\\/tiketi-logo-696.png\",\"width\":696,\"height\":696,\"caption\":\"Tiketi.com\"},\"image\":{\"@id\":\"https:\\\/\\\/tiketi.com\\\/#\\\/schema\\\/logo\\\/image\\\/\"},\"sameAs\":[\"https:\\\/\\\/www.facebook.com\\\/TiketiCom\\\/\"]}]}<\/script>\n<!-- \/ Yoast SEO plugin. -->","yoast_head_json":{"title":"Livraison de cadeaux \u00e0 Nairobi Kenya","description":"Vous recherchez une application de livraison de cadeaux en ligne \u00e0 Nairobi Kenya\u00a0? Utilisez la boutique de cadeaux en ligne bon march\u00e9 au service de livraison de Nairobi et \u00e9conomisez du temps et de l&#039;argent","robots":{"index":"index","follow":"follow","max-snippet":"max-snippet:-1","max-image-preview":"max-image-preview:large","max-video-preview":"max-video-preview:-1"},"canonical":"https:\/\/tiketi.com\/fr-fr\/online-gift-delivery-nairobi\/","og_locale":"fr_FR","og_type":"article","og_title":"Gift Delivery in Nairobi Kenya","og_description":"Looking for online gift delivery in Nairobi Kenya app? Use cheap online gift shop in Nairobi deliveries service and save time and money","og_url":"https:\/\/tiketi.com\/fr-fr\/online-gift-delivery-nairobi\/","og_site_name":"Tiketi.com","article_publisher":"https:\/\/www.facebook.com\/TiketiCom\/","article_modified_time":"2022-02-13T20:57:10+00:00","og_image":[{"width":1200,"height":200,"url":"https:\/\/tiketi.com\/wp-content\/uploads\/2022\/02\/online-shopping-4538982_128.jpg","type":"image\/jpeg"}],"twitter_card":"summary_large_image","twitter_misc":{"Dur\u00e9e de lecture estim\u00e9e":"2 minutes"},"schema":{"@context":"https:\/\/schema.org","@graph":[{"@type":"WebPage","@id":"https:\/\/tiketi.com\/online-gift-delivery-nairobi\/","url":"https:\/\/tiketi.com\/online-gift-delivery-nairobi\/","name":"Livraison de cadeaux \u00e0 Nairobi Kenya","isPartOf":{"@id":"https:\/\/tiketi.com\/#website"},"primaryImageOfPage":{"@id":"https:\/\/tiketi.com\/online-gift-delivery-nairobi\/#primaryimage"},"image":{"@id":"https:\/\/tiketi.com\/online-gift-delivery-nairobi\/#primaryimage"},"thumbnailUrl":"https:\/\/tiketi.com\/wp-content\/uploads\/2022\/02\/online-shopping-4538982_128.jpg","datePublished":"2022-01-19T11:54:08+00:00","dateModified":"2022-02-13T20:57:10+00:00","description":"Vous recherchez une application de livraison de cadeaux en ligne \u00e0 Nairobi Kenya\u00a0? Utilisez la boutique de cadeaux en ligne bon march\u00e9 au service de livraison de Nairobi et \u00e9conomisez du temps et de l&#039;argent","breadcrumb":{"@id":"https:\/\/tiketi.com\/online-gift-delivery-nairobi\/#breadcrumb"},"inLanguage":"fr-FR","potentialAction":[{"@type":"ReadAction","target":["https:\/\/tiketi.com\/online-gift-delivery-nairobi\/"]}]},{"@type":"ImageObject","inLanguage":"fr-FR","@id":"https:\/\/tiketi.com\/online-gift-delivery-nairobi\/#primaryimage","url":"https:\/\/tiketi.com\/wp-content\/uploads\/2022\/02\/online-shopping-4538982_128.jpg","contentUrl":"https:\/\/tiketi.com\/wp-content\/uploads\/2022\/02\/online-shopping-4538982_128.jpg","width":1200,"height":200,"caption":"Online Shopping Gift Delivery"},{"@type":"BreadcrumbList","@id":"https:\/\/tiketi.com\/online-gift-delivery-nairobi\/#breadcrumb","itemListElement":[{"@type":"ListItem","position":1,"name":"Home","item":"https:\/\/tiketi.com\/"},{"@type":"ListItem","position":2,"name":"Gift Delivery in Nairobi Kenya"}]},{"@type":"WebSite","@id":"https:\/\/tiketi.com\/#website","url":"https:\/\/tiketi.com\/","name":"Billets d&#039;avion et de bus, forfaits touristiques et activit\u00e9s - Tiketi.com","description":"Billets d&#039;avion et de bus, Tours, Activit\u00e9s","publisher":{"@id":"https:\/\/tiketi.com\/#organization"},"potentialAction":[{"@type":"SearchAction","target":{"@type":"EntryPoint","urlTemplate":"https:\/\/tiketi.com\/?s={search_term_string}"},"query-input":{"@type":"PropertyValueSpecification","valueRequired":true,"valueName":"search_term_string"}}],"inLanguage":"fr-FR"},{"@type":"Organization","@id":"https:\/\/tiketi.com\/#organization","name":"Tiketi.com","alternateName":"Tiketi","url":"https:\/\/tiketi.com\/","logo":{"@type":"ImageObject","inLanguage":"fr-FR","@id":"https:\/\/tiketi.com\/#\/schema\/logo\/image\/","url":"https:\/\/tiketi.com\/wp-content\/uploads\/2019\/05\/tiketi-logo-696.png","contentUrl":"https:\/\/tiketi.com\/wp-content\/uploads\/2019\/05\/tiketi-logo-696.png","width":696,"height":696,"caption":"Tiketi.com"},"image":{"@id":"https:\/\/tiketi.com\/#\/schema\/logo\/image\/"},"sameAs":["https:\/\/www.facebook.com\/TiketiCom\/"]}]}},"_links":{"self":[{"href":"https:\/\/tiketi.com\/fr-fr\/wp-json\/wp\/v2\/pages\/11035","targetHints":{"allow":["GET"]}}],"collection":[{"href":"https:\/\/tiketi.com\/fr-fr\/wp-json\/wp\/v2\/pages"}],"about":[{"href":"https:\/\/tiketi.com\/fr-fr\/wp-json\/wp\/v2\/types\/page"}],"author":[{"embeddable":true,"href":"https:\/\/tiketi.com\/fr-fr\/wp-json\/wp\/v2\/users\/1"}],"replies":[{"embeddable":true,"href":"https:\/\/tiketi.com\/fr-fr\/wp-json\/wp\/v2\/comments?post=11035"}],"version-history":[{"count":0,"href":"https:\/\/tiketi.com\/fr-fr\/wp-json\/wp\/v2\/pages\/11035\/revisions"}],"wp:featuredmedia":[{"embeddable":true,"href":"https:\/\/tiketi.com\/fr-fr\/wp-json\/wp\/v2\/media\/19411"}],"wp:attachment":[{"href":"https:\/\/tiketi.com\/fr-fr\/wp-json\/wp\/v2\/media?parent=11035"}],"curies":[{"name":"wp","href":"https:\/\/api.w.org\/{rel}","templated":true}]}}