{"id":11036,"date":"2022-01-19T12:54:08","date_gmt":"2022-01-19T11:54:08","guid":{"rendered":"https:\/\/new.tiketi.com\/gift-delivery-in-kigali-rwanda\/"},"modified":"2022-02-13T21:50:09","modified_gmt":"2022-02-13T20:50:09","slug":"online-gift-delivery-kigali","status":"publish","type":"page","link":"https:\/\/tiketi.com\/fr-fr\/online-gift-delivery-kigali\/","title":{"rendered":"Livraison de cadeaux \u00e0 Kigali Rwanda"},"content":{"rendered":"<h2>Boutique de cadeaux en ligne \u00e0 Kigali Rwanda<\/h2>\n<h3>T\u00e9l\u00e9chargez notre application de livraison de cadeaux \u00e0 Kigali Rwanda et faites des achats de cadeaux bon march\u00e9 \u00e0 Kigali Rwanda simples et faciles et \u00e9conomisez du temps et de l&#039;argent.<\/h3>\n<p>La livraison de cadeaux \u00e0 Kigali Rwanda en toute simplicit\u00e9. Quelle que soit l&#039;occasion, les gens adorent recevoir des cadeaux. Quoi qu&#039;il en soit, le processus consistant \u00e0 proposer un choix de cadeau artistique puis \u00e0 l&#039;acheter peut \u00eatre assez \u00e9puisant. Cela est principalement vrai si vous avez peut-\u00eatre oubli\u00e9 la journ\u00e9e sp\u00e9ciale de la personne ou si vous avez attendu la derni\u00e8re minute pour obtenir quelque chose.<\/p>\n<p>Dans de telles conditions, une boutique de cadeaux en ligne \u00e0 Kigali s&#039;av\u00e8re \u00eatre la solution parfaite. Le monde devenant de plus en plus num\u00e9rique, vous pouvez acheter tout et n&#039;importe quoi sur le monde en ligne. Vous pouvez facilement acheter des fleurs, des g\u00e2teaux, des chocolats, des paniers-cadeaux et d&#039;autres choix de cadeaux similaires.<\/p>\n<p>Les avantages de choisir la livraison de cadeaux en ligne \u00e0 Kigali sont nombreux et mentionn\u00e9s ci-dessous en sont quelques-uns.<\/p>\n<h2>Livraison de cadeaux \u00e0 Kigali Rwanda Avantages<\/h2>\n<h3>Accessibilit\u00e9<\/h3>\n<p>En ce qui concerne les services de boutique de cadeaux en ligne \u00e0 Kigali, l&#039;accessibilit\u00e9 en fait un choix c\u00e9l\u00e8bre. Avec toutes les options d&#039;achat possibles accessibles en ligne, vous serez en mesure de mettre la main sur des articles sp\u00e9ciaux et cr\u00e9atifs qui seront appr\u00e9ci\u00e9s.<\/p>\n<p>Si vous ne trouvez pas quelque chose que vous aimez, vous pourrez le trouver sur un autre site.<\/p>\n<h3>Livraison rapide<\/h3>\n<p>En choisissant le meilleur service de livraison de paniers-cadeaux \u00e0 Kigali, vous pourrez passer votre commande facilement et l&#039;obtenir rapidement \u00e9galement. Cela est vraiment pratique dans des conditions o\u00f9 vous avez peut-\u00eatre oubli\u00e9 l&#039;anniversaire ou l&#039;anniversaire de quelqu&#039;un.<\/p>\n<p>Offrir le cadeau d&#039;un magasin, l&#039;emballer le tout, puis l&#039;envoyer par courrier peut \u00eatre assez fastidieux. Choisir d&#039;acheter des cadeaux en ligne semble plut\u00f4t \u00eatre la meilleure solution. De nos jours, plusieurs sites de Kigali proposent une option d&#039;exp\u00e9dition le lendemain ou en deux jours.<\/p>\n<h3>Personnalisation<\/h3>\n<p>Les cadeaux de nos jours peuvent \u00eatre personnalis\u00e9s et vous pouvez mettre la main sur des articles sp\u00e9ciaux qui seront appr\u00e9ci\u00e9s et aim\u00e9s. Des paniers-cadeaux sucr\u00e9s aux tasses et t-shirts imprim\u00e9s, des arrangements assez floraux au g\u00e2teau d\u00e9licieux avec le visage de la personne imprim\u00e9 dessus, les choix sont illimit\u00e9s.<\/p>\n<p>De nombreuses boutiques de cadeaux au Rwanda proposent des chocolats sur mesure o\u00f9 vous pouvez choisir les saveurs, les motifs et plus encore. Lorsque vous personnalisez les cadeaux, les chances qu&#039;ils soient r\u00e9ellement appr\u00e9ci\u00e9s par le destinataire augmentent plut\u00f4t que l&#039;habitude habituelle de les transmettre \u00e0 d&#039;autres.<\/p>\n<h3>Boutique de cadeaux en ligne \u00e0 Kigali<\/h3>\n<p>Opter pour des services de livraison de g\u00e2teaux en ligne est beaucoup plus pratique que les techniques traditionnelles d&#039;achat. Au lieu d&#039;avoir \u00e0 vous pr\u00e9cipiter dans les magasins \u00e0 la recherche de quelque chose, vous pouvez vous asseoir et acheter des cadeaux dans la d\u00e9tente de votre maison.<\/p>","protected":false},"excerpt":{"rendered":"<p>Online Gift Shop in Kigali Rwanda Download our gift delivery app in Kigali Rwanda and do cheap Gift shopping in Kigali Rwanda simple and easy and save time and money. Gift delivery in\u00a0Kigali Rwanda made easy. Regardless of what the occasion might be, people love getting gifts. Anyway, the process of coming up with a [&hellip;]<\/p>\n","protected":false},"author":1,"featured_media":19411,"parent":0,"menu_order":0,"comment_status":"open","ping_status":"closed","template":"template-home-modern.php","meta":{"footnotes":""},"class_list":["post-11036","page","type-page","status-publish","has-post-thumbnail","hentry"],"yoast_head":"<!-- This site is optimized with the Yoast SEO plugin v27.3 - https:\/\/yoast.com\/product\/yoast-seo-wordpress\/ -->\n<title>Gift Delivery in Kigali Rwanda<\/title>\n<meta name=\"description\" content=\"Looking for online gift delivery in Kigali Rwanda app? Use cheap online gift deliveries Kigali Rwanda service and save time and money\" \/>\n<meta name=\"robots\" content=\"index, follow, max-snippet:-1, max-image-preview:large, max-video-preview:-1\" \/>\n<link rel=\"canonical\" href=\"https:\/\/tiketi.com\/fr-fr\/online-gift-delivery-kigali\/\" \/>\n<meta property=\"og:locale\" content=\"fr_FR\" \/>\n<meta property=\"og:type\" content=\"article\" \/>\n<meta property=\"og:title\" content=\"Gift Delivery in Kigali Rwanda\" \/>\n<meta property=\"og:description\" content=\"Looking for online gift delivery in Kigali Rwanda app? Use cheap online gift deliveries Kigali Rwanda service and save time and money\" \/>\n<meta property=\"og:url\" content=\"https:\/\/tiketi.com\/fr-fr\/online-gift-delivery-kigali\/\" \/>\n<meta property=\"og:site_name\" content=\"Tiketi.com\" \/>\n<meta property=\"article:publisher\" content=\"https:\/\/www.facebook.com\/TiketiCom\/\" \/>\n<meta property=\"article:modified_time\" content=\"2022-02-13T20:50:09+00:00\" \/>\n<meta property=\"og:image\" content=\"https:\/\/tiketi.com\/wp-content\/uploads\/2022\/02\/online-shopping-4538982_128.jpg\" \/>\n\t<meta property=\"og:image:width\" content=\"1200\" \/>\n\t<meta property=\"og:image:height\" content=\"200\" \/>\n\t<meta property=\"og:image:type\" content=\"image\/jpeg\" \/>\n<meta name=\"twitter:card\" content=\"summary_large_image\" \/>\n<meta name=\"twitter:label1\" content=\"Dur\u00e9e de lecture estim\u00e9e\" \/>\n\t<meta name=\"twitter:data1\" content=\"2 minutes\" \/>\n<script type=\"application\/ld+json\" class=\"yoast-schema-graph\">{\"@context\":\"https:\\\/\\\/schema.org\",\"@graph\":[{\"@type\":\"WebPage\",\"@id\":\"https:\\\/\\\/tiketi.com\\\/online-gift-delivery-kigali\\\/\",\"url\":\"https:\\\/\\\/tiketi.com\\\/online-gift-delivery-kigali\\\/\",\"name\":\"Gift Delivery in Kigali Rwanda\",\"isPartOf\":{\"@id\":\"https:\\\/\\\/tiketi.com\\\/#website\"},\"primaryImageOfPage\":{\"@id\":\"https:\\\/\\\/tiketi.com\\\/online-gift-delivery-kigali\\\/#primaryimage\"},\"image\":{\"@id\":\"https:\\\/\\\/tiketi.com\\\/online-gift-delivery-kigali\\\/#primaryimage\"},\"thumbnailUrl\":\"https:\\\/\\\/tiketi.com\\\/wp-content\\\/uploads\\\/2022\\\/02\\\/online-shopping-4538982_128.jpg\",\"datePublished\":\"2022-01-19T11:54:08+00:00\",\"dateModified\":\"2022-02-13T20:50:09+00:00\",\"description\":\"Looking for online gift delivery in Kigali Rwanda app? Use cheap online gift deliveries Kigali Rwanda service and save time and money\",\"breadcrumb\":{\"@id\":\"https:\\\/\\\/tiketi.com\\\/online-gift-delivery-kigali\\\/#breadcrumb\"},\"inLanguage\":\"fr-FR\",\"potentialAction\":[{\"@type\":\"ReadAction\",\"target\":[\"https:\\\/\\\/tiketi.com\\\/online-gift-delivery-kigali\\\/\"]}]},{\"@type\":\"ImageObject\",\"inLanguage\":\"fr-FR\",\"@id\":\"https:\\\/\\\/tiketi.com\\\/online-gift-delivery-kigali\\\/#primaryimage\",\"url\":\"https:\\\/\\\/tiketi.com\\\/wp-content\\\/uploads\\\/2022\\\/02\\\/online-shopping-4538982_128.jpg\",\"contentUrl\":\"https:\\\/\\\/tiketi.com\\\/wp-content\\\/uploads\\\/2022\\\/02\\\/online-shopping-4538982_128.jpg\",\"width\":1200,\"height\":200,\"caption\":\"Online Shopping Gift Delivery\"},{\"@type\":\"BreadcrumbList\",\"@id\":\"https:\\\/\\\/tiketi.com\\\/online-gift-delivery-kigali\\\/#breadcrumb\",\"itemListElement\":[{\"@type\":\"ListItem\",\"position\":1,\"name\":\"Home\",\"item\":\"https:\\\/\\\/tiketi.com\\\/\"},{\"@type\":\"ListItem\",\"position\":2,\"name\":\"Gift Delivery in Kigali Rwanda\"}]},{\"@type\":\"WebSite\",\"@id\":\"https:\\\/\\\/tiketi.com\\\/#website\",\"url\":\"https:\\\/\\\/tiketi.com\\\/\",\"name\":\"Flight & Bus Tickets, Tour Packages & Activitites - Tiketi.com\",\"description\":\"Flight &amp; Bus Tickets, Tours, Activitites\",\"publisher\":{\"@id\":\"https:\\\/\\\/tiketi.com\\\/#organization\"},\"potentialAction\":[{\"@type\":\"SearchAction\",\"target\":{\"@type\":\"EntryPoint\",\"urlTemplate\":\"https:\\\/\\\/tiketi.com\\\/?s={search_term_string}\"},\"query-input\":{\"@type\":\"PropertyValueSpecification\",\"valueRequired\":true,\"valueName\":\"search_term_string\"}}],\"inLanguage\":\"fr-FR\"},{\"@type\":\"Organization\",\"@id\":\"https:\\\/\\\/tiketi.com\\\/#organization\",\"name\":\"Tiketi.com\",\"alternateName\":\"Tiketi\",\"url\":\"https:\\\/\\\/tiketi.com\\\/\",\"logo\":{\"@type\":\"ImageObject\",\"inLanguage\":\"fr-FR\",\"@id\":\"https:\\\/\\\/tiketi.com\\\/#\\\/schema\\\/logo\\\/image\\\/\",\"url\":\"https:\\\/\\\/tiketi.com\\\/wp-content\\\/uploads\\\/2019\\\/05\\\/tiketi-logo-696.png\",\"contentUrl\":\"https:\\\/\\\/tiketi.com\\\/wp-content\\\/uploads\\\/2019\\\/05\\\/tiketi-logo-696.png\",\"width\":696,\"height\":696,\"caption\":\"Tiketi.com\"},\"image\":{\"@id\":\"https:\\\/\\\/tiketi.com\\\/#\\\/schema\\\/logo\\\/image\\\/\"},\"sameAs\":[\"https:\\\/\\\/www.facebook.com\\\/TiketiCom\\\/\"]}]}<\/script>\n<!-- \/ Yoast SEO plugin. -->","yoast_head_json":{"title":"Livraison de cadeaux \u00e0 Kigali Rwanda","description":"Vous recherchez une livraison de cadeaux en ligne dans l&#039;application Kigali Rwanda? Utilisez le service de livraison de cadeaux en ligne \u00e0 bas prix Kigali Rwanda et \u00e9conomisez du temps et de l&#039;argent","robots":{"index":"index","follow":"follow","max-snippet":"max-snippet:-1","max-image-preview":"max-image-preview:large","max-video-preview":"max-video-preview:-1"},"canonical":"https:\/\/tiketi.com\/fr-fr\/online-gift-delivery-kigali\/","og_locale":"fr_FR","og_type":"article","og_title":"Gift Delivery in Kigali Rwanda","og_description":"Looking for online gift delivery in Kigali Rwanda app? Use cheap online gift deliveries Kigali Rwanda service and save time and money","og_url":"https:\/\/tiketi.com\/fr-fr\/online-gift-delivery-kigali\/","og_site_name":"Tiketi.com","article_publisher":"https:\/\/www.facebook.com\/TiketiCom\/","article_modified_time":"2022-02-13T20:50:09+00:00","og_image":[{"width":1200,"height":200,"url":"https:\/\/tiketi.com\/wp-content\/uploads\/2022\/02\/online-shopping-4538982_128.jpg","type":"image\/jpeg"}],"twitter_card":"summary_large_image","twitter_misc":{"Dur\u00e9e de lecture estim\u00e9e":"2 minutes"},"schema":{"@context":"https:\/\/schema.org","@graph":[{"@type":"WebPage","@id":"https:\/\/tiketi.com\/online-gift-delivery-kigali\/","url":"https:\/\/tiketi.com\/online-gift-delivery-kigali\/","name":"Livraison de cadeaux \u00e0 Kigali Rwanda","isPartOf":{"@id":"https:\/\/tiketi.com\/#website"},"primaryImageOfPage":{"@id":"https:\/\/tiketi.com\/online-gift-delivery-kigali\/#primaryimage"},"image":{"@id":"https:\/\/tiketi.com\/online-gift-delivery-kigali\/#primaryimage"},"thumbnailUrl":"https:\/\/tiketi.com\/wp-content\/uploads\/2022\/02\/online-shopping-4538982_128.jpg","datePublished":"2022-01-19T11:54:08+00:00","dateModified":"2022-02-13T20:50:09+00:00","description":"Vous recherchez une livraison de cadeaux en ligne dans l&#039;application Kigali Rwanda? Utilisez le service de livraison de cadeaux en ligne \u00e0 bas prix Kigali Rwanda et \u00e9conomisez du temps et de l&#039;argent","breadcrumb":{"@id":"https:\/\/tiketi.com\/online-gift-delivery-kigali\/#breadcrumb"},"inLanguage":"fr-FR","potentialAction":[{"@type":"ReadAction","target":["https:\/\/tiketi.com\/online-gift-delivery-kigali\/"]}]},{"@type":"ImageObject","inLanguage":"fr-FR","@id":"https:\/\/tiketi.com\/online-gift-delivery-kigali\/#primaryimage","url":"https:\/\/tiketi.com\/wp-content\/uploads\/2022\/02\/online-shopping-4538982_128.jpg","contentUrl":"https:\/\/tiketi.com\/wp-content\/uploads\/2022\/02\/online-shopping-4538982_128.jpg","width":1200,"height":200,"caption":"Online Shopping Gift Delivery"},{"@type":"BreadcrumbList","@id":"https:\/\/tiketi.com\/online-gift-delivery-kigali\/#breadcrumb","itemListElement":[{"@type":"ListItem","position":1,"name":"Home","item":"https:\/\/tiketi.com\/"},{"@type":"ListItem","position":2,"name":"Gift Delivery in Kigali Rwanda"}]},{"@type":"WebSite","@id":"https:\/\/tiketi.com\/#website","url":"https:\/\/tiketi.com\/","name":"Billets d&#039;avion et de bus, forfaits touristiques et activit\u00e9s - Tiketi.com","description":"Billets d&#039;avion et de bus, Tours, Activit\u00e9s","publisher":{"@id":"https:\/\/tiketi.com\/#organization"},"potentialAction":[{"@type":"SearchAction","target":{"@type":"EntryPoint","urlTemplate":"https:\/\/tiketi.com\/?s={search_term_string}"},"query-input":{"@type":"PropertyValueSpecification","valueRequired":true,"valueName":"search_term_string"}}],"inLanguage":"fr-FR"},{"@type":"Organization","@id":"https:\/\/tiketi.com\/#organization","name":"Tiketi.com","alternateName":"Tiketi","url":"https:\/\/tiketi.com\/","logo":{"@type":"ImageObject","inLanguage":"fr-FR","@id":"https:\/\/tiketi.com\/#\/schema\/logo\/image\/","url":"https:\/\/tiketi.com\/wp-content\/uploads\/2019\/05\/tiketi-logo-696.png","contentUrl":"https:\/\/tiketi.com\/wp-content\/uploads\/2019\/05\/tiketi-logo-696.png","width":696,"height":696,"caption":"Tiketi.com"},"image":{"@id":"https:\/\/tiketi.com\/#\/schema\/logo\/image\/"},"sameAs":["https:\/\/www.facebook.com\/TiketiCom\/"]}]}},"_links":{"self":[{"href":"https:\/\/tiketi.com\/fr-fr\/wp-json\/wp\/v2\/pages\/11036","targetHints":{"allow":["GET"]}}],"collection":[{"href":"https:\/\/tiketi.com\/fr-fr\/wp-json\/wp\/v2\/pages"}],"about":[{"href":"https:\/\/tiketi.com\/fr-fr\/wp-json\/wp\/v2\/types\/page"}],"author":[{"embeddable":true,"href":"https:\/\/tiketi.com\/fr-fr\/wp-json\/wp\/v2\/users\/1"}],"replies":[{"embeddable":true,"href":"https:\/\/tiketi.com\/fr-fr\/wp-json\/wp\/v2\/comments?post=11036"}],"version-history":[{"count":0,"href":"https:\/\/tiketi.com\/fr-fr\/wp-json\/wp\/v2\/pages\/11036\/revisions"}],"wp:featuredmedia":[{"embeddable":true,"href":"https:\/\/tiketi.com\/fr-fr\/wp-json\/wp\/v2\/media\/19411"}],"wp:attachment":[{"href":"https:\/\/tiketi.com\/fr-fr\/wp-json\/wp\/v2\/media?parent=11036"}],"curies":[{"name":"wp","href":"https:\/\/api.w.org\/{rel}","templated":true}]}}