{"id":11038,"date":"2022-01-19T12:54:08","date_gmt":"2022-01-19T11:54:08","guid":{"rendered":"https:\/\/new.tiketi.com\/online-shopping-in-abuja-best-online-stores\/"},"modified":"2022-02-18T14:35:41","modified_gmt":"2022-02-18T13:35:41","slug":"online-shopping-abuja","status":"publish","type":"page","link":"https:\/\/tiketi.com\/fr-fr\/online-shopping-abuja\/","title":{"rendered":"Achats en ligne \u00e0 Abuja - Meilleurs magasins en ligne"},"content":{"rendered":"<h2>Achats en ligne pas chers \u00e0 Abuja<\/h2>\n<h3>Utilisez la meilleure application d&#039;achat \u00e0 Abuja et faites des achats en ligne bon march\u00e9 en ligne \u00e0 Abuja simples et faciles et \u00e9conomisez du temps et de l&#039;argent.<\/h3>\n<p>Depuis l&#039;essor des grands sites Web de commerce \u00e9lectronique bas\u00e9s sur Internet, la croissance des achats sur Internet et des achats en ligne \u00e0 Abuja a \u00e9t\u00e9 exponentielle, avec une forte augmentation du nombre de consommateurs choisissant une application d&#039;achat en ligne \u00e0 Abuja plut\u00f4t qu&#039;en magasin. De nombreux d\u00e9taillants traditionnels ont \u00e9galement embo\u00eet\u00e9 le pas, la plupart des magasins d&#039;Abuja disposant d\u00e9sormais d&#039;un site de commerce \u00e9lectronique d\u00e9di\u00e9 \u00e0 partir duquel les consommateurs peuvent effectuer des achats sur Internet, des grandes marques aux dons. M\u00eame les marques qui n&#039;existent plus dans la rue principale sont souvent accessibles via les achats en ligne d&#039;Abuja.<\/p>\n<h2>Voici quelques-unes des raisons pour lesquelles les achats en ligne \u00e0 Abuja sont excellents par rapport aux achats en magasin.<\/h2>\n<h3>Application d&#039;achat \u00e0 Abuja codes de r\u00e9duction et de r\u00e9duction<\/h3>\n<p>Bien qu&#039;il soit g\u00e9n\u00e9ralement rare de trouver un bon en magasin \u00e0 moins que le magasin n&#039;organise un \u00e9v\u00e9nement unique, de nombreux d\u00e9taillants proposent une quantit\u00e9 abondante de bons et de remises \u00e0 utiliser en ligne dans le cadre de leurs campagnes promotionnelles. De nombreux sites d&#039;achat en ligne \u00e0 Abuja fournissent des codes promotionnels exclusifs qui peuvent \u00eatre utilis\u00e9s en ligne. De plus, les sites proposent g\u00e9n\u00e9ralement plus de remises et de ventes exclusives que dans les magasins physiques, et vous pourrez peut-\u00eatre trouver des produits qui n&#039;ont pas \u00e9t\u00e9 r\u00e9duits en magasin accessibles en ligne \u00e0 un prix tr\u00e8s abordable. Vous \u00eates alors en mesure de r\u00e9cup\u00e9rer les articles dans votre magasin domestique ou de les faire livrer \u00e0 votre domicile.<\/p>\n<p>Le monde en ligne abrite \u00e9galement de nombreux sites de rabais qui offrent les meilleurs produits \u00e0 des prix r\u00e9duits, ce qui signifie que vous pouvez trouver les m\u00eames produits pour une fraction de sa valeur nette.<\/p>\n<h3>Livraison \u00e0 domicile Abuja<\/h3>\n<p>Si vous commandez des articles dans des magasins physiques ou si vous d\u00e9cidez de faire vos achats en magasin, vous devrez effectuer un trajet suppl\u00e9mentaire jusqu&#039;au magasin en question lorsque l&#039;article entrera en stock ou arrivera dans votre magasin s\u00e9lectionn\u00e9. Quoi qu&#039;il en soit, l&#039;un des principaux \u00e9l\u00e9ments de l&#039;application de magasinage en ligne \u00e0 Abuja est que vous pouvez faire livrer des articles directement \u00e0 votre domicile ou \u00e0 une bo\u00eete postale, ce qui est le meilleur choix pour ceux qui n&#039;ont pas d&#039;adresse personnelle, comme le personnel militaire. Cela rend les achats en ligne \u00e0 Abuja beaucoup plus pratiques car vous trouvez facilement le produit que vous voulez depuis n&#039;importe quel endroit avec des choix tels que la livraison le jour m\u00eame ou le lendemain accessible depuis les boutiques en ligne d&#039;Abuja.<\/p>\n<h3>Achats en ligne \u00e0 Abuja 24h\/24 et 7j\/7<\/h3>\n<p>Un facteur tr\u00e8s avantageux pour les adultes qui travaillent est la possibilit\u00e9 de magasiner 24 heures sur 24 et sept jours sur sept. L\u00e0 o\u00f9 autrefois vous deviez attendre le week-end ou vous d\u00e9p\u00eacher apr\u00e8s le travail pour acheter les articles dont vous avez besoin, vous avez maintenant ces articles \u00e0 port\u00e9e de main chaque fois que vous en avez besoin. Plut\u00f4t que d&#039;avoir \u00e0 attendre votre journ\u00e9e de cong\u00e9 pour visiter un centre commercial, vous pouvez d\u00e9sormais acc\u00e9der \u00e0 la boutique en ligne Abuja depuis le monde en ligne \u00e0 tout moment de la nuit ou du jour.<\/p>","protected":false},"excerpt":{"rendered":"<p>Cheap Abuja\u00a0Online Shopping Use the best shopping app in Abuja and do cheap online Abuja online shopping\u00a0simple and easy and save time and money. Since the rise of big internet based e-commerce websites, the growth of internet shopping and online shopping in Abuja has been exponential, with a big increase in a number of consumers [&hellip;]<\/p>\n","protected":false},"author":1,"featured_media":19411,"parent":0,"menu_order":0,"comment_status":"open","ping_status":"closed","template":"template-home-modern.php","meta":{"footnotes":""},"class_list":["post-11038","page","type-page","status-publish","has-post-thumbnail","hentry"],"yoast_head":"<!-- This site is optimized with the Yoast SEO plugin v27.3 - https:\/\/yoast.com\/product\/yoast-seo-wordpress\/ -->\n<title>Online Shopping in Abuja - Best Online Stores<\/title>\n<meta name=\"description\" content=\"Looking for cheap online shopping in Abuja store? Use the best online shopping app in Abuja and do Abuja online shopping simple and easy.\" \/>\n<meta name=\"robots\" content=\"index, follow, max-snippet:-1, max-image-preview:large, max-video-preview:-1\" \/>\n<link rel=\"canonical\" href=\"https:\/\/tiketi.com\/fr-fr\/online-shopping-abuja\/\" \/>\n<meta property=\"og:locale\" content=\"fr_FR\" \/>\n<meta property=\"og:type\" content=\"article\" \/>\n<meta property=\"og:title\" content=\"Online Shopping in Abuja - Best Online Stores\" \/>\n<meta property=\"og:description\" content=\"Looking for cheap online shopping in Abuja store? Use the best online shopping app in Abuja and do Abuja online shopping simple and easy.\" \/>\n<meta property=\"og:url\" content=\"https:\/\/tiketi.com\/fr-fr\/online-shopping-abuja\/\" \/>\n<meta property=\"og:site_name\" content=\"Tiketi.com\" \/>\n<meta property=\"article:publisher\" content=\"https:\/\/www.facebook.com\/TiketiCom\/\" \/>\n<meta property=\"article:modified_time\" content=\"2022-02-18T13:35:41+00:00\" \/>\n<meta property=\"og:image\" content=\"https:\/\/tiketi.com\/wp-content\/uploads\/2022\/02\/online-shopping-4538982_128.jpg\" \/>\n\t<meta property=\"og:image:width\" content=\"1200\" \/>\n\t<meta property=\"og:image:height\" content=\"200\" \/>\n\t<meta property=\"og:image:type\" content=\"image\/jpeg\" \/>\n<meta name=\"twitter:card\" content=\"summary_large_image\" \/>\n<meta name=\"twitter:label1\" content=\"Dur\u00e9e de lecture estim\u00e9e\" \/>\n\t<meta name=\"twitter:data1\" content=\"3 minutes\" \/>\n<script type=\"application\/ld+json\" class=\"yoast-schema-graph\">{\"@context\":\"https:\\\/\\\/schema.org\",\"@graph\":[{\"@type\":\"WebPage\",\"@id\":\"https:\\\/\\\/tiketi.com\\\/online-shopping-abuja\\\/\",\"url\":\"https:\\\/\\\/tiketi.com\\\/online-shopping-abuja\\\/\",\"name\":\"Online Shopping in Abuja - Best Online Stores\",\"isPartOf\":{\"@id\":\"https:\\\/\\\/tiketi.com\\\/#website\"},\"primaryImageOfPage\":{\"@id\":\"https:\\\/\\\/tiketi.com\\\/online-shopping-abuja\\\/#primaryimage\"},\"image\":{\"@id\":\"https:\\\/\\\/tiketi.com\\\/online-shopping-abuja\\\/#primaryimage\"},\"thumbnailUrl\":\"https:\\\/\\\/tiketi.com\\\/wp-content\\\/uploads\\\/2022\\\/02\\\/online-shopping-4538982_128.jpg\",\"datePublished\":\"2022-01-19T11:54:08+00:00\",\"dateModified\":\"2022-02-18T13:35:41+00:00\",\"description\":\"Looking for cheap online shopping in Abuja store? Use the best online shopping app in Abuja and do Abuja online shopping simple and easy.\",\"breadcrumb\":{\"@id\":\"https:\\\/\\\/tiketi.com\\\/online-shopping-abuja\\\/#breadcrumb\"},\"inLanguage\":\"fr-FR\",\"potentialAction\":[{\"@type\":\"ReadAction\",\"target\":[\"https:\\\/\\\/tiketi.com\\\/online-shopping-abuja\\\/\"]}]},{\"@type\":\"ImageObject\",\"inLanguage\":\"fr-FR\",\"@id\":\"https:\\\/\\\/tiketi.com\\\/online-shopping-abuja\\\/#primaryimage\",\"url\":\"https:\\\/\\\/tiketi.com\\\/wp-content\\\/uploads\\\/2022\\\/02\\\/online-shopping-4538982_128.jpg\",\"contentUrl\":\"https:\\\/\\\/tiketi.com\\\/wp-content\\\/uploads\\\/2022\\\/02\\\/online-shopping-4538982_128.jpg\",\"width\":1200,\"height\":200,\"caption\":\"Online Shopping Gift Delivery\"},{\"@type\":\"BreadcrumbList\",\"@id\":\"https:\\\/\\\/tiketi.com\\\/online-shopping-abuja\\\/#breadcrumb\",\"itemListElement\":[{\"@type\":\"ListItem\",\"position\":1,\"name\":\"Home\",\"item\":\"https:\\\/\\\/tiketi.com\\\/\"},{\"@type\":\"ListItem\",\"position\":2,\"name\":\"Online Shopping in Abuja &#8211; Best Online Stores\"}]},{\"@type\":\"WebSite\",\"@id\":\"https:\\\/\\\/tiketi.com\\\/#website\",\"url\":\"https:\\\/\\\/tiketi.com\\\/\",\"name\":\"Flight & Bus Tickets, Tour Packages & Activitites - Tiketi.com\",\"description\":\"Flight &amp; Bus Tickets, Tours, Activitites\",\"publisher\":{\"@id\":\"https:\\\/\\\/tiketi.com\\\/#organization\"},\"potentialAction\":[{\"@type\":\"SearchAction\",\"target\":{\"@type\":\"EntryPoint\",\"urlTemplate\":\"https:\\\/\\\/tiketi.com\\\/?s={search_term_string}\"},\"query-input\":{\"@type\":\"PropertyValueSpecification\",\"valueRequired\":true,\"valueName\":\"search_term_string\"}}],\"inLanguage\":\"fr-FR\"},{\"@type\":\"Organization\",\"@id\":\"https:\\\/\\\/tiketi.com\\\/#organization\",\"name\":\"Tiketi.com\",\"alternateName\":\"Tiketi\",\"url\":\"https:\\\/\\\/tiketi.com\\\/\",\"logo\":{\"@type\":\"ImageObject\",\"inLanguage\":\"fr-FR\",\"@id\":\"https:\\\/\\\/tiketi.com\\\/#\\\/schema\\\/logo\\\/image\\\/\",\"url\":\"https:\\\/\\\/tiketi.com\\\/wp-content\\\/uploads\\\/2019\\\/05\\\/tiketi-logo-696.png\",\"contentUrl\":\"https:\\\/\\\/tiketi.com\\\/wp-content\\\/uploads\\\/2019\\\/05\\\/tiketi-logo-696.png\",\"width\":696,\"height\":696,\"caption\":\"Tiketi.com\"},\"image\":{\"@id\":\"https:\\\/\\\/tiketi.com\\\/#\\\/schema\\\/logo\\\/image\\\/\"},\"sameAs\":[\"https:\\\/\\\/www.facebook.com\\\/TiketiCom\\\/\"]}]}<\/script>\n<!-- \/ Yoast SEO plugin. -->","yoast_head_json":{"title":"Achats en ligne \u00e0 Abuja - Meilleurs magasins en ligne","description":"Vous recherchez des achats en ligne bon march\u00e9 dans le magasin d&#039;Abuja? Utilisez la meilleure application d&#039;achat en ligne \u00e0 Abuja et faites des achats en ligne \u00e0 Abuja de mani\u00e8re simple et facile.","robots":{"index":"index","follow":"follow","max-snippet":"max-snippet:-1","max-image-preview":"max-image-preview:large","max-video-preview":"max-video-preview:-1"},"canonical":"https:\/\/tiketi.com\/fr-fr\/online-shopping-abuja\/","og_locale":"fr_FR","og_type":"article","og_title":"Online Shopping in Abuja - Best Online Stores","og_description":"Looking for cheap online shopping in Abuja store? Use the best online shopping app in Abuja and do Abuja online shopping simple and easy.","og_url":"https:\/\/tiketi.com\/fr-fr\/online-shopping-abuja\/","og_site_name":"Tiketi.com","article_publisher":"https:\/\/www.facebook.com\/TiketiCom\/","article_modified_time":"2022-02-18T13:35:41+00:00","og_image":[{"width":1200,"height":200,"url":"https:\/\/tiketi.com\/wp-content\/uploads\/2022\/02\/online-shopping-4538982_128.jpg","type":"image\/jpeg"}],"twitter_card":"summary_large_image","twitter_misc":{"Dur\u00e9e de lecture estim\u00e9e":"3 minutes"},"schema":{"@context":"https:\/\/schema.org","@graph":[{"@type":"WebPage","@id":"https:\/\/tiketi.com\/online-shopping-abuja\/","url":"https:\/\/tiketi.com\/online-shopping-abuja\/","name":"Achats en ligne \u00e0 Abuja - Meilleurs magasins en ligne","isPartOf":{"@id":"https:\/\/tiketi.com\/#website"},"primaryImageOfPage":{"@id":"https:\/\/tiketi.com\/online-shopping-abuja\/#primaryimage"},"image":{"@id":"https:\/\/tiketi.com\/online-shopping-abuja\/#primaryimage"},"thumbnailUrl":"https:\/\/tiketi.com\/wp-content\/uploads\/2022\/02\/online-shopping-4538982_128.jpg","datePublished":"2022-01-19T11:54:08+00:00","dateModified":"2022-02-18T13:35:41+00:00","description":"Vous recherchez des achats en ligne bon march\u00e9 dans le magasin d&#039;Abuja? Utilisez la meilleure application d&#039;achat en ligne \u00e0 Abuja et faites des achats en ligne \u00e0 Abuja de mani\u00e8re simple et facile.","breadcrumb":{"@id":"https:\/\/tiketi.com\/online-shopping-abuja\/#breadcrumb"},"inLanguage":"fr-FR","potentialAction":[{"@type":"ReadAction","target":["https:\/\/tiketi.com\/online-shopping-abuja\/"]}]},{"@type":"ImageObject","inLanguage":"fr-FR","@id":"https:\/\/tiketi.com\/online-shopping-abuja\/#primaryimage","url":"https:\/\/tiketi.com\/wp-content\/uploads\/2022\/02\/online-shopping-4538982_128.jpg","contentUrl":"https:\/\/tiketi.com\/wp-content\/uploads\/2022\/02\/online-shopping-4538982_128.jpg","width":1200,"height":200,"caption":"Online Shopping Gift Delivery"},{"@type":"BreadcrumbList","@id":"https:\/\/tiketi.com\/online-shopping-abuja\/#breadcrumb","itemListElement":[{"@type":"ListItem","position":1,"name":"Home","item":"https:\/\/tiketi.com\/"},{"@type":"ListItem","position":2,"name":"Online Shopping in Abuja &#8211; Best Online Stores"}]},{"@type":"WebSite","@id":"https:\/\/tiketi.com\/#website","url":"https:\/\/tiketi.com\/","name":"Billets d&#039;avion et de bus, forfaits touristiques et activit\u00e9s - Tiketi.com","description":"Billets d&#039;avion et de bus, Tours, Activit\u00e9s","publisher":{"@id":"https:\/\/tiketi.com\/#organization"},"potentialAction":[{"@type":"SearchAction","target":{"@type":"EntryPoint","urlTemplate":"https:\/\/tiketi.com\/?s={search_term_string}"},"query-input":{"@type":"PropertyValueSpecification","valueRequired":true,"valueName":"search_term_string"}}],"inLanguage":"fr-FR"},{"@type":"Organization","@id":"https:\/\/tiketi.com\/#organization","name":"Tiketi.com","alternateName":"Tiketi","url":"https:\/\/tiketi.com\/","logo":{"@type":"ImageObject","inLanguage":"fr-FR","@id":"https:\/\/tiketi.com\/#\/schema\/logo\/image\/","url":"https:\/\/tiketi.com\/wp-content\/uploads\/2019\/05\/tiketi-logo-696.png","contentUrl":"https:\/\/tiketi.com\/wp-content\/uploads\/2019\/05\/tiketi-logo-696.png","width":696,"height":696,"caption":"Tiketi.com"},"image":{"@id":"https:\/\/tiketi.com\/#\/schema\/logo\/image\/"},"sameAs":["https:\/\/www.facebook.com\/TiketiCom\/"]}]}},"_links":{"self":[{"href":"https:\/\/tiketi.com\/fr-fr\/wp-json\/wp\/v2\/pages\/11038","targetHints":{"allow":["GET"]}}],"collection":[{"href":"https:\/\/tiketi.com\/fr-fr\/wp-json\/wp\/v2\/pages"}],"about":[{"href":"https:\/\/tiketi.com\/fr-fr\/wp-json\/wp\/v2\/types\/page"}],"author":[{"embeddable":true,"href":"https:\/\/tiketi.com\/fr-fr\/wp-json\/wp\/v2\/users\/1"}],"replies":[{"embeddable":true,"href":"https:\/\/tiketi.com\/fr-fr\/wp-json\/wp\/v2\/comments?post=11038"}],"version-history":[{"count":0,"href":"https:\/\/tiketi.com\/fr-fr\/wp-json\/wp\/v2\/pages\/11038\/revisions"}],"wp:featuredmedia":[{"embeddable":true,"href":"https:\/\/tiketi.com\/fr-fr\/wp-json\/wp\/v2\/media\/19411"}],"wp:attachment":[{"href":"https:\/\/tiketi.com\/fr-fr\/wp-json\/wp\/v2\/media?parent=11038"}],"curies":[{"name":"wp","href":"https:\/\/api.w.org\/{rel}","templated":true}]}}