{"id":11039,"date":"2022-01-19T12:54:08","date_gmt":"2022-01-19T11:54:08","guid":{"rendered":"https:\/\/new.tiketi.com\/online-shopping-in-mombasa-best-online-stores\/"},"modified":"2022-02-18T14:27:28","modified_gmt":"2022-02-18T13:27:28","slug":"online-shopping-mombasa","status":"publish","type":"page","link":"https:\/\/tiketi.com\/fr-fr\/online-shopping-mombasa\/","title":{"rendered":"Achats en ligne \u00e0 Mombasa \u2013 Meilleurs magasins en ligne"},"content":{"rendered":"<h2>Achats en ligne bon march\u00e9 \u00e0 Mombasa<\/h2>\n<h3>T\u00e9l\u00e9chargez l&#039;application d&#039;achat en ligne \u00e0 Mombasa et faites des achats en ligne bon march\u00e9 \u00e0 Mombasa de mani\u00e8re simple et facile et \u00e9conomisez du temps et de l&#039;argent.<\/h3>\n<p>Les achats en ligne \u00e0 Mombasa facilit\u00e9s. Les achats en ligne \u00e0 Mombasa ont connu une croissance fulgurante au cours des derni\u00e8res ann\u00e9es, avec l&#039;introduction du smartphone et d&#039;une foule d&#039;autres gadgets mobiles qui sont devenus tr\u00e8s c\u00e9l\u00e8bres. T\u00e9l\u00e9chargez l&#039;application d&#039;achat en ligne \u00e0 Mombasa et commencez \u00e0 faire des achats en ligne \u00e0 Mombasa maintenant<\/p>\n<h2>Il existe de nombreux avantages ou avantages des achats en ligne \u00e0 Mombasa tels que\u00a0:<\/h2>\n<h3>L&#039;application d&#039;achat en ligne \u00e0 Mombasa offre une commodit\u00e9<\/h3>\n<p>Avec la vie professionnelle et personnelle de plus en plus charg\u00e9e que nous menons, le temps presse. Plut\u00f4t que de passer du temps dans une longue file d&#039;attente au supermarch\u00e9 du centre commercial, les achats en ligne \u00e0 Mombasa offrent une facilit\u00e9 in\u00e9gal\u00e9e. Les achats en ligne peuvent \u00eatre effectu\u00e9s en quelques minutes, contrairement aux achats hors ligne qui peuvent prendre beaucoup de temps pour voyager, chercher des marchandises, etc. Les achats en ligne peuvent \u00eatre effectu\u00e9s 24 heures sur 24, 7 jours sur 7, 365 jours par an. La simplicit\u00e9 offerte par les achats en ligne \u00e0 Mombasa en fait l&#039;un des meilleurs moyens de faire des achats.<\/p>\n<h3>Meilleures affaires<\/h3>\n<p>En termes de co\u00fbt, les achats en ligne sont probablement les plus abordables. Il est possible d\u2019obtenir les meilleures offres et des prix plus bas car il n\u2019y a aucune implication d\u2019interm\u00e9diaires. Les produits proviennent directement du producteur ou du vendeur sans qu&#039;un interm\u00e9diaire ne facture sa propre part de commission. La comparaison des prix et des offres est beaucoup plus facile avec la possibilit\u00e9 de trouver les meilleures offres sur Internet. De plus, de nombreux sites de vente en ligne \u00e0 Mombasa offrent des remises et des r\u00e9ductions uniques aux acheteurs en ligne. Ici, aucune taxe suppl\u00e9mentaire n&#039;est factur\u00e9e, hormis des \u00e9conomies sur les frais de carburant et de stationnement. Lorsque vous les additionnez, les achats en ligne repr\u00e9sentent une grosse somme d\u2019argent.<\/p>\n<h3>Excellentes options d&#039;achats en ligne \u00e0 Mombasa<\/h3>\n<p>L&#039;application d&#039;achat en ligne \u00e0 Mombasa offre la gamme de produits et d&#039;articles la plus \u00e9tonnante, par rapport aux achats dans les magasins physiques. Il existe tous les types de marques que vous pouvez souhaiter en ligne. Le meilleur, c\u2019est que vous pouvez rester branch\u00e9 et \u00e9l\u00e9gant selon les nouvelles tendances de la mode sans avoir \u00e0 voyager \u00e0 l\u2019\u00e9tranger. Il n&#039;y a aucune restriction g\u00e9ographique aux achats en ligne, \u00e0 condition qu&#039;ils soient livr\u00e9s dans votre \u00e9tat et votre pays. La gamme de choix de shopping est remarquable. Il existe un bien plus grand nombre de choix de tailles et de couleurs accessibles en ligne lorsque vous magasinez hors ligne. Il existe \u00e9galement des d\u00e9taillants en ligne qui offrent la possibilit\u00e9 d&#039;acheter des articles en rupture de stock qui seront exp\u00e9di\u00e9s \u00e0 leur arriv\u00e9e plus tard.<\/p>\n<h3>Envoyez et recevez des cadeaux en ligne<\/h3>\n<p>Recevoir et envoyer des cadeaux est devenu un jeu d&#039;enfant gr\u00e2ce \u00e0 l&#039;application de shopping Mombasa. D\u00e9sormais, vous pouvez exp\u00e9dier vers et depuis n\u2019importe quel coin de Mombasa. Parfois, si vous envoyez un cadeau via la boutique de cadeaux en ligne de Mombasa \u00e0 l&#039;int\u00e9rieur des fronti\u00e8res de la ville ou du pays, ou si la commande porte sur un certain montant, aucun frais d&#039;exp\u00e9dition et d&#039;emballage ne sera impliqu\u00e9. Quelle que soit l&#039;occasion ou l&#039;\u00e9v\u00e9nement, vous pouvez envoyer et recevoir des cadeaux \u00e0 tout moment.<\/p>","protected":false},"excerpt":{"rendered":"<p>Cheap Mombasa&nbsp;Online Shopping Download online shopping app in Mombasa and do cheap online shopping in Mombasa simple and easy and save time and money. Online shopping in Mombasa made easy. Mombasa online shopping has grown amazingly in the past few years, with the introduction of the smartphone and a host of other mobile gadgets becoming [&hellip;]<\/p>\n","protected":false},"author":1,"featured_media":19411,"parent":0,"menu_order":0,"comment_status":"open","ping_status":"closed","template":"template-home-modern.php","meta":{"footnotes":""},"class_list":["post-11039","page","type-page","status-publish","has-post-thumbnail","hentry"],"yoast_head":"<!-- This site is optimized with the Yoast SEO plugin v27.3 - https:\/\/yoast.com\/product\/yoast-seo-wordpress\/ -->\n<title>Online Shopping in Mombasa - Best Online Stores<\/title>\n<meta name=\"description\" content=\"Looking for cheap online shopping in Mombasa store? Download a online shopping app in Mombasa and do Mombasa online shopping simple and easy\" \/>\n<meta name=\"robots\" content=\"index, follow, max-snippet:-1, max-image-preview:large, max-video-preview:-1\" \/>\n<link rel=\"canonical\" href=\"https:\/\/tiketi.com\/fr-fr\/online-shopping-mombasa\/\" \/>\n<meta property=\"og:locale\" content=\"fr_FR\" \/>\n<meta property=\"og:type\" content=\"article\" \/>\n<meta property=\"og:title\" content=\"Online Shopping in Mombasa - Best Online Stores\" \/>\n<meta property=\"og:description\" content=\"Looking for cheap online shopping in Mombasa store? Download a online shopping app in Mombasa and do Mombasa online shopping simple and easy\" \/>\n<meta property=\"og:url\" content=\"https:\/\/tiketi.com\/fr-fr\/online-shopping-mombasa\/\" \/>\n<meta property=\"og:site_name\" content=\"Tiketi.com\" \/>\n<meta property=\"article:publisher\" content=\"https:\/\/www.facebook.com\/TiketiCom\/\" \/>\n<meta property=\"article:modified_time\" content=\"2022-02-18T13:27:28+00:00\" \/>\n<meta property=\"og:image\" content=\"https:\/\/tiketi.com\/wp-content\/uploads\/2022\/02\/online-shopping-4538982_128.jpg\" \/>\n\t<meta property=\"og:image:width\" content=\"1200\" \/>\n\t<meta property=\"og:image:height\" content=\"200\" \/>\n\t<meta property=\"og:image:type\" content=\"image\/jpeg\" \/>\n<meta name=\"twitter:card\" content=\"summary_large_image\" \/>\n<meta name=\"twitter:label1\" content=\"Dur\u00e9e de lecture estim\u00e9e\" \/>\n\t<meta name=\"twitter:data1\" content=\"3 minutes\" \/>\n<script type=\"application\/ld+json\" class=\"yoast-schema-graph\">{\"@context\":\"https:\\\/\\\/schema.org\",\"@graph\":[{\"@type\":\"WebPage\",\"@id\":\"https:\\\/\\\/tiketi.com\\\/fr-fr\\\/online-shopping-mombasa\\\/\",\"url\":\"https:\\\/\\\/tiketi.com\\\/fr-fr\\\/online-shopping-mombasa\\\/\",\"name\":\"Online Shopping in Mombasa - Best Online Stores\",\"isPartOf\":{\"@id\":\"https:\\\/\\\/tiketi.com\\\/#website\"},\"primaryImageOfPage\":{\"@id\":\"https:\\\/\\\/tiketi.com\\\/fr-fr\\\/online-shopping-mombasa\\\/#primaryimage\"},\"image\":{\"@id\":\"https:\\\/\\\/tiketi.com\\\/fr-fr\\\/online-shopping-mombasa\\\/#primaryimage\"},\"thumbnailUrl\":\"https:\\\/\\\/tiketi.com\\\/wp-content\\\/uploads\\\/2022\\\/02\\\/online-shopping-4538982_128.jpg\",\"datePublished\":\"2022-01-19T11:54:08+00:00\",\"dateModified\":\"2022-02-18T13:27:28+00:00\",\"description\":\"Looking for cheap online shopping in Mombasa store? Download a online shopping app in Mombasa and do Mombasa online shopping simple and easy\",\"breadcrumb\":{\"@id\":\"https:\\\/\\\/tiketi.com\\\/fr-fr\\\/online-shopping-mombasa\\\/#breadcrumb\"},\"inLanguage\":\"fr-FR\",\"potentialAction\":[{\"@type\":\"ReadAction\",\"target\":[\"https:\\\/\\\/tiketi.com\\\/fr-fr\\\/online-shopping-mombasa\\\/\"]}]},{\"@type\":\"ImageObject\",\"inLanguage\":\"fr-FR\",\"@id\":\"https:\\\/\\\/tiketi.com\\\/fr-fr\\\/online-shopping-mombasa\\\/#primaryimage\",\"url\":\"https:\\\/\\\/tiketi.com\\\/wp-content\\\/uploads\\\/2022\\\/02\\\/online-shopping-4538982_128.jpg\",\"contentUrl\":\"https:\\\/\\\/tiketi.com\\\/wp-content\\\/uploads\\\/2022\\\/02\\\/online-shopping-4538982_128.jpg\",\"width\":1200,\"height\":200,\"caption\":\"Online Shopping Gift Delivery\"},{\"@type\":\"BreadcrumbList\",\"@id\":\"https:\\\/\\\/tiketi.com\\\/fr-fr\\\/online-shopping-mombasa\\\/#breadcrumb\",\"itemListElement\":[{\"@type\":\"ListItem\",\"position\":1,\"name\":\"Home\",\"item\":\"https:\\\/\\\/tiketi.com\\\/\"},{\"@type\":\"ListItem\",\"position\":2,\"name\":\"Online Shopping in Mombasa &#8211; Best Online Stores\"}]},{\"@type\":\"WebSite\",\"@id\":\"https:\\\/\\\/tiketi.com\\\/#website\",\"url\":\"https:\\\/\\\/tiketi.com\\\/\",\"name\":\"Flight & Bus Tickets, Tour Packages & Activitites - Tiketi.com\",\"description\":\"Flight &amp; Bus Tickets, Tours, Activitites\",\"publisher\":{\"@id\":\"https:\\\/\\\/tiketi.com\\\/#organization\"},\"potentialAction\":[{\"@type\":\"SearchAction\",\"target\":{\"@type\":\"EntryPoint\",\"urlTemplate\":\"https:\\\/\\\/tiketi.com\\\/?s={search_term_string}\"},\"query-input\":{\"@type\":\"PropertyValueSpecification\",\"valueRequired\":true,\"valueName\":\"search_term_string\"}}],\"inLanguage\":\"fr-FR\"},{\"@type\":\"Organization\",\"@id\":\"https:\\\/\\\/tiketi.com\\\/#organization\",\"name\":\"Tiketi.com\",\"alternateName\":\"Tiketi\",\"url\":\"https:\\\/\\\/tiketi.com\\\/\",\"logo\":{\"@type\":\"ImageObject\",\"inLanguage\":\"fr-FR\",\"@id\":\"https:\\\/\\\/tiketi.com\\\/#\\\/schema\\\/logo\\\/image\\\/\",\"url\":\"https:\\\/\\\/tiketi.com\\\/wp-content\\\/uploads\\\/2019\\\/05\\\/tiketi-logo-696.png\",\"contentUrl\":\"https:\\\/\\\/tiketi.com\\\/wp-content\\\/uploads\\\/2019\\\/05\\\/tiketi-logo-696.png\",\"width\":696,\"height\":696,\"caption\":\"Tiketi.com\"},\"image\":{\"@id\":\"https:\\\/\\\/tiketi.com\\\/#\\\/schema\\\/logo\\\/image\\\/\"},\"sameAs\":[\"https:\\\/\\\/www.facebook.com\\\/TiketiCom\\\/\"]}]}<\/script>\n<!-- \/ Yoast SEO plugin. -->","yoast_head_json":{"title":"Achats en ligne \u00e0 Mombasa - Meilleurs magasins en ligne","description":"Vous recherchez des achats en ligne bon march\u00e9 dans le magasin de Mombasa ? T\u00e9l\u00e9chargez une application d&#039;achat en ligne \u00e0 Mombasa et faites des achats en ligne \u00e0 Mombasa de mani\u00e8re simple et facile","robots":{"index":"index","follow":"follow","max-snippet":"max-snippet:-1","max-image-preview":"max-image-preview:large","max-video-preview":"max-video-preview:-1"},"canonical":"https:\/\/tiketi.com\/fr-fr\/online-shopping-mombasa\/","og_locale":"fr_FR","og_type":"article","og_title":"Online Shopping in Mombasa - Best Online Stores","og_description":"Looking for cheap online shopping in Mombasa store? Download a online shopping app in Mombasa and do Mombasa online shopping simple and easy","og_url":"https:\/\/tiketi.com\/fr-fr\/online-shopping-mombasa\/","og_site_name":"Tiketi.com","article_publisher":"https:\/\/www.facebook.com\/TiketiCom\/","article_modified_time":"2022-02-18T13:27:28+00:00","og_image":[{"width":1200,"height":200,"url":"https:\/\/tiketi.com\/wp-content\/uploads\/2022\/02\/online-shopping-4538982_128.jpg","type":"image\/jpeg"}],"twitter_card":"summary_large_image","twitter_misc":{"Dur\u00e9e de lecture estim\u00e9e":"3 minutes"},"schema":{"@context":"https:\/\/schema.org","@graph":[{"@type":"WebPage","@id":"https:\/\/tiketi.com\/fr-fr\/online-shopping-mombasa\/","url":"https:\/\/tiketi.com\/fr-fr\/online-shopping-mombasa\/","name":"Achats en ligne \u00e0 Mombasa - Meilleurs magasins en ligne","isPartOf":{"@id":"https:\/\/tiketi.com\/#website"},"primaryImageOfPage":{"@id":"https:\/\/tiketi.com\/fr-fr\/online-shopping-mombasa\/#primaryimage"},"image":{"@id":"https:\/\/tiketi.com\/fr-fr\/online-shopping-mombasa\/#primaryimage"},"thumbnailUrl":"https:\/\/tiketi.com\/wp-content\/uploads\/2022\/02\/online-shopping-4538982_128.jpg","datePublished":"2022-01-19T11:54:08+00:00","dateModified":"2022-02-18T13:27:28+00:00","description":"Vous recherchez des achats en ligne bon march\u00e9 dans le magasin de Mombasa ? T\u00e9l\u00e9chargez une application d&#039;achat en ligne \u00e0 Mombasa et faites des achats en ligne \u00e0 Mombasa de mani\u00e8re simple et facile","breadcrumb":{"@id":"https:\/\/tiketi.com\/fr-fr\/online-shopping-mombasa\/#breadcrumb"},"inLanguage":"fr-FR","potentialAction":[{"@type":"ReadAction","target":["https:\/\/tiketi.com\/fr-fr\/online-shopping-mombasa\/"]}]},{"@type":"ImageObject","inLanguage":"fr-FR","@id":"https:\/\/tiketi.com\/fr-fr\/online-shopping-mombasa\/#primaryimage","url":"https:\/\/tiketi.com\/wp-content\/uploads\/2022\/02\/online-shopping-4538982_128.jpg","contentUrl":"https:\/\/tiketi.com\/wp-content\/uploads\/2022\/02\/online-shopping-4538982_128.jpg","width":1200,"height":200,"caption":"Online Shopping Gift Delivery"},{"@type":"BreadcrumbList","@id":"https:\/\/tiketi.com\/fr-fr\/online-shopping-mombasa\/#breadcrumb","itemListElement":[{"@type":"ListItem","position":1,"name":"Home","item":"https:\/\/tiketi.com\/"},{"@type":"ListItem","position":2,"name":"Online Shopping in Mombasa &#8211; Best Online Stores"}]},{"@type":"WebSite","@id":"https:\/\/tiketi.com\/#website","url":"https:\/\/tiketi.com\/","name":"Billets d&#039;avion et de bus, forfaits touristiques et activit\u00e9s - Tiketi.com","description":"Billets d&#039;avion et de bus, Tours, Activit\u00e9s","publisher":{"@id":"https:\/\/tiketi.com\/#organization"},"potentialAction":[{"@type":"SearchAction","target":{"@type":"EntryPoint","urlTemplate":"https:\/\/tiketi.com\/?s={search_term_string}"},"query-input":{"@type":"PropertyValueSpecification","valueRequired":true,"valueName":"search_term_string"}}],"inLanguage":"fr-FR"},{"@type":"Organization","@id":"https:\/\/tiketi.com\/#organization","name":"Tiketi.com","alternateName":"Tiketi","url":"https:\/\/tiketi.com\/","logo":{"@type":"ImageObject","inLanguage":"fr-FR","@id":"https:\/\/tiketi.com\/#\/schema\/logo\/image\/","url":"https:\/\/tiketi.com\/wp-content\/uploads\/2019\/05\/tiketi-logo-696.png","contentUrl":"https:\/\/tiketi.com\/wp-content\/uploads\/2019\/05\/tiketi-logo-696.png","width":696,"height":696,"caption":"Tiketi.com"},"image":{"@id":"https:\/\/tiketi.com\/#\/schema\/logo\/image\/"},"sameAs":["https:\/\/www.facebook.com\/TiketiCom\/"]}]}},"_links":{"self":[{"href":"https:\/\/tiketi.com\/fr-fr\/wp-json\/wp\/v2\/pages\/11039","targetHints":{"allow":["GET"]}}],"collection":[{"href":"https:\/\/tiketi.com\/fr-fr\/wp-json\/wp\/v2\/pages"}],"about":[{"href":"https:\/\/tiketi.com\/fr-fr\/wp-json\/wp\/v2\/types\/page"}],"author":[{"embeddable":true,"href":"https:\/\/tiketi.com\/fr-fr\/wp-json\/wp\/v2\/users\/1"}],"replies":[{"embeddable":true,"href":"https:\/\/tiketi.com\/fr-fr\/wp-json\/wp\/v2\/comments?post=11039"}],"version-history":[{"count":0,"href":"https:\/\/tiketi.com\/fr-fr\/wp-json\/wp\/v2\/pages\/11039\/revisions"}],"wp:featuredmedia":[{"embeddable":true,"href":"https:\/\/tiketi.com\/fr-fr\/wp-json\/wp\/v2\/media\/19411"}],"wp:attachment":[{"href":"https:\/\/tiketi.com\/fr-fr\/wp-json\/wp\/v2\/media?parent=11039"}],"curies":[{"name":"wp","href":"https:\/\/api.w.org\/{rel}","templated":true}]}}