{"id":11040,"date":"2022-01-19T12:54:08","date_gmt":"2022-01-19T11:54:08","guid":{"rendered":"https:\/\/new.tiketi.com\/online-shopping-in-zanzibar-best-online-stores\/"},"modified":"2022-09-22T13:46:18","modified_gmt":"2022-09-22T12:46:18","slug":"online-shopping-zanzibar","status":"publish","type":"page","link":"https:\/\/tiketi.com\/fr-fr\/online-shopping-zanzibar\/","title":{"rendered":"Achats en ligne \u00e0 Zanzibar - Meilleurs magasins en ligne"},"content":{"rendered":"<h2>Application d&#039;achat en ligne bon march\u00e9 \u00e0 Zanzibar<\/h2>\n<h3>T\u00e9l\u00e9chargez la meilleure application d&#039;achat en ligne de Zanzibar et faites des achats en ligne bon march\u00e9 simples et faciles et \u00e9conomisez du temps et de l&#039;argent.<\/h3>\n<p>Les meilleurs achats en ligne \u00e0 Zanzibar en toute simplicit\u00e9. La technologie remplace notre style de vie et notre fa\u00e7on de faire nos courses. Au cours de la derni\u00e8re d\u00e9cennie, les magasins en ligne \u00e0 Zanzibar sont devenus c\u00e9l\u00e8bres. La meilleure application de shopping en ligne \u00e0 Zanzibar est disponible \u00e0 tout moment et n&#039;importe o\u00f9. Les produits de style de vie tels que l&#039;\u00e9lectronique, les v\u00eatements, les biens et les gadgets, les produits d&#039;\u00e9picerie et les articles de repos sont accessibles sur les \u00e9crans d&#039;ordinateur ou de smartphone. Et la meilleure partie est que vous ne vous pr\u00e9sentez pas physiquement dans un magasin de d\u00e9tail pour acheter ce dont vous avez besoin. \u00c0 l&#039;heure actuelle, le march\u00e9 des applications d&#039;achat en ligne de Zanzibar gagne des clients fid\u00e8les et leur offre les meilleurs services.<\/p>\n<h2>Voici quelques-uns des avantages des meilleurs achats en ligne \u00e0 Zanzibar<\/h2>\n<h3>Commodit\u00e9<\/h3>\n<p>L&#039;un des plus grands avantages de l&#039;application d&#039;achat en ligne de Zanzibar est que vous pouvez acheter en ligne \u00e0 Zanzibar presque tout ce que vous pouvez deviner sans jamais quitter votre domicile. La boutique en ligne de Zanzibar est ouverte 24h\/24 et accessible depuis n&#039;importe quel endroit avec la meilleure application de shopping en ligne \u00e0 Zanzibar.<\/p>\n<h3>Boutiques en ligne \u00e0 Zanzibar s\u00e9lection<\/h3>\n<p>En g\u00e9n\u00e9ral, les magasins en ligne \u00e0 Zanzibar sont capables de proposer plus de choix que les magasins traditionnels de brique et de mortier. Parce que les magasins Internet n&#039;ont pas besoin d&#039;afficher \u00e9tonnamment leurs produits sur les \u00e9tag\u00e8res, ils peuvent garder une plus grande quantit\u00e9 d&#039;inventaire \u00e0 port\u00e9e de main. Ils peuvent \u00e9galement n&#039;avoir que de petites quantit\u00e9s de chaque article, car ils n&#039;ont pas besoin de les afficher et peuvent en commander davantage aupr\u00e8s de leur fournisseur si n\u00e9cessaire.<\/p>\n<h3>Avis sur l&#039;application d&#039;achat en ligne de Zanzibar<\/h3>\n<p>Les achats en ligne aident les clients \u00e0 \u00e9valuer l&#039;article. Dans la technique conventionnelle d&#039;achat, les commer\u00e7ants vous obligeront \u00e0 acheter les articles dans lesquels ils obtiennent une marge b\u00e9n\u00e9ficiaire sup\u00e9rieure plut\u00f4t que de se concentrer sur la qualit\u00e9 du produit, les clients finissent g\u00e9n\u00e9ralement par tricher \u00e0 cause de cette faute professionnelle. Vous pouvez lire une critique des articles par le client qui a achet\u00e9 ce produit et les critiques aident \u00e0 prendre une d\u00e9cision sur l&#039;achat d&#039;un produit particulier. Vous pouvez \u00e9galement \u00e9crire une critique du produit, cela aidera les autres \u00e0 faire un plan.<\/p>\n<h3>Commandez en d\u00e9placement avec la meilleure application d&#039;achat en ligne \u00e0 Zanzibar<\/h3>\n<p>D\u00e9sormais, les smartphones sont devenus une tendance et vous pouvez acheter des produits en ligne \u00e0 Zanzibar pendant votre voyage. Il garde beaucoup de temps et aucun probl\u00e8me o\u00f9 vous \u00eates et ce que vous faites, si vous avez un smartphone, vous pouvez faire des achats en ligne \u00e0 Zanzibar avec une touche.<\/p>\n<h3>Retour de produits dans les magasins en ligne \u00e0 Zanzibar<\/h3>\n<p>En ligne, vous pouvez retourner des articles au fur et \u00e0 mesure que le coursier est pris \u00e0 votre porte. Maintenant, si vous n&#039;\u00eates pas satisfait de l&#039;article que vous avez re\u00e7u, renvoyez-le simplement et obtenez le nouveau. Le retour des articles est beaucoup plus facile maintenant.<\/p>","protected":false},"excerpt":{"rendered":"<p>Cheap Online Shopping App in Zanzibar Download the best Zanzibar online shopping app and do cheap online shopping simple and easy and save time and money. Best online shopping in Zanzibar made easy. Technology is replacing our lifestyle and the way we go shopping. During the last decade, online stores in Zanzibar is being famous. [&hellip;]<\/p>\n","protected":false},"author":1,"featured_media":19411,"parent":0,"menu_order":0,"comment_status":"open","ping_status":"closed","template":"template-home-modern.php","meta":{"footnotes":""},"class_list":["post-11040","page","type-page","status-publish","has-post-thumbnail","hentry"],"yoast_head":"<!-- This site is optimized with the Yoast SEO plugin v27.3 - https:\/\/yoast.com\/product\/yoast-seo-wordpress\/ -->\n<title>Online Shopping in Zanzibar - Best Online Stores<\/title>\n<meta name=\"description\" content=\"Looking for best online shopping in Zanzibar store? Download the best online shopping app in Zanzibar and do cheap Zanzibar online shopping simple and easy\" \/>\n<meta name=\"robots\" content=\"index, follow, max-snippet:-1, max-image-preview:large, max-video-preview:-1\" \/>\n<link rel=\"canonical\" href=\"https:\/\/tiketi.com\/fr-fr\/online-shopping-zanzibar\/\" \/>\n<meta property=\"og:locale\" content=\"fr_FR\" \/>\n<meta property=\"og:type\" content=\"article\" \/>\n<meta property=\"og:title\" content=\"Online Shopping in Zanzibar - Best Online Stores\" \/>\n<meta property=\"og:description\" content=\"Looking for best online shopping in Zanzibar store? Download the best online shopping app in Zanzibar and do cheap Zanzibar online shopping simple and easy\" \/>\n<meta property=\"og:url\" content=\"https:\/\/tiketi.com\/fr-fr\/online-shopping-zanzibar\/\" \/>\n<meta property=\"og:site_name\" content=\"Tiketi.com\" \/>\n<meta property=\"article:publisher\" content=\"https:\/\/www.facebook.com\/TiketiCom\/\" \/>\n<meta property=\"article:modified_time\" content=\"2022-09-22T12:46:18+00:00\" \/>\n<meta property=\"og:image\" content=\"https:\/\/tiketi.com\/wp-content\/uploads\/2022\/02\/online-shopping-4538982_128.jpg\" \/>\n\t<meta property=\"og:image:width\" content=\"1200\" \/>\n\t<meta property=\"og:image:height\" content=\"200\" \/>\n\t<meta property=\"og:image:type\" content=\"image\/jpeg\" \/>\n<meta name=\"twitter:card\" content=\"summary_large_image\" \/>\n<meta name=\"twitter:label1\" content=\"Dur\u00e9e de lecture estim\u00e9e\" \/>\n\t<meta name=\"twitter:data1\" content=\"3 minutes\" \/>\n<script type=\"application\/ld+json\" class=\"yoast-schema-graph\">{\"@context\":\"https:\\\/\\\/schema.org\",\"@graph\":[{\"@type\":\"WebPage\",\"@id\":\"https:\\\/\\\/tiketi.com\\\/sw\\\/online-shopping-zanzibar\\\/\",\"url\":\"https:\\\/\\\/tiketi.com\\\/sw\\\/online-shopping-zanzibar\\\/\",\"name\":\"Online Shopping in Zanzibar - Best Online Stores\",\"isPartOf\":{\"@id\":\"https:\\\/\\\/tiketi.com\\\/#website\"},\"primaryImageOfPage\":{\"@id\":\"https:\\\/\\\/tiketi.com\\\/sw\\\/online-shopping-zanzibar\\\/#primaryimage\"},\"image\":{\"@id\":\"https:\\\/\\\/tiketi.com\\\/sw\\\/online-shopping-zanzibar\\\/#primaryimage\"},\"thumbnailUrl\":\"https:\\\/\\\/tiketi.com\\\/wp-content\\\/uploads\\\/2022\\\/02\\\/online-shopping-4538982_128.jpg\",\"datePublished\":\"2022-01-19T11:54:08+00:00\",\"dateModified\":\"2022-09-22T12:46:18+00:00\",\"description\":\"Looking for best online shopping in Zanzibar store? Download the best online shopping app in Zanzibar and do cheap Zanzibar online shopping simple and easy\",\"breadcrumb\":{\"@id\":\"https:\\\/\\\/tiketi.com\\\/sw\\\/online-shopping-zanzibar\\\/#breadcrumb\"},\"inLanguage\":\"fr-FR\",\"potentialAction\":[{\"@type\":\"ReadAction\",\"target\":[\"https:\\\/\\\/tiketi.com\\\/sw\\\/online-shopping-zanzibar\\\/\"]}]},{\"@type\":\"ImageObject\",\"inLanguage\":\"fr-FR\",\"@id\":\"https:\\\/\\\/tiketi.com\\\/sw\\\/online-shopping-zanzibar\\\/#primaryimage\",\"url\":\"https:\\\/\\\/tiketi.com\\\/wp-content\\\/uploads\\\/2022\\\/02\\\/online-shopping-4538982_128.jpg\",\"contentUrl\":\"https:\\\/\\\/tiketi.com\\\/wp-content\\\/uploads\\\/2022\\\/02\\\/online-shopping-4538982_128.jpg\",\"width\":1200,\"height\":200,\"caption\":\"Online Shopping Gift Delivery\"},{\"@type\":\"BreadcrumbList\",\"@id\":\"https:\\\/\\\/tiketi.com\\\/sw\\\/online-shopping-zanzibar\\\/#breadcrumb\",\"itemListElement\":[{\"@type\":\"ListItem\",\"position\":1,\"name\":\"Home\",\"item\":\"https:\\\/\\\/tiketi.com\\\/\"},{\"@type\":\"ListItem\",\"position\":2,\"name\":\"Online Shopping in Zanzibar &#8211; Best Online Stores\"}]},{\"@type\":\"WebSite\",\"@id\":\"https:\\\/\\\/tiketi.com\\\/#website\",\"url\":\"https:\\\/\\\/tiketi.com\\\/\",\"name\":\"Flight & Bus Tickets, Tour Packages & Activitites - Tiketi.com\",\"description\":\"Flight &amp; Bus Tickets, Tours, Activitites\",\"publisher\":{\"@id\":\"https:\\\/\\\/tiketi.com\\\/#organization\"},\"potentialAction\":[{\"@type\":\"SearchAction\",\"target\":{\"@type\":\"EntryPoint\",\"urlTemplate\":\"https:\\\/\\\/tiketi.com\\\/?s={search_term_string}\"},\"query-input\":{\"@type\":\"PropertyValueSpecification\",\"valueRequired\":true,\"valueName\":\"search_term_string\"}}],\"inLanguage\":\"fr-FR\"},{\"@type\":\"Organization\",\"@id\":\"https:\\\/\\\/tiketi.com\\\/#organization\",\"name\":\"Tiketi.com\",\"alternateName\":\"Tiketi\",\"url\":\"https:\\\/\\\/tiketi.com\\\/\",\"logo\":{\"@type\":\"ImageObject\",\"inLanguage\":\"fr-FR\",\"@id\":\"https:\\\/\\\/tiketi.com\\\/#\\\/schema\\\/logo\\\/image\\\/\",\"url\":\"https:\\\/\\\/tiketi.com\\\/wp-content\\\/uploads\\\/2019\\\/05\\\/tiketi-logo-696.png\",\"contentUrl\":\"https:\\\/\\\/tiketi.com\\\/wp-content\\\/uploads\\\/2019\\\/05\\\/tiketi-logo-696.png\",\"width\":696,\"height\":696,\"caption\":\"Tiketi.com\"},\"image\":{\"@id\":\"https:\\\/\\\/tiketi.com\\\/#\\\/schema\\\/logo\\\/image\\\/\"},\"sameAs\":[\"https:\\\/\\\/www.facebook.com\\\/TiketiCom\\\/\"]}]}<\/script>\n<!-- \/ Yoast SEO plugin. -->","yoast_head_json":{"title":"Achats en ligne \u00e0 Zanzibar - Meilleurs magasins en ligne","description":"Vous recherchez les meilleurs achats en ligne dans le magasin de Zanzibar? T\u00e9l\u00e9chargez la meilleure application d&#039;achat en ligne \u00e0 Zanzibar et faites des achats en ligne bon march\u00e9 \u00e0 Zanzibar de mani\u00e8re simple et facile","robots":{"index":"index","follow":"follow","max-snippet":"max-snippet:-1","max-image-preview":"max-image-preview:large","max-video-preview":"max-video-preview:-1"},"canonical":"https:\/\/tiketi.com\/fr-fr\/online-shopping-zanzibar\/","og_locale":"fr_FR","og_type":"article","og_title":"Online Shopping in Zanzibar - Best Online Stores","og_description":"Looking for best online shopping in Zanzibar store? Download the best online shopping app in Zanzibar and do cheap Zanzibar online shopping simple and easy","og_url":"https:\/\/tiketi.com\/fr-fr\/online-shopping-zanzibar\/","og_site_name":"Tiketi.com","article_publisher":"https:\/\/www.facebook.com\/TiketiCom\/","article_modified_time":"2022-09-22T12:46:18+00:00","og_image":[{"width":1200,"height":200,"url":"https:\/\/tiketi.com\/wp-content\/uploads\/2022\/02\/online-shopping-4538982_128.jpg","type":"image\/jpeg"}],"twitter_card":"summary_large_image","twitter_misc":{"Dur\u00e9e de lecture estim\u00e9e":"3 minutes"},"schema":{"@context":"https:\/\/schema.org","@graph":[{"@type":"WebPage","@id":"https:\/\/tiketi.com\/sw\/online-shopping-zanzibar\/","url":"https:\/\/tiketi.com\/sw\/online-shopping-zanzibar\/","name":"Achats en ligne \u00e0 Zanzibar - Meilleurs magasins en ligne","isPartOf":{"@id":"https:\/\/tiketi.com\/#website"},"primaryImageOfPage":{"@id":"https:\/\/tiketi.com\/sw\/online-shopping-zanzibar\/#primaryimage"},"image":{"@id":"https:\/\/tiketi.com\/sw\/online-shopping-zanzibar\/#primaryimage"},"thumbnailUrl":"https:\/\/tiketi.com\/wp-content\/uploads\/2022\/02\/online-shopping-4538982_128.jpg","datePublished":"2022-01-19T11:54:08+00:00","dateModified":"2022-09-22T12:46:18+00:00","description":"Vous recherchez les meilleurs achats en ligne dans le magasin de Zanzibar? T\u00e9l\u00e9chargez la meilleure application d&#039;achat en ligne \u00e0 Zanzibar et faites des achats en ligne bon march\u00e9 \u00e0 Zanzibar de mani\u00e8re simple et facile","breadcrumb":{"@id":"https:\/\/tiketi.com\/sw\/online-shopping-zanzibar\/#breadcrumb"},"inLanguage":"fr-FR","potentialAction":[{"@type":"ReadAction","target":["https:\/\/tiketi.com\/sw\/online-shopping-zanzibar\/"]}]},{"@type":"ImageObject","inLanguage":"fr-FR","@id":"https:\/\/tiketi.com\/sw\/online-shopping-zanzibar\/#primaryimage","url":"https:\/\/tiketi.com\/wp-content\/uploads\/2022\/02\/online-shopping-4538982_128.jpg","contentUrl":"https:\/\/tiketi.com\/wp-content\/uploads\/2022\/02\/online-shopping-4538982_128.jpg","width":1200,"height":200,"caption":"Online Shopping Gift Delivery"},{"@type":"BreadcrumbList","@id":"https:\/\/tiketi.com\/sw\/online-shopping-zanzibar\/#breadcrumb","itemListElement":[{"@type":"ListItem","position":1,"name":"Home","item":"https:\/\/tiketi.com\/"},{"@type":"ListItem","position":2,"name":"Online Shopping in Zanzibar &#8211; Best Online Stores"}]},{"@type":"WebSite","@id":"https:\/\/tiketi.com\/#website","url":"https:\/\/tiketi.com\/","name":"Billets d&#039;avion et de bus, forfaits touristiques et activit\u00e9s - Tiketi.com","description":"Billets d&#039;avion et de bus, Tours, Activit\u00e9s","publisher":{"@id":"https:\/\/tiketi.com\/#organization"},"potentialAction":[{"@type":"SearchAction","target":{"@type":"EntryPoint","urlTemplate":"https:\/\/tiketi.com\/?s={search_term_string}"},"query-input":{"@type":"PropertyValueSpecification","valueRequired":true,"valueName":"search_term_string"}}],"inLanguage":"fr-FR"},{"@type":"Organization","@id":"https:\/\/tiketi.com\/#organization","name":"Tiketi.com","alternateName":"Tiketi","url":"https:\/\/tiketi.com\/","logo":{"@type":"ImageObject","inLanguage":"fr-FR","@id":"https:\/\/tiketi.com\/#\/schema\/logo\/image\/","url":"https:\/\/tiketi.com\/wp-content\/uploads\/2019\/05\/tiketi-logo-696.png","contentUrl":"https:\/\/tiketi.com\/wp-content\/uploads\/2019\/05\/tiketi-logo-696.png","width":696,"height":696,"caption":"Tiketi.com"},"image":{"@id":"https:\/\/tiketi.com\/#\/schema\/logo\/image\/"},"sameAs":["https:\/\/www.facebook.com\/TiketiCom\/"]}]}},"_links":{"self":[{"href":"https:\/\/tiketi.com\/fr-fr\/wp-json\/wp\/v2\/pages\/11040","targetHints":{"allow":["GET"]}}],"collection":[{"href":"https:\/\/tiketi.com\/fr-fr\/wp-json\/wp\/v2\/pages"}],"about":[{"href":"https:\/\/tiketi.com\/fr-fr\/wp-json\/wp\/v2\/types\/page"}],"author":[{"embeddable":true,"href":"https:\/\/tiketi.com\/fr-fr\/wp-json\/wp\/v2\/users\/1"}],"replies":[{"embeddable":true,"href":"https:\/\/tiketi.com\/fr-fr\/wp-json\/wp\/v2\/comments?post=11040"}],"version-history":[{"count":0,"href":"https:\/\/tiketi.com\/fr-fr\/wp-json\/wp\/v2\/pages\/11040\/revisions"}],"wp:featuredmedia":[{"embeddable":true,"href":"https:\/\/tiketi.com\/fr-fr\/wp-json\/wp\/v2\/media\/19411"}],"wp:attachment":[{"href":"https:\/\/tiketi.com\/fr-fr\/wp-json\/wp\/v2\/media?parent=11040"}],"curies":[{"name":"wp","href":"https:\/\/api.w.org\/{rel}","templated":true}]}}