{"id":11041,"date":"2022-01-19T12:54:08","date_gmt":"2022-01-19T11:54:08","guid":{"rendered":"https:\/\/new.tiketi.com\/online-shopping-in-zambia-best-online-stores\/"},"modified":"2022-02-18T16:19:27","modified_gmt":"2022-02-18T15:19:27","slug":"online-shopping-zambia","status":"publish","type":"page","link":"https:\/\/tiketi.com\/fr-fr\/online-shopping-zambia\/","title":{"rendered":"Achats en ligne en Zambie - Meilleurs magasins en ligne"},"content":{"rendered":"<h2>Achats en ligne pas chers en Zambie<\/h2>\n<h3>T\u00e9l\u00e9chargez la meilleure application d&#039;achat en ligne en Zambie et faites des achats en ligne bon march\u00e9 simples et faciles et \u00e9conomisez du temps et de l&#039;argent.<\/h3>\n<p>Les achats en ligne en Zambie sont devenus un nouveau moyen vital de faire des achats. En raison de l&#039;utilisation accrue de l&#039;ordinateur et de la meilleure application d&#039;achat en ligne au monde en Zambie, davantage de personnes ont commenc\u00e9 \u00e0 participer \u00e0 cette activit\u00e9. Les entreprises consid\u00e8rent les achats en ligne en Zambie comme une chance qui peut \u00eatre exploit\u00e9e pour augmenter la rentabilit\u00e9. Pour cette raison, de nombreuses entreprises en Zambie fournissent des services d&#039;achat en ligne \u00e0 leurs clients. En faisant cela, les entreprises sont capables d&#039;augmenter leurs ventes et d&#039;obtenir plus de clients.<\/p>\n<h2>Voici quelques-uns des avantages des achats en ligne en Zambie :<\/h2>\n<h3>Discret<\/h3>\n<p>Il y a certaines choses que vous ne voulez tout simplement pas acheter publiquement. Vous pouvez acheter n&#039;importe quel type de produit via Internet tout en pr\u00e9servant votre vie priv\u00e9e.<\/p>\n<h3>Accompagner les e-business<\/h3>\n<p>Les progr\u00e8s des entreprises en ligne aident en fait de nombreuses personnes. D\u00e9sormais, les personnes qui n&#039;ont pas les moyens de louer ou d&#039;acheter une boutique peuvent simplement ouvrir une boutique en ligne et vendre des articles depuis leur domicile. Cela joue un r\u00f4le essentiel dans la r\u00e9duction du taux de ch\u00f4mage.<\/p>\n<h3>Offres en ligne<\/h3>\n<p>Souvent, les magasins Internet offrent le meilleur rabais lorsqu&#039;ils veulent se d\u00e9barrasser de leurs anciens stocks. Vous pouvez rechercher ces offres et conserver de l&#039;argent.<\/p>\n<h3>Suivre la livraison<\/h3>\n<p>Les achats en ligne en Zambie vous permettent de suivre l&#039;\u00e9tat de la commande et de la livraison. Vous pouvez savoir o\u00f9 se trouve votre article et quand il vous parviendra.<\/p>\n<h3>Pas de foule<\/h3>\n<p>Pendant la saison des festivals, tous les centres commerciaux et magasins seront compl\u00e8tement bond\u00e9s. Vous devrez faire la queue pour la facturation et le stationnement pourrait \u00eatre un \u00e9norme casse-t\u00eate. Mais, dans le cas d&#039;acheter en ligne Zambie, vous pouvez rejeter tous ces probl\u00e8mes.<\/p>\n<h3>Disponibilit\u00e9 \u00e0 tout moment via la meilleure application d&#039;achat en ligne en Zambie<\/h3>\n<p>En cas d&#039;achats hors ligne, il y a un moment pr\u00e9cis pour les achats. Si vous \u00eates en retard au travail, les magasins hors ligne en Zambie seront ferm\u00e9s. Avec la Zambie, les portails d&#039;achat en ligne ne ferment jamais et vous pouvez faire des achats 24 \u00d7 7 via la meilleure application d&#039;achat en ligne en Zambie. Vous pouvez \u00e9galement faire vos courses \u00e0 minuit.<\/p>\n<h3>Vous aide \u00e0 faire correspondre les prix<\/h3>\n<p>Les achats en ligne vous permettent de faire correspondre le prix des produits sur de nombreux sites d&#039;achat en ligne en Zambie. Par exemple, si vous aimez une chemise, vous pouvez v\u00e9rifier le prix de la m\u00eame chemise sur les diff\u00e9rents sites et l&#039;acheter sur le site Web qui la vend \u00e0 un prix abordable.<\/p>\n<h3>Les achats en ligne en Zambie permettent d&#039;\u00e9conomiser de l&#039;argent<\/h3>\n<p>Si vous sortez faire du shopping, vous devrez d\u00e9penser de l&#039;argent pour des transactions, des sorties au restaurant, etc. Mais dans le cas des achats hors ligne, vous pouvez acheter tout ce que vous voulez dans le confort de votre foyer.<\/p>","protected":false},"excerpt":{"rendered":"<p>Cheap Zambia\u00a0Online Shopping Download the best online shopping app in Zambia and do cheap online shopping simple and easy and save time and money. Online shopping in Zambia has emerged as a new and vital way of making purchases. Due to the increased use of computer and the best online shopping app in Zambia world, [&hellip;]<\/p>\n","protected":false},"author":1,"featured_media":19411,"parent":0,"menu_order":0,"comment_status":"open","ping_status":"closed","template":"template-home-modern.php","meta":{"footnotes":""},"class_list":["post-11041","page","type-page","status-publish","has-post-thumbnail","hentry"],"yoast_head":"<!-- This site is optimized with the Yoast SEO plugin v27.3 - https:\/\/yoast.com\/product\/yoast-seo-wordpress\/ -->\n<title>Online Shopping in Zambia - Best Online Stores<\/title>\n<meta name=\"description\" content=\"Looking for cheap online shopping in Zambia? Download the best online shopping app in Zambia and do Zambia online shopping simple and easy\" \/>\n<meta name=\"robots\" content=\"index, follow, max-snippet:-1, max-image-preview:large, max-video-preview:-1\" \/>\n<link rel=\"canonical\" href=\"https:\/\/tiketi.com\/fr-fr\/online-shopping-zambia\/\" \/>\n<meta property=\"og:locale\" content=\"fr_FR\" \/>\n<meta property=\"og:type\" content=\"article\" \/>\n<meta property=\"og:title\" content=\"Online Shopping in Zambia - Best Online Stores\" \/>\n<meta property=\"og:description\" content=\"Looking for cheap online shopping in Zambia? Download the best online shopping app in Zambia and do Zambia online shopping simple and easy\" \/>\n<meta property=\"og:url\" content=\"https:\/\/tiketi.com\/fr-fr\/online-shopping-zambia\/\" \/>\n<meta property=\"og:site_name\" content=\"Tiketi.com\" \/>\n<meta property=\"article:publisher\" content=\"https:\/\/www.facebook.com\/TiketiCom\/\" \/>\n<meta property=\"article:modified_time\" content=\"2022-02-18T15:19:27+00:00\" \/>\n<meta property=\"og:image\" content=\"https:\/\/tiketi.com\/wp-content\/uploads\/2022\/02\/online-shopping-4538982_128.jpg\" \/>\n\t<meta property=\"og:image:width\" content=\"1200\" \/>\n\t<meta property=\"og:image:height\" content=\"200\" \/>\n\t<meta property=\"og:image:type\" content=\"image\/jpeg\" \/>\n<meta name=\"twitter:card\" content=\"summary_large_image\" \/>\n<meta name=\"twitter:label1\" content=\"Dur\u00e9e de lecture estim\u00e9e\" \/>\n\t<meta name=\"twitter:data1\" content=\"3 minutes\" \/>\n<script type=\"application\/ld+json\" class=\"yoast-schema-graph\">{\"@context\":\"https:\\\/\\\/schema.org\",\"@graph\":[{\"@type\":\"WebPage\",\"@id\":\"https:\\\/\\\/tiketi.com\\\/en-gb\\\/online-shopping-zambia\\\/\",\"url\":\"https:\\\/\\\/tiketi.com\\\/en-gb\\\/online-shopping-zambia\\\/\",\"name\":\"Online Shopping in Zambia - Best Online Stores\",\"isPartOf\":{\"@id\":\"https:\\\/\\\/tiketi.com\\\/#website\"},\"primaryImageOfPage\":{\"@id\":\"https:\\\/\\\/tiketi.com\\\/en-gb\\\/online-shopping-zambia\\\/#primaryimage\"},\"image\":{\"@id\":\"https:\\\/\\\/tiketi.com\\\/en-gb\\\/online-shopping-zambia\\\/#primaryimage\"},\"thumbnailUrl\":\"https:\\\/\\\/tiketi.com\\\/wp-content\\\/uploads\\\/2022\\\/02\\\/online-shopping-4538982_128.jpg\",\"datePublished\":\"2022-01-19T11:54:08+00:00\",\"dateModified\":\"2022-02-18T15:19:27+00:00\",\"description\":\"Looking for cheap online shopping in Zambia? Download the best online shopping app in Zambia and do Zambia online shopping simple and easy\",\"breadcrumb\":{\"@id\":\"https:\\\/\\\/tiketi.com\\\/en-gb\\\/online-shopping-zambia\\\/#breadcrumb\"},\"inLanguage\":\"fr-FR\",\"potentialAction\":[{\"@type\":\"ReadAction\",\"target\":[\"https:\\\/\\\/tiketi.com\\\/en-gb\\\/online-shopping-zambia\\\/\"]}]},{\"@type\":\"ImageObject\",\"inLanguage\":\"fr-FR\",\"@id\":\"https:\\\/\\\/tiketi.com\\\/en-gb\\\/online-shopping-zambia\\\/#primaryimage\",\"url\":\"https:\\\/\\\/tiketi.com\\\/wp-content\\\/uploads\\\/2022\\\/02\\\/online-shopping-4538982_128.jpg\",\"contentUrl\":\"https:\\\/\\\/tiketi.com\\\/wp-content\\\/uploads\\\/2022\\\/02\\\/online-shopping-4538982_128.jpg\",\"width\":1200,\"height\":200,\"caption\":\"Online Shopping Gift Delivery\"},{\"@type\":\"BreadcrumbList\",\"@id\":\"https:\\\/\\\/tiketi.com\\\/en-gb\\\/online-shopping-zambia\\\/#breadcrumb\",\"itemListElement\":[{\"@type\":\"ListItem\",\"position\":1,\"name\":\"Home\",\"item\":\"https:\\\/\\\/tiketi.com\\\/\"},{\"@type\":\"ListItem\",\"position\":2,\"name\":\"Online Shopping in Zambia &#8211; Best Online Stores\"}]},{\"@type\":\"WebSite\",\"@id\":\"https:\\\/\\\/tiketi.com\\\/#website\",\"url\":\"https:\\\/\\\/tiketi.com\\\/\",\"name\":\"Flight & Bus Tickets, Tour Packages & Activitites - Tiketi.com\",\"description\":\"Flight &amp; Bus Tickets, Tours, Activitites\",\"publisher\":{\"@id\":\"https:\\\/\\\/tiketi.com\\\/#organization\"},\"potentialAction\":[{\"@type\":\"SearchAction\",\"target\":{\"@type\":\"EntryPoint\",\"urlTemplate\":\"https:\\\/\\\/tiketi.com\\\/?s={search_term_string}\"},\"query-input\":{\"@type\":\"PropertyValueSpecification\",\"valueRequired\":true,\"valueName\":\"search_term_string\"}}],\"inLanguage\":\"fr-FR\"},{\"@type\":\"Organization\",\"@id\":\"https:\\\/\\\/tiketi.com\\\/#organization\",\"name\":\"Tiketi.com\",\"alternateName\":\"Tiketi\",\"url\":\"https:\\\/\\\/tiketi.com\\\/\",\"logo\":{\"@type\":\"ImageObject\",\"inLanguage\":\"fr-FR\",\"@id\":\"https:\\\/\\\/tiketi.com\\\/#\\\/schema\\\/logo\\\/image\\\/\",\"url\":\"https:\\\/\\\/tiketi.com\\\/wp-content\\\/uploads\\\/2019\\\/05\\\/tiketi-logo-696.png\",\"contentUrl\":\"https:\\\/\\\/tiketi.com\\\/wp-content\\\/uploads\\\/2019\\\/05\\\/tiketi-logo-696.png\",\"width\":696,\"height\":696,\"caption\":\"Tiketi.com\"},\"image\":{\"@id\":\"https:\\\/\\\/tiketi.com\\\/#\\\/schema\\\/logo\\\/image\\\/\"},\"sameAs\":[\"https:\\\/\\\/www.facebook.com\\\/TiketiCom\\\/\"]}]}<\/script>\n<!-- \/ Yoast SEO plugin. -->","yoast_head_json":{"title":"Achats en ligne en Zambie - Meilleurs magasins en ligne","description":"Vous recherchez des achats en ligne bon march\u00e9 en Zambie? T\u00e9l\u00e9chargez la meilleure application d&#039;achat en ligne en Zambie et faites des achats en ligne en Zambie simplement et facilement","robots":{"index":"index","follow":"follow","max-snippet":"max-snippet:-1","max-image-preview":"max-image-preview:large","max-video-preview":"max-video-preview:-1"},"canonical":"https:\/\/tiketi.com\/fr-fr\/online-shopping-zambia\/","og_locale":"fr_FR","og_type":"article","og_title":"Online Shopping in Zambia - Best Online Stores","og_description":"Looking for cheap online shopping in Zambia? Download the best online shopping app in Zambia and do Zambia online shopping simple and easy","og_url":"https:\/\/tiketi.com\/fr-fr\/online-shopping-zambia\/","og_site_name":"Tiketi.com","article_publisher":"https:\/\/www.facebook.com\/TiketiCom\/","article_modified_time":"2022-02-18T15:19:27+00:00","og_image":[{"width":1200,"height":200,"url":"https:\/\/tiketi.com\/wp-content\/uploads\/2022\/02\/online-shopping-4538982_128.jpg","type":"image\/jpeg"}],"twitter_card":"summary_large_image","twitter_misc":{"Dur\u00e9e de lecture estim\u00e9e":"3 minutes"},"schema":{"@context":"https:\/\/schema.org","@graph":[{"@type":"WebPage","@id":"https:\/\/tiketi.com\/en-gb\/online-shopping-zambia\/","url":"https:\/\/tiketi.com\/en-gb\/online-shopping-zambia\/","name":"Achats en ligne en Zambie - Meilleurs magasins en ligne","isPartOf":{"@id":"https:\/\/tiketi.com\/#website"},"primaryImageOfPage":{"@id":"https:\/\/tiketi.com\/en-gb\/online-shopping-zambia\/#primaryimage"},"image":{"@id":"https:\/\/tiketi.com\/en-gb\/online-shopping-zambia\/#primaryimage"},"thumbnailUrl":"https:\/\/tiketi.com\/wp-content\/uploads\/2022\/02\/online-shopping-4538982_128.jpg","datePublished":"2022-01-19T11:54:08+00:00","dateModified":"2022-02-18T15:19:27+00:00","description":"Vous recherchez des achats en ligne bon march\u00e9 en Zambie? T\u00e9l\u00e9chargez la meilleure application d&#039;achat en ligne en Zambie et faites des achats en ligne en Zambie simplement et facilement","breadcrumb":{"@id":"https:\/\/tiketi.com\/en-gb\/online-shopping-zambia\/#breadcrumb"},"inLanguage":"fr-FR","potentialAction":[{"@type":"ReadAction","target":["https:\/\/tiketi.com\/en-gb\/online-shopping-zambia\/"]}]},{"@type":"ImageObject","inLanguage":"fr-FR","@id":"https:\/\/tiketi.com\/en-gb\/online-shopping-zambia\/#primaryimage","url":"https:\/\/tiketi.com\/wp-content\/uploads\/2022\/02\/online-shopping-4538982_128.jpg","contentUrl":"https:\/\/tiketi.com\/wp-content\/uploads\/2022\/02\/online-shopping-4538982_128.jpg","width":1200,"height":200,"caption":"Online Shopping Gift Delivery"},{"@type":"BreadcrumbList","@id":"https:\/\/tiketi.com\/en-gb\/online-shopping-zambia\/#breadcrumb","itemListElement":[{"@type":"ListItem","position":1,"name":"Home","item":"https:\/\/tiketi.com\/"},{"@type":"ListItem","position":2,"name":"Online Shopping in Zambia &#8211; Best Online Stores"}]},{"@type":"WebSite","@id":"https:\/\/tiketi.com\/#website","url":"https:\/\/tiketi.com\/","name":"Billets d&#039;avion et de bus, forfaits touristiques et activit\u00e9s - Tiketi.com","description":"Billets d&#039;avion et de bus, Tours, Activit\u00e9s","publisher":{"@id":"https:\/\/tiketi.com\/#organization"},"potentialAction":[{"@type":"SearchAction","target":{"@type":"EntryPoint","urlTemplate":"https:\/\/tiketi.com\/?s={search_term_string}"},"query-input":{"@type":"PropertyValueSpecification","valueRequired":true,"valueName":"search_term_string"}}],"inLanguage":"fr-FR"},{"@type":"Organization","@id":"https:\/\/tiketi.com\/#organization","name":"Tiketi.com","alternateName":"Tiketi","url":"https:\/\/tiketi.com\/","logo":{"@type":"ImageObject","inLanguage":"fr-FR","@id":"https:\/\/tiketi.com\/#\/schema\/logo\/image\/","url":"https:\/\/tiketi.com\/wp-content\/uploads\/2019\/05\/tiketi-logo-696.png","contentUrl":"https:\/\/tiketi.com\/wp-content\/uploads\/2019\/05\/tiketi-logo-696.png","width":696,"height":696,"caption":"Tiketi.com"},"image":{"@id":"https:\/\/tiketi.com\/#\/schema\/logo\/image\/"},"sameAs":["https:\/\/www.facebook.com\/TiketiCom\/"]}]}},"_links":{"self":[{"href":"https:\/\/tiketi.com\/fr-fr\/wp-json\/wp\/v2\/pages\/11041","targetHints":{"allow":["GET"]}}],"collection":[{"href":"https:\/\/tiketi.com\/fr-fr\/wp-json\/wp\/v2\/pages"}],"about":[{"href":"https:\/\/tiketi.com\/fr-fr\/wp-json\/wp\/v2\/types\/page"}],"author":[{"embeddable":true,"href":"https:\/\/tiketi.com\/fr-fr\/wp-json\/wp\/v2\/users\/1"}],"replies":[{"embeddable":true,"href":"https:\/\/tiketi.com\/fr-fr\/wp-json\/wp\/v2\/comments?post=11041"}],"version-history":[{"count":0,"href":"https:\/\/tiketi.com\/fr-fr\/wp-json\/wp\/v2\/pages\/11041\/revisions"}],"wp:featuredmedia":[{"embeddable":true,"href":"https:\/\/tiketi.com\/fr-fr\/wp-json\/wp\/v2\/media\/19411"}],"wp:attachment":[{"href":"https:\/\/tiketi.com\/fr-fr\/wp-json\/wp\/v2\/media?parent=11041"}],"curies":[{"name":"wp","href":"https:\/\/api.w.org\/{rel}","templated":true}]}}