{"id":11042,"date":"2022-01-19T12:54:08","date_gmt":"2022-01-19T11:54:08","guid":{"rendered":"https:\/\/new.tiketi.com\/online-shopping-in-uganda-best-online-stores\/"},"modified":"2022-02-18T16:15:39","modified_gmt":"2022-02-18T15:15:39","slug":"online-shopping-uganda","status":"publish","type":"page","link":"https:\/\/tiketi.com\/fr-fr\/online-shopping-uganda\/","title":{"rendered":"Achats en ligne en Ouganda - Meilleurs magasins en ligne"},"content":{"rendered":"<h2>Achats en ligne bon march\u00e9 en Ouganda<\/h2>\n<h3>T\u00e9l\u00e9chargez la meilleure application d&#039;achat en ligne en Ouganda et faites des achats en ligne bon march\u00e9 en Ouganda simples et faciles et \u00e9conomisez du temps et de l&#039;argent.<\/h3>\n<p>Les achats en ligne en Ouganda simplifi\u00e9s. Avec la croissance du monde num\u00e9rique et l&#039;existence de la meilleure application d&#039;achat en ligne en Ouganda, la plupart d&#039;entre nous sont connus de nos jours avec le mot &quot;achats en ligne en Ouganda&quot;. Internet a chang\u00e9 notre fa\u00e7on de magasiner. De nos jours, Internet est devenu abordable et l&#039;introduction du smartphone a rendu l&#039;utilisation d&#039;Internet tr\u00e8s c\u00e9l\u00e8bre. En raison des grands avantages et avantages, de plus en plus de personnes pr\u00e9f\u00e8rent acheter des choses en ligne par rapport \u00e0 la technique conventionnelle consistant \u00e0 se rendre dans les magasins. Discutons des avantages des achats en ligne en Ouganda.<\/p>\n<h2>Voici quelques-uns des avantages des achats en ligne en Ouganda<\/h2>\n<h3>Meilleure application d&#039;achat en ligne en Ouganda<\/h3>\n<p>L&#039;avantage le plus vital des achats en ligne est la commodit\u00e9. Vous n&#039;avez pas besoin de vous pr\u00e9cipiter au magasin avant sa fermeture car les achats en ligne nous offrent la possibilit\u00e9 de faire des achats 24 heures sur 24, 7 jours sur 7 et cela nous r\u00e9compense \u00e9galement une exp\u00e9rience d&#039;achat \u00absans pollution\u00bb car vous pouvez acheter des choses tout en vous relaxant \u00e0 la maison en rejetant le trafic occup\u00e9, et \u00e9conomiser votre temps pr\u00e9cieux. Vous pouvez faire vos achats dans les nombreuses boutiques en ligne ougandaises sans aucun probl\u00e8me.<\/p>\n<h3>Meilleures options<\/h3>\n<p>Vous obtiendrez une large gamme de marques et de produits de diff\u00e9rents vendeurs ou fabricants sous un m\u00eame toit. D\u00e9sormais, vous n&#039;avez plus besoin de rechercher le magasin qui propose l&#039;article souhait\u00e9. Vous pouvez acheter dans diff\u00e9rentes parties de votre pays et m\u00eame \u00e0 l&#039;\u00e9tranger sans aucune fronti\u00e8re. Il est possible que dans un magasin physique vous n&#039;obteniez pas la meilleure taille ou la meilleure couleur, mais ici vous trouverez tout. Si vous n&#039;\u00eates pas en mesure de trouver sur un march\u00e9 d&#039;achat en ligne en Ouganda, vous avez beaucoup plus de sites d&#039;achat en ligne en Ouganda pour opter en un seul clic. Cela vous offrira certainement une remarquable libert\u00e9 d&#039;options pour vos achats en ligne.<\/p>\n<h3>Permet d&#039;envoyer des cadeaux plus facilement<\/h3>\n<p>Envoyer des cadeaux \u00e0 des amis et \u00e0 des parents est facile de nos jours. Avec le boom du commerce \u00e9lectronique, les distances n&#039;ont plus d&#039;importance et vous pouvez simplement envoyer des cadeaux via la meilleure application d&#039;achat en ligne en Ouganda et vous serez averti lorsqu&#039;ils auront re\u00e7u la m\u00eame chose. Dans la technique conventionnelle, vous devez d&#039;abord sortir pour faire du shopping, puis vous devez trouver un service de messagerie, et surtout vous ne pouvez pas \u00eatre s\u00fbr quand le cadeau parviendra \u00e0 vos proches, parfois une mauvaise manipulation se produira. Ici, tout se passe sans probl\u00e8me, les entreprises en ligne veilleront \u00e0 ce que tout se passe parfaitement pour vous.<\/p>\n<h3>Reciblage des achats en ligne en Ouganda<\/h3>\n<p>Lorsque vous avez essay\u00e9 d&#039;acheter un produit, que vous \u00eates entr\u00e9 sur le site, que vous avez recherch\u00e9 les options, mais que vous n&#039;\u00eates pas d\u00e9tendu et laiss\u00e9 de c\u00f4t\u00e9, les sites d&#039;achat en ligne en Ouganda vous recibleront pour acheter le produit. Ils vous donneront plus de r\u00e9ductions et une livraison plus rapide exclusivement pour que vous puissiez effectuer l&#039;achat. Cela vous aidera en fait \u00e0 obtenir l&#039;article avec une remise unique.<\/p>","protected":false},"excerpt":{"rendered":"<p>Cheap Uganda&nbsp;Online Shopping Download the best online shopping app in Uganda and do cheap online shopping in Uganda simple and easy and save time and money. Online shopping in Uganda made easy. With the growth of the digital world and the existence of best online shopping app in Uganda, these days most of us well-known [&hellip;]<\/p>\n","protected":false},"author":1,"featured_media":19411,"parent":0,"menu_order":0,"comment_status":"open","ping_status":"closed","template":"template-home-modern.php","meta":{"footnotes":""},"class_list":["post-11042","page","type-page","status-publish","has-post-thumbnail","hentry"],"yoast_head":"<!-- This site is optimized with the Yoast SEO plugin v27.3 - https:\/\/yoast.com\/product\/yoast-seo-wordpress\/ -->\n<title>Online Shopping in Uganda - Best Online Stores<\/title>\n<meta name=\"description\" content=\"Looking for online shopping in Uganda? Download the best online shopping app in Uganda and do Uganda online shopping simple and easy and save time and money\" \/>\n<meta name=\"robots\" content=\"index, follow, max-snippet:-1, max-image-preview:large, max-video-preview:-1\" \/>\n<link rel=\"canonical\" href=\"https:\/\/tiketi.com\/fr-fr\/online-shopping-uganda\/\" \/>\n<meta property=\"og:locale\" content=\"fr_FR\" \/>\n<meta property=\"og:type\" content=\"article\" \/>\n<meta property=\"og:title\" content=\"Online Shopping in Uganda - Best Online Stores\" \/>\n<meta property=\"og:description\" content=\"Looking for online shopping in Uganda? Download the best online shopping app in Uganda and do Uganda online shopping simple and easy and save time and money\" \/>\n<meta property=\"og:url\" content=\"https:\/\/tiketi.com\/fr-fr\/online-shopping-uganda\/\" \/>\n<meta property=\"og:site_name\" content=\"Tiketi.com\" \/>\n<meta property=\"article:publisher\" content=\"https:\/\/www.facebook.com\/TiketiCom\/\" \/>\n<meta property=\"article:modified_time\" content=\"2022-02-18T15:15:39+00:00\" \/>\n<meta property=\"og:image\" content=\"https:\/\/tiketi.com\/wp-content\/uploads\/2022\/02\/online-shopping-4538982_128.jpg\" \/>\n\t<meta property=\"og:image:width\" content=\"1200\" \/>\n\t<meta property=\"og:image:height\" content=\"200\" \/>\n\t<meta property=\"og:image:type\" content=\"image\/jpeg\" \/>\n<meta name=\"twitter:card\" content=\"summary_large_image\" \/>\n<meta name=\"twitter:label1\" content=\"Dur\u00e9e de lecture estim\u00e9e\" \/>\n\t<meta name=\"twitter:data1\" content=\"3 minutes\" \/>\n<script type=\"application\/ld+json\" class=\"yoast-schema-graph\">{\"@context\":\"https:\\\/\\\/schema.org\",\"@graph\":[{\"@type\":\"WebPage\",\"@id\":\"https:\\\/\\\/tiketi.com\\\/online-shopping-uganda\\\/\",\"url\":\"https:\\\/\\\/tiketi.com\\\/online-shopping-uganda\\\/\",\"name\":\"Online Shopping in Uganda - Best Online Stores\",\"isPartOf\":{\"@id\":\"https:\\\/\\\/tiketi.com\\\/#website\"},\"primaryImageOfPage\":{\"@id\":\"https:\\\/\\\/tiketi.com\\\/online-shopping-uganda\\\/#primaryimage\"},\"image\":{\"@id\":\"https:\\\/\\\/tiketi.com\\\/online-shopping-uganda\\\/#primaryimage\"},\"thumbnailUrl\":\"https:\\\/\\\/tiketi.com\\\/wp-content\\\/uploads\\\/2022\\\/02\\\/online-shopping-4538982_128.jpg\",\"datePublished\":\"2022-01-19T11:54:08+00:00\",\"dateModified\":\"2022-02-18T15:15:39+00:00\",\"description\":\"Looking for online shopping in Uganda? Download the best online shopping app in Uganda and do Uganda online shopping simple and easy and save time and money\",\"breadcrumb\":{\"@id\":\"https:\\\/\\\/tiketi.com\\\/online-shopping-uganda\\\/#breadcrumb\"},\"inLanguage\":\"fr-FR\",\"potentialAction\":[{\"@type\":\"ReadAction\",\"target\":[\"https:\\\/\\\/tiketi.com\\\/online-shopping-uganda\\\/\"]}]},{\"@type\":\"ImageObject\",\"inLanguage\":\"fr-FR\",\"@id\":\"https:\\\/\\\/tiketi.com\\\/online-shopping-uganda\\\/#primaryimage\",\"url\":\"https:\\\/\\\/tiketi.com\\\/wp-content\\\/uploads\\\/2022\\\/02\\\/online-shopping-4538982_128.jpg\",\"contentUrl\":\"https:\\\/\\\/tiketi.com\\\/wp-content\\\/uploads\\\/2022\\\/02\\\/online-shopping-4538982_128.jpg\",\"width\":1200,\"height\":200,\"caption\":\"Online Shopping Gift Delivery\"},{\"@type\":\"BreadcrumbList\",\"@id\":\"https:\\\/\\\/tiketi.com\\\/online-shopping-uganda\\\/#breadcrumb\",\"itemListElement\":[{\"@type\":\"ListItem\",\"position\":1,\"name\":\"Home\",\"item\":\"https:\\\/\\\/tiketi.com\\\/\"},{\"@type\":\"ListItem\",\"position\":2,\"name\":\"Online Shopping in Uganda &#8211; Best Online Stores\"}]},{\"@type\":\"WebSite\",\"@id\":\"https:\\\/\\\/tiketi.com\\\/#website\",\"url\":\"https:\\\/\\\/tiketi.com\\\/\",\"name\":\"Flight & Bus Tickets, Tour Packages & Activitites - Tiketi.com\",\"description\":\"Flight &amp; Bus Tickets, Tours, Activitites\",\"publisher\":{\"@id\":\"https:\\\/\\\/tiketi.com\\\/#organization\"},\"potentialAction\":[{\"@type\":\"SearchAction\",\"target\":{\"@type\":\"EntryPoint\",\"urlTemplate\":\"https:\\\/\\\/tiketi.com\\\/?s={search_term_string}\"},\"query-input\":{\"@type\":\"PropertyValueSpecification\",\"valueRequired\":true,\"valueName\":\"search_term_string\"}}],\"inLanguage\":\"fr-FR\"},{\"@type\":\"Organization\",\"@id\":\"https:\\\/\\\/tiketi.com\\\/#organization\",\"name\":\"Tiketi.com\",\"alternateName\":\"Tiketi\",\"url\":\"https:\\\/\\\/tiketi.com\\\/\",\"logo\":{\"@type\":\"ImageObject\",\"inLanguage\":\"fr-FR\",\"@id\":\"https:\\\/\\\/tiketi.com\\\/#\\\/schema\\\/logo\\\/image\\\/\",\"url\":\"https:\\\/\\\/tiketi.com\\\/wp-content\\\/uploads\\\/2019\\\/05\\\/tiketi-logo-696.png\",\"contentUrl\":\"https:\\\/\\\/tiketi.com\\\/wp-content\\\/uploads\\\/2019\\\/05\\\/tiketi-logo-696.png\",\"width\":696,\"height\":696,\"caption\":\"Tiketi.com\"},\"image\":{\"@id\":\"https:\\\/\\\/tiketi.com\\\/#\\\/schema\\\/logo\\\/image\\\/\"},\"sameAs\":[\"https:\\\/\\\/www.facebook.com\\\/TiketiCom\\\/\"]}]}<\/script>\n<!-- \/ Yoast SEO plugin. -->","yoast_head_json":{"title":"Achats en ligne en Ouganda - Meilleurs magasins en ligne","description":"Vous recherchez des achats en ligne en Ouganda? T\u00e9l\u00e9chargez la meilleure application d&#039;achat en ligne en Ouganda et faites des achats en ligne en Ouganda simples et faciles et \u00e9conomisez du temps et de l&#039;argent","robots":{"index":"index","follow":"follow","max-snippet":"max-snippet:-1","max-image-preview":"max-image-preview:large","max-video-preview":"max-video-preview:-1"},"canonical":"https:\/\/tiketi.com\/fr-fr\/online-shopping-uganda\/","og_locale":"fr_FR","og_type":"article","og_title":"Online Shopping in Uganda - Best Online Stores","og_description":"Looking for online shopping in Uganda? Download the best online shopping app in Uganda and do Uganda online shopping simple and easy and save time and money","og_url":"https:\/\/tiketi.com\/fr-fr\/online-shopping-uganda\/","og_site_name":"Tiketi.com","article_publisher":"https:\/\/www.facebook.com\/TiketiCom\/","article_modified_time":"2022-02-18T15:15:39+00:00","og_image":[{"width":1200,"height":200,"url":"https:\/\/tiketi.com\/wp-content\/uploads\/2022\/02\/online-shopping-4538982_128.jpg","type":"image\/jpeg"}],"twitter_card":"summary_large_image","twitter_misc":{"Dur\u00e9e de lecture estim\u00e9e":"3 minutes"},"schema":{"@context":"https:\/\/schema.org","@graph":[{"@type":"WebPage","@id":"https:\/\/tiketi.com\/online-shopping-uganda\/","url":"https:\/\/tiketi.com\/online-shopping-uganda\/","name":"Achats en ligne en Ouganda - Meilleurs magasins en ligne","isPartOf":{"@id":"https:\/\/tiketi.com\/#website"},"primaryImageOfPage":{"@id":"https:\/\/tiketi.com\/online-shopping-uganda\/#primaryimage"},"image":{"@id":"https:\/\/tiketi.com\/online-shopping-uganda\/#primaryimage"},"thumbnailUrl":"https:\/\/tiketi.com\/wp-content\/uploads\/2022\/02\/online-shopping-4538982_128.jpg","datePublished":"2022-01-19T11:54:08+00:00","dateModified":"2022-02-18T15:15:39+00:00","description":"Vous recherchez des achats en ligne en Ouganda? T\u00e9l\u00e9chargez la meilleure application d&#039;achat en ligne en Ouganda et faites des achats en ligne en Ouganda simples et faciles et \u00e9conomisez du temps et de l&#039;argent","breadcrumb":{"@id":"https:\/\/tiketi.com\/online-shopping-uganda\/#breadcrumb"},"inLanguage":"fr-FR","potentialAction":[{"@type":"ReadAction","target":["https:\/\/tiketi.com\/online-shopping-uganda\/"]}]},{"@type":"ImageObject","inLanguage":"fr-FR","@id":"https:\/\/tiketi.com\/online-shopping-uganda\/#primaryimage","url":"https:\/\/tiketi.com\/wp-content\/uploads\/2022\/02\/online-shopping-4538982_128.jpg","contentUrl":"https:\/\/tiketi.com\/wp-content\/uploads\/2022\/02\/online-shopping-4538982_128.jpg","width":1200,"height":200,"caption":"Online Shopping Gift Delivery"},{"@type":"BreadcrumbList","@id":"https:\/\/tiketi.com\/online-shopping-uganda\/#breadcrumb","itemListElement":[{"@type":"ListItem","position":1,"name":"Home","item":"https:\/\/tiketi.com\/"},{"@type":"ListItem","position":2,"name":"Online Shopping in Uganda &#8211; Best Online Stores"}]},{"@type":"WebSite","@id":"https:\/\/tiketi.com\/#website","url":"https:\/\/tiketi.com\/","name":"Billets d&#039;avion et de bus, forfaits touristiques et activit\u00e9s - Tiketi.com","description":"Billets d&#039;avion et de bus, Tours, Activit\u00e9s","publisher":{"@id":"https:\/\/tiketi.com\/#organization"},"potentialAction":[{"@type":"SearchAction","target":{"@type":"EntryPoint","urlTemplate":"https:\/\/tiketi.com\/?s={search_term_string}"},"query-input":{"@type":"PropertyValueSpecification","valueRequired":true,"valueName":"search_term_string"}}],"inLanguage":"fr-FR"},{"@type":"Organization","@id":"https:\/\/tiketi.com\/#organization","name":"Tiketi.com","alternateName":"Tiketi","url":"https:\/\/tiketi.com\/","logo":{"@type":"ImageObject","inLanguage":"fr-FR","@id":"https:\/\/tiketi.com\/#\/schema\/logo\/image\/","url":"https:\/\/tiketi.com\/wp-content\/uploads\/2019\/05\/tiketi-logo-696.png","contentUrl":"https:\/\/tiketi.com\/wp-content\/uploads\/2019\/05\/tiketi-logo-696.png","width":696,"height":696,"caption":"Tiketi.com"},"image":{"@id":"https:\/\/tiketi.com\/#\/schema\/logo\/image\/"},"sameAs":["https:\/\/www.facebook.com\/TiketiCom\/"]}]}},"_links":{"self":[{"href":"https:\/\/tiketi.com\/fr-fr\/wp-json\/wp\/v2\/pages\/11042","targetHints":{"allow":["GET"]}}],"collection":[{"href":"https:\/\/tiketi.com\/fr-fr\/wp-json\/wp\/v2\/pages"}],"about":[{"href":"https:\/\/tiketi.com\/fr-fr\/wp-json\/wp\/v2\/types\/page"}],"author":[{"embeddable":true,"href":"https:\/\/tiketi.com\/fr-fr\/wp-json\/wp\/v2\/users\/1"}],"replies":[{"embeddable":true,"href":"https:\/\/tiketi.com\/fr-fr\/wp-json\/wp\/v2\/comments?post=11042"}],"version-history":[{"count":0,"href":"https:\/\/tiketi.com\/fr-fr\/wp-json\/wp\/v2\/pages\/11042\/revisions"}],"wp:featuredmedia":[{"embeddable":true,"href":"https:\/\/tiketi.com\/fr-fr\/wp-json\/wp\/v2\/media\/19411"}],"wp:attachment":[{"href":"https:\/\/tiketi.com\/fr-fr\/wp-json\/wp\/v2\/media?parent=11042"}],"curies":[{"name":"wp","href":"https:\/\/api.w.org\/{rel}","templated":true}]}}