{"id":11043,"date":"2022-01-19T12:54:08","date_gmt":"2022-01-19T11:54:08","guid":{"rendered":"https:\/\/new.tiketi.com\/online-shopping-nigeria-best-online-stores\/"},"modified":"2022-02-18T16:27:27","modified_gmt":"2022-02-18T15:27:27","slug":"online-shopping-nigeria","status":"publish","type":"page","link":"https:\/\/tiketi.com\/fr-fr\/online-shopping-nigeria\/","title":{"rendered":"Achats en ligne au Nigeria \u2013 Meilleurs magasins en ligne"},"content":{"rendered":"<h2>Achats en ligne bon march\u00e9 au Nigeria<\/h2>\n<h3>T\u00e9l\u00e9chargez la meilleure application d&#039;achat en ligne au Nigeria et faites des achats en ligne bon march\u00e9, simples et faciles, tout en \u00e9conomisant du temps et de l&#039;argent.<\/h3>\n<p>Les achats en ligne au Nigeria sont un type de commerce \u00e9lectronique tr\u00e8s c\u00e9l\u00e8bre o\u00f9 un client peut faire ses achats sur le site Web en ligne et la meilleure application d&#039;achat en ligne au monde au Nigeria et se faire livrer ses marchandises. Il existe de nombreux sites de confiance pour les achats en ligne au Nigeria, vendant des millions de produits chaque jour. De nos jours, de nombreuses personnes privil\u00e9gient les achats en ligne au Nigeria en raison de ses nombreux avantages.<\/p>\n<h2>Voici quelques-uns des meilleurs avantages des achats en ligne au Nigeria\u00a0:<\/h2>\n<h3>Les achats en ligne au Nigeria vous aident \u00e0 trouver plus rapidement des produits<\/h3>\n<p>Trouver un produit en ligne est beaucoup plus facile que de le chercher dans un magasin local. Dans un magasin, vous devez rechercher le produit que vous souhaitez, s&#039;il n&#039;est pas l\u00e0, vous devrez peut-\u00eatre visiter de nombreux endroits, ce qui est une perte de temps et une frustration. Quoi qu&#039;il en soit, lorsque vous acc\u00e9dez \u00e0 la boutique en ligne du Nigeria, vous pouvez simplement rechercher n&#039;importe quel article en utilisant la fonction de recherche du site et faire correspondre la transaction en un seul clic.<\/p>\n<h3>Simple \u00e0 assortir et \u00e0 trouver des produits moins chers<\/h3>\n<p>Les produits sont g\u00e9n\u00e9ralement abordables dans les achats en ligne et en magasin. La meilleure application d&#039;achat en ligne dans les magasins du Nigeria n&#039;a pas les frais g\u00e9n\u00e9raux li\u00e9s \u00e0 la location de leur logement et au paiement des caissiers, de la climatisation, de l&#039;\u00e9lectricit\u00e9, etc. De plus, parfois, un produit peut \u00eatre beaucoup plus abordable dans un autre pays que dans votre pays. Dans ce cas, il serait parfait de faire des achats en ligne au Nigeria pour \u00e9conomiser plus d&#039;argent. Il est \u00e9galement plus facile de faire correspondre un produit avec diff\u00e9rents fournisseurs Internet et de conclure la meilleure offre.<\/p>\n<h3>La meilleure application d&#039;achat en ligne au Nigeria permet d&#039;\u00e9conomiser de l&#039;\u00e9nergie et du temps<\/h3>\n<p>Vous n&#039;avez pas \u00e0 perdre votre temps \u00e0 aller dans les magasins, \u00e0 faire la queue et \u00e0 affronter la foule. Le processus complet de magasinage dans un magasin local devient encore plus chronophage si vous ne disposez pas de votre propre v\u00e9hicule. Vous pouvez r\u00e9soudre tous ces probl\u00e8mes gr\u00e2ce aux sites d&#039;achats en ligne au Nigeria.<\/p>\n<h3>Les achats en ligne au Nigeria permettent de v\u00e9rifier les commentaires et d&#039;\u00e9valuer le vendeur<\/h3>\n<p>De nos jours, les achats en ligne au Nigeria sont extr\u00eamement fiables. Les vendeurs sont tenus responsables des avis et des commentaires des utilisateurs. Vous pouvez lire les commentaires des autres acheteurs et d\u00e9cider de faire ou non confiance au vendeur. Si vous n&#039;\u00eates pas d\u00e9tendu avec un vendeur, vous pouvez lui envoyer un mauvais retour. Habituellement, les bons commentaires sont tr\u00e8s importants pour le vendeur, c&#039;est pourquoi il fait toujours de son mieux pour d\u00e9tendre le client. Si vous n&#039;\u00eates pas satisfait d&#039;un de leurs produits, vous pouvez simplement leur envoyer un message et ils trouveront une solution judicieuse.<\/p>","protected":false},"excerpt":{"rendered":"<p>Cheap Nigeria\u00a0Online Shopping Download the best online shopping app in Nigeria and do cheap online shopping simple and easy and save time and money. Online shopping in Nigeria is a very famous type of e-business where one customer can shop over the online website and the best online shopping app in Nigeria\u00a0world and have their [&hellip;]<\/p>\n","protected":false},"author":1,"featured_media":19411,"parent":0,"menu_order":0,"comment_status":"open","ping_status":"closed","template":"template-home-modern.php","meta":{"footnotes":""},"class_list":["post-11043","page","type-page","status-publish","has-post-thumbnail","hentry"],"yoast_head":"<!-- This site is optimized with the Yoast SEO plugin v27.2 - https:\/\/yoast.com\/product\/yoast-seo-wordpress\/ -->\n<title>Online shopping Nigeria - Best Online Stores<\/title>\n<meta name=\"description\" content=\"Looking for online shopping in Nigeria? Download the best online shopping app in Nigeria and do Nigeria online shopping simple and easy and save time and money\" \/>\n<meta name=\"robots\" content=\"index, follow, max-snippet:-1, max-image-preview:large, max-video-preview:-1\" \/>\n<link rel=\"canonical\" href=\"https:\/\/tiketi.com\/fr-fr\/online-shopping-nigeria\/\" \/>\n<meta property=\"og:locale\" content=\"fr_FR\" \/>\n<meta property=\"og:type\" content=\"article\" \/>\n<meta property=\"og:title\" content=\"Online shopping Nigeria - Best Online Stores\" \/>\n<meta property=\"og:description\" content=\"Looking for online shopping in Nigeria? Download the best online shopping app in Nigeria and do Nigeria online shopping simple and easy and save time and money\" \/>\n<meta property=\"og:url\" content=\"https:\/\/tiketi.com\/fr-fr\/online-shopping-nigeria\/\" \/>\n<meta property=\"og:site_name\" content=\"Tiketi.com\" \/>\n<meta property=\"article:publisher\" content=\"https:\/\/www.facebook.com\/TiketiCom\/\" \/>\n<meta property=\"article:modified_time\" content=\"2022-02-18T15:27:27+00:00\" \/>\n<meta property=\"og:image\" content=\"https:\/\/tiketi.com\/wp-content\/uploads\/2022\/02\/online-shopping-4538982_128.jpg\" \/>\n\t<meta property=\"og:image:width\" content=\"1200\" \/>\n\t<meta property=\"og:image:height\" content=\"200\" \/>\n\t<meta property=\"og:image:type\" content=\"image\/jpeg\" \/>\n<meta name=\"twitter:card\" content=\"summary_large_image\" \/>\n<meta name=\"twitter:label1\" content=\"Dur\u00e9e de lecture estim\u00e9e\" \/>\n\t<meta name=\"twitter:data1\" content=\"2 minutes\" \/>\n<script type=\"application\/ld+json\" class=\"yoast-schema-graph\">{\"@context\":\"https:\/\/schema.org\",\"@graph\":[{\"@type\":\"WebPage\",\"@id\":\"https:\/\/tiketi.com\/fr-fr\/online-shopping-nigeria\/\",\"url\":\"https:\/\/tiketi.com\/fr-fr\/online-shopping-nigeria\/\",\"name\":\"Online shopping Nigeria - Best Online Stores\",\"isPartOf\":{\"@id\":\"https:\/\/tiketi.com\/#website\"},\"primaryImageOfPage\":{\"@id\":\"https:\/\/tiketi.com\/fr-fr\/online-shopping-nigeria\/#primaryimage\"},\"image\":{\"@id\":\"https:\/\/tiketi.com\/fr-fr\/online-shopping-nigeria\/#primaryimage\"},\"thumbnailUrl\":\"https:\/\/tiketi.com\/wp-content\/uploads\/2022\/02\/online-shopping-4538982_128.jpg\",\"datePublished\":\"2022-01-19T11:54:08+00:00\",\"dateModified\":\"2022-02-18T15:27:27+00:00\",\"description\":\"Looking for online shopping in Nigeria? Download the best online shopping app in Nigeria and do Nigeria online shopping simple and easy and save time and money\",\"breadcrumb\":{\"@id\":\"https:\/\/tiketi.com\/fr-fr\/online-shopping-nigeria\/#breadcrumb\"},\"inLanguage\":\"fr-FR\",\"potentialAction\":[{\"@type\":\"ReadAction\",\"target\":[\"https:\/\/tiketi.com\/fr-fr\/online-shopping-nigeria\/\"]}]},{\"@type\":\"ImageObject\",\"inLanguage\":\"fr-FR\",\"@id\":\"https:\/\/tiketi.com\/fr-fr\/online-shopping-nigeria\/#primaryimage\",\"url\":\"https:\/\/tiketi.com\/wp-content\/uploads\/2022\/02\/online-shopping-4538982_128.jpg\",\"contentUrl\":\"https:\/\/tiketi.com\/wp-content\/uploads\/2022\/02\/online-shopping-4538982_128.jpg\",\"width\":1200,\"height\":200,\"caption\":\"Online Shopping Gift Delivery\"},{\"@type\":\"BreadcrumbList\",\"@id\":\"https:\/\/tiketi.com\/fr-fr\/online-shopping-nigeria\/#breadcrumb\",\"itemListElement\":[{\"@type\":\"ListItem\",\"position\":1,\"name\":\"Home\",\"item\":\"https:\/\/tiketi.com\/\"},{\"@type\":\"ListItem\",\"position\":2,\"name\":\"Online shopping in Nigeria &#8211; Best Online Stores\"}]},{\"@type\":\"WebSite\",\"@id\":\"https:\/\/tiketi.com\/#website\",\"url\":\"https:\/\/tiketi.com\/\",\"name\":\"Flight & Bus Tickets, Tour Packages & Activitites - Tiketi.com\",\"description\":\"Flight &amp; Bus Tickets, Tours, Activitites\",\"publisher\":{\"@id\":\"https:\/\/tiketi.com\/#organization\"},\"potentialAction\":[{\"@type\":\"SearchAction\",\"target\":{\"@type\":\"EntryPoint\",\"urlTemplate\":\"https:\/\/tiketi.com\/?s={search_term_string}\"},\"query-input\":{\"@type\":\"PropertyValueSpecification\",\"valueRequired\":true,\"valueName\":\"search_term_string\"}}],\"inLanguage\":\"fr-FR\"},{\"@type\":\"Organization\",\"@id\":\"https:\/\/tiketi.com\/#organization\",\"name\":\"Tiketi.com\",\"alternateName\":\"Tiketi\",\"url\":\"https:\/\/tiketi.com\/\",\"logo\":{\"@type\":\"ImageObject\",\"inLanguage\":\"fr-FR\",\"@id\":\"https:\/\/tiketi.com\/#\/schema\/logo\/image\/\",\"url\":\"https:\/\/tiketi.com\/wp-content\/uploads\/2019\/05\/tiketi-logo-696.png\",\"contentUrl\":\"https:\/\/tiketi.com\/wp-content\/uploads\/2019\/05\/tiketi-logo-696.png\",\"width\":696,\"height\":696,\"caption\":\"Tiketi.com\"},\"image\":{\"@id\":\"https:\/\/tiketi.com\/#\/schema\/logo\/image\/\"},\"sameAs\":[\"https:\/\/www.facebook.com\/TiketiCom\/\"]}]}<\/script>\n<!-- \/ Yoast SEO plugin. -->","yoast_head_json":{"title":"Achats en ligne Nig\u00e9ria - Meilleurs magasins en ligne","description":"Vous recherchez des achats en ligne au Nigeria ? T\u00e9l\u00e9chargez la meilleure application d&#039;achat en ligne au Nigeria et faites des achats en ligne au Nigeria de mani\u00e8re simple et facile et gagnez du temps et de l&#039;argent.","robots":{"index":"index","follow":"follow","max-snippet":"max-snippet:-1","max-image-preview":"max-image-preview:large","max-video-preview":"max-video-preview:-1"},"canonical":"https:\/\/tiketi.com\/fr-fr\/online-shopping-nigeria\/","og_locale":"fr_FR","og_type":"article","og_title":"Online shopping Nigeria - Best Online Stores","og_description":"Looking for online shopping in Nigeria? Download the best online shopping app in Nigeria and do Nigeria online shopping simple and easy and save time and money","og_url":"https:\/\/tiketi.com\/fr-fr\/online-shopping-nigeria\/","og_site_name":"Tiketi.com","article_publisher":"https:\/\/www.facebook.com\/TiketiCom\/","article_modified_time":"2022-02-18T15:27:27+00:00","og_image":[{"width":1200,"height":200,"url":"https:\/\/tiketi.com\/wp-content\/uploads\/2022\/02\/online-shopping-4538982_128.jpg","type":"image\/jpeg"}],"twitter_card":"summary_large_image","twitter_misc":{"Dur\u00e9e de lecture estim\u00e9e":"2 minutes"},"schema":{"@context":"https:\/\/schema.org","@graph":[{"@type":"WebPage","@id":"https:\/\/tiketi.com\/fr-fr\/online-shopping-nigeria\/","url":"https:\/\/tiketi.com\/fr-fr\/online-shopping-nigeria\/","name":"Achats en ligne Nig\u00e9ria - Meilleurs magasins en ligne","isPartOf":{"@id":"https:\/\/tiketi.com\/#website"},"primaryImageOfPage":{"@id":"https:\/\/tiketi.com\/fr-fr\/online-shopping-nigeria\/#primaryimage"},"image":{"@id":"https:\/\/tiketi.com\/fr-fr\/online-shopping-nigeria\/#primaryimage"},"thumbnailUrl":"https:\/\/tiketi.com\/wp-content\/uploads\/2022\/02\/online-shopping-4538982_128.jpg","datePublished":"2022-01-19T11:54:08+00:00","dateModified":"2022-02-18T15:27:27+00:00","description":"Vous recherchez des achats en ligne au Nigeria ? T\u00e9l\u00e9chargez la meilleure application d&#039;achat en ligne au Nigeria et faites des achats en ligne au Nigeria de mani\u00e8re simple et facile et gagnez du temps et de l&#039;argent.","breadcrumb":{"@id":"https:\/\/tiketi.com\/fr-fr\/online-shopping-nigeria\/#breadcrumb"},"inLanguage":"fr-FR","potentialAction":[{"@type":"ReadAction","target":["https:\/\/tiketi.com\/fr-fr\/online-shopping-nigeria\/"]}]},{"@type":"ImageObject","inLanguage":"fr-FR","@id":"https:\/\/tiketi.com\/fr-fr\/online-shopping-nigeria\/#primaryimage","url":"https:\/\/tiketi.com\/wp-content\/uploads\/2022\/02\/online-shopping-4538982_128.jpg","contentUrl":"https:\/\/tiketi.com\/wp-content\/uploads\/2022\/02\/online-shopping-4538982_128.jpg","width":1200,"height":200,"caption":"Online Shopping Gift Delivery"},{"@type":"BreadcrumbList","@id":"https:\/\/tiketi.com\/fr-fr\/online-shopping-nigeria\/#breadcrumb","itemListElement":[{"@type":"ListItem","position":1,"name":"Home","item":"https:\/\/tiketi.com\/"},{"@type":"ListItem","position":2,"name":"Online shopping in Nigeria &#8211; Best Online Stores"}]},{"@type":"WebSite","@id":"https:\/\/tiketi.com\/#website","url":"https:\/\/tiketi.com\/","name":"Billets d&#039;avion et de bus, forfaits touristiques et activit\u00e9s - Tiketi.com","description":"Billets d&#039;avion et de bus, Tours, Activit\u00e9s","publisher":{"@id":"https:\/\/tiketi.com\/#organization"},"potentialAction":[{"@type":"SearchAction","target":{"@type":"EntryPoint","urlTemplate":"https:\/\/tiketi.com\/?s={search_term_string}"},"query-input":{"@type":"PropertyValueSpecification","valueRequired":true,"valueName":"search_term_string"}}],"inLanguage":"fr-FR"},{"@type":"Organization","@id":"https:\/\/tiketi.com\/#organization","name":"Tiketi.com","alternateName":"Tiketi","url":"https:\/\/tiketi.com\/","logo":{"@type":"ImageObject","inLanguage":"fr-FR","@id":"https:\/\/tiketi.com\/#\/schema\/logo\/image\/","url":"https:\/\/tiketi.com\/wp-content\/uploads\/2019\/05\/tiketi-logo-696.png","contentUrl":"https:\/\/tiketi.com\/wp-content\/uploads\/2019\/05\/tiketi-logo-696.png","width":696,"height":696,"caption":"Tiketi.com"},"image":{"@id":"https:\/\/tiketi.com\/#\/schema\/logo\/image\/"},"sameAs":["https:\/\/www.facebook.com\/TiketiCom\/"]}]}},"_links":{"self":[{"href":"https:\/\/tiketi.com\/fr-fr\/wp-json\/wp\/v2\/pages\/11043","targetHints":{"allow":["GET"]}}],"collection":[{"href":"https:\/\/tiketi.com\/fr-fr\/wp-json\/wp\/v2\/pages"}],"about":[{"href":"https:\/\/tiketi.com\/fr-fr\/wp-json\/wp\/v2\/types\/page"}],"author":[{"embeddable":true,"href":"https:\/\/tiketi.com\/fr-fr\/wp-json\/wp\/v2\/users\/1"}],"replies":[{"embeddable":true,"href":"https:\/\/tiketi.com\/fr-fr\/wp-json\/wp\/v2\/comments?post=11043"}],"version-history":[{"count":0,"href":"https:\/\/tiketi.com\/fr-fr\/wp-json\/wp\/v2\/pages\/11043\/revisions"}],"wp:featuredmedia":[{"embeddable":true,"href":"https:\/\/tiketi.com\/fr-fr\/wp-json\/wp\/v2\/media\/19411"}],"wp:attachment":[{"href":"https:\/\/tiketi.com\/fr-fr\/wp-json\/wp\/v2\/media?parent=11043"}],"curies":[{"name":"wp","href":"https:\/\/api.w.org\/{rel}","templated":true}]}}